{"id":9315,"date":"2025-12-21T09:12:50","date_gmt":"2025-12-21T09:12:50","guid":{"rendered":"https:\/\/rentaccounts.net\/?post_type=product&#038;p=9315"},"modified":"2026-02-01T17:30:32","modified_gmt":"2026-02-01T17:30:32","slug":"google-reklamlari-kumar-hesaplari-satin-alin","status":"publish","type":"product","link":"https:\/\/buyadsaccounts.net\/tr\/gads\/google-reklamlari-kumar-hesaplari-satin-alin\/","title":{"rendered":"Google Ads Kumar Hesaplar\u0131 Sat\u0131n Al\u0131n"},"content":{"rendered":"<h2 data-start=\"221\" data-end=\"303\">Reklamverenler Neden Casino ve Spor Bahisleri i\u00e7in \u00d6zel Google Ads Hesaplar\u0131 Kullan\u0131yor?<\/h2>\n<p data-start=\"305\" data-end=\"689\">Google Ads, Arama A\u011f\u0131, YouTube ve G\u00f6r\u00fcnt\u00fcl\u00fc Reklam A\u011f\u0131 arac\u0131l\u0131\u011f\u0131yla y\u00fcksek hedef kitlelere ula\u015fmak i\u00e7in en g\u00fc\u00e7l\u00fc platformlardan biri olmaya devam ediyor. Ancak, a\u015fa\u011f\u0131daki gibi sekt\u00f6rlerde reklamc\u0131l\u0131k <strong data-start=\"479\" data-end=\"496\">online casino<\/strong>, <strong data-start=\"498\" data-end=\"516\">spor bahisleri<\/strong>, ve d\u00fczenlenmi\u015f oyunlar kat\u0131 gerekliliklerle birlikte gelir. Bir\u00e7ok reklamveren, bir kampanya ba\u015flatamadan \u00f6nce gecikmelerle, tekrarlanan onaylamamalarla veya karma\u015f\u0131k onay yollar\u0131yla kar\u015f\u0131la\u015f\u0131yor.<\/p>\n<p data-start=\"691\" data-end=\"961\">Bu nedenle, deneyimli pazarlamac\u0131lar genellikle <strong data-start=\"743\" data-end=\"781\">\u00f6nceden yap\u0131land\u0131r\u0131lm\u0131\u015f Google Ads hesaplar\u0131<\/strong> zaten d\u00fczenlenmi\u015f reklamc\u0131l\u0131k i\u00e7in yap\u0131land\u0131r\u0131lm\u0131\u015f. Bu hesaplar, kumarhane ve spor bahisleri markalar\u0131n\u0131n idari engeller yerine performansa ve \u00f6l\u00e7eklendirmeye odaklanmas\u0131na olanak tan\u0131r.<\/p>\n<p data-start=\"963\" data-end=\"1107\">Hesaplar\u0131m\u0131z, Google'\u0131n reklamc\u0131l\u0131k politikalar\u0131yla uyumlu i\u015fletme yap\u0131lar\u0131 alt\u0131nda kurulur ve an\u0131nda kampanya kurulumuna haz\u0131rd\u0131r.<\/p>\n<h3 data-start=\"1114\" data-end=\"1150\">Al\u0131c\u0131lar neden bu hesaplar\u0131 se\u00e7iyor?<\/h3>\n<ul data-start=\"1152\" data-end=\"1757\">\n<li data-start=\"1152\" data-end=\"1290\">\n<p data-start=\"1154\" data-end=\"1290\"><strong data-start=\"1154\" data-end=\"1177\">Pazara daha h\u0131zl\u0131 giri\u015f<\/strong><br data-start=\"1177\" data-end=\"1180\" \/>Uzun onay d\u00f6ng\u00fclerinden ka\u00e7\u0131n\u0131n ve gereksiz yere beklemeden casino ve spor bahisleri tekliflerini tan\u0131tmaya ba\u015flay\u0131n.<\/p>\n<\/li>\n<li data-start=\"1292\" data-end=\"1445\">\n<p data-start=\"1294\" data-end=\"1445\"><strong data-start=\"1294\" data-end=\"1334\">K\u0131s\u0131tl\u0131 dikeyler i\u00e7in uygunluk<\/strong><br data-start=\"1334\" data-end=\"1337\" \/>\u00c7evrimi\u00e7i kumarhane platformlar\u0131 ve spor bahis hizmetleri dahil olmak \u00fczere d\u00fczenlemeye tabi sekt\u00f6rlerde kullan\u0131lmak \u00fczere tasarlanm\u0131\u015ft\u0131r.<\/p>\n<\/li>\n<li data-start=\"1447\" data-end=\"1587\">\n<p data-start=\"1449\" data-end=\"1587\"><strong data-start=\"1449\" data-end=\"1481\">Daha g\u00fc\u00e7l\u00fc hesap g\u00fcvenilirli\u011fi<\/strong><br data-start=\"1481\" data-end=\"1484\" \/>Otomatik veya manuel kontroller s\u0131ras\u0131nda s\u00fcrt\u00fcnmeyi azaltmaya yard\u0131mc\u0131 olan, uygun \u015fekilde kurulmu\u015f varl\u0131klar alt\u0131nda olu\u015fturulmu\u015ftur.<\/p>\n<\/li>\n<li data-start=\"1589\" data-end=\"1757\">\n<p data-start=\"1591\" data-end=\"1757\"><strong data-start=\"1591\" data-end=\"1617\">Basit finansman s\u00fcreci<\/strong><br data-start=\"1617\" data-end=\"1620\" \/>Her hesap, net bir 5% hizmet \u00fccreti ile do\u011frudan platformumuz \u00fczerinden b\u00fct\u00e7e eklemenize olanak tan\u0131yan ekli bir faturaland\u0131rma y\u00f6ntemi i\u00e7erir.<\/p>\n<\/li>\n<\/ul>\n<h2 data-start=\"1764\" data-end=\"1843\">Casino veya Spor Bahisleri i\u00e7in Google Ads Hesab\u0131 Sat\u0131n Almadan \u00d6nce Dikkat Edilmesi Gerekenler<\/h2>\n<p data-start=\"1845\" data-end=\"1978\">Kumarhane ve spor bahisleri ni\u015flerinde reklam vermek dikkatli bir haz\u0131rl\u0131k gerektirir. Kampanyalar\u0131 ba\u015flatmadan \u00f6nce bu fakt\u00f6rler kritik \u00f6nem ta\u015f\u0131r:<\/p>\n<h3 data-start=\"1980\" data-end=\"2016\">Hesap Yap\u0131s\u0131 ve Uyumluluk<\/h3>\n<p data-start=\"2017\" data-end=\"2140\">Hesap, d\u00fczenlenmi\u015f reklam kategorilerini desteklemek ve b\u00f6lgesel reklamc\u0131l\u0131k kurallar\u0131na uymak i\u00e7in do\u011fru \u015fekilde ayarlanmal\u0131d\u0131r.<\/p>\n<h3 data-start=\"2142\" data-end=\"2161\">Temiz Tarih<\/h3>\n<p data-start=\"2162\" data-end=\"2273\">Politika sorunlar\u0131, uyar\u0131lar veya ask\u0131ya almalar olmayan hesaplar daha iyi istikrar ve daha sorunsuz kampanya lansmanlar\u0131 sunar.<\/p>\n<h3 data-start=\"2275\" data-end=\"2311\">Faturalama ve Finansman \u015eeffafl\u0131\u011f\u0131<\/h3>\n<p data-start=\"2312\" data-end=\"2418\">Limitler ve \u00fccretler dahil olmak \u00fczere finansman\u0131n nas\u0131l i\u015fledi\u011fini anlay\u0131n, b\u00f6ylece ilk g\u00fcnden itibaren harcamalar\u0131 g\u00fcvenle y\u00f6netebilirsiniz.<\/p>\n<h3 data-start=\"2420\" data-end=\"2447\">Tam Eri\u015fim ve Kontrol<\/h3>\n<p data-start=\"2448\" data-end=\"2586\">Hesab\u0131n g\u00fcvenli\u011fini sa\u011flama, faturaland\u0131rmay\u0131 y\u00f6netme ve ba\u011f\u0131ms\u0131z olarak \u00e7al\u0131\u015fma becerisi de dahil olmak \u00fczere tam idari eri\u015fim almal\u0131s\u0131n\u0131z.<\/p>\n<h3 data-start=\"2588\" data-end=\"2612\">Sat\u0131c\u0131 G\u00fcvenilirli\u011fi<\/h3>\n<p data-start=\"2613\" data-end=\"2775\">Casino ve spor bahisleri reklamlar\u0131 pek \u00e7ok g\u00fcvenilmez sat\u0131c\u0131n\u0131n ilgisini \u00e7ekmektedir. Ger\u00e7ek\u00e7i olmayan vaatlerden ka\u00e7\u0131n\u0131n ve uyumluluk ve \u015feffafl\u0131\u011fa odaklanan sa\u011flay\u0131c\u0131lar\u0131 se\u00e7in.<\/p>\n<h2 data-start=\"2782\" data-end=\"2824\">Teslimat Sonras\u0131: \u00d6nerilen Kurulum Ad\u0131mlar\u0131<\/h2>\n<p data-start=\"2826\" data-end=\"2918\">Hesab\u0131n\u0131z teslim edildikten sonra, g\u00fcvenlik ve performans\u0131 sa\u011flamak i\u00e7in a\u015fa\u011f\u0131daki ad\u0131mlar\u0131 uygulay\u0131n:<\/p>\n<h3 data-start=\"2920\" data-end=\"2945\">1. G\u00fcvenli M\u00fclkiyet<\/h3>\n<p data-start=\"2946\" data-end=\"3022\">Oturum a\u00e7ma kimlik bilgilerini, kurtarma e-postas\u0131n\u0131 ve g\u00fcvenlik ayarlar\u0131n\u0131 hemen de\u011fi\u015ftirin.<\/p>\n<h3 data-start=\"3024\" data-end=\"3048\">2. Ayarlar\u0131 G\u00f6zden Ge\u00e7ir<\/h3>\n<p data-start=\"3049\" data-end=\"3191\">Casino veya spor bahisleri stratejinizle uyumlulu\u011fu sa\u011flamak i\u00e7in faturaland\u0131rma profillerini, co\u011frafi hedeflemeyi, izin verilen b\u00f6lgeleri ve kampanya varsay\u0131lanlar\u0131n\u0131 kontrol edin.<\/p>\n<h3 data-start=\"3193\" data-end=\"3212\">3. B\u00fct\u00e7e Ekle<\/h3>\n<p data-start=\"3213\" data-end=\"3285\">Kontrol panelimiz arac\u0131l\u0131\u011f\u0131yla hesab\u0131 finanse edin ve lansman i\u00e7in kampanyalar haz\u0131rlay\u0131n.<\/p>\n<h3 data-start=\"3287\" data-end=\"3312\">4. Ba\u015flat ve \u0130zle<\/h3>\n<p data-start=\"3313\" data-end=\"3360\" data-is-last-node=\"\" data-is-only-node=\"\">Uyumlu reklam metniyle ba\u015flay\u0131n, abart\u0131dan ka\u00e7\u0131n\u0131n<\/p>","protected":false},"excerpt":{"rendered":"<p>Sertifikal\u0131 Google Ads kumar hesaplar\u0131m\u0131z\u0131 kullanarak Google Arama ve G\u00f6r\u00fcnt\u00fcl\u00fc Reklam (Google.com, YouTube) \u00fczerinden kumar, kumarhane reklam kampanyalar\u0131n\u0131z\u0131 y\u00fcr\u00fct\u00fcn.<\/p>","protected":false},"featured_media":9316,"template":"","meta":{"_acf_changed":false,"_glsr_average":5,"_glsr_ranking":4.4230769230769,"_glsr_reviews":16},"product_brand":[],"product_cat":[323],"product_tag":[],"class_list":{"0":"post-9315","1":"product","2":"type-product","3":"status-publish","4":"has-post-thumbnail","6":"product_cat-google-ads-gambling","7":"wcpa_has_options","9":"first","10":"instock","11":"purchasable","12":"product-type-simple"},"acf":[],"yoast_head":"<!-- This site is optimized with the Yoast SEO Premium plugin v26.7 (Yoast SEO v27.4) - https:\/\/yoast.com\/product\/yoast-seo-premium-wordpress\/ -->\n<title>Buy Google Ads Gambling Casino Accounts Ready for Ads<\/title>\n<meta name=\"description\" content=\"Get Google Ads approved gambling casino accounts validated by licensed companies. Fully compliant, high-trust accounts ideal for scaling crypto ads safely.\" \/>\n<meta name=\"robots\" content=\"index, follow, max-snippet:-1, max-image-preview:large, max-video-preview:-1\" \/>\n<link rel=\"canonical\" href=\"https:\/\/buyadsaccounts.net\/tr\/gads\/google-reklamlari-kumar-hesaplari-satin-alin\/\" \/>\n<meta property=\"og:locale\" content=\"tr_TR\" \/>\n<meta property=\"og:type\" content=\"article\" \/>\n<meta property=\"og:title\" content=\"Buy Google Ads Gambling Accounts\" \/>\n<meta property=\"og:description\" content=\"Get Google Ads approved gambling casino accounts validated by licensed companies. Fully compliant, high-trust accounts ideal for scaling crypto ads safely.\" \/>\n<meta property=\"og:url\" content=\"https:\/\/buyadsaccounts.net\/tr\/gads\/google-reklamlari-kumar-hesaplari-satin-alin\/\" \/>\n<meta property=\"og:site_name\" content=\"BuyAdsAccounts\" \/>\n<meta property=\"article:modified_time\" content=\"2026-02-01T17:30:32+00:00\" \/>\n<meta property=\"og:image\" content=\"https:\/\/buyadsaccounts.net\/wp-content\/uploads\/2025\/12\/google-ads-gambling-account.png\" \/>\n\t<meta property=\"og:image:width\" content=\"88\" \/>\n\t<meta property=\"og:image:height\" content=\"88\" \/>\n\t<meta property=\"og:image:type\" content=\"image\/png\" \/>\n<meta name=\"twitter:card\" content=\"summary_large_image\" \/>\n<meta name=\"twitter:label1\" content=\"Tahmini okuma s\u00fcresi\" \/>\n\t<meta name=\"twitter:data1\" content=\"2 dakika\" \/>\n<script type=\"application\/ld+json\" class=\"yoast-schema-graph\">{\"@context\":\"https:\\\/\\\/schema.org\",\"@graph\":[{\"@type\":\"WebPage\",\"@id\":\"https:\\\/\\\/buyadsaccounts.net\\\/gads\\\/buy-google-ads-gambling-accounts\\\/\",\"url\":\"https:\\\/\\\/buyadsaccounts.net\\\/gads\\\/buy-google-ads-gambling-accounts\\\/\",\"name\":\"Buy Google Ads Gambling Casino Accounts Ready for Ads\",\"isPartOf\":{\"@id\":\"https:\\\/\\\/buyadsaccounts.net\\\/#website\"},\"primaryImageOfPage\":{\"@id\":\"https:\\\/\\\/buyadsaccounts.net\\\/gads\\\/buy-google-ads-gambling-accounts\\\/#primaryimage\"},\"image\":{\"@id\":\"https:\\\/\\\/buyadsaccounts.net\\\/gads\\\/buy-google-ads-gambling-accounts\\\/#primaryimage\"},\"thumbnailUrl\":\"https:\\\/\\\/buyadsaccounts.net\\\/wp-content\\\/uploads\\\/2025\\\/12\\\/google-ads-gambling-account.png\",\"datePublished\":\"2025-12-21T09:12:50+00:00\",\"dateModified\":\"2026-02-01T17:30:32+00:00\",\"description\":\"Get Google Ads approved gambling casino accounts validated by licensed companies. Fully compliant, high-trust accounts ideal for scaling crypto ads safely.\",\"breadcrumb\":{\"@id\":\"https:\\\/\\\/buyadsaccounts.net\\\/gads\\\/buy-google-ads-gambling-accounts\\\/#breadcrumb\"},\"inLanguage\":\"tr\",\"potentialAction\":[{\"@type\":\"ReadAction\",\"target\":[\"https:\\\/\\\/buyadsaccounts.net\\\/gads\\\/buy-google-ads-gambling-accounts\\\/\"]}]},{\"@type\":\"ImageObject\",\"inLanguage\":\"tr\",\"@id\":\"https:\\\/\\\/buyadsaccounts.net\\\/gads\\\/buy-google-ads-gambling-accounts\\\/#primaryimage\",\"url\":\"https:\\\/\\\/buyadsaccounts.net\\\/wp-content\\\/uploads\\\/2025\\\/12\\\/google-ads-gambling-account.png\",\"contentUrl\":\"https:\\\/\\\/buyadsaccounts.net\\\/wp-content\\\/uploads\\\/2025\\\/12\\\/google-ads-gambling-account.png\",\"width\":88,\"height\":88},{\"@type\":\"BreadcrumbList\",\"@id\":\"https:\\\/\\\/buyadsaccounts.net\\\/gads\\\/buy-google-ads-gambling-accounts\\\/#breadcrumb\",\"itemListElement\":[{\"@type\":\"ListItem\",\"position\":1,\"name\":\"Home\",\"item\":\"https:\\\/\\\/buyadsaccounts.net\\\/\"},{\"@type\":\"ListItem\",\"position\":2,\"name\":\"Shop\",\"item\":\"https:\\\/\\\/buyadsaccounts.net\\\/ar\\\/%d9%85%d8%aa%d8%ac%d8%b1\\\/\"},{\"@type\":\"ListItem\",\"position\":3,\"name\":\"Buy Google Ads Gambling Accounts\"}]},{\"@type\":\"WebSite\",\"@id\":\"https:\\\/\\\/buyadsaccounts.net\\\/#website\",\"url\":\"https:\\\/\\\/buyadsaccounts.net\\\/\",\"name\":\"BuyAdsAccounts\",\"description\":\"\",\"publisher\":{\"@id\":\"https:\\\/\\\/buyadsaccounts.net\\\/#organization\"},\"potentialAction\":[{\"@type\":\"SearchAction\",\"target\":{\"@type\":\"EntryPoint\",\"urlTemplate\":\"https:\\\/\\\/buyadsaccounts.net\\\/?s={search_term_string}\"},\"query-input\":{\"@type\":\"PropertyValueSpecification\",\"valueRequired\":true,\"valueName\":\"search_term_string\"}}],\"inLanguage\":\"tr\"},{\"@type\":\"Organization\",\"@id\":\"https:\\\/\\\/buyadsaccounts.net\\\/#organization\",\"name\":\"Buy Google Ads Accounts\",\"url\":\"https:\\\/\\\/buyadsaccounts.net\\\/\",\"logo\":{\"@type\":\"ImageObject\",\"inLanguage\":\"tr\",\"@id\":\"https:\\\/\\\/buyadsaccounts.net\\\/#\\\/schema\\\/logo\\\/image\\\/\",\"url\":\"https:\\\/\\\/buyadsaccounts.net\\\/wp-content\\\/uploads\\\/2024\\\/12\\\/buyads-fav.jpg\",\"contentUrl\":\"https:\\\/\\\/buyadsaccounts.net\\\/wp-content\\\/uploads\\\/2024\\\/12\\\/buyads-fav.jpg\",\"width\":512,\"height\":512,\"caption\":\"Buy Google Ads Accounts\"},\"image\":{\"@id\":\"https:\\\/\\\/buyadsaccounts.net\\\/#\\\/schema\\\/logo\\\/image\\\/\"}}]}<\/script>\n<!-- \/ Yoast SEO Premium plugin. -->","yoast_head_json":{"title":"Google Reklamlar\u0131 Sat\u0131n Al\u0131n Reklamlar i\u00e7in Haz\u0131r Kumarhane Hesaplar\u0131","description":"Lisansl\u0131 \u015firketler taraf\u0131ndan onaylanm\u0131\u015f Google Ads onayl\u0131 kumarhane hesaplar\u0131 edinin. Kripto reklamlar\u0131n\u0131 g\u00fcvenle \u00f6l\u00e7eklendirmek i\u00e7in ideal, tam uyumlu, y\u00fcksek g\u00fcvene sahip hesaplar.","robots":{"index":"index","follow":"follow","max-snippet":"max-snippet:-1","max-image-preview":"max-image-preview:large","max-video-preview":"max-video-preview:-1"},"canonical":"https:\/\/buyadsaccounts.net\/tr\/gads\/google-reklamlari-kumar-hesaplari-satin-alin\/","og_locale":"tr_TR","og_type":"article","og_title":"Buy Google Ads Gambling Accounts","og_description":"Get Google Ads approved gambling casino accounts validated by licensed companies. Fully compliant, high-trust accounts ideal for scaling crypto ads safely.","og_url":"https:\/\/buyadsaccounts.net\/tr\/gads\/google-reklamlari-kumar-hesaplari-satin-alin\/","og_site_name":"BuyAdsAccounts","article_modified_time":"2026-02-01T17:30:32+00:00","og_image":[{"width":88,"height":88,"url":"https:\/\/buyadsaccounts.net\/wp-content\/uploads\/2025\/12\/google-ads-gambling-account.png","type":"image\/png"}],"twitter_card":"summary_large_image","twitter_misc":{"Tahmini okuma s\u00fcresi":"2 dakika"},"schema":{"@context":"https:\/\/schema.org","@graph":[{"@type":"WebPage","@id":"https:\/\/buyadsaccounts.net\/gads\/buy-google-ads-gambling-accounts\/","url":"https:\/\/buyadsaccounts.net\/gads\/buy-google-ads-gambling-accounts\/","name":"Google Reklamlar\u0131 Sat\u0131n Al\u0131n Reklamlar i\u00e7in Haz\u0131r Kumarhane Hesaplar\u0131","isPartOf":{"@id":"https:\/\/buyadsaccounts.net\/#website"},"primaryImageOfPage":{"@id":"https:\/\/buyadsaccounts.net\/gads\/buy-google-ads-gambling-accounts\/#primaryimage"},"image":{"@id":"https:\/\/buyadsaccounts.net\/gads\/buy-google-ads-gambling-accounts\/#primaryimage"},"thumbnailUrl":"https:\/\/buyadsaccounts.net\/wp-content\/uploads\/2025\/12\/google-ads-gambling-account.png","datePublished":"2025-12-21T09:12:50+00:00","dateModified":"2026-02-01T17:30:32+00:00","description":"Lisansl\u0131 \u015firketler taraf\u0131ndan onaylanm\u0131\u015f Google Ads onayl\u0131 kumarhane hesaplar\u0131 edinin. Kripto reklamlar\u0131n\u0131 g\u00fcvenle \u00f6l\u00e7eklendirmek i\u00e7in ideal, tam uyumlu, y\u00fcksek g\u00fcvene sahip hesaplar.","breadcrumb":{"@id":"https:\/\/buyadsaccounts.net\/gads\/buy-google-ads-gambling-accounts\/#breadcrumb"},"inLanguage":"tr","potentialAction":[{"@type":"ReadAction","target":["https:\/\/buyadsaccounts.net\/gads\/buy-google-ads-gambling-accounts\/"]}]},{"@type":"ImageObject","inLanguage":"tr","@id":"https:\/\/buyadsaccounts.net\/gads\/buy-google-ads-gambling-accounts\/#primaryimage","url":"https:\/\/buyadsaccounts.net\/wp-content\/uploads\/2025\/12\/google-ads-gambling-account.png","contentUrl":"https:\/\/buyadsaccounts.net\/wp-content\/uploads\/2025\/12\/google-ads-gambling-account.png","width":88,"height":88},{"@type":"BreadcrumbList","@id":"https:\/\/buyadsaccounts.net\/gads\/buy-google-ads-gambling-accounts\/#breadcrumb","itemListElement":[{"@type":"ListItem","position":1,"name":"Home","item":"https:\/\/buyadsaccounts.net\/"},{"@type":"ListItem","position":2,"name":"Shop","item":"https:\/\/buyadsaccounts.net\/ar\/%d9%85%d8%aa%d8%ac%d8%b1\/"},{"@type":"ListItem","position":3,"name":"Buy Google Ads Gambling Accounts"}]},{"@type":"WebSite","@id":"https:\/\/buyadsaccounts.net\/#website","url":"https:\/\/buyadsaccounts.net\/","name":"BuyAdsAccounts","description":"","publisher":{"@id":"https:\/\/buyadsaccounts.net\/#organization"},"potentialAction":[{"@type":"SearchAction","target":{"@type":"EntryPoint","urlTemplate":"https:\/\/buyadsaccounts.net\/?s={search_term_string}"},"query-input":{"@type":"PropertyValueSpecification","valueRequired":true,"valueName":"search_term_string"}}],"inLanguage":"tr"},{"@type":"Organization","@id":"https:\/\/buyadsaccounts.net\/#organization","name":"Google Ads Hesaplar\u0131 Sat\u0131n Al\u0131n","url":"https:\/\/buyadsaccounts.net\/","logo":{"@type":"ImageObject","inLanguage":"tr","@id":"https:\/\/buyadsaccounts.net\/#\/schema\/logo\/image\/","url":"https:\/\/buyadsaccounts.net\/wp-content\/uploads\/2024\/12\/buyads-fav.jpg","contentUrl":"https:\/\/buyadsaccounts.net\/wp-content\/uploads\/2024\/12\/buyads-fav.jpg","width":512,"height":512,"caption":"Buy Google Ads Accounts"},"image":{"@id":"https:\/\/buyadsaccounts.net\/#\/schema\/logo\/image\/"}}]}},"wcpa_form_fields":{"wcpaData":{"product":{"product_price":0,"price_html":"<span class=\"woocommerce-Price-amount amount\"><bdi>0<span class=\"woocommerce-Price-currencySymbol\">&#36;<\/span><\/bdi><\/span>","original_product_price":0,"price_including_tax":0,"price_excluding_tax":0,"product_id":{"parent":9315,"variation":false},"is_variable":false,"stock_status":"instock","stock_quantity":null,"parent_sku":"","product_attributes":[],"custom_fields":[],"is_taxable":false,"product_name":"Buy Google Ads Gambling Accounts","hasImage":false},"fields":{"sec_16947c10fcaa83":{"extra":{"key":"sec_16947c10fcaa83","section_id":"sec_16947c10fcaa83","name":"Default","status":1,"cl_rule":"show","enableCl":false,"relations":[],"toggle":true,"title_tag":"h3","show_title":false,"showPrice":"default","form_id":9318,"form_rules":{"exclude_from_discount":false,"fee_label":"Fee","disp_hide_options_price":false,"disp_show_section_price":false,"disp_show_field_price":true,"layout_option":"standard","pric_use_as_fee":false,"process_fee_as":"woo_fee"},"layout_option":"standard"},"fields":[[{"type":"checkbox-group","required":true,"elementId":"checkbox-group_16947c10fcaaaf","label":"Account Options","enablePrice":true,"priceOptions":"different_for_all","pricingType":"fixed","price":"100","name":"checkbox-group_16947c10fcaaaf","min_options":"1","other_text":"Other","cl_rule":"show","col":6,"values":[{"label":"2024 UK Account - 50% Payment","value":"2024uk","price":"1700","pimage":"","pimage_id":"","pthumb":"","tempId":"aco_525","gt_translate_keys":["label"]},{"label":"2024 BR Account - 50% Payment","value":"2024br","price":"1000","pimage":"","pimage_id":"","pthumb":"","tempId":"aco_526","gt_translate_keys":["label"]}],"relations":false,"active":true,"tooltip":"<a href=\"https:\/\/help.buyadsaccounts.net\/hc\/helpcenter\/articles\/1766311806-uk-casino-sports-betting-advertising-approval\" target=\"blank\">Read More<\/a>","layOut":"inline","isWeightTemplate":false,"error":false,"isTemplate":false,"checkUi":"","min_quantity":"1","quantity_decimal":false,"quantity_step":"1","quantity_label":"Quantity","repeater_field_label":"{field_label}","repeater_bind":"","max_options":"1","gt_translate_keys":["label","tooltip","repeater_field_label","quantity_label"],"price_dependency":false,"cl_dependency":false,"value":""}],[{"active":true,"col":6,"relations":false,"cl_rule":"show","enableCl":false,"price":"","enablePrice":false,"className":"","label_position":"default","desc_position":"default","type":"url","required":true,"elementId":"url_0401321471","label":"Website URL","name":"url_0401321471","value":"","allow_multiple":false,"isWeightTemplate":false,"error":false,"isTemplate":false,"min_quantity":"1","quantity_decimal":false,"quantity_step":"1","quantity_label":"Quantity","repeater_field_label":"{field_label}","repeater_bind":"","gt_translate_keys":["label","value","repeater_field_label","quantity_label"],"price_dependency":false,"cl_dependency":false}],[{"type":"checkbox-group","elementId":"checkbox-group_106947c10fcaac1","label":"Extra Services","enablePrice":true,"priceOptions":"different_for_all","pricingType":"fixed","price":"100","name":"checkbox-group_106947c10fcaac1","min_options":"1","other_text":"Other","cl_rule":"show","col":6,"values":[{"label":"Ads Manager","value":"camp-mana","price":"200","pimage":"","pimage_id":"","pthumb":"","tempId":"aco_120","gt_translate_keys":["label"]}],"relations":false,"active":true,"tooltip":"<a href=\"https:\/\/help.buyadsaccounts.net\/hc\/helpcenter\/articles\/1754560957-additional-options\" target=\"blank\">Read More<\/a>","layOut":"","isWeightTemplate":false,"error":false,"isTemplate":false,"checkUi":"","min_quantity":"1","quantity_decimal":false,"quantity_step":"1","quantity_label":"Quantity","repeater_field_label":"{field_label}","repeater_bind":"","gt_translate_keys":["label","tooltip","repeater_field_label","quantity_label"],"price_dependency":false,"cl_dependency":["checkbox-group_86947c10fcaad0"],"value":""}],[{"type":"checkbox-group","required":true,"elementId":"checkbox-group_86947c10fcaad0","label":"Ads Manager - How many ADS?","description":"Price per AD","enablePrice":true,"priceOptions":"different_for_all","pricingType":"fixed","price":"100","name":"checkbox-group_86947c10fcaad0","min_options":"1","other_text":"Other","enableCl":true,"cl_rule":"show","cl_val":"camp-mana","col":6,"values":[{"label":"1 Ad","value":"1adurl","price":"0","pimage":"","pimage_id":"","pthumb":"","gt_translate_keys":["label"]},{"label":"2 Ads","value":"2ads","price":"350","pimage":"","pimage_id":"","pthumb":"","gt_translate_keys":["label"]},{"label":"3 Ads","value":"3ads","price":"500","pimage":"","pimage_id":"","pthumb":"","gt_translate_keys":["label"]},{"label":"5 Ads","value":"5ads","price":"800","pimage":"","pimage_id":"","pthumb":"","gt_translate_keys":["label"]},{"label":"10 Ads","value":"10ads","price":"1500","pimage":"","pimage_id":"","pthumb":"","gt_translate_keys":["label"]}],"relations":[{"operator":false,"rules":[{"operator":false,"rules":{"cl_field":"checkbox-group_106947c10fcaac1","cl_relation":"is","cl_val":"camp-mana"}}]}],"active":true,"tooltip":"","layOut":"","isWeightTemplate":false,"error":false,"isTemplate":false,"checkUi":"","min_quantity":"1","quantity_decimal":false,"quantity_step":"1","quantity_label":"Quantity","repeater_field_label":"{field_label}","repeater_bind":"","gt_translate_keys":["label","description","tooltip","repeater_field_label","quantity_label"],"price_dependency":false,"cl_dependency":false,"value":""}]]}},"config":{"price_override":"","enable_recaptcha":false,"bind_quantity":false,"quantity_bind_formula":false,"disp_summ_show_option_price":false,"disp_summ_show_product_price":false,"disp_summ_show_total_price":true,"disp_summ_show_fee":false,"disp_summ_show_discount":false,"summary_title":"","options_total_label":"Options Price","total_label":"Total","options_product_label":"Product Price","fee_label":"Fee","discount_label":"Discount","has_price":true,"has_quantity_formula":false},"mc_unit":1,"tax_rate":1,"tax_rate_real":1,"discount":{"percentage":0,"fixed":0},"design":{"conf":{"LabelPosition":"above","DescPosition":"above","UploadField":"custom_1","QuantityFieldStyle":"default"},"css":{"LeftLabelWidth":"120px"}},"formulas":[],"lookuptables":[],"clones":false,"cartKey":false}},"_links":{"self":[{"href":"https:\/\/buyadsaccounts.net\/tr\/wp-json\/wp\/v2\/product\/9315","targetHints":{"allow":["GET"]}}],"collection":[{"href":"https:\/\/buyadsaccounts.net\/tr\/wp-json\/wp\/v2\/product"}],"about":[{"href":"https:\/\/buyadsaccounts.net\/tr\/wp-json\/wp\/v2\/types\/product"}],"version-history":[{"count":2,"href":"https:\/\/buyadsaccounts.net\/tr\/wp-json\/wp\/v2\/product\/9315\/revisions"}],"predecessor-version":[{"id":9540,"href":"https:\/\/buyadsaccounts.net\/tr\/wp-json\/wp\/v2\/product\/9315\/revisions\/9540"}],"wp:featuredmedia":[{"embeddable":true,"href":"https:\/\/buyadsaccounts.net\/tr\/wp-json\/wp\/v2\/media\/9316"}],"wp:attachment":[{"href":"https:\/\/buyadsaccounts.net\/tr\/wp-json\/wp\/v2\/media?parent=9315"}],"wp:term":[{"taxonomy":"product_brand","embeddable":true,"href":"https:\/\/buyadsaccounts.net\/tr\/wp-json\/wp\/v2\/product_brand?post=9315"},{"taxonomy":"product_cat","embeddable":true,"href":"https:\/\/buyadsaccounts.net\/tr\/wp-json\/wp\/v2\/product_cat?post=9315"},{"taxonomy":"product_tag","embeddable":true,"href":"https:\/\/buyadsaccounts.net\/tr\/wp-json\/wp\/v2\/product_tag?post=9315"}],"curies":[{"name":"wp","href":"https:\/\/api.w.org\/{rel}","templated":true}]}}