{"id":9220,"date":"2025-12-04T17:00:15","date_gmt":"2025-12-04T17:00:15","guid":{"rendered":"https:\/\/rentaccounts.net\/?post_type=product&#038;p=9220"},"modified":"2026-02-01T17:13:32","modified_gmt":"2026-02-01T17:13:32","slug":"google-reklamlari-kripto-hesaplari-satin-alin","status":"publish","type":"product","link":"https:\/\/buyadsaccounts.net\/tr\/gads\/google-reklamlari-kripto-hesaplari-satin-alin\/","title":{"rendered":"Google Ads Kripto Hesaplar\u0131 Sat\u0131n Al\u0131n"},"content":{"rendered":"<h2 data-start=\"233\" data-end=\"284\"><strong data-start=\"236\" data-end=\"284\">Neden Google Ads Kripto Onayl\u0131 Hesaplar Sat\u0131n Almal\u0131s\u0131n\u0131z?<\/strong><\/h2>\n<p data-start=\"286\" data-end=\"587\">Google Ads, Arama A\u011f\u0131, YouTube ve G\u00f6r\u00fcnt\u00fcl\u00fc Reklam A\u011f\u0131 \u00fczerinden k\u00fcresel kitlelere ula\u015fmak i\u00e7in en g\u00fc\u00e7l\u00fc reklam platformu olmaya devam ediyor. Ancak kripto i\u015fletmeleri i\u00e7in eri\u015fim b\u00fcy\u00fck \u00f6l\u00e7\u00fcde k\u0131s\u0131tlanm\u0131\u015ft\u0131r. Yaln\u0131zca Google'\u0131n resmi onay\u0131ndan ge\u00e7en \u015firketler <strong data-start=\"528\" data-end=\"567\">kripto para do\u011frulama program\u0131<\/strong> kripto reklamlar\u0131 yay\u0131nlayabilir.<\/p>\n<p data-start=\"589\" data-end=\"817\">Bu nedenle sat\u0131n alma <strong data-start=\"612\" data-end=\"659\">yasal olarak do\u011frulanm\u0131\u015f Google Ads kripto hesaplar\u0131<\/strong> bir\u00e7ok reklamveren i\u00e7in vazge\u00e7ilmez hale gelmi\u015ftir. Hesaplar\u0131m\u0131z onayl\u0131 i\u015fletmeler alt\u0131nda do\u011frulanm\u0131\u015ft\u0131r, tamamen uyumludur ve an\u0131nda kripto kampanyalar\u0131 y\u00fcr\u00fctmeye haz\u0131rd\u0131r.<\/p>\n<p data-start=\"819\" data-end=\"873\">\u0130\u015fte al\u0131c\u0131lar\u0131n kripto onayl\u0131 hesaplar\u0131m\u0131z\u0131 se\u00e7me nedenleri:<\/p>\n<ul data-start=\"875\" data-end=\"1298\">\n<li data-start=\"875\" data-end=\"990\">\n<p data-start=\"877\" data-end=\"990\"><strong data-start=\"877\" data-end=\"927\">Google'\u0131n kripto reklam ekosistemine an\u0131nda eri\u015fim<\/strong> Google'\u0131n uzun do\u011frulama s\u00fcrecinden ge\u00e7meden.<\/p>\n<\/li>\n<li data-start=\"991\" data-end=\"1083\">\n<p data-start=\"993\" data-end=\"1083\"><strong data-start=\"993\" data-end=\"1037\">Uyumlu reklamlar\u0131 hemen yay\u0131nlayabilme<\/strong> Google Arama, YouTube ve G\u00f6r\u00fcnt\u00fcl\u00fc Reklamc\u0131l\u0131k genelinde.<\/p>\n<\/li>\n<li data-start=\"1084\" data-end=\"1188\">\n<p data-start=\"1086\" data-end=\"1188\"><strong data-start=\"1086\" data-end=\"1122\">Y\u00fcksek g\u00fcven ve g\u00fc\u00e7l\u00fc itibar<\/strong>, hesap yasal olarak do\u011frulanm\u0131\u015f bir varl\u0131k alt\u0131nda onayland\u0131\u011f\u0131ndan.<\/p>\n<\/li>\n<li data-start=\"1189\" data-end=\"1298\">\n<p data-start=\"1191\" data-end=\"1298\"><strong data-start=\"1191\" data-end=\"1216\">Dahili \u00f6deme kart\u0131<\/strong> B\u00f6ylece hesab\u0131n\u0131za do\u011frudan platformumuz \u00fczerinden basit bir 5% \u00fccretiyle para yat\u0131rabilirsiniz.<\/p>\n<\/li>\n<\/ul>\n<h2 data-start=\"1305\" data-end=\"1350\"><strong data-start=\"1308\" data-end=\"1350\">Sat\u0131n Almadan \u00d6nce Dikkat Edilmesi Gereken \u00d6nemli Hususlar<\/strong><\/h2>\n<p data-start=\"1352\" data-end=\"1492\">Kripto reklamc\u0131l\u0131\u011f\u0131 i\u00e7in bir Google Ads hesab\u0131 sat\u0131n al\u0131rken g\u00fcvenlik, uyumluluk ve uzun vadeli performans sa\u011flamak i\u00e7in \u00e7e\u015fitli fakt\u00f6rler \u00f6nemlidir:<\/p>\n<h3 data-start=\"1494\" data-end=\"1523\"><strong data-start=\"1498\" data-end=\"1521\">Do\u011frulama Durumu<\/strong><\/h3>\n<p data-start=\"1524\" data-end=\"1675\">Hesab\u0131n kripto para reklamc\u0131l\u0131\u011f\u0131 i\u00e7in onaylanm\u0131\u015f bir \u015firket alt\u0131nda yasal olarak do\u011fruland\u0131\u011f\u0131n\u0131 her zaman teyit edin. Bu olmadan kripto kampanyalar\u0131 y\u00fcr\u00fct\u00fclemez.<\/p>\n<h3 data-start=\"1677\" data-end=\"1715\"><strong data-start=\"1681\" data-end=\"1713\">Hesap \u0130tibar\u0131 ve Ge\u00e7mi\u015fi<\/strong><\/h3>\n<p data-start=\"1716\" data-end=\"1836\">Sicili temiz olan ve politika ihlali bulunmayan hesaplar daha iyi performans g\u00f6sterir ve inceleme veya ask\u0131ya alma ile kar\u015f\u0131la\u015fma olas\u0131l\u0131klar\u0131 daha d\u00fc\u015f\u00fckt\u00fcr.<\/p>\n<h3 data-start=\"1838\" data-end=\"1871\"><strong data-start=\"1842\" data-end=\"1869\">Faturalama ve Finansman Kurulumu<\/strong><\/h3>\n<p data-start=\"1872\" data-end=\"2050\">Hesaplar\u0131m\u0131z kartlarla birlikte gelir ve sistemimiz \u00fczerinden an\u0131nda fon ekleyebilirsiniz. Yine de, kampanyalar\u0131 ba\u015flatmadan \u00f6nce fon limitlerini ve \u00fccretlerini anlamak \u00f6nemlidir.<\/p>\n<h3 data-start=\"2052\" data-end=\"2089\"><strong data-start=\"2056\" data-end=\"2087\">M\u00fclkiyet Transferi ve Eri\u015fim<\/strong><\/h3>\n<p data-start=\"2090\" data-end=\"2241\">Oturum a\u00e7ma bilgilerini de\u011fi\u015ftirme, hesab\u0131n g\u00fcvenli\u011fini sa\u011flama ve faturaland\u0131rmay\u0131 k\u0131s\u0131tlama olmadan y\u00f6netme dahil olmak \u00fczere Reklam hesab\u0131na tam eri\u015fime sahip oldu\u011funuzdan emin olun.<\/p>\n<h3 data-start=\"2243\" data-end=\"2279\"><strong data-start=\"2247\" data-end=\"2277\">G\u00fcvenlik ve Doland\u0131r\u0131c\u0131l\u0131k \u00d6nleme<\/strong><\/h3>\n<p data-start=\"2280\" data-end=\"2449\">Kripto reklamc\u0131l\u0131\u011f\u0131, bir\u00e7ok sahte sat\u0131c\u0131n\u0131n ilgisini \u00e7eken k\u0131s\u0131tl\u0131 bir aland\u0131r. Yaln\u0131zca do\u011frulanm\u0131\u015f kaynaklardan sat\u0131n al\u0131n ve \u201cs\u0131n\u0131rs\u0131z\u201d veya \u201crisksiz\u201d hesaplar sunanlardan ka\u00e7\u0131n\u0131n.<\/p>\n<h2 data-start=\"2456\" data-end=\"2482\"><strong data-start=\"2459\" data-end=\"2482\">Sat\u0131n Alma Sonras\u0131 Ad\u0131mlar<\/strong><\/h2>\n<p data-start=\"2484\" data-end=\"2601\">Kripto do\u011frulamal\u0131 Google Ads hesab\u0131n\u0131z teslim edildikten sonra, maksimum g\u00fcvenlik ve performans i\u00e7in a\u015fa\u011f\u0131daki ad\u0131mlar\u0131 tamamlay\u0131n:<\/p>\n<h3 data-start=\"2603\" data-end=\"2640\"><strong data-start=\"2607\" data-end=\"2638\">1. Oturum A\u00e7ma Kimlik Bilgilerini De\u011fi\u015ftirme<\/strong><\/h3>\n<p data-start=\"2641\" data-end=\"2727\">Tam sahipli\u011fi g\u00fcvence alt\u0131na almak i\u00e7in e-posta, \u015fifre ve kurtarma se\u00e7eneklerini derhal de\u011fi\u015ftirin.<\/p>\n<h3 data-start=\"2729\" data-end=\"2769\"><strong data-start=\"2733\" data-end=\"2767\">2. T\u00fcm Hesap Ayarlar\u0131n\u0131 G\u00f6zden Ge\u00e7irin<\/strong><\/h3>\n<p data-start=\"2770\" data-end=\"2909\">Her \u015feyi reklam stratejinizle uyumlu hale getirmek i\u00e7in faturaland\u0131rma, kampanya varsay\u0131lanlar\u0131, co\u011frafi hedefleme, onayl\u0131 b\u00f6lgeler ve uyumluluk notlar\u0131n\u0131 kontrol edin.<\/p>\n<h3 data-start=\"2911\" data-end=\"2956\"><strong data-start=\"2915\" data-end=\"2954\">3. Kontrol Paneliniz \u00dczerinden Fon Ekleme<\/strong><\/h3>\n<p data-start=\"2957\" data-end=\"3052\">Fonlama sistemimizi kullanarak reklam b\u00fct\u00e7enizi yat\u0131r\u0131n (5% \u00fccret) ve kampanyalar\u0131 an\u0131nda yay\u0131nlamaya ba\u015flay\u0131n.<\/p>\n<h3 data-start=\"3054\" data-end=\"3097\"><strong data-start=\"3058\" data-end=\"3095\">4. Performans\u0131 Optimize Edin ve \u0130zleyin<\/strong><\/h3>\n<p data-start=\"3098\" data-end=\"3250\">Kripto dikeyleri hassas olabilir. Uyumlu reklam metni kullan\u0131n, birden fazla reklam \u00f6\u011fesini test edin ve \u00f6zellikle ilk 48 saat boyunca performans\u0131 yak\u0131ndan izleyin.<\/p>\n<h2 data-start=\"3257\" data-end=\"3274\"><strong data-start=\"3260\" data-end=\"3274\">Sonu\u00e7<\/strong><\/h2>\n<p data-start=\"3276\" data-end=\"3602\">Sat\u0131n Alma <strong data-start=\"3285\" data-end=\"3323\">Google Ads kripto onayl\u0131 hesap<\/strong> Google Arama, YouTube ve G\u00f6r\u00fcnt\u00fcl\u00fc Reklamc\u0131l\u0131kta uyumlu kripto para kampanyalar\u0131 y\u00fcr\u00fctmeye ba\u015flaman\u0131n en h\u0131zl\u0131 ve en g\u00fcvenli yoludur. G\u00fcvenilir bir sa\u011flay\u0131c\u0131 se\u00e7erek, hesab\u0131 g\u00fcvence alt\u0131na alarak ve en iyi uygulamalar\u0131 izleyerek kampanyalar\u0131n\u0131z\u0131 hemen ba\u015flatabilir ve g\u00fcvenle \u00f6l\u00e7eklendirebilirsiniz.<\/p>","protected":false},"excerpt":{"rendered":"<p>Yasal olarak do\u011frulanm\u0131\u015f Google Ads kripto hesaplar\u0131m\u0131z\u0131 kullanarak Google Arama ve G\u00f6r\u00fcnt\u00fcl\u00fc Reklam (Google.com, YouTube) \u00fczerinden kripto reklam kampanyalar\u0131n\u0131z\u0131 y\u00fcr\u00fct\u00fcn.<\/p>","protected":false},"featured_media":9221,"template":"","meta":{"_acf_changed":false,"_glsr_average":5,"_glsr_ranking":4.5454545454545,"_glsr_reviews":23},"product_brand":[],"product_cat":[322],"product_tag":[],"class_list":{"0":"post-9220","1":"product","2":"type-product","3":"status-publish","4":"has-post-thumbnail","6":"product_cat-google-ads-crypto","7":"wcpa_has_options","9":"first","10":"instock","11":"purchasable","12":"product-type-simple"},"acf":[],"yoast_head":"<!-- This site is optimized with the Yoast SEO Premium plugin v26.7 (Yoast SEO v27.4) - https:\/\/yoast.com\/product\/yoast-seo-premium-wordpress\/ -->\n<title>Buy Google Ads Approved Crypto Accounts Ready for Ads<\/title>\n<meta name=\"description\" content=\"Get Google Ads approved crypto accounts validated by licensed companies. Fully compliant, high-trust accounts ideal for scaling crypto ads safely.\" \/>\n<meta name=\"robots\" content=\"index, follow, max-snippet:-1, max-image-preview:large, max-video-preview:-1\" \/>\n<link rel=\"canonical\" href=\"https:\/\/buyadsaccounts.net\/tr\/gads\/google-reklamlari-kripto-hesaplari-satin-alin\/\" \/>\n<meta property=\"og:locale\" content=\"tr_TR\" \/>\n<meta property=\"og:type\" content=\"article\" \/>\n<meta property=\"og:title\" content=\"Buy Google Ads Crypto Accounts\" \/>\n<meta property=\"og:description\" content=\"Get Google Ads approved crypto accounts validated by licensed companies. Fully compliant, high-trust accounts ideal for scaling crypto ads safely.\" \/>\n<meta property=\"og:url\" content=\"https:\/\/buyadsaccounts.net\/tr\/gads\/google-reklamlari-kripto-hesaplari-satin-alin\/\" \/>\n<meta property=\"og:site_name\" content=\"BuyAdsAccounts\" \/>\n<meta property=\"article:modified_time\" content=\"2026-02-01T17:13:32+00:00\" \/>\n<meta property=\"og:image\" content=\"https:\/\/buyadsaccounts.net\/wp-content\/uploads\/2025\/12\/google-ads-crypto-accounts.png\" \/>\n\t<meta property=\"og:image:width\" content=\"88\" \/>\n\t<meta property=\"og:image:height\" content=\"88\" \/>\n\t<meta property=\"og:image:type\" content=\"image\/png\" \/>\n<meta name=\"twitter:card\" content=\"summary_large_image\" \/>\n<meta name=\"twitter:label1\" content=\"Tahmini okuma s\u00fcresi\" \/>\n\t<meta name=\"twitter:data1\" content=\"3 dakika\" \/>\n<script type=\"application\/ld+json\" class=\"yoast-schema-graph\">{\"@context\":\"https:\\\/\\\/schema.org\",\"@graph\":[{\"@type\":\"WebPage\",\"@id\":\"https:\\\/\\\/buyadsaccounts.net\\\/gads\\\/buy-google-ads-crypto-accounts\\\/\",\"url\":\"https:\\\/\\\/buyadsaccounts.net\\\/gads\\\/buy-google-ads-crypto-accounts\\\/\",\"name\":\"Buy Google Ads Approved Crypto Accounts Ready for Ads\",\"isPartOf\":{\"@id\":\"https:\\\/\\\/buyadsaccounts.net\\\/#website\"},\"primaryImageOfPage\":{\"@id\":\"https:\\\/\\\/buyadsaccounts.net\\\/gads\\\/buy-google-ads-crypto-accounts\\\/#primaryimage\"},\"image\":{\"@id\":\"https:\\\/\\\/buyadsaccounts.net\\\/gads\\\/buy-google-ads-crypto-accounts\\\/#primaryimage\"},\"thumbnailUrl\":\"https:\\\/\\\/buyadsaccounts.net\\\/wp-content\\\/uploads\\\/2025\\\/12\\\/google-ads-crypto-accounts.png\",\"datePublished\":\"2025-12-04T17:00:15+00:00\",\"dateModified\":\"2026-02-01T17:13:32+00:00\",\"description\":\"Get Google Ads approved crypto accounts validated by licensed companies. Fully compliant, high-trust accounts ideal for scaling crypto ads safely.\",\"breadcrumb\":{\"@id\":\"https:\\\/\\\/buyadsaccounts.net\\\/gads\\\/buy-google-ads-crypto-accounts\\\/#breadcrumb\"},\"inLanguage\":\"tr\",\"potentialAction\":[{\"@type\":\"ReadAction\",\"target\":[\"https:\\\/\\\/buyadsaccounts.net\\\/gads\\\/buy-google-ads-crypto-accounts\\\/\"]}]},{\"@type\":\"ImageObject\",\"inLanguage\":\"tr\",\"@id\":\"https:\\\/\\\/buyadsaccounts.net\\\/gads\\\/buy-google-ads-crypto-accounts\\\/#primaryimage\",\"url\":\"https:\\\/\\\/buyadsaccounts.net\\\/wp-content\\\/uploads\\\/2025\\\/12\\\/google-ads-crypto-accounts.png\",\"contentUrl\":\"https:\\\/\\\/buyadsaccounts.net\\\/wp-content\\\/uploads\\\/2025\\\/12\\\/google-ads-crypto-accounts.png\",\"width\":88,\"height\":88,\"caption\":\"google ads crypto accounts\"},{\"@type\":\"BreadcrumbList\",\"@id\":\"https:\\\/\\\/buyadsaccounts.net\\\/gads\\\/buy-google-ads-crypto-accounts\\\/#breadcrumb\",\"itemListElement\":[{\"@type\":\"ListItem\",\"position\":1,\"name\":\"Home\",\"item\":\"https:\\\/\\\/buyadsaccounts.net\\\/\"},{\"@type\":\"ListItem\",\"position\":2,\"name\":\"Shop\",\"item\":\"https:\\\/\\\/buyadsaccounts.net\\\/ar\\\/%d9%85%d8%aa%d8%ac%d8%b1\\\/\"},{\"@type\":\"ListItem\",\"position\":3,\"name\":\"Buy Google Ads Crypto Accounts\"}]},{\"@type\":\"WebSite\",\"@id\":\"https:\\\/\\\/buyadsaccounts.net\\\/#website\",\"url\":\"https:\\\/\\\/buyadsaccounts.net\\\/\",\"name\":\"BuyAdsAccounts\",\"description\":\"\",\"publisher\":{\"@id\":\"https:\\\/\\\/buyadsaccounts.net\\\/#organization\"},\"potentialAction\":[{\"@type\":\"SearchAction\",\"target\":{\"@type\":\"EntryPoint\",\"urlTemplate\":\"https:\\\/\\\/buyadsaccounts.net\\\/?s={search_term_string}\"},\"query-input\":{\"@type\":\"PropertyValueSpecification\",\"valueRequired\":true,\"valueName\":\"search_term_string\"}}],\"inLanguage\":\"tr\"},{\"@type\":\"Organization\",\"@id\":\"https:\\\/\\\/buyadsaccounts.net\\\/#organization\",\"name\":\"Buy Google Ads Accounts\",\"url\":\"https:\\\/\\\/buyadsaccounts.net\\\/\",\"logo\":{\"@type\":\"ImageObject\",\"inLanguage\":\"tr\",\"@id\":\"https:\\\/\\\/buyadsaccounts.net\\\/#\\\/schema\\\/logo\\\/image\\\/\",\"url\":\"https:\\\/\\\/buyadsaccounts.net\\\/wp-content\\\/uploads\\\/2024\\\/12\\\/buyads-fav.jpg\",\"contentUrl\":\"https:\\\/\\\/buyadsaccounts.net\\\/wp-content\\\/uploads\\\/2024\\\/12\\\/buyads-fav.jpg\",\"width\":512,\"height\":512,\"caption\":\"Buy Google Ads Accounts\"},\"image\":{\"@id\":\"https:\\\/\\\/buyadsaccounts.net\\\/#\\\/schema\\\/logo\\\/image\\\/\"}}]}<\/script>\n<!-- \/ Yoast SEO Premium plugin. -->","yoast_head_json":{"title":"Reklamlara Haz\u0131r Google Ads Onayl\u0131 Kripto Hesaplar\u0131 Sat\u0131n Al\u0131n","description":"Lisansl\u0131 \u015firketler taraf\u0131ndan onaylanm\u0131\u015f Google Ads onayl\u0131 kripto hesaplar\u0131 edinin. Kripto reklamlar\u0131n\u0131 g\u00fcvenle \u00f6l\u00e7eklendirmek i\u00e7in ideal, tam uyumlu, y\u00fcksek g\u00fcvene sahip hesaplar.","robots":{"index":"index","follow":"follow","max-snippet":"max-snippet:-1","max-image-preview":"max-image-preview:large","max-video-preview":"max-video-preview:-1"},"canonical":"https:\/\/buyadsaccounts.net\/tr\/gads\/google-reklamlari-kripto-hesaplari-satin-alin\/","og_locale":"tr_TR","og_type":"article","og_title":"Buy Google Ads Crypto Accounts","og_description":"Get Google Ads approved crypto accounts validated by licensed companies. Fully compliant, high-trust accounts ideal for scaling crypto ads safely.","og_url":"https:\/\/buyadsaccounts.net\/tr\/gads\/google-reklamlari-kripto-hesaplari-satin-alin\/","og_site_name":"BuyAdsAccounts","article_modified_time":"2026-02-01T17:13:32+00:00","og_image":[{"width":88,"height":88,"url":"https:\/\/buyadsaccounts.net\/wp-content\/uploads\/2025\/12\/google-ads-crypto-accounts.png","type":"image\/png"}],"twitter_card":"summary_large_image","twitter_misc":{"Tahmini okuma s\u00fcresi":"3 dakika"},"schema":{"@context":"https:\/\/schema.org","@graph":[{"@type":"WebPage","@id":"https:\/\/buyadsaccounts.net\/gads\/buy-google-ads-crypto-accounts\/","url":"https:\/\/buyadsaccounts.net\/gads\/buy-google-ads-crypto-accounts\/","name":"Reklamlara Haz\u0131r Google Ads Onayl\u0131 Kripto Hesaplar\u0131 Sat\u0131n Al\u0131n","isPartOf":{"@id":"https:\/\/buyadsaccounts.net\/#website"},"primaryImageOfPage":{"@id":"https:\/\/buyadsaccounts.net\/gads\/buy-google-ads-crypto-accounts\/#primaryimage"},"image":{"@id":"https:\/\/buyadsaccounts.net\/gads\/buy-google-ads-crypto-accounts\/#primaryimage"},"thumbnailUrl":"https:\/\/buyadsaccounts.net\/wp-content\/uploads\/2025\/12\/google-ads-crypto-accounts.png","datePublished":"2025-12-04T17:00:15+00:00","dateModified":"2026-02-01T17:13:32+00:00","description":"Lisansl\u0131 \u015firketler taraf\u0131ndan onaylanm\u0131\u015f Google Ads onayl\u0131 kripto hesaplar\u0131 edinin. Kripto reklamlar\u0131n\u0131 g\u00fcvenle \u00f6l\u00e7eklendirmek i\u00e7in ideal, tam uyumlu, y\u00fcksek g\u00fcvene sahip hesaplar.","breadcrumb":{"@id":"https:\/\/buyadsaccounts.net\/gads\/buy-google-ads-crypto-accounts\/#breadcrumb"},"inLanguage":"tr","potentialAction":[{"@type":"ReadAction","target":["https:\/\/buyadsaccounts.net\/gads\/buy-google-ads-crypto-accounts\/"]}]},{"@type":"ImageObject","inLanguage":"tr","@id":"https:\/\/buyadsaccounts.net\/gads\/buy-google-ads-crypto-accounts\/#primaryimage","url":"https:\/\/buyadsaccounts.net\/wp-content\/uploads\/2025\/12\/google-ads-crypto-accounts.png","contentUrl":"https:\/\/buyadsaccounts.net\/wp-content\/uploads\/2025\/12\/google-ads-crypto-accounts.png","width":88,"height":88,"caption":"google ads crypto accounts"},{"@type":"BreadcrumbList","@id":"https:\/\/buyadsaccounts.net\/gads\/buy-google-ads-crypto-accounts\/#breadcrumb","itemListElement":[{"@type":"ListItem","position":1,"name":"Home","item":"https:\/\/buyadsaccounts.net\/"},{"@type":"ListItem","position":2,"name":"Shop","item":"https:\/\/buyadsaccounts.net\/ar\/%d9%85%d8%aa%d8%ac%d8%b1\/"},{"@type":"ListItem","position":3,"name":"Buy Google Ads Crypto Accounts"}]},{"@type":"WebSite","@id":"https:\/\/buyadsaccounts.net\/#website","url":"https:\/\/buyadsaccounts.net\/","name":"BuyAdsAccounts","description":"","publisher":{"@id":"https:\/\/buyadsaccounts.net\/#organization"},"potentialAction":[{"@type":"SearchAction","target":{"@type":"EntryPoint","urlTemplate":"https:\/\/buyadsaccounts.net\/?s={search_term_string}"},"query-input":{"@type":"PropertyValueSpecification","valueRequired":true,"valueName":"search_term_string"}}],"inLanguage":"tr"},{"@type":"Organization","@id":"https:\/\/buyadsaccounts.net\/#organization","name":"Google Ads Hesaplar\u0131 Sat\u0131n Al\u0131n","url":"https:\/\/buyadsaccounts.net\/","logo":{"@type":"ImageObject","inLanguage":"tr","@id":"https:\/\/buyadsaccounts.net\/#\/schema\/logo\/image\/","url":"https:\/\/buyadsaccounts.net\/wp-content\/uploads\/2024\/12\/buyads-fav.jpg","contentUrl":"https:\/\/buyadsaccounts.net\/wp-content\/uploads\/2024\/12\/buyads-fav.jpg","width":512,"height":512,"caption":"Buy Google Ads Accounts"},"image":{"@id":"https:\/\/buyadsaccounts.net\/#\/schema\/logo\/image\/"}}]}},"wcpa_form_fields":{"wcpaData":{"product":{"product_price":0,"price_html":"<span class=\"woocommerce-Price-amount amount\"><bdi>0<span class=\"woocommerce-Price-currencySymbol\">&#36;<\/span><\/bdi><\/span>","original_product_price":0,"price_including_tax":0,"price_excluding_tax":0,"product_id":{"parent":9220,"variation":false},"is_variable":false,"stock_status":"instock","stock_quantity":null,"parent_sku":"","product_attributes":[],"custom_fields":[],"is_taxable":false,"product_name":"Buy Google Ads Crypto Accounts","hasImage":false},"fields":{"sec_16931c0b0ead66":{"extra":{"key":"sec_16931c0b0ead66","section_id":"sec_16931c0b0ead66","name":"Default","status":1,"cl_rule":"show","enableCl":false,"relations":[],"toggle":true,"title_tag":"h3","show_title":false,"showPrice":"default","form_id":9222,"form_rules":{"exclude_from_discount":false,"fee_label":"Fee","disp_hide_options_price":false,"disp_show_section_price":false,"disp_show_field_price":true,"layout_option":"standard","pric_use_as_fee":false,"process_fee_as":"woo_fee"},"layout_option":"standard"},"fields":[[{"type":"checkbox-group","required":true,"elementId":"checkbox-group_16931c0b0eada5","label":"Account Options","enablePrice":true,"priceOptions":"different_for_all","pricingType":"fixed","price":"100","name":"checkbox-group_16931c0b0eada5","min_options":"1","other_text":"Other","cl_rule":"show","col":6,"values":[{"label":"2024 Account","value":"usd-account-buy","price":"1400","pimage":"","pimage_id":"","pthumb":"","tempId":"aco_525","gt_translate_keys":["label"]},{"label":"2025 Account","value":"2022-acc","price":"1100","pimage":"","pimage_id":"","pthumb":"","tempId":"aco_526","gt_translate_keys":["label"]}],"relations":false,"active":true,"tooltip":"","layOut":"inline","isWeightTemplate":false,"error":false,"isTemplate":false,"checkUi":"","min_quantity":"1","quantity_decimal":false,"quantity_step":"1","quantity_label":"Quantity","repeater_field_label":"{field_label}","repeater_bind":"","gt_translate_keys":["label","tooltip","repeater_field_label","quantity_label"],"price_dependency":false,"cl_dependency":false,"value":""}],[{"type":"checkbox-group","elementId":"checkbox-group_46931c0b0eadc2","label":"Extra Services","enablePrice":true,"priceOptions":"different_for_all","pricingType":"fixed","price":"100","name":"checkbox-group_46931c0b0eadc2","min_options":"1","other_text":"Other","cl_rule":"show","col":6,"values":[{"label":"Ads Manager","value":"camp-mana","price":"200","pimage":"","pimage_id":"","pthumb":"","tempId":"aco_120","gt_translate_keys":["label"]},{"label":"Change Company Name","value":"changename","selected":false,"tempId":"aco_19","price":"500","gt_translate_keys":["label"]}],"relations":false,"active":true,"tooltip":"<a href=\"https:\/\/help.buyadsaccounts.net\/hc\/helpcenter\/articles\/1754560957-additional-options\" target=\"blank\">Read More<\/a>","layOut":"inline","isWeightTemplate":false,"error":false,"isTemplate":false,"checkUi":"","min_quantity":"1","quantity_decimal":false,"quantity_step":"1","quantity_label":"Quantity","repeater_field_label":"{field_label}","repeater_bind":"","gt_translate_keys":["label","tooltip","repeater_field_label","quantity_label"],"price_dependency":false,"cl_dependency":["checkbox-group_86931c0b0eadf2"],"value":""}],[{"type":"checkbox-group","required":true,"elementId":"checkbox-group_86931c0b0eadf2","label":"Ads Manager - How many ADS?","description":"Price per AD","enablePrice":true,"priceOptions":"different_for_all","pricingType":"fixed","price":"100","name":"checkbox-group_86931c0b0eadf2","min_options":"1","other_text":"Other","enableCl":true,"cl_rule":"show","cl_val":"camp-mana","col":6,"values":[{"label":"1 Ad","value":"1adurl","price":"0","pimage":"","pimage_id":"","pthumb":"","gt_translate_keys":["label"]},{"label":"2 Ads","value":"2ads","price":"350","pimage":"","pimage_id":"","pthumb":"","gt_translate_keys":["label"]},{"label":"3 Ads","value":"3ads","price":"500","pimage":"","pimage_id":"","pthumb":"","gt_translate_keys":["label"]},{"label":"5 Ads","value":"5ads","price":"800","pimage":"","pimage_id":"","pthumb":"","gt_translate_keys":["label"]},{"label":"10 Ads","value":"10ads","price":"1500","pimage":"","pimage_id":"","pthumb":"","gt_translate_keys":["label"]}],"relations":[{"operator":false,"rules":[{"operator":false,"rules":{"cl_field":"checkbox-group_46931c0b0eadc2","cl_relation":"is","cl_val":"camp-mana"}}]}],"active":true,"tooltip":"","layOut":"","isWeightTemplate":false,"error":false,"isTemplate":false,"checkUi":"","min_quantity":"1","quantity_decimal":false,"quantity_step":"1","quantity_label":"Quantity","repeater_field_label":"{field_label}","repeater_bind":"","gt_translate_keys":["label","description","tooltip","repeater_field_label","quantity_label"],"price_dependency":false,"cl_dependency":false,"value":""}],[{"type":"number","required":false,"elementId":"number_46931c0b0eae05","label":"Add Funds to the account","description":"5% fee","enablePrice":true,"pricingType":"multiply","price":"1","min":"25","max":"50000","name":"number_46931c0b0eae05","enableCl":false,"cl_rule":"show","cl_val":"add-credit-card","col":"5","relations":[{"operator":false,"rules":[{"operator":false,"rules":{"cl_field":"checkbox-group_46931c0b0eadc2","cl_relation":"is","cl_val":"add-credit-card"}}]}],"active":true,"tooltip":"","isWeightTemplate":false,"error":false,"isTemplate":false,"min_quantity":"1","quantity_decimal":false,"quantity_step":"1","quantity_label":"Quantity","repeater_field_label":"{field_label}","repeater_bind":"","desc_position":"default","gt_translate_keys":["label","description","tooltip","repeater_field_label","quantity_label"],"price_dependency":false,"cl_dependency":false,"value":""}]]}},"config":{"price_override":"","enable_recaptcha":false,"bind_quantity":false,"quantity_bind_formula":false,"disp_summ_show_option_price":false,"disp_summ_show_product_price":false,"disp_summ_show_total_price":true,"disp_summ_show_fee":false,"disp_summ_show_discount":false,"summary_title":"","options_total_label":"Options Price","total_label":"Total","options_product_label":"Product Price","fee_label":"Fee","discount_label":"Discount","has_price":true,"has_quantity_formula":false},"mc_unit":1,"tax_rate":1,"tax_rate_real":1,"discount":{"percentage":0,"fixed":0},"design":{"conf":{"LabelPosition":"above","DescPosition":"above","UploadField":"custom_1","QuantityFieldStyle":"default"},"css":{"LeftLabelWidth":"120px"}},"formulas":[],"lookuptables":[],"clones":false,"cartKey":false}},"_links":{"self":[{"href":"https:\/\/buyadsaccounts.net\/tr\/wp-json\/wp\/v2\/product\/9220","targetHints":{"allow":["GET"]}}],"collection":[{"href":"https:\/\/buyadsaccounts.net\/tr\/wp-json\/wp\/v2\/product"}],"about":[{"href":"https:\/\/buyadsaccounts.net\/tr\/wp-json\/wp\/v2\/types\/product"}],"version-history":[{"count":3,"href":"https:\/\/buyadsaccounts.net\/tr\/wp-json\/wp\/v2\/product\/9220\/revisions"}],"predecessor-version":[{"id":9537,"href":"https:\/\/buyadsaccounts.net\/tr\/wp-json\/wp\/v2\/product\/9220\/revisions\/9537"}],"wp:featuredmedia":[{"embeddable":true,"href":"https:\/\/buyadsaccounts.net\/tr\/wp-json\/wp\/v2\/media\/9221"}],"wp:attachment":[{"href":"https:\/\/buyadsaccounts.net\/tr\/wp-json\/wp\/v2\/media?parent=9220"}],"wp:term":[{"taxonomy":"product_brand","embeddable":true,"href":"https:\/\/buyadsaccounts.net\/tr\/wp-json\/wp\/v2\/product_brand?post=9220"},{"taxonomy":"product_cat","embeddable":true,"href":"https:\/\/buyadsaccounts.net\/tr\/wp-json\/wp\/v2\/product_cat?post=9220"},{"taxonomy":"product_tag","embeddable":true,"href":"https:\/\/buyadsaccounts.net\/tr\/wp-json\/wp\/v2\/product_tag?post=9220"}],"curies":[{"name":"wp","href":"https:\/\/api.w.org\/{rel}","templated":true}]}}