{"id":4939,"date":"2024-04-01T17:25:57","date_gmt":"2024-04-01T16:25:57","guid":{"rendered":"https:\/\/rentaccounts.net\/?post_type=product&#038;p=4939"},"modified":"2026-02-01T17:29:34","modified_gmt":"2026-02-01T17:29:34","slug":"apple-gelistirici-hesaplari-satin-alin","status":"publish","type":"product","link":"https:\/\/buyadsaccounts.net\/tr\/gads\/apple-gelistirici-hesaplari-satin-alin\/","title":{"rendered":"Apple Geli\u015ftirici Hesaplar\u0131 Sat\u0131n Al\u0131n"},"content":{"rendered":"<h2>Neden Apple Geli\u015ftirici Onayl\u0131 Hesaplar\u0131 Sat\u0131n Almal\u0131s\u0131n\u0131z?<\/h2>\n<p>Apple Geli\u015ftirici Onayl\u0131 Hesaplar\u0131, Apple App Store'da uygulama geli\u015ftirmek ve da\u011f\u0131tmak isteyen bireyler ve i\u015fletmeler i\u00e7in \u00e7ok \u00f6nemlidir. Bu onayl\u0131 hesaplar, uygulama geli\u015ftirme ve da\u011f\u0131t\u0131m s\u00fcrecini b\u00fcy\u00fck \u00f6l\u00e7\u00fcde geli\u015ftirebilecek bir dizi avantaj sunar. \u0130\u015fte Apple Geli\u015ftirici Onayl\u0131 Hesaplar\u0131 sat\u0131n almay\u0131 d\u00fc\u015f\u00fcnmeniz i\u00e7in baz\u0131 temel nedenler:<\/p>\n<h3>1. Apple Geli\u015ftirici Ara\u00e7lar\u0131na Eri\u015fim<\/h3>\n<p>Bir Apple Geli\u015ftirici Onayl\u0131 Hesab\u0131 sat\u0131n alarak Apple taraf\u0131ndan sa\u011flanan \u00e7ok \u00e7e\u015fitli geli\u015ftirici ara\u00e7lar\u0131na ve kaynaklar\u0131na eri\u015fim elde edersiniz. Bu ara\u00e7lar aras\u0131nda iOS, macOS, watchOS ve tvOS uygulamalar\u0131 olu\u015fturmaya y\u00f6nelik g\u00fc\u00e7l\u00fc bir entegre geli\u015ftirme ortam\u0131 (IDE) olan Xcode da yer al\u0131yor. Xcode ile uygulamalar\u0131n\u0131z\u0131 verimli bir \u015fekilde tasarlayabilir, kodlayabilir ve hatalar\u0131n\u0131 ay\u0131klayabilir, b\u00f6ylece geli\u015ftirme s\u00fcrecini daha sorunsuz ve verimli hale getirebilirsiniz.<\/p>\n<p>Apple Geli\u015ftirici Onayl\u0131 Hesaplar, Xcode'a ek olarak, uygulaman\u0131z\u0131n beta s\u00fcr\u00fcmlerini geri bildirim ve test amac\u0131yla test kullan\u0131c\u0131lar\u0131na da\u011f\u0131tman\u0131za olanak tan\u0131yan TestFlight gibi di\u011fer de\u011ferli ara\u00e7lara da eri\u015fim sa\u011flar. Bu, uygulaman\u0131z\u0131n resmi olarak yay\u0131nlanmadan \u00f6nce kapsaml\u0131 bir \u015fekilde test edilmesini sa\u011flayarak daha y\u00fcksek kaliteli bir son \u00fcr\u00fcn elde etmenize yard\u0131mc\u0131 olur.<\/p>\n<h3>2. App Store Da\u011f\u0131t\u0131m\u0131<\/h3>\n<p>Apple Geli\u015ftirici Onayl\u0131 Hesab\u0131na sahip olman\u0131n ba\u015fl\u0131ca avantajlar\u0131ndan biri, uygulamalar\u0131n\u0131z\u0131 Apple App Store'da da\u011f\u0131tabilmenizdir. App Store, milyonlarca kullan\u0131c\u0131s\u0131 olan k\u00fcresel bir pazard\u0131r ve uygulaman\u0131z i\u00e7in geni\u015f bir potansiyel kitle sa\u011flar. Uygulaman\u0131z\u0131 App Store'da yay\u0131nlayarak geni\u015f bir kullan\u0131c\u0131 kitlesine ula\u015fabilir ve potansiyel olarak \u00f6nemli bir gelir elde edebilirsiniz.<\/p>\n<p>Apple Geli\u015ftirici Onayl\u0131 Hesab\u0131na sahip olmak, App Store'a uygulama g\u00f6ndermek i\u00e7in bir gerekliliktir. Do\u011frulanm\u0131\u015f bir hesap olmadan uygulaman\u0131z\u0131 bu platformda yay\u0131nlayamazs\u0131n\u0131z. Do\u011frulanm\u0131\u015f bir hesap sat\u0131n alarak bu gereklili\u011fi atlayabilir ve uygulaman\u0131z\u0131 App Store'da hemen da\u011f\u0131tmaya ba\u015flayabilirsiniz.<\/p>\n<h3>3. Artan G\u00fcvenilirlik ve G\u00fcven<\/h3>\n<p>Bir Apple Geli\u015ftirici Onayl\u0131 Hesab\u0131 sat\u0131n ald\u0131\u011f\u0131n\u0131zda, kullan\u0131c\u0131lar\u0131n g\u00f6z\u00fcnde an\u0131nda g\u00fcvenilirlik ve g\u00fcven kazan\u0131rs\u0131n\u0131z. Apple'\u0131n uygulama geli\u015ftirme i\u00e7in kat\u0131 y\u00f6nergeleri ve standartlar\u0131 vard\u0131r ve do\u011frulanm\u0131\u015f bir hesaba sahip olmak bu gereksinimleri kar\u015f\u0131lad\u0131\u011f\u0131n\u0131z\u0131 g\u00f6sterir. Kullan\u0131c\u0131lar, bu uygulamalar\u0131n kapsaml\u0131 bir inceleme s\u00fcrecinden ge\u00e7ti\u011fini ve k\u00f6t\u00fc ama\u00e7l\u0131 yaz\u0131l\u0131m veya di\u011fer g\u00fcvenlik risklerini i\u00e7erme olas\u0131l\u0131\u011f\u0131n\u0131n daha d\u00fc\u015f\u00fck oldu\u011funu bildiklerinden, do\u011frulanm\u0131\u015f hesaplar\u0131 olan geli\u015ftiricilerin uygulamalar\u0131n\u0131 indirme ve kullanma olas\u0131l\u0131klar\u0131 daha y\u00fcksektir.<\/p>\n<p>Ayr\u0131ca, bir Apple Geli\u015ftirici Onayl\u0131 Hesab\u0131na sahip olmak, App Store'da geli\u015ftirici ad\u0131n\u0131z\u0131 ve logonuzu g\u00f6r\u00fcnt\u00fclemenize olanak tan\u0131yarak uygulaman\u0131za profesyonel ve g\u00fcvenilir bir g\u00f6r\u00fcn\u00fcm kazand\u0131r\u0131r. Kullan\u0131c\u0131lar\u0131n sayg\u0131n g\u00f6r\u00fcnen uygulamalar\u0131 indirme ve bunlarla etkile\u015fime ge\u00e7me olas\u0131l\u0131\u011f\u0131 daha y\u00fcksek oldu\u011fundan, bu durum uygulaman\u0131z\u0131n g\u00f6r\u00fcn\u00fcrl\u00fc\u011f\u00fcn\u00fc ve ba\u015far\u0131s\u0131n\u0131 b\u00fcy\u00fck \u00f6l\u00e7\u00fcde art\u0131rabilir.<\/p>\n<h3>Sonu\u00e7<\/h3>\n<p>Genel olarak, bir Apple Geli\u015ftirici Onayl\u0131 Hesab\u0131 sat\u0131n almak, Apple App Store'da uygulama geli\u015ftirmek ve da\u011f\u0131tmak isteyen bireyler ve i\u015fletmeler i\u00e7in say\u0131s\u0131z avantaj sunar. De\u011ferli geli\u015ftirici ara\u00e7lar\u0131na eri\u015fimden App Store'da uygulama yay\u0131nlama ve g\u00fcvenilirlik kazanma becerisine kadar, do\u011frulanm\u0131\u015f bir hesap uygulama geli\u015ftirme ve da\u011f\u0131t\u0131m s\u00fcrecini b\u00fcy\u00fck \u00f6l\u00e7\u00fcde geli\u015ftirebilir.<\/p>","protected":false},"excerpt":{"rendered":"<p>Do\u011frulanm\u0131\u015f hesaplar\u0131m\u0131zla Apple Store Geli\u015ftirici Program\u0131'na an\u0131nda eri\u015fin. Yeni bir hesap olu\u015fturma zahmetini atlay\u0131n ve iOS uygulamalar\u0131n\u0131z\u0131 hemen App Store'a y\u00fcklemeye ba\u015flay\u0131n. Benzersiz Uygulama Y\u00fcklemeleri ve Uygulama \u0130ncelemeleri se\u00e7eneklerimizle android uygulama s\u0131ralamalar\u0131n\u0131z\u0131 y\u00fckseltin.<\/p>","protected":false},"featured_media":4940,"template":"","meta":{"_acf_changed":false,"_glsr_average":5,"_glsr_ranking":4.6153846153846,"_glsr_reviews":29},"product_brand":[],"product_cat":[266],"product_tag":[271,273,272],"class_list":{"0":"post-4939","1":"product","2":"type-product","3":"status-publish","4":"has-post-thumbnail","6":"product_cat-apple-developer-account","7":"product_tag-apple-store-developer-accounts","8":"product_tag-buy-app-store-developer","9":"product_tag-buy-apple-developer-account","10":"wcpa_has_options","12":"first","13":"instock","14":"purchasable","15":"product-type-simple"},"acf":[],"yoast_head":"<!-- This site is optimized with the Yoast SEO Premium plugin v26.7 (Yoast SEO v27.4) - https:\/\/yoast.com\/product\/yoast-seo-premium-wordpress\/ -->\n<title>Buy Apple Developer Accounts - Publish Apps on Apple Store<\/title>\n<meta name=\"description\" content=\"Buy Apple Developer Accounts verified and ready to publish apps on App Store. Get Old Developer accounts and publish your iOS apps instantly.\" \/>\n<meta name=\"robots\" content=\"index, follow, max-snippet:-1, max-image-preview:large, max-video-preview:-1\" \/>\n<link rel=\"canonical\" href=\"https:\/\/buyadsaccounts.net\/tr\/gads\/apple-gelistirici-hesaplari-satin-alin\/\" \/>\n<meta property=\"og:locale\" content=\"tr_TR\" \/>\n<meta property=\"og:type\" content=\"article\" \/>\n<meta property=\"og:title\" content=\"Buy Apple Developer Accounts\" \/>\n<meta property=\"og:description\" content=\"Buy Apple Developer Accounts verified and ready to publish apps on App Store. Get Old Developer accounts and publish your iOS apps instantly.\" \/>\n<meta property=\"og:url\" content=\"https:\/\/buyadsaccounts.net\/tr\/gads\/apple-gelistirici-hesaplari-satin-alin\/\" \/>\n<meta property=\"og:site_name\" content=\"BuyAdsAccounts\" \/>\n<meta property=\"article:modified_time\" content=\"2026-02-01T17:29:34+00:00\" \/>\n<meta property=\"og:image\" content=\"https:\/\/buyadsaccounts.net\/wp-content\/uploads\/2024\/04\/apple-developer-accounts.png\" \/>\n\t<meta property=\"og:image:width\" content=\"518\" \/>\n\t<meta property=\"og:image:height\" content=\"597\" \/>\n\t<meta property=\"og:image:type\" content=\"image\/png\" \/>\n<meta name=\"twitter:card\" content=\"summary_large_image\" \/>\n<meta name=\"twitter:label1\" content=\"Tahmini okuma s\u00fcresi\" \/>\n\t<meta name=\"twitter:data1\" content=\"3 dakika\" \/>\n<script type=\"application\/ld+json\" class=\"yoast-schema-graph\">{\"@context\":\"https:\\\/\\\/schema.org\",\"@graph\":[{\"@type\":\"WebPage\",\"@id\":\"https:\\\/\\\/buyadsaccounts.net\\\/gads\\\/buy-apple-developer-accounts\\\/\",\"url\":\"https:\\\/\\\/buyadsaccounts.net\\\/gads\\\/buy-apple-developer-accounts\\\/\",\"name\":\"Buy Apple Developer Accounts - Publish Apps on Apple Store\",\"isPartOf\":{\"@id\":\"https:\\\/\\\/buyadsaccounts.net\\\/#website\"},\"primaryImageOfPage\":{\"@id\":\"https:\\\/\\\/buyadsaccounts.net\\\/gads\\\/buy-apple-developer-accounts\\\/#primaryimage\"},\"image\":{\"@id\":\"https:\\\/\\\/buyadsaccounts.net\\\/gads\\\/buy-apple-developer-accounts\\\/#primaryimage\"},\"thumbnailUrl\":\"https:\\\/\\\/buyadsaccounts.net\\\/wp-content\\\/uploads\\\/2024\\\/04\\\/apple-developer-accounts.png\",\"datePublished\":\"2024-04-01T16:25:57+00:00\",\"dateModified\":\"2026-02-01T17:29:34+00:00\",\"description\":\"Buy Apple Developer Accounts verified and ready to publish apps on App Store. Get Old Developer accounts and publish your iOS apps instantly.\",\"breadcrumb\":{\"@id\":\"https:\\\/\\\/buyadsaccounts.net\\\/gads\\\/buy-apple-developer-accounts\\\/#breadcrumb\"},\"inLanguage\":\"tr\",\"potentialAction\":[{\"@type\":\"ReadAction\",\"target\":[\"https:\\\/\\\/buyadsaccounts.net\\\/gads\\\/buy-apple-developer-accounts\\\/\"]}]},{\"@type\":\"ImageObject\",\"inLanguage\":\"tr\",\"@id\":\"https:\\\/\\\/buyadsaccounts.net\\\/gads\\\/buy-apple-developer-accounts\\\/#primaryimage\",\"url\":\"https:\\\/\\\/buyadsaccounts.net\\\/wp-content\\\/uploads\\\/2024\\\/04\\\/apple-developer-accounts.png\",\"contentUrl\":\"https:\\\/\\\/buyadsaccounts.net\\\/wp-content\\\/uploads\\\/2024\\\/04\\\/apple-developer-accounts.png\",\"width\":518,\"height\":597},{\"@type\":\"BreadcrumbList\",\"@id\":\"https:\\\/\\\/buyadsaccounts.net\\\/gads\\\/buy-apple-developer-accounts\\\/#breadcrumb\",\"itemListElement\":[{\"@type\":\"ListItem\",\"position\":1,\"name\":\"Home\",\"item\":\"https:\\\/\\\/buyadsaccounts.net\\\/\"},{\"@type\":\"ListItem\",\"position\":2,\"name\":\"Shop\",\"item\":\"https:\\\/\\\/buyadsaccounts.net\\\/ar\\\/%d9%85%d8%aa%d8%ac%d8%b1\\\/\"},{\"@type\":\"ListItem\",\"position\":3,\"name\":\"Buy Apple Developer Accounts\"}]},{\"@type\":\"WebSite\",\"@id\":\"https:\\\/\\\/buyadsaccounts.net\\\/#website\",\"url\":\"https:\\\/\\\/buyadsaccounts.net\\\/\",\"name\":\"BuyAdsAccounts\",\"description\":\"\",\"publisher\":{\"@id\":\"https:\\\/\\\/buyadsaccounts.net\\\/#organization\"},\"potentialAction\":[{\"@type\":\"SearchAction\",\"target\":{\"@type\":\"EntryPoint\",\"urlTemplate\":\"https:\\\/\\\/buyadsaccounts.net\\\/?s={search_term_string}\"},\"query-input\":{\"@type\":\"PropertyValueSpecification\",\"valueRequired\":true,\"valueName\":\"search_term_string\"}}],\"inLanguage\":\"tr\"},{\"@type\":\"Organization\",\"@id\":\"https:\\\/\\\/buyadsaccounts.net\\\/#organization\",\"name\":\"Buy Google Ads Accounts\",\"url\":\"https:\\\/\\\/buyadsaccounts.net\\\/\",\"logo\":{\"@type\":\"ImageObject\",\"inLanguage\":\"tr\",\"@id\":\"https:\\\/\\\/buyadsaccounts.net\\\/#\\\/schema\\\/logo\\\/image\\\/\",\"url\":\"https:\\\/\\\/buyadsaccounts.net\\\/wp-content\\\/uploads\\\/2024\\\/12\\\/buyads-fav.jpg\",\"contentUrl\":\"https:\\\/\\\/buyadsaccounts.net\\\/wp-content\\\/uploads\\\/2024\\\/12\\\/buyads-fav.jpg\",\"width\":512,\"height\":512,\"caption\":\"Buy Google Ads Accounts\"},\"image\":{\"@id\":\"https:\\\/\\\/buyadsaccounts.net\\\/#\\\/schema\\\/logo\\\/image\\\/\"}}]}<\/script>\n<!-- \/ Yoast SEO Premium plugin. -->","yoast_head_json":{"title":"Apple Geli\u015ftirici Hesaplar\u0131 Sat\u0131n Al\u0131n - Apple Store'da Uygulama Yay\u0131nlay\u0131n","description":"Do\u011frulanm\u0131\u015f ve App Store'da uygulama yay\u0131nlamaya haz\u0131r Apple Geli\u015ftirici Hesaplar\u0131 sat\u0131n al\u0131n. Eski Geli\u015ftirici hesaplar\u0131n\u0131 al\u0131n ve iOS uygulamalar\u0131n\u0131z\u0131 an\u0131nda yay\u0131nlay\u0131n.","robots":{"index":"index","follow":"follow","max-snippet":"max-snippet:-1","max-image-preview":"max-image-preview:large","max-video-preview":"max-video-preview:-1"},"canonical":"https:\/\/buyadsaccounts.net\/tr\/gads\/apple-gelistirici-hesaplari-satin-alin\/","og_locale":"tr_TR","og_type":"article","og_title":"Buy Apple Developer Accounts","og_description":"Buy Apple Developer Accounts verified and ready to publish apps on App Store. Get Old Developer accounts and publish your iOS apps instantly.","og_url":"https:\/\/buyadsaccounts.net\/tr\/gads\/apple-gelistirici-hesaplari-satin-alin\/","og_site_name":"BuyAdsAccounts","article_modified_time":"2026-02-01T17:29:34+00:00","og_image":[{"width":518,"height":597,"url":"https:\/\/buyadsaccounts.net\/wp-content\/uploads\/2024\/04\/apple-developer-accounts.png","type":"image\/png"}],"twitter_card":"summary_large_image","twitter_misc":{"Tahmini okuma s\u00fcresi":"3 dakika"},"schema":{"@context":"https:\/\/schema.org","@graph":[{"@type":"WebPage","@id":"https:\/\/buyadsaccounts.net\/gads\/buy-apple-developer-accounts\/","url":"https:\/\/buyadsaccounts.net\/gads\/buy-apple-developer-accounts\/","name":"Apple Geli\u015ftirici Hesaplar\u0131 Sat\u0131n Al\u0131n - Apple Store'da Uygulama Yay\u0131nlay\u0131n","isPartOf":{"@id":"https:\/\/buyadsaccounts.net\/#website"},"primaryImageOfPage":{"@id":"https:\/\/buyadsaccounts.net\/gads\/buy-apple-developer-accounts\/#primaryimage"},"image":{"@id":"https:\/\/buyadsaccounts.net\/gads\/buy-apple-developer-accounts\/#primaryimage"},"thumbnailUrl":"https:\/\/buyadsaccounts.net\/wp-content\/uploads\/2024\/04\/apple-developer-accounts.png","datePublished":"2024-04-01T16:25:57+00:00","dateModified":"2026-02-01T17:29:34+00:00","description":"Do\u011frulanm\u0131\u015f ve App Store'da uygulama yay\u0131nlamaya haz\u0131r Apple Geli\u015ftirici Hesaplar\u0131 sat\u0131n al\u0131n. Eski Geli\u015ftirici hesaplar\u0131n\u0131 al\u0131n ve iOS uygulamalar\u0131n\u0131z\u0131 an\u0131nda yay\u0131nlay\u0131n.","breadcrumb":{"@id":"https:\/\/buyadsaccounts.net\/gads\/buy-apple-developer-accounts\/#breadcrumb"},"inLanguage":"tr","potentialAction":[{"@type":"ReadAction","target":["https:\/\/buyadsaccounts.net\/gads\/buy-apple-developer-accounts\/"]}]},{"@type":"ImageObject","inLanguage":"tr","@id":"https:\/\/buyadsaccounts.net\/gads\/buy-apple-developer-accounts\/#primaryimage","url":"https:\/\/buyadsaccounts.net\/wp-content\/uploads\/2024\/04\/apple-developer-accounts.png","contentUrl":"https:\/\/buyadsaccounts.net\/wp-content\/uploads\/2024\/04\/apple-developer-accounts.png","width":518,"height":597},{"@type":"BreadcrumbList","@id":"https:\/\/buyadsaccounts.net\/gads\/buy-apple-developer-accounts\/#breadcrumb","itemListElement":[{"@type":"ListItem","position":1,"name":"Home","item":"https:\/\/buyadsaccounts.net\/"},{"@type":"ListItem","position":2,"name":"Shop","item":"https:\/\/buyadsaccounts.net\/ar\/%d9%85%d8%aa%d8%ac%d8%b1\/"},{"@type":"ListItem","position":3,"name":"Buy Apple Developer Accounts"}]},{"@type":"WebSite","@id":"https:\/\/buyadsaccounts.net\/#website","url":"https:\/\/buyadsaccounts.net\/","name":"BuyAdsAccounts","description":"","publisher":{"@id":"https:\/\/buyadsaccounts.net\/#organization"},"potentialAction":[{"@type":"SearchAction","target":{"@type":"EntryPoint","urlTemplate":"https:\/\/buyadsaccounts.net\/?s={search_term_string}"},"query-input":{"@type":"PropertyValueSpecification","valueRequired":true,"valueName":"search_term_string"}}],"inLanguage":"tr"},{"@type":"Organization","@id":"https:\/\/buyadsaccounts.net\/#organization","name":"Google Ads Hesaplar\u0131 Sat\u0131n Al\u0131n","url":"https:\/\/buyadsaccounts.net\/","logo":{"@type":"ImageObject","inLanguage":"tr","@id":"https:\/\/buyadsaccounts.net\/#\/schema\/logo\/image\/","url":"https:\/\/buyadsaccounts.net\/wp-content\/uploads\/2024\/12\/buyads-fav.jpg","contentUrl":"https:\/\/buyadsaccounts.net\/wp-content\/uploads\/2024\/12\/buyads-fav.jpg","width":512,"height":512,"caption":"Buy Google Ads Accounts"},"image":{"@id":"https:\/\/buyadsaccounts.net\/#\/schema\/logo\/image\/"}}]}},"wcpa_form_fields":{"wcpaData":{"product":{"product_price":0,"price_html":"<span class=\"woocommerce-Price-amount amount\"><bdi>0<span class=\"woocommerce-Price-currencySymbol\">&#36;<\/span><\/bdi><\/span>","original_product_price":0,"price_including_tax":0,"price_excluding_tax":0,"product_id":{"parent":4939,"variation":false},"is_variable":false,"stock_status":"instock","stock_quantity":null,"parent_sku":"","product_attributes":[],"custom_fields":[],"is_taxable":false,"product_name":"Buy Apple Developer Accounts","hasImage":false},"fields":{"sec_4695e9740c4fc7":{"extra":{"key":"sec_4695e9740c4fc7","section_id":"sec_4695e9740c4fc7","name":"Default","status":1,"cl_rule":"show","enableCl":false,"relations":[],"toggle":true,"title_tag":"h3","show_title":false,"showPrice":"default","form_id":4941,"form_rules":{"exclude_from_discount":false,"fee_label":"Fee","disp_hide_options_price":false,"disp_show_section_price":false,"disp_show_field_price":true,"layout_option":"standard","pric_use_as_fee":false,"process_fee_as":"woo_fee"},"layout_option":"standard"},"fields":[[{"type":"checkbox-group","required":true,"elementId":"wcpa-checkbox-group-660ae21e5b174","label":"Account Options","enablePrice":true,"priceOptions":"different_for_all","pricingType":"fixed","price":"100","name":"checkbox-group-660ae21e5b17c","min_options":"1","other_text":"Other","cl_rule":"show","col":6,"values":[{"label":"2023 Personal Account","value":"old202","price":"300","pimage":"","pimage_id":"","pthumb":"","tempId":"aco_1045","gt_translate_keys":["label"]},{"label":"2022 Organization Account","value":"org2022","price":"600","pimage":"","pimage_id":"","pthumb":"","tempId":"aco_1046","gt_translate_keys":["label"]},{"label":"2023 Organization Account","value":"mfk2023","price":"450","pimage":"","pimage_id":"","pthumb":"","tempId":"aco_1047","gt_translate_keys":["label"]}],"relations":false,"active":true,"tooltip":"","layOut":"","isWeightTemplate":false,"error":false,"isTemplate":false,"checkUi":"","min_quantity":"1","quantity_decimal":false,"quantity_step":"1","quantity_label":"Quantity","repeater_field_label":"{field_label}","repeater_bind":"","gt_translate_keys":["label","tooltip","repeater_field_label","quantity_label"],"price_dependency":false,"cl_dependency":false,"value":""}],[{"type":"checkbox-group","elementId":"wcpa-checkbox-group-660ae21e5b181","label":"Extra Services","enablePrice":true,"priceOptions":"different_for_all","pricingType":"fixed","price":"100","name":"checkbox-group-660ae21e5b185","min_options":"1","other_text":"Other","cl_rule":"show","col":6,"values":[{"label":"Keyword App Installs","value":"appinsla","price":"0","pimage":"","pimage_id":"","pthumb":"","tempId":"aco_4569","gt_translate_keys":["label"]},{"label":"App Reviews + Rating","value":"apprev","price":"0","pimage":"","pimage_id":"","pthumb":"","tempId":"aco_4570","gt_translate_keys":["label"]},{"label":"Publish my App","value":"pub20","price":"100","pimage":"","pimage_id":"","pthumb":"","tempId":"aco_4571","gt_translate_keys":["label"]},{"label":"Premium Proxy","value":"prmprox","selected":false,"tempId":"aco_4581","price":"20","gt_translate_keys":["label"]},{"label":"Premium Warranty","value":"premwar","selected":false,"tempId":"aco_1761","price":"1500","gt_translate_keys":["label"]}],"relations":false,"active":true,"tooltip":"<a href=\"https:\/\/help.buyadsaccounts.net\/hc\/helpcenter\/articles\/1754560957-additional-options\" target=\"blank\">Read More<\/a>","layOut":"","isWeightTemplate":false,"error":false,"isTemplate":false,"checkUi":"","min_quantity":"1","quantity_decimal":false,"quantity_step":"1","quantity_label":"Quantity","repeater_field_label":"{field_label}","repeater_bind":"","gt_translate_keys":["label","tooltip","repeater_field_label","quantity_label"],"price_dependency":false,"cl_dependency":["wcpa-checkbox-group-660ae21e5b189","wcpa-checkbox-group-660ae21e5b191"],"value":""}],[{"type":"checkbox-group","required":true,"elementId":"wcpa-checkbox-group-660ae21e5b189","label":"How many Installs?","enablePrice":true,"priceOptions":"different_for_all","pricingType":"fixed","price":"100","name":"checkbox-group-660ae21e5b18d","min_options":"1","other_text":"Other","enableCl":true,"cl_rule":"show","cl_val":"appinsla","col":6,"values":[{"label":"1000 App Installs","value":"500ins","price":"300","pimage":"","pimage_id":"","pthumb":"","gt_translate_keys":["label"]},{"label":"5000 App Installs","value":"500app","price":"1400","pimage":"","pimage_id":"","pthumb":"","gt_translate_keys":["label"]},{"label":"10.000 App Installs","value":"10kapp","price":"2700","pimage":"","pimage_id":"","pthumb":"","gt_translate_keys":["label"]}],"relations":[{"operator":false,"rules":[{"operator":false,"rules":{"cl_field":"wcpa-checkbox-group-660ae21e5b181","cl_relation":"is","cl_val":"appinsla"}}]}],"active":true,"tooltip":"","layOut":"","gt_translate_keys":["label","tooltip"],"price_dependency":false,"cl_dependency":false,"value":""}],[{"type":"checkbox-group","required":true,"elementId":"wcpa-checkbox-group-660ae21e5b191","label":"How many Reviews?","enablePrice":true,"priceOptions":"different_for_all","pricingType":"fixed","price":"100","name":"checkbox-group-660ae21e5b195","min_options":"1","other_text":"Other","enableCl":true,"cl_rule":"show","cl_val":"apprev","col":6,"values":[{"label":"500 Reviews + Ratings Random","value":"500rev","price":"250","pimage":"","pimage_id":"","pthumb":"","gt_translate_keys":["label"]},{"label":"1000 Reviews + Ratings Random","value":"100revw","price":"500","pimage":"","pimage_id":"","pthumb":"","gt_translate_keys":["label"]},{"label":"5000 Reviews + Ratings Random","value":"r00anr","price":"2000","pimage":"","pimage_id":"","pthumb":"","gt_translate_keys":["label"]},{"label":"500 Reviews + Ratings Custom","value":"500ccus","price":"350","pimage":"","pimage_id":"","pthumb":"","gt_translate_keys":["label"]},{"label":"1000 Reviews + Ratings Custom","value":"100cus","price":"600","pimage":"","pimage_id":"","pthumb":"","gt_translate_keys":["label"]},{"label":"5000 Reviews + Ratings Custom","value":"500cus","price":"2500","pimage":"","pimage_id":"","pthumb":"","gt_translate_keys":["label"]}],"relations":[{"operator":false,"rules":[{"operator":false,"rules":{"cl_field":"wcpa-checkbox-group-660ae21e5b181","cl_relation":"is","cl_val":"apprev"}}]}],"active":true,"tooltip":"","layOut":"","error":false,"gt_translate_keys":["label","tooltip"],"price_dependency":false,"cl_dependency":false,"value":""}]]}},"config":{"price_override":"","enable_recaptcha":false,"bind_quantity":false,"quantity_bind_formula":false,"disp_summ_show_option_price":false,"disp_summ_show_product_price":false,"disp_summ_show_total_price":true,"disp_summ_show_fee":false,"disp_summ_show_discount":false,"summary_title":"","options_total_label":"Options Price","total_label":"Total","options_product_label":"Product Price","fee_label":"Fee","discount_label":"Discount","has_price":true,"has_quantity_formula":false},"mc_unit":1,"tax_rate":1,"tax_rate_real":1,"discount":{"percentage":0,"fixed":0},"design":{"conf":{"LabelPosition":"above","DescPosition":"above","UploadField":"custom_1","QuantityFieldStyle":"default"},"css":{"LeftLabelWidth":"120px"}},"formulas":[],"lookuptables":[],"clones":false,"cartKey":false}},"_links":{"self":[{"href":"https:\/\/buyadsaccounts.net\/tr\/wp-json\/wp\/v2\/product\/4939","targetHints":{"allow":["GET"]}}],"collection":[{"href":"https:\/\/buyadsaccounts.net\/tr\/wp-json\/wp\/v2\/product"}],"about":[{"href":"https:\/\/buyadsaccounts.net\/tr\/wp-json\/wp\/v2\/types\/product"}],"version-history":[{"count":1,"href":"https:\/\/buyadsaccounts.net\/tr\/wp-json\/wp\/v2\/product\/4939\/revisions"}],"predecessor-version":[{"id":9547,"href":"https:\/\/buyadsaccounts.net\/tr\/wp-json\/wp\/v2\/product\/4939\/revisions\/9547"}],"wp:featuredmedia":[{"embeddable":true,"href":"https:\/\/buyadsaccounts.net\/tr\/wp-json\/wp\/v2\/media\/4940"}],"wp:attachment":[{"href":"https:\/\/buyadsaccounts.net\/tr\/wp-json\/wp\/v2\/media?parent=4939"}],"wp:term":[{"taxonomy":"product_brand","embeddable":true,"href":"https:\/\/buyadsaccounts.net\/tr\/wp-json\/wp\/v2\/product_brand?post=4939"},{"taxonomy":"product_cat","embeddable":true,"href":"https:\/\/buyadsaccounts.net\/tr\/wp-json\/wp\/v2\/product_cat?post=4939"},{"taxonomy":"product_tag","embeddable":true,"href":"https:\/\/buyadsaccounts.net\/tr\/wp-json\/wp\/v2\/product_tag?post=4939"}],"curies":[{"name":"wp","href":"https:\/\/api.w.org\/{rel}","templated":true}]}}