{"id":3565,"date":"2022-10-12T12:36:45","date_gmt":"2022-10-12T09:36:45","guid":{"rendered":"https:\/\/rentaccounts.net\/?post_type=product&#038;p=3565"},"modified":"2026-02-01T17:15:32","modified_gmt":"2026-02-01T17:15:32","slug":"google-merchant-center-reklam-hesabi","status":"publish","type":"product","link":"https:\/\/buyadsaccounts.net\/tr\/gads\/google-merchant-center-reklam-hesabi\/","title":{"rendered":"Google Merchant Center Hesab\u0131 Sat\u0131n Al\u0131n"},"content":{"rendered":"<h2>Google Merchant Center Reklamlar\u0131n\u0131n G\u00fcc\u00fc<\/h2>\n<p>Google Merchant Center Ads, \u00fcr\u00fcnlerinizi do\u011frudan Google arama sonu\u00e7lar\u0131 sayfalar\u0131nda, Google Al\u0131\u015fveri\u015f'te ve di\u011fer Google m\u00fclklerinde g\u00f6r\u00fcnt\u00fclemenizi sa\u011flayan g\u00fc\u00e7l\u00fc bir reklam platformudur. Bu platformdan yararlanarak \u00e7evrimi\u00e7i g\u00f6r\u00fcn\u00fcrl\u00fc\u011f\u00fcn\u00fcz\u00fc art\u0131rabilir ve web sitenize daha nitelikli trafik \u00e7ekebilirsiniz.<\/p>\n<p>Google Merchant Center Reklamlar\u0131n\u0131 kullanman\u0131n baz\u0131 temel avantajlar\u0131 \u015funlard\u0131r:<\/p>\n<ol>\n<li><strong>Artan g\u00f6r\u00fcn\u00fcrl\u00fck:<\/strong> Google Merchant Center Reklamlar\u0131 ile \u00fcr\u00fcnleriniz arama sonu\u00e7lar\u0131 sayfalar\u0131nda belirgin bir \u015fekilde g\u00f6r\u00fcnt\u00fclenerek potansiyel m\u00fc\u015fterilerin sizi bulmas\u0131n\u0131 kolayla\u015ft\u0131r\u0131r.<\/li>\n<li><strong>Nitelikli trafik:<\/strong> Belirli anahtar kelimeleri ve demografik \u00f6zellikleri hedefleyerek, web sitenize son derece alakal\u0131 ve ilgili m\u00fc\u015fterileri \u00e7ekebilirsiniz.<\/li>\n<li><strong>Kolay \u00fcr\u00fcn y\u00f6netimi:<\/strong> Google Merchant Center Ads, \u00fcr\u00fcn envanterinizi kolayca y\u00fcklemenize ve y\u00f6netmenize olanak tan\u0131yarak reklamlar\u0131n\u0131z\u0131n her zaman g\u00fcncel olmas\u0131n\u0131 sa\u011flar.<\/li>\n<li><strong>Performans takibi:<\/strong> Ayr\u0131nt\u0131l\u0131 analiz ve raporlama sayesinde reklamlar\u0131n\u0131z\u0131n performans\u0131n\u0131 takip edebilir ve kampanyalar\u0131n\u0131z\u0131 optimize etmek i\u00e7in veriye dayal\u0131 kararlar alabilirsiniz.<\/li>\n<\/ol>\n<h3>Neden Google Merchant Center Reklam Hesab\u0131 Sat\u0131n Almal\u0131s\u0131n\u0131z?<\/h3>\n<p>Google Merchant Center Ads hesab\u0131 sat\u0131n almak, reklam kampanyalar\u0131na h\u0131zl\u0131 bir \u015fekilde ba\u015flamak isteyen i\u015fletmeler i\u00e7in harika bir se\u00e7enek olabilir. \u0130\u015fte nedeni:<\/p>\n<ol>\n<li><strong>An\u0131nda eri\u015fim:<\/strong> Bir Google Merchant Center Ads hesab\u0131 sat\u0131n ald\u0131\u011f\u0131n\u0131zda, uzun do\u011frulama s\u00fcrecini atlayabilir ve hemen reklam vermeye ba\u015flayabilirsiniz.<\/li>\n<li><strong>Kurulu\u015f tarihi:<\/strong> Mevcut bir hesab\u0131 sat\u0131n almak size, reklam performans\u0131n\u0131z\u0131 olumlu y\u00f6nde etkileyebilecek yerle\u015fik bir ge\u00e7mi\u015fe sahip olma avantaj\u0131 sa\u011flar.<\/li>\n<li><strong>Uzman rehberli\u011fi:<\/strong> Baz\u0131 sat\u0131c\u0131lar, Google Merchant Center Ads hesab\u0131n\u0131zdan en iyi \u015fekilde yararlanman\u0131za yard\u0131mc\u0131 olmak i\u00e7in ek destek ve rehberlik sunar.<\/li>\n<li><strong>Zamandan ve emekten tasarruf edin:<\/strong> S\u0131f\u0131rdan bir hesap olu\u015fturma s\u00fcrecinden ge\u00e7mek yerine, bir hesap sat\u0131n almak i\u015finizin di\u011fer y\u00f6nlerine odaklanman\u0131z\u0131 sa\u011flar.<\/li>\n<\/ol>\n<h3>Google Merchant Center Reklam Hesab\u0131 Nas\u0131l Sat\u0131n Al\u0131n\u0131r?<\/h3>\n<p>Google Merchant Center Reklamlar\u0131n\u0131 kullanman\u0131n ve bir hesap sat\u0131n alman\u0131n faydalar\u0131n\u0131 anlad\u0131\u011f\u0131n\u0131za g\u00f6re, \u015fimdi bir hesap sat\u0131n almaya nas\u0131l ba\u015flayabilece\u011finizi tart\u0131\u015fal\u0131m:<\/p>\n<ol>\n<li><strong>Sayg\u0131n sat\u0131c\u0131lar\u0131 ara\u015ft\u0131r\u0131n:<\/strong> Me\u015fru Google Merchant Center Reklam hesaplar\u0131 sa\u011flama konusunda ge\u00e7mi\u015fi olan g\u00fcvenilir sat\u0131c\u0131lar\u0131 aray\u0131n.<\/li>\n<li><strong>\u015eartlar ve ko\u015fullar \u00fczerinde anla\u015f\u0131n:<\/strong> \u0130htiya\u00e7 duyabilece\u011finiz ek destek veya rehberlik de dahil olmak \u00fczere i\u015flem ko\u015fullar\u0131n\u0131 g\u00f6r\u00fc\u015f\u00fcn.<\/li>\n<li><strong>Sat\u0131n alma i\u015flemini yap\u0131n:<\/strong> Sat\u0131c\u0131n\u0131n g\u00fcvenilirli\u011finden ve \u015fartlar\u0131ndan memnun kald\u0131\u011f\u0131n\u0131zda, sat\u0131n alma i\u015flemine devam edin.<\/li>\n<\/ol>\n<p>&nbsp;<\/p>","protected":false},"excerpt":{"rendered":"<p>Al\u0131\u015fveri\u015f Reklamlar\u0131 ile \u00fcr\u00fcnlerinizi Google Al\u0131\u015fveri\u015f'te \u00e7evrimi\u00e7i satmak i\u00e7in eksiksiz \u00e7\u00f6z\u00fcm. Google Merchant Center Ads ile \u00fcr\u00fcnlerinizi, sundu\u011funuz \u00fcr\u00fcnleri aktif olarak arayan milyonlarca potansiyel m\u00fc\u015fteriye sergileyebilirsiniz.<\/p>","protected":false},"featured_media":3566,"template":"","meta":{"_acf_changed":false,"_glsr_average":5,"_glsr_ranking":4.7,"_glsr_reviews":40},"product_brand":[],"product_cat":[171],"product_tag":[],"class_list":{"0":"post-3565","1":"product","2":"type-product","3":"status-publish","4":"has-post-thumbnail","6":"product_cat-google-merchant-center","7":"wcpa_has_options","9":"first","10":"instock","11":"purchasable","12":"product-type-simple"},"acf":[],"yoast_head":"<!-- This site is optimized with the Yoast SEO Premium plugin v26.7 (Yoast SEO v27.4) - https:\/\/yoast.com\/product\/yoast-seo-premium-wordpress\/ -->\n<title>Buy Google Merchant Center Ads Accounts - Shopping Ads<\/title>\n<meta name=\"description\" content=\"Buy Google Merchant Center Ads accounts. Premium accounts ready to publish campaigns instantly. Advertise on Google Shopping With Our Accounts.\" \/>\n<meta name=\"robots\" content=\"index, follow, max-snippet:-1, max-image-preview:large, max-video-preview:-1\" \/>\n<link rel=\"canonical\" href=\"https:\/\/buyadsaccounts.net\/tr\/gads\/google-merchant-center-reklam-hesabi\/\" \/>\n<meta property=\"og:locale\" content=\"tr_TR\" \/>\n<meta property=\"og:type\" content=\"article\" \/>\n<meta property=\"og:title\" content=\"Buy Google Merchant Center Account\" \/>\n<meta property=\"og:description\" content=\"Buy Google Merchant Center Ads accounts. Premium accounts ready to publish campaigns instantly. Advertise on Google Shopping With Our Accounts.\" \/>\n<meta property=\"og:url\" content=\"https:\/\/buyadsaccounts.net\/tr\/gads\/google-merchant-center-reklam-hesabi\/\" \/>\n<meta property=\"og:site_name\" content=\"BuyAdsAccounts\" \/>\n<meta property=\"article:modified_time\" content=\"2026-02-01T17:15:32+00:00\" \/>\n<meta property=\"og:image\" content=\"https:\/\/buyadsaccounts.net\/wp-content\/uploads\/2022\/10\/google-merchant-center-account.jpg\" \/>\n\t<meta property=\"og:image:width\" content=\"500\" \/>\n\t<meta property=\"og:image:height\" content=\"500\" \/>\n\t<meta property=\"og:image:type\" content=\"image\/jpeg\" \/>\n<meta name=\"twitter:card\" content=\"summary_large_image\" \/>\n<meta name=\"twitter:label1\" content=\"Tahmini okuma s\u00fcresi\" \/>\n\t<meta name=\"twitter:data1\" content=\"2 dakika\" \/>\n<script type=\"application\/ld+json\" class=\"yoast-schema-graph\">{\"@context\":\"https:\\\/\\\/schema.org\",\"@graph\":[{\"@type\":\"WebPage\",\"@id\":\"https:\\\/\\\/buyadsaccounts.net\\\/gads\\\/google-merchant-center-ads-account\\\/\",\"url\":\"https:\\\/\\\/buyadsaccounts.net\\\/gads\\\/google-merchant-center-ads-account\\\/\",\"name\":\"Buy Google Merchant Center Ads Accounts - Shopping Ads\",\"isPartOf\":{\"@id\":\"https:\\\/\\\/buyadsaccounts.net\\\/#website\"},\"primaryImageOfPage\":{\"@id\":\"https:\\\/\\\/buyadsaccounts.net\\\/gads\\\/google-merchant-center-ads-account\\\/#primaryimage\"},\"image\":{\"@id\":\"https:\\\/\\\/buyadsaccounts.net\\\/gads\\\/google-merchant-center-ads-account\\\/#primaryimage\"},\"thumbnailUrl\":\"https:\\\/\\\/buyadsaccounts.net\\\/wp-content\\\/uploads\\\/2022\\\/10\\\/google-merchant-center-account.jpg\",\"datePublished\":\"2022-10-12T09:36:45+00:00\",\"dateModified\":\"2026-02-01T17:15:32+00:00\",\"description\":\"Buy Google Merchant Center Ads accounts. Premium accounts ready to publish campaigns instantly. Advertise on Google Shopping With Our Accounts.\",\"breadcrumb\":{\"@id\":\"https:\\\/\\\/buyadsaccounts.net\\\/gads\\\/google-merchant-center-ads-account\\\/#breadcrumb\"},\"inLanguage\":\"tr\",\"potentialAction\":[{\"@type\":\"ReadAction\",\"target\":[\"https:\\\/\\\/buyadsaccounts.net\\\/gads\\\/google-merchant-center-ads-account\\\/\"]}]},{\"@type\":\"ImageObject\",\"inLanguage\":\"tr\",\"@id\":\"https:\\\/\\\/buyadsaccounts.net\\\/gads\\\/google-merchant-center-ads-account\\\/#primaryimage\",\"url\":\"https:\\\/\\\/buyadsaccounts.net\\\/wp-content\\\/uploads\\\/2022\\\/10\\\/google-merchant-center-account.jpg\",\"contentUrl\":\"https:\\\/\\\/buyadsaccounts.net\\\/wp-content\\\/uploads\\\/2022\\\/10\\\/google-merchant-center-account.jpg\",\"width\":500,\"height\":500},{\"@type\":\"BreadcrumbList\",\"@id\":\"https:\\\/\\\/buyadsaccounts.net\\\/gads\\\/google-merchant-center-ads-account\\\/#breadcrumb\",\"itemListElement\":[{\"@type\":\"ListItem\",\"position\":1,\"name\":\"Home\",\"item\":\"https:\\\/\\\/buyadsaccounts.net\\\/\"},{\"@type\":\"ListItem\",\"position\":2,\"name\":\"Shop\",\"item\":\"https:\\\/\\\/buyadsaccounts.net\\\/ar\\\/%d9%85%d8%aa%d8%ac%d8%b1\\\/\"},{\"@type\":\"ListItem\",\"position\":3,\"name\":\"Buy Google Merchant Center Account\"}]},{\"@type\":\"WebSite\",\"@id\":\"https:\\\/\\\/buyadsaccounts.net\\\/#website\",\"url\":\"https:\\\/\\\/buyadsaccounts.net\\\/\",\"name\":\"BuyAdsAccounts\",\"description\":\"\",\"publisher\":{\"@id\":\"https:\\\/\\\/buyadsaccounts.net\\\/#organization\"},\"potentialAction\":[{\"@type\":\"SearchAction\",\"target\":{\"@type\":\"EntryPoint\",\"urlTemplate\":\"https:\\\/\\\/buyadsaccounts.net\\\/?s={search_term_string}\"},\"query-input\":{\"@type\":\"PropertyValueSpecification\",\"valueRequired\":true,\"valueName\":\"search_term_string\"}}],\"inLanguage\":\"tr\"},{\"@type\":\"Organization\",\"@id\":\"https:\\\/\\\/buyadsaccounts.net\\\/#organization\",\"name\":\"Buy Google Ads Accounts\",\"url\":\"https:\\\/\\\/buyadsaccounts.net\\\/\",\"logo\":{\"@type\":\"ImageObject\",\"inLanguage\":\"tr\",\"@id\":\"https:\\\/\\\/buyadsaccounts.net\\\/#\\\/schema\\\/logo\\\/image\\\/\",\"url\":\"https:\\\/\\\/buyadsaccounts.net\\\/wp-content\\\/uploads\\\/2024\\\/12\\\/buyads-fav.jpg\",\"contentUrl\":\"https:\\\/\\\/buyadsaccounts.net\\\/wp-content\\\/uploads\\\/2024\\\/12\\\/buyads-fav.jpg\",\"width\":512,\"height\":512,\"caption\":\"Buy Google Ads Accounts\"},\"image\":{\"@id\":\"https:\\\/\\\/buyadsaccounts.net\\\/#\\\/schema\\\/logo\\\/image\\\/\"}}]}<\/script>\n<!-- \/ Yoast SEO Premium plugin. -->","yoast_head_json":{"title":"Google Merchant Center Reklam Hesaplar\u0131 Sat\u0131n Al\u0131n - Al\u0131\u015fveri\u015f Reklamlar\u0131","description":"Google Merchant Center Ads hesaplar\u0131 sat\u0131n al\u0131n. Kampanyalar\u0131 an\u0131nda yay\u0131nlamaya haz\u0131r premium hesaplar. Hesaplar\u0131m\u0131z ile Google Al\u0131\u015fveri\u015f'te reklam verin.","robots":{"index":"index","follow":"follow","max-snippet":"max-snippet:-1","max-image-preview":"max-image-preview:large","max-video-preview":"max-video-preview:-1"},"canonical":"https:\/\/buyadsaccounts.net\/tr\/gads\/google-merchant-center-reklam-hesabi\/","og_locale":"tr_TR","og_type":"article","og_title":"Buy Google Merchant Center Account","og_description":"Buy Google Merchant Center Ads accounts. Premium accounts ready to publish campaigns instantly. Advertise on Google Shopping With Our Accounts.","og_url":"https:\/\/buyadsaccounts.net\/tr\/gads\/google-merchant-center-reklam-hesabi\/","og_site_name":"BuyAdsAccounts","article_modified_time":"2026-02-01T17:15:32+00:00","og_image":[{"width":500,"height":500,"url":"https:\/\/buyadsaccounts.net\/wp-content\/uploads\/2022\/10\/google-merchant-center-account.jpg","type":"image\/jpeg"}],"twitter_card":"summary_large_image","twitter_misc":{"Tahmini okuma s\u00fcresi":"2 dakika"},"schema":{"@context":"https:\/\/schema.org","@graph":[{"@type":"WebPage","@id":"https:\/\/buyadsaccounts.net\/gads\/google-merchant-center-ads-account\/","url":"https:\/\/buyadsaccounts.net\/gads\/google-merchant-center-ads-account\/","name":"Google Merchant Center Reklam Hesaplar\u0131 Sat\u0131n Al\u0131n - Al\u0131\u015fveri\u015f Reklamlar\u0131","isPartOf":{"@id":"https:\/\/buyadsaccounts.net\/#website"},"primaryImageOfPage":{"@id":"https:\/\/buyadsaccounts.net\/gads\/google-merchant-center-ads-account\/#primaryimage"},"image":{"@id":"https:\/\/buyadsaccounts.net\/gads\/google-merchant-center-ads-account\/#primaryimage"},"thumbnailUrl":"https:\/\/buyadsaccounts.net\/wp-content\/uploads\/2022\/10\/google-merchant-center-account.jpg","datePublished":"2022-10-12T09:36:45+00:00","dateModified":"2026-02-01T17:15:32+00:00","description":"Google Merchant Center Ads hesaplar\u0131 sat\u0131n al\u0131n. Kampanyalar\u0131 an\u0131nda yay\u0131nlamaya haz\u0131r premium hesaplar. Hesaplar\u0131m\u0131z ile Google Al\u0131\u015fveri\u015f'te reklam verin.","breadcrumb":{"@id":"https:\/\/buyadsaccounts.net\/gads\/google-merchant-center-ads-account\/#breadcrumb"},"inLanguage":"tr","potentialAction":[{"@type":"ReadAction","target":["https:\/\/buyadsaccounts.net\/gads\/google-merchant-center-ads-account\/"]}]},{"@type":"ImageObject","inLanguage":"tr","@id":"https:\/\/buyadsaccounts.net\/gads\/google-merchant-center-ads-account\/#primaryimage","url":"https:\/\/buyadsaccounts.net\/wp-content\/uploads\/2022\/10\/google-merchant-center-account.jpg","contentUrl":"https:\/\/buyadsaccounts.net\/wp-content\/uploads\/2022\/10\/google-merchant-center-account.jpg","width":500,"height":500},{"@type":"BreadcrumbList","@id":"https:\/\/buyadsaccounts.net\/gads\/google-merchant-center-ads-account\/#breadcrumb","itemListElement":[{"@type":"ListItem","position":1,"name":"Home","item":"https:\/\/buyadsaccounts.net\/"},{"@type":"ListItem","position":2,"name":"Shop","item":"https:\/\/buyadsaccounts.net\/ar\/%d9%85%d8%aa%d8%ac%d8%b1\/"},{"@type":"ListItem","position":3,"name":"Buy Google Merchant Center Account"}]},{"@type":"WebSite","@id":"https:\/\/buyadsaccounts.net\/#website","url":"https:\/\/buyadsaccounts.net\/","name":"BuyAdsAccounts","description":"","publisher":{"@id":"https:\/\/buyadsaccounts.net\/#organization"},"potentialAction":[{"@type":"SearchAction","target":{"@type":"EntryPoint","urlTemplate":"https:\/\/buyadsaccounts.net\/?s={search_term_string}"},"query-input":{"@type":"PropertyValueSpecification","valueRequired":true,"valueName":"search_term_string"}}],"inLanguage":"tr"},{"@type":"Organization","@id":"https:\/\/buyadsaccounts.net\/#organization","name":"Google Ads Hesaplar\u0131 Sat\u0131n Al\u0131n","url":"https:\/\/buyadsaccounts.net\/","logo":{"@type":"ImageObject","inLanguage":"tr","@id":"https:\/\/buyadsaccounts.net\/#\/schema\/logo\/image\/","url":"https:\/\/buyadsaccounts.net\/wp-content\/uploads\/2024\/12\/buyads-fav.jpg","contentUrl":"https:\/\/buyadsaccounts.net\/wp-content\/uploads\/2024\/12\/buyads-fav.jpg","width":512,"height":512,"caption":"Buy Google Ads Accounts"},"image":{"@id":"https:\/\/buyadsaccounts.net\/#\/schema\/logo\/image\/"}}]}},"wcpa_form_fields":{"wcpaData":{"product":{"product_price":0,"price_html":"<span class=\"woocommerce-Price-amount amount\"><bdi>0<span class=\"woocommerce-Price-currencySymbol\">&#36;<\/span><\/bdi><\/span>","original_product_price":0,"price_including_tax":0,"price_excluding_tax":0,"product_id":{"parent":3565,"variation":false},"is_variable":false,"stock_status":"instock","stock_quantity":null,"parent_sku":"","product_attributes":[],"custom_fields":[],"is_taxable":false,"product_name":"Buy Google Merchant Center Account","hasImage":false},"fields":{"sec_7676e695341fe9":{"extra":{"key":"sec_7676e695341fe9","section_id":"sec_7676e695341fe9","name":"Default","status":1,"cl_rule":"show","enableCl":false,"relations":[],"toggle":true,"title_tag":"h3","show_title":false,"showPrice":"default","form_id":3567,"form_rules":{"exclude_from_discount":false,"fee_label":"\u041f\u043b\u0430\u0442\u0430","disp_hide_options_price":false,"disp_show_section_price":false,"disp_show_field_price":true,"layout_option":"standard","pric_use_as_fee":false,"process_fee_as":"woo_fee"},"layout_option":"standard"},"fields":[[{"type":"checkbox-group","required":true,"elementId":"wcpa-checkbox-group-1643471137938","label":"Account Options","enablePrice":true,"priceOptions":"different_for_all","pricingType":"fixed","price":"100","name":"checkbox-group-1643471137938","min_options":"1","other_text":"Other","cl_rule":"show","col":6,"values":[{"label":"Approved domain, website with 10 products","value":"approvedomain10","price":"300","pimage":"","pimage_id":"","pthumb":"","tempId":"aco_19","description":"","gt_translate_keys":["label","description"]},{"label":"Approved domain, website with 30 products","value":"approvedomain30","selected":false,"tempId":"aco_1773","price":"450","gt_translate_keys":["label"]},{"label":"Custom domain, website with 10 products","value":"custom10","selected":false,"tempId":"aco_1993","price":"500","gt_translate_keys":["label"]},{"label":"Custom domain, website with 30 products","value":"custom30","selected":false,"tempId":"aco_2552","price":"650","gt_translate_keys":["label"]}],"relations":false,"active":true,"tooltip":"<a href=\"https:\/\/help.buyadsaccounts.net\/hc\/helpcenter\/articles\/1754561015-google-merchant-center\" target=\"blank\">Read More<\/a>","layOut":"","checkUi":"","error":false,"other":false,"options_description":false,"description":"","isWeightTemplate":false,"isTemplate":false,"min_quantity":"1","quantity_decimal":false,"quantity_step":"1","quantity_label":"Quantity","repeater_field_label":"{field_label}","repeater_bind":"","gt_translate_keys":["label","description","tooltip","repeater_field_label","quantity_label"],"price_dependency":false,"cl_dependency":["checkbox-group-1246173891","checkbox-group-1246173891","checkbox-group-4777986710","checkbox-group-4777986710"],"value":""}],[{"type":"checkbox-group","elementId":"wcpa-checkbox-group-1708273115796","label":"Extra Services","enablePrice":true,"priceOptions":"different_for_all","pricingType":"fixed","price":"100","name":"checkbox-group-1708273115795","min_options":"1","other_text":"Other","cl_rule":"show","col":6,"values":[{"label":"Cloaking for Branded Products","value":"blak-cat","price":"100","pimage":"","pimage_id":"","pthumb":"","tempId":"aco_2771","gt_translate_keys":["label"]},{"label":"Google Ads 2022 Account","value":"goo2022","selected":false,"tempId":"aco_3688","price":"200","gt_translate_keys":["label"]},{"label":"Premium Proxy","value":"proxy2","selected":false,"tempId":"aco_217","price":"20","gt_translate_keys":["label"]},{"label":"Premium Warranty","value":"premwara","selected":false,"tempId":"aco_377","price":"1000","gt_translate_keys":["label"]}],"relations":false,"active":true,"tooltip":"<a href=\"https:\/\/help.buyadsaccounts.net\/hc\/helpcenter\/articles\/1754560957-additional-options\" target=\"blank\">Read More<\/a>","layOut":"","checkUi":"","error":false,"isWeightTemplate":false,"isTemplate":false,"min_quantity":"1","quantity_decimal":false,"quantity_step":"1","quantity_label":"Quantity","repeater_field_label":"{field_label}","repeater_bind":"","gt_translate_keys":["label","tooltip","repeater_field_label","quantity_label"],"price_dependency":false,"cl_dependency":["wcpa-checkbox-group-1711017232527","checkbox-group-1431573971"],"value":""}],[{"type":"checkbox-group","required":true,"elementId":"wcpa-checkbox-group-1711017232527","label":"Cloaking - How many URLs?","description":"","enablePrice":true,"priceOptions":"different_for_all","pricingType":"fixed","price":"100","name":"checkbox-group-1711017232525","min_options":"1","other_text":"Other","enableCl":true,"cl_rule":"show","cl_val":"black-hat","col":6,"values":[{"label":"5-10 URLs","value":"trr","price":"200","pimage":"","pimage_id":"","pthumb":"","tempId":"aco_2861","gt_translate_keys":["label"]},{"label":"11-25 URLs","value":"sds","price":"350","pimage":"","pimage_id":"","pthumb":"","tempId":"aco_2862","gt_translate_keys":["label"]},{"label":"26-50 URLs","value":"vdvd","price":"600","pimage":"","pimage_id":"","pthumb":"","tempId":"aco_2863","gt_translate_keys":["label"]},{"label":"51-100 URLs","value":"dds","price":"1000","pimage":"","pimage_id":"","pthumb":"","tempId":"aco_2864","gt_translate_keys":["label"]}],"relations":[{"operator":false,"rules":[{"operator":false,"rules":{"cl_field":"wcpa-checkbox-group-1708273115796","cl_relation":"is","cl_val":"blak-cat"}}]}],"active":true,"tooltip":"","layOut":"","error":false,"checkUi":"","isWeightTemplate":false,"isTemplate":false,"min_quantity":"1","quantity_decimal":false,"quantity_step":"1","quantity_label":"Quantity","repeater_field_label":"{field_label}","repeater_bind":"","gt_translate_keys":["label","description","tooltip","repeater_field_label","quantity_label"],"price_dependency":false,"cl_dependency":false,"value":""}],[{"label":"Google Ads Account Options","active":true,"required":false,"elementId":"checkbox-group-1431573971","description":"","tooltip":"<a href=\"https:\/\/buyadsaccounts.net\/wp-admin\">Read More<\/a>","name":"checkbox-group-1431573971","enablePrice":true,"enableCl":true,"relations":[{"operator":false,"rules":[{"operator":false,"rules":{"cl_field":"wcpa-checkbox-group-1708273115796","cl_relation":"is","cl_val":"goo2022"}}]}],"min_options":"1","checkUi":"","layOut":"","other_text":"Other","values":[{"label":"Credit Card","value":"usecrd","price":"100","pimage":"","pimage_id":"","pthumb":"","tempId":"aco_2861","gt_translate_keys":["label"]},{"label":"Ads Manager - 5 Ads","value":"adsma5","price":"250","pimage":"","pimage_id":"","pthumb":"","tempId":"aco_2862","gt_translate_keys":["label"]},{"label":"Ads Manager - 10 ads","value":"adsma10","price":"400","pimage":"","pimage_id":"","pthumb":"","tempId":"aco_2863","gt_translate_keys":["label"]}],"priceOptions":"different_for_all","pricingType":"fixed","price":"100","cl_rule":"show","col":6,"type":"checkbox-group","error":false,"isWeightTemplate":false,"isTemplate":false,"min_quantity":"1","quantity_decimal":false,"quantity_step":"1","quantity_label":"Quantity","repeater_field_label":"{field_label}","repeater_bind":"","gt_translate_keys":["label","description","tooltip","repeater_field_label","quantity_label"],"price_dependency":false,"cl_dependency":false,"value":""}],[{"label":"Select Niche","active":true,"required":true,"elementId":"checkbox-group-1246173891","description":"","tooltip":"","name":"checkbox-group-1246173891","enablePrice":false,"enableCl":true,"relations":[{"operator":false,"rules":[{"operator":"or","rules":{"cl_field":"wcpa-checkbox-group-1643471137938","cl_relation":"is","cl_val":"approvedomain10"}},{"operator":"AND","rules":{"cl_field":"wcpa-checkbox-group-1643471137938","cl_relation":"is","cl_val":"approvedomain30"}}]}],"min_options":"1","checkUi":"","layOut":"","other_text":"Other","values":[{"label":"Fashion","value":"fashion1","price":"100","pimage":"","pimage_id":"","pthumb":"","tempId":"aco_2861","gt_translate_keys":["label"]},{"label":"Electronics","value":"elect1","price":"250","pimage":"","pimage_id":"","pthumb":"","tempId":"aco_2862","gt_translate_keys":["label"]},{"label":"Beauty","value":"bea1","price":"400","pimage":"","pimage_id":"","pthumb":"","tempId":"aco_2863","gt_translate_keys":["label"]},{"label":"Furniture","value":"furn1","selected":false,"tempId":"aco_326","gt_translate_keys":["label"]}],"priceOptions":"fixed_for_all","pricingType":"fixed","price":"100","cl_rule":"show","col":6,"type":"checkbox-group","error":false,"max_options":"1","gt_translate_keys":["label","description","tooltip"],"price_dependency":false,"cl_dependency":false,"value":""}],[{"label":"Select Platform","active":true,"required":true,"elementId":"checkbox-group-4777986710","description":"","tooltip":"","name":"checkbox-group-4777986710","enablePrice":true,"enableCl":true,"relations":[{"operator":false,"rules":[{"operator":"or","rules":{"cl_field":"wcpa-checkbox-group-1643471137938","cl_relation":"is","cl_val":"approvedomain10"}},{"operator":"AND","rules":{"cl_field":"wcpa-checkbox-group-1643471137938","cl_relation":"is","cl_val":"approvedomain30"}}]}],"max_options":"1","min_options":"1","checkUi":"","layOut":"","other_text":"Other","values":[{"label":"WooCommerce","value":"woocm","price":"0","pimage":"","pimage_id":"","pthumb":"","tempId":"aco_2861","gt_translate_keys":["label"]},{"label":"Shopify","value":"shopif","price":"150","pimage":"","pimage_id":"","pthumb":"","tempId":"aco_2862","gt_translate_keys":["label"]}],"priceOptions":"different_for_all","pricingType":"fixed","price":"100","cl_rule":"show","col":6,"type":"checkbox-group","error":false,"gt_translate_keys":["label","description","tooltip"],"price_dependency":false,"cl_dependency":false,"value":""}]]}},"config":{"price_override":"","enable_recaptcha":false,"bind_quantity":false,"quantity_bind_formula":false,"disp_summ_show_option_price":false,"disp_summ_show_product_price":false,"disp_summ_show_total_price":true,"disp_summ_show_fee":false,"disp_summ_show_discount":false,"summary_title":"","options_total_label":"\u0426\u0435\u043d\u0430 \u043e\u043f\u0446\u0438\u043e\u043d\u043e\u0432","total_label":"\u0412\u0441\u0435\u0433\u043e","options_product_label":"\u0426\u0435\u043d\u0430 \u043f\u0440\u043e\u0434\u0443\u043a\u0442\u0430","fee_label":"\u041f\u043b\u0430\u0442\u0430","discount_label":"\u0421\u043a\u0438\u0434\u043a\u0430","has_price":true,"has_quantity_formula":false},"mc_unit":1,"tax_rate":1,"tax_rate_real":1,"discount":{"percentage":0,"fixed":0},"design":{"conf":{"LabelPosition":"above","DescPosition":"above","UploadField":"custom_1","QuantityFieldStyle":"default"},"css":{"LeftLabelWidth":"120px"}},"formulas":[],"lookuptables":[],"clones":false,"cartKey":false}},"_links":{"self":[{"href":"https:\/\/buyadsaccounts.net\/tr\/wp-json\/wp\/v2\/product\/3565","targetHints":{"allow":["GET"]}}],"collection":[{"href":"https:\/\/buyadsaccounts.net\/tr\/wp-json\/wp\/v2\/product"}],"about":[{"href":"https:\/\/buyadsaccounts.net\/tr\/wp-json\/wp\/v2\/types\/product"}],"version-history":[{"count":1,"href":"https:\/\/buyadsaccounts.net\/tr\/wp-json\/wp\/v2\/product\/3565\/revisions"}],"predecessor-version":[{"id":9542,"href":"https:\/\/buyadsaccounts.net\/tr\/wp-json\/wp\/v2\/product\/3565\/revisions\/9542"}],"wp:featuredmedia":[{"embeddable":true,"href":"https:\/\/buyadsaccounts.net\/tr\/wp-json\/wp\/v2\/media\/3566"}],"wp:attachment":[{"href":"https:\/\/buyadsaccounts.net\/tr\/wp-json\/wp\/v2\/media?parent=3565"}],"wp:term":[{"taxonomy":"product_brand","embeddable":true,"href":"https:\/\/buyadsaccounts.net\/tr\/wp-json\/wp\/v2\/product_brand?post=3565"},{"taxonomy":"product_cat","embeddable":true,"href":"https:\/\/buyadsaccounts.net\/tr\/wp-json\/wp\/v2\/product_cat?post=3565"},{"taxonomy":"product_tag","embeddable":true,"href":"https:\/\/buyadsaccounts.net\/tr\/wp-json\/wp\/v2\/product_tag?post=3565"}],"curies":[{"name":"wp","href":"https:\/\/api.w.org\/{rel}","templated":true}]}}