{"id":3411,"date":"2022-09-01T10:39:12","date_gmt":"2022-09-01T08:39:12","guid":{"rendered":"https:\/\/rentaccounts.net\/?post_type=product&#038;p=3411"},"modified":"2026-02-01T17:25:32","modified_gmt":"2026-02-01T17:25:32","slug":"facebook-reklam-hesabi","status":"publish","type":"product","link":"https:\/\/buyadsaccounts.net\/tr\/gads\/facebook-reklam-hesabi\/","title":{"rendered":"Facebook Reklam Hesab\u0131 Sat\u0131n Al\u0131n"},"content":{"rendered":"<h2>Facebook Reklam Hesab\u0131 Sat\u0131n Alman\u0131n Faydalar\u0131<\/h2>\n<p>\u0130\u015fletmenizin \u00e7evrimi\u00e7i varl\u0131\u011f\u0131n\u0131 art\u0131rmak ve daha geni\u015f bir kitleye ula\u015fmak m\u0131 istiyorsunuz? Bunu ba\u015farman\u0131n etkili yollar\u0131ndan biri Facebook Reklamlar\u0131ndan yararlanmakt\u0131r. Ancak, birden fazla Facebook Reklam hesab\u0131 olu\u015fturmak ve y\u00f6netmek zaman al\u0131c\u0131 ve zorlay\u0131c\u0131 olabilir. \u0130\u015fte bu noktada Facebook Reklam hesaplar\u0131 sat\u0131n almak, pazarlama stratejiniz i\u00e7in oyunun kurallar\u0131n\u0131 de\u011fi\u015ftirebilir. Bu blog yaz\u0131s\u0131nda, Facebook Reklam hesaplar\u0131 sat\u0131n alman\u0131n faydalar\u0131n\u0131 ve i\u015f hedeflerinize ula\u015fman\u0131za nas\u0131l yard\u0131mc\u0131 olabilece\u011fini inceleyece\u011fiz.<\/p>\n<h3>1. Artan Eri\u015fim ve G\u00f6r\u00fcn\u00fcrl\u00fck<\/h3>\n<p>Facebook Reklam hesaplar\u0131 sat\u0131n ald\u0131\u011f\u0131n\u0131zda, an\u0131nda daha geni\u015f bir potansiyel m\u00fc\u015fteri a\u011f\u0131na eri\u015fim elde edersiniz. Elinizin alt\u0131nda birden fazla hesap varken farkl\u0131 demografik \u00f6zellikleri, ilgi alanlar\u0131n\u0131 ve konumlar\u0131 hedefleyerek reklamlar\u0131n\u0131z\u0131n do\u011fru kitleye ula\u015fmas\u0131n\u0131 sa\u011flayabilirsiniz. Bu artan eri\u015fim ve g\u00f6r\u00fcn\u00fcrl\u00fck, yeni m\u00fc\u015fteriler \u00e7ekme ve sat\u0131\u015flar\u0131n\u0131z\u0131 art\u0131rma \u015fans\u0131n\u0131z\u0131 \u00f6nemli \u00f6l\u00e7\u00fcde art\u0131rabilir.<\/p>\n<h3>2. Uygun Maliyetli Reklamc\u0131l\u0131k<\/h3>\n<p>Facebook Reklam kampanyalar\u0131 y\u00fcr\u00fctmek, \u00f6zellikle de geni\u015f bir kitleyi hedefliyorsan\u0131z pahal\u0131 olabilir. Facebook Reklam hesaplar\u0131 sat\u0131n alarak, reklam b\u00fct\u00e7enizi birden fazla hesaba da\u011f\u0131tabilir ve bankay\u0131 zarara u\u011fratmadan daha fazla ki\u015fiye ula\u015fabilirsiniz. Bu uygun maliyetli yakla\u015f\u0131m, yat\u0131r\u0131m getirinizi en \u00fcst d\u00fczeye \u00e7\u0131karman\u0131z\u0131 ve reklam b\u00fct\u00e7enizden en iyi \u015fekilde yararlanman\u0131z\u0131 sa\u011flar.<\/p>\n<h3>3. A\/B Testi Art\u0131k \u00c7ok Kolay<\/h3>\n<p>Ba\u015far\u0131l\u0131 reklamc\u0131l\u0131\u011f\u0131n anahtarlar\u0131ndan biri de kampanyalar\u0131n\u0131z\u0131 test etmek ve optimize etmektir. Facebook Reklam hesaplar\u0131 sat\u0131n ald\u0131\u011f\u0131n\u0131zda, A\/B testlerini daha verimli bir \u015fekilde y\u00fcr\u00fctme f\u0131rsat\u0131na sahip olursunuz. Birden fazla hesap olu\u015fturarak farkl\u0131 reklam \u00f6\u011felerini, ba\u015fl\u0131klar\u0131 ve hedefleme se\u00e7eneklerini ayn\u0131 anda test edebilirsiniz. Bu sayede de\u011ferli veriler ve i\u00e7g\u00f6r\u00fcler toplayabilir, daha iyi sonu\u00e7lar elde etmek i\u00e7in reklam stratejinizi geli\u015ftirebilirsiniz.<\/p>\n<h3>4. Geli\u015ftirilmi\u015f Reklam Hesab\u0131 G\u00fcvenli\u011fi<\/h3>\n<p>\u00c7evrimi\u00e7i reklamc\u0131l\u0131k hesaplar\u0131n\u0131z\u0131 y\u00f6netmek s\u00f6z konusu oldu\u011funda g\u00fcvenlik en \u00f6nemli \u00f6nceliktir. Facebook Reklam hesaplar\u0131 sat\u0131n alarak ana hesab\u0131n\u0131z\u0131n tehlikeye girme riskini en aza indirebilirsiniz. Birden fazla hesaba sahip olmak, bir hesapla ilgili herhangi bir sorun di\u011ferlerini etkilemeyece\u011fi i\u00e7in ekstra bir g\u00fcvenlik katman\u0131 sa\u011flar. Bu g\u00f6n\u00fcl rahatl\u0131\u011f\u0131, olas\u0131 g\u00fcvenlik ihlalleri konusunda endi\u015felenmeden kampanyalar\u0131n\u0131z\u0131 y\u00fcr\u00fctmeye odaklanman\u0131z\u0131 sa\u011flar.<\/p>\n<h3>5. Zaman Tasarrufu ve Verimlilik<\/h3>\n<p>Birden fazla Facebook Reklam hesab\u0131 olu\u015fturmak ve y\u00f6netmek zaman al\u0131c\u0131 ve bunalt\u0131c\u0131 olabilir. Facebook Reklam hesaplar\u0131 sat\u0131n alarak de\u011ferli zaman\u0131n\u0131zdan ve \u00e7aban\u0131zdan tasarruf edebilirsiniz. S\u0131f\u0131rdan ba\u015flamak yerine, halihaz\u0131rda kurulmu\u015f ve kullan\u0131ma haz\u0131r olan mevcut hesaplardan yararlanabilirsiniz. Bu sayede, hesap olu\u015fturma ve y\u00f6netme zahmetine girmeden kampanyalar\u0131n\u0131z\u0131 optimize etmeye ve pazarlama hedeflerinize ula\u015fmaya odaklanabilirsiniz.<\/p>\n<h3>Sonu\u00e7<\/h3>\n<p>Facebook Reklam hesaplar\u0131 sat\u0131n almak, \u00e7evrimi\u00e7i eri\u015fimlerini geni\u015fletmek ve reklam \u00e7al\u0131\u015fmalar\u0131n\u0131 en \u00fcst d\u00fczeye \u00e7\u0131karmak isteyen i\u015fletmeler i\u00e7in ak\u0131ll\u0131ca bir hareket olabilir. Daha fazla eri\u015fim ve g\u00f6r\u00fcn\u00fcrl\u00fck, uygun maliyetli reklamc\u0131l\u0131k, basitle\u015ftirilmi\u015f A\/B testi, geli\u015fmi\u015f g\u00fcvenlik ve zaman kazand\u0131ran avantajlarla Facebook Reklam hesaplar\u0131 sat\u0131n almak i\u015fletmenize rekabet avantaj\u0131 sa\u011flayabilir. \u00d6yleyse neden bekliyorsunuz? Mevcut se\u00e7enekleri ke\u015ffetmeye ba\u015flay\u0131n ve Facebook reklam stratejinizi yeni zirvelere ta\u015f\u0131y\u0131n!<\/p>\n<p>&nbsp;<\/p>","protected":false},"excerpt":{"rendered":"<p>Facebook'ta kampanyalar\u0131n\u0131z\u0131 y\u00fcr\u00fctmek i\u00e7in bir Facebook Reklam hesab\u0131 m\u0131 ar\u0131yorsunuz? Size Business Manager ile tamamen do\u011frulanm\u0131\u015f bir Facebook Reklam hesab\u0131 sa\u011flayabiliriz.<\/p>","protected":false},"featured_media":3412,"template":"","meta":{"_acf_changed":false,"_glsr_average":5,"_glsr_ranking":4.7058823529412,"_glsr_reviews":41},"product_brand":[],"product_cat":[162],"product_tag":[],"class_list":{"0":"post-3411","1":"product","2":"type-product","3":"status-publish","4":"has-post-thumbnail","6":"product_cat-facebook-ads-account","7":"wcpa_has_options","9":"first","10":"instock","11":"purchasable","12":"product-type-simple"},"acf":[],"yoast_head":"<!-- This site is optimized with the Yoast SEO Premium plugin v26.7 (Yoast SEO v27.4) - https:\/\/yoast.com\/product\/yoast-seo-premium-wordpress\/ -->\n<title>Buy Facebook Ads Accounts - Business Manager Verified<\/title>\n<meta name=\"description\" content=\"Buy Facebook Ads accounts with verified Business Manager. Premium accounts ready to publish campaigns instantly. Advertise on Facebook Ads with our accounts.\" \/>\n<meta name=\"robots\" content=\"index, follow, max-snippet:-1, max-image-preview:large, max-video-preview:-1\" \/>\n<link rel=\"canonical\" href=\"https:\/\/buyadsaccounts.net\/tr\/gads\/facebook-reklam-hesabi\/\" \/>\n<meta property=\"og:locale\" content=\"tr_TR\" \/>\n<meta property=\"og:type\" content=\"article\" \/>\n<meta property=\"og:title\" content=\"Buy Facebook Ads Account\" \/>\n<meta property=\"og:description\" content=\"Buy Facebook Ads accounts with verified Business Manager. Premium accounts ready to publish campaigns instantly. Advertise on Facebook Ads with our accounts.\" \/>\n<meta property=\"og:url\" content=\"https:\/\/buyadsaccounts.net\/tr\/gads\/facebook-reklam-hesabi\/\" \/>\n<meta property=\"og:site_name\" content=\"BuyAdsAccounts\" \/>\n<meta property=\"article:modified_time\" content=\"2026-02-01T17:25:32+00:00\" \/>\n<meta property=\"og:image\" content=\"https:\/\/buyadsaccounts.net\/wp-content\/uploads\/2022\/09\/facebook-ads-accounts-marketplace.jpg\" \/>\n\t<meta property=\"og:image:width\" content=\"600\" \/>\n\t<meta property=\"og:image:height\" content=\"600\" \/>\n\t<meta property=\"og:image:type\" content=\"image\/jpeg\" \/>\n<meta name=\"twitter:card\" content=\"summary_large_image\" \/>\n<meta name=\"twitter:label1\" content=\"Tahmini okuma s\u00fcresi\" \/>\n\t<meta name=\"twitter:data1\" content=\"3 dakika\" \/>\n<script type=\"application\/ld+json\" class=\"yoast-schema-graph\">{\"@context\":\"https:\\\/\\\/schema.org\",\"@graph\":[{\"@type\":\"WebPage\",\"@id\":\"https:\\\/\\\/buyadsaccounts.net\\\/gads\\\/facebook-ads-account\\\/\",\"url\":\"https:\\\/\\\/buyadsaccounts.net\\\/gads\\\/facebook-ads-account\\\/\",\"name\":\"Buy Facebook Ads Accounts - Business Manager Verified\",\"isPartOf\":{\"@id\":\"https:\\\/\\\/buyadsaccounts.net\\\/#website\"},\"primaryImageOfPage\":{\"@id\":\"https:\\\/\\\/buyadsaccounts.net\\\/gads\\\/facebook-ads-account\\\/#primaryimage\"},\"image\":{\"@id\":\"https:\\\/\\\/buyadsaccounts.net\\\/gads\\\/facebook-ads-account\\\/#primaryimage\"},\"thumbnailUrl\":\"https:\\\/\\\/buyadsaccounts.net\\\/wp-content\\\/uploads\\\/2022\\\/09\\\/facebook-ads-accounts-marketplace.jpg\",\"datePublished\":\"2022-09-01T08:39:12+00:00\",\"dateModified\":\"2026-02-01T17:25:32+00:00\",\"description\":\"Buy Facebook Ads accounts with verified Business Manager. Premium accounts ready to publish campaigns instantly. Advertise on Facebook Ads with our accounts.\",\"breadcrumb\":{\"@id\":\"https:\\\/\\\/buyadsaccounts.net\\\/gads\\\/facebook-ads-account\\\/#breadcrumb\"},\"inLanguage\":\"tr\",\"potentialAction\":[{\"@type\":\"ReadAction\",\"target\":[\"https:\\\/\\\/buyadsaccounts.net\\\/gads\\\/facebook-ads-account\\\/\"]}]},{\"@type\":\"ImageObject\",\"inLanguage\":\"tr\",\"@id\":\"https:\\\/\\\/buyadsaccounts.net\\\/gads\\\/facebook-ads-account\\\/#primaryimage\",\"url\":\"https:\\\/\\\/buyadsaccounts.net\\\/wp-content\\\/uploads\\\/2022\\\/09\\\/facebook-ads-accounts-marketplace.jpg\",\"contentUrl\":\"https:\\\/\\\/buyadsaccounts.net\\\/wp-content\\\/uploads\\\/2022\\\/09\\\/facebook-ads-accounts-marketplace.jpg\",\"width\":600,\"height\":600},{\"@type\":\"BreadcrumbList\",\"@id\":\"https:\\\/\\\/buyadsaccounts.net\\\/gads\\\/facebook-ads-account\\\/#breadcrumb\",\"itemListElement\":[{\"@type\":\"ListItem\",\"position\":1,\"name\":\"Home\",\"item\":\"https:\\\/\\\/buyadsaccounts.net\\\/\"},{\"@type\":\"ListItem\",\"position\":2,\"name\":\"Shop\",\"item\":\"https:\\\/\\\/buyadsaccounts.net\\\/ar\\\/%d9%85%d8%aa%d8%ac%d8%b1\\\/\"},{\"@type\":\"ListItem\",\"position\":3,\"name\":\"Buy Facebook Ads Account\"}]},{\"@type\":\"WebSite\",\"@id\":\"https:\\\/\\\/buyadsaccounts.net\\\/#website\",\"url\":\"https:\\\/\\\/buyadsaccounts.net\\\/\",\"name\":\"BuyAdsAccounts\",\"description\":\"\",\"publisher\":{\"@id\":\"https:\\\/\\\/buyadsaccounts.net\\\/#organization\"},\"potentialAction\":[{\"@type\":\"SearchAction\",\"target\":{\"@type\":\"EntryPoint\",\"urlTemplate\":\"https:\\\/\\\/buyadsaccounts.net\\\/?s={search_term_string}\"},\"query-input\":{\"@type\":\"PropertyValueSpecification\",\"valueRequired\":true,\"valueName\":\"search_term_string\"}}],\"inLanguage\":\"tr\"},{\"@type\":\"Organization\",\"@id\":\"https:\\\/\\\/buyadsaccounts.net\\\/#organization\",\"name\":\"Buy Google Ads Accounts\",\"url\":\"https:\\\/\\\/buyadsaccounts.net\\\/\",\"logo\":{\"@type\":\"ImageObject\",\"inLanguage\":\"tr\",\"@id\":\"https:\\\/\\\/buyadsaccounts.net\\\/#\\\/schema\\\/logo\\\/image\\\/\",\"url\":\"https:\\\/\\\/buyadsaccounts.net\\\/wp-content\\\/uploads\\\/2024\\\/12\\\/buyads-fav.jpg\",\"contentUrl\":\"https:\\\/\\\/buyadsaccounts.net\\\/wp-content\\\/uploads\\\/2024\\\/12\\\/buyads-fav.jpg\",\"width\":512,\"height\":512,\"caption\":\"Buy Google Ads Accounts\"},\"image\":{\"@id\":\"https:\\\/\\\/buyadsaccounts.net\\\/#\\\/schema\\\/logo\\\/image\\\/\"}}]}<\/script>\n<!-- \/ Yoast SEO Premium plugin. -->","yoast_head_json":{"title":"Facebook Reklam Hesaplar\u0131 Sat\u0131n Al\u0131n - \u0130\u015fletme Y\u00f6neticisi Onayl\u0131","description":"Do\u011frulanm\u0131\u015f \u0130\u015fletme Y\u00f6neticisi ile Facebook Reklam hesaplar\u0131 sat\u0131n al\u0131n. Kampanyalar\u0131 an\u0131nda yay\u0131nlamaya haz\u0131r premium hesaplar. Hesaplar\u0131m\u0131z ile Facebook Reklamlar\u0131nda reklam verin.","robots":{"index":"index","follow":"follow","max-snippet":"max-snippet:-1","max-image-preview":"max-image-preview:large","max-video-preview":"max-video-preview:-1"},"canonical":"https:\/\/buyadsaccounts.net\/tr\/gads\/facebook-reklam-hesabi\/","og_locale":"tr_TR","og_type":"article","og_title":"Buy Facebook Ads Account","og_description":"Buy Facebook Ads accounts with verified Business Manager. Premium accounts ready to publish campaigns instantly. Advertise on Facebook Ads with our accounts.","og_url":"https:\/\/buyadsaccounts.net\/tr\/gads\/facebook-reklam-hesabi\/","og_site_name":"BuyAdsAccounts","article_modified_time":"2026-02-01T17:25:32+00:00","og_image":[{"width":600,"height":600,"url":"https:\/\/buyadsaccounts.net\/wp-content\/uploads\/2022\/09\/facebook-ads-accounts-marketplace.jpg","type":"image\/jpeg"}],"twitter_card":"summary_large_image","twitter_misc":{"Tahmini okuma s\u00fcresi":"3 dakika"},"schema":{"@context":"https:\/\/schema.org","@graph":[{"@type":"WebPage","@id":"https:\/\/buyadsaccounts.net\/gads\/facebook-ads-account\/","url":"https:\/\/buyadsaccounts.net\/gads\/facebook-ads-account\/","name":"Facebook Reklam Hesaplar\u0131 Sat\u0131n Al\u0131n - \u0130\u015fletme Y\u00f6neticisi Onayl\u0131","isPartOf":{"@id":"https:\/\/buyadsaccounts.net\/#website"},"primaryImageOfPage":{"@id":"https:\/\/buyadsaccounts.net\/gads\/facebook-ads-account\/#primaryimage"},"image":{"@id":"https:\/\/buyadsaccounts.net\/gads\/facebook-ads-account\/#primaryimage"},"thumbnailUrl":"https:\/\/buyadsaccounts.net\/wp-content\/uploads\/2022\/09\/facebook-ads-accounts-marketplace.jpg","datePublished":"2022-09-01T08:39:12+00:00","dateModified":"2026-02-01T17:25:32+00:00","description":"Do\u011frulanm\u0131\u015f \u0130\u015fletme Y\u00f6neticisi ile Facebook Reklam hesaplar\u0131 sat\u0131n al\u0131n. Kampanyalar\u0131 an\u0131nda yay\u0131nlamaya haz\u0131r premium hesaplar. Hesaplar\u0131m\u0131z ile Facebook Reklamlar\u0131nda reklam verin.","breadcrumb":{"@id":"https:\/\/buyadsaccounts.net\/gads\/facebook-ads-account\/#breadcrumb"},"inLanguage":"tr","potentialAction":[{"@type":"ReadAction","target":["https:\/\/buyadsaccounts.net\/gads\/facebook-ads-account\/"]}]},{"@type":"ImageObject","inLanguage":"tr","@id":"https:\/\/buyadsaccounts.net\/gads\/facebook-ads-account\/#primaryimage","url":"https:\/\/buyadsaccounts.net\/wp-content\/uploads\/2022\/09\/facebook-ads-accounts-marketplace.jpg","contentUrl":"https:\/\/buyadsaccounts.net\/wp-content\/uploads\/2022\/09\/facebook-ads-accounts-marketplace.jpg","width":600,"height":600},{"@type":"BreadcrumbList","@id":"https:\/\/buyadsaccounts.net\/gads\/facebook-ads-account\/#breadcrumb","itemListElement":[{"@type":"ListItem","position":1,"name":"Home","item":"https:\/\/buyadsaccounts.net\/"},{"@type":"ListItem","position":2,"name":"Shop","item":"https:\/\/buyadsaccounts.net\/ar\/%d9%85%d8%aa%d8%ac%d8%b1\/"},{"@type":"ListItem","position":3,"name":"Buy Facebook Ads Account"}]},{"@type":"WebSite","@id":"https:\/\/buyadsaccounts.net\/#website","url":"https:\/\/buyadsaccounts.net\/","name":"BuyAdsAccounts","description":"","publisher":{"@id":"https:\/\/buyadsaccounts.net\/#organization"},"potentialAction":[{"@type":"SearchAction","target":{"@type":"EntryPoint","urlTemplate":"https:\/\/buyadsaccounts.net\/?s={search_term_string}"},"query-input":{"@type":"PropertyValueSpecification","valueRequired":true,"valueName":"search_term_string"}}],"inLanguage":"tr"},{"@type":"Organization","@id":"https:\/\/buyadsaccounts.net\/#organization","name":"Google Ads Hesaplar\u0131 Sat\u0131n Al\u0131n","url":"https:\/\/buyadsaccounts.net\/","logo":{"@type":"ImageObject","inLanguage":"tr","@id":"https:\/\/buyadsaccounts.net\/#\/schema\/logo\/image\/","url":"https:\/\/buyadsaccounts.net\/wp-content\/uploads\/2024\/12\/buyads-fav.jpg","contentUrl":"https:\/\/buyadsaccounts.net\/wp-content\/uploads\/2024\/12\/buyads-fav.jpg","width":512,"height":512,"caption":"Buy Google Ads Accounts"},"image":{"@id":"https:\/\/buyadsaccounts.net\/#\/schema\/logo\/image\/"}}]}},"wcpa_form_fields":{"wcpaData":{"product":{"product_price":0,"price_html":"<span class=\"woocommerce-Price-amount amount\"><bdi>0<span class=\"woocommerce-Price-currencySymbol\">&#36;<\/span><\/bdi><\/span>","original_product_price":0,"price_including_tax":0,"price_excluding_tax":0,"product_id":{"parent":3411,"variation":false},"is_variable":false,"stock_status":"instock","stock_quantity":null,"parent_sku":"","product_attributes":[],"custom_fields":[],"is_taxable":false,"product_name":"Buy Facebook Ads Account","hasImage":false},"fields":{"sec_9676e73d9751a8":{"extra":{"key":"sec_9676e73d9751a8","section_id":"sec_9676e73d9751a8","name":"Default","status":1,"cl_rule":"show","enableCl":false,"relations":[],"toggle":true,"title_tag":"h3","show_title":false,"showPrice":"default","form_id":4409,"form_rules":{"exclude_from_discount":false,"fee_label":"\u00dccret","disp_hide_options_price":false,"disp_show_section_price":false,"disp_show_field_price":true,"layout_option":"standard","pric_use_as_fee":false,"process_fee_as":"woo_fee"},"layout_option":"standard"},"fields":[[{"type":"checkbox-group","required":true,"elementId":"wcpa-checkbox-group-1643471137938","label":"Account Options","enablePrice":true,"priceOptions":"different_for_all","pricingType":"fixed","price":"100","name":"checkbox-group-1643471137938","min_options":"1","other_text":"Other","cl_rule":"show","col":6,"values":[{"label":"2021 USD Account","value":"usd-account-buy1","price":"300","pimage":"","pimage_id":"","pthumb":"","gt_translate_keys":["label"]},{"label":"2022 EUR Account","value":"eur-account-buy1","price":"300","pimage":"","pimage_id":"","pthumb":"","gt_translate_keys":["label"]},{"label":"2023 GBP Account","value":"gbp-account-buy1","price":"200","pimage":"","pimage_id":"","pthumb":"","gt_translate_keys":["label"]}],"relations":false,"active":true,"tooltip":"","layOut":"inline","isWeightTemplate":false,"error":false,"isTemplate":false,"checkUi":"","min_quantity":"1","quantity_decimal":false,"quantity_step":"1","quantity_label":"Quantity","repeater_field_label":"{field_label}","repeater_bind":"","gt_translate_keys":["label","tooltip","repeater_field_label","quantity_label"],"price_dependency":false,"cl_dependency":false,"value":""}],[{"type":"checkbox-group","elementId":"wcpa-checkbox-group-1708272968133","label":"Extra Services","enablePrice":true,"priceOptions":"different_for_all","pricingType":"fixed","price":"100","name":"checkbox-group-1708272968132","min_options":"1","other_text":"Other","enableCl":false,"cl_rule":"show","cl_val":"addcc","col":6,"values":[{"label":"Credit Card","value":"addcc","price":"100","pimage":"","pimage_id":"","pthumb":"","tempId":"aco_3459","gt_translate_keys":["label"]},{"label":"Cloaking ( Crypto, IPTV, Gambling, Casino, Affiliate)","value":"blak-cat","price":"100","pimage":"","pimage_id":"","pthumb":"","tempId":"aco_3460","gt_translate_keys":["label"]},{"label":"Ads Manager","value":"ama02","price":"100","pimage":"","pimage_id":"","pthumb":"","tempId":"aco_3461","gt_translate_keys":["label"]},{"label":"Premium Proxy","value":"prexpxo","selected":false,"tempId":"aco_3543","price":"20","gt_translate_keys":["label"]},{"label":"Premium Warranty","value":"premwar","selected":false,"tempId":"aco_1207","price":"500","gt_translate_keys":["label"]}],"relations":[{"operator":false,"rules":[{"operator":false,"rules":{"cl_field":"wcpa-checkbox-group-1708272968133","cl_relation":"is","cl_val":"addcc"}}]}],"active":true,"tooltip":"<a href=\"https:\/\/help.buyadsaccounts.net\/hc\/helpcenter\/articles\/1754560957-additional-options\" target=\"blank\">Read More<\/a>","layOut":"","checkUi":"","error":false,"isWeightTemplate":false,"isTemplate":false,"min_quantity":"1","quantity_decimal":false,"quantity_step":"1","quantity_label":"Quantity","repeater_field_label":"{field_label}","repeater_bind":"","gt_translate_keys":["label","tooltip","repeater_field_label","quantity_label"],"price_dependency":false,"cl_dependency":["wcpa-checkbox-group-1711017426681","wcpa-checkbox-group-1711017486331","wcpa-number-1702422483197"],"value":""}],[{"type":"checkbox-group","required":true,"elementId":"wcpa-checkbox-group-1711017426681","label":"Cloaking - How many URLs?","description":"Price per URL","enablePrice":true,"priceOptions":"different_for_all","pricingType":"fixed","price":"100","name":"checkbox-group-1711017426680","min_options":"1","other_text":"Other","enableCl":true,"cl_rule":"show","cl_val":"black-cam","col":6,"values":[{"label":"1 URL","value":"gee","price":"0","pimage":"","pimage_id":"","pthumb":"","gt_translate_keys":["label"]},{"label":"2 URLs","value":"tws","price":"100","pimage":"","pimage_id":"","pthumb":"","gt_translate_keys":["label"]},{"label":"3 URLs","value":"gr4","price":"200","pimage":"","pimage_id":"","pthumb":"","gt_translate_keys":["label"]},{"label":"5 URLs","value":"bew","price":"350","pimage":"","pimage_id":"","pthumb":"","gt_translate_keys":["label"]},{"label":"10 URLs","value":"blg","price":"700","pimage":"","pimage_id":"","pthumb":"","gt_translate_keys":["label"]}],"relations":[{"operator":false,"rules":[{"operator":false,"rules":{"cl_field":"wcpa-checkbox-group-1708272968133","cl_relation":"is","cl_val":"black-cam"}}]}],"active":true,"tooltip":"","layOut":"","gt_translate_keys":["label","description","tooltip"],"price_dependency":false,"cl_dependency":false,"value":""}],[{"type":"checkbox-group","required":true,"elementId":"wcpa-checkbox-group-1711017486331","label":"Ads Manager - How many ADS?","description":"Price per AD","enablePrice":true,"priceOptions":"different_for_all","pricingType":"fixed","price":"100","name":"checkbox-group-1711017486330","min_options":"1","other_text":"Other","enableCl":true,"cl_rule":"show","cl_val":"ama02","col":6,"values":[{"label":"1 Ad","value":"gee","price":"0","pimage":"","pimage_id":"","pthumb":"","gt_translate_keys":["label"]},{"label":"2 Ads","value":"tws","price":"100","pimage":"","pimage_id":"","pthumb":"","gt_translate_keys":["label"]},{"label":"3 Ads","value":"gr4","price":"200","pimage":"","pimage_id":"","pthumb":"","gt_translate_keys":["label"]},{"label":"5 Ads","value":"bew","price":"350","pimage":"","pimage_id":"","pthumb":"","gt_translate_keys":["label"]},{"label":"10 Ads","value":"blg","price":"700","pimage":"","pimage_id":"","pthumb":"","gt_translate_keys":["label"]}],"relations":[{"operator":false,"rules":[{"operator":false,"rules":{"cl_field":"wcpa-checkbox-group-1708272968133","cl_relation":"is","cl_val":"ama02"}}]}],"active":true,"tooltip":"","layOut":"","gt_translate_keys":["label","description","tooltip"],"price_dependency":false,"cl_dependency":false,"value":""}],[{"type":"number","required":true,"elementId":"wcpa-number-1702422483197","label":"Add Funds to the account","description":"5% fee","enablePrice":true,"pricingType":"multiply","price":"1","min":"25","max":"50000","name":"number-1702422483197","enableCl":true,"cl_rule":"show","cl_val":"addcc","col":6,"relations":[{"operator":false,"rules":[{"operator":false,"rules":{"cl_field":"wcpa-checkbox-group-1708272968133","cl_relation":"is","cl_val":"addcc"}}]}],"active":true,"tooltip":"","error":false,"gt_translate_keys":["label","description","tooltip"],"price_dependency":false,"cl_dependency":false,"value":""}]]}},"config":{"price_override":"","enable_recaptcha":false,"bind_quantity":false,"quantity_bind_formula":false,"disp_summ_show_option_price":false,"disp_summ_show_product_price":false,"disp_summ_show_total_price":true,"disp_summ_show_fee":false,"disp_summ_show_discount":false,"summary_title":"","options_total_label":"Opsiyon Fiyat\u0131","total_label":"Toplam","options_product_label":"\u00dcr\u00fcn Fiyat\u0131","fee_label":"\u00dccret","discount_label":"\u0130ndirim","has_price":true,"has_quantity_formula":false},"mc_unit":1,"tax_rate":1,"tax_rate_real":1,"discount":{"percentage":0,"fixed":0},"design":{"conf":{"LabelPosition":"above","DescPosition":"above","UploadField":"custom_1","QuantityFieldStyle":"default"},"css":{"LeftLabelWidth":"120px"}},"formulas":[],"lookuptables":[],"clones":false,"cartKey":false}},"_links":{"self":[{"href":"https:\/\/buyadsaccounts.net\/tr\/wp-json\/wp\/v2\/product\/3411","targetHints":{"allow":["GET"]}}],"collection":[{"href":"https:\/\/buyadsaccounts.net\/tr\/wp-json\/wp\/v2\/product"}],"about":[{"href":"https:\/\/buyadsaccounts.net\/tr\/wp-json\/wp\/v2\/types\/product"}],"version-history":[{"count":1,"href":"https:\/\/buyadsaccounts.net\/tr\/wp-json\/wp\/v2\/product\/3411\/revisions"}],"predecessor-version":[{"id":9545,"href":"https:\/\/buyadsaccounts.net\/tr\/wp-json\/wp\/v2\/product\/3411\/revisions\/9545"}],"wp:featuredmedia":[{"embeddable":true,"href":"https:\/\/buyadsaccounts.net\/tr\/wp-json\/wp\/v2\/media\/3412"}],"wp:attachment":[{"href":"https:\/\/buyadsaccounts.net\/tr\/wp-json\/wp\/v2\/media?parent=3411"}],"wp:term":[{"taxonomy":"product_brand","embeddable":true,"href":"https:\/\/buyadsaccounts.net\/tr\/wp-json\/wp\/v2\/product_brand?post=3411"},{"taxonomy":"product_cat","embeddable":true,"href":"https:\/\/buyadsaccounts.net\/tr\/wp-json\/wp\/v2\/product_cat?post=3411"},{"taxonomy":"product_tag","embeddable":true,"href":"https:\/\/buyadsaccounts.net\/tr\/wp-json\/wp\/v2\/product_tag?post=3411"}],"curies":[{"name":"wp","href":"https:\/\/api.w.org\/{rel}","templated":true}]}}