{"id":9315,"date":"2025-12-21T09:12:50","date_gmt":"2025-12-21T09:12:50","guid":{"rendered":"https:\/\/rentaccounts.net\/?post_type=product&#038;p=9315"},"modified":"2026-02-01T17:30:32","modified_gmt":"2026-02-01T17:30:32","slug":"nakup-google-oglasov-za-igre-na-sreco-racunov","status":"publish","type":"product","link":"https:\/\/buyadsaccounts.net\/sl\/gads\/nakup-google-oglasov-za-igre-na-sreco-racunov\/","title":{"rendered":"Nakup Google Ads Ra\u010dunov za igre na sre\u010do"},"content":{"rendered":"<h2 data-start=\"221\" data-end=\"303\">Zakaj ogla\u0161evalci uporabljajo specializirane ra\u010dune Google Ads za igralnice in \u0161portne stave<\/h2>\n<p data-start=\"305\" data-end=\"689\">Googlovi oglasi ostajajo ena od najmo\u010dnej\u0161ih platform za doseganje visoko ciljnih uporabnikov prek iskalnika, YouTuba in prikaznega omre\u017eja. Vendar pa ogla\u0161evanje v panogah, kot so <strong data-start=\"479\" data-end=\"496\">spletna igralnica<\/strong>, <strong data-start=\"498\" data-end=\"516\">\u0161portne stave<\/strong>, za regulirane igre na sre\u010do pa veljajo stroge zahteve. \u0160tevilni ogla\u0161evalci se soo\u010dajo z zamudami, ponavljajo\u010dimi se zavrnitvami ali zapletenimi potmi odobritve, preden lahko sploh za\u010dnejo kampanjo.<\/p>\n<p data-start=\"691\" data-end=\"961\">Zaradi tega izku\u0161eni tr\u017eniki pogosto izberejo <strong data-start=\"743\" data-end=\"781\">vnaprej konfigurirani ra\u010duni Google Ads<\/strong> ki so \u017ee strukturirani za regulirano ogla\u0161evanje. Ti ra\u010duni blagovnim znamkam igralnic in \u0161portnih stav omogo\u010dajo, da se namesto na administrativne ovire osredoto\u010dijo na uspe\u0161nost in pove\u010devanje obsega.<\/p>\n<p data-start=\"963\" data-end=\"1107\">Na\u0161i ra\u010duni so vzpostavljeni v skladu s poslovnimi strukturami, usklajeni z Googlovimi ogla\u0161evalskimi pravili in pripravljeni za takoj\u0161njo vzpostavitev kampanje.<\/p>\n<h3 data-start=\"1114\" data-end=\"1150\">Zakaj kupci izbirajo te ra\u010dune<\/h3>\n<ul data-start=\"1152\" data-end=\"1757\">\n<li data-start=\"1152\" data-end=\"1290\">\n<p data-start=\"1154\" data-end=\"1290\"><strong data-start=\"1154\" data-end=\"1177\">Hitrej\u0161i vstop na trg<\/strong><br data-start=\"1177\" data-end=\"1180\" \/>Izognite se dolgim ciklom odobritve in brez nepotrebnega \u010dakanja za\u010dnite promovirati ponudbe za igralnice in \u0161portne stave.<\/p>\n<\/li>\n<li data-start=\"1292\" data-end=\"1445\">\n<p data-start=\"1294\" data-end=\"1445\"><strong data-start=\"1294\" data-end=\"1334\">Upravi\u010denost do omejenih vertikal<\/strong><br data-start=\"1334\" data-end=\"1337\" \/>Zasnovan je za uporabo v reguliranih panogah, vklju\u010dno s spletnimi igralni\u0161kimi platformami in storitvami \u0161portnih stav.<\/p>\n<\/li>\n<li data-start=\"1447\" data-end=\"1587\">\n<p data-start=\"1449\" data-end=\"1587\"><strong data-start=\"1449\" data-end=\"1481\">Ve\u010dja verodostojnost ra\u010duna<\/strong><br data-start=\"1481\" data-end=\"1484\" \/>Vgrajeni so pod ustrezno vzpostavljenimi subjekti, kar pomaga zmanj\u0161ati trenja med samodejnimi ali ro\u010dnimi preverjanji.<\/p>\n<\/li>\n<li data-start=\"1589\" data-end=\"1757\">\n<p data-start=\"1591\" data-end=\"1757\"><strong data-start=\"1591\" data-end=\"1617\">Enostaven postopek financiranja<\/strong><br data-start=\"1617\" data-end=\"1620\" \/>Vsak ra\u010dun vklju\u010duje prilo\u017een na\u010din zara\u010dunavanja, ki vam omogo\u010da dodajanje prora\u010duna neposredno prek na\u0161e platforme z jasno pristojbino za storitev 5%.<\/p>\n<\/li>\n<\/ul>\n<h2 data-start=\"1764\" data-end=\"1843\">Kaj je pomembno pred nakupom Google Ads ra\u010duna za igralnico ali \u0161portne stave<\/h2>\n<p data-start=\"1845\" data-end=\"1978\">Ogla\u0161evanje v igralni\u0161kih in \u0161portnih stavnih ni\u0161ah zahteva skrbno pripravo. Pred za\u010detkom kampanj so ti dejavniki klju\u010dnega pomena:<\/p>\n<h3 data-start=\"1980\" data-end=\"2016\">Struktura ra\u010duna in skladnost<\/h3>\n<p data-start=\"2017\" data-end=\"2140\">Ra\u010dun mora biti pravilno nastavljen, da podpira regulirane kategorije ogla\u0161evanja in je skladen z regionalnimi pravili ogla\u0161evanja.<\/p>\n<h3 data-start=\"2142\" data-end=\"2161\">\u010cista zgodovina<\/h3>\n<p data-start=\"2162\" data-end=\"2273\">Ra\u010duni brez te\u017eav s politikami, opozoril ali za\u010dasnih prekinitev so bolj stabilni in omogo\u010dajo nemoteno zaganjanje kampanj.<\/p>\n<h3 data-start=\"2275\" data-end=\"2311\">Preglednost obra\u010dunavanja in financiranja<\/h3>\n<p data-start=\"2312\" data-end=\"2418\">Spoznajte delovanje financiranja, vklju\u010dno z omejitvami in pristojbinami, da boste lahko samozavestno upravljali porabo \u017ee od prvega dne.<\/p>\n<h3 data-start=\"2420\" data-end=\"2447\">Popoln dostop in nadzor<\/h3>\n<p data-start=\"2448\" data-end=\"2586\">Prejeti morate celoten upraviteljski dostop, vklju\u010dno z mo\u017enostjo varovanja ra\u010duna, upravljanja obra\u010dunavanja in samostojnega delovanja.<\/p>\n<h3 data-start=\"2588\" data-end=\"2612\">Zanesljivost prodajalca<\/h3>\n<p data-start=\"2613\" data-end=\"2775\">Ogla\u0161evanje igralnic in \u0161portnih stav privablja \u0161tevilne nezanesljive prodajalce. Izogibajte se nerealnim obljubam in izberite ponudnike, ki se osredoto\u010dajo na skladnost in preglednost.<\/p>\n<h2 data-start=\"2782\" data-end=\"2824\">Po dostavi: Priporo\u010deni koraki za nastavitev<\/h2>\n<p data-start=\"2826\" data-end=\"2918\">Ko je va\u0161 ra\u010dun dostavljen, za zagotovitev varnosti in u\u010dinkovitosti izvedite naslednje korake:<\/p>\n<h3 data-start=\"2920\" data-end=\"2945\">1. Varno lastni\u0161tvo<\/h3>\n<p data-start=\"2946\" data-end=\"3022\">Takoj spremenite prijavne podatke, e-po\u0161to za obnovitev in varnostne nastavitve.<\/p>\n<h3 data-start=\"3024\" data-end=\"3048\">2. Pregled nastavitev<\/h3>\n<p data-start=\"3049\" data-end=\"3191\">Preverite profile zara\u010dunavanja, geografsko ciljanje, dovoljene regije in privzete nastavitve kampanj, da zagotovite skladnost s svojo igralni\u0161ko strategijo ali strategijo \u0161portnih stav.<\/p>\n<h3 data-start=\"3193\" data-end=\"3212\">3. Dodajte prora\u010dun<\/h3>\n<p data-start=\"3213\" data-end=\"3285\">Financirajte ra\u010dun prek na\u0161e nadzorne plo\u0161\u010de in pripravite kampanje za zagon.<\/p>\n<h3 data-start=\"3287\" data-end=\"3312\">4. Zagon in spremljanje<\/h3>\n<p data-start=\"3313\" data-end=\"3360\" data-is-last-node=\"\" data-is-only-node=\"\">Za\u010dnite s skladnim oglasnim kopiranjem, izogibajte se pretiravanju<\/p>","protected":false},"excerpt":{"rendered":"<p>Izvajajte ogla\u0161evalske kampanje za igre na sre\u010do in igralnice v iskalniku in prikazu Google (Google.com, YouTube) z na\u0161imi certificiranimi ra\u010duni Google Ads za igre na sre\u010do.<\/p>","protected":false},"featured_media":9316,"template":"","meta":{"_acf_changed":false,"_glsr_average":5,"_glsr_ranking":4.4230769230769,"_glsr_reviews":16},"product_brand":[],"product_cat":[323],"product_tag":[],"class_list":{"0":"post-9315","1":"product","2":"type-product","3":"status-publish","4":"has-post-thumbnail","6":"product_cat-google-ads-gambling","7":"wcpa_has_options","9":"first","10":"instock","11":"purchasable","12":"product-type-simple"},"acf":[],"yoast_head":"<!-- This site is optimized with the Yoast SEO Premium plugin v26.7 (Yoast SEO v27.4) - https:\/\/yoast.com\/product\/yoast-seo-premium-wordpress\/ -->\n<title>Buy Google Ads Gambling Casino Accounts Ready for Ads<\/title>\n<meta name=\"description\" content=\"Get Google Ads approved gambling casino accounts validated by licensed companies. Fully compliant, high-trust accounts ideal for scaling crypto ads safely.\" \/>\n<meta name=\"robots\" content=\"index, follow, max-snippet:-1, max-image-preview:large, max-video-preview:-1\" \/>\n<link rel=\"canonical\" href=\"https:\/\/buyadsaccounts.net\/sl\/gads\/nakup-google-oglasov-za-igre-na-sreco-racunov\/\" \/>\n<meta property=\"og:locale\" content=\"sl_SI\" \/>\n<meta property=\"og:type\" content=\"article\" \/>\n<meta property=\"og:title\" content=\"Buy Google Ads Gambling Accounts\" \/>\n<meta property=\"og:description\" content=\"Get Google Ads approved gambling casino accounts validated by licensed companies. Fully compliant, high-trust accounts ideal for scaling crypto ads safely.\" \/>\n<meta property=\"og:url\" content=\"https:\/\/buyadsaccounts.net\/sl\/gads\/nakup-google-oglasov-za-igre-na-sreco-racunov\/\" \/>\n<meta property=\"og:site_name\" content=\"BuyAdsAccounts\" \/>\n<meta property=\"article:modified_time\" content=\"2026-02-01T17:30:32+00:00\" \/>\n<meta property=\"og:image\" content=\"https:\/\/buyadsaccounts.net\/wp-content\/uploads\/2025\/12\/google-ads-gambling-account.png\" \/>\n\t<meta property=\"og:image:width\" content=\"88\" \/>\n\t<meta property=\"og:image:height\" content=\"88\" \/>\n\t<meta property=\"og:image:type\" content=\"image\/png\" \/>\n<meta name=\"twitter:card\" content=\"summary_large_image\" \/>\n<meta name=\"twitter:label1\" content=\"Est. reading time\" \/>\n\t<meta name=\"twitter:data1\" content=\"2 minuti\" \/>\n<script type=\"application\/ld+json\" class=\"yoast-schema-graph\">{\"@context\":\"https:\\\/\\\/schema.org\",\"@graph\":[{\"@type\":\"WebPage\",\"@id\":\"https:\\\/\\\/buyadsaccounts.net\\\/gads\\\/buy-google-ads-gambling-accounts\\\/\",\"url\":\"https:\\\/\\\/buyadsaccounts.net\\\/gads\\\/buy-google-ads-gambling-accounts\\\/\",\"name\":\"Buy Google Ads Gambling Casino Accounts Ready for Ads\",\"isPartOf\":{\"@id\":\"https:\\\/\\\/buyadsaccounts.net\\\/#website\"},\"primaryImageOfPage\":{\"@id\":\"https:\\\/\\\/buyadsaccounts.net\\\/gads\\\/buy-google-ads-gambling-accounts\\\/#primaryimage\"},\"image\":{\"@id\":\"https:\\\/\\\/buyadsaccounts.net\\\/gads\\\/buy-google-ads-gambling-accounts\\\/#primaryimage\"},\"thumbnailUrl\":\"https:\\\/\\\/buyadsaccounts.net\\\/wp-content\\\/uploads\\\/2025\\\/12\\\/google-ads-gambling-account.png\",\"datePublished\":\"2025-12-21T09:12:50+00:00\",\"dateModified\":\"2026-02-01T17:30:32+00:00\",\"description\":\"Get Google Ads approved gambling casino accounts validated by licensed companies. Fully compliant, high-trust accounts ideal for scaling crypto ads safely.\",\"breadcrumb\":{\"@id\":\"https:\\\/\\\/buyadsaccounts.net\\\/gads\\\/buy-google-ads-gambling-accounts\\\/#breadcrumb\"},\"inLanguage\":\"sl-SI\",\"potentialAction\":[{\"@type\":\"ReadAction\",\"target\":[\"https:\\\/\\\/buyadsaccounts.net\\\/gads\\\/buy-google-ads-gambling-accounts\\\/\"]}]},{\"@type\":\"ImageObject\",\"inLanguage\":\"sl-SI\",\"@id\":\"https:\\\/\\\/buyadsaccounts.net\\\/gads\\\/buy-google-ads-gambling-accounts\\\/#primaryimage\",\"url\":\"https:\\\/\\\/buyadsaccounts.net\\\/wp-content\\\/uploads\\\/2025\\\/12\\\/google-ads-gambling-account.png\",\"contentUrl\":\"https:\\\/\\\/buyadsaccounts.net\\\/wp-content\\\/uploads\\\/2025\\\/12\\\/google-ads-gambling-account.png\",\"width\":88,\"height\":88},{\"@type\":\"BreadcrumbList\",\"@id\":\"https:\\\/\\\/buyadsaccounts.net\\\/gads\\\/buy-google-ads-gambling-accounts\\\/#breadcrumb\",\"itemListElement\":[{\"@type\":\"ListItem\",\"position\":1,\"name\":\"Home\",\"item\":\"https:\\\/\\\/buyadsaccounts.net\\\/\"},{\"@type\":\"ListItem\",\"position\":2,\"name\":\"Shop\",\"item\":\"https:\\\/\\\/buyadsaccounts.net\\\/ar\\\/%d9%85%d8%aa%d8%ac%d8%b1\\\/\"},{\"@type\":\"ListItem\",\"position\":3,\"name\":\"Buy Google Ads Gambling Accounts\"}]},{\"@type\":\"WebSite\",\"@id\":\"https:\\\/\\\/buyadsaccounts.net\\\/#website\",\"url\":\"https:\\\/\\\/buyadsaccounts.net\\\/\",\"name\":\"BuyAdsAccounts\",\"description\":\"\",\"publisher\":{\"@id\":\"https:\\\/\\\/buyadsaccounts.net\\\/#organization\"},\"potentialAction\":[{\"@type\":\"SearchAction\",\"target\":{\"@type\":\"EntryPoint\",\"urlTemplate\":\"https:\\\/\\\/buyadsaccounts.net\\\/?s={search_term_string}\"},\"query-input\":{\"@type\":\"PropertyValueSpecification\",\"valueRequired\":true,\"valueName\":\"search_term_string\"}}],\"inLanguage\":\"sl-SI\"},{\"@type\":\"Organization\",\"@id\":\"https:\\\/\\\/buyadsaccounts.net\\\/#organization\",\"name\":\"Buy Google Ads Accounts\",\"url\":\"https:\\\/\\\/buyadsaccounts.net\\\/\",\"logo\":{\"@type\":\"ImageObject\",\"inLanguage\":\"sl-SI\",\"@id\":\"https:\\\/\\\/buyadsaccounts.net\\\/#\\\/schema\\\/logo\\\/image\\\/\",\"url\":\"https:\\\/\\\/buyadsaccounts.net\\\/wp-content\\\/uploads\\\/2024\\\/12\\\/buyads-fav.jpg\",\"contentUrl\":\"https:\\\/\\\/buyadsaccounts.net\\\/wp-content\\\/uploads\\\/2024\\\/12\\\/buyads-fav.jpg\",\"width\":512,\"height\":512,\"caption\":\"Buy Google Ads Accounts\"},\"image\":{\"@id\":\"https:\\\/\\\/buyadsaccounts.net\\\/#\\\/schema\\\/logo\\\/image\\\/\"}}]}<\/script>\n<!-- \/ Yoast SEO Premium plugin. -->","yoast_head_json":{"title":"Nakup Google Ads Igre na sre\u010do Casino Ra\u010duni pripravljeni za oglase","description":"Pridobite odobrene ra\u010dune za igralnice na sre\u010do v Googlovih oglasih, ki so jih potrdila licencirana podjetja. Popolnoma skladni ra\u010duni z visokim zaupanjem so idealni za varno skaliranje kriptooglasov.","robots":{"index":"index","follow":"follow","max-snippet":"max-snippet:-1","max-image-preview":"max-image-preview:large","max-video-preview":"max-video-preview:-1"},"canonical":"https:\/\/buyadsaccounts.net\/sl\/gads\/nakup-google-oglasov-za-igre-na-sreco-racunov\/","og_locale":"sl_SI","og_type":"article","og_title":"Buy Google Ads Gambling Accounts","og_description":"Get Google Ads approved gambling casino accounts validated by licensed companies. Fully compliant, high-trust accounts ideal for scaling crypto ads safely.","og_url":"https:\/\/buyadsaccounts.net\/sl\/gads\/nakup-google-oglasov-za-igre-na-sreco-racunov\/","og_site_name":"BuyAdsAccounts","article_modified_time":"2026-02-01T17:30:32+00:00","og_image":[{"width":88,"height":88,"url":"https:\/\/buyadsaccounts.net\/wp-content\/uploads\/2025\/12\/google-ads-gambling-account.png","type":"image\/png"}],"twitter_card":"summary_large_image","twitter_misc":{"Est. reading time":"2 minuti"},"schema":{"@context":"https:\/\/schema.org","@graph":[{"@type":"WebPage","@id":"https:\/\/buyadsaccounts.net\/gads\/buy-google-ads-gambling-accounts\/","url":"https:\/\/buyadsaccounts.net\/gads\/buy-google-ads-gambling-accounts\/","name":"Nakup Google Ads Igre na sre\u010do Casino Ra\u010duni pripravljeni za oglase","isPartOf":{"@id":"https:\/\/buyadsaccounts.net\/#website"},"primaryImageOfPage":{"@id":"https:\/\/buyadsaccounts.net\/gads\/buy-google-ads-gambling-accounts\/#primaryimage"},"image":{"@id":"https:\/\/buyadsaccounts.net\/gads\/buy-google-ads-gambling-accounts\/#primaryimage"},"thumbnailUrl":"https:\/\/buyadsaccounts.net\/wp-content\/uploads\/2025\/12\/google-ads-gambling-account.png","datePublished":"2025-12-21T09:12:50+00:00","dateModified":"2026-02-01T17:30:32+00:00","description":"Pridobite odobrene ra\u010dune za igralnice na sre\u010do v Googlovih oglasih, ki so jih potrdila licencirana podjetja. Popolnoma skladni ra\u010duni z visokim zaupanjem so idealni za varno skaliranje kriptooglasov.","breadcrumb":{"@id":"https:\/\/buyadsaccounts.net\/gads\/buy-google-ads-gambling-accounts\/#breadcrumb"},"inLanguage":"sl-SI","potentialAction":[{"@type":"ReadAction","target":["https:\/\/buyadsaccounts.net\/gads\/buy-google-ads-gambling-accounts\/"]}]},{"@type":"ImageObject","inLanguage":"sl-SI","@id":"https:\/\/buyadsaccounts.net\/gads\/buy-google-ads-gambling-accounts\/#primaryimage","url":"https:\/\/buyadsaccounts.net\/wp-content\/uploads\/2025\/12\/google-ads-gambling-account.png","contentUrl":"https:\/\/buyadsaccounts.net\/wp-content\/uploads\/2025\/12\/google-ads-gambling-account.png","width":88,"height":88},{"@type":"BreadcrumbList","@id":"https:\/\/buyadsaccounts.net\/gads\/buy-google-ads-gambling-accounts\/#breadcrumb","itemListElement":[{"@type":"ListItem","position":1,"name":"Home","item":"https:\/\/buyadsaccounts.net\/"},{"@type":"ListItem","position":2,"name":"Shop","item":"https:\/\/buyadsaccounts.net\/ar\/%d9%85%d8%aa%d8%ac%d8%b1\/"},{"@type":"ListItem","position":3,"name":"Buy Google Ads Gambling Accounts"}]},{"@type":"WebSite","@id":"https:\/\/buyadsaccounts.net\/#website","url":"https:\/\/buyadsaccounts.net\/","name":"BuyAdsAccounts","description":"","publisher":{"@id":"https:\/\/buyadsaccounts.net\/#organization"},"potentialAction":[{"@type":"SearchAction","target":{"@type":"EntryPoint","urlTemplate":"https:\/\/buyadsaccounts.net\/?s={search_term_string}"},"query-input":{"@type":"PropertyValueSpecification","valueRequired":true,"valueName":"search_term_string"}}],"inLanguage":"sl-SI"},{"@type":"Organization","@id":"https:\/\/buyadsaccounts.net\/#organization","name":"Nakup Google Ads ra\u010dunov","url":"https:\/\/buyadsaccounts.net\/","logo":{"@type":"ImageObject","inLanguage":"sl-SI","@id":"https:\/\/buyadsaccounts.net\/#\/schema\/logo\/image\/","url":"https:\/\/buyadsaccounts.net\/wp-content\/uploads\/2024\/12\/buyads-fav.jpg","contentUrl":"https:\/\/buyadsaccounts.net\/wp-content\/uploads\/2024\/12\/buyads-fav.jpg","width":512,"height":512,"caption":"Buy Google Ads Accounts"},"image":{"@id":"https:\/\/buyadsaccounts.net\/#\/schema\/logo\/image\/"}}]}},"wcpa_form_fields":{"wcpaData":{"product":{"product_price":0,"price_html":"<span class=\"woocommerce-Price-amount amount\"><bdi>0<span class=\"woocommerce-Price-currencySymbol\">&#36;<\/span><\/bdi><\/span>","original_product_price":0,"price_including_tax":0,"price_excluding_tax":0,"product_id":{"parent":9315,"variation":false},"is_variable":false,"stock_status":"instock","stock_quantity":null,"parent_sku":"","product_attributes":[],"custom_fields":[],"is_taxable":false,"product_name":"Buy Google Ads Gambling Accounts","hasImage":false},"fields":{"sec_16947c10fcaa83":{"extra":{"key":"sec_16947c10fcaa83","section_id":"sec_16947c10fcaa83","name":"Default","status":1,"cl_rule":"show","enableCl":false,"relations":[],"toggle":true,"title_tag":"h3","show_title":false,"showPrice":"default","form_id":9318,"form_rules":{"exclude_from_discount":false,"fee_label":"Fee","disp_hide_options_price":false,"disp_show_section_price":false,"disp_show_field_price":true,"layout_option":"standard","pric_use_as_fee":false,"process_fee_as":"woo_fee"},"layout_option":"standard"},"fields":[[{"type":"checkbox-group","required":true,"elementId":"checkbox-group_16947c10fcaaaf","label":"Account Options","enablePrice":true,"priceOptions":"different_for_all","pricingType":"fixed","price":"100","name":"checkbox-group_16947c10fcaaaf","min_options":"1","other_text":"Other","cl_rule":"show","col":6,"values":[{"label":"2024 UK Account - 50% Payment","value":"2024uk","price":"1700","pimage":"","pimage_id":"","pthumb":"","tempId":"aco_525","gt_translate_keys":["label"]},{"label":"2024 BR Account - 50% Payment","value":"2024br","price":"1000","pimage":"","pimage_id":"","pthumb":"","tempId":"aco_526","gt_translate_keys":["label"]}],"relations":false,"active":true,"tooltip":"<a href=\"https:\/\/help.buyadsaccounts.net\/hc\/helpcenter\/articles\/1766311806-uk-casino-sports-betting-advertising-approval\" target=\"blank\">Read More<\/a>","layOut":"inline","isWeightTemplate":false,"error":false,"isTemplate":false,"checkUi":"","min_quantity":"1","quantity_decimal":false,"quantity_step":"1","quantity_label":"Quantity","repeater_field_label":"{field_label}","repeater_bind":"","max_options":"1","gt_translate_keys":["label","tooltip","repeater_field_label","quantity_label"],"price_dependency":false,"cl_dependency":false,"value":""}],[{"active":true,"col":6,"relations":false,"cl_rule":"show","enableCl":false,"price":"","enablePrice":false,"className":"","label_position":"default","desc_position":"default","type":"url","required":true,"elementId":"url_0401321471","label":"Website URL","name":"url_0401321471","value":"","allow_multiple":false,"isWeightTemplate":false,"error":false,"isTemplate":false,"min_quantity":"1","quantity_decimal":false,"quantity_step":"1","quantity_label":"Quantity","repeater_field_label":"{field_label}","repeater_bind":"","gt_translate_keys":["label","value","repeater_field_label","quantity_label"],"price_dependency":false,"cl_dependency":false}],[{"type":"checkbox-group","elementId":"checkbox-group_106947c10fcaac1","label":"Extra Services","enablePrice":true,"priceOptions":"different_for_all","pricingType":"fixed","price":"100","name":"checkbox-group_106947c10fcaac1","min_options":"1","other_text":"Other","cl_rule":"show","col":6,"values":[{"label":"Ads Manager","value":"camp-mana","price":"200","pimage":"","pimage_id":"","pthumb":"","tempId":"aco_120","gt_translate_keys":["label"]}],"relations":false,"active":true,"tooltip":"<a href=\"https:\/\/help.buyadsaccounts.net\/hc\/helpcenter\/articles\/1754560957-additional-options\" target=\"blank\">Read More<\/a>","layOut":"","isWeightTemplate":false,"error":false,"isTemplate":false,"checkUi":"","min_quantity":"1","quantity_decimal":false,"quantity_step":"1","quantity_label":"Quantity","repeater_field_label":"{field_label}","repeater_bind":"","gt_translate_keys":["label","tooltip","repeater_field_label","quantity_label"],"price_dependency":false,"cl_dependency":["checkbox-group_86947c10fcaad0"],"value":""}],[{"type":"checkbox-group","required":true,"elementId":"checkbox-group_86947c10fcaad0","label":"Ads Manager - How many ADS?","description":"Price per AD","enablePrice":true,"priceOptions":"different_for_all","pricingType":"fixed","price":"100","name":"checkbox-group_86947c10fcaad0","min_options":"1","other_text":"Other","enableCl":true,"cl_rule":"show","cl_val":"camp-mana","col":6,"values":[{"label":"1 Ad","value":"1adurl","price":"0","pimage":"","pimage_id":"","pthumb":"","gt_translate_keys":["label"]},{"label":"2 Ads","value":"2ads","price":"350","pimage":"","pimage_id":"","pthumb":"","gt_translate_keys":["label"]},{"label":"3 Ads","value":"3ads","price":"500","pimage":"","pimage_id":"","pthumb":"","gt_translate_keys":["label"]},{"label":"5 Ads","value":"5ads","price":"800","pimage":"","pimage_id":"","pthumb":"","gt_translate_keys":["label"]},{"label":"10 Ads","value":"10ads","price":"1500","pimage":"","pimage_id":"","pthumb":"","gt_translate_keys":["label"]}],"relations":[{"operator":false,"rules":[{"operator":false,"rules":{"cl_field":"checkbox-group_106947c10fcaac1","cl_relation":"is","cl_val":"camp-mana"}}]}],"active":true,"tooltip":"","layOut":"","isWeightTemplate":false,"error":false,"isTemplate":false,"checkUi":"","min_quantity":"1","quantity_decimal":false,"quantity_step":"1","quantity_label":"Quantity","repeater_field_label":"{field_label}","repeater_bind":"","gt_translate_keys":["label","description","tooltip","repeater_field_label","quantity_label"],"price_dependency":false,"cl_dependency":false,"value":""}]]}},"config":{"price_override":"","enable_recaptcha":false,"bind_quantity":false,"quantity_bind_formula":false,"disp_summ_show_option_price":false,"disp_summ_show_product_price":false,"disp_summ_show_total_price":true,"disp_summ_show_fee":false,"disp_summ_show_discount":false,"summary_title":"","options_total_label":"Options Price","total_label":"Total","options_product_label":"Product Price","fee_label":"Fee","discount_label":"Discount","has_price":true,"has_quantity_formula":false},"mc_unit":1,"tax_rate":1,"tax_rate_real":1,"discount":{"percentage":0,"fixed":0},"design":{"conf":{"LabelPosition":"above","DescPosition":"above","UploadField":"custom_1","QuantityFieldStyle":"default"},"css":{"LeftLabelWidth":"120px"}},"formulas":[],"lookuptables":[],"clones":false,"cartKey":false}},"_links":{"self":[{"href":"https:\/\/buyadsaccounts.net\/sl\/wp-json\/wp\/v2\/product\/9315","targetHints":{"allow":["GET"]}}],"collection":[{"href":"https:\/\/buyadsaccounts.net\/sl\/wp-json\/wp\/v2\/product"}],"about":[{"href":"https:\/\/buyadsaccounts.net\/sl\/wp-json\/wp\/v2\/types\/product"}],"version-history":[{"count":2,"href":"https:\/\/buyadsaccounts.net\/sl\/wp-json\/wp\/v2\/product\/9315\/revisions"}],"predecessor-version":[{"id":9540,"href":"https:\/\/buyadsaccounts.net\/sl\/wp-json\/wp\/v2\/product\/9315\/revisions\/9540"}],"wp:featuredmedia":[{"embeddable":true,"href":"https:\/\/buyadsaccounts.net\/sl\/wp-json\/wp\/v2\/media\/9316"}],"wp:attachment":[{"href":"https:\/\/buyadsaccounts.net\/sl\/wp-json\/wp\/v2\/media?parent=9315"}],"wp:term":[{"taxonomy":"product_brand","embeddable":true,"href":"https:\/\/buyadsaccounts.net\/sl\/wp-json\/wp\/v2\/product_brand?post=9315"},{"taxonomy":"product_cat","embeddable":true,"href":"https:\/\/buyadsaccounts.net\/sl\/wp-json\/wp\/v2\/product_cat?post=9315"},{"taxonomy":"product_tag","embeddable":true,"href":"https:\/\/buyadsaccounts.net\/sl\/wp-json\/wp\/v2\/product_tag?post=9315"}],"curies":[{"name":"wp","href":"https:\/\/api.w.org\/{rel}","templated":true}]}}