{"id":4939,"date":"2024-04-01T17:25:57","date_gmt":"2024-04-01T16:25:57","guid":{"rendered":"https:\/\/rentaccounts.net\/?post_type=product&#038;p=4939"},"modified":"2026-02-01T17:29:34","modified_gmt":"2026-02-01T17:29:34","slug":"nakup-racunov-razvijalcev-jabolk","status":"publish","type":"product","link":"https:\/\/buyadsaccounts.net\/sl\/gads\/nakup-racunov-razvijalcev-jabolk\/","title":{"rendered":"Nakup ra\u010dunov za razvijalce Apple"},"content":{"rendered":"<h2>Zakaj kupiti preverjene ra\u010dune razvijalcev Apple?<\/h2>\n<p>Preverjeni ra\u010duni Apple za razvijalce so nujni za posameznike in podjetja, ki \u017eelijo razvijati in distribuirati aplikacije v trgovini Apple App Store. Ti preverjeni ra\u010duni nudijo vrsto ugodnosti, ki lahko mo\u010dno izbolj\u0161ajo postopek razvoja in distribucije aplikacij. Tukaj je nekaj klju\u010dnih razlogov, zakaj bi morali razmisliti o nakupu ra\u010dunov Apple Developer Verified Accounts:<\/p>\n<h3>1. Dostop do orodij Apple Developer Tools<\/h3>\n<p>Z nakupom ra\u010duna Apple Developer Verified Account pridobite dostop do \u0161tevilnih orodij za razvijalce in virov, ki jih zagotavlja Apple. Ta orodja vklju\u010dujejo Xcode, zmogljivo integrirano razvojno okolje (IDE) za ustvarjanje aplikacij za iOS, macOS, watchOS in tvOS. S programom Xcode lahko u\u010dinkovito oblikujete, kodirate in odpravljate napake svojih aplikacij, zato je razvojni proces bolj gladek in u\u010dinkovit.<\/p>\n<p>Poleg programa Xcode omogo\u010dajo ra\u010duni Apple Developer Verified tudi dostop do drugih dragocenih orodij, kot je TestFlight, ki omogo\u010da distribucijo beta razli\u010dic aplikacije preizku\u0161evalcem za povratne informacije in testiranje. To pomaga zagotoviti, da je va\u0161a aplikacija pred uradno objavo temeljito preizku\u0161ena, kar vodi k vi\u0161ji kakovosti kon\u010dnega izdelka.<\/p>\n<h3>2. Distribucija v trgovini App Store<\/h3>\n<p>Ena glavnih prednosti ra\u010duna Apple Developer Verified Account je mo\u017enost distribucije aplikacij v trgovini Apple App Store. App Store je globalna tr\u017enica z milijoni uporabnikov, ki va\u0161i aplikaciji zagotavlja veliko potencialnega ob\u010dinstva. Z objavo aplikacije v trgovini App Store lahko dose\u017eete \u0161irok krog uporabnikov in potencialno ustvarite velik prihodek.<\/p>\n<p>Imeti Apple Developer Verified Account je pogoj za po\u0161iljanje aplikacij v trgovino App Store. Brez preverjenega ra\u010duna aplikacije ne morete objaviti v tej platformi. Z nakupom preverjenega ra\u010duna lahko zaobidete to zahtevo in takoj za\u010dnete distribuirati svojo aplikacijo v trgovini App Store.<\/p>\n<h3>3. Ve\u010dja verodostojnost in zaupanje<\/h3>\n<p>Ko kupite ra\u010dun Apple Developer Verified Account, v o\u010deh uporabnikov takoj pridobite verodostojnost in zaupanje. Apple ima stroge smernice in standarde za razvoj aplikacij, s preverjenim ra\u010dunom pa doka\u017eete, da ste te zahteve izpolnili. Uporabniki pogosteje prena\u0161ajo in uporabljajo aplikacije razvijalcev s preverjenimi ra\u010duni, saj vedo, da so bile te aplikacije temeljito pregledane in da je manj verjetno, da vsebujejo zlonamerno programsko opremo ali druga varnostna tveganja.<\/p>\n<p>Poleg tega lahko z ra\u010dunom Apple Developer Verified Account v trgovini App Store prika\u017eete svoje ime in logotip razvijalca, kar va\u0161i aplikaciji daje profesionalen in zaupanja vreden videz. To lahko mo\u010dno pove\u010da prepoznavnost in uspeh va\u0161e aplikacije, saj uporabniki pogosteje prena\u0161ajo in sodelujejo z aplikacijami, ki so videti ugledne.<\/p>\n<h3>Zaklju\u010dek<\/h3>\n<p>Na splo\u0161no ima nakup ra\u010duna Apple Developer Verified Account \u0161tevilne prednosti za posameznike in podjetja, ki \u017eelijo razvijati in distribuirati aplikacije v trgovini Apple App Store. Preverjen ra\u010dun lahko mo\u010dno izbolj\u0161a postopek razvoja in distribucije aplikacij, od dostopa do dragocenih orodij za razvijalce do mo\u017enosti objave aplikacij v trgovini App Store ter pridobitve verodostojnosti in zaupanja.<\/p>","protected":false},"excerpt":{"rendered":"<p>S preverjenimi ra\u010duni takoj dostopajte do programa za razvijalce Apple Store. Presko\u010dite te\u017eave z ustvarjanjem novega ra\u010duna in takoj za\u010dnite nalagati svoje aplikacije za iOS v App Store. Z na\u0161imi edinstvenimi mo\u017enostmi namestitve aplikacij in pregledov aplikacij pove\u010dajte uvrstitve aplikacij za Android.<\/p>","protected":false},"featured_media":4940,"template":"","meta":{"_acf_changed":false,"_glsr_average":5,"_glsr_ranking":4.6153846153846,"_glsr_reviews":29},"product_brand":[],"product_cat":[266],"product_tag":[271,273,272],"class_list":{"0":"post-4939","1":"product","2":"type-product","3":"status-publish","4":"has-post-thumbnail","6":"product_cat-apple-developer-account","7":"product_tag-apple-store-developer-accounts","8":"product_tag-buy-app-store-developer","9":"product_tag-buy-apple-developer-account","10":"wcpa_has_options","12":"first","13":"instock","14":"purchasable","15":"product-type-simple"},"acf":[],"yoast_head":"<!-- This site is optimized with the Yoast SEO Premium plugin v26.7 (Yoast SEO v27.4) - https:\/\/yoast.com\/product\/yoast-seo-premium-wordpress\/ -->\n<title>Buy Apple Developer Accounts - Publish Apps on Apple Store<\/title>\n<meta name=\"description\" content=\"Buy Apple Developer Accounts verified and ready to publish apps on App Store. Get Old Developer accounts and publish your iOS apps instantly.\" \/>\n<meta name=\"robots\" content=\"index, follow, max-snippet:-1, max-image-preview:large, max-video-preview:-1\" \/>\n<link rel=\"canonical\" href=\"https:\/\/buyadsaccounts.net\/sl\/gads\/nakup-racunov-razvijalcev-jabolk\/\" \/>\n<meta property=\"og:locale\" content=\"sl_SI\" \/>\n<meta property=\"og:type\" content=\"article\" \/>\n<meta property=\"og:title\" content=\"Buy Apple Developer Accounts\" \/>\n<meta property=\"og:description\" content=\"Buy Apple Developer Accounts verified and ready to publish apps on App Store. Get Old Developer accounts and publish your iOS apps instantly.\" \/>\n<meta property=\"og:url\" content=\"https:\/\/buyadsaccounts.net\/sl\/gads\/nakup-racunov-razvijalcev-jabolk\/\" \/>\n<meta property=\"og:site_name\" content=\"BuyAdsAccounts\" \/>\n<meta property=\"article:modified_time\" content=\"2026-02-01T17:29:34+00:00\" \/>\n<meta property=\"og:image\" content=\"https:\/\/buyadsaccounts.net\/wp-content\/uploads\/2024\/04\/apple-developer-accounts.png\" \/>\n\t<meta property=\"og:image:width\" content=\"518\" \/>\n\t<meta property=\"og:image:height\" content=\"597\" \/>\n\t<meta property=\"og:image:type\" content=\"image\/png\" \/>\n<meta name=\"twitter:card\" content=\"summary_large_image\" \/>\n<meta name=\"twitter:label1\" content=\"Est. reading time\" \/>\n\t<meta name=\"twitter:data1\" content=\"3 minute\" \/>\n<script type=\"application\/ld+json\" class=\"yoast-schema-graph\">{\"@context\":\"https:\\\/\\\/schema.org\",\"@graph\":[{\"@type\":\"WebPage\",\"@id\":\"https:\\\/\\\/buyadsaccounts.net\\\/gads\\\/buy-apple-developer-accounts\\\/\",\"url\":\"https:\\\/\\\/buyadsaccounts.net\\\/gads\\\/buy-apple-developer-accounts\\\/\",\"name\":\"Buy Apple Developer Accounts - Publish Apps on Apple Store\",\"isPartOf\":{\"@id\":\"https:\\\/\\\/buyadsaccounts.net\\\/#website\"},\"primaryImageOfPage\":{\"@id\":\"https:\\\/\\\/buyadsaccounts.net\\\/gads\\\/buy-apple-developer-accounts\\\/#primaryimage\"},\"image\":{\"@id\":\"https:\\\/\\\/buyadsaccounts.net\\\/gads\\\/buy-apple-developer-accounts\\\/#primaryimage\"},\"thumbnailUrl\":\"https:\\\/\\\/buyadsaccounts.net\\\/wp-content\\\/uploads\\\/2024\\\/04\\\/apple-developer-accounts.png\",\"datePublished\":\"2024-04-01T16:25:57+00:00\",\"dateModified\":\"2026-02-01T17:29:34+00:00\",\"description\":\"Buy Apple Developer Accounts verified and ready to publish apps on App Store. Get Old Developer accounts and publish your iOS apps instantly.\",\"breadcrumb\":{\"@id\":\"https:\\\/\\\/buyadsaccounts.net\\\/gads\\\/buy-apple-developer-accounts\\\/#breadcrumb\"},\"inLanguage\":\"sl-SI\",\"potentialAction\":[{\"@type\":\"ReadAction\",\"target\":[\"https:\\\/\\\/buyadsaccounts.net\\\/gads\\\/buy-apple-developer-accounts\\\/\"]}]},{\"@type\":\"ImageObject\",\"inLanguage\":\"sl-SI\",\"@id\":\"https:\\\/\\\/buyadsaccounts.net\\\/gads\\\/buy-apple-developer-accounts\\\/#primaryimage\",\"url\":\"https:\\\/\\\/buyadsaccounts.net\\\/wp-content\\\/uploads\\\/2024\\\/04\\\/apple-developer-accounts.png\",\"contentUrl\":\"https:\\\/\\\/buyadsaccounts.net\\\/wp-content\\\/uploads\\\/2024\\\/04\\\/apple-developer-accounts.png\",\"width\":518,\"height\":597},{\"@type\":\"BreadcrumbList\",\"@id\":\"https:\\\/\\\/buyadsaccounts.net\\\/gads\\\/buy-apple-developer-accounts\\\/#breadcrumb\",\"itemListElement\":[{\"@type\":\"ListItem\",\"position\":1,\"name\":\"Home\",\"item\":\"https:\\\/\\\/buyadsaccounts.net\\\/\"},{\"@type\":\"ListItem\",\"position\":2,\"name\":\"Shop\",\"item\":\"https:\\\/\\\/buyadsaccounts.net\\\/ar\\\/%d9%85%d8%aa%d8%ac%d8%b1\\\/\"},{\"@type\":\"ListItem\",\"position\":3,\"name\":\"Buy Apple Developer Accounts\"}]},{\"@type\":\"WebSite\",\"@id\":\"https:\\\/\\\/buyadsaccounts.net\\\/#website\",\"url\":\"https:\\\/\\\/buyadsaccounts.net\\\/\",\"name\":\"BuyAdsAccounts\",\"description\":\"\",\"publisher\":{\"@id\":\"https:\\\/\\\/buyadsaccounts.net\\\/#organization\"},\"potentialAction\":[{\"@type\":\"SearchAction\",\"target\":{\"@type\":\"EntryPoint\",\"urlTemplate\":\"https:\\\/\\\/buyadsaccounts.net\\\/?s={search_term_string}\"},\"query-input\":{\"@type\":\"PropertyValueSpecification\",\"valueRequired\":true,\"valueName\":\"search_term_string\"}}],\"inLanguage\":\"sl-SI\"},{\"@type\":\"Organization\",\"@id\":\"https:\\\/\\\/buyadsaccounts.net\\\/#organization\",\"name\":\"Buy Google Ads Accounts\",\"url\":\"https:\\\/\\\/buyadsaccounts.net\\\/\",\"logo\":{\"@type\":\"ImageObject\",\"inLanguage\":\"sl-SI\",\"@id\":\"https:\\\/\\\/buyadsaccounts.net\\\/#\\\/schema\\\/logo\\\/image\\\/\",\"url\":\"https:\\\/\\\/buyadsaccounts.net\\\/wp-content\\\/uploads\\\/2024\\\/12\\\/buyads-fav.jpg\",\"contentUrl\":\"https:\\\/\\\/buyadsaccounts.net\\\/wp-content\\\/uploads\\\/2024\\\/12\\\/buyads-fav.jpg\",\"width\":512,\"height\":512,\"caption\":\"Buy Google Ads Accounts\"},\"image\":{\"@id\":\"https:\\\/\\\/buyadsaccounts.net\\\/#\\\/schema\\\/logo\\\/image\\\/\"}}]}<\/script>\n<!-- \/ Yoast SEO Premium plugin. -->","yoast_head_json":{"title":"Nakup ra\u010dunov za razvijalce Apple - Objava aplikacij v trgovini Apple Store","description":"Kupite preverjene ra\u010dune za razvijalce Apple, ki so pripravljeni za objavo aplikacij v App Storu. Pridobite stare ra\u010dune za razvijalce in takoj objavite svoje aplikacije za iOS.","robots":{"index":"index","follow":"follow","max-snippet":"max-snippet:-1","max-image-preview":"max-image-preview:large","max-video-preview":"max-video-preview:-1"},"canonical":"https:\/\/buyadsaccounts.net\/sl\/gads\/nakup-racunov-razvijalcev-jabolk\/","og_locale":"sl_SI","og_type":"article","og_title":"Buy Apple Developer Accounts","og_description":"Buy Apple Developer Accounts verified and ready to publish apps on App Store. Get Old Developer accounts and publish your iOS apps instantly.","og_url":"https:\/\/buyadsaccounts.net\/sl\/gads\/nakup-racunov-razvijalcev-jabolk\/","og_site_name":"BuyAdsAccounts","article_modified_time":"2026-02-01T17:29:34+00:00","og_image":[{"width":518,"height":597,"url":"https:\/\/buyadsaccounts.net\/wp-content\/uploads\/2024\/04\/apple-developer-accounts.png","type":"image\/png"}],"twitter_card":"summary_large_image","twitter_misc":{"Est. reading time":"3 minute"},"schema":{"@context":"https:\/\/schema.org","@graph":[{"@type":"WebPage","@id":"https:\/\/buyadsaccounts.net\/gads\/buy-apple-developer-accounts\/","url":"https:\/\/buyadsaccounts.net\/gads\/buy-apple-developer-accounts\/","name":"Nakup ra\u010dunov za razvijalce Apple - Objava aplikacij v trgovini Apple Store","isPartOf":{"@id":"https:\/\/buyadsaccounts.net\/#website"},"primaryImageOfPage":{"@id":"https:\/\/buyadsaccounts.net\/gads\/buy-apple-developer-accounts\/#primaryimage"},"image":{"@id":"https:\/\/buyadsaccounts.net\/gads\/buy-apple-developer-accounts\/#primaryimage"},"thumbnailUrl":"https:\/\/buyadsaccounts.net\/wp-content\/uploads\/2024\/04\/apple-developer-accounts.png","datePublished":"2024-04-01T16:25:57+00:00","dateModified":"2026-02-01T17:29:34+00:00","description":"Kupite preverjene ra\u010dune za razvijalce Apple, ki so pripravljeni za objavo aplikacij v App Storu. Pridobite stare ra\u010dune za razvijalce in takoj objavite svoje aplikacije za iOS.","breadcrumb":{"@id":"https:\/\/buyadsaccounts.net\/gads\/buy-apple-developer-accounts\/#breadcrumb"},"inLanguage":"sl-SI","potentialAction":[{"@type":"ReadAction","target":["https:\/\/buyadsaccounts.net\/gads\/buy-apple-developer-accounts\/"]}]},{"@type":"ImageObject","inLanguage":"sl-SI","@id":"https:\/\/buyadsaccounts.net\/gads\/buy-apple-developer-accounts\/#primaryimage","url":"https:\/\/buyadsaccounts.net\/wp-content\/uploads\/2024\/04\/apple-developer-accounts.png","contentUrl":"https:\/\/buyadsaccounts.net\/wp-content\/uploads\/2024\/04\/apple-developer-accounts.png","width":518,"height":597},{"@type":"BreadcrumbList","@id":"https:\/\/buyadsaccounts.net\/gads\/buy-apple-developer-accounts\/#breadcrumb","itemListElement":[{"@type":"ListItem","position":1,"name":"Home","item":"https:\/\/buyadsaccounts.net\/"},{"@type":"ListItem","position":2,"name":"Shop","item":"https:\/\/buyadsaccounts.net\/ar\/%d9%85%d8%aa%d8%ac%d8%b1\/"},{"@type":"ListItem","position":3,"name":"Buy Apple Developer Accounts"}]},{"@type":"WebSite","@id":"https:\/\/buyadsaccounts.net\/#website","url":"https:\/\/buyadsaccounts.net\/","name":"BuyAdsAccounts","description":"","publisher":{"@id":"https:\/\/buyadsaccounts.net\/#organization"},"potentialAction":[{"@type":"SearchAction","target":{"@type":"EntryPoint","urlTemplate":"https:\/\/buyadsaccounts.net\/?s={search_term_string}"},"query-input":{"@type":"PropertyValueSpecification","valueRequired":true,"valueName":"search_term_string"}}],"inLanguage":"sl-SI"},{"@type":"Organization","@id":"https:\/\/buyadsaccounts.net\/#organization","name":"Nakup Google Ads ra\u010dunov","url":"https:\/\/buyadsaccounts.net\/","logo":{"@type":"ImageObject","inLanguage":"sl-SI","@id":"https:\/\/buyadsaccounts.net\/#\/schema\/logo\/image\/","url":"https:\/\/buyadsaccounts.net\/wp-content\/uploads\/2024\/12\/buyads-fav.jpg","contentUrl":"https:\/\/buyadsaccounts.net\/wp-content\/uploads\/2024\/12\/buyads-fav.jpg","width":512,"height":512,"caption":"Buy Google Ads Accounts"},"image":{"@id":"https:\/\/buyadsaccounts.net\/#\/schema\/logo\/image\/"}}]}},"wcpa_form_fields":{"wcpaData":{"product":{"product_price":0,"price_html":"<span class=\"woocommerce-Price-amount amount\"><bdi>0<span class=\"woocommerce-Price-currencySymbol\">&#36;<\/span><\/bdi><\/span>","original_product_price":0,"price_including_tax":0,"price_excluding_tax":0,"product_id":{"parent":4939,"variation":false},"is_variable":false,"stock_status":"instock","stock_quantity":null,"parent_sku":"","product_attributes":[],"custom_fields":[],"is_taxable":false,"product_name":"Buy Apple Developer Accounts","hasImage":false},"fields":{"sec_4695e9740c4fc7":{"extra":{"key":"sec_4695e9740c4fc7","section_id":"sec_4695e9740c4fc7","name":"Default","status":1,"cl_rule":"show","enableCl":false,"relations":[],"toggle":true,"title_tag":"h3","show_title":false,"showPrice":"default","form_id":4941,"form_rules":{"exclude_from_discount":false,"fee_label":"\u6599\u91d1","disp_hide_options_price":false,"disp_show_section_price":false,"disp_show_field_price":true,"layout_option":"standard","pric_use_as_fee":false,"process_fee_as":"woo_fee"},"layout_option":"standard"},"fields":[[{"type":"checkbox-group","required":true,"elementId":"wcpa-checkbox-group-660ae21e5b174","label":"Account Options","enablePrice":true,"priceOptions":"different_for_all","pricingType":"fixed","price":"100","name":"checkbox-group-660ae21e5b17c","min_options":"1","other_text":"Other","cl_rule":"show","col":6,"values":[{"label":"2023 Personal Account","value":"old202","price":"300","pimage":"","pimage_id":"","pthumb":"","tempId":"aco_1045","gt_translate_keys":["label"]},{"label":"2022 Organization Account","value":"org2022","price":"600","pimage":"","pimage_id":"","pthumb":"","tempId":"aco_1046","gt_translate_keys":["label"]},{"label":"2023 Organization Account","value":"mfk2023","price":"450","pimage":"","pimage_id":"","pthumb":"","tempId":"aco_1047","gt_translate_keys":["label"]}],"relations":false,"active":true,"tooltip":"","layOut":"","isWeightTemplate":false,"error":false,"isTemplate":false,"checkUi":"","min_quantity":"1","quantity_decimal":false,"quantity_step":"1","quantity_label":"Quantity","repeater_field_label":"{field_label}","repeater_bind":"","gt_translate_keys":["label","tooltip","repeater_field_label","quantity_label"],"price_dependency":false,"cl_dependency":false,"value":""}],[{"type":"checkbox-group","elementId":"wcpa-checkbox-group-660ae21e5b181","label":"Extra Services","enablePrice":true,"priceOptions":"different_for_all","pricingType":"fixed","price":"100","name":"checkbox-group-660ae21e5b185","min_options":"1","other_text":"Other","cl_rule":"show","col":6,"values":[{"label":"Keyword App Installs","value":"appinsla","price":"0","pimage":"","pimage_id":"","pthumb":"","tempId":"aco_4569","gt_translate_keys":["label"]},{"label":"App Reviews + Rating","value":"apprev","price":"0","pimage":"","pimage_id":"","pthumb":"","tempId":"aco_4570","gt_translate_keys":["label"]},{"label":"Publish my App","value":"pub20","price":"100","pimage":"","pimage_id":"","pthumb":"","tempId":"aco_4571","gt_translate_keys":["label"]},{"label":"Premium Proxy","value":"prmprox","selected":false,"tempId":"aco_4581","price":"20","gt_translate_keys":["label"]},{"label":"Premium Warranty","value":"premwar","selected":false,"tempId":"aco_1761","price":"1500","gt_translate_keys":["label"]}],"relations":false,"active":true,"tooltip":"<a href=\"https:\/\/help.buyadsaccounts.net\/hc\/helpcenter\/articles\/1754560957-additional-options\" target=\"blank\">Read More<\/a>","layOut":"","isWeightTemplate":false,"error":false,"isTemplate":false,"checkUi":"","min_quantity":"1","quantity_decimal":false,"quantity_step":"1","quantity_label":"Quantity","repeater_field_label":"{field_label}","repeater_bind":"","gt_translate_keys":["label","tooltip","repeater_field_label","quantity_label"],"price_dependency":false,"cl_dependency":["wcpa-checkbox-group-660ae21e5b189","wcpa-checkbox-group-660ae21e5b191"],"value":""}],[{"type":"checkbox-group","required":true,"elementId":"wcpa-checkbox-group-660ae21e5b189","label":"How many Installs?","enablePrice":true,"priceOptions":"different_for_all","pricingType":"fixed","price":"100","name":"checkbox-group-660ae21e5b18d","min_options":"1","other_text":"Other","enableCl":true,"cl_rule":"show","cl_val":"appinsla","col":6,"values":[{"label":"1000 App Installs","value":"500ins","price":"300","pimage":"","pimage_id":"","pthumb":"","gt_translate_keys":["label"]},{"label":"5000 App Installs","value":"500app","price":"1400","pimage":"","pimage_id":"","pthumb":"","gt_translate_keys":["label"]},{"label":"10.000 App Installs","value":"10kapp","price":"2700","pimage":"","pimage_id":"","pthumb":"","gt_translate_keys":["label"]}],"relations":[{"operator":false,"rules":[{"operator":false,"rules":{"cl_field":"wcpa-checkbox-group-660ae21e5b181","cl_relation":"is","cl_val":"appinsla"}}]}],"active":true,"tooltip":"","layOut":"","gt_translate_keys":["label","tooltip"],"price_dependency":false,"cl_dependency":false,"value":""}],[{"type":"checkbox-group","required":true,"elementId":"wcpa-checkbox-group-660ae21e5b191","label":"How many Reviews?","enablePrice":true,"priceOptions":"different_for_all","pricingType":"fixed","price":"100","name":"checkbox-group-660ae21e5b195","min_options":"1","other_text":"Other","enableCl":true,"cl_rule":"show","cl_val":"apprev","col":6,"values":[{"label":"500 Reviews + Ratings Random","value":"500rev","price":"250","pimage":"","pimage_id":"","pthumb":"","gt_translate_keys":["label"]},{"label":"1000 Reviews + Ratings Random","value":"100revw","price":"500","pimage":"","pimage_id":"","pthumb":"","gt_translate_keys":["label"]},{"label":"5000 Reviews + Ratings Random","value":"r00anr","price":"2000","pimage":"","pimage_id":"","pthumb":"","gt_translate_keys":["label"]},{"label":"500 Reviews + Ratings Custom","value":"500ccus","price":"350","pimage":"","pimage_id":"","pthumb":"","gt_translate_keys":["label"]},{"label":"1000 Reviews + Ratings Custom","value":"100cus","price":"600","pimage":"","pimage_id":"","pthumb":"","gt_translate_keys":["label"]},{"label":"5000 Reviews + Ratings Custom","value":"500cus","price":"2500","pimage":"","pimage_id":"","pthumb":"","gt_translate_keys":["label"]}],"relations":[{"operator":false,"rules":[{"operator":false,"rules":{"cl_field":"wcpa-checkbox-group-660ae21e5b181","cl_relation":"is","cl_val":"apprev"}}]}],"active":true,"tooltip":"","layOut":"","error":false,"gt_translate_keys":["label","tooltip"],"price_dependency":false,"cl_dependency":false,"value":""}]]}},"config":{"price_override":"","enable_recaptcha":false,"bind_quantity":false,"quantity_bind_formula":false,"disp_summ_show_option_price":false,"disp_summ_show_product_price":false,"disp_summ_show_total_price":true,"disp_summ_show_fee":false,"disp_summ_show_discount":false,"summary_title":"","options_total_label":"\u30aa\u30d7\u30b7\u30e7\u30f3\u4fa1\u683c","total_label":"\u5408\u8a08","options_product_label":"\u88fd\u54c1\u4fa1\u683c","fee_label":"\u6599\u91d1","discount_label":"\u5272\u5f15","has_price":true,"has_quantity_formula":false},"mc_unit":1,"tax_rate":1,"tax_rate_real":1,"discount":{"percentage":0,"fixed":0},"design":{"conf":{"LabelPosition":"above","DescPosition":"above","UploadField":"custom_1","QuantityFieldStyle":"default"},"css":{"LeftLabelWidth":"120px"}},"formulas":[],"lookuptables":[],"clones":false,"cartKey":false}},"_links":{"self":[{"href":"https:\/\/buyadsaccounts.net\/sl\/wp-json\/wp\/v2\/product\/4939","targetHints":{"allow":["GET"]}}],"collection":[{"href":"https:\/\/buyadsaccounts.net\/sl\/wp-json\/wp\/v2\/product"}],"about":[{"href":"https:\/\/buyadsaccounts.net\/sl\/wp-json\/wp\/v2\/types\/product"}],"version-history":[{"count":1,"href":"https:\/\/buyadsaccounts.net\/sl\/wp-json\/wp\/v2\/product\/4939\/revisions"}],"predecessor-version":[{"id":9547,"href":"https:\/\/buyadsaccounts.net\/sl\/wp-json\/wp\/v2\/product\/4939\/revisions\/9547"}],"wp:featuredmedia":[{"embeddable":true,"href":"https:\/\/buyadsaccounts.net\/sl\/wp-json\/wp\/v2\/media\/4940"}],"wp:attachment":[{"href":"https:\/\/buyadsaccounts.net\/sl\/wp-json\/wp\/v2\/media?parent=4939"}],"wp:term":[{"taxonomy":"product_brand","embeddable":true,"href":"https:\/\/buyadsaccounts.net\/sl\/wp-json\/wp\/v2\/product_brand?post=4939"},{"taxonomy":"product_cat","embeddable":true,"href":"https:\/\/buyadsaccounts.net\/sl\/wp-json\/wp\/v2\/product_cat?post=4939"},{"taxonomy":"product_tag","embeddable":true,"href":"https:\/\/buyadsaccounts.net\/sl\/wp-json\/wp\/v2\/product_tag?post=4939"}],"curies":[{"name":"wp","href":"https:\/\/api.w.org\/{rel}","templated":true}]}}