{"id":4935,"date":"2024-04-01T16:07:14","date_gmt":"2024-04-01T15:07:14","guid":{"rendered":"https:\/\/rentaccounts.net\/?post_type=product&#038;p=4935"},"modified":"2026-02-01T17:23:33","modified_gmt":"2026-02-01T17:23:33","slug":"nakup-racunov-razvijalcev-google-play","status":"publish","type":"product","link":"https:\/\/buyadsaccounts.net\/sl\/gads\/nakup-racunov-razvijalcev-google-play\/","title":{"rendered":"Nakup ra\u010dunov za razvijalce Google Play"},"content":{"rendered":"<h2>Zakaj kupiti ra\u010dune za razvijalce Google Play?<\/h2>\n<p>Google Play je najve\u010dja trgovina z aplikacijami za naprave s sistemom Android, ki jo uporablja ve\u010d milijonov uporabnikov po vsem svetu. Za razvijalce aplikacij je ra\u010dun za razvijalce Google Play klju\u010dnega pomena za doseganje \u0161irokega ob\u010dinstva in zaslu\u017eek va\u0161ih aplikacij. Vendar je lahko pridobitev ra\u010duna Google Play za razvijalce zahteven postopek, zlasti za posameznike ali podjetja, ki ne izpolnjujejo meril za upravi\u010denost, ki jih je dolo\u010dil Google.<\/p>\n<h3>1. Dostop do svetovnega ob\u010dinstva<\/h3>\n<p>Z nakupom razvijalskega ra\u010duna Google Play pridobite dostop do globalnega ob\u010dinstva uporabnikov sistema Android. Z ve\u010d kot 2 milijardami aktivnih naprav Android po vsem svetu je mo\u017enost doseganja velikega \u0161tevila uporabnikov ogromna. To vam omogo\u010da, da raz\u0161irite doseg svoje aplikacije in pove\u010date mo\u017enosti za uspeh na zelo konkuren\u010dnem trgu aplikacij.<\/p>\n<h3>2. Prilo\u017enosti za monetizacijo<\/h3>\n<p>Razvijalski ra\u010dun Google Play vam omogo\u010da, da svoje aplikacije zaslu\u017eite na razli\u010dne na\u010dine, na primer z nakupi v aplikacijah, naro\u010dninami in ogla\u0161evanjem. Z nakupom vnaprej pripravljenega ra\u010duna lahko takoj za\u010dnete zaslu\u017eiti s svojimi aplikacijami, ne da bi morali \u010dakati na dolgotrajen postopek odobritve, s katerim se pogosto soo\u010dajo novi razvijalci.<\/p>\n<p>Poleg tega so lahko uveljavljeni ra\u010duni z dobrimi izku\u0161njami bolj prepoznavni in zaupljivi med uporabniki, kar vodi k ve\u010djemu \u0161tevilu prenosov in potencialnim prihodkom.<\/p>\n<h3>3. Zahteve za upravi\u010denost do obvoznice<\/h3>\n<p>Za pridobitev razvijalskega ra\u010duna Google Play je treba izpolniti dolo\u010dene zahteve za upravi\u010denost, na primer imeti registriran poslovni subjekt ali veljaven na\u010din pla\u010dila. Vendar teh meril ne izpolnjujejo vsi, zlasti posamezni razvijalci ali mala podjetja, ki \u0161ele za\u010denjajo z delom.<\/p>\n<p>Z nakupom ra\u010duna za razvijalce Google Play lahko te zahteve za upravi\u010denost zaobidete in takoj za\u010dnete objavljati svoje aplikacije v platformi. To vam lahko prihrani \u010das in trud, tako da se lahko osredoto\u010dite na razvoj in promocijo svojih aplikacij.<\/p>\n<h3>4. Ugled in zaupanje v ra\u010dun<\/h3>\n<p>Vzpostavitev uglednega in zaupanja vrednega ra\u010duna v Google Play je lahko zahtevna naloga, zlasti za nove razvijalce. Za vzpostavitev pozitivnega ugleda je potreben \u010das in dosledna kakovost aplikacij, pozitivne ocene uporabnikov ter upo\u0161tevanje Googlovih pravil in smernic.<\/p>\n<p>Z nakupom uveljavljenega razvijalskega ra\u010duna Google Play podedujete ugled in zanesljivost ra\u010duna. S tem lahko svojim aplikacijam zagotovite prednost v smislu prepoznavnosti in zaupanja uporabnikov ter pove\u010date verjetnost prenosov in pozitivnih ocen.<\/p>\n<h3>5. Prihranek \u010dasa in truda<\/h3>\n<p>Postopek ustvarjanja in nastavljanja novega razvijalskega ra\u010duna Google Play je lahko dolgotrajen in zapleten. Vklju\u010duje zagotavljanje podrobnih informacij, preverjanje identitete in \u010dakanje na Googlovo odobritev. Ta postopek lahko traja ve\u010d dni ali celo tednov.<\/p>\n<p>Z nakupom pripravljenega ra\u010duna prihranite dragoceni \u010das in trud. Svoje aplikacije lahko za\u010dnete objavljati takoj in se osredoto\u010dite na druge vidike razvoja aplikacij, kot sta tr\u017eenje in vklju\u010devanje uporabnikov.<\/p>\n<h3>Zaklju\u010dek<\/h3>\n<p>\u010ceprav so z nakupom razvijalskih ra\u010dunov Google Play povezana dolo\u010dena tveganja in premisleki, je to lahko smiselna mo\u017enost za posameznike ali podjetja, ki \u017eelijo pospe\u0161iti postopek objavljanja aplikacij. Z nakupom uveljavljenega ra\u010duna pridobite dostop do globalnega ob\u010dinstva, mo\u017enosti za monetizacijo, obidete zahteve za upravi\u010denost, podedujete ugled in zaupanje ra\u010duna ter prihranite \u010das in trud.<\/p>\n<p>&nbsp;<\/p>","protected":false},"excerpt":{"rendered":"<p>Z na\u0161imi preverjenimi ra\u010duni takoj dostopajte do konzole za razvijalce Google Play. Presko\u010dite te\u017eave z ustvarjanjem novega ra\u010duna in takoj za\u010dnite nalagati svoje androidne aplikacije v Google Play. Z na\u0161imi edinstvenimi mo\u017enostmi namestitve aplikacij in pregledov aplikacij pove\u010dajte uvrstitev androidnih aplikacij.<\/p>","protected":false},"featured_media":4936,"template":"","meta":{"_acf_changed":false,"_glsr_average":5,"_glsr_ranking":4.7457627118644,"_glsr_reviews":49},"product_brand":[],"product_cat":[265],"product_tag":[269,270],"class_list":{"0":"post-4935","1":"product","2":"type-product","3":"status-publish","4":"has-post-thumbnail","6":"product_cat-google-play-developer","7":"product_tag-buy-google-play-developer-account","8":"product_tag-verified-play-console","9":"wcpa_has_options","11":"first","12":"instock","13":"purchasable","14":"product-type-simple"},"acf":[],"yoast_head":"<!-- This site is optimized with the Yoast SEO Premium plugin v26.7 (Yoast SEO v27.4) - https:\/\/yoast.com\/product\/yoast-seo-premium-wordpress\/ -->\n<title>Buy Google Play Developer Accounts - Publish Apps on Google Play<\/title>\n<meta name=\"description\" content=\"Buy Google Play Developer Accounts verified and ready to publish apps on Google Play. Get Old Developer accounts and publish your android apps instantly.\" \/>\n<meta name=\"robots\" content=\"index, follow, max-snippet:-1, max-image-preview:large, max-video-preview:-1\" \/>\n<link rel=\"canonical\" href=\"https:\/\/buyadsaccounts.net\/sl\/gads\/nakup-racunov-razvijalcev-google-play\/\" \/>\n<meta property=\"og:locale\" content=\"sl_SI\" \/>\n<meta property=\"og:type\" content=\"article\" \/>\n<meta property=\"og:title\" content=\"Buy Google Play Developer Accounts\" \/>\n<meta property=\"og:description\" content=\"Buy Google Play Developer Accounts verified and ready to publish apps on Google Play. Get Old Developer accounts and publish your android apps instantly.\" \/>\n<meta property=\"og:url\" content=\"https:\/\/buyadsaccounts.net\/sl\/gads\/nakup-racunov-razvijalcev-google-play\/\" \/>\n<meta property=\"og:site_name\" content=\"BuyAdsAccounts\" \/>\n<meta property=\"article:modified_time\" content=\"2026-02-01T17:23:33+00:00\" \/>\n<meta property=\"og:image\" content=\"https:\/\/buyadsaccounts.net\/wp-content\/uploads\/2024\/04\/google-play-developer-accounts.png\" \/>\n\t<meta property=\"og:image:width\" content=\"271\" \/>\n\t<meta property=\"og:image:height\" content=\"300\" \/>\n\t<meta property=\"og:image:type\" content=\"image\/png\" \/>\n<meta name=\"twitter:card\" content=\"summary_large_image\" \/>\n<meta name=\"twitter:label1\" content=\"Est. reading time\" \/>\n\t<meta name=\"twitter:data1\" content=\"3 minute\" \/>\n<script type=\"application\/ld+json\" class=\"yoast-schema-graph\">{\"@context\":\"https:\\\/\\\/schema.org\",\"@graph\":[{\"@type\":\"WebPage\",\"@id\":\"https:\\\/\\\/buyadsaccounts.net\\\/gads\\\/buy-google-play-developer-accounts\\\/\",\"url\":\"https:\\\/\\\/buyadsaccounts.net\\\/gads\\\/buy-google-play-developer-accounts\\\/\",\"name\":\"Buy Google Play Developer Accounts - Publish Apps on Google Play\",\"isPartOf\":{\"@id\":\"https:\\\/\\\/buyadsaccounts.net\\\/#website\"},\"primaryImageOfPage\":{\"@id\":\"https:\\\/\\\/buyadsaccounts.net\\\/gads\\\/buy-google-play-developer-accounts\\\/#primaryimage\"},\"image\":{\"@id\":\"https:\\\/\\\/buyadsaccounts.net\\\/gads\\\/buy-google-play-developer-accounts\\\/#primaryimage\"},\"thumbnailUrl\":\"https:\\\/\\\/buyadsaccounts.net\\\/wp-content\\\/uploads\\\/2024\\\/04\\\/google-play-developer-accounts.png\",\"datePublished\":\"2024-04-01T15:07:14+00:00\",\"dateModified\":\"2026-02-01T17:23:33+00:00\",\"description\":\"Buy Google Play Developer Accounts verified and ready to publish apps on Google Play. Get Old Developer accounts and publish your android apps instantly.\",\"breadcrumb\":{\"@id\":\"https:\\\/\\\/buyadsaccounts.net\\\/gads\\\/buy-google-play-developer-accounts\\\/#breadcrumb\"},\"inLanguage\":\"sl-SI\",\"potentialAction\":[{\"@type\":\"ReadAction\",\"target\":[\"https:\\\/\\\/buyadsaccounts.net\\\/gads\\\/buy-google-play-developer-accounts\\\/\"]}]},{\"@type\":\"ImageObject\",\"inLanguage\":\"sl-SI\",\"@id\":\"https:\\\/\\\/buyadsaccounts.net\\\/gads\\\/buy-google-play-developer-accounts\\\/#primaryimage\",\"url\":\"https:\\\/\\\/buyadsaccounts.net\\\/wp-content\\\/uploads\\\/2024\\\/04\\\/google-play-developer-accounts.png\",\"contentUrl\":\"https:\\\/\\\/buyadsaccounts.net\\\/wp-content\\\/uploads\\\/2024\\\/04\\\/google-play-developer-accounts.png\",\"width\":271,\"height\":300},{\"@type\":\"BreadcrumbList\",\"@id\":\"https:\\\/\\\/buyadsaccounts.net\\\/gads\\\/buy-google-play-developer-accounts\\\/#breadcrumb\",\"itemListElement\":[{\"@type\":\"ListItem\",\"position\":1,\"name\":\"Home\",\"item\":\"https:\\\/\\\/buyadsaccounts.net\\\/\"},{\"@type\":\"ListItem\",\"position\":2,\"name\":\"Shop\",\"item\":\"https:\\\/\\\/buyadsaccounts.net\\\/ar\\\/%d9%85%d8%aa%d8%ac%d8%b1\\\/\"},{\"@type\":\"ListItem\",\"position\":3,\"name\":\"Buy Google Play Developer Accounts\"}]},{\"@type\":\"WebSite\",\"@id\":\"https:\\\/\\\/buyadsaccounts.net\\\/#website\",\"url\":\"https:\\\/\\\/buyadsaccounts.net\\\/\",\"name\":\"BuyAdsAccounts\",\"description\":\"\",\"publisher\":{\"@id\":\"https:\\\/\\\/buyadsaccounts.net\\\/#organization\"},\"potentialAction\":[{\"@type\":\"SearchAction\",\"target\":{\"@type\":\"EntryPoint\",\"urlTemplate\":\"https:\\\/\\\/buyadsaccounts.net\\\/?s={search_term_string}\"},\"query-input\":{\"@type\":\"PropertyValueSpecification\",\"valueRequired\":true,\"valueName\":\"search_term_string\"}}],\"inLanguage\":\"sl-SI\"},{\"@type\":\"Organization\",\"@id\":\"https:\\\/\\\/buyadsaccounts.net\\\/#organization\",\"name\":\"Buy Google Ads Accounts\",\"url\":\"https:\\\/\\\/buyadsaccounts.net\\\/\",\"logo\":{\"@type\":\"ImageObject\",\"inLanguage\":\"sl-SI\",\"@id\":\"https:\\\/\\\/buyadsaccounts.net\\\/#\\\/schema\\\/logo\\\/image\\\/\",\"url\":\"https:\\\/\\\/buyadsaccounts.net\\\/wp-content\\\/uploads\\\/2024\\\/12\\\/buyads-fav.jpg\",\"contentUrl\":\"https:\\\/\\\/buyadsaccounts.net\\\/wp-content\\\/uploads\\\/2024\\\/12\\\/buyads-fav.jpg\",\"width\":512,\"height\":512,\"caption\":\"Buy Google Ads Accounts\"},\"image\":{\"@id\":\"https:\\\/\\\/buyadsaccounts.net\\\/#\\\/schema\\\/logo\\\/image\\\/\"}}]}<\/script>\n<!-- \/ Yoast SEO Premium plugin. -->","yoast_head_json":{"title":"Nakup Google Play ra\u010dunov za razvijalce - Objava aplikacij v Google Play","description":"Kupite preverjene ra\u010dune za razvijalce Google Play in jih pripravite za objavo aplikacij v storitvi Google Play. Pridobite stare razvijalske ra\u010dune in takoj objavite svoje androidne aplikacije.","robots":{"index":"index","follow":"follow","max-snippet":"max-snippet:-1","max-image-preview":"max-image-preview:large","max-video-preview":"max-video-preview:-1"},"canonical":"https:\/\/buyadsaccounts.net\/sl\/gads\/nakup-racunov-razvijalcev-google-play\/","og_locale":"sl_SI","og_type":"article","og_title":"Buy Google Play Developer Accounts","og_description":"Buy Google Play Developer Accounts verified and ready to publish apps on Google Play. Get Old Developer accounts and publish your android apps instantly.","og_url":"https:\/\/buyadsaccounts.net\/sl\/gads\/nakup-racunov-razvijalcev-google-play\/","og_site_name":"BuyAdsAccounts","article_modified_time":"2026-02-01T17:23:33+00:00","og_image":[{"width":271,"height":300,"url":"https:\/\/buyadsaccounts.net\/wp-content\/uploads\/2024\/04\/google-play-developer-accounts.png","type":"image\/png"}],"twitter_card":"summary_large_image","twitter_misc":{"Est. reading time":"3 minute"},"schema":{"@context":"https:\/\/schema.org","@graph":[{"@type":"WebPage","@id":"https:\/\/buyadsaccounts.net\/gads\/buy-google-play-developer-accounts\/","url":"https:\/\/buyadsaccounts.net\/gads\/buy-google-play-developer-accounts\/","name":"Nakup Google Play ra\u010dunov za razvijalce - Objava aplikacij v Google Play","isPartOf":{"@id":"https:\/\/buyadsaccounts.net\/#website"},"primaryImageOfPage":{"@id":"https:\/\/buyadsaccounts.net\/gads\/buy-google-play-developer-accounts\/#primaryimage"},"image":{"@id":"https:\/\/buyadsaccounts.net\/gads\/buy-google-play-developer-accounts\/#primaryimage"},"thumbnailUrl":"https:\/\/buyadsaccounts.net\/wp-content\/uploads\/2024\/04\/google-play-developer-accounts.png","datePublished":"2024-04-01T15:07:14+00:00","dateModified":"2026-02-01T17:23:33+00:00","description":"Kupite preverjene ra\u010dune za razvijalce Google Play in jih pripravite za objavo aplikacij v storitvi Google Play. Pridobite stare razvijalske ra\u010dune in takoj objavite svoje androidne aplikacije.","breadcrumb":{"@id":"https:\/\/buyadsaccounts.net\/gads\/buy-google-play-developer-accounts\/#breadcrumb"},"inLanguage":"sl-SI","potentialAction":[{"@type":"ReadAction","target":["https:\/\/buyadsaccounts.net\/gads\/buy-google-play-developer-accounts\/"]}]},{"@type":"ImageObject","inLanguage":"sl-SI","@id":"https:\/\/buyadsaccounts.net\/gads\/buy-google-play-developer-accounts\/#primaryimage","url":"https:\/\/buyadsaccounts.net\/wp-content\/uploads\/2024\/04\/google-play-developer-accounts.png","contentUrl":"https:\/\/buyadsaccounts.net\/wp-content\/uploads\/2024\/04\/google-play-developer-accounts.png","width":271,"height":300},{"@type":"BreadcrumbList","@id":"https:\/\/buyadsaccounts.net\/gads\/buy-google-play-developer-accounts\/#breadcrumb","itemListElement":[{"@type":"ListItem","position":1,"name":"Home","item":"https:\/\/buyadsaccounts.net\/"},{"@type":"ListItem","position":2,"name":"Shop","item":"https:\/\/buyadsaccounts.net\/ar\/%d9%85%d8%aa%d8%ac%d8%b1\/"},{"@type":"ListItem","position":3,"name":"Buy Google Play Developer Accounts"}]},{"@type":"WebSite","@id":"https:\/\/buyadsaccounts.net\/#website","url":"https:\/\/buyadsaccounts.net\/","name":"BuyAdsAccounts","description":"","publisher":{"@id":"https:\/\/buyadsaccounts.net\/#organization"},"potentialAction":[{"@type":"SearchAction","target":{"@type":"EntryPoint","urlTemplate":"https:\/\/buyadsaccounts.net\/?s={search_term_string}"},"query-input":{"@type":"PropertyValueSpecification","valueRequired":true,"valueName":"search_term_string"}}],"inLanguage":"sl-SI"},{"@type":"Organization","@id":"https:\/\/buyadsaccounts.net\/#organization","name":"Nakup Google Ads ra\u010dunov","url":"https:\/\/buyadsaccounts.net\/","logo":{"@type":"ImageObject","inLanguage":"sl-SI","@id":"https:\/\/buyadsaccounts.net\/#\/schema\/logo\/image\/","url":"https:\/\/buyadsaccounts.net\/wp-content\/uploads\/2024\/12\/buyads-fav.jpg","contentUrl":"https:\/\/buyadsaccounts.net\/wp-content\/uploads\/2024\/12\/buyads-fav.jpg","width":512,"height":512,"caption":"Buy Google Ads Accounts"},"image":{"@id":"https:\/\/buyadsaccounts.net\/#\/schema\/logo\/image\/"}}]}},"wcpa_form_fields":{"wcpaData":{"product":{"product_price":0,"price_html":"<span class=\"woocommerce-Price-amount amount\"><bdi>0<span class=\"woocommerce-Price-currencySymbol\">&#36;<\/span><\/bdi><\/span>","original_product_price":0,"price_including_tax":0,"price_excluding_tax":0,"product_id":{"parent":4935,"variation":false},"is_variable":false,"stock_status":"instock","stock_quantity":null,"parent_sku":"","product_attributes":[],"custom_fields":[],"is_taxable":false,"product_name":"Buy Google Play Developer Accounts","hasImage":false},"fields":{"sec_9695e96a865897":{"extra":{"key":"sec_9695e96a865897","section_id":"sec_9695e96a865897","name":"Default","status":1,"cl_rule":"show","enableCl":false,"relations":[],"toggle":true,"title_tag":"h3","show_title":false,"showPrice":"default","form_id":4937,"form_rules":{"exclude_from_discount":false,"fee_label":"Tax\u0103","disp_hide_options_price":false,"disp_show_section_price":false,"disp_show_field_price":true,"layout_option":"standard","pric_use_as_fee":false,"process_fee_as":"woo_fee"},"layout_option":"standard"},"fields":[[{"type":"checkbox-group","required":true,"elementId":"wcpa-checkbox-group-660ad04fb5bd7","label":"Account Options","enablePrice":true,"priceOptions":"different_for_all","pricingType":"fixed","price":"100","name":"checkbox-group-660ad04fb5be0","min_options":"1","other_text":"Other","cl_rule":"show","col":6,"values":[{"label":"2022 Personal Account","value":"202gpl","price":"350","pimage":"","pimage_id":"","pthumb":"","gt_translate_keys":["label"]},{"label":"2023 Personal Account","value":"old202","price":"250","pimage":"","pimage_id":"","pthumb":"","gt_translate_keys":["label"]},{"label":"New Personal Account with 20 Testers","value":"newcac","price":"150","pimage":"","pimage_id":"","pthumb":"","gt_translate_keys":["label"]},{"label":"2022 Organization Account","value":"org2022","price":"550","pimage":"","pimage_id":"","pthumb":"","gt_translate_keys":["label"]},{"label":"2023 Organization Account","value":"mfk2023","price":"400","pimage":"","pimage_id":"","pthumb":"","gt_translate_keys":["label"]}],"relations":false,"active":true,"tooltip":"","layOut":"","isWeightTemplate":false,"error":false,"isTemplate":false,"checkUi":"","min_quantity":"1","quantity_decimal":false,"quantity_step":"1","quantity_label":"Quantity","repeater_field_label":"{field_label}","repeater_bind":"","gt_translate_keys":["label","tooltip","repeater_field_label","quantity_label"],"price_dependency":false,"cl_dependency":false,"value":""}],[{"type":"checkbox-group","elementId":"wcpa-checkbox-group-660ad04fb5be7","label":"Extra Services","enablePrice":true,"priceOptions":"different_for_all","pricingType":"fixed","price":"100","name":"checkbox-group-660ad04fb5bee","min_options":"1","other_text":"Other","cl_rule":"show","col":6,"values":[{"label":"Keyword App Installs","value":"appinsla","price":"0","pimage":"","pimage_id":"","pthumb":"","tempId":"aco_4795","gt_translate_keys":["label"]},{"label":"App Reviews + Rating","value":"apprev","price":"0","pimage":"","pimage_id":"","pthumb":"","tempId":"aco_4796","gt_translate_keys":["label"]},{"label":"Publish my App","value":"pub20","price":"100","pimage":"","pimage_id":"","pthumb":"","tempId":"aco_4797","gt_translate_keys":["label"]},{"label":"Premium Proxy","value":"prempxa","selected":false,"tempId":"aco_4807","price":"20","gt_translate_keys":["label"]},{"label":"Premium Warranty","value":"premwar","selected":false,"tempId":"aco_1481","price":"1000","gt_translate_keys":["label"]}],"relations":false,"active":true,"tooltip":"<a href=\"https:\/\/help.buyadsaccounts.net\/hc\/helpcenter\/articles\/1754560957-additional-options\" target=\"blank\">Read More<\/a>","layOut":"","isWeightTemplate":false,"error":false,"isTemplate":false,"checkUi":"","min_quantity":"1","quantity_decimal":false,"quantity_step":"1","quantity_label":"Quantity","repeater_field_label":"{field_label}","repeater_bind":"","gt_translate_keys":["label","tooltip","repeater_field_label","quantity_label"],"price_dependency":false,"cl_dependency":["wcpa-checkbox-group-660ad04fb5bf4","wcpa-checkbox-group-1711985087713"],"value":""}],[{"type":"checkbox-group","required":true,"elementId":"wcpa-checkbox-group-660ad04fb5bf4","label":"How many Installs?","enablePrice":true,"priceOptions":"different_for_all","pricingType":"fixed","price":"100","name":"checkbox-group-660ad04fb5bfb","min_options":"1","other_text":"Other","enableCl":true,"cl_rule":"show","cl_val":"appinsla","col":6,"values":[{"label":"1000 App Installs","value":"500ins","price":"100","pimage":"","pimage_id":"","pthumb":"","gt_translate_keys":["label"]},{"label":"5000 App Installs","value":"500app","price":"400","pimage":"","pimage_id":"","pthumb":"","gt_translate_keys":["label"]},{"label":"10.000 App Installs","value":"10kapp","price":"800","pimage":"","pimage_id":"","pthumb":"","gt_translate_keys":["label"]},{"label":"50.000 App Installs","value":"50appins","price":"3500","pimage":"","pimage_id":"","pthumb":"","gt_translate_keys":["label"]},{"label":"100.000 App Installs","value":"100apsin","price":"5000","pimage":"","pimage_id":"","pthumb":"","gt_translate_keys":["label"]}],"relations":[{"operator":false,"rules":[{"operator":false,"rules":{"cl_field":"wcpa-checkbox-group-660ad04fb5be7","cl_relation":"is","cl_val":"appinsla"}}]}],"active":true,"tooltip":"","layOut":"","gt_translate_keys":["label","tooltip"],"price_dependency":false,"cl_dependency":false,"value":""}],[{"type":"checkbox-group","required":true,"elementId":"wcpa-checkbox-group-1711985087713","label":"How many Reviews?","enablePrice":true,"priceOptions":"different_for_all","pricingType":"fixed","price":"100","name":"checkbox-group-1711985087712","min_options":"1","other_text":"Other","enableCl":true,"cl_rule":"show","cl_val":"apprev","col":6,"values":[{"label":"500 Reviews + Ratings Random","value":"500rev","price":"250","pimage":"","pimage_id":"","pthumb":"","gt_translate_keys":["label"]},{"label":"1000 Reviews + Ratings Random","value":"100revw","price":"500","pimage":"","pimage_id":"","pthumb":"","gt_translate_keys":["label"]},{"label":"5000 Reviews + Ratings Random","value":"r00anr","price":"2000","pimage":"","pimage_id":"","pthumb":"","gt_translate_keys":["label"]},{"label":"10.000 Reviews + Ratings Random","value":"10ren","price":"4000","pimage":"","pimage_id":"","pthumb":"","gt_translate_keys":["label"]},{"label":"500 Reviews + Ratings Custom","value":"500ccus","price":"350","pimage":"","pimage_id":"","pthumb":"","gt_translate_keys":["label"]},{"label":"1000 Reviews + Ratings Custom","value":"100cus","price":"600","pimage":"","pimage_id":"","pthumb":"","gt_translate_keys":["label"]},{"label":"5000 Reviews + Ratings Custom","value":"500cus","price":"2500","pimage":"","pimage_id":"","pthumb":"","gt_translate_keys":["label"]}],"relations":[{"operator":false,"rules":[{"operator":false,"rules":{"cl_field":"wcpa-checkbox-group-660ad04fb5be7","cl_relation":"is","cl_val":"apprev"}}]}],"active":true,"tooltip":"","layOut":"","gt_translate_keys":["label","tooltip"],"price_dependency":false,"cl_dependency":false,"value":""}]]}},"config":{"price_override":"","enable_recaptcha":false,"bind_quantity":false,"quantity_bind_formula":false,"disp_summ_show_option_price":false,"disp_summ_show_product_price":false,"disp_summ_show_total_price":true,"disp_summ_show_fee":false,"disp_summ_show_discount":false,"summary_title":"","options_total_label":"Op\u021biuni Pre\u021b","total_label":"Total","options_product_label":"Pre\u021bul produsului","fee_label":"Tax\u0103","discount_label":"Reducere","has_price":true,"has_quantity_formula":false},"mc_unit":1,"tax_rate":1,"tax_rate_real":1,"discount":{"percentage":0,"fixed":0},"design":{"conf":{"LabelPosition":"above","DescPosition":"above","UploadField":"custom_1","QuantityFieldStyle":"default"},"css":{"LeftLabelWidth":"120px"}},"formulas":[],"lookuptables":[],"clones":false,"cartKey":false}},"_links":{"self":[{"href":"https:\/\/buyadsaccounts.net\/sl\/wp-json\/wp\/v2\/product\/4935","targetHints":{"allow":["GET"]}}],"collection":[{"href":"https:\/\/buyadsaccounts.net\/sl\/wp-json\/wp\/v2\/product"}],"about":[{"href":"https:\/\/buyadsaccounts.net\/sl\/wp-json\/wp\/v2\/types\/product"}],"version-history":[{"count":1,"href":"https:\/\/buyadsaccounts.net\/sl\/wp-json\/wp\/v2\/product\/4935\/revisions"}],"predecessor-version":[{"id":9546,"href":"https:\/\/buyadsaccounts.net\/sl\/wp-json\/wp\/v2\/product\/4935\/revisions\/9546"}],"wp:featuredmedia":[{"embeddable":true,"href":"https:\/\/buyadsaccounts.net\/sl\/wp-json\/wp\/v2\/media\/4936"}],"wp:attachment":[{"href":"https:\/\/buyadsaccounts.net\/sl\/wp-json\/wp\/v2\/media?parent=4935"}],"wp:term":[{"taxonomy":"product_brand","embeddable":true,"href":"https:\/\/buyadsaccounts.net\/sl\/wp-json\/wp\/v2\/product_brand?post=4935"},{"taxonomy":"product_cat","embeddable":true,"href":"https:\/\/buyadsaccounts.net\/sl\/wp-json\/wp\/v2\/product_cat?post=4935"},{"taxonomy":"product_tag","embeddable":true,"href":"https:\/\/buyadsaccounts.net\/sl\/wp-json\/wp\/v2\/product_tag?post=4935"}],"curies":[{"name":"wp","href":"https:\/\/api.w.org\/{rel}","templated":true}]}}