{"id":4595,"date":"2023-12-15T13:56:24","date_gmt":"2023-12-15T10:56:24","guid":{"rendered":"https:\/\/rentaccounts.net\/?post_type=product&#038;p=4595"},"modified":"2026-02-01T17:28:34","modified_gmt":"2026-02-01T17:28:34","slug":"nakup-racuna-za-izdajanje-racunov-za-google-oglase","status":"publish","type":"product","link":"https:\/\/buyadsaccounts.net\/sl\/gads\/nakup-racuna-za-izdajanje-racunov-za-google-oglase\/","title":{"rendered":"Nakup ra\u010dunov za izdajanje ra\u010dunov Google Ads"},"content":{"rendered":"<h2>Kaj je ra\u010dun za izdajanje ra\u010dunov Google Ads?<\/h2>\n<p>Ra\u010dun Google Ads je mo\u017enost pla\u010dila, ki jo ponuja Google in podjetjem omogo\u010da, da namesto takoj\u0161njih pla\u010dil prejemajo ra\u010dune za svoje stro\u0161ke ogla\u0161evanja. Ta mo\u017enost je \u0161e posebej koristna za podjetja, ki imajo visok prora\u010dun za ogla\u0161evanje in raje konsolidirajo svoja pla\u010dila.<\/p>\n<p>Z ra\u010dunom za izdajanje ra\u010dunov za Google Ads lahko dolo\u010dite dolo\u010deno kreditno omejitev, prejemate mese\u010dne ra\u010dune in opravljate pla\u010dila v dolo\u010denem obdobju. To zagotavlja ve\u010djo prilagodljivost pri upravljanju porabe za ogla\u0161evanje in poenostavlja postopek obra\u010dunavanja.<\/p>\n<h3>Prednosti ra\u010duna za izdajanje ra\u010dunov Google Ads<\/h3>\n<p>1. Izbolj\u0161anje denarnega toka: Z uporabo ra\u010duna za Google Ads lahko bolje upravljate svoj denarni tok, saj imate ve\u010d \u010dasa za pla\u010dilo stro\u0161kov ogla\u0161evanja. To je lahko \u0161e posebej koristno za podjetja s sezonskimi nihanji ali nerednimi tokovi prihodkov.<\/p>\n<p>2. Poenostavljen postopek pla\u010dila: Namesto posameznih pla\u010dil za vsako ogla\u0161evalsko akcijo lahko z ra\u010dunom za Google Ads prejmete konsolidiran mese\u010dni ra\u010dun. S tem poenostavite postopek pla\u010devanja in zmanj\u0161ate \u0161tevilo administrativnih opravil.<\/p>\n<p>3. Okrepljen prora\u010dunski nadzor: S kreditnim limitom, dolo\u010denim za ra\u010dun, imate ve\u010dji nadzor nad prora\u010dunom za ogla\u0161evanje. Sredstva lahko u\u010dinkoviteje razporejate, spremljate stro\u0161ke in jih po potrebi prilagodite.<\/p>\n<p>4. Podrobno poro\u010danje: Google zagotavlja podrobna poro\u010dila o stro\u0161kih ogla\u0161evanja, s katerimi lahko analizirate uspe\u0161nost svojih kampanj. Ti podatki so lahko neprecenljivi pri sprejemanju informiranih odlo\u010ditev za optimizacijo ogla\u0161evalske strategije in pove\u010danje donosnosti nalo\u017ebe (ROI).<\/p>\n<p>Vlaganje v ra\u010dun za izdajanje ra\u010dunov Google Ads lahko podjetjem, ki \u017eelijo racionalizirati svoje stro\u0161ke ogla\u0161evanja in izbolj\u0161ati upravljanje denarnih tokov, prinese \u0161tevilne prednosti. Z bolj\u0161im nadzorom nad prora\u010dunom, poenostavljenimi postopki pla\u010devanja in podrobnim poro\u010danjem lahko optimizirate svojo ogla\u0161evalsko strategijo in dose\u017eete bolj\u0161e rezultate.<\/p>","protected":false},"excerpt":{"rendered":"<p>Ste utrujeni od upravljanja predpla\u010danih stanj za kampanje Google Ads? \u010ce je tako, vas morda zanima nakup ra\u010duna za izdajanje ra\u010dunov za Google Ads.<\/p>","protected":false},"featured_media":4404,"template":"","meta":{"_acf_changed":false,"_glsr_average":5,"_glsr_ranking":4.7,"_glsr_reviews":40},"product_brand":[],"product_cat":[236],"product_tag":[],"class_list":{"0":"post-4595","1":"product","2":"type-product","3":"status-publish","4":"has-post-thumbnail","6":"product_cat-google-ads-invoicing-account","7":"wcpa_has_options","9":"first","10":"instock","11":"purchasable","12":"product-type-simple"},"acf":[],"yoast_head":"<!-- This site is optimized with the Yoast SEO Premium plugin v26.7 (Yoast SEO v27.4) - https:\/\/yoast.com\/product\/yoast-seo-premium-wordpress\/ -->\n<title>Buy Google Ads Invoicing Accounts - Monthly Invoicing<\/title>\n<meta name=\"description\" content=\"Buy Google Ads Invoicing Accounts with credit line approved. Approved Google Ads account with monthly invoicing enabled and verified. Publish Ads Instantly.\" \/>\n<meta name=\"robots\" content=\"index, follow, max-snippet:-1, max-image-preview:large, max-video-preview:-1\" \/>\n<link rel=\"canonical\" href=\"https:\/\/buyadsaccounts.net\/sl\/gads\/nakup-racuna-za-izdajanje-racunov-za-google-oglase\/\" \/>\n<meta property=\"og:locale\" content=\"sl_SI\" \/>\n<meta property=\"og:type\" content=\"article\" \/>\n<meta property=\"og:title\" content=\"Buy Google Ads Invoicing Accounts\" \/>\n<meta property=\"og:description\" content=\"Buy Google Ads Invoicing Accounts with credit line approved. Approved Google Ads account with monthly invoicing enabled and verified. Publish Ads Instantly.\" \/>\n<meta property=\"og:url\" content=\"https:\/\/buyadsaccounts.net\/sl\/gads\/nakup-racuna-za-izdajanje-racunov-za-google-oglase\/\" \/>\n<meta property=\"og:site_name\" content=\"BuyAdsAccounts\" \/>\n<meta property=\"article:modified_time\" content=\"2026-02-01T17:28:34+00:00\" \/>\n<meta property=\"og:image\" content=\"https:\/\/buyadsaccounts.net\/wp-content\/uploads\/2025\/01\/buy_google_ads_accounts.webp\" \/>\n\t<meta property=\"og:image:width\" content=\"1200\" \/>\n\t<meta property=\"og:image:height\" content=\"630\" \/>\n\t<meta property=\"og:image:type\" content=\"image\/webp\" \/>\n<meta name=\"twitter:card\" content=\"summary_large_image\" \/>\n<meta name=\"twitter:image\" content=\"https:\/\/buyadsaccounts.net\/wp-content\/uploads\/2025\/01\/buy_google_ads_accounts.webp\" \/>\n<meta name=\"twitter:label1\" content=\"Est. reading time\" \/>\n\t<meta name=\"twitter:data1\" content=\"2 minuti\" \/>\n<script type=\"application\/ld+json\" class=\"yoast-schema-graph\">{\"@context\":\"https:\\\/\\\/schema.org\",\"@graph\":[{\"@type\":\"WebPage\",\"@id\":\"https:\\\/\\\/buyadsaccounts.net\\\/gads\\\/buy-google-ads-invoicing-account\\\/\",\"url\":\"https:\\\/\\\/buyadsaccounts.net\\\/gads\\\/buy-google-ads-invoicing-account\\\/\",\"name\":\"Buy Google Ads Invoicing Accounts - Monthly Invoicing\",\"isPartOf\":{\"@id\":\"https:\\\/\\\/buyadsaccounts.net\\\/#website\"},\"primaryImageOfPage\":{\"@id\":\"https:\\\/\\\/buyadsaccounts.net\\\/gads\\\/buy-google-ads-invoicing-account\\\/#primaryimage\"},\"image\":{\"@id\":\"https:\\\/\\\/buyadsaccounts.net\\\/gads\\\/buy-google-ads-invoicing-account\\\/#primaryimage\"},\"thumbnailUrl\":\"https:\\\/\\\/buyadsaccounts.net\\\/wp-content\\\/uploads\\\/2021\\\/07\\\/google-ads-accounts-logo.png\",\"datePublished\":\"2023-12-15T10:56:24+00:00\",\"dateModified\":\"2026-02-01T17:28:34+00:00\",\"description\":\"Buy Google Ads Invoicing Accounts with credit line approved. Approved Google Ads account with monthly invoicing enabled and verified. Publish Ads Instantly.\",\"breadcrumb\":{\"@id\":\"https:\\\/\\\/buyadsaccounts.net\\\/gads\\\/buy-google-ads-invoicing-account\\\/#breadcrumb\"},\"inLanguage\":\"sl-SI\",\"potentialAction\":[{\"@type\":\"ReadAction\",\"target\":[\"https:\\\/\\\/buyadsaccounts.net\\\/gads\\\/buy-google-ads-invoicing-account\\\/\"]}]},{\"@type\":\"ImageObject\",\"inLanguage\":\"sl-SI\",\"@id\":\"https:\\\/\\\/buyadsaccounts.net\\\/gads\\\/buy-google-ads-invoicing-account\\\/#primaryimage\",\"url\":\"https:\\\/\\\/buyadsaccounts.net\\\/wp-content\\\/uploads\\\/2021\\\/07\\\/google-ads-accounts-logo.png\",\"contentUrl\":\"https:\\\/\\\/buyadsaccounts.net\\\/wp-content\\\/uploads\\\/2021\\\/07\\\/google-ads-accounts-logo.png\",\"width\":512,\"height\":512},{\"@type\":\"BreadcrumbList\",\"@id\":\"https:\\\/\\\/buyadsaccounts.net\\\/gads\\\/buy-google-ads-invoicing-account\\\/#breadcrumb\",\"itemListElement\":[{\"@type\":\"ListItem\",\"position\":1,\"name\":\"Home\",\"item\":\"https:\\\/\\\/buyadsaccounts.net\\\/\"},{\"@type\":\"ListItem\",\"position\":2,\"name\":\"Shop\",\"item\":\"https:\\\/\\\/buyadsaccounts.net\\\/ar\\\/%d9%85%d8%aa%d8%ac%d8%b1\\\/\"},{\"@type\":\"ListItem\",\"position\":3,\"name\":\"Buy Google Ads Invoicing Accounts\"}]},{\"@type\":\"WebSite\",\"@id\":\"https:\\\/\\\/buyadsaccounts.net\\\/#website\",\"url\":\"https:\\\/\\\/buyadsaccounts.net\\\/\",\"name\":\"BuyAdsAccounts\",\"description\":\"\",\"publisher\":{\"@id\":\"https:\\\/\\\/buyadsaccounts.net\\\/#organization\"},\"potentialAction\":[{\"@type\":\"SearchAction\",\"target\":{\"@type\":\"EntryPoint\",\"urlTemplate\":\"https:\\\/\\\/buyadsaccounts.net\\\/?s={search_term_string}\"},\"query-input\":{\"@type\":\"PropertyValueSpecification\",\"valueRequired\":true,\"valueName\":\"search_term_string\"}}],\"inLanguage\":\"sl-SI\"},{\"@type\":\"Organization\",\"@id\":\"https:\\\/\\\/buyadsaccounts.net\\\/#organization\",\"name\":\"Buy Google Ads Accounts\",\"url\":\"https:\\\/\\\/buyadsaccounts.net\\\/\",\"logo\":{\"@type\":\"ImageObject\",\"inLanguage\":\"sl-SI\",\"@id\":\"https:\\\/\\\/buyadsaccounts.net\\\/#\\\/schema\\\/logo\\\/image\\\/\",\"url\":\"https:\\\/\\\/buyadsaccounts.net\\\/wp-content\\\/uploads\\\/2024\\\/12\\\/buyads-fav.jpg\",\"contentUrl\":\"https:\\\/\\\/buyadsaccounts.net\\\/wp-content\\\/uploads\\\/2024\\\/12\\\/buyads-fav.jpg\",\"width\":512,\"height\":512,\"caption\":\"Buy Google Ads Accounts\"},\"image\":{\"@id\":\"https:\\\/\\\/buyadsaccounts.net\\\/#\\\/schema\\\/logo\\\/image\\\/\"}}]}<\/script>\n<!-- \/ Yoast SEO Premium plugin. -->","yoast_head_json":{"title":"Nakup Google Ads ra\u010dunov za izdajanje ra\u010dunov - Mese\u010dno izdajanje ra\u010dunov","description":"Kupite ra\u010dune za izdajanje ra\u010dunov Google Ads z odobreno kreditno linijo. Odobren ra\u010dun Google Ads z omogo\u010denim in preverjenim mese\u010dnim izdajanjem ra\u010dunov. Takoj\u0161nja objava oglasov.","robots":{"index":"index","follow":"follow","max-snippet":"max-snippet:-1","max-image-preview":"max-image-preview:large","max-video-preview":"max-video-preview:-1"},"canonical":"https:\/\/buyadsaccounts.net\/sl\/gads\/nakup-racuna-za-izdajanje-racunov-za-google-oglase\/","og_locale":"sl_SI","og_type":"article","og_title":"Buy Google Ads Invoicing Accounts","og_description":"Buy Google Ads Invoicing Accounts with credit line approved. Approved Google Ads account with monthly invoicing enabled and verified. Publish Ads Instantly.","og_url":"https:\/\/buyadsaccounts.net\/sl\/gads\/nakup-racuna-za-izdajanje-racunov-za-google-oglase\/","og_site_name":"BuyAdsAccounts","article_modified_time":"2026-02-01T17:28:34+00:00","og_image":[{"width":1200,"height":630,"url":"https:\/\/buyadsaccounts.net\/wp-content\/uploads\/2025\/01\/buy_google_ads_accounts.webp","type":"image\/webp"}],"twitter_card":"summary_large_image","twitter_image":"https:\/\/buyadsaccounts.net\/wp-content\/uploads\/2025\/01\/buy_google_ads_accounts.webp","twitter_misc":{"Est. reading time":"2 minuti"},"schema":{"@context":"https:\/\/schema.org","@graph":[{"@type":"WebPage","@id":"https:\/\/buyadsaccounts.net\/gads\/buy-google-ads-invoicing-account\/","url":"https:\/\/buyadsaccounts.net\/gads\/buy-google-ads-invoicing-account\/","name":"Nakup Google Ads ra\u010dunov za izdajanje ra\u010dunov - Mese\u010dno izdajanje ra\u010dunov","isPartOf":{"@id":"https:\/\/buyadsaccounts.net\/#website"},"primaryImageOfPage":{"@id":"https:\/\/buyadsaccounts.net\/gads\/buy-google-ads-invoicing-account\/#primaryimage"},"image":{"@id":"https:\/\/buyadsaccounts.net\/gads\/buy-google-ads-invoicing-account\/#primaryimage"},"thumbnailUrl":"https:\/\/buyadsaccounts.net\/wp-content\/uploads\/2021\/07\/google-ads-accounts-logo.png","datePublished":"2023-12-15T10:56:24+00:00","dateModified":"2026-02-01T17:28:34+00:00","description":"Kupite ra\u010dune za izdajanje ra\u010dunov Google Ads z odobreno kreditno linijo. Odobren ra\u010dun Google Ads z omogo\u010denim in preverjenim mese\u010dnim izdajanjem ra\u010dunov. Takoj\u0161nja objava oglasov.","breadcrumb":{"@id":"https:\/\/buyadsaccounts.net\/gads\/buy-google-ads-invoicing-account\/#breadcrumb"},"inLanguage":"sl-SI","potentialAction":[{"@type":"ReadAction","target":["https:\/\/buyadsaccounts.net\/gads\/buy-google-ads-invoicing-account\/"]}]},{"@type":"ImageObject","inLanguage":"sl-SI","@id":"https:\/\/buyadsaccounts.net\/gads\/buy-google-ads-invoicing-account\/#primaryimage","url":"https:\/\/buyadsaccounts.net\/wp-content\/uploads\/2021\/07\/google-ads-accounts-logo.png","contentUrl":"https:\/\/buyadsaccounts.net\/wp-content\/uploads\/2021\/07\/google-ads-accounts-logo.png","width":512,"height":512},{"@type":"BreadcrumbList","@id":"https:\/\/buyadsaccounts.net\/gads\/buy-google-ads-invoicing-account\/#breadcrumb","itemListElement":[{"@type":"ListItem","position":1,"name":"Home","item":"https:\/\/buyadsaccounts.net\/"},{"@type":"ListItem","position":2,"name":"Shop","item":"https:\/\/buyadsaccounts.net\/ar\/%d9%85%d8%aa%d8%ac%d8%b1\/"},{"@type":"ListItem","position":3,"name":"Buy Google Ads Invoicing Accounts"}]},{"@type":"WebSite","@id":"https:\/\/buyadsaccounts.net\/#website","url":"https:\/\/buyadsaccounts.net\/","name":"BuyAdsAccounts","description":"","publisher":{"@id":"https:\/\/buyadsaccounts.net\/#organization"},"potentialAction":[{"@type":"SearchAction","target":{"@type":"EntryPoint","urlTemplate":"https:\/\/buyadsaccounts.net\/?s={search_term_string}"},"query-input":{"@type":"PropertyValueSpecification","valueRequired":true,"valueName":"search_term_string"}}],"inLanguage":"sl-SI"},{"@type":"Organization","@id":"https:\/\/buyadsaccounts.net\/#organization","name":"Nakup Google Ads ra\u010dunov","url":"https:\/\/buyadsaccounts.net\/","logo":{"@type":"ImageObject","inLanguage":"sl-SI","@id":"https:\/\/buyadsaccounts.net\/#\/schema\/logo\/image\/","url":"https:\/\/buyadsaccounts.net\/wp-content\/uploads\/2024\/12\/buyads-fav.jpg","contentUrl":"https:\/\/buyadsaccounts.net\/wp-content\/uploads\/2024\/12\/buyads-fav.jpg","width":512,"height":512,"caption":"Buy Google Ads Accounts"},"image":{"@id":"https:\/\/buyadsaccounts.net\/#\/schema\/logo\/image\/"}}]}},"wcpa_form_fields":{"wcpaData":{"product":{"product_price":0,"price_html":"<span class=\"woocommerce-Price-amount amount\"><bdi>0<span class=\"woocommerce-Price-currencySymbol\">&#36;<\/span><\/bdi><\/span>","original_product_price":0,"price_including_tax":0,"price_excluding_tax":0,"product_id":{"parent":4595,"variation":false},"is_variable":false,"stock_status":"instock","stock_quantity":null,"parent_sku":"","product_attributes":[],"custom_fields":[],"is_taxable":false,"product_name":"Buy Google Ads Invoicing Accounts","hasImage":false},"fields":{"sec_2695e652f6d8b2":{"extra":{"key":"sec_2695e652f6d8b2","section_id":"sec_2695e652f6d8b2","name":"Default","status":1,"cl_rule":"show","enableCl":false,"relations":[],"toggle":true,"title_tag":"h3","show_title":false,"showPrice":"default","form_id":4596,"form_rules":{"exclude_from_discount":false,"fee_label":"Fee","disp_hide_options_price":false,"disp_show_section_price":false,"disp_show_field_price":true,"layout_option":"standard","pric_use_as_fee":false,"process_fee_as":"woo_fee"},"layout_option":"standard"},"fields":[[{"type":"checkbox-group","required":true,"elementId":"wcpa-checkbox-group-1643471137938","label":"Account Options","description":"Year - Currency - Limit - Price","enablePrice":true,"priceOptions":"different_for_all","pricingType":"fixed","price":"100","name":"checkbox-group-1643471137938","min_options":"1","other_text":"Other","cl_rule":"show","col":6,"values":[{"label":"2022 USD Account - 12.000$ Credit","value":"usd-account-buy55","price":"900","pimage":"","pimage_id":"","pthumb":"","tempId":"aco_602","gt_translate_keys":["label"]},{"label":"2023 EUR Account - 8000$ Credit","value":"eur-account-buy55","price":"650","pimage":"","pimage_id":"","pthumb":"","tempId":"aco_603","gt_translate_keys":["label"]},{"label":"2023 USD Account - 6500$ Credit","value":"usd-2023-credit","price":"500","pimage":"","pimage_id":"","pthumb":"","tempId":"aco_604","gt_translate_keys":["label"]}],"relations":false,"active":true,"tooltip":"","layOut":"","isWeightTemplate":false,"error":false,"isTemplate":false,"checkUi":"","min_quantity":"1","quantity_decimal":false,"quantity_step":"1","quantity_label":"Quantity","repeater_field_label":"{field_label}","repeater_bind":"","gt_translate_keys":["label","description","tooltip","repeater_field_label","quantity_label"],"price_dependency":false,"cl_dependency":false,"value":""}],[{"type":"checkbox-group","elementId":"wcpa-checkbox-group-1702402170666","label":"Extra Services","enablePrice":true,"priceOptions":"different_for_all","pricingType":"fixed","price":"100","name":"checkbox-group-1702402170665","min_options":"1","other_text":"Other","cl_rule":"show","col":6,"values":[{"label":"Cloaking ( Crypto, IPTV, Gambling, Casino, Affiliate)","value":"blak-cat","price":"100","pimage":"","pimage_id":"","pthumb":"","tempId":"aco_263","gt_translate_keys":["label"]},{"label":"Ads Manager ","value":"campsi","price":"100","pimage":"","pimage_id":"","pthumb":"","tempId":"aco_264","gt_translate_keys":["label"]},{"label":"Premium Warranty","value":"premwar","selected":false,"tempId":"aco_19","price":"1500","gt_translate_keys":["label"]}],"relations":false,"active":true,"tooltip":"<a href=\"https:\/\/help.buyadsaccounts.net\/hc\/helpcenter\/articles\/1754560957-additional-options\" target=\"blank\">Read More<\/a>","layOut":"","isWeightTemplate":false,"error":false,"isTemplate":false,"checkUi":"","min_quantity":"1","quantity_decimal":false,"quantity_step":"1","quantity_label":"Quantity","repeater_field_label":"{field_label}","repeater_bind":"","gt_translate_keys":["label","tooltip","repeater_field_label","quantity_label"],"price_dependency":false,"cl_dependency":["wcpa-checkbox-group-1711017530961","wcpa-checkbox-group-1711017600957"],"value":""}],[{"type":"checkbox-group","required":true,"elementId":"wcpa-checkbox-group-1711017530961","label":"Cloaking - How many URLs?","description":"Price per URL","enablePrice":true,"priceOptions":"different_for_all","pricingType":"fixed","price":"100","name":"checkbox-group-1711017530960","min_options":"1","max_options":"1","other_text":"Other","enableCl":true,"cl_rule":"show","cl_val":"bharsd","col":6,"values":[{"label":"1 URL","value":"bgt","price":"0","pimage":"","pimage_id":"","pthumb":"","gt_translate_keys":["label"]},{"label":"2 URLs","value":"gkr","price":"100","pimage":"","pimage_id":"","pthumb":"","gt_translate_keys":["label"]},{"label":"3 URLs","value":"asff","price":"200","pimage":"","pimage_id":"","pthumb":"","gt_translate_keys":["label"]},{"label":"5 URLs","value":"bfe","price":"350","pimage":"","pimage_id":"","pthumb":"","gt_translate_keys":["label"]},{"label":"10 URLs","value":"dsa","price":"700","pimage":"","pimage_id":"","pthumb":"","gt_translate_keys":["label"]}],"relations":[{"operator":false,"rules":[{"operator":false,"rules":{"cl_field":"wcpa-checkbox-group-1702402170666","cl_relation":"is","cl_val":"bharsd"}}]}],"active":true,"tooltip":"","layOut":"","gt_translate_keys":["label","description","tooltip"],"price_dependency":false,"cl_dependency":false,"value":""}],[{"type":"checkbox-group","required":true,"elementId":"wcpa-checkbox-group-1711017600957","label":"Ads Manager - How many ADS?","description":"Price per AD","enablePrice":true,"priceOptions":"different_for_all","pricingType":"fixed","price":"100","name":"checkbox-group-1711017600956","min_options":"1","max_options":"1","other_text":"Other","enableCl":true,"cl_rule":"show","cl_val":"campsi","col":6,"values":[{"label":"1 Ad","value":"bgt","price":"0","pimage":"","pimage_id":"","pthumb":"","gt_translate_keys":["label"]},{"label":"2 Ads","value":"gkr","price":"100","pimage":"","pimage_id":"","pthumb":"","gt_translate_keys":["label"]},{"label":"3 Ads","value":"asff","price":"200","pimage":"","pimage_id":"","pthumb":"","gt_translate_keys":["label"]},{"label":"5 Ads","value":"bfe","price":"350","pimage":"","pimage_id":"","pthumb":"","gt_translate_keys":["label"]},{"label":"10 Ads","value":"dsa","price":"700","pimage":"","pimage_id":"","pthumb":"","gt_translate_keys":["label"]}],"relations":[{"operator":false,"rules":[{"operator":false,"rules":{"cl_field":"wcpa-checkbox-group-1702402170666","cl_relation":"is","cl_val":"campsi"}}]}],"active":true,"tooltip":"","layOut":"","error":false,"gt_translate_keys":["label","description","tooltip"],"price_dependency":false,"cl_dependency":false,"value":""}]]}},"config":{"price_override":"","enable_recaptcha":false,"bind_quantity":false,"quantity_bind_formula":false,"disp_summ_show_option_price":false,"disp_summ_show_product_price":false,"disp_summ_show_total_price":true,"disp_summ_show_fee":false,"disp_summ_show_discount":false,"summary_title":"","options_total_label":"Options Price","total_label":"Total","options_product_label":"Product Price","fee_label":"Fee","discount_label":"Discount","has_price":true,"has_quantity_formula":false},"mc_unit":1,"tax_rate":1,"tax_rate_real":1,"discount":{"percentage":0,"fixed":0},"design":{"conf":{"LabelPosition":"above","DescPosition":"above","UploadField":"custom_1","QuantityFieldStyle":"default"},"css":{"LeftLabelWidth":"120px"}},"formulas":[],"lookuptables":[],"clones":false,"cartKey":false}},"_links":{"self":[{"href":"https:\/\/buyadsaccounts.net\/sl\/wp-json\/wp\/v2\/product\/4595","targetHints":{"allow":["GET"]}}],"collection":[{"href":"https:\/\/buyadsaccounts.net\/sl\/wp-json\/wp\/v2\/product"}],"about":[{"href":"https:\/\/buyadsaccounts.net\/sl\/wp-json\/wp\/v2\/types\/product"}],"version-history":[{"count":1,"href":"https:\/\/buyadsaccounts.net\/sl\/wp-json\/wp\/v2\/product\/4595\/revisions"}],"predecessor-version":[{"id":9541,"href":"https:\/\/buyadsaccounts.net\/sl\/wp-json\/wp\/v2\/product\/4595\/revisions\/9541"}],"wp:featuredmedia":[{"embeddable":true,"href":"https:\/\/buyadsaccounts.net\/sl\/wp-json\/wp\/v2\/media\/4404"}],"wp:attachment":[{"href":"https:\/\/buyadsaccounts.net\/sl\/wp-json\/wp\/v2\/media?parent=4595"}],"wp:term":[{"taxonomy":"product_brand","embeddable":true,"href":"https:\/\/buyadsaccounts.net\/sl\/wp-json\/wp\/v2\/product_brand?post=4595"},{"taxonomy":"product_cat","embeddable":true,"href":"https:\/\/buyadsaccounts.net\/sl\/wp-json\/wp\/v2\/product_cat?post=4595"},{"taxonomy":"product_tag","embeddable":true,"href":"https:\/\/buyadsaccounts.net\/sl\/wp-json\/wp\/v2\/product_tag?post=4595"}],"curies":[{"name":"wp","href":"https:\/\/api.w.org\/{rel}","templated":true}]}}