{"id":3393,"date":"2022-08-30T15:28:57","date_gmt":"2022-08-30T13:28:57","guid":{"rendered":"https:\/\/rentaccounts.net\/?post_type=product&#038;p=3393"},"modified":"2026-02-03T22:53:40","modified_gmt":"2026-02-03T22:53:40","slug":"racun-za-oglase-microsoft-bing","status":"publish","type":"product","link":"https:\/\/buyadsaccounts.net\/sl\/gads\/racun-za-oglase-microsoft-bing\/","title":{"rendered":"Nakup Microsoft Ads ra\u010duna"},"content":{"rendered":"<h2>Prednosti nakupa Microsoftovih ra\u010dunov za oglase<\/h2>\n<p>\u017delite okrepiti svoje spletno ogla\u0161evanje? Microsoftovi oglasi so zmogljiva platforma, ki vam lahko pomaga dose\u010di \u0161ir\u0161e ob\u010dinstvo in pove\u010dati promet na va\u0161em spletnem mestu. Vendar je upravljanje ve\u010d ra\u010dunov Microsoft Ads lahko zamudno in zahtevno. Zato lahko nakup ra\u010dunov Microsoft Ads spremeni pravila igre. V tem \u010dlanku bomo obravnavali prednosti nakupa ra\u010dunov Microsoft Ads in kako lahko va\u0161emu podjetju zagotovi konkuren\u010dno prednost.<\/p>\n<h3>1. Ve\u010dji doseg<\/h3>\n<p>Z nakupom ra\u010dunov Microsoft Ads lahko raz\u0161irite svoj doseg in ciljate na ve\u010dje ob\u010dinstvo. Vsak ra\u010dun ima svoj edinstven nabor demografskih podatkov in interesov, zato lahko oglase prilagodite dolo\u010denim segmentom strank. Z ve\u010d ra\u010duni lahko hkrati izvajate razli\u010dne kampanje, s \u010dimer pove\u010date svojo izpostavljenost in mo\u017enosti, da dose\u017eete potencialne stranke.<\/p>\n<h3>2. Izbolj\u0161ana u\u010dinkovitost oglasov<\/h3>\n<p>Z nakupom ra\u010dunov Microsoft Ads pridobite dostop do ra\u010dunov, ki so \u017ee vzpostavljeni in imajo zgodovino uspe\u0161nega ogla\u0161evanja. Ti ra\u010duni so si pri Microsoftu pridobili kredibilnost in zaupanje, kar lahko pozitivno vpliva na uspe\u0161nost va\u0161ih oglasov. Obstoje\u010di ugled teh ra\u010dunov lahko izkoristite za izbolj\u0161anje ocene kakovosti oglasov in pove\u010danje mo\u017enosti, da se va\u0161i oglasi prika\u017eejo ciljnemu ob\u010dinstvu.<\/p>\n<h3>3. Prihranek \u010dasa in truda<\/h3>\n<p>Upravljanje ve\u010d ra\u010dunov Microsoft Ads je lahko zamudno in zahteva veliko truda. Z nakupom \u017ee obstoje\u010dih ra\u010dunov si lahko prihranite te\u017eave z ustvarjanjem in upravljanjem novih ra\u010dunov od za\u010detka. Tako lahko svoj \u010das in energijo usmerite v druge pomembne vidike poslovanja, kot sta optimizacija ogla\u0161evalskih kampanj in analiziranje rezultatov.<\/p>\n<h3>4. Konkuren\u010dna prednost<\/h3>\n<p>Z nakupom ra\u010dunov Microsoft Ads lahko pridobite konkuren\u010dno prednost v spletnem ogla\u0161evanju. Z ve\u010d ra\u010duni lahko izvajate razli\u010dne razli\u010dice oglasov in preizku\u0161ate razli\u010dne strategije, da ugotovite, kaj je za va\u0161e podjetje najbolj u\u010dinkovito. Ta prilagodljivost vam omogo\u010da, da ostanete pred konkurenti in prilagodite svoj ogla\u0161evalski pristop na podlagi podatkov in vpogledov v realnem \u010dasu.<\/p>\n<h3>5. Stro\u0161kovno u\u010dinkovita re\u0161itev<\/h3>\n<p>Ko <strong>nakup Microsoft Ads ra\u010dunov<\/strong>, v bistvu vlagate v stro\u0161kovno u\u010dinkovito ogla\u0161evalsko re\u0161itev. Namesto da bi porabili veliko denarja za ustvarjanje in optimizacijo novih ra\u010dunov, lahko kupite uveljavljene ra\u010dune za del\u010dek stro\u0161kov. To lahko prinese znatne prihranke, zlasti za podjetja z omejenimi prora\u010duni za ogla\u0161evanje.<\/p>\n<p>Nakup ra\u010dunov Microsoft Ads je lahko pametna poteza za podjetja, ki \u017eelijo izbolj\u0161ati svoja prizadevanja za spletno ogla\u0161evanje. Z ve\u010djim dosegom, izbolj\u0161ano u\u010dinkovitostjo oglasov, prihrankom \u010dasa in truda, konkuren\u010dno prednostjo in stro\u0161kovno u\u010dinkovitimi re\u0161itvami lahko nakup \u017ee obstoje\u010dih ra\u010dunov va\u0161emu podjetju zagotovi spodbudo, ki jo potrebuje za uspeh na podro\u010dju digitalnega tr\u017eenja. Zakaj bi torej \u010dakali? Za\u010dnite raziskovati prednosti nakupa ra\u010dunov Microsoft Ads in dvignite svoje ogla\u0161evalske kampanje v nove vi\u0161ave.<\/p>","protected":false},"excerpt":{"rendered":"<p>Are you looking for a Microsoft Ads account to run your campaigns on Bing, AOL, and Yahoo (and more). We can provide you a fully verified Microsoft (Bing) Ads account.<\/p>","protected":false},"featured_media":3395,"template":"","meta":{"_acf_changed":false,"_glsr_average":4.9,"_glsr_ranking":4.68125,"_glsr_reviews":54},"product_brand":[],"product_cat":[161],"product_tag":[],"class_list":{"0":"post-3393","1":"product","2":"type-product","3":"status-publish","4":"has-post-thumbnail","6":"product_cat-microsoft-bing-ads-accounts","7":"wcpa_has_options","9":"first","10":"instock","11":"purchasable","12":"product-type-simple"},"acf":[],"yoast_head":"<!-- This site is optimized with the Yoast SEO Premium plugin v26.7 (Yoast SEO v27.4) - https:\/\/yoast.com\/product\/yoast-seo-premium-wordpress\/ -->\n<title>Buy Microsoft Ads Accounts - Advertise on Bing, AOL, Yahoo<\/title>\n<meta name=\"description\" content=\"Buy Microsoft Bing Ads accounts. Premium accounts ready to publish campaigns instantly. Advertise on Microsoft Ads with our accounts.\" \/>\n<meta name=\"robots\" content=\"index, follow, max-snippet:-1, max-image-preview:large, max-video-preview:-1\" \/>\n<link rel=\"canonical\" href=\"https:\/\/buyadsaccounts.net\/sl\/gads\/racun-za-oglase-microsoft-bing\/\" \/>\n<meta property=\"og:locale\" content=\"sl_SI\" \/>\n<meta property=\"og:type\" content=\"article\" \/>\n<meta property=\"og:title\" content=\"Buy Microsoft Ads Account\" \/>\n<meta property=\"og:description\" content=\"Buy Microsoft Bing Ads accounts. Premium accounts ready to publish campaigns instantly. Advertise on Microsoft Ads with our accounts.\" \/>\n<meta property=\"og:url\" content=\"https:\/\/buyadsaccounts.net\/sl\/gads\/racun-za-oglase-microsoft-bing\/\" \/>\n<meta property=\"og:site_name\" content=\"BuyAdsAccounts\" \/>\n<meta property=\"article:modified_time\" content=\"2026-02-03T22:53:40+00:00\" \/>\n<meta property=\"og:image\" content=\"https:\/\/buyadsaccounts.net\/wp-content\/uploads\/2022\/08\/microsoft-ads-bing-ads-accounts.jpg\" \/>\n\t<meta property=\"og:image:width\" content=\"600\" \/>\n\t<meta property=\"og:image:height\" content=\"600\" \/>\n\t<meta property=\"og:image:type\" content=\"image\/jpeg\" \/>\n<meta name=\"twitter:card\" content=\"summary_large_image\" \/>\n<meta name=\"twitter:label1\" content=\"Est. reading time\" \/>\n\t<meta name=\"twitter:data1\" content=\"3 minute\" \/>\n<script type=\"application\/ld+json\" class=\"yoast-schema-graph\">{\"@context\":\"https:\\\/\\\/schema.org\",\"@graph\":[{\"@type\":\"WebPage\",\"@id\":\"https:\\\/\\\/buyadsaccounts.net\\\/gads\\\/microsoft-ads-account-bing\\\/\",\"url\":\"https:\\\/\\\/buyadsaccounts.net\\\/gads\\\/microsoft-ads-account-bing\\\/\",\"name\":\"Buy Microsoft Ads Accounts - Advertise on Bing, AOL, Yahoo\",\"isPartOf\":{\"@id\":\"https:\\\/\\\/buyadsaccounts.net\\\/#website\"},\"primaryImageOfPage\":{\"@id\":\"https:\\\/\\\/buyadsaccounts.net\\\/gads\\\/microsoft-ads-account-bing\\\/#primaryimage\"},\"image\":{\"@id\":\"https:\\\/\\\/buyadsaccounts.net\\\/gads\\\/microsoft-ads-account-bing\\\/#primaryimage\"},\"thumbnailUrl\":\"https:\\\/\\\/buyadsaccounts.net\\\/wp-content\\\/uploads\\\/2022\\\/08\\\/microsoft-ads-bing-ads-accounts.jpg\",\"datePublished\":\"2022-08-30T13:28:57+00:00\",\"dateModified\":\"2026-02-03T22:53:40+00:00\",\"description\":\"Buy Microsoft Bing Ads accounts. Premium accounts ready to publish campaigns instantly. Advertise on Microsoft Ads with our accounts.\",\"breadcrumb\":{\"@id\":\"https:\\\/\\\/buyadsaccounts.net\\\/gads\\\/microsoft-ads-account-bing\\\/#breadcrumb\"},\"inLanguage\":\"sl-SI\",\"potentialAction\":[{\"@type\":\"ReadAction\",\"target\":[\"https:\\\/\\\/buyadsaccounts.net\\\/gads\\\/microsoft-ads-account-bing\\\/\"]}]},{\"@type\":\"ImageObject\",\"inLanguage\":\"sl-SI\",\"@id\":\"https:\\\/\\\/buyadsaccounts.net\\\/gads\\\/microsoft-ads-account-bing\\\/#primaryimage\",\"url\":\"https:\\\/\\\/buyadsaccounts.net\\\/wp-content\\\/uploads\\\/2022\\\/08\\\/microsoft-ads-bing-ads-accounts.jpg\",\"contentUrl\":\"https:\\\/\\\/buyadsaccounts.net\\\/wp-content\\\/uploads\\\/2022\\\/08\\\/microsoft-ads-bing-ads-accounts.jpg\",\"width\":600,\"height\":600},{\"@type\":\"BreadcrumbList\",\"@id\":\"https:\\\/\\\/buyadsaccounts.net\\\/gads\\\/microsoft-ads-account-bing\\\/#breadcrumb\",\"itemListElement\":[{\"@type\":\"ListItem\",\"position\":1,\"name\":\"Home\",\"item\":\"https:\\\/\\\/buyadsaccounts.net\\\/\"},{\"@type\":\"ListItem\",\"position\":2,\"name\":\"Shop\",\"item\":\"https:\\\/\\\/buyadsaccounts.net\\\/ar\\\/%d9%85%d8%aa%d8%ac%d8%b1\\\/\"},{\"@type\":\"ListItem\",\"position\":3,\"name\":\"Buy Microsoft Ads Account\"}]},{\"@type\":\"WebSite\",\"@id\":\"https:\\\/\\\/buyadsaccounts.net\\\/#website\",\"url\":\"https:\\\/\\\/buyadsaccounts.net\\\/\",\"name\":\"BuyAdsAccounts\",\"description\":\"\",\"publisher\":{\"@id\":\"https:\\\/\\\/buyadsaccounts.net\\\/#organization\"},\"potentialAction\":[{\"@type\":\"SearchAction\",\"target\":{\"@type\":\"EntryPoint\",\"urlTemplate\":\"https:\\\/\\\/buyadsaccounts.net\\\/?s={search_term_string}\"},\"query-input\":{\"@type\":\"PropertyValueSpecification\",\"valueRequired\":true,\"valueName\":\"search_term_string\"}}],\"inLanguage\":\"sl-SI\"},{\"@type\":\"Organization\",\"@id\":\"https:\\\/\\\/buyadsaccounts.net\\\/#organization\",\"name\":\"Buy Google Ads Accounts\",\"url\":\"https:\\\/\\\/buyadsaccounts.net\\\/\",\"logo\":{\"@type\":\"ImageObject\",\"inLanguage\":\"sl-SI\",\"@id\":\"https:\\\/\\\/buyadsaccounts.net\\\/#\\\/schema\\\/logo\\\/image\\\/\",\"url\":\"https:\\\/\\\/buyadsaccounts.net\\\/wp-content\\\/uploads\\\/2024\\\/12\\\/buyads-fav.jpg\",\"contentUrl\":\"https:\\\/\\\/buyadsaccounts.net\\\/wp-content\\\/uploads\\\/2024\\\/12\\\/buyads-fav.jpg\",\"width\":512,\"height\":512,\"caption\":\"Buy Google Ads Accounts\"},\"image\":{\"@id\":\"https:\\\/\\\/buyadsaccounts.net\\\/#\\\/schema\\\/logo\\\/image\\\/\"}}]}<\/script>\n<!-- \/ Yoast SEO Premium plugin. -->","yoast_head_json":{"title":"Nakup Microsoftovih ra\u010dunov za oglase - ogla\u0161evanje v storitvah Bing, AOL, Yahoo","description":"Nakup Microsoftovih ra\u010dunov Bing Ads. Premium ra\u010duni, pripravljeni za takoj\u0161njo objavo kampanj. Ogla\u0161evanje v Microsoftovih oglasih z na\u0161imi ra\u010duni.","robots":{"index":"index","follow":"follow","max-snippet":"max-snippet:-1","max-image-preview":"max-image-preview:large","max-video-preview":"max-video-preview:-1"},"canonical":"https:\/\/buyadsaccounts.net\/sl\/gads\/racun-za-oglase-microsoft-bing\/","og_locale":"sl_SI","og_type":"article","og_title":"Buy Microsoft Ads Account","og_description":"Buy Microsoft Bing Ads accounts. Premium accounts ready to publish campaigns instantly. Advertise on Microsoft Ads with our accounts.","og_url":"https:\/\/buyadsaccounts.net\/sl\/gads\/racun-za-oglase-microsoft-bing\/","og_site_name":"BuyAdsAccounts","article_modified_time":"2026-02-03T22:53:40+00:00","og_image":[{"width":600,"height":600,"url":"https:\/\/buyadsaccounts.net\/wp-content\/uploads\/2022\/08\/microsoft-ads-bing-ads-accounts.jpg","type":"image\/jpeg"}],"twitter_card":"summary_large_image","twitter_misc":{"Est. reading time":"3 minute"},"schema":{"@context":"https:\/\/schema.org","@graph":[{"@type":"WebPage","@id":"https:\/\/buyadsaccounts.net\/gads\/microsoft-ads-account-bing\/","url":"https:\/\/buyadsaccounts.net\/gads\/microsoft-ads-account-bing\/","name":"Nakup Microsoftovih ra\u010dunov za oglase - ogla\u0161evanje v storitvah Bing, AOL, Yahoo","isPartOf":{"@id":"https:\/\/buyadsaccounts.net\/#website"},"primaryImageOfPage":{"@id":"https:\/\/buyadsaccounts.net\/gads\/microsoft-ads-account-bing\/#primaryimage"},"image":{"@id":"https:\/\/buyadsaccounts.net\/gads\/microsoft-ads-account-bing\/#primaryimage"},"thumbnailUrl":"https:\/\/buyadsaccounts.net\/wp-content\/uploads\/2022\/08\/microsoft-ads-bing-ads-accounts.jpg","datePublished":"2022-08-30T13:28:57+00:00","dateModified":"2026-02-03T22:53:40+00:00","description":"Nakup Microsoftovih ra\u010dunov Bing Ads. Premium ra\u010duni, pripravljeni za takoj\u0161njo objavo kampanj. Ogla\u0161evanje v Microsoftovih oglasih z na\u0161imi ra\u010duni.","breadcrumb":{"@id":"https:\/\/buyadsaccounts.net\/gads\/microsoft-ads-account-bing\/#breadcrumb"},"inLanguage":"sl-SI","potentialAction":[{"@type":"ReadAction","target":["https:\/\/buyadsaccounts.net\/gads\/microsoft-ads-account-bing\/"]}]},{"@type":"ImageObject","inLanguage":"sl-SI","@id":"https:\/\/buyadsaccounts.net\/gads\/microsoft-ads-account-bing\/#primaryimage","url":"https:\/\/buyadsaccounts.net\/wp-content\/uploads\/2022\/08\/microsoft-ads-bing-ads-accounts.jpg","contentUrl":"https:\/\/buyadsaccounts.net\/wp-content\/uploads\/2022\/08\/microsoft-ads-bing-ads-accounts.jpg","width":600,"height":600},{"@type":"BreadcrumbList","@id":"https:\/\/buyadsaccounts.net\/gads\/microsoft-ads-account-bing\/#breadcrumb","itemListElement":[{"@type":"ListItem","position":1,"name":"Home","item":"https:\/\/buyadsaccounts.net\/"},{"@type":"ListItem","position":2,"name":"Shop","item":"https:\/\/buyadsaccounts.net\/ar\/%d9%85%d8%aa%d8%ac%d8%b1\/"},{"@type":"ListItem","position":3,"name":"Buy Microsoft Ads Account"}]},{"@type":"WebSite","@id":"https:\/\/buyadsaccounts.net\/#website","url":"https:\/\/buyadsaccounts.net\/","name":"BuyAdsAccounts","description":"","publisher":{"@id":"https:\/\/buyadsaccounts.net\/#organization"},"potentialAction":[{"@type":"SearchAction","target":{"@type":"EntryPoint","urlTemplate":"https:\/\/buyadsaccounts.net\/?s={search_term_string}"},"query-input":{"@type":"PropertyValueSpecification","valueRequired":true,"valueName":"search_term_string"}}],"inLanguage":"sl-SI"},{"@type":"Organization","@id":"https:\/\/buyadsaccounts.net\/#organization","name":"Nakup Google Ads ra\u010dunov","url":"https:\/\/buyadsaccounts.net\/","logo":{"@type":"ImageObject","inLanguage":"sl-SI","@id":"https:\/\/buyadsaccounts.net\/#\/schema\/logo\/image\/","url":"https:\/\/buyadsaccounts.net\/wp-content\/uploads\/2024\/12\/buyads-fav.jpg","contentUrl":"https:\/\/buyadsaccounts.net\/wp-content\/uploads\/2024\/12\/buyads-fav.jpg","width":512,"height":512,"caption":"Buy Google Ads Accounts"},"image":{"@id":"https:\/\/buyadsaccounts.net\/#\/schema\/logo\/image\/"}}]}},"wcpa_form_fields":{"wcpaData":{"product":{"product_price":0,"price_html":"<span class=\"woocommerce-Price-amount amount\"><bdi>0<span class=\"woocommerce-Price-currencySymbol\">&#36;<\/span><\/bdi><\/span>","original_product_price":0,"price_including_tax":0,"price_excluding_tax":0,"product_id":{"parent":3393,"variation":false},"is_variable":false,"stock_status":"instock","stock_quantity":null,"parent_sku":"","product_attributes":[],"custom_fields":[],"is_taxable":false,"product_name":"Buy Microsoft Ads Account","hasImage":false},"fields":{"sec_8695e94419315c":{"extra":{"key":"sec_8695e94419315c","section_id":"sec_8695e94419315c","name":"Default","status":1,"cl_rule":"show","enableCl":false,"relations":[],"toggle":true,"title_tag":"h3","show_title":false,"showPrice":"default","form_id":3396,"form_rules":{"exclude_from_discount":false,"fee_label":"Fee","disp_hide_options_price":false,"disp_show_section_price":false,"disp_show_field_price":true,"layout_option":"standard","pric_use_as_fee":false,"process_fee_as":"woo_fee"},"layout_option":"standard"},"fields":[[{"type":"checkbox-group","required":true,"elementId":"wcpa-checkbox-group-1643471137938","label":"Account Options","enablePrice":true,"priceOptions":"different_for_all","pricingType":"fixed","price":"100","name":"checkbox-group-1643471137938","min_options":"1","other_text":"Other","cl_rule":"show","col":6,"values":[{"label":"2022 USD Account","value":"uk-new-no-spent","price":"200","pimage":"","pimage_id":"","pthumb":"","gt_translate_keys":["label"]},{"label":"2023 EUR Account","value":"uk-6-4k","price":"200","pimage":"","pimage_id":"","pthumb":"","gt_translate_keys":["label"]},{"label":"2023 GBP Account","value":"uk-2030-4000","price":"200","pimage":"","pimage_id":"","pthumb":"","gt_translate_keys":["label"]}],"relations":false,"active":true,"tooltip":"","layOut":"inline","isWeightTemplate":false,"error":false,"isTemplate":false,"checkUi":"","min_quantity":"1","quantity_decimal":false,"quantity_step":"1","quantity_label":"Quantity","repeater_field_label":"{field_label}","repeater_bind":"","gt_translate_keys":["label","tooltip","repeater_field_label","quantity_label"],"price_dependency":false,"cl_dependency":false,"value":""}],[{"type":"checkbox-group","elementId":"wcpa-checkbox-group-1708272824668","label":"Extra Services","enablePrice":true,"priceOptions":"different_for_all","pricingType":"fixed","price":"100","name":"checkbox-group-1708272824667","min_options":"1","other_text":"Other","cl_rule":"show","col":6,"values":[{"label":"Credit Card","value":"add-ccv","price":"100","pimage":"","pimage_id":"","pthumb":"","tempId":"aco_743","gt_translate_keys":["label"]},{"label":"Cloaking ( Crypto, IPTV, Gambling, Casino, Affiliate)","value":"blak-cat","price":"100","pimage":"","pimage_id":"","pthumb":"","tempId":"aco_744","gt_translate_keys":["label"]},{"label":"Ads Manager","value":"disw0","price":"100","pimage":"","pimage_id":"","pthumb":"","tempId":"aco_745","gt_translate_keys":["label"]},{"label":"Premium Proxy","value":"preprx","selected":false,"tempId":"aco_926","price":"20","gt_translate_keys":["label"]},{"label":"Premium Warranty","value":"premawa","selected":false,"tempId":"aco_807","price":"500","gt_translate_keys":["label"]}],"relations":false,"active":true,"tooltip":"<a href=\"https:\/\/help.buyadsaccounts.net\/hc\/helpcenter\/articles\/1754560957-additional-options\" target=\"blank\">Read More<\/a>","layOut":"","isWeightTemplate":false,"error":false,"isTemplate":false,"checkUi":"","min_quantity":"1","quantity_decimal":false,"quantity_step":"1","quantity_label":"Quantity","repeater_field_label":"{field_label}","repeater_bind":"","gt_translate_keys":["label","tooltip","repeater_field_label","quantity_label"],"price_dependency":false,"cl_dependency":["wcpa-checkbox-group-1711017105381","wcpa-checkbox-group-1711017186537","wcpa-number-1702422454388"],"value":""}],[{"type":"checkbox-group","required":true,"elementId":"wcpa-checkbox-group-1711017105381","label":"Cloaking - How many URLs?","description":"Price per URL","enablePrice":true,"priceOptions":"different_for_all","pricingType":"fixed","price":"100","name":"checkbox-group-1711017105380","min_options":"1","other_text":"Other","enableCl":true,"cl_rule":"show","cl_val":"blak2","col":6,"values":[{"label":"1 URL","value":"1qq","price":"0","pimage":"","pimage_id":"","pthumb":"","gt_translate_keys":["label"]},{"label":"2 URLs","value":"2aq","price":"100","pimage":"","pimage_id":"","pthumb":"","gt_translate_keys":["label"]},{"label":"3 URLs","value":"3df","price":"200","pimage":"","pimage_id":"","pthumb":"","gt_translate_keys":["label"]},{"label":"5 URLs","value":"522","price":"350","pimage":"","pimage_id":"","pthumb":"","gt_translate_keys":["label"]},{"label":"10 URLs","value":"fwe","price":"700","pimage":"","pimage_id":"","pthumb":"","gt_translate_keys":["label"]}],"relations":[{"operator":false,"rules":[{"operator":false,"rules":{"cl_field":"wcpa-checkbox-group-1708272824668","cl_relation":"is","cl_val":"blak2"}}]}],"active":true,"tooltip":"","layOut":"","gt_translate_keys":["label","description","tooltip"],"price_dependency":false,"cl_dependency":false,"value":""}],[{"type":"checkbox-group","required":true,"elementId":"wcpa-checkbox-group-1711017186537","label":"Ads Manager - How many ADS?","description":"Price per AD","enablePrice":true,"priceOptions":"different_for_all","pricingType":"fixed","price":"100","name":"checkbox-group-1711017186536","min_options":"1","other_text":"Other","enableCl":true,"cl_rule":"show","cl_val":"disw0","col":6,"values":[{"label":"1 Ad","value":"1qq","price":"0","pimage":"","pimage_id":"","pthumb":"","gt_translate_keys":["label"]},{"label":"2 Ads","value":"2aq","price":"100","pimage":"","pimage_id":"","pthumb":"","gt_translate_keys":["label"]},{"label":"3 Ads","value":"3df","price":"200","pimage":"","pimage_id":"","pthumb":"","gt_translate_keys":["label"]},{"label":"5 Ads","value":"522","price":"350","pimage":"","pimage_id":"","pthumb":"","gt_translate_keys":["label"]},{"label":"10 Ads","value":"fwe","price":"700","pimage":"","pimage_id":"","pthumb":"","gt_translate_keys":["label"]}],"relations":[{"operator":false,"rules":[{"operator":false,"rules":{"cl_field":"wcpa-checkbox-group-1708272824668","cl_relation":"is","cl_val":"disw0"}}]}],"active":true,"tooltip":"","layOut":"","gt_translate_keys":["label","description","tooltip"],"price_dependency":false,"cl_dependency":false,"value":""}],[{"type":"number","required":true,"elementId":"wcpa-number-1702422454388","label":"Add Funds to the account","description":"5% fee","enablePrice":true,"pricingType":"multiply","price":"1","min":"25","max":"50000","name":"number-1702422454388","enableCl":true,"cl_rule":"show","cl_val":"add-ccv","col":6,"relations":[{"operator":false,"rules":[{"operator":false,"rules":{"cl_field":"wcpa-checkbox-group-1708272824668","cl_relation":"is","cl_val":"add-ccv"}}]}],"active":true,"tooltip":"","error":false,"gt_translate_keys":["label","description","tooltip"],"price_dependency":false,"cl_dependency":false,"value":""}]]}},"config":{"price_override":"","enable_recaptcha":false,"bind_quantity":false,"quantity_bind_formula":false,"disp_summ_show_option_price":false,"disp_summ_show_product_price":false,"disp_summ_show_total_price":true,"disp_summ_show_fee":false,"disp_summ_show_discount":false,"summary_title":"","options_total_label":"Options Price","total_label":"Total","options_product_label":"Product Price","fee_label":"Fee","discount_label":"Discount","has_price":true,"has_quantity_formula":false},"mc_unit":1,"tax_rate":1,"tax_rate_real":1,"discount":{"percentage":0,"fixed":0},"design":{"conf":{"LabelPosition":"above","DescPosition":"above","UploadField":"custom_1","QuantityFieldStyle":"default"},"css":{"LeftLabelWidth":"120px"}},"formulas":[],"lookuptables":[],"clones":false,"cartKey":false}},"_links":{"self":[{"href":"https:\/\/buyadsaccounts.net\/sl\/wp-json\/wp\/v2\/product\/3393","targetHints":{"allow":["GET"]}}],"collection":[{"href":"https:\/\/buyadsaccounts.net\/sl\/wp-json\/wp\/v2\/product"}],"about":[{"href":"https:\/\/buyadsaccounts.net\/sl\/wp-json\/wp\/v2\/types\/product"}],"version-history":[{"count":3,"href":"https:\/\/buyadsaccounts.net\/sl\/wp-json\/wp\/v2\/product\/3393\/revisions"}],"predecessor-version":[{"id":10169,"href":"https:\/\/buyadsaccounts.net\/sl\/wp-json\/wp\/v2\/product\/3393\/revisions\/10169"}],"wp:featuredmedia":[{"embeddable":true,"href":"https:\/\/buyadsaccounts.net\/sl\/wp-json\/wp\/v2\/media\/3395"}],"wp:attachment":[{"href":"https:\/\/buyadsaccounts.net\/sl\/wp-json\/wp\/v2\/media?parent=3393"}],"wp:term":[{"taxonomy":"product_brand","embeddable":true,"href":"https:\/\/buyadsaccounts.net\/sl\/wp-json\/wp\/v2\/product_brand?post=3393"},{"taxonomy":"product_cat","embeddable":true,"href":"https:\/\/buyadsaccounts.net\/sl\/wp-json\/wp\/v2\/product_cat?post=3393"},{"taxonomy":"product_tag","embeddable":true,"href":"https:\/\/buyadsaccounts.net\/sl\/wp-json\/wp\/v2\/product_tag?post=3393"}],"curies":[{"name":"wp","href":"https:\/\/api.w.org\/{rel}","templated":true}]}}