{"id":9220,"date":"2025-12-04T17:00:15","date_gmt":"2025-12-04T17:00:15","guid":{"rendered":"https:\/\/rentaccounts.net\/?post_type=product&#038;p=9220"},"modified":"2026-02-01T17:13:32","modified_gmt":"2026-02-01T17:13:32","slug":"cumpara-google-ads-conturi-cripto","status":"publish","type":"product","link":"https:\/\/buyadsaccounts.net\/ro\/doamne\/cumpara-google-ads-conturi-cripto\/","title":{"rendered":"Cump\u0103ra\u021bi Google Ads Conturi Crypto"},"content":{"rendered":"<h2 data-start=\"233\" data-end=\"284\"><strong data-start=\"236\" data-end=\"284\">De ce s\u0103 cump\u0103ra\u021bi Google Ads Crypto-Verified Accounts?<\/strong><\/h2>\n<p data-start=\"286\" data-end=\"587\">Google Ads r\u0103m\u00e2ne cea mai puternic\u0103 platform\u0103 publicitar\u0103 pentru atingerea audien\u021belor globale prin C\u0103utare, YouTube \u0219i Re\u021beaua de afi\u0219are. Cu toate acestea, accesul \u00eentreprinderilor din domeniul criptografic este foarte restric\u021bionat. Doar companiile care trec testul oficial al Google <strong data-start=\"528\" data-end=\"567\">program de verificare a criptomonedelor<\/strong> poate difuza reclame criptografice.<\/p>\n<p data-start=\"589\" data-end=\"817\">Acesta este motivul pentru care achizi\u021bionarea <strong data-start=\"612\" data-end=\"659\">conturi de criptografie Google Ads verificate legal<\/strong> a devenit esen\u021bial\u0103 pentru mul\u021bi agen\u021bi de publicitate. Conturile noastre sunt verificate \u00een cadrul \u00eentreprinderilor aprobate, sunt pe deplin conforme \u0219i gata s\u0103 ruleze instantaneu campanii criptografice.<\/p>\n<p data-start=\"819\" data-end=\"873\">Iat\u0103 de ce cump\u0103r\u0103torii aleg conturile noastre verificate de criptomonede:<\/p>\n<ul data-start=\"875\" data-end=\"1298\">\n<li data-start=\"875\" data-end=\"990\">\n<p data-start=\"877\" data-end=\"990\"><strong data-start=\"877\" data-end=\"927\">Acces instantaneu la ecosistemul de anun\u021buri criptografice al Google<\/strong> f\u0103r\u0103 a trece prin procesul de verificare \u00eendelungat al Google.<\/p>\n<\/li>\n<li data-start=\"991\" data-end=\"1083\">\n<p data-start=\"993\" data-end=\"1083\"><strong data-start=\"993\" data-end=\"1037\">Abilitatea de a rula imediat anun\u021buri conforme<\/strong> \u00een Google Search, YouTube \u0219i Display.<\/p>\n<\/li>\n<li data-start=\"1084\" data-end=\"1188\">\n<p data-start=\"1086\" data-end=\"1188\"><strong data-start=\"1086\" data-end=\"1122\">\u00cencredere ridicat\u0103 \u0219i reputa\u021bie puternic\u0103<\/strong>, deoarece contul este aprobat \u00een cadrul unei entit\u0103\u021bi verificate legal.<\/p>\n<\/li>\n<li data-start=\"1189\" data-end=\"1298\">\n<p data-start=\"1191\" data-end=\"1298\"><strong data-start=\"1191\" data-end=\"1216\">Card de plat\u0103 \u00eencorporat<\/strong> astfel \u00eenc\u00e2t s\u0103 pute\u021bi alimenta contul direct prin platforma noastr\u0103 cu o tax\u0103 simpl\u0103 de 5%.<\/p>\n<\/li>\n<\/ul>\n<h2 data-start=\"1305\" data-end=\"1350\"><strong data-start=\"1308\" data-end=\"1350\">Considera\u021bii importante \u00eenainte de cump\u0103rare<\/strong><\/h2>\n<p data-start=\"1352\" data-end=\"1492\">Atunci c\u00e2nd achizi\u021biona\u021bi un cont Google Ads pentru publicitatea criptografic\u0103, mai mul\u021bi factori sunt importan\u021bi pentru a asigura siguran\u021ba, conformitatea \u0219i performan\u021ba pe termen lung:<\/p>\n<h3 data-start=\"1494\" data-end=\"1523\"><strong data-start=\"1498\" data-end=\"1521\">Statutul verific\u0103rii<\/strong><\/h3>\n<p data-start=\"1524\" data-end=\"1675\">Confirma\u021bi \u00eentotdeauna c\u0103 contul este verificat din punct de vedere legal \u00een cadrul unei companii aprobate pentru publicitatea \u00een criptomonede. F\u0103r\u0103 acest lucru, campaniile de criptomonede nu se pot desf\u0103\u0219ura.<\/p>\n<h3 data-start=\"1677\" data-end=\"1715\"><strong data-start=\"1681\" data-end=\"1713\">Reputa\u021bia \u0219i istoricul contului<\/strong><\/h3>\n<p data-start=\"1716\" data-end=\"1836\">Conturile cu un istoric curat \u0219i f\u0103r\u0103 \u00eenc\u0103lc\u0103ri ale politicilor au performan\u021be mai bune \u0219i sunt mai pu\u021bin susceptibile de a se confrunta cu revizuiri sau suspend\u0103ri.<\/p>\n<h3 data-start=\"1838\" data-end=\"1871\"><strong data-start=\"1842\" data-end=\"1869\">Configurarea factur\u0103rii \u0219i a finan\u021b\u0103rii<\/strong><\/h3>\n<p data-start=\"1872\" data-end=\"2050\">Conturile noastre vin cu carduri ata\u0219ate, iar dvs. pute\u021bi ad\u0103uga fonduri instantaneu prin sistemul nostru. Cu toate acestea, este important s\u0103 \u00een\u021belege\u021bi limitele de finan\u021bare \u0219i comisioanele \u00eenainte de lansarea campaniilor.<\/p>\n<h3 data-start=\"2052\" data-end=\"2089\"><strong data-start=\"2056\" data-end=\"2087\">Transferul propriet\u0103\u021bii \u0219i accesul<\/strong><\/h3>\n<p data-start=\"2090\" data-end=\"2241\">Asigura\u021bi-v\u0103 c\u0103 primi\u021bi acces complet la contul de anun\u021buri, inclusiv capacitatea de a schimba autentific\u0103rile, de a securiza contul \u0219i de a gestiona facturarea f\u0103r\u0103 restric\u021bii.<\/p>\n<h3 data-start=\"2243\" data-end=\"2279\"><strong data-start=\"2247\" data-end=\"2277\">Securitate \u0219i prevenirea \u00een\u0219el\u0103toriilor<\/strong><\/h3>\n<p data-start=\"2280\" data-end=\"2449\">Publicitatea criptografic\u0103 este o ni\u0219\u0103 restr\u00e2ns\u0103, care atrage mul\u021bi v\u00e2nz\u0103tori fal\u0219i. Cump\u0103ra\u021bi numai din surse verificate \u0219i evita\u021bi pe oricine ofer\u0103 conturi \u201cnelimitate\u201d sau \u201cf\u0103r\u0103 risc\u201d.<\/p>\n<h2 data-start=\"2456\" data-end=\"2482\"><strong data-start=\"2459\" data-end=\"2482\">Pa\u0219i postcump\u0103rare<\/strong><\/h2>\n<p data-start=\"2484\" data-end=\"2601\">Odat\u0103 livrat contul Google Ads cripto-verificat, completa\u021bi ace\u0219ti pa\u0219i pentru securitate \u0219i performan\u021b\u0103 maxime:<\/p>\n<h3 data-start=\"2603\" data-end=\"2640\"><strong data-start=\"2607\" data-end=\"2638\">1. Modificarea acredit\u0103rilor de autentificare<\/strong><\/h3>\n<p data-start=\"2641\" data-end=\"2727\">Schimba\u021bi imediat adresa de e-mail, parola \u0219i op\u021biunile de recuperare pentru a asigura proprietatea deplin\u0103.<\/p>\n<h3 data-start=\"2729\" data-end=\"2769\"><strong data-start=\"2733\" data-end=\"2767\">2. Revizui\u021bi toate set\u0103rile contului<\/strong><\/h3>\n<p data-start=\"2770\" data-end=\"2909\">Verifica\u021bi facturarea, set\u0103rile implicite ale campaniei, targetarea geografic\u0103, regiunile aprobate \u0219i notele de conformitate pentru a alinia totul cu strategia dvs. de publicitate.<\/p>\n<h3 data-start=\"2911\" data-end=\"2956\"><strong data-start=\"2915\" data-end=\"2954\">3. Ad\u0103uga\u021bi fonduri prin tabloul dvs. de bord<\/strong><\/h3>\n<p data-start=\"2957\" data-end=\"3052\">Depune\u021bi bugetul dvs. pentru anun\u021buri utiliz\u00e2nd sistemul nostru de finan\u021bare (tax\u0103 5%) \u0219i \u00eencepe\u021bi s\u0103 rula\u021bi campanii instantaneu.<\/p>\n<h3 data-start=\"3054\" data-end=\"3097\"><strong data-start=\"3058\" data-end=\"3095\">4. Optimizarea \u0219i monitorizarea performan\u021bei<\/strong><\/h3>\n<p data-start=\"3098\" data-end=\"3250\">Sectoarele criptografice verticale pot fi sensibile. Utiliza\u021bi texte publicitare conforme, testa\u021bi mai multe crea\u021bii \u0219i monitoriza\u021bi \u00eendeaproape performan\u021ba, \u00een special \u00een primele 48 de ore.<\/p>\n<h2 data-start=\"3257\" data-end=\"3274\"><strong data-start=\"3260\" data-end=\"3274\">Concluzie<\/strong><\/h2>\n<p data-start=\"3276\" data-end=\"3602\">Cump\u0103rarea unui <strong data-start=\"3285\" data-end=\"3323\">Cont cripto-verificat Google Ads<\/strong> este cea mai rapid\u0103 \u0219i mai sigur\u0103 modalitate de a \u00eencepe s\u0103 desf\u0103\u0219ura\u021bi campanii de criptomonede conforme pe Google Search, YouTube \u0219i Display. Prin alegerea unui furnizor de \u00eencredere, securizarea contului \u0219i respectarea celor mai bune practici, v\u0103 pute\u021bi lansa campaniile imediat \u0219i le pute\u021bi extinde cu \u00eencredere.<\/p>","protected":false},"excerpt":{"rendered":"<p>Rula\u021bi campaniile dvs. publicitare criptografice pe Google Search &amp; Display (Google.com, YouTube) utiliz\u00e2nd conturile noastre criptografice Google Ads verificate legal.<\/p>","protected":false},"featured_media":9221,"template":"","meta":{"_acf_changed":false,"_glsr_average":5,"_glsr_ranking":4.5454545454545,"_glsr_reviews":23},"product_brand":[],"product_cat":[322],"product_tag":[],"class_list":{"0":"post-9220","1":"product","2":"type-product","3":"status-publish","4":"has-post-thumbnail","6":"product_cat-google-ads-crypto","7":"wcpa_has_options","9":"first","10":"instock","11":"purchasable","12":"product-type-simple"},"acf":[],"yoast_head":"<!-- This site is optimized with the Yoast SEO Premium plugin v26.7 (Yoast SEO v27.4) - https:\/\/yoast.com\/product\/yoast-seo-premium-wordpress\/ -->\n<title>Buy Google Ads Approved Crypto Accounts Ready for Ads<\/title>\n<meta name=\"description\" content=\"Get Google Ads approved crypto accounts validated by licensed companies. Fully compliant, high-trust accounts ideal for scaling crypto ads safely.\" \/>\n<meta name=\"robots\" content=\"index, follow, max-snippet:-1, max-image-preview:large, max-video-preview:-1\" \/>\n<link rel=\"canonical\" href=\"https:\/\/buyadsaccounts.net\/ro\/doamne\/cumpara-google-ads-conturi-cripto\/\" \/>\n<meta property=\"og:locale\" content=\"ro_RO\" \/>\n<meta property=\"og:type\" content=\"article\" \/>\n<meta property=\"og:title\" content=\"Buy Google Ads Crypto Accounts\" \/>\n<meta property=\"og:description\" content=\"Get Google Ads approved crypto accounts validated by licensed companies. Fully compliant, high-trust accounts ideal for scaling crypto ads safely.\" \/>\n<meta property=\"og:url\" content=\"https:\/\/buyadsaccounts.net\/ro\/doamne\/cumpara-google-ads-conturi-cripto\/\" \/>\n<meta property=\"og:site_name\" content=\"BuyAdsAccounts\" \/>\n<meta property=\"article:modified_time\" content=\"2026-02-01T17:13:32+00:00\" \/>\n<meta property=\"og:image\" content=\"https:\/\/buyadsaccounts.net\/wp-content\/uploads\/2025\/12\/google-ads-crypto-accounts.png\" \/>\n\t<meta property=\"og:image:width\" content=\"88\" \/>\n\t<meta property=\"og:image:height\" content=\"88\" \/>\n\t<meta property=\"og:image:type\" content=\"image\/png\" \/>\n<meta name=\"twitter:card\" content=\"summary_large_image\" \/>\n<meta name=\"twitter:label1\" content=\"Timp estimat pentru citire\" \/>\n\t<meta name=\"twitter:data1\" content=\"3 minute\" \/>\n<script type=\"application\/ld+json\" class=\"yoast-schema-graph\">{\"@context\":\"https:\\\/\\\/schema.org\",\"@graph\":[{\"@type\":\"WebPage\",\"@id\":\"https:\\\/\\\/buyadsaccounts.net\\\/gads\\\/buy-google-ads-crypto-accounts\\\/\",\"url\":\"https:\\\/\\\/buyadsaccounts.net\\\/gads\\\/buy-google-ads-crypto-accounts\\\/\",\"name\":\"Buy Google Ads Approved Crypto Accounts Ready for Ads\",\"isPartOf\":{\"@id\":\"https:\\\/\\\/buyadsaccounts.net\\\/#website\"},\"primaryImageOfPage\":{\"@id\":\"https:\\\/\\\/buyadsaccounts.net\\\/gads\\\/buy-google-ads-crypto-accounts\\\/#primaryimage\"},\"image\":{\"@id\":\"https:\\\/\\\/buyadsaccounts.net\\\/gads\\\/buy-google-ads-crypto-accounts\\\/#primaryimage\"},\"thumbnailUrl\":\"https:\\\/\\\/buyadsaccounts.net\\\/wp-content\\\/uploads\\\/2025\\\/12\\\/google-ads-crypto-accounts.png\",\"datePublished\":\"2025-12-04T17:00:15+00:00\",\"dateModified\":\"2026-02-01T17:13:32+00:00\",\"description\":\"Get Google Ads approved crypto accounts validated by licensed companies. Fully compliant, high-trust accounts ideal for scaling crypto ads safely.\",\"breadcrumb\":{\"@id\":\"https:\\\/\\\/buyadsaccounts.net\\\/gads\\\/buy-google-ads-crypto-accounts\\\/#breadcrumb\"},\"inLanguage\":\"ro-RO\",\"potentialAction\":[{\"@type\":\"ReadAction\",\"target\":[\"https:\\\/\\\/buyadsaccounts.net\\\/gads\\\/buy-google-ads-crypto-accounts\\\/\"]}]},{\"@type\":\"ImageObject\",\"inLanguage\":\"ro-RO\",\"@id\":\"https:\\\/\\\/buyadsaccounts.net\\\/gads\\\/buy-google-ads-crypto-accounts\\\/#primaryimage\",\"url\":\"https:\\\/\\\/buyadsaccounts.net\\\/wp-content\\\/uploads\\\/2025\\\/12\\\/google-ads-crypto-accounts.png\",\"contentUrl\":\"https:\\\/\\\/buyadsaccounts.net\\\/wp-content\\\/uploads\\\/2025\\\/12\\\/google-ads-crypto-accounts.png\",\"width\":88,\"height\":88,\"caption\":\"google ads crypto accounts\"},{\"@type\":\"BreadcrumbList\",\"@id\":\"https:\\\/\\\/buyadsaccounts.net\\\/gads\\\/buy-google-ads-crypto-accounts\\\/#breadcrumb\",\"itemListElement\":[{\"@type\":\"ListItem\",\"position\":1,\"name\":\"Home\",\"item\":\"https:\\\/\\\/buyadsaccounts.net\\\/\"},{\"@type\":\"ListItem\",\"position\":2,\"name\":\"Shop\",\"item\":\"https:\\\/\\\/buyadsaccounts.net\\\/ar\\\/%d9%85%d8%aa%d8%ac%d8%b1\\\/\"},{\"@type\":\"ListItem\",\"position\":3,\"name\":\"Buy Google Ads Crypto Accounts\"}]},{\"@type\":\"WebSite\",\"@id\":\"https:\\\/\\\/buyadsaccounts.net\\\/#website\",\"url\":\"https:\\\/\\\/buyadsaccounts.net\\\/\",\"name\":\"BuyAdsAccounts\",\"description\":\"\",\"publisher\":{\"@id\":\"https:\\\/\\\/buyadsaccounts.net\\\/#organization\"},\"potentialAction\":[{\"@type\":\"SearchAction\",\"target\":{\"@type\":\"EntryPoint\",\"urlTemplate\":\"https:\\\/\\\/buyadsaccounts.net\\\/?s={search_term_string}\"},\"query-input\":{\"@type\":\"PropertyValueSpecification\",\"valueRequired\":true,\"valueName\":\"search_term_string\"}}],\"inLanguage\":\"ro-RO\"},{\"@type\":\"Organization\",\"@id\":\"https:\\\/\\\/buyadsaccounts.net\\\/#organization\",\"name\":\"Buy Google Ads Accounts\",\"url\":\"https:\\\/\\\/buyadsaccounts.net\\\/\",\"logo\":{\"@type\":\"ImageObject\",\"inLanguage\":\"ro-RO\",\"@id\":\"https:\\\/\\\/buyadsaccounts.net\\\/#\\\/schema\\\/logo\\\/image\\\/\",\"url\":\"https:\\\/\\\/buyadsaccounts.net\\\/wp-content\\\/uploads\\\/2024\\\/12\\\/buyads-fav.jpg\",\"contentUrl\":\"https:\\\/\\\/buyadsaccounts.net\\\/wp-content\\\/uploads\\\/2024\\\/12\\\/buyads-fav.jpg\",\"width\":512,\"height\":512,\"caption\":\"Buy Google Ads Accounts\"},\"image\":{\"@id\":\"https:\\\/\\\/buyadsaccounts.net\\\/#\\\/schema\\\/logo\\\/image\\\/\"}}]}<\/script>\n<!-- \/ Yoast SEO Premium plugin. -->","yoast_head_json":{"title":"Cump\u0103ra\u021bi Google Ads Conturi criptografice aprobate Gata pentru anun\u021buri","description":"Ob\u021bine\u021bi conturi criptografice aprobate de Google Ads validate de companii licen\u021biate. Conturi complet conforme, de mare \u00eencredere, ideale pentru scalarea \u00een siguran\u021b\u0103 a anun\u021burilor criptografice.","robots":{"index":"index","follow":"follow","max-snippet":"max-snippet:-1","max-image-preview":"max-image-preview:large","max-video-preview":"max-video-preview:-1"},"canonical":"https:\/\/buyadsaccounts.net\/ro\/doamne\/cumpara-google-ads-conturi-cripto\/","og_locale":"ro_RO","og_type":"article","og_title":"Buy Google Ads Crypto Accounts","og_description":"Get Google Ads approved crypto accounts validated by licensed companies. Fully compliant, high-trust accounts ideal for scaling crypto ads safely.","og_url":"https:\/\/buyadsaccounts.net\/ro\/doamne\/cumpara-google-ads-conturi-cripto\/","og_site_name":"BuyAdsAccounts","article_modified_time":"2026-02-01T17:13:32+00:00","og_image":[{"width":88,"height":88,"url":"https:\/\/buyadsaccounts.net\/wp-content\/uploads\/2025\/12\/google-ads-crypto-accounts.png","type":"image\/png"}],"twitter_card":"summary_large_image","twitter_misc":{"Timp estimat pentru citire":"3 minute"},"schema":{"@context":"https:\/\/schema.org","@graph":[{"@type":"WebPage","@id":"https:\/\/buyadsaccounts.net\/gads\/buy-google-ads-crypto-accounts\/","url":"https:\/\/buyadsaccounts.net\/gads\/buy-google-ads-crypto-accounts\/","name":"Cump\u0103ra\u021bi Google Ads Conturi criptografice aprobate Gata pentru anun\u021buri","isPartOf":{"@id":"https:\/\/buyadsaccounts.net\/#website"},"primaryImageOfPage":{"@id":"https:\/\/buyadsaccounts.net\/gads\/buy-google-ads-crypto-accounts\/#primaryimage"},"image":{"@id":"https:\/\/buyadsaccounts.net\/gads\/buy-google-ads-crypto-accounts\/#primaryimage"},"thumbnailUrl":"https:\/\/buyadsaccounts.net\/wp-content\/uploads\/2025\/12\/google-ads-crypto-accounts.png","datePublished":"2025-12-04T17:00:15+00:00","dateModified":"2026-02-01T17:13:32+00:00","description":"Ob\u021bine\u021bi conturi criptografice aprobate de Google Ads validate de companii licen\u021biate. Conturi complet conforme, de mare \u00eencredere, ideale pentru scalarea \u00een siguran\u021b\u0103 a anun\u021burilor criptografice.","breadcrumb":{"@id":"https:\/\/buyadsaccounts.net\/gads\/buy-google-ads-crypto-accounts\/#breadcrumb"},"inLanguage":"ro-RO","potentialAction":[{"@type":"ReadAction","target":["https:\/\/buyadsaccounts.net\/gads\/buy-google-ads-crypto-accounts\/"]}]},{"@type":"ImageObject","inLanguage":"ro-RO","@id":"https:\/\/buyadsaccounts.net\/gads\/buy-google-ads-crypto-accounts\/#primaryimage","url":"https:\/\/buyadsaccounts.net\/wp-content\/uploads\/2025\/12\/google-ads-crypto-accounts.png","contentUrl":"https:\/\/buyadsaccounts.net\/wp-content\/uploads\/2025\/12\/google-ads-crypto-accounts.png","width":88,"height":88,"caption":"google ads crypto accounts"},{"@type":"BreadcrumbList","@id":"https:\/\/buyadsaccounts.net\/gads\/buy-google-ads-crypto-accounts\/#breadcrumb","itemListElement":[{"@type":"ListItem","position":1,"name":"Home","item":"https:\/\/buyadsaccounts.net\/"},{"@type":"ListItem","position":2,"name":"Shop","item":"https:\/\/buyadsaccounts.net\/ar\/%d9%85%d8%aa%d8%ac%d8%b1\/"},{"@type":"ListItem","position":3,"name":"Buy Google Ads Crypto Accounts"}]},{"@type":"WebSite","@id":"https:\/\/buyadsaccounts.net\/#website","url":"https:\/\/buyadsaccounts.net\/","name":"CumparaAdsAccounts","description":"","publisher":{"@id":"https:\/\/buyadsaccounts.net\/#organization"},"potentialAction":[{"@type":"SearchAction","target":{"@type":"EntryPoint","urlTemplate":"https:\/\/buyadsaccounts.net\/?s={search_term_string}"},"query-input":{"@type":"PropertyValueSpecification","valueRequired":true,"valueName":"search_term_string"}}],"inLanguage":"ro-RO"},{"@type":"Organization","@id":"https:\/\/buyadsaccounts.net\/#organization","name":"Cump\u0103ra\u021bi conturi Google Ads","url":"https:\/\/buyadsaccounts.net\/","logo":{"@type":"ImageObject","inLanguage":"ro-RO","@id":"https:\/\/buyadsaccounts.net\/#\/schema\/logo\/image\/","url":"https:\/\/buyadsaccounts.net\/wp-content\/uploads\/2024\/12\/buyads-fav.jpg","contentUrl":"https:\/\/buyadsaccounts.net\/wp-content\/uploads\/2024\/12\/buyads-fav.jpg","width":512,"height":512,"caption":"Buy Google Ads Accounts"},"image":{"@id":"https:\/\/buyadsaccounts.net\/#\/schema\/logo\/image\/"}}]}},"wcpa_form_fields":{"wcpaData":{"product":{"product_price":0,"price_html":"<span class=\"woocommerce-Price-amount amount\"><bdi>0<span class=\"woocommerce-Price-currencySymbol\">&#36;<\/span><\/bdi><\/span>","original_product_price":0,"price_including_tax":0,"price_excluding_tax":0,"product_id":{"parent":9220,"variation":false},"is_variable":false,"stock_status":"instock","stock_quantity":null,"parent_sku":"","product_attributes":[],"custom_fields":[],"is_taxable":false,"product_name":"Buy Google Ads Crypto Accounts","hasImage":false},"fields":{"sec_16931c0b0ead66":{"extra":{"key":"sec_16931c0b0ead66","section_id":"sec_16931c0b0ead66","name":"Default","status":1,"cl_rule":"show","enableCl":false,"relations":[],"toggle":true,"title_tag":"h3","show_title":false,"showPrice":"default","form_id":9222,"form_rules":{"exclude_from_discount":false,"fee_label":"Fee","disp_hide_options_price":false,"disp_show_section_price":false,"disp_show_field_price":true,"layout_option":"standard","pric_use_as_fee":false,"process_fee_as":"woo_fee"},"layout_option":"standard"},"fields":[[{"type":"checkbox-group","required":true,"elementId":"checkbox-group_16931c0b0eada5","label":"Account Options","enablePrice":true,"priceOptions":"different_for_all","pricingType":"fixed","price":"100","name":"checkbox-group_16931c0b0eada5","min_options":"1","other_text":"Other","cl_rule":"show","col":6,"values":[{"label":"2024 Account","value":"usd-account-buy","price":"1400","pimage":"","pimage_id":"","pthumb":"","tempId":"aco_525","gt_translate_keys":["label"]},{"label":"2025 Account","value":"2022-acc","price":"1100","pimage":"","pimage_id":"","pthumb":"","tempId":"aco_526","gt_translate_keys":["label"]}],"relations":false,"active":true,"tooltip":"","layOut":"inline","isWeightTemplate":false,"error":false,"isTemplate":false,"checkUi":"","min_quantity":"1","quantity_decimal":false,"quantity_step":"1","quantity_label":"Quantity","repeater_field_label":"{field_label}","repeater_bind":"","gt_translate_keys":["label","tooltip","repeater_field_label","quantity_label"],"price_dependency":false,"cl_dependency":false,"value":""}],[{"type":"checkbox-group","elementId":"checkbox-group_46931c0b0eadc2","label":"Extra Services","enablePrice":true,"priceOptions":"different_for_all","pricingType":"fixed","price":"100","name":"checkbox-group_46931c0b0eadc2","min_options":"1","other_text":"Other","cl_rule":"show","col":6,"values":[{"label":"Ads Manager","value":"camp-mana","price":"200","pimage":"","pimage_id":"","pthumb":"","tempId":"aco_120","gt_translate_keys":["label"]},{"label":"Change Company Name","value":"changename","selected":false,"tempId":"aco_19","price":"500","gt_translate_keys":["label"]}],"relations":false,"active":true,"tooltip":"<a href=\"https:\/\/help.buyadsaccounts.net\/hc\/helpcenter\/articles\/1754560957-additional-options\" target=\"blank\">Read More<\/a>","layOut":"inline","isWeightTemplate":false,"error":false,"isTemplate":false,"checkUi":"","min_quantity":"1","quantity_decimal":false,"quantity_step":"1","quantity_label":"Quantity","repeater_field_label":"{field_label}","repeater_bind":"","gt_translate_keys":["label","tooltip","repeater_field_label","quantity_label"],"price_dependency":false,"cl_dependency":["checkbox-group_86931c0b0eadf2"],"value":""}],[{"type":"checkbox-group","required":true,"elementId":"checkbox-group_86931c0b0eadf2","label":"Ads Manager - How many ADS?","description":"Price per AD","enablePrice":true,"priceOptions":"different_for_all","pricingType":"fixed","price":"100","name":"checkbox-group_86931c0b0eadf2","min_options":"1","other_text":"Other","enableCl":true,"cl_rule":"show","cl_val":"camp-mana","col":6,"values":[{"label":"1 Ad","value":"1adurl","price":"0","pimage":"","pimage_id":"","pthumb":"","gt_translate_keys":["label"]},{"label":"2 Ads","value":"2ads","price":"350","pimage":"","pimage_id":"","pthumb":"","gt_translate_keys":["label"]},{"label":"3 Ads","value":"3ads","price":"500","pimage":"","pimage_id":"","pthumb":"","gt_translate_keys":["label"]},{"label":"5 Ads","value":"5ads","price":"800","pimage":"","pimage_id":"","pthumb":"","gt_translate_keys":["label"]},{"label":"10 Ads","value":"10ads","price":"1500","pimage":"","pimage_id":"","pthumb":"","gt_translate_keys":["label"]}],"relations":[{"operator":false,"rules":[{"operator":false,"rules":{"cl_field":"checkbox-group_46931c0b0eadc2","cl_relation":"is","cl_val":"camp-mana"}}]}],"active":true,"tooltip":"","layOut":"","isWeightTemplate":false,"error":false,"isTemplate":false,"checkUi":"","min_quantity":"1","quantity_decimal":false,"quantity_step":"1","quantity_label":"Quantity","repeater_field_label":"{field_label}","repeater_bind":"","gt_translate_keys":["label","description","tooltip","repeater_field_label","quantity_label"],"price_dependency":false,"cl_dependency":false,"value":""}],[{"type":"number","required":false,"elementId":"number_46931c0b0eae05","label":"Add Funds to the account","description":"5% fee","enablePrice":true,"pricingType":"multiply","price":"1","min":"25","max":"50000","name":"number_46931c0b0eae05","enableCl":false,"cl_rule":"show","cl_val":"add-credit-card","col":"5","relations":[{"operator":false,"rules":[{"operator":false,"rules":{"cl_field":"checkbox-group_46931c0b0eadc2","cl_relation":"is","cl_val":"add-credit-card"}}]}],"active":true,"tooltip":"","isWeightTemplate":false,"error":false,"isTemplate":false,"min_quantity":"1","quantity_decimal":false,"quantity_step":"1","quantity_label":"Quantity","repeater_field_label":"{field_label}","repeater_bind":"","desc_position":"default","gt_translate_keys":["label","description","tooltip","repeater_field_label","quantity_label"],"price_dependency":false,"cl_dependency":false,"value":""}]]}},"config":{"price_override":"","enable_recaptcha":false,"bind_quantity":false,"quantity_bind_formula":false,"disp_summ_show_option_price":false,"disp_summ_show_product_price":false,"disp_summ_show_total_price":true,"disp_summ_show_fee":false,"disp_summ_show_discount":false,"summary_title":"","options_total_label":"Options Price","total_label":"Total","options_product_label":"Product Price","fee_label":"Fee","discount_label":"Discount","has_price":true,"has_quantity_formula":false},"mc_unit":1,"tax_rate":1,"tax_rate_real":1,"discount":{"percentage":0,"fixed":0},"design":{"conf":{"LabelPosition":"above","DescPosition":"above","UploadField":"custom_1","QuantityFieldStyle":"default"},"css":{"LeftLabelWidth":"120px"}},"formulas":[],"lookuptables":[],"clones":false,"cartKey":false}},"_links":{"self":[{"href":"https:\/\/buyadsaccounts.net\/ro\/wp-json\/wp\/v2\/product\/9220","targetHints":{"allow":["GET"]}}],"collection":[{"href":"https:\/\/buyadsaccounts.net\/ro\/wp-json\/wp\/v2\/product"}],"about":[{"href":"https:\/\/buyadsaccounts.net\/ro\/wp-json\/wp\/v2\/types\/product"}],"version-history":[{"count":3,"href":"https:\/\/buyadsaccounts.net\/ro\/wp-json\/wp\/v2\/product\/9220\/revisions"}],"predecessor-version":[{"id":9537,"href":"https:\/\/buyadsaccounts.net\/ro\/wp-json\/wp\/v2\/product\/9220\/revisions\/9537"}],"wp:featuredmedia":[{"embeddable":true,"href":"https:\/\/buyadsaccounts.net\/ro\/wp-json\/wp\/v2\/media\/9221"}],"wp:attachment":[{"href":"https:\/\/buyadsaccounts.net\/ro\/wp-json\/wp\/v2\/media?parent=9220"}],"wp:term":[{"taxonomy":"product_brand","embeddable":true,"href":"https:\/\/buyadsaccounts.net\/ro\/wp-json\/wp\/v2\/product_brand?post=9220"},{"taxonomy":"product_cat","embeddable":true,"href":"https:\/\/buyadsaccounts.net\/ro\/wp-json\/wp\/v2\/product_cat?post=9220"},{"taxonomy":"product_tag","embeddable":true,"href":"https:\/\/buyadsaccounts.net\/ro\/wp-json\/wp\/v2\/product_tag?post=9220"}],"curies":[{"name":"wp","href":"https:\/\/api.w.org\/{rel}","templated":true}]}}