{"id":3565,"date":"2022-10-12T12:36:45","date_gmt":"2022-10-12T09:36:45","guid":{"rendered":"https:\/\/rentaccounts.net\/?post_type=product&#038;p=3565"},"modified":"2026-02-01T17:15:32","modified_gmt":"2026-02-01T17:15:32","slug":"cont-de-anunturi-google-merchant-center","status":"publish","type":"product","link":"https:\/\/buyadsaccounts.net\/ro\/doamne\/cont-de-anunturi-google-merchant-center\/","title":{"rendered":"Cump\u0103ra\u021bi contul Google Merchant Center"},"content":{"rendered":"<h2>Puterea anun\u021burilor Google Merchant Center<\/h2>\n<p>Google Merchant Center Ads este o platform\u0103 puternic\u0103 de publicitate care v\u0103 permite s\u0103 v\u0103 afi\u0219a\u021bi produsele direct pe paginile cu rezultatele c\u0103ut\u0103rilor Google, pe Google Shopping \u0219i pe alte propriet\u0103\u021bi Google. Prin valorificarea acestei platforme, v\u0103 pute\u021bi cre\u0219te vizibilitatea online \u0219i pute\u021bi direc\u021biona mai mult trafic calificat c\u0103tre site-ul dvs.<\/p>\n<p>Iat\u0103 c\u00e2teva beneficii cheie ale utiliz\u0103rii anun\u021burilor Google Merchant Center:<\/p>\n<ol>\n<li><strong>Vizibilitate crescut\u0103:<\/strong> Cu Google Merchant Center Ads, produsele dvs. vor fi afi\u0219ate \u00een mod vizibil pe paginile cu rezultate ale c\u0103ut\u0103rii, facilit\u00e2nd g\u0103sirea dvs. de c\u0103tre poten\u021bialii clien\u021bi.<\/li>\n<li><strong>Trafic calificat:<\/strong> Prin targetarea unor cuvinte cheie \u0219i a unor date demografice specifice, pute\u021bi atrage pe site-ul dvs. clien\u021bi foarte relevan\u021bi \u0219i interesa\u021bi.<\/li>\n<li><strong>Gestionarea u\u0219oar\u0103 a produselor:<\/strong> Google Merchant Center Ads v\u0103 permite s\u0103 \u00eenc\u0103rca\u021bi \u0219i s\u0103 gestiona\u021bi cu u\u0219urin\u021b\u0103 inventarul produselor dvs., asigur\u00e2ndu-v\u0103 c\u0103 anun\u021burile dvs. sunt \u00eentotdeauna actualizate.<\/li>\n<li><strong>Urm\u0103rirea performan\u021bei:<\/strong> Datorit\u0103 analizei \u0219i raport\u0103rii detaliate, pute\u021bi urm\u0103ri performan\u021ba anun\u021burilor dvs. \u0219i pute\u021bi lua decizii bazate pe date pentru a v\u0103 optimiza campaniile.<\/li>\n<\/ol>\n<h3>De ce s\u0103 cump\u0103ra\u021bi un cont de anun\u021buri Google Merchant Center?<\/h3>\n<p>Cump\u0103rarea unui cont Google Merchant Center Ads poate fi o op\u021biune excelent\u0103 pentru \u00eentreprinderile care doresc s\u0103 \u00eenceap\u0103 rapid campaniile de publicitate. Iat\u0103 de ce:<\/p>\n<ol>\n<li><strong>Acces instantaneu:<\/strong> Atunci c\u00e2nd achizi\u021biona\u021bi un cont Google Merchant Center Ads, pute\u021bi s\u0103ri peste procesul lung de verificare \u0219i s\u0103 \u00eencepe\u021bi imediat s\u0103 face\u021bi publicitate.<\/li>\n<li><strong>Istoric stabilit:<\/strong> Achizi\u021bionarea unui cont existent v\u0103 ofer\u0103 avantajul de a avea un istoric stabilit, care poate avea un impact pozitiv asupra performan\u021bei anun\u021burilor dvs.<\/li>\n<li><strong>Consiliere de specialitate:<\/strong> Unii v\u00e2nz\u0103tori ofer\u0103 asisten\u021b\u0103 \u0219i \u00eendrumare suplimentare pentru a v\u0103 ajuta s\u0103 profita\u021bi la maximum de contul dvs. de anun\u021buri Google Merchant Center.<\/li>\n<li><strong>Economisi\u021bi timp \u0219i efort:<\/strong> \u00cen loc s\u0103 trece\u021bi prin procesul de creare a unui cont de la zero, cump\u0103rarea unui cont v\u0103 permite s\u0103 v\u0103 concentra\u021bi pe alte aspecte ale afacerii dvs.<\/li>\n<\/ol>\n<h3>Cum s\u0103 cump\u0103ra\u021bi un cont de anun\u021buri Google Merchant Center<\/h3>\n<p>Acum c\u0103 a\u021bi \u00een\u021beles beneficiile utiliz\u0103rii anun\u021burilor Google Merchant Center \u0219i ale achizi\u021bion\u0103rii unui cont, s\u0103 discut\u0103m despre cum pute\u021bi achizi\u021biona unul:<\/p>\n<ol>\n<li><strong>Cerceta\u021bi v\u00e2nz\u0103torii de renume:<\/strong> C\u0103uta\u021bi v\u00e2nz\u0103tori de \u00eencredere care au un istoric de furnizare a conturilor legitime de anun\u021buri Google Merchant Center.<\/li>\n<li><strong>Conveni\u021bi asupra termenilor \u0219i condi\u021biilor:<\/strong> Discuta\u021bi termenii tranzac\u021biei, inclusiv orice sprijin sau \u00eendrumare suplimentar\u0103 de care a\u021bi putea avea nevoie.<\/li>\n<li><strong>Face\u021bi achizi\u021bia:<\/strong> Odat\u0103 ce sunte\u021bi mul\u021bumit de credibilitatea \u0219i condi\u021biile v\u00e2nz\u0103torului, continua\u021bi cu achizi\u021bia.<\/li>\n<\/ol>\n<p>&nbsp;<\/p>","protected":false},"excerpt":{"rendered":"<p>Solu\u021bia complet\u0103 pentru a v\u0103 vinde produsele online pe Google Shopping cu anun\u021buri de cump\u0103r\u0103turi. Cu Google Merchant Center Ads, v\u0103 pute\u021bi prezenta produsele c\u0103tre milioane de clien\u021bi poten\u021biali care caut\u0103 \u00een mod activ ceea ce oferi\u021bi.<\/p>","protected":false},"featured_media":3566,"template":"","meta":{"_acf_changed":false,"_glsr_average":5,"_glsr_ranking":4.7,"_glsr_reviews":40},"product_brand":[],"product_cat":[171],"product_tag":[],"class_list":{"0":"post-3565","1":"product","2":"type-product","3":"status-publish","4":"has-post-thumbnail","6":"product_cat-google-merchant-center","7":"wcpa_has_options","9":"first","10":"instock","11":"purchasable","12":"product-type-simple"},"acf":[],"yoast_head":"<!-- This site is optimized with the Yoast SEO Premium plugin v26.7 (Yoast SEO v27.4) - https:\/\/yoast.com\/product\/yoast-seo-premium-wordpress\/ -->\n<title>Buy Google Merchant Center Ads Accounts - Shopping Ads<\/title>\n<meta name=\"description\" content=\"Buy Google Merchant Center Ads accounts. Premium accounts ready to publish campaigns instantly. Advertise on Google Shopping With Our Accounts.\" \/>\n<meta name=\"robots\" content=\"index, follow, max-snippet:-1, max-image-preview:large, max-video-preview:-1\" \/>\n<link rel=\"canonical\" href=\"https:\/\/buyadsaccounts.net\/ro\/doamne\/cont-de-anunturi-google-merchant-center\/\" \/>\n<meta property=\"og:locale\" content=\"ro_RO\" \/>\n<meta property=\"og:type\" content=\"article\" \/>\n<meta property=\"og:title\" content=\"Buy Google Merchant Center Account\" \/>\n<meta property=\"og:description\" content=\"Buy Google Merchant Center Ads accounts. Premium accounts ready to publish campaigns instantly. Advertise on Google Shopping With Our Accounts.\" \/>\n<meta property=\"og:url\" content=\"https:\/\/buyadsaccounts.net\/ro\/doamne\/cont-de-anunturi-google-merchant-center\/\" \/>\n<meta property=\"og:site_name\" content=\"BuyAdsAccounts\" \/>\n<meta property=\"article:modified_time\" content=\"2026-02-01T17:15:32+00:00\" \/>\n<meta property=\"og:image\" content=\"https:\/\/buyadsaccounts.net\/wp-content\/uploads\/2022\/10\/google-merchant-center-account.jpg\" \/>\n\t<meta property=\"og:image:width\" content=\"500\" \/>\n\t<meta property=\"og:image:height\" content=\"500\" \/>\n\t<meta property=\"og:image:type\" content=\"image\/jpeg\" \/>\n<meta name=\"twitter:card\" content=\"summary_large_image\" \/>\n<meta name=\"twitter:label1\" content=\"Timp estimat pentru citire\" \/>\n\t<meta name=\"twitter:data1\" content=\"2 minute\" \/>\n<script type=\"application\/ld+json\" class=\"yoast-schema-graph\">{\"@context\":\"https:\\\/\\\/schema.org\",\"@graph\":[{\"@type\":\"WebPage\",\"@id\":\"https:\\\/\\\/buyadsaccounts.net\\\/gads\\\/google-merchant-center-ads-account\\\/\",\"url\":\"https:\\\/\\\/buyadsaccounts.net\\\/gads\\\/google-merchant-center-ads-account\\\/\",\"name\":\"Buy Google Merchant Center Ads Accounts - Shopping Ads\",\"isPartOf\":{\"@id\":\"https:\\\/\\\/buyadsaccounts.net\\\/#website\"},\"primaryImageOfPage\":{\"@id\":\"https:\\\/\\\/buyadsaccounts.net\\\/gads\\\/google-merchant-center-ads-account\\\/#primaryimage\"},\"image\":{\"@id\":\"https:\\\/\\\/buyadsaccounts.net\\\/gads\\\/google-merchant-center-ads-account\\\/#primaryimage\"},\"thumbnailUrl\":\"https:\\\/\\\/buyadsaccounts.net\\\/wp-content\\\/uploads\\\/2022\\\/10\\\/google-merchant-center-account.jpg\",\"datePublished\":\"2022-10-12T09:36:45+00:00\",\"dateModified\":\"2026-02-01T17:15:32+00:00\",\"description\":\"Buy Google Merchant Center Ads accounts. Premium accounts ready to publish campaigns instantly. Advertise on Google Shopping With Our Accounts.\",\"breadcrumb\":{\"@id\":\"https:\\\/\\\/buyadsaccounts.net\\\/gads\\\/google-merchant-center-ads-account\\\/#breadcrumb\"},\"inLanguage\":\"ro-RO\",\"potentialAction\":[{\"@type\":\"ReadAction\",\"target\":[\"https:\\\/\\\/buyadsaccounts.net\\\/gads\\\/google-merchant-center-ads-account\\\/\"]}]},{\"@type\":\"ImageObject\",\"inLanguage\":\"ro-RO\",\"@id\":\"https:\\\/\\\/buyadsaccounts.net\\\/gads\\\/google-merchant-center-ads-account\\\/#primaryimage\",\"url\":\"https:\\\/\\\/buyadsaccounts.net\\\/wp-content\\\/uploads\\\/2022\\\/10\\\/google-merchant-center-account.jpg\",\"contentUrl\":\"https:\\\/\\\/buyadsaccounts.net\\\/wp-content\\\/uploads\\\/2022\\\/10\\\/google-merchant-center-account.jpg\",\"width\":500,\"height\":500},{\"@type\":\"BreadcrumbList\",\"@id\":\"https:\\\/\\\/buyadsaccounts.net\\\/gads\\\/google-merchant-center-ads-account\\\/#breadcrumb\",\"itemListElement\":[{\"@type\":\"ListItem\",\"position\":1,\"name\":\"Home\",\"item\":\"https:\\\/\\\/buyadsaccounts.net\\\/\"},{\"@type\":\"ListItem\",\"position\":2,\"name\":\"Shop\",\"item\":\"https:\\\/\\\/buyadsaccounts.net\\\/ar\\\/%d9%85%d8%aa%d8%ac%d8%b1\\\/\"},{\"@type\":\"ListItem\",\"position\":3,\"name\":\"Buy Google Merchant Center Account\"}]},{\"@type\":\"WebSite\",\"@id\":\"https:\\\/\\\/buyadsaccounts.net\\\/#website\",\"url\":\"https:\\\/\\\/buyadsaccounts.net\\\/\",\"name\":\"BuyAdsAccounts\",\"description\":\"\",\"publisher\":{\"@id\":\"https:\\\/\\\/buyadsaccounts.net\\\/#organization\"},\"potentialAction\":[{\"@type\":\"SearchAction\",\"target\":{\"@type\":\"EntryPoint\",\"urlTemplate\":\"https:\\\/\\\/buyadsaccounts.net\\\/?s={search_term_string}\"},\"query-input\":{\"@type\":\"PropertyValueSpecification\",\"valueRequired\":true,\"valueName\":\"search_term_string\"}}],\"inLanguage\":\"ro-RO\"},{\"@type\":\"Organization\",\"@id\":\"https:\\\/\\\/buyadsaccounts.net\\\/#organization\",\"name\":\"Buy Google Ads Accounts\",\"url\":\"https:\\\/\\\/buyadsaccounts.net\\\/\",\"logo\":{\"@type\":\"ImageObject\",\"inLanguage\":\"ro-RO\",\"@id\":\"https:\\\/\\\/buyadsaccounts.net\\\/#\\\/schema\\\/logo\\\/image\\\/\",\"url\":\"https:\\\/\\\/buyadsaccounts.net\\\/wp-content\\\/uploads\\\/2024\\\/12\\\/buyads-fav.jpg\",\"contentUrl\":\"https:\\\/\\\/buyadsaccounts.net\\\/wp-content\\\/uploads\\\/2024\\\/12\\\/buyads-fav.jpg\",\"width\":512,\"height\":512,\"caption\":\"Buy Google Ads Accounts\"},\"image\":{\"@id\":\"https:\\\/\\\/buyadsaccounts.net\\\/#\\\/schema\\\/logo\\\/image\\\/\"}}]}<\/script>\n<!-- \/ Yoast SEO Premium plugin. -->","yoast_head_json":{"title":"Cump\u0103ra\u021bi conturi Google Merchant Center Ads - Shopping Ads","description":"Cump\u0103ra\u021bi conturi Google Merchant Center Ads. Conturi premium preg\u0103tite pentru publicarea instantanee a campaniilor. Face\u021bi publicitate pe Google Shopping cu conturile noastre.","robots":{"index":"index","follow":"follow","max-snippet":"max-snippet:-1","max-image-preview":"max-image-preview:large","max-video-preview":"max-video-preview:-1"},"canonical":"https:\/\/buyadsaccounts.net\/ro\/doamne\/cont-de-anunturi-google-merchant-center\/","og_locale":"ro_RO","og_type":"article","og_title":"Buy Google Merchant Center Account","og_description":"Buy Google Merchant Center Ads accounts. Premium accounts ready to publish campaigns instantly. Advertise on Google Shopping With Our Accounts.","og_url":"https:\/\/buyadsaccounts.net\/ro\/doamne\/cont-de-anunturi-google-merchant-center\/","og_site_name":"BuyAdsAccounts","article_modified_time":"2026-02-01T17:15:32+00:00","og_image":[{"width":500,"height":500,"url":"https:\/\/buyadsaccounts.net\/wp-content\/uploads\/2022\/10\/google-merchant-center-account.jpg","type":"image\/jpeg"}],"twitter_card":"summary_large_image","twitter_misc":{"Timp estimat pentru citire":"2 minute"},"schema":{"@context":"https:\/\/schema.org","@graph":[{"@type":"WebPage","@id":"https:\/\/buyadsaccounts.net\/gads\/google-merchant-center-ads-account\/","url":"https:\/\/buyadsaccounts.net\/gads\/google-merchant-center-ads-account\/","name":"Cump\u0103ra\u021bi conturi Google Merchant Center Ads - Shopping Ads","isPartOf":{"@id":"https:\/\/buyadsaccounts.net\/#website"},"primaryImageOfPage":{"@id":"https:\/\/buyadsaccounts.net\/gads\/google-merchant-center-ads-account\/#primaryimage"},"image":{"@id":"https:\/\/buyadsaccounts.net\/gads\/google-merchant-center-ads-account\/#primaryimage"},"thumbnailUrl":"https:\/\/buyadsaccounts.net\/wp-content\/uploads\/2022\/10\/google-merchant-center-account.jpg","datePublished":"2022-10-12T09:36:45+00:00","dateModified":"2026-02-01T17:15:32+00:00","description":"Cump\u0103ra\u021bi conturi Google Merchant Center Ads. Conturi premium preg\u0103tite pentru publicarea instantanee a campaniilor. Face\u021bi publicitate pe Google Shopping cu conturile noastre.","breadcrumb":{"@id":"https:\/\/buyadsaccounts.net\/gads\/google-merchant-center-ads-account\/#breadcrumb"},"inLanguage":"ro-RO","potentialAction":[{"@type":"ReadAction","target":["https:\/\/buyadsaccounts.net\/gads\/google-merchant-center-ads-account\/"]}]},{"@type":"ImageObject","inLanguage":"ro-RO","@id":"https:\/\/buyadsaccounts.net\/gads\/google-merchant-center-ads-account\/#primaryimage","url":"https:\/\/buyadsaccounts.net\/wp-content\/uploads\/2022\/10\/google-merchant-center-account.jpg","contentUrl":"https:\/\/buyadsaccounts.net\/wp-content\/uploads\/2022\/10\/google-merchant-center-account.jpg","width":500,"height":500},{"@type":"BreadcrumbList","@id":"https:\/\/buyadsaccounts.net\/gads\/google-merchant-center-ads-account\/#breadcrumb","itemListElement":[{"@type":"ListItem","position":1,"name":"Home","item":"https:\/\/buyadsaccounts.net\/"},{"@type":"ListItem","position":2,"name":"Shop","item":"https:\/\/buyadsaccounts.net\/ar\/%d9%85%d8%aa%d8%ac%d8%b1\/"},{"@type":"ListItem","position":3,"name":"Buy Google Merchant Center Account"}]},{"@type":"WebSite","@id":"https:\/\/buyadsaccounts.net\/#website","url":"https:\/\/buyadsaccounts.net\/","name":"CumparaAdsAccounts","description":"","publisher":{"@id":"https:\/\/buyadsaccounts.net\/#organization"},"potentialAction":[{"@type":"SearchAction","target":{"@type":"EntryPoint","urlTemplate":"https:\/\/buyadsaccounts.net\/?s={search_term_string}"},"query-input":{"@type":"PropertyValueSpecification","valueRequired":true,"valueName":"search_term_string"}}],"inLanguage":"ro-RO"},{"@type":"Organization","@id":"https:\/\/buyadsaccounts.net\/#organization","name":"Cump\u0103ra\u021bi conturi Google Ads","url":"https:\/\/buyadsaccounts.net\/","logo":{"@type":"ImageObject","inLanguage":"ro-RO","@id":"https:\/\/buyadsaccounts.net\/#\/schema\/logo\/image\/","url":"https:\/\/buyadsaccounts.net\/wp-content\/uploads\/2024\/12\/buyads-fav.jpg","contentUrl":"https:\/\/buyadsaccounts.net\/wp-content\/uploads\/2024\/12\/buyads-fav.jpg","width":512,"height":512,"caption":"Buy Google Ads Accounts"},"image":{"@id":"https:\/\/buyadsaccounts.net\/#\/schema\/logo\/image\/"}}]}},"wcpa_form_fields":{"wcpaData":{"product":{"product_price":0,"price_html":"<span class=\"woocommerce-Price-amount amount\"><bdi>0<span class=\"woocommerce-Price-currencySymbol\">&#36;<\/span><\/bdi><\/span>","original_product_price":0,"price_including_tax":0,"price_excluding_tax":0,"product_id":{"parent":3565,"variation":false},"is_variable":false,"stock_status":"instock","stock_quantity":null,"parent_sku":"","product_attributes":[],"custom_fields":[],"is_taxable":false,"product_name":"Buy Google Merchant Center Account","hasImage":false},"fields":{"sec_7676e695341fe9":{"extra":{"key":"sec_7676e695341fe9","section_id":"sec_7676e695341fe9","name":"Default","status":1,"cl_rule":"show","enableCl":false,"relations":[],"toggle":true,"title_tag":"h3","show_title":false,"showPrice":"default","form_id":3567,"form_rules":{"exclude_from_discount":false,"fee_label":"\u041f\u043b\u0430\u0442\u0430","disp_hide_options_price":false,"disp_show_section_price":false,"disp_show_field_price":true,"layout_option":"standard","pric_use_as_fee":false,"process_fee_as":"woo_fee"},"layout_option":"standard"},"fields":[[{"type":"checkbox-group","required":true,"elementId":"wcpa-checkbox-group-1643471137938","label":"Account Options","enablePrice":true,"priceOptions":"different_for_all","pricingType":"fixed","price":"100","name":"checkbox-group-1643471137938","min_options":"1","other_text":"Other","cl_rule":"show","col":6,"values":[{"label":"Approved domain, website with 10 products","value":"approvedomain10","price":"300","pimage":"","pimage_id":"","pthumb":"","tempId":"aco_19","description":"","gt_translate_keys":["label","description"]},{"label":"Approved domain, website with 30 products","value":"approvedomain30","selected":false,"tempId":"aco_1773","price":"450","gt_translate_keys":["label"]},{"label":"Custom domain, website with 10 products","value":"custom10","selected":false,"tempId":"aco_1993","price":"500","gt_translate_keys":["label"]},{"label":"Custom domain, website with 30 products","value":"custom30","selected":false,"tempId":"aco_2552","price":"650","gt_translate_keys":["label"]}],"relations":false,"active":true,"tooltip":"<a href=\"https:\/\/help.buyadsaccounts.net\/hc\/helpcenter\/articles\/1754561015-google-merchant-center\" target=\"blank\">Read More<\/a>","layOut":"","checkUi":"","error":false,"other":false,"options_description":false,"description":"","isWeightTemplate":false,"isTemplate":false,"min_quantity":"1","quantity_decimal":false,"quantity_step":"1","quantity_label":"Quantity","repeater_field_label":"{field_label}","repeater_bind":"","gt_translate_keys":["label","description","tooltip","repeater_field_label","quantity_label"],"price_dependency":false,"cl_dependency":["checkbox-group-1246173891","checkbox-group-1246173891","checkbox-group-4777986710","checkbox-group-4777986710"],"value":""}],[{"type":"checkbox-group","elementId":"wcpa-checkbox-group-1708273115796","label":"Extra Services","enablePrice":true,"priceOptions":"different_for_all","pricingType":"fixed","price":"100","name":"checkbox-group-1708273115795","min_options":"1","other_text":"Other","cl_rule":"show","col":6,"values":[{"label":"Cloaking for Branded Products","value":"blak-cat","price":"100","pimage":"","pimage_id":"","pthumb":"","tempId":"aco_2771","gt_translate_keys":["label"]},{"label":"Google Ads 2022 Account","value":"goo2022","selected":false,"tempId":"aco_3688","price":"200","gt_translate_keys":["label"]},{"label":"Premium Proxy","value":"proxy2","selected":false,"tempId":"aco_217","price":"20","gt_translate_keys":["label"]},{"label":"Premium Warranty","value":"premwara","selected":false,"tempId":"aco_377","price":"1000","gt_translate_keys":["label"]}],"relations":false,"active":true,"tooltip":"<a href=\"https:\/\/help.buyadsaccounts.net\/hc\/helpcenter\/articles\/1754560957-additional-options\" target=\"blank\">Read More<\/a>","layOut":"","checkUi":"","error":false,"isWeightTemplate":false,"isTemplate":false,"min_quantity":"1","quantity_decimal":false,"quantity_step":"1","quantity_label":"Quantity","repeater_field_label":"{field_label}","repeater_bind":"","gt_translate_keys":["label","tooltip","repeater_field_label","quantity_label"],"price_dependency":false,"cl_dependency":["wcpa-checkbox-group-1711017232527","checkbox-group-1431573971"],"value":""}],[{"type":"checkbox-group","required":true,"elementId":"wcpa-checkbox-group-1711017232527","label":"Cloaking - How many URLs?","description":"","enablePrice":true,"priceOptions":"different_for_all","pricingType":"fixed","price":"100","name":"checkbox-group-1711017232525","min_options":"1","other_text":"Other","enableCl":true,"cl_rule":"show","cl_val":"black-hat","col":6,"values":[{"label":"5-10 URLs","value":"trr","price":"200","pimage":"","pimage_id":"","pthumb":"","tempId":"aco_2861","gt_translate_keys":["label"]},{"label":"11-25 URLs","value":"sds","price":"350","pimage":"","pimage_id":"","pthumb":"","tempId":"aco_2862","gt_translate_keys":["label"]},{"label":"26-50 URLs","value":"vdvd","price":"600","pimage":"","pimage_id":"","pthumb":"","tempId":"aco_2863","gt_translate_keys":["label"]},{"label":"51-100 URLs","value":"dds","price":"1000","pimage":"","pimage_id":"","pthumb":"","tempId":"aco_2864","gt_translate_keys":["label"]}],"relations":[{"operator":false,"rules":[{"operator":false,"rules":{"cl_field":"wcpa-checkbox-group-1708273115796","cl_relation":"is","cl_val":"blak-cat"}}]}],"active":true,"tooltip":"","layOut":"","error":false,"checkUi":"","isWeightTemplate":false,"isTemplate":false,"min_quantity":"1","quantity_decimal":false,"quantity_step":"1","quantity_label":"Quantity","repeater_field_label":"{field_label}","repeater_bind":"","gt_translate_keys":["label","description","tooltip","repeater_field_label","quantity_label"],"price_dependency":false,"cl_dependency":false,"value":""}],[{"label":"Google Ads Account Options","active":true,"required":false,"elementId":"checkbox-group-1431573971","description":"","tooltip":"<a href=\"https:\/\/buyadsaccounts.net\/wp-admin\">Read More<\/a>","name":"checkbox-group-1431573971","enablePrice":true,"enableCl":true,"relations":[{"operator":false,"rules":[{"operator":false,"rules":{"cl_field":"wcpa-checkbox-group-1708273115796","cl_relation":"is","cl_val":"goo2022"}}]}],"min_options":"1","checkUi":"","layOut":"","other_text":"Other","values":[{"label":"Credit Card","value":"usecrd","price":"100","pimage":"","pimage_id":"","pthumb":"","tempId":"aco_2861","gt_translate_keys":["label"]},{"label":"Ads Manager - 5 Ads","value":"adsma5","price":"250","pimage":"","pimage_id":"","pthumb":"","tempId":"aco_2862","gt_translate_keys":["label"]},{"label":"Ads Manager - 10 ads","value":"adsma10","price":"400","pimage":"","pimage_id":"","pthumb":"","tempId":"aco_2863","gt_translate_keys":["label"]}],"priceOptions":"different_for_all","pricingType":"fixed","price":"100","cl_rule":"show","col":6,"type":"checkbox-group","error":false,"isWeightTemplate":false,"isTemplate":false,"min_quantity":"1","quantity_decimal":false,"quantity_step":"1","quantity_label":"Quantity","repeater_field_label":"{field_label}","repeater_bind":"","gt_translate_keys":["label","description","tooltip","repeater_field_label","quantity_label"],"price_dependency":false,"cl_dependency":false,"value":""}],[{"label":"Select Niche","active":true,"required":true,"elementId":"checkbox-group-1246173891","description":"","tooltip":"","name":"checkbox-group-1246173891","enablePrice":false,"enableCl":true,"relations":[{"operator":false,"rules":[{"operator":"or","rules":{"cl_field":"wcpa-checkbox-group-1643471137938","cl_relation":"is","cl_val":"approvedomain10"}},{"operator":"AND","rules":{"cl_field":"wcpa-checkbox-group-1643471137938","cl_relation":"is","cl_val":"approvedomain30"}}]}],"min_options":"1","checkUi":"","layOut":"","other_text":"Other","values":[{"label":"Fashion","value":"fashion1","price":"100","pimage":"","pimage_id":"","pthumb":"","tempId":"aco_2861","gt_translate_keys":["label"]},{"label":"Electronics","value":"elect1","price":"250","pimage":"","pimage_id":"","pthumb":"","tempId":"aco_2862","gt_translate_keys":["label"]},{"label":"Beauty","value":"bea1","price":"400","pimage":"","pimage_id":"","pthumb":"","tempId":"aco_2863","gt_translate_keys":["label"]},{"label":"Furniture","value":"furn1","selected":false,"tempId":"aco_326","gt_translate_keys":["label"]}],"priceOptions":"fixed_for_all","pricingType":"fixed","price":"100","cl_rule":"show","col":6,"type":"checkbox-group","error":false,"max_options":"1","gt_translate_keys":["label","description","tooltip"],"price_dependency":false,"cl_dependency":false,"value":""}],[{"label":"Select Platform","active":true,"required":true,"elementId":"checkbox-group-4777986710","description":"","tooltip":"","name":"checkbox-group-4777986710","enablePrice":true,"enableCl":true,"relations":[{"operator":false,"rules":[{"operator":"or","rules":{"cl_field":"wcpa-checkbox-group-1643471137938","cl_relation":"is","cl_val":"approvedomain10"}},{"operator":"AND","rules":{"cl_field":"wcpa-checkbox-group-1643471137938","cl_relation":"is","cl_val":"approvedomain30"}}]}],"max_options":"1","min_options":"1","checkUi":"","layOut":"","other_text":"Other","values":[{"label":"WooCommerce","value":"woocm","price":"0","pimage":"","pimage_id":"","pthumb":"","tempId":"aco_2861","gt_translate_keys":["label"]},{"label":"Shopify","value":"shopif","price":"150","pimage":"","pimage_id":"","pthumb":"","tempId":"aco_2862","gt_translate_keys":["label"]}],"priceOptions":"different_for_all","pricingType":"fixed","price":"100","cl_rule":"show","col":6,"type":"checkbox-group","error":false,"gt_translate_keys":["label","description","tooltip"],"price_dependency":false,"cl_dependency":false,"value":""}]]}},"config":{"price_override":"","enable_recaptcha":false,"bind_quantity":false,"quantity_bind_formula":false,"disp_summ_show_option_price":false,"disp_summ_show_product_price":false,"disp_summ_show_total_price":true,"disp_summ_show_fee":false,"disp_summ_show_discount":false,"summary_title":"","options_total_label":"\u0426\u0435\u043d\u0430 \u043e\u043f\u0446\u0438\u043e\u043d\u043e\u0432","total_label":"\u0412\u0441\u0435\u0433\u043e","options_product_label":"\u0426\u0435\u043d\u0430 \u043f\u0440\u043e\u0434\u0443\u043a\u0442\u0430","fee_label":"\u041f\u043b\u0430\u0442\u0430","discount_label":"\u0421\u043a\u0438\u0434\u043a\u0430","has_price":true,"has_quantity_formula":false},"mc_unit":1,"tax_rate":1,"tax_rate_real":1,"discount":{"percentage":0,"fixed":0},"design":{"conf":{"LabelPosition":"above","DescPosition":"above","UploadField":"custom_1","QuantityFieldStyle":"default"},"css":{"LeftLabelWidth":"120px"}},"formulas":[],"lookuptables":[],"clones":false,"cartKey":false}},"_links":{"self":[{"href":"https:\/\/buyadsaccounts.net\/ro\/wp-json\/wp\/v2\/product\/3565","targetHints":{"allow":["GET"]}}],"collection":[{"href":"https:\/\/buyadsaccounts.net\/ro\/wp-json\/wp\/v2\/product"}],"about":[{"href":"https:\/\/buyadsaccounts.net\/ro\/wp-json\/wp\/v2\/types\/product"}],"version-history":[{"count":1,"href":"https:\/\/buyadsaccounts.net\/ro\/wp-json\/wp\/v2\/product\/3565\/revisions"}],"predecessor-version":[{"id":9542,"href":"https:\/\/buyadsaccounts.net\/ro\/wp-json\/wp\/v2\/product\/3565\/revisions\/9542"}],"wp:featuredmedia":[{"embeddable":true,"href":"https:\/\/buyadsaccounts.net\/ro\/wp-json\/wp\/v2\/media\/3566"}],"wp:attachment":[{"href":"https:\/\/buyadsaccounts.net\/ro\/wp-json\/wp\/v2\/media?parent=3565"}],"wp:term":[{"taxonomy":"product_brand","embeddable":true,"href":"https:\/\/buyadsaccounts.net\/ro\/wp-json\/wp\/v2\/product_brand?post=3565"},{"taxonomy":"product_cat","embeddable":true,"href":"https:\/\/buyadsaccounts.net\/ro\/wp-json\/wp\/v2\/product_cat?post=3565"},{"taxonomy":"product_tag","embeddable":true,"href":"https:\/\/buyadsaccounts.net\/ro\/wp-json\/wp\/v2\/product_tag?post=3565"}],"curies":[{"name":"wp","href":"https:\/\/api.w.org\/{rel}","templated":true}]}}