{"id":3565,"date":"2022-10-12T12:36:45","date_gmt":"2022-10-12T09:36:45","guid":{"rendered":"https:\/\/rentaccounts.net\/?post_type=product&#038;p=3565"},"modified":"2026-02-01T17:15:32","modified_gmt":"2026-02-01T17:15:32","slug":"conta-de-anuncios-do-google-merchant-center","status":"publish","type":"product","link":"https:\/\/buyadsaccounts.net\/pt\/gads\/conta-de-anuncios-do-google-merchant-center\/","title":{"rendered":"Comprar uma conta do Google Merchant Center"},"content":{"rendered":"<h2>O poder dos an\u00fancios do Google Merchant Center<\/h2>\n<p>O Google Merchant Center Ads \u00e9 uma poderosa plataforma de publicidade que permite que voc\u00ea exiba seus produtos diretamente nas p\u00e1ginas de resultados de pesquisa do Google, no Google Shopping e em outras propriedades do Google. Ao aproveitar essa plataforma, voc\u00ea pode aumentar sua visibilidade on-line e direcionar mais tr\u00e1fego qualificado para o seu site.<\/p>\n<p>Aqui est\u00e3o alguns dos principais benef\u00edcios de usar o Google Merchant Center Ads:<\/p>\n<ol>\n<li><strong>Aumento da visibilidade:<\/strong> Com os an\u00fancios do Google Merchant Center, seus produtos ser\u00e3o exibidos com destaque nas p\u00e1ginas de resultados de pesquisa, facilitando a localiza\u00e7\u00e3o dos clientes em potencial.<\/li>\n<li><strong>Tr\u00e1fego qualificado:<\/strong> Ao segmentar palavras-chave e dados demogr\u00e1ficos espec\u00edficos, voc\u00ea pode atrair clientes altamente relevantes e interessados para o seu site.<\/li>\n<li><strong>F\u00e1cil gerenciamento de produtos:<\/strong> O Google Merchant Center Ads permite que voc\u00ea carregue e gerencie facilmente seu invent\u00e1rio de produtos, garantindo que seus an\u00fancios estejam sempre atualizados.<\/li>\n<li><strong>Controle de desempenho:<\/strong> Com an\u00e1lises e relat\u00f3rios detalhados, voc\u00ea pode acompanhar o desempenho de seus an\u00fancios e tomar decis\u00f5es baseadas em dados para otimizar suas campanhas.<\/li>\n<\/ol>\n<h3>Por que comprar uma conta de an\u00fancios do Google Merchant Center?<\/h3>\n<p>A compra de uma conta do Google Merchant Center Ads pode ser uma \u00f3tima op\u00e7\u00e3o para empresas que desejam iniciar rapidamente suas campanhas publicit\u00e1rias. Veja por qu\u00ea:<\/p>\n<ol>\n<li><strong>Acesso instant\u00e2neo:<\/strong> Ao comprar uma conta do Google Merchant Center Ads, voc\u00ea pode pular o demorado processo de verifica\u00e7\u00e3o e come\u00e7ar a anunciar imediatamente.<\/li>\n<li><strong>Hist\u00f3ria estabelecida:<\/strong> A compra de uma conta existente lhe d\u00e1 a vantagem de ter um hist\u00f3rico estabelecido, o que pode afetar positivamente o desempenho do seu an\u00fancio.<\/li>\n<li><strong>Orienta\u00e7\u00e3o especializada:<\/strong> Alguns vendedores oferecem suporte e orienta\u00e7\u00e3o adicionais para ajud\u00e1-lo a aproveitar ao m\u00e1ximo sua conta do Google Merchant Center Ads.<\/li>\n<li><strong>Economize tempo e esfor\u00e7o:<\/strong> Em vez de passar pelo processo de cria\u00e7\u00e3o de uma conta do zero, a compra de uma conta permite que voc\u00ea se concentre em outros aspectos do seu neg\u00f3cio.<\/li>\n<\/ol>\n<h3>Como comprar uma conta de an\u00fancios do Google Merchant Center<\/h3>\n<p>Agora que voc\u00ea entende os benef\u00edcios de usar o Google Merchant Center Ads e de comprar uma conta, vamos discutir como voc\u00ea pode fazer para comprar uma:<\/p>\n<ol>\n<li><strong>Pesquise vendedores de boa reputa\u00e7\u00e3o:<\/strong> Procure vendedores confi\u00e1veis que tenham um hist\u00f3rico de fornecimento de contas leg\u00edtimas do Google Merchant Center Ads.<\/li>\n<li><strong>Concordar com os termos e condi\u00e7\u00f5es:<\/strong> Discuta os termos da transa\u00e7\u00e3o, incluindo qualquer suporte ou orienta\u00e7\u00e3o adicional que voc\u00ea possa precisar.<\/li>\n<li><strong>Fa\u00e7a a compra:<\/strong> Quando voc\u00ea estiver satisfeito com a credibilidade e os termos do vendedor, prossiga com a compra.<\/li>\n<\/ol>\n<p>&nbsp;<\/p>","protected":false},"excerpt":{"rendered":"<p>A solu\u00e7\u00e3o completa para vender seus produtos on-line no Google Shopping com o Shopping Ads. Com o Google Merchant Center Ads, voc\u00ea pode exibir seus produtos para milh\u00f5es de clientes em potencial que est\u00e3o pesquisando ativamente o que voc\u00ea oferece.<\/p>","protected":false},"featured_media":3566,"template":"","meta":{"_acf_changed":false,"_glsr_average":5,"_glsr_ranking":4.7,"_glsr_reviews":40},"product_brand":[],"product_cat":[171],"product_tag":[],"class_list":{"0":"post-3565","1":"product","2":"type-product","3":"status-publish","4":"has-post-thumbnail","6":"product_cat-google-merchant-center","7":"wcpa_has_options","9":"first","10":"instock","11":"purchasable","12":"product-type-simple"},"acf":[],"yoast_head":"<!-- This site is optimized with the Yoast SEO Premium plugin v26.7 (Yoast SEO v27.4) - https:\/\/yoast.com\/product\/yoast-seo-premium-wordpress\/ -->\n<title>Buy Google Merchant Center Ads Accounts - Shopping Ads<\/title>\n<meta name=\"description\" content=\"Buy Google Merchant Center Ads accounts. Premium accounts ready to publish campaigns instantly. Advertise on Google Shopping With Our Accounts.\" \/>\n<meta name=\"robots\" content=\"index, follow, max-snippet:-1, max-image-preview:large, max-video-preview:-1\" \/>\n<link rel=\"canonical\" href=\"https:\/\/buyadsaccounts.net\/pt\/gads\/conta-de-anuncios-do-google-merchant-center\/\" \/>\n<meta property=\"og:locale\" content=\"pt_BR\" \/>\n<meta property=\"og:type\" content=\"article\" \/>\n<meta property=\"og:title\" content=\"Buy Google Merchant Center Account\" \/>\n<meta property=\"og:description\" content=\"Buy Google Merchant Center Ads accounts. Premium accounts ready to publish campaigns instantly. Advertise on Google Shopping With Our Accounts.\" \/>\n<meta property=\"og:url\" content=\"https:\/\/buyadsaccounts.net\/pt\/gads\/conta-de-anuncios-do-google-merchant-center\/\" \/>\n<meta property=\"og:site_name\" content=\"BuyAdsAccounts\" \/>\n<meta property=\"article:modified_time\" content=\"2026-02-01T17:15:32+00:00\" \/>\n<meta property=\"og:image\" content=\"https:\/\/buyadsaccounts.net\/wp-content\/uploads\/2022\/10\/google-merchant-center-account.jpg\" \/>\n\t<meta property=\"og:image:width\" content=\"500\" \/>\n\t<meta property=\"og:image:height\" content=\"500\" \/>\n\t<meta property=\"og:image:type\" content=\"image\/jpeg\" \/>\n<meta name=\"twitter:card\" content=\"summary_large_image\" \/>\n<meta name=\"twitter:label1\" content=\"Est. tempo de leitura\" \/>\n\t<meta name=\"twitter:data1\" content=\"2 minutos\" \/>\n<script type=\"application\/ld+json\" class=\"yoast-schema-graph\">{\"@context\":\"https:\\\/\\\/schema.org\",\"@graph\":[{\"@type\":\"WebPage\",\"@id\":\"https:\\\/\\\/buyadsaccounts.net\\\/gads\\\/google-merchant-center-ads-account\\\/\",\"url\":\"https:\\\/\\\/buyadsaccounts.net\\\/gads\\\/google-merchant-center-ads-account\\\/\",\"name\":\"Buy Google Merchant Center Ads Accounts - Shopping Ads\",\"isPartOf\":{\"@id\":\"https:\\\/\\\/buyadsaccounts.net\\\/#website\"},\"primaryImageOfPage\":{\"@id\":\"https:\\\/\\\/buyadsaccounts.net\\\/gads\\\/google-merchant-center-ads-account\\\/#primaryimage\"},\"image\":{\"@id\":\"https:\\\/\\\/buyadsaccounts.net\\\/gads\\\/google-merchant-center-ads-account\\\/#primaryimage\"},\"thumbnailUrl\":\"https:\\\/\\\/buyadsaccounts.net\\\/wp-content\\\/uploads\\\/2022\\\/10\\\/google-merchant-center-account.jpg\",\"datePublished\":\"2022-10-12T09:36:45+00:00\",\"dateModified\":\"2026-02-01T17:15:32+00:00\",\"description\":\"Buy Google Merchant Center Ads accounts. Premium accounts ready to publish campaigns instantly. Advertise on Google Shopping With Our Accounts.\",\"breadcrumb\":{\"@id\":\"https:\\\/\\\/buyadsaccounts.net\\\/gads\\\/google-merchant-center-ads-account\\\/#breadcrumb\"},\"inLanguage\":\"pt-BR\",\"potentialAction\":[{\"@type\":\"ReadAction\",\"target\":[\"https:\\\/\\\/buyadsaccounts.net\\\/gads\\\/google-merchant-center-ads-account\\\/\"]}]},{\"@type\":\"ImageObject\",\"inLanguage\":\"pt-BR\",\"@id\":\"https:\\\/\\\/buyadsaccounts.net\\\/gads\\\/google-merchant-center-ads-account\\\/#primaryimage\",\"url\":\"https:\\\/\\\/buyadsaccounts.net\\\/wp-content\\\/uploads\\\/2022\\\/10\\\/google-merchant-center-account.jpg\",\"contentUrl\":\"https:\\\/\\\/buyadsaccounts.net\\\/wp-content\\\/uploads\\\/2022\\\/10\\\/google-merchant-center-account.jpg\",\"width\":500,\"height\":500},{\"@type\":\"BreadcrumbList\",\"@id\":\"https:\\\/\\\/buyadsaccounts.net\\\/gads\\\/google-merchant-center-ads-account\\\/#breadcrumb\",\"itemListElement\":[{\"@type\":\"ListItem\",\"position\":1,\"name\":\"Home\",\"item\":\"https:\\\/\\\/buyadsaccounts.net\\\/\"},{\"@type\":\"ListItem\",\"position\":2,\"name\":\"Shop\",\"item\":\"https:\\\/\\\/buyadsaccounts.net\\\/ar\\\/%d9%85%d8%aa%d8%ac%d8%b1\\\/\"},{\"@type\":\"ListItem\",\"position\":3,\"name\":\"Buy Google Merchant Center Account\"}]},{\"@type\":\"WebSite\",\"@id\":\"https:\\\/\\\/buyadsaccounts.net\\\/#website\",\"url\":\"https:\\\/\\\/buyadsaccounts.net\\\/\",\"name\":\"BuyAdsAccounts\",\"description\":\"\",\"publisher\":{\"@id\":\"https:\\\/\\\/buyadsaccounts.net\\\/#organization\"},\"potentialAction\":[{\"@type\":\"SearchAction\",\"target\":{\"@type\":\"EntryPoint\",\"urlTemplate\":\"https:\\\/\\\/buyadsaccounts.net\\\/?s={search_term_string}\"},\"query-input\":{\"@type\":\"PropertyValueSpecification\",\"valueRequired\":true,\"valueName\":\"search_term_string\"}}],\"inLanguage\":\"pt-BR\"},{\"@type\":\"Organization\",\"@id\":\"https:\\\/\\\/buyadsaccounts.net\\\/#organization\",\"name\":\"Buy Google Ads Accounts\",\"url\":\"https:\\\/\\\/buyadsaccounts.net\\\/\",\"logo\":{\"@type\":\"ImageObject\",\"inLanguage\":\"pt-BR\",\"@id\":\"https:\\\/\\\/buyadsaccounts.net\\\/#\\\/schema\\\/logo\\\/image\\\/\",\"url\":\"https:\\\/\\\/buyadsaccounts.net\\\/wp-content\\\/uploads\\\/2024\\\/12\\\/buyads-fav.jpg\",\"contentUrl\":\"https:\\\/\\\/buyadsaccounts.net\\\/wp-content\\\/uploads\\\/2024\\\/12\\\/buyads-fav.jpg\",\"width\":512,\"height\":512,\"caption\":\"Buy Google Ads Accounts\"},\"image\":{\"@id\":\"https:\\\/\\\/buyadsaccounts.net\\\/#\\\/schema\\\/logo\\\/image\\\/\"}}]}<\/script>\n<!-- \/ Yoast SEO Premium plugin. -->","yoast_head_json":{"title":"Comprar contas de an\u00fancios do Google Merchant Center - An\u00fancios do Shopping","description":"Comprar contas de an\u00fancios do Google Merchant Center. Contas premium prontas para publicar campanhas instantaneamente. Anuncie no Google Shopping com nossas contas.","robots":{"index":"index","follow":"follow","max-snippet":"max-snippet:-1","max-image-preview":"max-image-preview:large","max-video-preview":"max-video-preview:-1"},"canonical":"https:\/\/buyadsaccounts.net\/pt\/gads\/conta-de-anuncios-do-google-merchant-center\/","og_locale":"pt_BR","og_type":"article","og_title":"Buy Google Merchant Center Account","og_description":"Buy Google Merchant Center Ads accounts. Premium accounts ready to publish campaigns instantly. Advertise on Google Shopping With Our Accounts.","og_url":"https:\/\/buyadsaccounts.net\/pt\/gads\/conta-de-anuncios-do-google-merchant-center\/","og_site_name":"BuyAdsAccounts","article_modified_time":"2026-02-01T17:15:32+00:00","og_image":[{"width":500,"height":500,"url":"https:\/\/buyadsaccounts.net\/wp-content\/uploads\/2022\/10\/google-merchant-center-account.jpg","type":"image\/jpeg"}],"twitter_card":"summary_large_image","twitter_misc":{"Est. tempo de leitura":"2 minutos"},"schema":{"@context":"https:\/\/schema.org","@graph":[{"@type":"WebPage","@id":"https:\/\/buyadsaccounts.net\/gads\/google-merchant-center-ads-account\/","url":"https:\/\/buyadsaccounts.net\/gads\/google-merchant-center-ads-account\/","name":"Comprar contas de an\u00fancios do Google Merchant Center - An\u00fancios do Shopping","isPartOf":{"@id":"https:\/\/buyadsaccounts.net\/#website"},"primaryImageOfPage":{"@id":"https:\/\/buyadsaccounts.net\/gads\/google-merchant-center-ads-account\/#primaryimage"},"image":{"@id":"https:\/\/buyadsaccounts.net\/gads\/google-merchant-center-ads-account\/#primaryimage"},"thumbnailUrl":"https:\/\/buyadsaccounts.net\/wp-content\/uploads\/2022\/10\/google-merchant-center-account.jpg","datePublished":"2022-10-12T09:36:45+00:00","dateModified":"2026-02-01T17:15:32+00:00","description":"Comprar contas de an\u00fancios do Google Merchant Center. Contas premium prontas para publicar campanhas instantaneamente. Anuncie no Google Shopping com nossas contas.","breadcrumb":{"@id":"https:\/\/buyadsaccounts.net\/gads\/google-merchant-center-ads-account\/#breadcrumb"},"inLanguage":"pt-BR","potentialAction":[{"@type":"ReadAction","target":["https:\/\/buyadsaccounts.net\/gads\/google-merchant-center-ads-account\/"]}]},{"@type":"ImageObject","inLanguage":"pt-BR","@id":"https:\/\/buyadsaccounts.net\/gads\/google-merchant-center-ads-account\/#primaryimage","url":"https:\/\/buyadsaccounts.net\/wp-content\/uploads\/2022\/10\/google-merchant-center-account.jpg","contentUrl":"https:\/\/buyadsaccounts.net\/wp-content\/uploads\/2022\/10\/google-merchant-center-account.jpg","width":500,"height":500},{"@type":"BreadcrumbList","@id":"https:\/\/buyadsaccounts.net\/gads\/google-merchant-center-ads-account\/#breadcrumb","itemListElement":[{"@type":"ListItem","position":1,"name":"Home","item":"https:\/\/buyadsaccounts.net\/"},{"@type":"ListItem","position":2,"name":"Shop","item":"https:\/\/buyadsaccounts.net\/ar\/%d9%85%d8%aa%d8%ac%d8%b1\/"},{"@type":"ListItem","position":3,"name":"Buy Google Merchant Center Account"}]},{"@type":"WebSite","@id":"https:\/\/buyadsaccounts.net\/#website","url":"https:\/\/buyadsaccounts.net\/","name":"BuyAdsAccounts","description":"","publisher":{"@id":"https:\/\/buyadsaccounts.net\/#organization"},"potentialAction":[{"@type":"SearchAction","target":{"@type":"EntryPoint","urlTemplate":"https:\/\/buyadsaccounts.net\/?s={search_term_string}"},"query-input":{"@type":"PropertyValueSpecification","valueRequired":true,"valueName":"search_term_string"}}],"inLanguage":"pt-BR"},{"@type":"Organization","@id":"https:\/\/buyadsaccounts.net\/#organization","name":"Comprar contas do Google Ads","url":"https:\/\/buyadsaccounts.net\/","logo":{"@type":"ImageObject","inLanguage":"pt-BR","@id":"https:\/\/buyadsaccounts.net\/#\/schema\/logo\/image\/","url":"https:\/\/buyadsaccounts.net\/wp-content\/uploads\/2024\/12\/buyads-fav.jpg","contentUrl":"https:\/\/buyadsaccounts.net\/wp-content\/uploads\/2024\/12\/buyads-fav.jpg","width":512,"height":512,"caption":"Buy Google Ads Accounts"},"image":{"@id":"https:\/\/buyadsaccounts.net\/#\/schema\/logo\/image\/"}}]}},"wcpa_form_fields":{"wcpaData":{"product":{"product_price":0,"price_html":"<span class=\"woocommerce-Price-amount amount\"><bdi>0<span class=\"woocommerce-Price-currencySymbol\">&#36;<\/span><\/bdi><\/span>","original_product_price":0,"price_including_tax":0,"price_excluding_tax":0,"product_id":{"parent":3565,"variation":false},"is_variable":false,"stock_status":"instock","stock_quantity":null,"parent_sku":"","product_attributes":[],"custom_fields":[],"is_taxable":false,"product_name":"Buy Google Merchant Center Account","hasImage":false},"fields":{"sec_7676e695341fe9":{"extra":{"key":"sec_7676e695341fe9","section_id":"sec_7676e695341fe9","name":"Default","status":1,"cl_rule":"show","enableCl":false,"relations":[],"toggle":true,"title_tag":"h3","show_title":false,"showPrice":"default","form_id":3567,"form_rules":{"exclude_from_discount":false,"fee_label":"\u041f\u043b\u0430\u0442\u0430","disp_hide_options_price":false,"disp_show_section_price":false,"disp_show_field_price":true,"layout_option":"standard","pric_use_as_fee":false,"process_fee_as":"woo_fee"},"layout_option":"standard"},"fields":[[{"type":"checkbox-group","required":true,"elementId":"wcpa-checkbox-group-1643471137938","label":"Account Options","enablePrice":true,"priceOptions":"different_for_all","pricingType":"fixed","price":"100","name":"checkbox-group-1643471137938","min_options":"1","other_text":"Other","cl_rule":"show","col":6,"values":[{"label":"Approved domain, website with 10 products","value":"approvedomain10","price":"300","pimage":"","pimage_id":"","pthumb":"","tempId":"aco_19","description":"","gt_translate_keys":["label","description"]},{"label":"Approved domain, website with 30 products","value":"approvedomain30","selected":false,"tempId":"aco_1773","price":"450","gt_translate_keys":["label"]},{"label":"Custom domain, website with 10 products","value":"custom10","selected":false,"tempId":"aco_1993","price":"500","gt_translate_keys":["label"]},{"label":"Custom domain, website with 30 products","value":"custom30","selected":false,"tempId":"aco_2552","price":"650","gt_translate_keys":["label"]}],"relations":false,"active":true,"tooltip":"<a href=\"https:\/\/help.buyadsaccounts.net\/hc\/helpcenter\/articles\/1754561015-google-merchant-center\" target=\"blank\">Read More<\/a>","layOut":"","checkUi":"","error":false,"other":false,"options_description":false,"description":"","isWeightTemplate":false,"isTemplate":false,"min_quantity":"1","quantity_decimal":false,"quantity_step":"1","quantity_label":"Quantity","repeater_field_label":"{field_label}","repeater_bind":"","gt_translate_keys":["label","description","tooltip","repeater_field_label","quantity_label"],"price_dependency":false,"cl_dependency":["checkbox-group-1246173891","checkbox-group-1246173891","checkbox-group-4777986710","checkbox-group-4777986710"],"value":""}],[{"type":"checkbox-group","elementId":"wcpa-checkbox-group-1708273115796","label":"Extra Services","enablePrice":true,"priceOptions":"different_for_all","pricingType":"fixed","price":"100","name":"checkbox-group-1708273115795","min_options":"1","other_text":"Other","cl_rule":"show","col":6,"values":[{"label":"Cloaking for Branded Products","value":"blak-cat","price":"100","pimage":"","pimage_id":"","pthumb":"","tempId":"aco_2771","gt_translate_keys":["label"]},{"label":"Google Ads 2022 Account","value":"goo2022","selected":false,"tempId":"aco_3688","price":"200","gt_translate_keys":["label"]},{"label":"Premium Proxy","value":"proxy2","selected":false,"tempId":"aco_217","price":"20","gt_translate_keys":["label"]},{"label":"Premium Warranty","value":"premwara","selected":false,"tempId":"aco_377","price":"1000","gt_translate_keys":["label"]}],"relations":false,"active":true,"tooltip":"<a href=\"https:\/\/help.buyadsaccounts.net\/hc\/helpcenter\/articles\/1754560957-additional-options\" target=\"blank\">Read More<\/a>","layOut":"","checkUi":"","error":false,"isWeightTemplate":false,"isTemplate":false,"min_quantity":"1","quantity_decimal":false,"quantity_step":"1","quantity_label":"Quantity","repeater_field_label":"{field_label}","repeater_bind":"","gt_translate_keys":["label","tooltip","repeater_field_label","quantity_label"],"price_dependency":false,"cl_dependency":["wcpa-checkbox-group-1711017232527","checkbox-group-1431573971"],"value":""}],[{"type":"checkbox-group","required":true,"elementId":"wcpa-checkbox-group-1711017232527","label":"Cloaking - How many URLs?","description":"","enablePrice":true,"priceOptions":"different_for_all","pricingType":"fixed","price":"100","name":"checkbox-group-1711017232525","min_options":"1","other_text":"Other","enableCl":true,"cl_rule":"show","cl_val":"black-hat","col":6,"values":[{"label":"5-10 URLs","value":"trr","price":"200","pimage":"","pimage_id":"","pthumb":"","tempId":"aco_2861","gt_translate_keys":["label"]},{"label":"11-25 URLs","value":"sds","price":"350","pimage":"","pimage_id":"","pthumb":"","tempId":"aco_2862","gt_translate_keys":["label"]},{"label":"26-50 URLs","value":"vdvd","price":"600","pimage":"","pimage_id":"","pthumb":"","tempId":"aco_2863","gt_translate_keys":["label"]},{"label":"51-100 URLs","value":"dds","price":"1000","pimage":"","pimage_id":"","pthumb":"","tempId":"aco_2864","gt_translate_keys":["label"]}],"relations":[{"operator":false,"rules":[{"operator":false,"rules":{"cl_field":"wcpa-checkbox-group-1708273115796","cl_relation":"is","cl_val":"blak-cat"}}]}],"active":true,"tooltip":"","layOut":"","error":false,"checkUi":"","isWeightTemplate":false,"isTemplate":false,"min_quantity":"1","quantity_decimal":false,"quantity_step":"1","quantity_label":"Quantity","repeater_field_label":"{field_label}","repeater_bind":"","gt_translate_keys":["label","description","tooltip","repeater_field_label","quantity_label"],"price_dependency":false,"cl_dependency":false,"value":""}],[{"label":"Google Ads Account Options","active":true,"required":false,"elementId":"checkbox-group-1431573971","description":"","tooltip":"<a href=\"https:\/\/buyadsaccounts.net\/wp-admin\">Read More<\/a>","name":"checkbox-group-1431573971","enablePrice":true,"enableCl":true,"relations":[{"operator":false,"rules":[{"operator":false,"rules":{"cl_field":"wcpa-checkbox-group-1708273115796","cl_relation":"is","cl_val":"goo2022"}}]}],"min_options":"1","checkUi":"","layOut":"","other_text":"Other","values":[{"label":"Credit Card","value":"usecrd","price":"100","pimage":"","pimage_id":"","pthumb":"","tempId":"aco_2861","gt_translate_keys":["label"]},{"label":"Ads Manager - 5 Ads","value":"adsma5","price":"250","pimage":"","pimage_id":"","pthumb":"","tempId":"aco_2862","gt_translate_keys":["label"]},{"label":"Ads Manager - 10 ads","value":"adsma10","price":"400","pimage":"","pimage_id":"","pthumb":"","tempId":"aco_2863","gt_translate_keys":["label"]}],"priceOptions":"different_for_all","pricingType":"fixed","price":"100","cl_rule":"show","col":6,"type":"checkbox-group","error":false,"isWeightTemplate":false,"isTemplate":false,"min_quantity":"1","quantity_decimal":false,"quantity_step":"1","quantity_label":"Quantity","repeater_field_label":"{field_label}","repeater_bind":"","gt_translate_keys":["label","description","tooltip","repeater_field_label","quantity_label"],"price_dependency":false,"cl_dependency":false,"value":""}],[{"label":"Select Niche","active":true,"required":true,"elementId":"checkbox-group-1246173891","description":"","tooltip":"","name":"checkbox-group-1246173891","enablePrice":false,"enableCl":true,"relations":[{"operator":false,"rules":[{"operator":"or","rules":{"cl_field":"wcpa-checkbox-group-1643471137938","cl_relation":"is","cl_val":"approvedomain10"}},{"operator":"AND","rules":{"cl_field":"wcpa-checkbox-group-1643471137938","cl_relation":"is","cl_val":"approvedomain30"}}]}],"min_options":"1","checkUi":"","layOut":"","other_text":"Other","values":[{"label":"Fashion","value":"fashion1","price":"100","pimage":"","pimage_id":"","pthumb":"","tempId":"aco_2861","gt_translate_keys":["label"]},{"label":"Electronics","value":"elect1","price":"250","pimage":"","pimage_id":"","pthumb":"","tempId":"aco_2862","gt_translate_keys":["label"]},{"label":"Beauty","value":"bea1","price":"400","pimage":"","pimage_id":"","pthumb":"","tempId":"aco_2863","gt_translate_keys":["label"]},{"label":"Furniture","value":"furn1","selected":false,"tempId":"aco_326","gt_translate_keys":["label"]}],"priceOptions":"fixed_for_all","pricingType":"fixed","price":"100","cl_rule":"show","col":6,"type":"checkbox-group","error":false,"max_options":"1","gt_translate_keys":["label","description","tooltip"],"price_dependency":false,"cl_dependency":false,"value":""}],[{"label":"Select Platform","active":true,"required":true,"elementId":"checkbox-group-4777986710","description":"","tooltip":"","name":"checkbox-group-4777986710","enablePrice":true,"enableCl":true,"relations":[{"operator":false,"rules":[{"operator":"or","rules":{"cl_field":"wcpa-checkbox-group-1643471137938","cl_relation":"is","cl_val":"approvedomain10"}},{"operator":"AND","rules":{"cl_field":"wcpa-checkbox-group-1643471137938","cl_relation":"is","cl_val":"approvedomain30"}}]}],"max_options":"1","min_options":"1","checkUi":"","layOut":"","other_text":"Other","values":[{"label":"WooCommerce","value":"woocm","price":"0","pimage":"","pimage_id":"","pthumb":"","tempId":"aco_2861","gt_translate_keys":["label"]},{"label":"Shopify","value":"shopif","price":"150","pimage":"","pimage_id":"","pthumb":"","tempId":"aco_2862","gt_translate_keys":["label"]}],"priceOptions":"different_for_all","pricingType":"fixed","price":"100","cl_rule":"show","col":6,"type":"checkbox-group","error":false,"gt_translate_keys":["label","description","tooltip"],"price_dependency":false,"cl_dependency":false,"value":""}]]}},"config":{"price_override":"","enable_recaptcha":false,"bind_quantity":false,"quantity_bind_formula":false,"disp_summ_show_option_price":false,"disp_summ_show_product_price":false,"disp_summ_show_total_price":true,"disp_summ_show_fee":false,"disp_summ_show_discount":false,"summary_title":"","options_total_label":"\u0426\u0435\u043d\u0430 \u043e\u043f\u0446\u0438\u043e\u043d\u043e\u0432","total_label":"\u0412\u0441\u0435\u0433\u043e","options_product_label":"\u0426\u0435\u043d\u0430 \u043f\u0440\u043e\u0434\u0443\u043a\u0442\u0430","fee_label":"\u041f\u043b\u0430\u0442\u0430","discount_label":"\u0421\u043a\u0438\u0434\u043a\u0430","has_price":true,"has_quantity_formula":false},"mc_unit":1,"tax_rate":1,"tax_rate_real":1,"discount":{"percentage":0,"fixed":0},"design":{"conf":{"LabelPosition":"above","DescPosition":"above","UploadField":"custom_1","QuantityFieldStyle":"default"},"css":{"LeftLabelWidth":"120px"}},"formulas":[],"lookuptables":[],"clones":false,"cartKey":false}},"_links":{"self":[{"href":"https:\/\/buyadsaccounts.net\/pt\/wp-json\/wp\/v2\/product\/3565","targetHints":{"allow":["GET"]}}],"collection":[{"href":"https:\/\/buyadsaccounts.net\/pt\/wp-json\/wp\/v2\/product"}],"about":[{"href":"https:\/\/buyadsaccounts.net\/pt\/wp-json\/wp\/v2\/types\/product"}],"version-history":[{"count":1,"href":"https:\/\/buyadsaccounts.net\/pt\/wp-json\/wp\/v2\/product\/3565\/revisions"}],"predecessor-version":[{"id":9542,"href":"https:\/\/buyadsaccounts.net\/pt\/wp-json\/wp\/v2\/product\/3565\/revisions\/9542"}],"wp:featuredmedia":[{"embeddable":true,"href":"https:\/\/buyadsaccounts.net\/pt\/wp-json\/wp\/v2\/media\/3566"}],"wp:attachment":[{"href":"https:\/\/buyadsaccounts.net\/pt\/wp-json\/wp\/v2\/media?parent=3565"}],"wp:term":[{"taxonomy":"product_brand","embeddable":true,"href":"https:\/\/buyadsaccounts.net\/pt\/wp-json\/wp\/v2\/product_brand?post=3565"},{"taxonomy":"product_cat","embeddable":true,"href":"https:\/\/buyadsaccounts.net\/pt\/wp-json\/wp\/v2\/product_cat?post=3565"},{"taxonomy":"product_tag","embeddable":true,"href":"https:\/\/buyadsaccounts.net\/pt\/wp-json\/wp\/v2\/product_tag?post=3565"}],"curies":[{"name":"wp","href":"https:\/\/api.w.org\/{rel}","templated":true}]}}