{"id":9315,"date":"2025-12-21T09:12:50","date_gmt":"2025-12-21T09:12:50","guid":{"rendered":"https:\/\/rentaccounts.net\/?post_type=product&#038;p=9315"},"modified":"2026-02-01T17:30:32","modified_gmt":"2026-02-01T17:30:32","slug":"kup-konta-hazardowe-google-ads","status":"publish","type":"product","link":"https:\/\/buyadsaccounts.net\/pl\/gads\/kup-konta-hazardowe-google-ads\/","title":{"rendered":"Kup konta hazardowe Google Ads"},"content":{"rendered":"<h2 data-start=\"221\" data-end=\"303\">Dlaczego reklamodawcy korzystaj\u0105 ze specjalnych kont Google Ads dla kasyn i zak\u0142ad\u00f3w sportowych?<\/h2>\n<p data-start=\"305\" data-end=\"689\">Google Ads pozostaje jedn\u0105 z najsilniejszych platform umo\u017cliwiaj\u0105cych dotarcie do u\u017cytkownik\u00f3w o wysokich zainteresowaniach za po\u015brednictwem wyszukiwarki, YouTube i sieci reklamowej. Jednak reklamy w bran\u017cach takich jak <strong data-start=\"479\" data-end=\"496\">kasyno online<\/strong>, <strong data-start=\"498\" data-end=\"516\">zak\u0142ady sportowe<\/strong>, i regulowane gry wi\u0105\u017c\u0105 si\u0119 z surowymi wymaganiami. Wielu reklamodawc\u00f3w boryka si\u0119 z op\u00f3\u017anieniami, powtarzaj\u0105cymi si\u0119 odmowami lub z\u0142o\u017conymi \u015bcie\u017ckami zatwierdzania, zanim jeszcze b\u0119d\u0105 mogli rozpocz\u0105\u0107 kampani\u0119.<\/p>\n<p data-start=\"691\" data-end=\"961\">Z tego powodu do\u015bwiadczeni marketerzy cz\u0119sto wybieraj\u0105 <strong data-start=\"743\" data-end=\"781\">wst\u0119pnie skonfigurowane konta Google Ads<\/strong> kt\u00f3re maj\u0105 ju\u017c struktur\u0119 regulowanej reklamy. Konta te pozwalaj\u0105 markom kasyn i zak\u0142ad\u00f3w sportowych skupi\u0107 si\u0119 na wydajno\u015bci i skalowaniu zamiast na przeszkodach administracyjnych.<\/p>\n<p data-start=\"963\" data-end=\"1107\">Nasze konta s\u0105 tworzone w ramach zgodnych struktur biznesowych, dostosowanych do zasad reklamowych Google i gotowych do natychmiastowej konfiguracji kampanii.<\/p>\n<h3 data-start=\"1114\" data-end=\"1150\">Dlaczego kupuj\u0105cy wybieraj\u0105 te konta<\/h3>\n<ul data-start=\"1152\" data-end=\"1757\">\n<li data-start=\"1152\" data-end=\"1290\">\n<p data-start=\"1154\" data-end=\"1290\"><strong data-start=\"1154\" data-end=\"1177\">Szybsze wej\u015bcie na rynek<\/strong><br data-start=\"1177\" data-end=\"1180\" \/>Unikaj d\u0142ugich cykli zatwierdzania i zacznij promowa\u0107 oferty kasyn i zak\u0142ad\u00f3w sportowych bez zb\u0119dnego oczekiwania.<\/p>\n<\/li>\n<li data-start=\"1292\" data-end=\"1445\">\n<p data-start=\"1294\" data-end=\"1445\"><strong data-start=\"1294\" data-end=\"1334\">Kwalifikowalno\u015b\u0107 do ograniczonych pion\u00f3w<\/strong><br data-start=\"1334\" data-end=\"1337\" \/>Zaprojektowany do u\u017cytku w bran\u017cach regulowanych, w tym na platformach kasyn online i us\u0142ugach zak\u0142ad\u00f3w sportowych.<\/p>\n<\/li>\n<li data-start=\"1447\" data-end=\"1587\">\n<p data-start=\"1449\" data-end=\"1587\"><strong data-start=\"1449\" data-end=\"1481\">Wi\u0119ksza wiarygodno\u015b\u0107 konta<\/strong><br data-start=\"1481\" data-end=\"1484\" \/>Zbudowany w ramach odpowiednio ustanowionych podmiot\u00f3w, pomaga zmniejszy\u0107 tarcia podczas automatycznych lub r\u0119cznych kontroli.<\/p>\n<\/li>\n<li data-start=\"1589\" data-end=\"1757\">\n<p data-start=\"1591\" data-end=\"1757\"><strong data-start=\"1591\" data-end=\"1617\">Prosty proces finansowania<\/strong><br data-start=\"1617\" data-end=\"1620\" \/>Ka\u017cde konto zawiera do\u0142\u0105czon\u0105 metod\u0119 rozliczeniow\u0105, umo\u017cliwiaj\u0105c\u0105 dodawanie bud\u017cetu bezpo\u015brednio za po\u015brednictwem naszej platformy z wyra\u017an\u0105 op\u0142at\u0105 za us\u0142ug\u0119 5%.<\/p>\n<\/li>\n<\/ul>\n<h2 data-start=\"1764\" data-end=\"1843\">Co jest wa\u017cne przed zakupem konta Google Ads dla kasyna lub zak\u0142ad\u00f3w sportowych?<\/h2>\n<p data-start=\"1845\" data-end=\"1978\">Reklama w niszach kasyn i zak\u0142ad\u00f3w sportowych wymaga starannego przygotowania. Przed rozpocz\u0119ciem kampanii kluczowe s\u0105 nast\u0119puj\u0105ce czynniki:<\/p>\n<h3 data-start=\"1980\" data-end=\"2016\">Struktura konta i zgodno\u015b\u0107<\/h3>\n<p data-start=\"2017\" data-end=\"2140\">Konto musi by\u0107 poprawnie skonfigurowane, aby obs\u0142ugiwa\u0107 regulowane kategorie reklam i by\u0107 zgodne z regionalnymi zasadami reklamowymi.<\/p>\n<h3 data-start=\"2142\" data-end=\"2161\">Czysta historia<\/h3>\n<p data-start=\"2162\" data-end=\"2273\">Konta bez problem\u00f3w z polityk\u0105, ostrze\u017ce\u0144 lub zawiesze\u0144 oferuj\u0105 lepsz\u0105 stabilno\u015b\u0107 i p\u0142ynniejsze uruchamianie kampanii.<\/p>\n<h3 data-start=\"2275\" data-end=\"2311\">Przejrzysto\u015b\u0107 rozlicze\u0144 i finansowania<\/h3>\n<p data-start=\"2312\" data-end=\"2418\">Zrozum, jak dzia\u0142a finansowanie, w tym limity i op\u0142aty, aby\u015b m\u00f3g\u0142 pewnie zarz\u0105dza\u0107 wydatkami od pierwszego dnia.<\/p>\n<h3 data-start=\"2420\" data-end=\"2447\">Pe\u0142ny dost\u0119p i kontrola<\/h3>\n<p data-start=\"2448\" data-end=\"2586\">Powiniene\u015b otrzyma\u0107 pe\u0142ny dost\u0119p administracyjny, w tym mo\u017cliwo\u015b\u0107 zabezpieczenia konta, zarz\u0105dzania rozliczeniami i niezale\u017cnego dzia\u0142ania.<\/p>\n<h3 data-start=\"2588\" data-end=\"2612\">Niezawodno\u015b\u0107 sprzedawcy<\/h3>\n<p data-start=\"2613\" data-end=\"2775\">Reklamy kasyn i zak\u0142ad\u00f3w sportowych przyci\u0105gaj\u0105 wielu nierzetelnych sprzedawc\u00f3w. Unikaj nierealistycznych obietnic i wybieraj dostawc\u00f3w, kt\u00f3rzy koncentruj\u0105 si\u0119 na zgodno\u015bci i przejrzysto\u015bci.<\/p>\n<h2 data-start=\"2782\" data-end=\"2824\">Po dostawie: Zalecane kroki konfiguracji<\/h2>\n<p data-start=\"2826\" data-end=\"2918\">Po dostarczeniu konta wykonaj nast\u0119puj\u0105ce kroki, aby zapewni\u0107 bezpiecze\u0144stwo i wydajno\u015b\u0107:<\/p>\n<h3 data-start=\"2920\" data-end=\"2945\">1. Bezpieczna w\u0142asno\u015b\u0107<\/h3>\n<p data-start=\"2946\" data-end=\"3022\">Natychmiastowa zmiana po\u015bwiadcze\u0144 logowania, adresu e-mail odzyskiwania i ustawie\u0144 zabezpiecze\u0144.<\/p>\n<h3 data-start=\"3024\" data-end=\"3048\">2. Przegl\u0105d ustawie\u0144<\/h3>\n<p data-start=\"3049\" data-end=\"3191\">Sprawd\u017a profile rozliczeniowe, kierowanie geograficzne, dozwolone regiony i domy\u015blne ustawienia kampanii, aby zapewni\u0107 zgodno\u015b\u0107 ze strategi\u0105 kasyna lub zak\u0142ad\u00f3w sportowych.<\/p>\n<h3 data-start=\"3193\" data-end=\"3212\">3. Dodaj bud\u017cet<\/h3>\n<p data-start=\"3213\" data-end=\"3285\">Zasil konto za po\u015brednictwem naszego pulpitu nawigacyjnego i przygotuj kampanie do uruchomienia.<\/p>\n<h3 data-start=\"3287\" data-end=\"3312\">4. Uruchomienie i monitorowanie<\/h3>\n<p data-start=\"3313\" data-end=\"3360\" data-is-last-node=\"\" data-is-only-node=\"\">Zacznij od zgodnego tekstu reklamy, unikaj przesady<\/p>","protected":false},"excerpt":{"rendered":"<p>Prowad\u017a kampanie reklamowe dotycz\u0105ce hazardu i kasyn w wyszukiwarce i wyszukiwarce Google (Google.com, YouTube), korzystaj\u0105c z naszych certyfikowanych kont hazardowych Google Ads.<\/p>","protected":false},"featured_media":9316,"template":"","meta":{"_acf_changed":false,"_glsr_average":5,"_glsr_ranking":4.4230769230769,"_glsr_reviews":16},"product_brand":[],"product_cat":[323],"product_tag":[],"class_list":{"0":"post-9315","1":"product","2":"type-product","3":"status-publish","4":"has-post-thumbnail","6":"product_cat-google-ads-gambling","7":"wcpa_has_options","9":"first","10":"instock","11":"purchasable","12":"product-type-simple"},"acf":[],"yoast_head":"<!-- This site is optimized with the Yoast SEO Premium plugin v26.7 (Yoast SEO v27.4) - https:\/\/yoast.com\/product\/yoast-seo-premium-wordpress\/ -->\n<title>Buy Google Ads Gambling Casino Accounts Ready for Ads<\/title>\n<meta name=\"description\" content=\"Get Google Ads approved gambling casino accounts validated by licensed companies. Fully compliant, high-trust accounts ideal for scaling crypto ads safely.\" \/>\n<meta name=\"robots\" content=\"index, follow, max-snippet:-1, max-image-preview:large, max-video-preview:-1\" \/>\n<link rel=\"canonical\" href=\"https:\/\/buyadsaccounts.net\/pl\/gads\/kup-konta-hazardowe-google-ads\/\" \/>\n<meta property=\"og:locale\" content=\"pl_PL\" \/>\n<meta property=\"og:type\" content=\"article\" \/>\n<meta property=\"og:title\" content=\"Buy Google Ads Gambling Accounts\" \/>\n<meta property=\"og:description\" content=\"Get Google Ads approved gambling casino accounts validated by licensed companies. Fully compliant, high-trust accounts ideal for scaling crypto ads safely.\" \/>\n<meta property=\"og:url\" content=\"https:\/\/buyadsaccounts.net\/pl\/gads\/kup-konta-hazardowe-google-ads\/\" \/>\n<meta property=\"og:site_name\" content=\"BuyAdsAccounts\" \/>\n<meta property=\"article:modified_time\" content=\"2026-02-01T17:30:32+00:00\" \/>\n<meta property=\"og:image\" content=\"https:\/\/buyadsaccounts.net\/wp-content\/uploads\/2025\/12\/google-ads-gambling-account.png\" \/>\n\t<meta property=\"og:image:width\" content=\"88\" \/>\n\t<meta property=\"og:image:height\" content=\"88\" \/>\n\t<meta property=\"og:image:type\" content=\"image\/png\" \/>\n<meta name=\"twitter:card\" content=\"summary_large_image\" \/>\n<meta name=\"twitter:label1\" content=\"Szacowany czas czytania\" \/>\n\t<meta name=\"twitter:data1\" content=\"2 minuty\" \/>\n<script type=\"application\/ld+json\" class=\"yoast-schema-graph\">{\"@context\":\"https:\\\/\\\/schema.org\",\"@graph\":[{\"@type\":\"WebPage\",\"@id\":\"https:\\\/\\\/buyadsaccounts.net\\\/gads\\\/buy-google-ads-gambling-accounts\\\/\",\"url\":\"https:\\\/\\\/buyadsaccounts.net\\\/gads\\\/buy-google-ads-gambling-accounts\\\/\",\"name\":\"Buy Google Ads Gambling Casino Accounts Ready for Ads\",\"isPartOf\":{\"@id\":\"https:\\\/\\\/buyadsaccounts.net\\\/#website\"},\"primaryImageOfPage\":{\"@id\":\"https:\\\/\\\/buyadsaccounts.net\\\/gads\\\/buy-google-ads-gambling-accounts\\\/#primaryimage\"},\"image\":{\"@id\":\"https:\\\/\\\/buyadsaccounts.net\\\/gads\\\/buy-google-ads-gambling-accounts\\\/#primaryimage\"},\"thumbnailUrl\":\"https:\\\/\\\/buyadsaccounts.net\\\/wp-content\\\/uploads\\\/2025\\\/12\\\/google-ads-gambling-account.png\",\"datePublished\":\"2025-12-21T09:12:50+00:00\",\"dateModified\":\"2026-02-01T17:30:32+00:00\",\"description\":\"Get Google Ads approved gambling casino accounts validated by licensed companies. Fully compliant, high-trust accounts ideal for scaling crypto ads safely.\",\"breadcrumb\":{\"@id\":\"https:\\\/\\\/buyadsaccounts.net\\\/gads\\\/buy-google-ads-gambling-accounts\\\/#breadcrumb\"},\"inLanguage\":\"pl-PL\",\"potentialAction\":[{\"@type\":\"ReadAction\",\"target\":[\"https:\\\/\\\/buyadsaccounts.net\\\/gads\\\/buy-google-ads-gambling-accounts\\\/\"]}]},{\"@type\":\"ImageObject\",\"inLanguage\":\"pl-PL\",\"@id\":\"https:\\\/\\\/buyadsaccounts.net\\\/gads\\\/buy-google-ads-gambling-accounts\\\/#primaryimage\",\"url\":\"https:\\\/\\\/buyadsaccounts.net\\\/wp-content\\\/uploads\\\/2025\\\/12\\\/google-ads-gambling-account.png\",\"contentUrl\":\"https:\\\/\\\/buyadsaccounts.net\\\/wp-content\\\/uploads\\\/2025\\\/12\\\/google-ads-gambling-account.png\",\"width\":88,\"height\":88},{\"@type\":\"BreadcrumbList\",\"@id\":\"https:\\\/\\\/buyadsaccounts.net\\\/gads\\\/buy-google-ads-gambling-accounts\\\/#breadcrumb\",\"itemListElement\":[{\"@type\":\"ListItem\",\"position\":1,\"name\":\"Home\",\"item\":\"https:\\\/\\\/buyadsaccounts.net\\\/\"},{\"@type\":\"ListItem\",\"position\":2,\"name\":\"Shop\",\"item\":\"https:\\\/\\\/buyadsaccounts.net\\\/ar\\\/%d9%85%d8%aa%d8%ac%d8%b1\\\/\"},{\"@type\":\"ListItem\",\"position\":3,\"name\":\"Buy Google Ads Gambling Accounts\"}]},{\"@type\":\"WebSite\",\"@id\":\"https:\\\/\\\/buyadsaccounts.net\\\/#website\",\"url\":\"https:\\\/\\\/buyadsaccounts.net\\\/\",\"name\":\"BuyAdsAccounts\",\"description\":\"\",\"publisher\":{\"@id\":\"https:\\\/\\\/buyadsaccounts.net\\\/#organization\"},\"potentialAction\":[{\"@type\":\"SearchAction\",\"target\":{\"@type\":\"EntryPoint\",\"urlTemplate\":\"https:\\\/\\\/buyadsaccounts.net\\\/?s={search_term_string}\"},\"query-input\":{\"@type\":\"PropertyValueSpecification\",\"valueRequired\":true,\"valueName\":\"search_term_string\"}}],\"inLanguage\":\"pl-PL\"},{\"@type\":\"Organization\",\"@id\":\"https:\\\/\\\/buyadsaccounts.net\\\/#organization\",\"name\":\"Buy Google Ads Accounts\",\"url\":\"https:\\\/\\\/buyadsaccounts.net\\\/\",\"logo\":{\"@type\":\"ImageObject\",\"inLanguage\":\"pl-PL\",\"@id\":\"https:\\\/\\\/buyadsaccounts.net\\\/#\\\/schema\\\/logo\\\/image\\\/\",\"url\":\"https:\\\/\\\/buyadsaccounts.net\\\/wp-content\\\/uploads\\\/2024\\\/12\\\/buyads-fav.jpg\",\"contentUrl\":\"https:\\\/\\\/buyadsaccounts.net\\\/wp-content\\\/uploads\\\/2024\\\/12\\\/buyads-fav.jpg\",\"width\":512,\"height\":512,\"caption\":\"Buy Google Ads Accounts\"},\"image\":{\"@id\":\"https:\\\/\\\/buyadsaccounts.net\\\/#\\\/schema\\\/logo\\\/image\\\/\"}}]}<\/script>\n<!-- \/ Yoast SEO Premium plugin. -->","yoast_head_json":{"title":"Kup konta Google Ads Gambling Casino gotowe do wy\u015bwietlania reklam","description":"Uzyskaj zatwierdzone przez Google Ads konta kasyn hazardowych zweryfikowane przez licencjonowane firmy. W pe\u0142ni zgodne konta o wysokim poziomie zaufania, idealne do bezpiecznego skalowania reklam kryptowalut.","robots":{"index":"index","follow":"follow","max-snippet":"max-snippet:-1","max-image-preview":"max-image-preview:large","max-video-preview":"max-video-preview:-1"},"canonical":"https:\/\/buyadsaccounts.net\/pl\/gads\/kup-konta-hazardowe-google-ads\/","og_locale":"pl_PL","og_type":"article","og_title":"Buy Google Ads Gambling Accounts","og_description":"Get Google Ads approved gambling casino accounts validated by licensed companies. Fully compliant, high-trust accounts ideal for scaling crypto ads safely.","og_url":"https:\/\/buyadsaccounts.net\/pl\/gads\/kup-konta-hazardowe-google-ads\/","og_site_name":"BuyAdsAccounts","article_modified_time":"2026-02-01T17:30:32+00:00","og_image":[{"width":88,"height":88,"url":"https:\/\/buyadsaccounts.net\/wp-content\/uploads\/2025\/12\/google-ads-gambling-account.png","type":"image\/png"}],"twitter_card":"summary_large_image","twitter_misc":{"Szacowany czas czytania":"2 minuty"},"schema":{"@context":"https:\/\/schema.org","@graph":[{"@type":"WebPage","@id":"https:\/\/buyadsaccounts.net\/gads\/buy-google-ads-gambling-accounts\/","url":"https:\/\/buyadsaccounts.net\/gads\/buy-google-ads-gambling-accounts\/","name":"Kup konta Google Ads Gambling Casino gotowe do wy\u015bwietlania reklam","isPartOf":{"@id":"https:\/\/buyadsaccounts.net\/#website"},"primaryImageOfPage":{"@id":"https:\/\/buyadsaccounts.net\/gads\/buy-google-ads-gambling-accounts\/#primaryimage"},"image":{"@id":"https:\/\/buyadsaccounts.net\/gads\/buy-google-ads-gambling-accounts\/#primaryimage"},"thumbnailUrl":"https:\/\/buyadsaccounts.net\/wp-content\/uploads\/2025\/12\/google-ads-gambling-account.png","datePublished":"2025-12-21T09:12:50+00:00","dateModified":"2026-02-01T17:30:32+00:00","description":"Uzyskaj zatwierdzone przez Google Ads konta kasyn hazardowych zweryfikowane przez licencjonowane firmy. W pe\u0142ni zgodne konta o wysokim poziomie zaufania, idealne do bezpiecznego skalowania reklam kryptowalut.","breadcrumb":{"@id":"https:\/\/buyadsaccounts.net\/gads\/buy-google-ads-gambling-accounts\/#breadcrumb"},"inLanguage":"pl-PL","potentialAction":[{"@type":"ReadAction","target":["https:\/\/buyadsaccounts.net\/gads\/buy-google-ads-gambling-accounts\/"]}]},{"@type":"ImageObject","inLanguage":"pl-PL","@id":"https:\/\/buyadsaccounts.net\/gads\/buy-google-ads-gambling-accounts\/#primaryimage","url":"https:\/\/buyadsaccounts.net\/wp-content\/uploads\/2025\/12\/google-ads-gambling-account.png","contentUrl":"https:\/\/buyadsaccounts.net\/wp-content\/uploads\/2025\/12\/google-ads-gambling-account.png","width":88,"height":88},{"@type":"BreadcrumbList","@id":"https:\/\/buyadsaccounts.net\/gads\/buy-google-ads-gambling-accounts\/#breadcrumb","itemListElement":[{"@type":"ListItem","position":1,"name":"Home","item":"https:\/\/buyadsaccounts.net\/"},{"@type":"ListItem","position":2,"name":"Shop","item":"https:\/\/buyadsaccounts.net\/ar\/%d9%85%d8%aa%d8%ac%d8%b1\/"},{"@type":"ListItem","position":3,"name":"Buy Google Ads Gambling Accounts"}]},{"@type":"WebSite","@id":"https:\/\/buyadsaccounts.net\/#website","url":"https:\/\/buyadsaccounts.net\/","name":"BuyAdsAccounts","description":"","publisher":{"@id":"https:\/\/buyadsaccounts.net\/#organization"},"potentialAction":[{"@type":"SearchAction","target":{"@type":"EntryPoint","urlTemplate":"https:\/\/buyadsaccounts.net\/?s={search_term_string}"},"query-input":{"@type":"PropertyValueSpecification","valueRequired":true,"valueName":"search_term_string"}}],"inLanguage":"pl-PL"},{"@type":"Organization","@id":"https:\/\/buyadsaccounts.net\/#organization","name":"Kup konta Google Ads","url":"https:\/\/buyadsaccounts.net\/","logo":{"@type":"ImageObject","inLanguage":"pl-PL","@id":"https:\/\/buyadsaccounts.net\/#\/schema\/logo\/image\/","url":"https:\/\/buyadsaccounts.net\/wp-content\/uploads\/2024\/12\/buyads-fav.jpg","contentUrl":"https:\/\/buyadsaccounts.net\/wp-content\/uploads\/2024\/12\/buyads-fav.jpg","width":512,"height":512,"caption":"Buy Google Ads Accounts"},"image":{"@id":"https:\/\/buyadsaccounts.net\/#\/schema\/logo\/image\/"}}]}},"wcpa_form_fields":{"wcpaData":{"product":{"product_price":0,"price_html":"<span class=\"woocommerce-Price-amount amount\"><bdi>0<span class=\"woocommerce-Price-currencySymbol\">&#36;<\/span><\/bdi><\/span>","original_product_price":0,"price_including_tax":0,"price_excluding_tax":0,"product_id":{"parent":9315,"variation":false},"is_variable":false,"stock_status":"instock","stock_quantity":null,"parent_sku":"","product_attributes":[],"custom_fields":[],"is_taxable":false,"product_name":"Buy Google Ads Gambling Accounts","hasImage":false},"fields":{"sec_16947c10fcaa83":{"extra":{"key":"sec_16947c10fcaa83","section_id":"sec_16947c10fcaa83","name":"Default","status":1,"cl_rule":"show","enableCl":false,"relations":[],"toggle":true,"title_tag":"h3","show_title":false,"showPrice":"default","form_id":9318,"form_rules":{"exclude_from_discount":false,"fee_label":"Fee","disp_hide_options_price":false,"disp_show_section_price":false,"disp_show_field_price":true,"layout_option":"standard","pric_use_as_fee":false,"process_fee_as":"woo_fee"},"layout_option":"standard"},"fields":[[{"type":"checkbox-group","required":true,"elementId":"checkbox-group_16947c10fcaaaf","label":"Account Options","enablePrice":true,"priceOptions":"different_for_all","pricingType":"fixed","price":"100","name":"checkbox-group_16947c10fcaaaf","min_options":"1","other_text":"Other","cl_rule":"show","col":6,"values":[{"label":"2024 UK Account - 50% Payment","value":"2024uk","price":"1700","pimage":"","pimage_id":"","pthumb":"","tempId":"aco_525","gt_translate_keys":["label"]},{"label":"2024 BR Account - 50% Payment","value":"2024br","price":"1000","pimage":"","pimage_id":"","pthumb":"","tempId":"aco_526","gt_translate_keys":["label"]}],"relations":false,"active":true,"tooltip":"<a href=\"https:\/\/help.buyadsaccounts.net\/hc\/helpcenter\/articles\/1766311806-uk-casino-sports-betting-advertising-approval\" target=\"blank\">Read More<\/a>","layOut":"inline","isWeightTemplate":false,"error":false,"isTemplate":false,"checkUi":"","min_quantity":"1","quantity_decimal":false,"quantity_step":"1","quantity_label":"Quantity","repeater_field_label":"{field_label}","repeater_bind":"","max_options":"1","gt_translate_keys":["label","tooltip","repeater_field_label","quantity_label"],"price_dependency":false,"cl_dependency":false,"value":""}],[{"active":true,"col":6,"relations":false,"cl_rule":"show","enableCl":false,"price":"","enablePrice":false,"className":"","label_position":"default","desc_position":"default","type":"url","required":true,"elementId":"url_0401321471","label":"Website URL","name":"url_0401321471","value":"","allow_multiple":false,"isWeightTemplate":false,"error":false,"isTemplate":false,"min_quantity":"1","quantity_decimal":false,"quantity_step":"1","quantity_label":"Quantity","repeater_field_label":"{field_label}","repeater_bind":"","gt_translate_keys":["label","value","repeater_field_label","quantity_label"],"price_dependency":false,"cl_dependency":false}],[{"type":"checkbox-group","elementId":"checkbox-group_106947c10fcaac1","label":"Extra Services","enablePrice":true,"priceOptions":"different_for_all","pricingType":"fixed","price":"100","name":"checkbox-group_106947c10fcaac1","min_options":"1","other_text":"Other","cl_rule":"show","col":6,"values":[{"label":"Ads Manager","value":"camp-mana","price":"200","pimage":"","pimage_id":"","pthumb":"","tempId":"aco_120","gt_translate_keys":["label"]}],"relations":false,"active":true,"tooltip":"<a href=\"https:\/\/help.buyadsaccounts.net\/hc\/helpcenter\/articles\/1754560957-additional-options\" target=\"blank\">Read More<\/a>","layOut":"","isWeightTemplate":false,"error":false,"isTemplate":false,"checkUi":"","min_quantity":"1","quantity_decimal":false,"quantity_step":"1","quantity_label":"Quantity","repeater_field_label":"{field_label}","repeater_bind":"","gt_translate_keys":["label","tooltip","repeater_field_label","quantity_label"],"price_dependency":false,"cl_dependency":["checkbox-group_86947c10fcaad0"],"value":""}],[{"type":"checkbox-group","required":true,"elementId":"checkbox-group_86947c10fcaad0","label":"Ads Manager - How many ADS?","description":"Price per AD","enablePrice":true,"priceOptions":"different_for_all","pricingType":"fixed","price":"100","name":"checkbox-group_86947c10fcaad0","min_options":"1","other_text":"Other","enableCl":true,"cl_rule":"show","cl_val":"camp-mana","col":6,"values":[{"label":"1 Ad","value":"1adurl","price":"0","pimage":"","pimage_id":"","pthumb":"","gt_translate_keys":["label"]},{"label":"2 Ads","value":"2ads","price":"350","pimage":"","pimage_id":"","pthumb":"","gt_translate_keys":["label"]},{"label":"3 Ads","value":"3ads","price":"500","pimage":"","pimage_id":"","pthumb":"","gt_translate_keys":["label"]},{"label":"5 Ads","value":"5ads","price":"800","pimage":"","pimage_id":"","pthumb":"","gt_translate_keys":["label"]},{"label":"10 Ads","value":"10ads","price":"1500","pimage":"","pimage_id":"","pthumb":"","gt_translate_keys":["label"]}],"relations":[{"operator":false,"rules":[{"operator":false,"rules":{"cl_field":"checkbox-group_106947c10fcaac1","cl_relation":"is","cl_val":"camp-mana"}}]}],"active":true,"tooltip":"","layOut":"","isWeightTemplate":false,"error":false,"isTemplate":false,"checkUi":"","min_quantity":"1","quantity_decimal":false,"quantity_step":"1","quantity_label":"Quantity","repeater_field_label":"{field_label}","repeater_bind":"","gt_translate_keys":["label","description","tooltip","repeater_field_label","quantity_label"],"price_dependency":false,"cl_dependency":false,"value":""}]]}},"config":{"price_override":"","enable_recaptcha":false,"bind_quantity":false,"quantity_bind_formula":false,"disp_summ_show_option_price":false,"disp_summ_show_product_price":false,"disp_summ_show_total_price":true,"disp_summ_show_fee":false,"disp_summ_show_discount":false,"summary_title":"","options_total_label":"Options Price","total_label":"Total","options_product_label":"Product Price","fee_label":"Fee","discount_label":"Discount","has_price":true,"has_quantity_formula":false},"mc_unit":1,"tax_rate":1,"tax_rate_real":1,"discount":{"percentage":0,"fixed":0},"design":{"conf":{"LabelPosition":"above","DescPosition":"above","UploadField":"custom_1","QuantityFieldStyle":"default"},"css":{"LeftLabelWidth":"120px"}},"formulas":[],"lookuptables":[],"clones":false,"cartKey":false}},"_links":{"self":[{"href":"https:\/\/buyadsaccounts.net\/pl\/wp-json\/wp\/v2\/product\/9315","targetHints":{"allow":["GET"]}}],"collection":[{"href":"https:\/\/buyadsaccounts.net\/pl\/wp-json\/wp\/v2\/product"}],"about":[{"href":"https:\/\/buyadsaccounts.net\/pl\/wp-json\/wp\/v2\/types\/product"}],"version-history":[{"count":2,"href":"https:\/\/buyadsaccounts.net\/pl\/wp-json\/wp\/v2\/product\/9315\/revisions"}],"predecessor-version":[{"id":9540,"href":"https:\/\/buyadsaccounts.net\/pl\/wp-json\/wp\/v2\/product\/9315\/revisions\/9540"}],"wp:featuredmedia":[{"embeddable":true,"href":"https:\/\/buyadsaccounts.net\/pl\/wp-json\/wp\/v2\/media\/9316"}],"wp:attachment":[{"href":"https:\/\/buyadsaccounts.net\/pl\/wp-json\/wp\/v2\/media?parent=9315"}],"wp:term":[{"taxonomy":"product_brand","embeddable":true,"href":"https:\/\/buyadsaccounts.net\/pl\/wp-json\/wp\/v2\/product_brand?post=9315"},{"taxonomy":"product_cat","embeddable":true,"href":"https:\/\/buyadsaccounts.net\/pl\/wp-json\/wp\/v2\/product_cat?post=9315"},{"taxonomy":"product_tag","embeddable":true,"href":"https:\/\/buyadsaccounts.net\/pl\/wp-json\/wp\/v2\/product_tag?post=9315"}],"curies":[{"name":"wp","href":"https:\/\/api.w.org\/{rel}","templated":true}]}}