{"id":4595,"date":"2023-12-15T13:56:24","date_gmt":"2023-12-15T10:56:24","guid":{"rendered":"https:\/\/rentaccounts.net\/?post_type=product&#038;p=4595"},"modified":"2026-02-01T17:28:34","modified_gmt":"2026-02-01T17:28:34","slug":"kup-konto-do-fakturowania-reklam-google","status":"publish","type":"product","link":"https:\/\/buyadsaccounts.net\/pl\/gads\/kup-konto-do-fakturowania-reklam-google\/","title":{"rendered":"Kup konta do fakturowania Google Ads"},"content":{"rendered":"<h2>Czym jest konto do fakturowania Google Ads?<\/h2>\n<p>Konto do fakturowania Google Ads to opcja p\u0142atno\u015bci oferowana przez Google, kt\u00f3ra umo\u017cliwia firmom otrzymywanie faktur za wydatki reklamowe zamiast dokonywania natychmiastowych p\u0142atno\u015bci. Ta opcja jest szczeg\u00f3lnie korzystna dla firm, kt\u00f3re maj\u0105 wysoki bud\u017cet reklamowy i wol\u0105 skonsolidowa\u0107 swoje p\u0142atno\u015bci.<\/p>\n<p>Konto do fakturowania Google Ads umo\u017cliwia ustawienie okre\u015blonego limitu kredytowego, otrzymywanie miesi\u0119cznych faktur i dokonywanie p\u0142atno\u015bci w okre\u015blonym terminie. Zapewnia to wi\u0119ksz\u0105 elastyczno\u015b\u0107 w zarz\u0105dzaniu wydatkami na reklam\u0119 i upraszcza proces ksi\u0119gowania.<\/p>\n<h3>Korzy\u015bci z konta do fakturowania Google Ads<\/h3>\n<p>1. Lepszy przep\u0142yw got\u00f3wki: Korzystaj\u0105c z konta do fakturowania Google Ads, mo\u017cesz lepiej zarz\u0105dza\u0107 przep\u0142ywem got\u00f3wki, poniewa\u017c masz wi\u0119cej czasu na op\u0142acenie wydatk\u00f3w reklamowych. Mo\u017ce to by\u0107 szczeg\u00f3lnie korzystne dla firm z sezonowymi wahaniami lub nieregularnymi strumieniami dochod\u00f3w.<\/p>\n<p>2. Uproszczony proces p\u0142atno\u015bci: Zamiast dokonywa\u0107 indywidualnych p\u0142atno\u015bci za ka\u017cd\u0105 kampani\u0119 reklamow\u0105, konto do fakturowania Google Ads umo\u017cliwia otrzymywanie skonsolidowanej miesi\u0119cznej faktury. Usprawnia to proces p\u0142atno\u015bci i zmniejsza liczb\u0119 zada\u0144 administracyjnych.<\/p>\n<p>3. Zwi\u0119kszona kontrola bud\u017cetu: Dzi\u0119ki limitowi kredytowemu ustawionemu dla konta do fakturowania masz wi\u0119ksz\u0105 kontrol\u0119 nad bud\u017cetem reklamowym. Mo\u017cesz przydziela\u0107 \u015brodki bardziej efektywnie, monitorowa\u0107 wydatki i dokonywa\u0107 korekt w razie potrzeby.<\/p>\n<p>4. Szczeg\u00f3\u0142owe raportowanie: Google udost\u0119pnia szczeg\u00f3\u0142owe raporty dotycz\u0105ce wydatk\u00f3w na reklam\u0119, umo\u017cliwiaj\u0105c analiz\u0119 wynik\u00f3w kampanii. Dane te mog\u0105 by\u0107 nieocenione w podejmowaniu \u015bwiadomych decyzji w celu optymalizacji strategii reklamowej i maksymalizacji zwrotu z inwestycji (ROI).<\/p>\n<p>Inwestycja w konto do fakturowania Google Ads mo\u017ce przynie\u015b\u0107 wiele korzy\u015bci firmom, kt\u00f3re chc\u0105 usprawni\u0107 swoje wydatki na reklam\u0119 i poprawi\u0107 zarz\u0105dzanie przep\u0142ywami pieni\u0119\u017cnymi. Dzi\u0119ki wi\u0119kszej kontroli nad bud\u017cetem, uproszczonym procesom p\u0142atno\u015bci i szczeg\u00f3\u0142owemu raportowaniu mo\u017cna zoptymalizowa\u0107 strategi\u0119 reklamow\u0105 i osi\u0105gn\u0105\u0107 lepsze wyniki.<\/p>","protected":false},"excerpt":{"rendered":"<p>Masz do\u015b\u0107 zarz\u0105dzania przedp\u0142aconymi saldami kampanii Google Ads? Je\u015bli tak, mo\u017cesz by\u0107 zainteresowany zakupem konta do fakturowania Google Ads.<\/p>","protected":false},"featured_media":4404,"template":"","meta":{"_acf_changed":false,"_glsr_average":5,"_glsr_ranking":4.7,"_glsr_reviews":40},"product_brand":[],"product_cat":[236],"product_tag":[],"class_list":{"0":"post-4595","1":"product","2":"type-product","3":"status-publish","4":"has-post-thumbnail","6":"product_cat-google-ads-invoicing-account","7":"wcpa_has_options","9":"first","10":"instock","11":"purchasable","12":"product-type-simple"},"acf":[],"yoast_head":"<!-- This site is optimized with the Yoast SEO Premium plugin v26.7 (Yoast SEO v27.4) - https:\/\/yoast.com\/product\/yoast-seo-premium-wordpress\/ -->\n<title>Buy Google Ads Invoicing Accounts - Monthly Invoicing<\/title>\n<meta name=\"description\" content=\"Buy Google Ads Invoicing Accounts with credit line approved. Approved Google Ads account with monthly invoicing enabled and verified. Publish Ads Instantly.\" \/>\n<meta name=\"robots\" content=\"index, follow, max-snippet:-1, max-image-preview:large, max-video-preview:-1\" \/>\n<link rel=\"canonical\" href=\"https:\/\/buyadsaccounts.net\/pl\/gads\/kup-konto-do-fakturowania-reklam-google\/\" \/>\n<meta property=\"og:locale\" content=\"pl_PL\" \/>\n<meta property=\"og:type\" content=\"article\" \/>\n<meta property=\"og:title\" content=\"Buy Google Ads Invoicing Accounts\" \/>\n<meta property=\"og:description\" content=\"Buy Google Ads Invoicing Accounts with credit line approved. Approved Google Ads account with monthly invoicing enabled and verified. Publish Ads Instantly.\" \/>\n<meta property=\"og:url\" content=\"https:\/\/buyadsaccounts.net\/pl\/gads\/kup-konto-do-fakturowania-reklam-google\/\" \/>\n<meta property=\"og:site_name\" content=\"BuyAdsAccounts\" \/>\n<meta property=\"article:modified_time\" content=\"2026-02-01T17:28:34+00:00\" \/>\n<meta property=\"og:image\" content=\"https:\/\/buyadsaccounts.net\/wp-content\/uploads\/2025\/01\/buy_google_ads_accounts.webp\" \/>\n\t<meta property=\"og:image:width\" content=\"1200\" \/>\n\t<meta property=\"og:image:height\" content=\"630\" \/>\n\t<meta property=\"og:image:type\" content=\"image\/webp\" \/>\n<meta name=\"twitter:card\" content=\"summary_large_image\" \/>\n<meta name=\"twitter:image\" content=\"https:\/\/buyadsaccounts.net\/wp-content\/uploads\/2025\/01\/buy_google_ads_accounts.webp\" \/>\n<meta name=\"twitter:label1\" content=\"Szacowany czas czytania\" \/>\n\t<meta name=\"twitter:data1\" content=\"2 minuty\" \/>\n<script type=\"application\/ld+json\" class=\"yoast-schema-graph\">{\"@context\":\"https:\\\/\\\/schema.org\",\"@graph\":[{\"@type\":\"WebPage\",\"@id\":\"https:\\\/\\\/buyadsaccounts.net\\\/gads\\\/buy-google-ads-invoicing-account\\\/\",\"url\":\"https:\\\/\\\/buyadsaccounts.net\\\/gads\\\/buy-google-ads-invoicing-account\\\/\",\"name\":\"Buy Google Ads Invoicing Accounts - Monthly Invoicing\",\"isPartOf\":{\"@id\":\"https:\\\/\\\/buyadsaccounts.net\\\/#website\"},\"primaryImageOfPage\":{\"@id\":\"https:\\\/\\\/buyadsaccounts.net\\\/gads\\\/buy-google-ads-invoicing-account\\\/#primaryimage\"},\"image\":{\"@id\":\"https:\\\/\\\/buyadsaccounts.net\\\/gads\\\/buy-google-ads-invoicing-account\\\/#primaryimage\"},\"thumbnailUrl\":\"https:\\\/\\\/buyadsaccounts.net\\\/wp-content\\\/uploads\\\/2021\\\/07\\\/google-ads-accounts-logo.png\",\"datePublished\":\"2023-12-15T10:56:24+00:00\",\"dateModified\":\"2026-02-01T17:28:34+00:00\",\"description\":\"Buy Google Ads Invoicing Accounts with credit line approved. Approved Google Ads account with monthly invoicing enabled and verified. Publish Ads Instantly.\",\"breadcrumb\":{\"@id\":\"https:\\\/\\\/buyadsaccounts.net\\\/gads\\\/buy-google-ads-invoicing-account\\\/#breadcrumb\"},\"inLanguage\":\"pl-PL\",\"potentialAction\":[{\"@type\":\"ReadAction\",\"target\":[\"https:\\\/\\\/buyadsaccounts.net\\\/gads\\\/buy-google-ads-invoicing-account\\\/\"]}]},{\"@type\":\"ImageObject\",\"inLanguage\":\"pl-PL\",\"@id\":\"https:\\\/\\\/buyadsaccounts.net\\\/gads\\\/buy-google-ads-invoicing-account\\\/#primaryimage\",\"url\":\"https:\\\/\\\/buyadsaccounts.net\\\/wp-content\\\/uploads\\\/2021\\\/07\\\/google-ads-accounts-logo.png\",\"contentUrl\":\"https:\\\/\\\/buyadsaccounts.net\\\/wp-content\\\/uploads\\\/2021\\\/07\\\/google-ads-accounts-logo.png\",\"width\":512,\"height\":512},{\"@type\":\"BreadcrumbList\",\"@id\":\"https:\\\/\\\/buyadsaccounts.net\\\/gads\\\/buy-google-ads-invoicing-account\\\/#breadcrumb\",\"itemListElement\":[{\"@type\":\"ListItem\",\"position\":1,\"name\":\"Home\",\"item\":\"https:\\\/\\\/buyadsaccounts.net\\\/\"},{\"@type\":\"ListItem\",\"position\":2,\"name\":\"Shop\",\"item\":\"https:\\\/\\\/buyadsaccounts.net\\\/ar\\\/%d9%85%d8%aa%d8%ac%d8%b1\\\/\"},{\"@type\":\"ListItem\",\"position\":3,\"name\":\"Buy Google Ads Invoicing Accounts\"}]},{\"@type\":\"WebSite\",\"@id\":\"https:\\\/\\\/buyadsaccounts.net\\\/#website\",\"url\":\"https:\\\/\\\/buyadsaccounts.net\\\/\",\"name\":\"BuyAdsAccounts\",\"description\":\"\",\"publisher\":{\"@id\":\"https:\\\/\\\/buyadsaccounts.net\\\/#organization\"},\"potentialAction\":[{\"@type\":\"SearchAction\",\"target\":{\"@type\":\"EntryPoint\",\"urlTemplate\":\"https:\\\/\\\/buyadsaccounts.net\\\/?s={search_term_string}\"},\"query-input\":{\"@type\":\"PropertyValueSpecification\",\"valueRequired\":true,\"valueName\":\"search_term_string\"}}],\"inLanguage\":\"pl-PL\"},{\"@type\":\"Organization\",\"@id\":\"https:\\\/\\\/buyadsaccounts.net\\\/#organization\",\"name\":\"Buy Google Ads Accounts\",\"url\":\"https:\\\/\\\/buyadsaccounts.net\\\/\",\"logo\":{\"@type\":\"ImageObject\",\"inLanguage\":\"pl-PL\",\"@id\":\"https:\\\/\\\/buyadsaccounts.net\\\/#\\\/schema\\\/logo\\\/image\\\/\",\"url\":\"https:\\\/\\\/buyadsaccounts.net\\\/wp-content\\\/uploads\\\/2024\\\/12\\\/buyads-fav.jpg\",\"contentUrl\":\"https:\\\/\\\/buyadsaccounts.net\\\/wp-content\\\/uploads\\\/2024\\\/12\\\/buyads-fav.jpg\",\"width\":512,\"height\":512,\"caption\":\"Buy Google Ads Accounts\"},\"image\":{\"@id\":\"https:\\\/\\\/buyadsaccounts.net\\\/#\\\/schema\\\/logo\\\/image\\\/\"}}]}<\/script>\n<!-- \/ Yoast SEO Premium plugin. -->","yoast_head_json":{"title":"Kup konta do fakturowania Google Ads - fakturowanie miesi\u0119czne","description":"Kup konta do fakturowania Google Ads z zatwierdzon\u0105 lini\u0105 kredytow\u0105. Zatwierdzone konto Google Ads z w\u0142\u0105czonym i zweryfikowanym miesi\u0119cznym fakturowaniem. Natychmiastowe publikowanie reklam.","robots":{"index":"index","follow":"follow","max-snippet":"max-snippet:-1","max-image-preview":"max-image-preview:large","max-video-preview":"max-video-preview:-1"},"canonical":"https:\/\/buyadsaccounts.net\/pl\/gads\/kup-konto-do-fakturowania-reklam-google\/","og_locale":"pl_PL","og_type":"article","og_title":"Buy Google Ads Invoicing Accounts","og_description":"Buy Google Ads Invoicing Accounts with credit line approved. Approved Google Ads account with monthly invoicing enabled and verified. Publish Ads Instantly.","og_url":"https:\/\/buyadsaccounts.net\/pl\/gads\/kup-konto-do-fakturowania-reklam-google\/","og_site_name":"BuyAdsAccounts","article_modified_time":"2026-02-01T17:28:34+00:00","og_image":[{"width":1200,"height":630,"url":"https:\/\/buyadsaccounts.net\/wp-content\/uploads\/2025\/01\/buy_google_ads_accounts.webp","type":"image\/webp"}],"twitter_card":"summary_large_image","twitter_image":"https:\/\/buyadsaccounts.net\/wp-content\/uploads\/2025\/01\/buy_google_ads_accounts.webp","twitter_misc":{"Szacowany czas czytania":"2 minuty"},"schema":{"@context":"https:\/\/schema.org","@graph":[{"@type":"WebPage","@id":"https:\/\/buyadsaccounts.net\/gads\/buy-google-ads-invoicing-account\/","url":"https:\/\/buyadsaccounts.net\/gads\/buy-google-ads-invoicing-account\/","name":"Kup konta do fakturowania Google Ads - fakturowanie miesi\u0119czne","isPartOf":{"@id":"https:\/\/buyadsaccounts.net\/#website"},"primaryImageOfPage":{"@id":"https:\/\/buyadsaccounts.net\/gads\/buy-google-ads-invoicing-account\/#primaryimage"},"image":{"@id":"https:\/\/buyadsaccounts.net\/gads\/buy-google-ads-invoicing-account\/#primaryimage"},"thumbnailUrl":"https:\/\/buyadsaccounts.net\/wp-content\/uploads\/2021\/07\/google-ads-accounts-logo.png","datePublished":"2023-12-15T10:56:24+00:00","dateModified":"2026-02-01T17:28:34+00:00","description":"Kup konta do fakturowania Google Ads z zatwierdzon\u0105 lini\u0105 kredytow\u0105. Zatwierdzone konto Google Ads z w\u0142\u0105czonym i zweryfikowanym miesi\u0119cznym fakturowaniem. Natychmiastowe publikowanie reklam.","breadcrumb":{"@id":"https:\/\/buyadsaccounts.net\/gads\/buy-google-ads-invoicing-account\/#breadcrumb"},"inLanguage":"pl-PL","potentialAction":[{"@type":"ReadAction","target":["https:\/\/buyadsaccounts.net\/gads\/buy-google-ads-invoicing-account\/"]}]},{"@type":"ImageObject","inLanguage":"pl-PL","@id":"https:\/\/buyadsaccounts.net\/gads\/buy-google-ads-invoicing-account\/#primaryimage","url":"https:\/\/buyadsaccounts.net\/wp-content\/uploads\/2021\/07\/google-ads-accounts-logo.png","contentUrl":"https:\/\/buyadsaccounts.net\/wp-content\/uploads\/2021\/07\/google-ads-accounts-logo.png","width":512,"height":512},{"@type":"BreadcrumbList","@id":"https:\/\/buyadsaccounts.net\/gads\/buy-google-ads-invoicing-account\/#breadcrumb","itemListElement":[{"@type":"ListItem","position":1,"name":"Home","item":"https:\/\/buyadsaccounts.net\/"},{"@type":"ListItem","position":2,"name":"Shop","item":"https:\/\/buyadsaccounts.net\/ar\/%d9%85%d8%aa%d8%ac%d8%b1\/"},{"@type":"ListItem","position":3,"name":"Buy Google Ads Invoicing Accounts"}]},{"@type":"WebSite","@id":"https:\/\/buyadsaccounts.net\/#website","url":"https:\/\/buyadsaccounts.net\/","name":"BuyAdsAccounts","description":"","publisher":{"@id":"https:\/\/buyadsaccounts.net\/#organization"},"potentialAction":[{"@type":"SearchAction","target":{"@type":"EntryPoint","urlTemplate":"https:\/\/buyadsaccounts.net\/?s={search_term_string}"},"query-input":{"@type":"PropertyValueSpecification","valueRequired":true,"valueName":"search_term_string"}}],"inLanguage":"pl-PL"},{"@type":"Organization","@id":"https:\/\/buyadsaccounts.net\/#organization","name":"Kup konta Google Ads","url":"https:\/\/buyadsaccounts.net\/","logo":{"@type":"ImageObject","inLanguage":"pl-PL","@id":"https:\/\/buyadsaccounts.net\/#\/schema\/logo\/image\/","url":"https:\/\/buyadsaccounts.net\/wp-content\/uploads\/2024\/12\/buyads-fav.jpg","contentUrl":"https:\/\/buyadsaccounts.net\/wp-content\/uploads\/2024\/12\/buyads-fav.jpg","width":512,"height":512,"caption":"Buy Google Ads Accounts"},"image":{"@id":"https:\/\/buyadsaccounts.net\/#\/schema\/logo\/image\/"}}]}},"wcpa_form_fields":{"wcpaData":{"product":{"product_price":0,"price_html":"<span class=\"woocommerce-Price-amount amount\"><bdi>0<span class=\"woocommerce-Price-currencySymbol\">&#36;<\/span><\/bdi><\/span>","original_product_price":0,"price_including_tax":0,"price_excluding_tax":0,"product_id":{"parent":4595,"variation":false},"is_variable":false,"stock_status":"instock","stock_quantity":null,"parent_sku":"","product_attributes":[],"custom_fields":[],"is_taxable":false,"product_name":"Buy Google Ads Invoicing Accounts","hasImage":false},"fields":{"sec_2695e652f6d8b2":{"extra":{"key":"sec_2695e652f6d8b2","section_id":"sec_2695e652f6d8b2","name":"Default","status":1,"cl_rule":"show","enableCl":false,"relations":[],"toggle":true,"title_tag":"h3","show_title":false,"showPrice":"default","form_id":4596,"form_rules":{"exclude_from_discount":false,"fee_label":"Fee","disp_hide_options_price":false,"disp_show_section_price":false,"disp_show_field_price":true,"layout_option":"standard","pric_use_as_fee":false,"process_fee_as":"woo_fee"},"layout_option":"standard"},"fields":[[{"type":"checkbox-group","required":true,"elementId":"wcpa-checkbox-group-1643471137938","label":"Account Options","description":"Year - Currency - Limit - Price","enablePrice":true,"priceOptions":"different_for_all","pricingType":"fixed","price":"100","name":"checkbox-group-1643471137938","min_options":"1","other_text":"Other","cl_rule":"show","col":6,"values":[{"label":"2022 USD Account - 12.000$ Credit","value":"usd-account-buy55","price":"900","pimage":"","pimage_id":"","pthumb":"","tempId":"aco_602","gt_translate_keys":["label"]},{"label":"2023 EUR Account - 8000$ Credit","value":"eur-account-buy55","price":"650","pimage":"","pimage_id":"","pthumb":"","tempId":"aco_603","gt_translate_keys":["label"]},{"label":"2023 USD Account - 6500$ Credit","value":"usd-2023-credit","price":"500","pimage":"","pimage_id":"","pthumb":"","tempId":"aco_604","gt_translate_keys":["label"]}],"relations":false,"active":true,"tooltip":"","layOut":"","isWeightTemplate":false,"error":false,"isTemplate":false,"checkUi":"","min_quantity":"1","quantity_decimal":false,"quantity_step":"1","quantity_label":"Quantity","repeater_field_label":"{field_label}","repeater_bind":"","gt_translate_keys":["label","description","tooltip","repeater_field_label","quantity_label"],"price_dependency":false,"cl_dependency":false,"value":""}],[{"type":"checkbox-group","elementId":"wcpa-checkbox-group-1702402170666","label":"Extra Services","enablePrice":true,"priceOptions":"different_for_all","pricingType":"fixed","price":"100","name":"checkbox-group-1702402170665","min_options":"1","other_text":"Other","cl_rule":"show","col":6,"values":[{"label":"Cloaking ( Crypto, IPTV, Gambling, Casino, Affiliate)","value":"blak-cat","price":"100","pimage":"","pimage_id":"","pthumb":"","tempId":"aco_263","gt_translate_keys":["label"]},{"label":"Ads Manager ","value":"campsi","price":"100","pimage":"","pimage_id":"","pthumb":"","tempId":"aco_264","gt_translate_keys":["label"]},{"label":"Premium Warranty","value":"premwar","selected":false,"tempId":"aco_19","price":"1500","gt_translate_keys":["label"]}],"relations":false,"active":true,"tooltip":"<a href=\"https:\/\/help.buyadsaccounts.net\/hc\/helpcenter\/articles\/1754560957-additional-options\" target=\"blank\">Read More<\/a>","layOut":"","isWeightTemplate":false,"error":false,"isTemplate":false,"checkUi":"","min_quantity":"1","quantity_decimal":false,"quantity_step":"1","quantity_label":"Quantity","repeater_field_label":"{field_label}","repeater_bind":"","gt_translate_keys":["label","tooltip","repeater_field_label","quantity_label"],"price_dependency":false,"cl_dependency":["wcpa-checkbox-group-1711017530961","wcpa-checkbox-group-1711017600957"],"value":""}],[{"type":"checkbox-group","required":true,"elementId":"wcpa-checkbox-group-1711017530961","label":"Cloaking - How many URLs?","description":"Price per URL","enablePrice":true,"priceOptions":"different_for_all","pricingType":"fixed","price":"100","name":"checkbox-group-1711017530960","min_options":"1","max_options":"1","other_text":"Other","enableCl":true,"cl_rule":"show","cl_val":"bharsd","col":6,"values":[{"label":"1 URL","value":"bgt","price":"0","pimage":"","pimage_id":"","pthumb":"","gt_translate_keys":["label"]},{"label":"2 URLs","value":"gkr","price":"100","pimage":"","pimage_id":"","pthumb":"","gt_translate_keys":["label"]},{"label":"3 URLs","value":"asff","price":"200","pimage":"","pimage_id":"","pthumb":"","gt_translate_keys":["label"]},{"label":"5 URLs","value":"bfe","price":"350","pimage":"","pimage_id":"","pthumb":"","gt_translate_keys":["label"]},{"label":"10 URLs","value":"dsa","price":"700","pimage":"","pimage_id":"","pthumb":"","gt_translate_keys":["label"]}],"relations":[{"operator":false,"rules":[{"operator":false,"rules":{"cl_field":"wcpa-checkbox-group-1702402170666","cl_relation":"is","cl_val":"bharsd"}}]}],"active":true,"tooltip":"","layOut":"","gt_translate_keys":["label","description","tooltip"],"price_dependency":false,"cl_dependency":false,"value":""}],[{"type":"checkbox-group","required":true,"elementId":"wcpa-checkbox-group-1711017600957","label":"Ads Manager - How many ADS?","description":"Price per AD","enablePrice":true,"priceOptions":"different_for_all","pricingType":"fixed","price":"100","name":"checkbox-group-1711017600956","min_options":"1","max_options":"1","other_text":"Other","enableCl":true,"cl_rule":"show","cl_val":"campsi","col":6,"values":[{"label":"1 Ad","value":"bgt","price":"0","pimage":"","pimage_id":"","pthumb":"","gt_translate_keys":["label"]},{"label":"2 Ads","value":"gkr","price":"100","pimage":"","pimage_id":"","pthumb":"","gt_translate_keys":["label"]},{"label":"3 Ads","value":"asff","price":"200","pimage":"","pimage_id":"","pthumb":"","gt_translate_keys":["label"]},{"label":"5 Ads","value":"bfe","price":"350","pimage":"","pimage_id":"","pthumb":"","gt_translate_keys":["label"]},{"label":"10 Ads","value":"dsa","price":"700","pimage":"","pimage_id":"","pthumb":"","gt_translate_keys":["label"]}],"relations":[{"operator":false,"rules":[{"operator":false,"rules":{"cl_field":"wcpa-checkbox-group-1702402170666","cl_relation":"is","cl_val":"campsi"}}]}],"active":true,"tooltip":"","layOut":"","error":false,"gt_translate_keys":["label","description","tooltip"],"price_dependency":false,"cl_dependency":false,"value":""}]]}},"config":{"price_override":"","enable_recaptcha":false,"bind_quantity":false,"quantity_bind_formula":false,"disp_summ_show_option_price":false,"disp_summ_show_product_price":false,"disp_summ_show_total_price":true,"disp_summ_show_fee":false,"disp_summ_show_discount":false,"summary_title":"","options_total_label":"Options Price","total_label":"Total","options_product_label":"Product Price","fee_label":"Fee","discount_label":"Discount","has_price":true,"has_quantity_formula":false},"mc_unit":1,"tax_rate":1,"tax_rate_real":1,"discount":{"percentage":0,"fixed":0},"design":{"conf":{"LabelPosition":"above","DescPosition":"above","UploadField":"custom_1","QuantityFieldStyle":"default"},"css":{"LeftLabelWidth":"120px"}},"formulas":[],"lookuptables":[],"clones":false,"cartKey":false}},"_links":{"self":[{"href":"https:\/\/buyadsaccounts.net\/pl\/wp-json\/wp\/v2\/product\/4595","targetHints":{"allow":["GET"]}}],"collection":[{"href":"https:\/\/buyadsaccounts.net\/pl\/wp-json\/wp\/v2\/product"}],"about":[{"href":"https:\/\/buyadsaccounts.net\/pl\/wp-json\/wp\/v2\/types\/product"}],"version-history":[{"count":1,"href":"https:\/\/buyadsaccounts.net\/pl\/wp-json\/wp\/v2\/product\/4595\/revisions"}],"predecessor-version":[{"id":9541,"href":"https:\/\/buyadsaccounts.net\/pl\/wp-json\/wp\/v2\/product\/4595\/revisions\/9541"}],"wp:featuredmedia":[{"embeddable":true,"href":"https:\/\/buyadsaccounts.net\/pl\/wp-json\/wp\/v2\/media\/4404"}],"wp:attachment":[{"href":"https:\/\/buyadsaccounts.net\/pl\/wp-json\/wp\/v2\/media?parent=4595"}],"wp:term":[{"taxonomy":"product_brand","embeddable":true,"href":"https:\/\/buyadsaccounts.net\/pl\/wp-json\/wp\/v2\/product_brand?post=4595"},{"taxonomy":"product_cat","embeddable":true,"href":"https:\/\/buyadsaccounts.net\/pl\/wp-json\/wp\/v2\/product_cat?post=4595"},{"taxonomy":"product_tag","embeddable":true,"href":"https:\/\/buyadsaccounts.net\/pl\/wp-json\/wp\/v2\/product_tag?post=4595"}],"curies":[{"name":"wp","href":"https:\/\/api.w.org\/{rel}","templated":true}]}}