{"id":3393,"date":"2022-08-30T15:28:57","date_gmt":"2022-08-30T13:28:57","guid":{"rendered":"https:\/\/rentaccounts.net\/?post_type=product&#038;p=3393"},"modified":"2026-02-03T22:53:40","modified_gmt":"2026-02-03T22:53:40","slug":"konto-microsoft-ads-bing","status":"publish","type":"product","link":"https:\/\/buyadsaccounts.net\/pl\/gads\/konto-microsoft-ads-bing\/","title":{"rendered":"Kup konto Microsoft Ads"},"content":{"rendered":"<h2>Korzy\u015bci z zakupu kont Microsoft Ads<\/h2>\n<p>Chcesz zwi\u0119kszy\u0107 swoje wysi\u0142ki w zakresie reklamy online? Microsoft Ads to pot\u0119\u017cna platforma, kt\u00f3ra mo\u017ce pom\u00f3c dotrze\u0107 do szerszego grona odbiorc\u00f3w i zwi\u0119kszy\u0107 ruch w witrynie. Jednak zarz\u0105dzanie wieloma kontami Microsoft Ads mo\u017ce by\u0107 czasoch\u0142onne i trudne. To w\u0142a\u015bnie w tym przypadku zakup kont Microsoft Ads mo\u017ce zmieni\u0107 zasady gry. W tym artykule om\u00f3wimy korzy\u015bci p\u0142yn\u0105ce z zakupu kont Microsoft Ads i spos\u00f3b, w jaki mo\u017ce to zapewni\u0107 Twojej firmie przewag\u0119 konkurencyjn\u0105.<\/p>\n<h3>1. Zwi\u0119kszony zasi\u0119g<\/h3>\n<p>Kupuj\u0105c konta Microsoft Ads, mo\u017cesz zwi\u0119kszy\u0107 sw\u00f3j zasi\u0119g i dotrze\u0107 do wi\u0119kszej liczby odbiorc\u00f3w. Ka\u017cde konto ma sw\u00f3j unikalny zestaw danych demograficznych i zainteresowa\u0144, co pozwala dostosowa\u0107 reklamy do okre\u015blonych segment\u00f3w klient\u00f3w. Posiadaj\u0105c wiele kont, mo\u017cesz prowadzi\u0107 r\u00f3\u017cne kampanie jednocze\u015bnie, maksymalizuj\u0105c swoj\u0105 ekspozycj\u0119 i zwi\u0119kszaj\u0105c szanse na dotarcie do potencjalnych klient\u00f3w.<\/p>\n<h3>2. Lepsza wydajno\u015b\u0107 reklam<\/h3>\n<p>Kupuj\u0105c konta Microsoft Ads, uzyskujesz dost\u0119p do kont, kt\u00f3re zosta\u0142y ju\u017c utworzone i maj\u0105 histori\u0119 udanych wynik\u00f3w reklamowych. Konta te zbudowa\u0142y wiarygodno\u015b\u0107 i zaufanie w firmie Microsoft, co mo\u017ce pozytywnie wp\u0142yn\u0105\u0107 na skuteczno\u015b\u0107 reklam. Mo\u017cesz wykorzysta\u0107 istniej\u0105c\u0105 reputacj\u0119 tych kont, aby poprawi\u0107 wynik jako\u015bci reklam i zwi\u0119kszy\u0107 szanse na wy\u015bwietlanie reklam docelowym odbiorcom.<\/p>\n<h3>3. Oszcz\u0119dno\u015b\u0107 czasu i wysi\u0142ku<\/h3>\n<p>Zarz\u0105dzanie wieloma kontami Microsoft Ads mo\u017ce by\u0107 czasoch\u0142onne i wymaga\u0107 znacznego wysi\u0142ku. Kupuj\u0105c wcze\u015bniej istniej\u0105ce konta, mo\u017cna zaoszcz\u0119dzi\u0107 sobie k\u0142opot\u00f3w zwi\u0105zanych z tworzeniem nowych kont i zarz\u0105dzaniem nimi od podstaw. Pozwala to skupi\u0107 czas i energi\u0119 na innych wa\u017cnych aspektach dzia\u0142alno\u015bci, takich jak optymalizacja kampanii reklamowych i analiza wynik\u00f3w.<\/p>\n<h3>4. Przewaga konkurencyjna<\/h3>\n<p>Zakup kont Microsoft Ads mo\u017ce zapewni\u0107 przewag\u0119 konkurencyjn\u0105 w \u015brodowisku reklam online. Dzi\u0119ki wielu kontom mo\u017cesz uruchamia\u0107 r\u00f3\u017cne warianty reklam i testowa\u0107 r\u00f3\u017cne strategie, aby zobaczy\u0107, co dzia\u0142a najlepiej dla Twojej firmy. Ta elastyczno\u015b\u0107 pozwala wyprzedzi\u0107 konkurencj\u0119 i dostosowa\u0107 podej\u015bcie reklamowe w oparciu o dane i spostrze\u017cenia w czasie rzeczywistym.<\/p>\n<h3>5. Ekonomiczne rozwi\u0105zanie<\/h3>\n<p>Kiedy <strong>kupowa\u0107 konta Microsoft Ads<\/strong>, Zasadniczo inwestujesz w op\u0142acalne rozwi\u0105zanie reklamowe. Zamiast wydawa\u0107 znaczne kwoty na tworzenie i optymalizacj\u0119 nowych kont, mo\u017cna zakupi\u0107 istniej\u0105ce konta za u\u0142amek koszt\u00f3w. Mo\u017ce to przynie\u015b\u0107 znaczne oszcz\u0119dno\u015bci, zw\u0142aszcza dla firm z ograniczonym bud\u017cetem reklamowym.<\/p>\n<p>Zakup kont Microsoft Ads mo\u017ce by\u0107 m\u0105drym posuni\u0119ciem dla firm, kt\u00f3re chc\u0105 usprawni\u0107 swoje dzia\u0142ania reklamowe online. Dzi\u0119ki zwi\u0119kszonemu zasi\u0119gowi, lepszej wydajno\u015bci reklam, oszcz\u0119dno\u015bci czasu i wysi\u0142ku, przewadze konkurencyjnej i op\u0142acalnym rozwi\u0105zaniom, zakup wcze\u015bniej istniej\u0105cych kont mo\u017ce da\u0107 Twojej firmie impuls, kt\u00f3rego potrzebuje, aby odnie\u015b\u0107 sukces w bran\u017cy marketingu cyfrowego. Po co wi\u0119c czeka\u0107? Zacznij odkrywa\u0107 korzy\u015bci p\u0142yn\u0105ce z zakupu kont Microsoft Ads i wznie\u015b swoje kampanie reklamowe na nowy poziom.<\/p>","protected":false},"excerpt":{"rendered":"<p>Are you looking for a Microsoft Ads account to run your campaigns on Bing, AOL, and Yahoo (and more). We can provide you a fully verified Microsoft (Bing) Ads account.<\/p>","protected":false},"featured_media":3395,"template":"","meta":{"_acf_changed":false,"_glsr_average":4.9,"_glsr_ranking":4.68125,"_glsr_reviews":54},"product_brand":[],"product_cat":[161],"product_tag":[],"class_list":{"0":"post-3393","1":"product","2":"type-product","3":"status-publish","4":"has-post-thumbnail","6":"product_cat-microsoft-bing-ads-accounts","7":"wcpa_has_options","9":"first","10":"instock","11":"purchasable","12":"product-type-simple"},"acf":[],"yoast_head":"<!-- This site is optimized with the Yoast SEO Premium plugin v26.7 (Yoast SEO v27.4) - https:\/\/yoast.com\/product\/yoast-seo-premium-wordpress\/ -->\n<title>Buy Microsoft Ads Accounts - Advertise on Bing, AOL, Yahoo<\/title>\n<meta name=\"description\" content=\"Buy Microsoft Bing Ads accounts. Premium accounts ready to publish campaigns instantly. Advertise on Microsoft Ads with our accounts.\" \/>\n<meta name=\"robots\" content=\"index, follow, max-snippet:-1, max-image-preview:large, max-video-preview:-1\" \/>\n<link rel=\"canonical\" href=\"https:\/\/buyadsaccounts.net\/pl\/gads\/konto-microsoft-ads-bing\/\" \/>\n<meta property=\"og:locale\" content=\"pl_PL\" \/>\n<meta property=\"og:type\" content=\"article\" \/>\n<meta property=\"og:title\" content=\"Buy Microsoft Ads Account\" \/>\n<meta property=\"og:description\" content=\"Buy Microsoft Bing Ads accounts. Premium accounts ready to publish campaigns instantly. Advertise on Microsoft Ads with our accounts.\" \/>\n<meta property=\"og:url\" content=\"https:\/\/buyadsaccounts.net\/pl\/gads\/konto-microsoft-ads-bing\/\" \/>\n<meta property=\"og:site_name\" content=\"BuyAdsAccounts\" \/>\n<meta property=\"article:modified_time\" content=\"2026-02-03T22:53:40+00:00\" \/>\n<meta property=\"og:image\" content=\"https:\/\/buyadsaccounts.net\/wp-content\/uploads\/2022\/08\/microsoft-ads-bing-ads-accounts.jpg\" \/>\n\t<meta property=\"og:image:width\" content=\"600\" \/>\n\t<meta property=\"og:image:height\" content=\"600\" \/>\n\t<meta property=\"og:image:type\" content=\"image\/jpeg\" \/>\n<meta name=\"twitter:card\" content=\"summary_large_image\" \/>\n<meta name=\"twitter:label1\" content=\"Szacowany czas czytania\" \/>\n\t<meta name=\"twitter:data1\" content=\"3 minuty\" \/>\n<script type=\"application\/ld+json\" class=\"yoast-schema-graph\">{\"@context\":\"https:\\\/\\\/schema.org\",\"@graph\":[{\"@type\":\"WebPage\",\"@id\":\"https:\\\/\\\/buyadsaccounts.net\\\/gads\\\/microsoft-ads-account-bing\\\/\",\"url\":\"https:\\\/\\\/buyadsaccounts.net\\\/gads\\\/microsoft-ads-account-bing\\\/\",\"name\":\"Buy Microsoft Ads Accounts - Advertise on Bing, AOL, Yahoo\",\"isPartOf\":{\"@id\":\"https:\\\/\\\/buyadsaccounts.net\\\/#website\"},\"primaryImageOfPage\":{\"@id\":\"https:\\\/\\\/buyadsaccounts.net\\\/gads\\\/microsoft-ads-account-bing\\\/#primaryimage\"},\"image\":{\"@id\":\"https:\\\/\\\/buyadsaccounts.net\\\/gads\\\/microsoft-ads-account-bing\\\/#primaryimage\"},\"thumbnailUrl\":\"https:\\\/\\\/buyadsaccounts.net\\\/wp-content\\\/uploads\\\/2022\\\/08\\\/microsoft-ads-bing-ads-accounts.jpg\",\"datePublished\":\"2022-08-30T13:28:57+00:00\",\"dateModified\":\"2026-02-03T22:53:40+00:00\",\"description\":\"Buy Microsoft Bing Ads accounts. Premium accounts ready to publish campaigns instantly. Advertise on Microsoft Ads with our accounts.\",\"breadcrumb\":{\"@id\":\"https:\\\/\\\/buyadsaccounts.net\\\/gads\\\/microsoft-ads-account-bing\\\/#breadcrumb\"},\"inLanguage\":\"pl-PL\",\"potentialAction\":[{\"@type\":\"ReadAction\",\"target\":[\"https:\\\/\\\/buyadsaccounts.net\\\/gads\\\/microsoft-ads-account-bing\\\/\"]}]},{\"@type\":\"ImageObject\",\"inLanguage\":\"pl-PL\",\"@id\":\"https:\\\/\\\/buyadsaccounts.net\\\/gads\\\/microsoft-ads-account-bing\\\/#primaryimage\",\"url\":\"https:\\\/\\\/buyadsaccounts.net\\\/wp-content\\\/uploads\\\/2022\\\/08\\\/microsoft-ads-bing-ads-accounts.jpg\",\"contentUrl\":\"https:\\\/\\\/buyadsaccounts.net\\\/wp-content\\\/uploads\\\/2022\\\/08\\\/microsoft-ads-bing-ads-accounts.jpg\",\"width\":600,\"height\":600},{\"@type\":\"BreadcrumbList\",\"@id\":\"https:\\\/\\\/buyadsaccounts.net\\\/gads\\\/microsoft-ads-account-bing\\\/#breadcrumb\",\"itemListElement\":[{\"@type\":\"ListItem\",\"position\":1,\"name\":\"Home\",\"item\":\"https:\\\/\\\/buyadsaccounts.net\\\/\"},{\"@type\":\"ListItem\",\"position\":2,\"name\":\"Shop\",\"item\":\"https:\\\/\\\/buyadsaccounts.net\\\/ar\\\/%d9%85%d8%aa%d8%ac%d8%b1\\\/\"},{\"@type\":\"ListItem\",\"position\":3,\"name\":\"Buy Microsoft Ads Account\"}]},{\"@type\":\"WebSite\",\"@id\":\"https:\\\/\\\/buyadsaccounts.net\\\/#website\",\"url\":\"https:\\\/\\\/buyadsaccounts.net\\\/\",\"name\":\"BuyAdsAccounts\",\"description\":\"\",\"publisher\":{\"@id\":\"https:\\\/\\\/buyadsaccounts.net\\\/#organization\"},\"potentialAction\":[{\"@type\":\"SearchAction\",\"target\":{\"@type\":\"EntryPoint\",\"urlTemplate\":\"https:\\\/\\\/buyadsaccounts.net\\\/?s={search_term_string}\"},\"query-input\":{\"@type\":\"PropertyValueSpecification\",\"valueRequired\":true,\"valueName\":\"search_term_string\"}}],\"inLanguage\":\"pl-PL\"},{\"@type\":\"Organization\",\"@id\":\"https:\\\/\\\/buyadsaccounts.net\\\/#organization\",\"name\":\"Buy Google Ads Accounts\",\"url\":\"https:\\\/\\\/buyadsaccounts.net\\\/\",\"logo\":{\"@type\":\"ImageObject\",\"inLanguage\":\"pl-PL\",\"@id\":\"https:\\\/\\\/buyadsaccounts.net\\\/#\\\/schema\\\/logo\\\/image\\\/\",\"url\":\"https:\\\/\\\/buyadsaccounts.net\\\/wp-content\\\/uploads\\\/2024\\\/12\\\/buyads-fav.jpg\",\"contentUrl\":\"https:\\\/\\\/buyadsaccounts.net\\\/wp-content\\\/uploads\\\/2024\\\/12\\\/buyads-fav.jpg\",\"width\":512,\"height\":512,\"caption\":\"Buy Google Ads Accounts\"},\"image\":{\"@id\":\"https:\\\/\\\/buyadsaccounts.net\\\/#\\\/schema\\\/logo\\\/image\\\/\"}}]}<\/script>\n<!-- \/ Yoast SEO Premium plugin. -->","yoast_head_json":{"title":"Kup konta Microsoft Ads - reklamuj si\u0119 w Bing, AOL, Yahoo","description":"Kup konta Microsoft Bing Ads. Konta Premium gotowe do natychmiastowego publikowania kampanii. Reklamuj si\u0119 w Microsoft Ads za pomoc\u0105 naszych kont.","robots":{"index":"index","follow":"follow","max-snippet":"max-snippet:-1","max-image-preview":"max-image-preview:large","max-video-preview":"max-video-preview:-1"},"canonical":"https:\/\/buyadsaccounts.net\/pl\/gads\/konto-microsoft-ads-bing\/","og_locale":"pl_PL","og_type":"article","og_title":"Buy Microsoft Ads Account","og_description":"Buy Microsoft Bing Ads accounts. Premium accounts ready to publish campaigns instantly. Advertise on Microsoft Ads with our accounts.","og_url":"https:\/\/buyadsaccounts.net\/pl\/gads\/konto-microsoft-ads-bing\/","og_site_name":"BuyAdsAccounts","article_modified_time":"2026-02-03T22:53:40+00:00","og_image":[{"width":600,"height":600,"url":"https:\/\/buyadsaccounts.net\/wp-content\/uploads\/2022\/08\/microsoft-ads-bing-ads-accounts.jpg","type":"image\/jpeg"}],"twitter_card":"summary_large_image","twitter_misc":{"Szacowany czas czytania":"3 minuty"},"schema":{"@context":"https:\/\/schema.org","@graph":[{"@type":"WebPage","@id":"https:\/\/buyadsaccounts.net\/gads\/microsoft-ads-account-bing\/","url":"https:\/\/buyadsaccounts.net\/gads\/microsoft-ads-account-bing\/","name":"Kup konta Microsoft Ads - reklamuj si\u0119 w Bing, AOL, Yahoo","isPartOf":{"@id":"https:\/\/buyadsaccounts.net\/#website"},"primaryImageOfPage":{"@id":"https:\/\/buyadsaccounts.net\/gads\/microsoft-ads-account-bing\/#primaryimage"},"image":{"@id":"https:\/\/buyadsaccounts.net\/gads\/microsoft-ads-account-bing\/#primaryimage"},"thumbnailUrl":"https:\/\/buyadsaccounts.net\/wp-content\/uploads\/2022\/08\/microsoft-ads-bing-ads-accounts.jpg","datePublished":"2022-08-30T13:28:57+00:00","dateModified":"2026-02-03T22:53:40+00:00","description":"Kup konta Microsoft Bing Ads. Konta Premium gotowe do natychmiastowego publikowania kampanii. Reklamuj si\u0119 w Microsoft Ads za pomoc\u0105 naszych kont.","breadcrumb":{"@id":"https:\/\/buyadsaccounts.net\/gads\/microsoft-ads-account-bing\/#breadcrumb"},"inLanguage":"pl-PL","potentialAction":[{"@type":"ReadAction","target":["https:\/\/buyadsaccounts.net\/gads\/microsoft-ads-account-bing\/"]}]},{"@type":"ImageObject","inLanguage":"pl-PL","@id":"https:\/\/buyadsaccounts.net\/gads\/microsoft-ads-account-bing\/#primaryimage","url":"https:\/\/buyadsaccounts.net\/wp-content\/uploads\/2022\/08\/microsoft-ads-bing-ads-accounts.jpg","contentUrl":"https:\/\/buyadsaccounts.net\/wp-content\/uploads\/2022\/08\/microsoft-ads-bing-ads-accounts.jpg","width":600,"height":600},{"@type":"BreadcrumbList","@id":"https:\/\/buyadsaccounts.net\/gads\/microsoft-ads-account-bing\/#breadcrumb","itemListElement":[{"@type":"ListItem","position":1,"name":"Home","item":"https:\/\/buyadsaccounts.net\/"},{"@type":"ListItem","position":2,"name":"Shop","item":"https:\/\/buyadsaccounts.net\/ar\/%d9%85%d8%aa%d8%ac%d8%b1\/"},{"@type":"ListItem","position":3,"name":"Buy Microsoft Ads Account"}]},{"@type":"WebSite","@id":"https:\/\/buyadsaccounts.net\/#website","url":"https:\/\/buyadsaccounts.net\/","name":"BuyAdsAccounts","description":"","publisher":{"@id":"https:\/\/buyadsaccounts.net\/#organization"},"potentialAction":[{"@type":"SearchAction","target":{"@type":"EntryPoint","urlTemplate":"https:\/\/buyadsaccounts.net\/?s={search_term_string}"},"query-input":{"@type":"PropertyValueSpecification","valueRequired":true,"valueName":"search_term_string"}}],"inLanguage":"pl-PL"},{"@type":"Organization","@id":"https:\/\/buyadsaccounts.net\/#organization","name":"Kup konta Google Ads","url":"https:\/\/buyadsaccounts.net\/","logo":{"@type":"ImageObject","inLanguage":"pl-PL","@id":"https:\/\/buyadsaccounts.net\/#\/schema\/logo\/image\/","url":"https:\/\/buyadsaccounts.net\/wp-content\/uploads\/2024\/12\/buyads-fav.jpg","contentUrl":"https:\/\/buyadsaccounts.net\/wp-content\/uploads\/2024\/12\/buyads-fav.jpg","width":512,"height":512,"caption":"Buy Google Ads Accounts"},"image":{"@id":"https:\/\/buyadsaccounts.net\/#\/schema\/logo\/image\/"}}]}},"wcpa_form_fields":{"wcpaData":{"product":{"product_price":0,"price_html":"<span class=\"woocommerce-Price-amount amount\"><bdi>0<span class=\"woocommerce-Price-currencySymbol\">&#36;<\/span><\/bdi><\/span>","original_product_price":0,"price_including_tax":0,"price_excluding_tax":0,"product_id":{"parent":3393,"variation":false},"is_variable":false,"stock_status":"instock","stock_quantity":null,"parent_sku":"","product_attributes":[],"custom_fields":[],"is_taxable":false,"product_name":"Buy Microsoft Ads Account","hasImage":false},"fields":{"sec_8695e94419315c":{"extra":{"key":"sec_8695e94419315c","section_id":"sec_8695e94419315c","name":"Default","status":1,"cl_rule":"show","enableCl":false,"relations":[],"toggle":true,"title_tag":"h3","show_title":false,"showPrice":"default","form_id":3396,"form_rules":{"exclude_from_discount":false,"fee_label":"Fee","disp_hide_options_price":false,"disp_show_section_price":false,"disp_show_field_price":true,"layout_option":"standard","pric_use_as_fee":false,"process_fee_as":"woo_fee"},"layout_option":"standard"},"fields":[[{"type":"checkbox-group","required":true,"elementId":"wcpa-checkbox-group-1643471137938","label":"Account Options","enablePrice":true,"priceOptions":"different_for_all","pricingType":"fixed","price":"100","name":"checkbox-group-1643471137938","min_options":"1","other_text":"Other","cl_rule":"show","col":6,"values":[{"label":"2022 USD Account","value":"uk-new-no-spent","price":"200","pimage":"","pimage_id":"","pthumb":"","gt_translate_keys":["label"]},{"label":"2023 EUR Account","value":"uk-6-4k","price":"200","pimage":"","pimage_id":"","pthumb":"","gt_translate_keys":["label"]},{"label":"2023 GBP Account","value":"uk-2030-4000","price":"200","pimage":"","pimage_id":"","pthumb":"","gt_translate_keys":["label"]}],"relations":false,"active":true,"tooltip":"","layOut":"inline","isWeightTemplate":false,"error":false,"isTemplate":false,"checkUi":"","min_quantity":"1","quantity_decimal":false,"quantity_step":"1","quantity_label":"Quantity","repeater_field_label":"{field_label}","repeater_bind":"","gt_translate_keys":["label","tooltip","repeater_field_label","quantity_label"],"price_dependency":false,"cl_dependency":false,"value":""}],[{"type":"checkbox-group","elementId":"wcpa-checkbox-group-1708272824668","label":"Extra Services","enablePrice":true,"priceOptions":"different_for_all","pricingType":"fixed","price":"100","name":"checkbox-group-1708272824667","min_options":"1","other_text":"Other","cl_rule":"show","col":6,"values":[{"label":"Credit Card","value":"add-ccv","price":"100","pimage":"","pimage_id":"","pthumb":"","tempId":"aco_743","gt_translate_keys":["label"]},{"label":"Cloaking ( Crypto, IPTV, Gambling, Casino, Affiliate)","value":"blak-cat","price":"100","pimage":"","pimage_id":"","pthumb":"","tempId":"aco_744","gt_translate_keys":["label"]},{"label":"Ads Manager","value":"disw0","price":"100","pimage":"","pimage_id":"","pthumb":"","tempId":"aco_745","gt_translate_keys":["label"]},{"label":"Premium Proxy","value":"preprx","selected":false,"tempId":"aco_926","price":"20","gt_translate_keys":["label"]},{"label":"Premium Warranty","value":"premawa","selected":false,"tempId":"aco_807","price":"500","gt_translate_keys":["label"]}],"relations":false,"active":true,"tooltip":"<a href=\"https:\/\/help.buyadsaccounts.net\/hc\/helpcenter\/articles\/1754560957-additional-options\" target=\"blank\">Read More<\/a>","layOut":"","isWeightTemplate":false,"error":false,"isTemplate":false,"checkUi":"","min_quantity":"1","quantity_decimal":false,"quantity_step":"1","quantity_label":"Quantity","repeater_field_label":"{field_label}","repeater_bind":"","gt_translate_keys":["label","tooltip","repeater_field_label","quantity_label"],"price_dependency":false,"cl_dependency":["wcpa-checkbox-group-1711017105381","wcpa-checkbox-group-1711017186537","wcpa-number-1702422454388"],"value":""}],[{"type":"checkbox-group","required":true,"elementId":"wcpa-checkbox-group-1711017105381","label":"Cloaking - How many URLs?","description":"Price per URL","enablePrice":true,"priceOptions":"different_for_all","pricingType":"fixed","price":"100","name":"checkbox-group-1711017105380","min_options":"1","other_text":"Other","enableCl":true,"cl_rule":"show","cl_val":"blak2","col":6,"values":[{"label":"1 URL","value":"1qq","price":"0","pimage":"","pimage_id":"","pthumb":"","gt_translate_keys":["label"]},{"label":"2 URLs","value":"2aq","price":"100","pimage":"","pimage_id":"","pthumb":"","gt_translate_keys":["label"]},{"label":"3 URLs","value":"3df","price":"200","pimage":"","pimage_id":"","pthumb":"","gt_translate_keys":["label"]},{"label":"5 URLs","value":"522","price":"350","pimage":"","pimage_id":"","pthumb":"","gt_translate_keys":["label"]},{"label":"10 URLs","value":"fwe","price":"700","pimage":"","pimage_id":"","pthumb":"","gt_translate_keys":["label"]}],"relations":[{"operator":false,"rules":[{"operator":false,"rules":{"cl_field":"wcpa-checkbox-group-1708272824668","cl_relation":"is","cl_val":"blak2"}}]}],"active":true,"tooltip":"","layOut":"","gt_translate_keys":["label","description","tooltip"],"price_dependency":false,"cl_dependency":false,"value":""}],[{"type":"checkbox-group","required":true,"elementId":"wcpa-checkbox-group-1711017186537","label":"Ads Manager - How many ADS?","description":"Price per AD","enablePrice":true,"priceOptions":"different_for_all","pricingType":"fixed","price":"100","name":"checkbox-group-1711017186536","min_options":"1","other_text":"Other","enableCl":true,"cl_rule":"show","cl_val":"disw0","col":6,"values":[{"label":"1 Ad","value":"1qq","price":"0","pimage":"","pimage_id":"","pthumb":"","gt_translate_keys":["label"]},{"label":"2 Ads","value":"2aq","price":"100","pimage":"","pimage_id":"","pthumb":"","gt_translate_keys":["label"]},{"label":"3 Ads","value":"3df","price":"200","pimage":"","pimage_id":"","pthumb":"","gt_translate_keys":["label"]},{"label":"5 Ads","value":"522","price":"350","pimage":"","pimage_id":"","pthumb":"","gt_translate_keys":["label"]},{"label":"10 Ads","value":"fwe","price":"700","pimage":"","pimage_id":"","pthumb":"","gt_translate_keys":["label"]}],"relations":[{"operator":false,"rules":[{"operator":false,"rules":{"cl_field":"wcpa-checkbox-group-1708272824668","cl_relation":"is","cl_val":"disw0"}}]}],"active":true,"tooltip":"","layOut":"","gt_translate_keys":["label","description","tooltip"],"price_dependency":false,"cl_dependency":false,"value":""}],[{"type":"number","required":true,"elementId":"wcpa-number-1702422454388","label":"Add Funds to the account","description":"5% fee","enablePrice":true,"pricingType":"multiply","price":"1","min":"25","max":"50000","name":"number-1702422454388","enableCl":true,"cl_rule":"show","cl_val":"add-ccv","col":6,"relations":[{"operator":false,"rules":[{"operator":false,"rules":{"cl_field":"wcpa-checkbox-group-1708272824668","cl_relation":"is","cl_val":"add-ccv"}}]}],"active":true,"tooltip":"","error":false,"gt_translate_keys":["label","description","tooltip"],"price_dependency":false,"cl_dependency":false,"value":""}]]}},"config":{"price_override":"","enable_recaptcha":false,"bind_quantity":false,"quantity_bind_formula":false,"disp_summ_show_option_price":false,"disp_summ_show_product_price":false,"disp_summ_show_total_price":true,"disp_summ_show_fee":false,"disp_summ_show_discount":false,"summary_title":"","options_total_label":"Options Price","total_label":"Total","options_product_label":"Product Price","fee_label":"Fee","discount_label":"Discount","has_price":true,"has_quantity_formula":false},"mc_unit":1,"tax_rate":1,"tax_rate_real":1,"discount":{"percentage":0,"fixed":0},"design":{"conf":{"LabelPosition":"above","DescPosition":"above","UploadField":"custom_1","QuantityFieldStyle":"default"},"css":{"LeftLabelWidth":"120px"}},"formulas":[],"lookuptables":[],"clones":false,"cartKey":false}},"_links":{"self":[{"href":"https:\/\/buyadsaccounts.net\/pl\/wp-json\/wp\/v2\/product\/3393","targetHints":{"allow":["GET"]}}],"collection":[{"href":"https:\/\/buyadsaccounts.net\/pl\/wp-json\/wp\/v2\/product"}],"about":[{"href":"https:\/\/buyadsaccounts.net\/pl\/wp-json\/wp\/v2\/types\/product"}],"version-history":[{"count":3,"href":"https:\/\/buyadsaccounts.net\/pl\/wp-json\/wp\/v2\/product\/3393\/revisions"}],"predecessor-version":[{"id":10169,"href":"https:\/\/buyadsaccounts.net\/pl\/wp-json\/wp\/v2\/product\/3393\/revisions\/10169"}],"wp:featuredmedia":[{"embeddable":true,"href":"https:\/\/buyadsaccounts.net\/pl\/wp-json\/wp\/v2\/media\/3395"}],"wp:attachment":[{"href":"https:\/\/buyadsaccounts.net\/pl\/wp-json\/wp\/v2\/media?parent=3393"}],"wp:term":[{"taxonomy":"product_brand","embeddable":true,"href":"https:\/\/buyadsaccounts.net\/pl\/wp-json\/wp\/v2\/product_brand?post=3393"},{"taxonomy":"product_cat","embeddable":true,"href":"https:\/\/buyadsaccounts.net\/pl\/wp-json\/wp\/v2\/product_cat?post=3393"},{"taxonomy":"product_tag","embeddable":true,"href":"https:\/\/buyadsaccounts.net\/pl\/wp-json\/wp\/v2\/product_tag?post=3393"}],"curies":[{"name":"wp","href":"https:\/\/api.w.org\/{rel}","templated":true}]}}