{"id":324,"date":"2021-07-13T14:00:43","date_gmt":"2021-07-13T11:00:43","guid":{"rendered":"https:\/\/www.revohackers.net\/?post_type=product&#038;p=324"},"modified":"2026-02-04T18:16:26","modified_gmt":"2026-02-04T18:16:26","slug":"kup-konto-google-ads-2","status":"publish","type":"product","link":"https:\/\/buyadsaccounts.net\/pl\/gads\/kup-konto-google-ads-2\/","title":{"rendered":"Kup konta Google Ads"},"content":{"rendered":"<p>Google Ads to jedna z najpopularniejszych platform reklamowych online, umo\u017cliwiaj\u0105ca firmom dotarcie do docelowych odbiorc\u00f3w i kierowanie ruchu do ich witryn internetowych. Je\u015bli chcesz kupi\u0107 konta Google Ads, wa\u017cne jest, aby zrobi\u0107 to bezpiecznie i skutecznie. W tym artykule przeprowadzimy Ci\u0119 przez proces zakupu kont Google Ads i przedstawimy kilka wskaz\u00f3wek, kt\u00f3re zapewni\u0105 p\u0142ynne dzia\u0142anie.<\/p>\n<h2>Dlaczego warto kupowa\u0107 konta Google Ads?<\/h2>\n<p>Zanim zag\u0142\u0119bimy si\u0119 w szczeg\u00f3\u0142y, zrozummy, dlaczego kto\u015b chcia\u0142by kupi\u0107 konta Google Ads. Istnieje kilka powod\u00f3w, dla kt\u00f3rych firmy lub osoby prywatne mog\u0105 zdecydowa\u0107 si\u0119 na zakup istniej\u0105cych kont Google Ads:<\/p>\n<ul>\n<li>Natychmiastowy dost\u0119p do istniej\u0105cego wcze\u015bniej konta o dobrej reputacji.<\/li>\n<li>Mo\u017cliwo\u015b\u0107 pomini\u0119cia pocz\u0105tkowego procesu konfiguracji i natychmiastowego rozpocz\u0119cia wy\u015bwietlania reklam.<\/li>\n<li>Mo\u017cliwo\u015b\u0107 wykorzystania historycznych danych i wynik\u00f3w konta.<\/li>\n<\/ul>\n<h3>Wa\u017cne kwestie<\/h3>\n<p>Przed sfinalizowaniem zakupu nale\u017cy pami\u0119ta\u0107 o kilku wa\u017cnych kwestiach:<\/p>\n<ul>\n<li>Wiek i aktywno\u015b\u0107 konta: Sprawd\u017a wiek konta i poziom jego aktywno\u015bci. Starsze konta ze sp\u00f3jn\u0105 histori\u0105 wy\u015bwietlania reklam s\u0105 zazwyczaj bardziej wiarygodne.<\/li>\n<li>Reputacja konta: Szukaj kont o dobrej reputacji, poniewa\u017c mo\u017ce to pozytywnie wp\u0142yn\u0105\u0107 na skuteczno\u015b\u0107 reklam i wynik jako\u015bci.<\/li>\n<li>Proces przenoszenia konta: Zapoznanie si\u0119 z procesem przeniesienia w\u0142asno\u015bci i dost\u0119pu do konta. Upewnij si\u0119, \u017ce sprzedawca dostarczy\u0142 wszystkie niezb\u0119dne dane logowania i informacje o koncie.<\/li>\n<li>Bezpiecze\u0144stwo i ochrona: Zachowaj ostro\u017cno\u015b\u0107 w przypadku oszustw lub nieuczciwych sprzedawc\u00f3w. Unikaj udost\u0119pniania poufnych informacji i korzystaj z bezpiecznych metod p\u0142atno\u015bci dla swoich transakcji.<\/li>\n<\/ul>\n<h3>Kroki po zakupie<\/h3>\n<p>Po zakupie konta Google Ads nale\u017cy wykona\u0107 kilka krok\u00f3w, aby zapewni\u0107 p\u0142ynne przej\u015bcie:<\/p>\n<ol>\n<li>Zmiana po\u015bwiadcze\u0144 logowania: Zmie\u0144 po\u015bwiadczenia logowania do konta, aby zachowa\u0107 bezpiecze\u0144stwo i zapobiec nieautoryzowanemu dost\u0119powi.<\/li>\n<li>Sprawd\u017a ustawienia konta: Dok\u0142adnie sprawd\u017a ustawienia konta, w tym informacje rozliczeniowe, opcje kierowania i kampanie reklamowe, aby dostosowa\u0107 je do cel\u00f3w biznesowych.<\/li>\n<li>Optymalizuj i testuj: Po\u015bwi\u0119\u0107 czas na optymalizacj\u0119 reklam i testowanie r\u00f3\u017cnych strategii, aby zmaksymalizowa\u0107 zwrot z inwestycji.<\/li>\n<\/ol>\n<h3>Wnioski<\/h3>\n<p>Zakup kont Google Ads mo\u017ce by\u0107 realn\u0105 opcj\u0105 dla firm, kt\u00f3re chc\u0105 szybko rozpocz\u0105\u0107 kampanie reklamowe. Wa\u017cne jest jednak, aby podej\u015b\u0107 do tego procesu ostro\u017cnie i wybra\u0107 renomowane \u017ar\u00f3d\u0142o. Post\u0119puj\u0105c zgodnie ze wskaz\u00f3wkami i rozwa\u017caniami opisanymi w tym artykule, mo\u017cesz bezpiecznie i skutecznie kupowa\u0107 konta Google Ads i zacz\u0105\u0107 kierowa\u0107 ukierunkowany ruch do swojej witryny.<\/p>\n<p>&nbsp;<\/p>","protected":false},"excerpt":{"rendered":"<p>Prowad\u017a kampanie w wyszukiwarce i sieci reklamowej Google (Google.com, YouTube, Google Play, Google Shopping i nie tylko), korzystaj\u0105c z naszych zweryfikowanych kont Google Ads.<\/p>","protected":false},"featured_media":4404,"template":"","meta":{"_acf_changed":false,"_glsr_average":4.9,"_glsr_ranking":4.6666666666667,"_glsr_reviews":50},"product_brand":[],"product_cat":[15],"product_tag":[],"class_list":{"0":"post-324","1":"product","2":"type-product","3":"status-publish","4":"has-post-thumbnail","6":"product_cat-google-adwords-accounts","7":"wcpa_has_options","9":"first","10":"instock","11":"purchasable","12":"product-type-simple"},"acf":[],"yoast_head":"<!-- This site is optimized with the Yoast SEO Premium plugin v26.7 (Yoast SEO v27.4) - https:\/\/yoast.com\/product\/yoast-seo-premium-wordpress\/ -->\n<title>Buy Google Ads Accounts - Advertise on Google Ads<\/title>\n<meta name=\"description\" content=\"Buy Google Ads Accounts with VCC Included. Old and Aged accounts ready to publish campaigns instantly. Advertise on Google Ads with our accounts.\" \/>\n<meta name=\"robots\" content=\"index, follow, max-snippet:-1, max-image-preview:large, max-video-preview:-1\" \/>\n<link rel=\"canonical\" href=\"https:\/\/buyadsaccounts.net\/pl\/gads\/kup-konto-google-ads-2\/\" \/>\n<meta property=\"og:locale\" content=\"pl_PL\" \/>\n<meta property=\"og:type\" content=\"article\" \/>\n<meta property=\"og:title\" content=\"Buy Google Ads Accounts\" \/>\n<meta property=\"og:description\" content=\"Buy Google Ads Accounts with VCC Included. Old and Aged accounts ready to publish campaigns instantly. Advertise on Google Ads with our accounts.\" \/>\n<meta property=\"og:url\" content=\"https:\/\/buyadsaccounts.net\/pl\/gads\/kup-konto-google-ads-2\/\" \/>\n<meta property=\"og:site_name\" content=\"BuyAdsAccounts\" \/>\n<meta property=\"article:modified_time\" content=\"2026-02-04T18:16:26+00:00\" \/>\n<meta property=\"og:image\" content=\"https:\/\/buyadsaccounts.net\/wp-content\/uploads\/2021\/07\/google-ads-accounts-logo.png\" \/>\n\t<meta property=\"og:image:width\" content=\"512\" \/>\n\t<meta property=\"og:image:height\" content=\"512\" \/>\n\t<meta property=\"og:image:type\" content=\"image\/png\" \/>\n<meta name=\"twitter:card\" content=\"summary_large_image\" \/>\n<meta name=\"twitter:label1\" content=\"Szacowany czas czytania\" \/>\n\t<meta name=\"twitter:data1\" content=\"2 minuty\" \/>\n<script type=\"application\/ld+json\" class=\"yoast-schema-graph\">{\"@context\":\"https:\\\/\\\/schema.org\",\"@graph\":[{\"@type\":\"WebPage\",\"@id\":\"https:\\\/\\\/buyadsaccounts.net\\\/gads\\\/buy-google-ads-account\\\/\",\"url\":\"https:\\\/\\\/buyadsaccounts.net\\\/gads\\\/buy-google-ads-account\\\/\",\"name\":\"Buy Google Ads Accounts - Advertise on Google Ads\",\"isPartOf\":{\"@id\":\"https:\\\/\\\/buyadsaccounts.net\\\/#website\"},\"primaryImageOfPage\":{\"@id\":\"https:\\\/\\\/buyadsaccounts.net\\\/gads\\\/buy-google-ads-account\\\/#primaryimage\"},\"image\":{\"@id\":\"https:\\\/\\\/buyadsaccounts.net\\\/gads\\\/buy-google-ads-account\\\/#primaryimage\"},\"thumbnailUrl\":\"https:\\\/\\\/buyadsaccounts.net\\\/wp-content\\\/uploads\\\/2021\\\/07\\\/google-ads-accounts-logo.png\",\"datePublished\":\"2021-07-13T11:00:43+00:00\",\"dateModified\":\"2026-02-04T18:16:26+00:00\",\"description\":\"Buy Google Ads Accounts with VCC Included. Old and Aged accounts ready to publish campaigns instantly. Advertise on Google Ads with our accounts.\",\"breadcrumb\":{\"@id\":\"https:\\\/\\\/buyadsaccounts.net\\\/gads\\\/buy-google-ads-account\\\/#breadcrumb\"},\"inLanguage\":\"pl-PL\",\"potentialAction\":[{\"@type\":\"ReadAction\",\"target\":[\"https:\\\/\\\/buyadsaccounts.net\\\/gads\\\/buy-google-ads-account\\\/\"]}]},{\"@type\":\"ImageObject\",\"inLanguage\":\"pl-PL\",\"@id\":\"https:\\\/\\\/buyadsaccounts.net\\\/gads\\\/buy-google-ads-account\\\/#primaryimage\",\"url\":\"https:\\\/\\\/buyadsaccounts.net\\\/wp-content\\\/uploads\\\/2021\\\/07\\\/google-ads-accounts-logo.png\",\"contentUrl\":\"https:\\\/\\\/buyadsaccounts.net\\\/wp-content\\\/uploads\\\/2021\\\/07\\\/google-ads-accounts-logo.png\",\"width\":512,\"height\":512},{\"@type\":\"BreadcrumbList\",\"@id\":\"https:\\\/\\\/buyadsaccounts.net\\\/gads\\\/buy-google-ads-account\\\/#breadcrumb\",\"itemListElement\":[{\"@type\":\"ListItem\",\"position\":1,\"name\":\"Home\",\"item\":\"https:\\\/\\\/buyadsaccounts.net\\\/\"},{\"@type\":\"ListItem\",\"position\":2,\"name\":\"Shop\",\"item\":\"https:\\\/\\\/buyadsaccounts.net\\\/ar\\\/%d9%85%d8%aa%d8%ac%d8%b1\\\/\"},{\"@type\":\"ListItem\",\"position\":3,\"name\":\"Buy Google Ads Accounts\"}]},{\"@type\":\"WebSite\",\"@id\":\"https:\\\/\\\/buyadsaccounts.net\\\/#website\",\"url\":\"https:\\\/\\\/buyadsaccounts.net\\\/\",\"name\":\"BuyAdsAccounts\",\"description\":\"\",\"publisher\":{\"@id\":\"https:\\\/\\\/buyadsaccounts.net\\\/#organization\"},\"potentialAction\":[{\"@type\":\"SearchAction\",\"target\":{\"@type\":\"EntryPoint\",\"urlTemplate\":\"https:\\\/\\\/buyadsaccounts.net\\\/?s={search_term_string}\"},\"query-input\":{\"@type\":\"PropertyValueSpecification\",\"valueRequired\":true,\"valueName\":\"search_term_string\"}}],\"inLanguage\":\"pl-PL\"},{\"@type\":\"Organization\",\"@id\":\"https:\\\/\\\/buyadsaccounts.net\\\/#organization\",\"name\":\"Buy Google Ads Accounts\",\"url\":\"https:\\\/\\\/buyadsaccounts.net\\\/\",\"logo\":{\"@type\":\"ImageObject\",\"inLanguage\":\"pl-PL\",\"@id\":\"https:\\\/\\\/buyadsaccounts.net\\\/#\\\/schema\\\/logo\\\/image\\\/\",\"url\":\"https:\\\/\\\/buyadsaccounts.net\\\/wp-content\\\/uploads\\\/2024\\\/12\\\/buyads-fav.jpg\",\"contentUrl\":\"https:\\\/\\\/buyadsaccounts.net\\\/wp-content\\\/uploads\\\/2024\\\/12\\\/buyads-fav.jpg\",\"width\":512,\"height\":512,\"caption\":\"Buy Google Ads Accounts\"},\"image\":{\"@id\":\"https:\\\/\\\/buyadsaccounts.net\\\/#\\\/schema\\\/logo\\\/image\\\/\"}}]}<\/script>\n<!-- \/ Yoast SEO Premium plugin. -->","yoast_head_json":{"title":"Kup konta Google Ads - Reklama w Google Ads","description":"Kup konta Google Ads z do\u0142\u0105czonym VCC. Stare konta gotowe do natychmiastowego publikowania kampanii. Reklamuj si\u0119 w Google Ads za pomoc\u0105 naszych kont.","robots":{"index":"index","follow":"follow","max-snippet":"max-snippet:-1","max-image-preview":"max-image-preview:large","max-video-preview":"max-video-preview:-1"},"canonical":"https:\/\/buyadsaccounts.net\/pl\/gads\/kup-konto-google-ads-2\/","og_locale":"pl_PL","og_type":"article","og_title":"Buy Google Ads Accounts","og_description":"Buy Google Ads Accounts with VCC Included. Old and Aged accounts ready to publish campaigns instantly. Advertise on Google Ads with our accounts.","og_url":"https:\/\/buyadsaccounts.net\/pl\/gads\/kup-konto-google-ads-2\/","og_site_name":"BuyAdsAccounts","article_modified_time":"2026-02-04T18:16:26+00:00","og_image":[{"width":512,"height":512,"url":"https:\/\/buyadsaccounts.net\/wp-content\/uploads\/2021\/07\/google-ads-accounts-logo.png","type":"image\/png"}],"twitter_card":"summary_large_image","twitter_misc":{"Szacowany czas czytania":"2 minuty"},"schema":{"@context":"https:\/\/schema.org","@graph":[{"@type":"WebPage","@id":"https:\/\/buyadsaccounts.net\/gads\/buy-google-ads-account\/","url":"https:\/\/buyadsaccounts.net\/gads\/buy-google-ads-account\/","name":"Kup konta Google Ads - Reklama w Google Ads","isPartOf":{"@id":"https:\/\/buyadsaccounts.net\/#website"},"primaryImageOfPage":{"@id":"https:\/\/buyadsaccounts.net\/gads\/buy-google-ads-account\/#primaryimage"},"image":{"@id":"https:\/\/buyadsaccounts.net\/gads\/buy-google-ads-account\/#primaryimage"},"thumbnailUrl":"https:\/\/buyadsaccounts.net\/wp-content\/uploads\/2021\/07\/google-ads-accounts-logo.png","datePublished":"2021-07-13T11:00:43+00:00","dateModified":"2026-02-04T18:16:26+00:00","description":"Kup konta Google Ads z do\u0142\u0105czonym VCC. Stare konta gotowe do natychmiastowego publikowania kampanii. Reklamuj si\u0119 w Google Ads za pomoc\u0105 naszych kont.","breadcrumb":{"@id":"https:\/\/buyadsaccounts.net\/gads\/buy-google-ads-account\/#breadcrumb"},"inLanguage":"pl-PL","potentialAction":[{"@type":"ReadAction","target":["https:\/\/buyadsaccounts.net\/gads\/buy-google-ads-account\/"]}]},{"@type":"ImageObject","inLanguage":"pl-PL","@id":"https:\/\/buyadsaccounts.net\/gads\/buy-google-ads-account\/#primaryimage","url":"https:\/\/buyadsaccounts.net\/wp-content\/uploads\/2021\/07\/google-ads-accounts-logo.png","contentUrl":"https:\/\/buyadsaccounts.net\/wp-content\/uploads\/2021\/07\/google-ads-accounts-logo.png","width":512,"height":512},{"@type":"BreadcrumbList","@id":"https:\/\/buyadsaccounts.net\/gads\/buy-google-ads-account\/#breadcrumb","itemListElement":[{"@type":"ListItem","position":1,"name":"Home","item":"https:\/\/buyadsaccounts.net\/"},{"@type":"ListItem","position":2,"name":"Shop","item":"https:\/\/buyadsaccounts.net\/ar\/%d9%85%d8%aa%d8%ac%d8%b1\/"},{"@type":"ListItem","position":3,"name":"Buy Google Ads Accounts"}]},{"@type":"WebSite","@id":"https:\/\/buyadsaccounts.net\/#website","url":"https:\/\/buyadsaccounts.net\/","name":"BuyAdsAccounts","description":"","publisher":{"@id":"https:\/\/buyadsaccounts.net\/#organization"},"potentialAction":[{"@type":"SearchAction","target":{"@type":"EntryPoint","urlTemplate":"https:\/\/buyadsaccounts.net\/?s={search_term_string}"},"query-input":{"@type":"PropertyValueSpecification","valueRequired":true,"valueName":"search_term_string"}}],"inLanguage":"pl-PL"},{"@type":"Organization","@id":"https:\/\/buyadsaccounts.net\/#organization","name":"Kup konta Google Ads","url":"https:\/\/buyadsaccounts.net\/","logo":{"@type":"ImageObject","inLanguage":"pl-PL","@id":"https:\/\/buyadsaccounts.net\/#\/schema\/logo\/image\/","url":"https:\/\/buyadsaccounts.net\/wp-content\/uploads\/2024\/12\/buyads-fav.jpg","contentUrl":"https:\/\/buyadsaccounts.net\/wp-content\/uploads\/2024\/12\/buyads-fav.jpg","width":512,"height":512,"caption":"Buy Google Ads Accounts"},"image":{"@id":"https:\/\/buyadsaccounts.net\/#\/schema\/logo\/image\/"}}]}},"wcpa_form_fields":{"wcpaData":{"product":{"product_price":0,"price_html":"<span class=\"woocommerce-Price-amount amount\"><bdi>0<span class=\"woocommerce-Price-currencySymbol\">&#36;<\/span><\/bdi><\/span>","original_product_price":0,"price_including_tax":0,"price_excluding_tax":0,"product_id":{"parent":324,"variation":false},"is_variable":false,"stock_status":"instock","stock_quantity":null,"parent_sku":"","product_attributes":[],"custom_fields":[],"is_taxable":false,"product_name":"Buy Google Ads Accounts","hasImage":false},"fields":{"sec_9691f2ea597962":{"extra":{"key":"sec_9691f2ea597962","section_id":"sec_9691f2ea597962","name":"Default","status":1,"cl_rule":"show","enableCl":false,"relations":[],"toggle":true,"title_tag":"h3","show_title":false,"showPrice":"default","form_id":2608,"form_rules":{"exclude_from_discount":false,"fee_label":"Fee","disp_hide_options_price":false,"disp_show_section_price":false,"disp_show_field_price":true,"layout_option":"standard","pric_use_as_fee":false,"process_fee_as":"woo_fee"},"layout_option":"standard"},"fields":[[{"type":"checkbox-group","required":true,"elementId":"wcpa-checkbox-group-1643471137938","label":"Account Options","enablePrice":true,"priceOptions":"different_for_all","pricingType":"fixed","price":"100","name":"checkbox-group-1643471137938","min_options":"1","other_text":"Other","cl_rule":"show","col":6,"values":[{"label":"2022 Account","value":"2022-acc","price":"250","pimage":"","pimage_id":"","pthumb":"","tempId":"aco_143","gt_translate_keys":["label"]},{"label":"2023 Account","value":"2023-acc","price":"200","pimage":"","pimage_id":"","pthumb":"","tempId":"aco_144","gt_translate_keys":["label"]},{"label":"2025 Account","value":"2025-acc","selected":false,"tempId":"aco_154","price":"150","gt_translate_keys":["label"]}],"relations":false,"active":true,"tooltip":"","layOut":"inline","isWeightTemplate":false,"error":false,"isTemplate":false,"checkUi":"","min_quantity":"1","quantity_decimal":false,"quantity_step":"1","quantity_label":"Quantity","repeater_field_label":"{field_label}","repeater_bind":"","max_options":"1","gt_translate_keys":["label","tooltip","repeater_field_label","quantity_label"],"price_dependency":false,"cl_dependency":false,"value":""}],[{"label":"Account Currency","active":true,"required":true,"elementId":"checkbox-group-5651526461","tooltip":"","name":"checkbox-group-5651526461","enablePrice":false,"relations":false,"repeater_bind":"","repeater_field_label":"{field_label}","quantity_label":"Quantity","quantity_step":"1","quantity_decimal":false,"min_quantity":"1","max_options":"1","min_options":"1","checkUi":"","layOut":"inline","other_text":"Other","values":[{"label":"USD","value":"usd-ac","price":"350","pimage":"","pimage_id":"","pthumb":"","tempId":"aco_143","gt_translate_keys":["label"]},{"label":"EUR","value":"eur-ac","price":"300","pimage":"","pimage_id":"","pthumb":"","tempId":"aco_144","gt_translate_keys":["label"]},{"label":"CAD","value":"cad-ac","selected":false,"tempId":"aco_154","price":"250","gt_translate_keys":["label"]},{"label":"BRL","value":"brl-ac","selected":false,"tempId":"aco_823","gt_translate_keys":["label"]},{"label":"JPY","value":"jpy-ac","selected":false,"tempId":"aco_914","gt_translate_keys":["label"]},{"label":"CNY","value":"cny-ac","selected":false,"tempId":"aco_1059","gt_translate_keys":["label"]}],"priceOptions":"different_for_all","pricingType":"fixed","isTemplate":false,"price":"100","isWeightTemplate":false,"cl_rule":"show","col":6,"type":"checkbox-group","error":false,"gt_translate_keys":["label","tooltip","repeater_field_label","quantity_label"],"price_dependency":false,"cl_dependency":false,"value":""}],[{"type":"checkbox-group","elementId":"wcpa-checkbox-group-1708272658776","label":"Extra Services","enablePrice":true,"priceOptions":"different_for_all","pricingType":"fixed","price":"100","name":"checkbox-group-1708272658775","min_options":"1","other_text":"Other","cl_rule":"show","col":6,"values":[{"label":"Credit Card","value":"add-credit-card","price":"100","pimage":"","pimage_id":"","pthumb":"","tempId":"aco_1403","gt_translate_keys":["label"]},{"label":"Cloaking (Crypto, IPTV, Gambling, Casino, Affiliate)","value":"blak-cat","price":"100","pimage":"","pimage_id":"","pthumb":"","tempId":"aco_1404","gt_translate_keys":["label"]},{"label":"Ads Manager","value":"camp-mana","price":"100","pimage":"","pimage_id":"","pthumb":"","tempId":"aco_1405","gt_translate_keys":["label"]},{"label":"Premium Proxy","value":"proxy-pre","selected":false,"tempId":"aco_1874","price":"20","gt_translate_keys":["label"]},{"label":"Premium Warranty","value":"premwar","selected":false,"tempId":"aco_19","price":"500","gt_translate_keys":["label"]}],"relations":false,"active":true,"tooltip":"<a href=\"https:\/\/help.buyadsaccounts.net\/hc\/helpcenter\/articles\/1754560957-additional-options\" target=\"blank\">Read More<\/a>","layOut":"","isWeightTemplate":false,"error":false,"isTemplate":false,"checkUi":"","min_quantity":"1","quantity_decimal":false,"quantity_step":"1","quantity_label":"Quantity","repeater_field_label":"{field_label}","repeater_bind":"","description":"","gt_translate_keys":["label","description","tooltip","repeater_field_label","quantity_label"],"price_dependency":false,"cl_dependency":["wcpa-checkbox-group-1710974191252","wcpa-checkbox-group-1711016843007","wcpa-number-1702422400728"],"value":""}],[{"type":"checkbox-group","required":true,"elementId":"wcpa-checkbox-group-1710974191252","label":"Cloaking - How many URLs?","description":"Price per URL","enablePrice":true,"priceOptions":"different_for_all","pricingType":"fixed","price":"100","name":"checkbox-group-1710974191251","min_options":"1","other_text":"Other","enableCl":true,"cl_rule":"show","cl_val":"blak-cat","col":6,"values":[{"label":"1 URL","value":"1adurl","price":"0","pimage":"","pimage_id":"","pthumb":"","gt_translate_keys":["label"]},{"label":"2 URLs","value":"2ads","price":"100","pimage":"","pimage_id":"","pthumb":"","gt_translate_keys":["label"]},{"label":"3 URLs","value":"3ads","price":"200","pimage":"","pimage_id":"","pthumb":"","gt_translate_keys":["label"]},{"label":"5 URLs","value":"5ads","price":"350","pimage":"","pimage_id":"","pthumb":"","gt_translate_keys":["label"]},{"label":"10 URLs","value":"10ads","price":"700","pimage":"","pimage_id":"","pthumb":"","gt_translate_keys":["label"]}],"relations":[{"operator":false,"rules":[{"operator":false,"rules":{"cl_field":"wcpa-checkbox-group-1708272658776","cl_relation":"is","cl_val":"blak-cat"}}]}],"active":true,"tooltip":"","layOut":"","gt_translate_keys":["label","description","tooltip"],"price_dependency":false,"cl_dependency":false,"value":""}],[{"type":"checkbox-group","required":true,"elementId":"wcpa-checkbox-group-1711016843007","label":"Ads Manager - How many ADS?","description":"Price per AD","enablePrice":true,"priceOptions":"different_for_all","pricingType":"fixed","price":"100","name":"checkbox-group-1711016843006","min_options":"1","other_text":"Other","enableCl":true,"cl_rule":"show","cl_val":"camp-mana","col":6,"values":[{"label":"1 Ad","value":"1adurl","price":"0","pimage":"","pimage_id":"","pthumb":"","gt_translate_keys":["label"]},{"label":"2 Ads","value":"2ads","price":"100","pimage":"","pimage_id":"","pthumb":"","gt_translate_keys":["label"]},{"label":"3 Ads","value":"3ads","price":"200","pimage":"","pimage_id":"","pthumb":"","gt_translate_keys":["label"]},{"label":"5 Ads","value":"5ads","price":"350","pimage":"","pimage_id":"","pthumb":"","gt_translate_keys":["label"]},{"label":"10 Ads","value":"10ads","price":"700","pimage":"","pimage_id":"","pthumb":"","gt_translate_keys":["label"]}],"relations":[{"operator":false,"rules":[{"operator":false,"rules":{"cl_field":"wcpa-checkbox-group-1708272658776","cl_relation":"is","cl_val":"camp-mana"}}]}],"active":true,"tooltip":"","layOut":"","gt_translate_keys":["label","description","tooltip"],"price_dependency":false,"cl_dependency":false,"value":""}],[{"type":"number","required":true,"elementId":"wcpa-number-1702422400728","label":"Add Funds to the account","description":"5% fee","enablePrice":true,"pricingType":"multiply","price":"1","min":"25","max":"50000","name":"number-1702422400728","enableCl":true,"cl_rule":"show","cl_val":"add-credit-card","col":"5","relations":[{"operator":false,"rules":[{"operator":false,"rules":{"cl_field":"wcpa-checkbox-group-1708272658776","cl_relation":"is","cl_val":"add-credit-card"}}]}],"active":true,"tooltip":"","error":false,"gt_translate_keys":["label","description","tooltip"],"price_dependency":false,"cl_dependency":false,"value":""}]]}},"config":{"price_override":"","enable_recaptcha":false,"bind_quantity":false,"quantity_bind_formula":false,"disp_summ_show_option_price":false,"disp_summ_show_product_price":false,"disp_summ_show_total_price":true,"disp_summ_show_fee":false,"disp_summ_show_discount":false,"summary_title":"","options_total_label":"Options Price","total_label":"Total","options_product_label":"Product Price","fee_label":"Fee","discount_label":"Discount","has_price":true,"has_quantity_formula":false},"mc_unit":1,"tax_rate":1,"tax_rate_real":1,"discount":{"percentage":0,"fixed":0},"design":{"conf":{"LabelPosition":"above","DescPosition":"above","UploadField":"custom_1","QuantityFieldStyle":"default"},"css":{"LeftLabelWidth":"120px"}},"formulas":[],"lookuptables":[],"clones":false,"cartKey":false}},"_links":{"self":[{"href":"https:\/\/buyadsaccounts.net\/pl\/wp-json\/wp\/v2\/product\/324","targetHints":{"allow":["GET"]}}],"collection":[{"href":"https:\/\/buyadsaccounts.net\/pl\/wp-json\/wp\/v2\/product"}],"about":[{"href":"https:\/\/buyadsaccounts.net\/pl\/wp-json\/wp\/v2\/types\/product"}],"version-history":[{"count":4,"href":"https:\/\/buyadsaccounts.net\/pl\/wp-json\/wp\/v2\/product\/324\/revisions"}],"predecessor-version":[{"id":9534,"href":"https:\/\/buyadsaccounts.net\/pl\/wp-json\/wp\/v2\/product\/324\/revisions\/9534"}],"wp:featuredmedia":[{"embeddable":true,"href":"https:\/\/buyadsaccounts.net\/pl\/wp-json\/wp\/v2\/media\/4404"}],"wp:attachment":[{"href":"https:\/\/buyadsaccounts.net\/pl\/wp-json\/wp\/v2\/media?parent=324"}],"wp:term":[{"taxonomy":"product_brand","embeddable":true,"href":"https:\/\/buyadsaccounts.net\/pl\/wp-json\/wp\/v2\/product_brand?post=324"},{"taxonomy":"product_cat","embeddable":true,"href":"https:\/\/buyadsaccounts.net\/pl\/wp-json\/wp\/v2\/product_cat?post=324"},{"taxonomy":"product_tag","embeddable":true,"href":"https:\/\/buyadsaccounts.net\/pl\/wp-json\/wp\/v2\/product_tag?post=324"}],"curies":[{"name":"wp","href":"https:\/\/api.w.org\/{rel}","templated":true}]}}