{"id":9220,"date":"2025-12-04T17:00:15","date_gmt":"2025-12-04T17:00:15","guid":{"rendered":"https:\/\/rentaccounts.net\/?post_type=product&#038;p=9220"},"modified":"2026-02-01T17:13:32","modified_gmt":"2026-02-01T17:13:32","slug":"pirkti-google-skelbimus-kriptografines-saskaitos","status":"publish","type":"product","link":"https:\/\/buyadsaccounts.net\/lt\/metu\/pirkti-google-skelbimus-kriptografines-saskaitos\/","title":{"rendered":"Pirkti \"Google\" skelbim\u0173 kriptografini\u0173 s\u0105skait\u0173"},"content":{"rendered":"<h2 data-start=\"233\" data-end=\"284\"><strong data-start=\"236\" data-end=\"284\">Kod\u0117l verta pirkti \"Google\" skelbim\u0173 kriptografi\u0161kai patikrintas paskyras?<\/strong><\/h2>\n<p data-start=\"286\" data-end=\"587\">\"Google Ads\" i\u0161lieka galingiausia reklamos platforma, skirta pasiekti pasaulin\u0119 auditorij\u0105 paie\u0161kos, \"YouTube\" ir rodymo tinkle. Ta\u010diau kriptovaliut\u0173 verslui prieiga prie jos yra labai apribota. Tik \u012fmon\u0117s, kurios praeina oficiali\u0105 \"Google <strong data-start=\"528\" data-end=\"567\">cryptocurrency tikrinimo programa<\/strong> gali paleisti kriptografinius skelbimus.<\/p>\n<p data-start=\"589\" data-end=\"817\">\u0160tai kod\u0117l perkant <strong data-start=\"612\" data-end=\"659\">teis\u0117tai patikrintos \"Google Ads\" kriptovaliut\u0173 paskyros<\/strong> tapo labai svarbus daugeliui reklamuotoj\u0173. M\u016bs\u0173 paskyros yra patvirtintos patvirtint\u0173 \u012fmoni\u0173, visi\u0161kai atitinka reikalavimus ir yra pasirengusios i\u0161 karto vykdyti kriptovaliut\u0173 kampanijas.<\/p>\n<p data-start=\"819\" data-end=\"873\">\u0160tai kod\u0117l pirk\u0117jai renkasi m\u016bs\u0173 kriptovaliut\u0173 patikrintas s\u0105skaitas:<\/p>\n<ul data-start=\"875\" data-end=\"1298\">\n<li data-start=\"875\" data-end=\"990\">\n<p data-start=\"877\" data-end=\"990\"><strong data-start=\"877\" data-end=\"927\">Momentin\u0117 prieiga prie \"Google\" kriptovaliut\u0173 skelbim\u0173 ekosistemos<\/strong> nepereidami ilgo \"Google\" tikrinimo proceso.<\/p>\n<\/li>\n<li data-start=\"991\" data-end=\"1083\">\n<p data-start=\"993\" data-end=\"1083\"><strong data-start=\"993\" data-end=\"1037\">Galimyb\u0117 i\u0161 karto paleisti reikalavimus atitinkan\u010dius skelbimus<\/strong> \"Google\" paie\u0161koje, \"YouTube\" ir rodyme.<\/p>\n<\/li>\n<li data-start=\"1084\" data-end=\"1188\">\n<p data-start=\"1086\" data-end=\"1188\"><strong data-start=\"1086\" data-end=\"1122\">Didelis pasitik\u0117jimas ir tvirta reputacija<\/strong>, nes s\u0105skaita patvirtinta pagal teisi\u0161kai patikrint\u0105 subjekt\u0105.<\/p>\n<\/li>\n<li data-start=\"1189\" data-end=\"1298\">\n<p data-start=\"1191\" data-end=\"1298\"><strong data-start=\"1191\" data-end=\"1216\">Integruota mok\u0117jimo kortel\u0117<\/strong> tod\u0117l galite finansuoti s\u0105skait\u0105 tiesiogiai per m\u016bs\u0173 platform\u0105 u\u017e paprast\u0105 5% mokest\u012f.<\/p>\n<\/li>\n<\/ul>\n<h2 data-start=\"1305\" data-end=\"1350\"><strong data-start=\"1308\" data-end=\"1350\">Svarb\u016bs svarstymai prie\u0161 perkant<\/strong><\/h2>\n<p data-start=\"1352\" data-end=\"1492\">\u012esigyjant \"Google Ads\" paskyr\u0105 kriptovaliut\u0173 reklamai, svarb\u016bs keli veiksniai, u\u017etikrinantys saugum\u0105, atitikt\u012f ir ilgalaik\u012f na\u0161um\u0105:<\/p>\n<h3 data-start=\"1494\" data-end=\"1523\"><strong data-start=\"1498\" data-end=\"1521\">Patikrinimo b\u016bsena<\/strong><\/h3>\n<p data-start=\"1524\" data-end=\"1675\">Visada \u012fsitikinkite, kad paskyra yra teis\u0117tai patvirtinta bendrov\u0117s, patvirtintos kriptovaliut\u0173 reklamai. Be to kriptovaliut\u0173 kampanijos negali b\u016bti vykdomos.<\/p>\n<h3 data-start=\"1677\" data-end=\"1715\"><strong data-start=\"1681\" data-end=\"1713\">Paskyros reputacija ir istorija<\/strong><\/h3>\n<p data-start=\"1716\" data-end=\"1836\">S\u0105skaitos, kuri\u0173 \u012fra\u0161ai yra \u0161var\u016bs ir kuriose n\u0117ra joki\u0173 taisykli\u0173 pa\u017eeidim\u0173, veikia geriau ir re\u010diau tikrinamos ar sustabdomos.<\/p>\n<h3 data-start=\"1838\" data-end=\"1871\"><strong data-start=\"1842\" data-end=\"1869\">Atsiskaitymo ir finansavimo s\u0105ranka<\/strong><\/h3>\n<p data-start=\"1872\" data-end=\"2050\">M\u016bs\u0173 s\u0105skaitos turi pridedamas korteles, o l\u0117\u0161as galite prid\u0117ti i\u0161 karto naudodamiesi m\u016bs\u0173 sistema. Vis d\u0117lto, prie\u0161 pradedant kampanijas, svarbu suprasti finansavimo apribojimus ir mokes\u010dius.<\/p>\n<h3 data-start=\"2052\" data-end=\"2089\"><strong data-start=\"2056\" data-end=\"2087\">Nuosavyb\u0117s perdavimas ir prieiga<\/strong><\/h3>\n<p data-start=\"2090\" data-end=\"2241\">U\u017etikrinkite, kad gautum\u0117te visi\u0161k\u0105 prieig\u0105 prie skelbim\u0173 paskyros, \u012fskaitant galimyb\u0119 keisti prisijungimo vardus, apsaugoti paskyr\u0105 ir tvarkyti s\u0105skaitas be apribojim\u0173.<\/p>\n<h3 data-start=\"2243\" data-end=\"2279\"><strong data-start=\"2247\" data-end=\"2277\">Saugumas ir suk\u010diavimo prevencija<\/strong><\/h3>\n<p data-start=\"2280\" data-end=\"2449\">Kriptografin\u0117 reklama yra ribota ni\u0161a, kuri pritraukia daug netikr\u0173 pardav\u0117j\u0173. Pirkite tik i\u0161 patikrint\u0173 \u0161altini\u0173 ir venkite vis\u0173, si\u016blan\u010di\u0173 \u201cneribotas\u201d arba \u201cnerizikingas\u201d paskyras.<\/p>\n<h2 data-start=\"2456\" data-end=\"2482\"><strong data-start=\"2459\" data-end=\"2482\">Veiksmai po pirkimo<\/strong><\/h2>\n<p data-start=\"2484\" data-end=\"2601\">Kai bus pristatyta kriptografi\u0161kai patikrinta \"Google Ads\" paskyra, atlikite \u0161iuos veiksmus, kad u\u017etikrintum\u0117te did\u017eiausi\u0105 saugum\u0105 ir na\u0161um\u0105:<\/p>\n<h3 data-start=\"2603\" data-end=\"2640\"><strong data-start=\"2607\" data-end=\"2638\">1. Prisijungimo duomen\u0173 keitimas<\/strong><\/h3>\n<p data-start=\"2641\" data-end=\"2727\">Nedelsiant pakeiskite el. pa\u0161to adres\u0105, slapta\u017eod\u012f ir atk\u016brimo parinktis, kad u\u017etikrintum\u0117te visi\u0161k\u0105 nuosavyb\u0119.<\/p>\n<h3 data-start=\"2729\" data-end=\"2769\"><strong data-start=\"2733\" data-end=\"2767\">2. Per\u017ei\u016br\u0117kite visus paskyros nustatymus<\/strong><\/h3>\n<p data-start=\"2770\" data-end=\"2909\">Patikrinkite s\u0105skaitas, numatyt\u0105sias kampanijos nuostatas, geografin\u0119 tikslin\u0119 grup\u0119, patvirtintus regionus ir atitikties pastabas, kad visk\u0105 suderintum\u0117te su reklamos strategija.<\/p>\n<h3 data-start=\"2911\" data-end=\"2956\"><strong data-start=\"2915\" data-end=\"2954\">3. L\u0117\u0161\u0173 prid\u0117jimas per prietais\u0173 skydel\u012f<\/strong><\/h3>\n<p data-start=\"2957\" data-end=\"3052\">\u012ene\u0161kite skelbim\u0173 biud\u017eet\u0105 naudodamiesi m\u016bs\u0173 finansavimo sistema (5% mokestis) ir i\u0161 karto prad\u0117kite vykdyti kampanijas.<\/p>\n<h3 data-start=\"3054\" data-end=\"3097\"><strong data-start=\"3058\" data-end=\"3095\">4. Veiklos optimizavimas ir steb\u0117jimas<\/strong><\/h3>\n<p data-start=\"3098\" data-end=\"3250\">Kriptovaliut\u0173 vertikal\u0117s gali b\u016bti jautrios. Naudokite reikalavimus atitinkan\u010di\u0105 skelbimo kopij\u0105, i\u0161bandykite kelias k\u016brybines priemones ir atid\u017eiai steb\u0117kite rezultatus - ypa\u010d per pirm\u0105sias 48 valandas.<\/p>\n<h2 data-start=\"3257\" data-end=\"3274\"><strong data-start=\"3260\" data-end=\"3274\">I\u0161vada<\/strong><\/h2>\n<p data-start=\"3276\" data-end=\"3602\">Pirkimas <strong data-start=\"3285\" data-end=\"3323\">\"Google Ads\" kriptografi\u0161kai patikrinta paskyra<\/strong> tai grei\u010diausias ir saugiausias b\u016bdas prad\u0117ti vykdyti reikalavimus atitinkan\u010dias kriptovaliut\u0173 kampanijas \"Google\" paie\u0161koje, \"YouTube\" ir rodyme. Pasirink\u0119 patikim\u0105 paslaug\u0173 teik\u0117j\u0105, apsaugoj\u0119 paskyr\u0105 ir laikydamiesi geriausios praktikos, galite i\u0161 karto prad\u0117ti kampanijas ir u\u017etikrintai jas pl\u0117sti.<\/p>","protected":false},"excerpt":{"rendered":"<p>Vykdykite kriptovaliut\u0173 reklamos kampanijas \"Google\" paie\u0161kos ir rodymo svetain\u0117se (Google.com, \"YouTube\") naudodami m\u016bs\u0173 teisi\u0161kai patikrintas \"Google Ads\" kriptovaliut\u0173 paskyras.<\/p>","protected":false},"featured_media":9221,"template":"","meta":{"_acf_changed":false,"_glsr_average":5,"_glsr_ranking":4.5454545454545,"_glsr_reviews":23},"product_brand":[],"product_cat":[322],"product_tag":[],"class_list":{"0":"post-9220","1":"product","2":"type-product","3":"status-publish","4":"has-post-thumbnail","6":"product_cat-google-ads-crypto","7":"wcpa_has_options","9":"first","10":"instock","11":"purchasable","12":"product-type-simple"},"acf":[],"yoast_head":"<!-- This site is optimized with the Yoast SEO Premium plugin v26.7 (Yoast SEO v27.4) - https:\/\/yoast.com\/product\/yoast-seo-premium-wordpress\/ -->\n<title>Buy Google Ads Approved Crypto Accounts Ready for Ads<\/title>\n<meta name=\"description\" content=\"Get Google Ads approved crypto accounts validated by licensed companies. Fully compliant, high-trust accounts ideal for scaling crypto ads safely.\" \/>\n<meta name=\"robots\" content=\"index, follow, max-snippet:-1, max-image-preview:large, max-video-preview:-1\" \/>\n<link rel=\"canonical\" href=\"https:\/\/buyadsaccounts.net\/lt\/metu\/pirkti-google-skelbimus-kriptografines-saskaitos\/\" \/>\n<meta property=\"og:locale\" content=\"lt_LT\" \/>\n<meta property=\"og:type\" content=\"article\" \/>\n<meta property=\"og:title\" content=\"Buy Google Ads Crypto Accounts\" \/>\n<meta property=\"og:description\" content=\"Get Google Ads approved crypto accounts validated by licensed companies. Fully compliant, high-trust accounts ideal for scaling crypto ads safely.\" \/>\n<meta property=\"og:url\" content=\"https:\/\/buyadsaccounts.net\/lt\/metu\/pirkti-google-skelbimus-kriptografines-saskaitos\/\" \/>\n<meta property=\"og:site_name\" content=\"BuyAdsAccounts\" \/>\n<meta property=\"article:modified_time\" content=\"2026-02-01T17:13:32+00:00\" \/>\n<meta property=\"og:image\" content=\"https:\/\/buyadsaccounts.net\/wp-content\/uploads\/2025\/12\/google-ads-crypto-accounts.png\" \/>\n\t<meta property=\"og:image:width\" content=\"88\" \/>\n\t<meta property=\"og:image:height\" content=\"88\" \/>\n\t<meta property=\"og:image:type\" content=\"image\/png\" \/>\n<meta name=\"twitter:card\" content=\"summary_large_image\" \/>\n<meta name=\"twitter:label1\" content=\"Est. reading time\" \/>\n\t<meta name=\"twitter:data1\" content=\"3 minut\u0117s\" \/>\n<script type=\"application\/ld+json\" class=\"yoast-schema-graph\">{\"@context\":\"https:\\\/\\\/schema.org\",\"@graph\":[{\"@type\":\"WebPage\",\"@id\":\"https:\\\/\\\/buyadsaccounts.net\\\/gads\\\/buy-google-ads-crypto-accounts\\\/\",\"url\":\"https:\\\/\\\/buyadsaccounts.net\\\/gads\\\/buy-google-ads-crypto-accounts\\\/\",\"name\":\"Buy Google Ads Approved Crypto Accounts Ready for Ads\",\"isPartOf\":{\"@id\":\"https:\\\/\\\/buyadsaccounts.net\\\/#website\"},\"primaryImageOfPage\":{\"@id\":\"https:\\\/\\\/buyadsaccounts.net\\\/gads\\\/buy-google-ads-crypto-accounts\\\/#primaryimage\"},\"image\":{\"@id\":\"https:\\\/\\\/buyadsaccounts.net\\\/gads\\\/buy-google-ads-crypto-accounts\\\/#primaryimage\"},\"thumbnailUrl\":\"https:\\\/\\\/buyadsaccounts.net\\\/wp-content\\\/uploads\\\/2025\\\/12\\\/google-ads-crypto-accounts.png\",\"datePublished\":\"2025-12-04T17:00:15+00:00\",\"dateModified\":\"2026-02-01T17:13:32+00:00\",\"description\":\"Get Google Ads approved crypto accounts validated by licensed companies. Fully compliant, high-trust accounts ideal for scaling crypto ads safely.\",\"breadcrumb\":{\"@id\":\"https:\\\/\\\/buyadsaccounts.net\\\/gads\\\/buy-google-ads-crypto-accounts\\\/#breadcrumb\"},\"inLanguage\":\"lt-LT\",\"potentialAction\":[{\"@type\":\"ReadAction\",\"target\":[\"https:\\\/\\\/buyadsaccounts.net\\\/gads\\\/buy-google-ads-crypto-accounts\\\/\"]}]},{\"@type\":\"ImageObject\",\"inLanguage\":\"lt-LT\",\"@id\":\"https:\\\/\\\/buyadsaccounts.net\\\/gads\\\/buy-google-ads-crypto-accounts\\\/#primaryimage\",\"url\":\"https:\\\/\\\/buyadsaccounts.net\\\/wp-content\\\/uploads\\\/2025\\\/12\\\/google-ads-crypto-accounts.png\",\"contentUrl\":\"https:\\\/\\\/buyadsaccounts.net\\\/wp-content\\\/uploads\\\/2025\\\/12\\\/google-ads-crypto-accounts.png\",\"width\":88,\"height\":88,\"caption\":\"google ads crypto accounts\"},{\"@type\":\"BreadcrumbList\",\"@id\":\"https:\\\/\\\/buyadsaccounts.net\\\/gads\\\/buy-google-ads-crypto-accounts\\\/#breadcrumb\",\"itemListElement\":[{\"@type\":\"ListItem\",\"position\":1,\"name\":\"Home\",\"item\":\"https:\\\/\\\/buyadsaccounts.net\\\/\"},{\"@type\":\"ListItem\",\"position\":2,\"name\":\"Shop\",\"item\":\"https:\\\/\\\/buyadsaccounts.net\\\/ar\\\/%d9%85%d8%aa%d8%ac%d8%b1\\\/\"},{\"@type\":\"ListItem\",\"position\":3,\"name\":\"Buy Google Ads Crypto Accounts\"}]},{\"@type\":\"WebSite\",\"@id\":\"https:\\\/\\\/buyadsaccounts.net\\\/#website\",\"url\":\"https:\\\/\\\/buyadsaccounts.net\\\/\",\"name\":\"BuyAdsAccounts\",\"description\":\"\",\"publisher\":{\"@id\":\"https:\\\/\\\/buyadsaccounts.net\\\/#organization\"},\"potentialAction\":[{\"@type\":\"SearchAction\",\"target\":{\"@type\":\"EntryPoint\",\"urlTemplate\":\"https:\\\/\\\/buyadsaccounts.net\\\/?s={search_term_string}\"},\"query-input\":{\"@type\":\"PropertyValueSpecification\",\"valueRequired\":true,\"valueName\":\"search_term_string\"}}],\"inLanguage\":\"lt-LT\"},{\"@type\":\"Organization\",\"@id\":\"https:\\\/\\\/buyadsaccounts.net\\\/#organization\",\"name\":\"Buy Google Ads Accounts\",\"url\":\"https:\\\/\\\/buyadsaccounts.net\\\/\",\"logo\":{\"@type\":\"ImageObject\",\"inLanguage\":\"lt-LT\",\"@id\":\"https:\\\/\\\/buyadsaccounts.net\\\/#\\\/schema\\\/logo\\\/image\\\/\",\"url\":\"https:\\\/\\\/buyadsaccounts.net\\\/wp-content\\\/uploads\\\/2024\\\/12\\\/buyads-fav.jpg\",\"contentUrl\":\"https:\\\/\\\/buyadsaccounts.net\\\/wp-content\\\/uploads\\\/2024\\\/12\\\/buyads-fav.jpg\",\"width\":512,\"height\":512,\"caption\":\"Buy Google Ads Accounts\"},\"image\":{\"@id\":\"https:\\\/\\\/buyadsaccounts.net\\\/#\\\/schema\\\/logo\\\/image\\\/\"}}]}<\/script>\n<!-- \/ Yoast SEO Premium plugin. -->","yoast_head_json":{"title":"Pirkti \"Google\" skelbimus Patvirtintos kriptografin\u0117s s\u0105skaitos, paruo\u0161tos skelbimams","description":"Gaukite \"Google Ads\" patvirtintas kriptovaliut\u0173 paskyras, kurias patvirtino licencijuotos \u012fmon\u0117s. Visi\u0161kai suderinamos, didelio patikimumo paskyros, idealiai tinkan\u010dios saugiam kriptografini\u0173 skelbim\u0173 masteliavimui.","robots":{"index":"index","follow":"follow","max-snippet":"max-snippet:-1","max-image-preview":"max-image-preview:large","max-video-preview":"max-video-preview:-1"},"canonical":"https:\/\/buyadsaccounts.net\/lt\/metu\/pirkti-google-skelbimus-kriptografines-saskaitos\/","og_locale":"lt_LT","og_type":"article","og_title":"Buy Google Ads Crypto Accounts","og_description":"Get Google Ads approved crypto accounts validated by licensed companies. Fully compliant, high-trust accounts ideal for scaling crypto ads safely.","og_url":"https:\/\/buyadsaccounts.net\/lt\/metu\/pirkti-google-skelbimus-kriptografines-saskaitos\/","og_site_name":"BuyAdsAccounts","article_modified_time":"2026-02-01T17:13:32+00:00","og_image":[{"width":88,"height":88,"url":"https:\/\/buyadsaccounts.net\/wp-content\/uploads\/2025\/12\/google-ads-crypto-accounts.png","type":"image\/png"}],"twitter_card":"summary_large_image","twitter_misc":{"Est. reading time":"3 minut\u0117s"},"schema":{"@context":"https:\/\/schema.org","@graph":[{"@type":"WebPage","@id":"https:\/\/buyadsaccounts.net\/gads\/buy-google-ads-crypto-accounts\/","url":"https:\/\/buyadsaccounts.net\/gads\/buy-google-ads-crypto-accounts\/","name":"Pirkti \"Google\" skelbimus Patvirtintos kriptografin\u0117s s\u0105skaitos, paruo\u0161tos skelbimams","isPartOf":{"@id":"https:\/\/buyadsaccounts.net\/#website"},"primaryImageOfPage":{"@id":"https:\/\/buyadsaccounts.net\/gads\/buy-google-ads-crypto-accounts\/#primaryimage"},"image":{"@id":"https:\/\/buyadsaccounts.net\/gads\/buy-google-ads-crypto-accounts\/#primaryimage"},"thumbnailUrl":"https:\/\/buyadsaccounts.net\/wp-content\/uploads\/2025\/12\/google-ads-crypto-accounts.png","datePublished":"2025-12-04T17:00:15+00:00","dateModified":"2026-02-01T17:13:32+00:00","description":"Gaukite \"Google Ads\" patvirtintas kriptovaliut\u0173 paskyras, kurias patvirtino licencijuotos \u012fmon\u0117s. Visi\u0161kai suderinamos, didelio patikimumo paskyros, idealiai tinkan\u010dios saugiam kriptografini\u0173 skelbim\u0173 masteliavimui.","breadcrumb":{"@id":"https:\/\/buyadsaccounts.net\/gads\/buy-google-ads-crypto-accounts\/#breadcrumb"},"inLanguage":"lt-LT","potentialAction":[{"@type":"ReadAction","target":["https:\/\/buyadsaccounts.net\/gads\/buy-google-ads-crypto-accounts\/"]}]},{"@type":"ImageObject","inLanguage":"lt-LT","@id":"https:\/\/buyadsaccounts.net\/gads\/buy-google-ads-crypto-accounts\/#primaryimage","url":"https:\/\/buyadsaccounts.net\/wp-content\/uploads\/2025\/12\/google-ads-crypto-accounts.png","contentUrl":"https:\/\/buyadsaccounts.net\/wp-content\/uploads\/2025\/12\/google-ads-crypto-accounts.png","width":88,"height":88,"caption":"google ads crypto accounts"},{"@type":"BreadcrumbList","@id":"https:\/\/buyadsaccounts.net\/gads\/buy-google-ads-crypto-accounts\/#breadcrumb","itemListElement":[{"@type":"ListItem","position":1,"name":"Home","item":"https:\/\/buyadsaccounts.net\/"},{"@type":"ListItem","position":2,"name":"Shop","item":"https:\/\/buyadsaccounts.net\/ar\/%d9%85%d8%aa%d8%ac%d8%b1\/"},{"@type":"ListItem","position":3,"name":"Buy Google Ads Crypto Accounts"}]},{"@type":"WebSite","@id":"https:\/\/buyadsaccounts.net\/#website","url":"https:\/\/buyadsaccounts.net\/","name":"BuyAdsAccounts","description":"","publisher":{"@id":"https:\/\/buyadsaccounts.net\/#organization"},"potentialAction":[{"@type":"SearchAction","target":{"@type":"EntryPoint","urlTemplate":"https:\/\/buyadsaccounts.net\/?s={search_term_string}"},"query-input":{"@type":"PropertyValueSpecification","valueRequired":true,"valueName":"search_term_string"}}],"inLanguage":"lt-LT"},{"@type":"Organization","@id":"https:\/\/buyadsaccounts.net\/#organization","name":"Pirkti \"Google\" skelbim\u0173 paskyras","url":"https:\/\/buyadsaccounts.net\/","logo":{"@type":"ImageObject","inLanguage":"lt-LT","@id":"https:\/\/buyadsaccounts.net\/#\/schema\/logo\/image\/","url":"https:\/\/buyadsaccounts.net\/wp-content\/uploads\/2024\/12\/buyads-fav.jpg","contentUrl":"https:\/\/buyadsaccounts.net\/wp-content\/uploads\/2024\/12\/buyads-fav.jpg","width":512,"height":512,"caption":"Buy Google Ads Accounts"},"image":{"@id":"https:\/\/buyadsaccounts.net\/#\/schema\/logo\/image\/"}}]}},"wcpa_form_fields":{"wcpaData":{"product":{"product_price":0,"price_html":"<span class=\"woocommerce-Price-amount amount\"><bdi>0<span class=\"woocommerce-Price-currencySymbol\">&#36;<\/span><\/bdi><\/span>","original_product_price":0,"price_including_tax":0,"price_excluding_tax":0,"product_id":{"parent":9220,"variation":false},"is_variable":false,"stock_status":"instock","stock_quantity":null,"parent_sku":"","product_attributes":[],"custom_fields":[],"is_taxable":false,"product_name":"Buy Google Ads Crypto Accounts","hasImage":false},"fields":{"sec_16931c0b0ead66":{"extra":{"key":"sec_16931c0b0ead66","section_id":"sec_16931c0b0ead66","name":"Default","status":1,"cl_rule":"show","enableCl":false,"relations":[],"toggle":true,"title_tag":"h3","show_title":false,"showPrice":"default","form_id":9222,"form_rules":{"exclude_from_discount":false,"fee_label":"Fee","disp_hide_options_price":false,"disp_show_section_price":false,"disp_show_field_price":true,"layout_option":"standard","pric_use_as_fee":false,"process_fee_as":"woo_fee"},"layout_option":"standard"},"fields":[[{"type":"checkbox-group","required":true,"elementId":"checkbox-group_16931c0b0eada5","label":"Account Options","enablePrice":true,"priceOptions":"different_for_all","pricingType":"fixed","price":"100","name":"checkbox-group_16931c0b0eada5","min_options":"1","other_text":"Other","cl_rule":"show","col":6,"values":[{"label":"2024 Account","value":"usd-account-buy","price":"1400","pimage":"","pimage_id":"","pthumb":"","tempId":"aco_525","gt_translate_keys":["label"]},{"label":"2025 Account","value":"2022-acc","price":"1100","pimage":"","pimage_id":"","pthumb":"","tempId":"aco_526","gt_translate_keys":["label"]}],"relations":false,"active":true,"tooltip":"","layOut":"inline","isWeightTemplate":false,"error":false,"isTemplate":false,"checkUi":"","min_quantity":"1","quantity_decimal":false,"quantity_step":"1","quantity_label":"Quantity","repeater_field_label":"{field_label}","repeater_bind":"","gt_translate_keys":["label","tooltip","repeater_field_label","quantity_label"],"price_dependency":false,"cl_dependency":false,"value":""}],[{"type":"checkbox-group","elementId":"checkbox-group_46931c0b0eadc2","label":"Extra Services","enablePrice":true,"priceOptions":"different_for_all","pricingType":"fixed","price":"100","name":"checkbox-group_46931c0b0eadc2","min_options":"1","other_text":"Other","cl_rule":"show","col":6,"values":[{"label":"Ads Manager","value":"camp-mana","price":"200","pimage":"","pimage_id":"","pthumb":"","tempId":"aco_120","gt_translate_keys":["label"]},{"label":"Change Company Name","value":"changename","selected":false,"tempId":"aco_19","price":"500","gt_translate_keys":["label"]}],"relations":false,"active":true,"tooltip":"<a href=\"https:\/\/help.buyadsaccounts.net\/hc\/helpcenter\/articles\/1754560957-additional-options\" target=\"blank\">Read More<\/a>","layOut":"inline","isWeightTemplate":false,"error":false,"isTemplate":false,"checkUi":"","min_quantity":"1","quantity_decimal":false,"quantity_step":"1","quantity_label":"Quantity","repeater_field_label":"{field_label}","repeater_bind":"","gt_translate_keys":["label","tooltip","repeater_field_label","quantity_label"],"price_dependency":false,"cl_dependency":["checkbox-group_86931c0b0eadf2"],"value":""}],[{"type":"checkbox-group","required":true,"elementId":"checkbox-group_86931c0b0eadf2","label":"Ads Manager - How many ADS?","description":"Price per AD","enablePrice":true,"priceOptions":"different_for_all","pricingType":"fixed","price":"100","name":"checkbox-group_86931c0b0eadf2","min_options":"1","other_text":"Other","enableCl":true,"cl_rule":"show","cl_val":"camp-mana","col":6,"values":[{"label":"1 Ad","value":"1adurl","price":"0","pimage":"","pimage_id":"","pthumb":"","gt_translate_keys":["label"]},{"label":"2 Ads","value":"2ads","price":"350","pimage":"","pimage_id":"","pthumb":"","gt_translate_keys":["label"]},{"label":"3 Ads","value":"3ads","price":"500","pimage":"","pimage_id":"","pthumb":"","gt_translate_keys":["label"]},{"label":"5 Ads","value":"5ads","price":"800","pimage":"","pimage_id":"","pthumb":"","gt_translate_keys":["label"]},{"label":"10 Ads","value":"10ads","price":"1500","pimage":"","pimage_id":"","pthumb":"","gt_translate_keys":["label"]}],"relations":[{"operator":false,"rules":[{"operator":false,"rules":{"cl_field":"checkbox-group_46931c0b0eadc2","cl_relation":"is","cl_val":"camp-mana"}}]}],"active":true,"tooltip":"","layOut":"","isWeightTemplate":false,"error":false,"isTemplate":false,"checkUi":"","min_quantity":"1","quantity_decimal":false,"quantity_step":"1","quantity_label":"Quantity","repeater_field_label":"{field_label}","repeater_bind":"","gt_translate_keys":["label","description","tooltip","repeater_field_label","quantity_label"],"price_dependency":false,"cl_dependency":false,"value":""}],[{"type":"number","required":false,"elementId":"number_46931c0b0eae05","label":"Add Funds to the account","description":"5% fee","enablePrice":true,"pricingType":"multiply","price":"1","min":"25","max":"50000","name":"number_46931c0b0eae05","enableCl":false,"cl_rule":"show","cl_val":"add-credit-card","col":"5","relations":[{"operator":false,"rules":[{"operator":false,"rules":{"cl_field":"checkbox-group_46931c0b0eadc2","cl_relation":"is","cl_val":"add-credit-card"}}]}],"active":true,"tooltip":"","isWeightTemplate":false,"error":false,"isTemplate":false,"min_quantity":"1","quantity_decimal":false,"quantity_step":"1","quantity_label":"Quantity","repeater_field_label":"{field_label}","repeater_bind":"","desc_position":"default","gt_translate_keys":["label","description","tooltip","repeater_field_label","quantity_label"],"price_dependency":false,"cl_dependency":false,"value":""}]]}},"config":{"price_override":"","enable_recaptcha":false,"bind_quantity":false,"quantity_bind_formula":false,"disp_summ_show_option_price":false,"disp_summ_show_product_price":false,"disp_summ_show_total_price":true,"disp_summ_show_fee":false,"disp_summ_show_discount":false,"summary_title":"","options_total_label":"Options Price","total_label":"Total","options_product_label":"Product Price","fee_label":"Fee","discount_label":"Discount","has_price":true,"has_quantity_formula":false},"mc_unit":1,"tax_rate":1,"tax_rate_real":1,"discount":{"percentage":0,"fixed":0},"design":{"conf":{"LabelPosition":"above","DescPosition":"above","UploadField":"custom_1","QuantityFieldStyle":"default"},"css":{"LeftLabelWidth":"120px"}},"formulas":[],"lookuptables":[],"clones":false,"cartKey":false}},"_links":{"self":[{"href":"https:\/\/buyadsaccounts.net\/lt\/wp-json\/wp\/v2\/product\/9220","targetHints":{"allow":["GET"]}}],"collection":[{"href":"https:\/\/buyadsaccounts.net\/lt\/wp-json\/wp\/v2\/product"}],"about":[{"href":"https:\/\/buyadsaccounts.net\/lt\/wp-json\/wp\/v2\/types\/product"}],"version-history":[{"count":3,"href":"https:\/\/buyadsaccounts.net\/lt\/wp-json\/wp\/v2\/product\/9220\/revisions"}],"predecessor-version":[{"id":9537,"href":"https:\/\/buyadsaccounts.net\/lt\/wp-json\/wp\/v2\/product\/9220\/revisions\/9537"}],"wp:featuredmedia":[{"embeddable":true,"href":"https:\/\/buyadsaccounts.net\/lt\/wp-json\/wp\/v2\/media\/9221"}],"wp:attachment":[{"href":"https:\/\/buyadsaccounts.net\/lt\/wp-json\/wp\/v2\/media?parent=9220"}],"wp:term":[{"taxonomy":"product_brand","embeddable":true,"href":"https:\/\/buyadsaccounts.net\/lt\/wp-json\/wp\/v2\/product_brand?post=9220"},{"taxonomy":"product_cat","embeddable":true,"href":"https:\/\/buyadsaccounts.net\/lt\/wp-json\/wp\/v2\/product_cat?post=9220"},{"taxonomy":"product_tag","embeddable":true,"href":"https:\/\/buyadsaccounts.net\/lt\/wp-json\/wp\/v2\/product_tag?post=9220"}],"curies":[{"name":"wp","href":"https:\/\/api.w.org\/{rel}","templated":true}]}}