{"id":4935,"date":"2024-04-01T16:07:14","date_gmt":"2024-04-01T15:07:14","guid":{"rendered":"https:\/\/rentaccounts.net\/?post_type=product&#038;p=4935"},"modified":"2026-02-01T17:23:33","modified_gmt":"2026-02-01T17:23:33","slug":"pirkti-google-play-kureju-paskyras","status":"publish","type":"product","link":"https:\/\/buyadsaccounts.net\/lt\/metu\/pirkti-google-play-kureju-paskyras\/","title":{"rendered":"Pirkti \"Google Play\" programuotoj\u0173 paskyras"},"content":{"rendered":"<h2>Kod\u0117l verta pirkti \"Google Play\" programuotoj\u0173 paskyras?<\/h2>\n<p>\"Google Play\" yra did\u017eiausia \"Android\" \u012frenginiams skirta program\u0117li\u0173 parduotuv\u0117, kurioje yra milijonai naudotoj\u0173 visame pasaulyje. Program\u0117li\u0173 k\u016br\u0117jams labai svarbu tur\u0117ti \"Google Play\" programuotojo paskyr\u0105, kad pasiektum\u0117te pla\u010di\u0105 auditorij\u0105 ir u\u017edirbtum\u0117te i\u0161 savo program\u0117li\u0173. Ta\u010diau gauti \"Google Play\" k\u016br\u0117jo paskyr\u0105 gali b\u016bti sud\u0117tingas procesas, ypa\u010d tiems asmenims ar \u012fmon\u0117ms, kurie neatitinka \"Google\" nustatyt\u0173 tinkamumo kriterij\u0173.<\/p>\n<h3>1. Prieiga prie pasaulin\u0117s auditorijos<\/h3>\n<p>\u012esigij\u0119 \"Google Play\" programuotojo paskyr\u0105 gaunate prieig\u0105 prie pasaulin\u0117s \"Android\" naudotoj\u0173 auditorijos. Pasaulyje yra daugiau kaip 2 mlrd. aktyvi\u0173 \"Android\" prietais\u0173, tod\u0117l galimyb\u0117 pasiekti daugyb\u0119 naudotoj\u0173 yra did\u017eiul\u0117. Tai leid\u017eia i\u0161pl\u0117sti savo program\u0117l\u0117s pasiekiamum\u0105 ir padidinti s\u0117km\u0117s galimybes itin konkurencingoje program\u0117li\u0173 rinkoje.<\/p>\n<h3>2. Pinig\u0173 gavimo galimyb\u0117s<\/h3>\n<p>\"Google Play\" programuotojo paskyra suteikia galimyb\u0119 u\u017esidirbti i\u0161 savo program\u0117li\u0173 \u012fvairiais b\u016bdais, pavyzd\u017eiui, perkant program\u0117l\u0117se, prenumeruojant ir naudojant reklam\u0105. \u012esigij\u0119 i\u0161 anksto sukurt\u0105 paskyr\u0105 galite i\u0161kart prad\u0117ti u\u017edirbti i\u0161 savo program\u0117li\u0173, nelaukdami ilgo patvirtinimo proceso, su kuriuo da\u017enai susiduria nauji k\u016br\u0117jai.<\/p>\n<p>Be to, nusistov\u0117jusios paskyros, turin\u010dios gerus pasiekimus, gali b\u016bti labiau matomos ir pelnyti didesn\u012f naudotoj\u0173 pasitik\u0117jim\u0105, o tai lemia didesn\u012f atsisiuntim\u0173 ir pajam\u0173 potencial\u0105.<\/p>\n<h3>3. Aplenkite tinkamumo reikalavimus<\/h3>\n<p>Norint gauti \"Google Play\" programuotojo paskyr\u0105, reikia atitikti tam tikrus tinkamumo reikalavimus, pvz., tur\u0117ti registruot\u0105 verslo subjekt\u0105 arba galiojant\u012f mok\u0117jimo b\u016bd\u0105. Ta\u010diau ne visi gali atitikti \u0161iuos kriterijus, ypa\u010d pavieniai k\u016br\u0117jai arba ma\u017eos \u012fmon\u0117s, kurios tik pradeda veikl\u0105.<\/p>\n<p>\u012esigij\u0119 \"Google Play\" programuotojo paskyr\u0105 galite apeiti \u0161iuos tinkamumo reikalavimus ir i\u0161 karto prad\u0117ti skelbti program\u0117les platformoje. Taip sutaupysite laiko ir pastang\u0173, tod\u0117l gal\u0117site sutelkti d\u0117mes\u012f \u012f program\u0117li\u0173 k\u016brim\u0105 ir reklam\u0105.<\/p>\n<h3>4. Paskyros reputacija ir pasitik\u0117jimas<\/h3>\n<p>Sukurti patikim\u0105 ir patikim\u0105 paskyr\u0105 \"Google Play\" gali b\u016bti sud\u0117tinga u\u017eduotis, ypa\u010d naujiems k\u016br\u0117jams. Teigiamos reputacijos k\u016brimas u\u017etrunka ilgai ir reikalauja nuolatin\u0117s program\u0117li\u0173 kokyb\u0117s, teigiam\u0173 naudotoj\u0173 atsiliepim\u0173 ir \"Google\" politikos bei gairi\u0173 laikymosi.<\/p>\n<p>\u012esigydami sukurt\u0105 \"Google Play\" programuotojo paskyr\u0105, paveldite paskyros reputacij\u0105 ir patikimum\u0105. Tai gali suteikti j\u016bs\u0173 program\u0117l\u0117ms prana\u0161um\u0105 matomumo ir naudotoj\u0173 pasitik\u0117jimo po\u017ei\u016briu, padidinti atsisiuntim\u0173 ir teigiam\u0173 atsiliepim\u0173 tikimyb\u0119.<\/p>\n<h3>5. Sutaupomas laikas ir pastangos<\/h3>\n<p>Naujos \"Google Play\" programuotojo paskyros k\u016brimo ir nustatymo procesas gali b\u016bti sud\u0117tingas ir reikalaujantis daug laiko. Jo metu reikia pateikti i\u0161sami\u0105 informacij\u0105, patvirtinti savo tapatyb\u0119 ir laukti \"Google\" patvirtinimo. \u0160is procesas gali u\u017etrukti kelias dienas ar net savaites.<\/p>\n<p>\u012esigij\u0119 paruo\u0161t\u0105 paskyr\u0105 sutaupysite brangaus laiko ir pastang\u0173. Galite i\u0161 karto prad\u0117ti skelbti savo program\u0117les ir sutelkti d\u0117mes\u012f \u012f kitus program\u0117li\u0173 k\u016brimo aspektus, pavyzd\u017eiui, rinkodar\u0105 ir naudotoj\u0173 \u012ftraukim\u0105.<\/p>\n<h3>I\u0161vada<\/h3>\n<p>Nors perkant \"Google Play\" programuotoj\u0173 paskyras kyla tam tikra rizika ir yra tam tikr\u0173 aspekt\u0173, tai gali b\u016bti perspektyvi galimyb\u0117 asmenims ar \u012fmon\u0117ms, norintiems pagreitinti program\u0117li\u0173 leidybos proces\u0105. \u012esigydami sukurt\u0105 paskyr\u0105, gaunate prieig\u0105 prie pasaulin\u0117s auditorijos, pelningumo galimybi\u0173, apeinate tinkamumo reikalavimus, paveldite paskyros reputacij\u0105 ir pasitik\u0117jim\u0105 bei sutaupote laiko ir pastang\u0173.<\/p>\n<p>&nbsp;<\/p>","protected":false},"excerpt":{"rendered":"<p>Naudodamiesi m\u016bs\u0173 patvirtintomis paskyromis i\u0161 karto pasiekite \"Google Play\" programuotoj\u0173 konsol\u0119. Atsisakykite naujos paskyros k\u016brimo r\u016bpes\u010di\u0173 ir nedelsdami prad\u0117kite \u012fkelti savo \"Android\" program\u0117les \u012f \"Google Play\". Padidinkite savo \"Android\" program\u0117li\u0173 reitingus naudodamiesi unikaliomis program\u0117li\u0173 \u012fdiegimo ir program\u0117li\u0173 ap\u017evalg\u0173 parinktimis.<\/p>","protected":false},"featured_media":4936,"template":"","meta":{"_acf_changed":false,"_glsr_average":5,"_glsr_ranking":4.7457627118644,"_glsr_reviews":49},"product_brand":[],"product_cat":[265],"product_tag":[269,270],"class_list":{"0":"post-4935","1":"product","2":"type-product","3":"status-publish","4":"has-post-thumbnail","6":"product_cat-google-play-developer","7":"product_tag-buy-google-play-developer-account","8":"product_tag-verified-play-console","9":"wcpa_has_options","11":"first","12":"instock","13":"purchasable","14":"product-type-simple"},"acf":[],"yoast_head":"<!-- This site is optimized with the Yoast SEO Premium plugin v26.7 (Yoast SEO v27.4) - https:\/\/yoast.com\/product\/yoast-seo-premium-wordpress\/ -->\n<title>Buy Google Play Developer Accounts - Publish Apps on Google Play<\/title>\n<meta name=\"description\" content=\"Buy Google Play Developer Accounts verified and ready to publish apps on Google Play. Get Old Developer accounts and publish your android apps instantly.\" \/>\n<meta name=\"robots\" content=\"index, follow, max-snippet:-1, max-image-preview:large, max-video-preview:-1\" \/>\n<link rel=\"canonical\" href=\"https:\/\/buyadsaccounts.net\/lt\/metu\/pirkti-google-play-kureju-paskyras\/\" \/>\n<meta property=\"og:locale\" content=\"lt_LT\" \/>\n<meta property=\"og:type\" content=\"article\" \/>\n<meta property=\"og:title\" content=\"Buy Google Play Developer Accounts\" \/>\n<meta property=\"og:description\" content=\"Buy Google Play Developer Accounts verified and ready to publish apps on Google Play. Get Old Developer accounts and publish your android apps instantly.\" \/>\n<meta property=\"og:url\" content=\"https:\/\/buyadsaccounts.net\/lt\/metu\/pirkti-google-play-kureju-paskyras\/\" \/>\n<meta property=\"og:site_name\" content=\"BuyAdsAccounts\" \/>\n<meta property=\"article:modified_time\" content=\"2026-02-01T17:23:33+00:00\" \/>\n<meta property=\"og:image\" content=\"https:\/\/buyadsaccounts.net\/wp-content\/uploads\/2024\/04\/google-play-developer-accounts.png\" \/>\n\t<meta property=\"og:image:width\" content=\"271\" \/>\n\t<meta property=\"og:image:height\" content=\"300\" \/>\n\t<meta property=\"og:image:type\" content=\"image\/png\" \/>\n<meta name=\"twitter:card\" content=\"summary_large_image\" \/>\n<meta name=\"twitter:label1\" content=\"Est. reading time\" \/>\n\t<meta name=\"twitter:data1\" content=\"3 minut\u0117s\" \/>\n<script type=\"application\/ld+json\" class=\"yoast-schema-graph\">{\"@context\":\"https:\\\/\\\/schema.org\",\"@graph\":[{\"@type\":\"WebPage\",\"@id\":\"https:\\\/\\\/buyadsaccounts.net\\\/gads\\\/buy-google-play-developer-accounts\\\/\",\"url\":\"https:\\\/\\\/buyadsaccounts.net\\\/gads\\\/buy-google-play-developer-accounts\\\/\",\"name\":\"Buy Google Play Developer Accounts - Publish Apps on Google Play\",\"isPartOf\":{\"@id\":\"https:\\\/\\\/buyadsaccounts.net\\\/#website\"},\"primaryImageOfPage\":{\"@id\":\"https:\\\/\\\/buyadsaccounts.net\\\/gads\\\/buy-google-play-developer-accounts\\\/#primaryimage\"},\"image\":{\"@id\":\"https:\\\/\\\/buyadsaccounts.net\\\/gads\\\/buy-google-play-developer-accounts\\\/#primaryimage\"},\"thumbnailUrl\":\"https:\\\/\\\/buyadsaccounts.net\\\/wp-content\\\/uploads\\\/2024\\\/04\\\/google-play-developer-accounts.png\",\"datePublished\":\"2024-04-01T15:07:14+00:00\",\"dateModified\":\"2026-02-01T17:23:33+00:00\",\"description\":\"Buy Google Play Developer Accounts verified and ready to publish apps on Google Play. Get Old Developer accounts and publish your android apps instantly.\",\"breadcrumb\":{\"@id\":\"https:\\\/\\\/buyadsaccounts.net\\\/gads\\\/buy-google-play-developer-accounts\\\/#breadcrumb\"},\"inLanguage\":\"lt-LT\",\"potentialAction\":[{\"@type\":\"ReadAction\",\"target\":[\"https:\\\/\\\/buyadsaccounts.net\\\/gads\\\/buy-google-play-developer-accounts\\\/\"]}]},{\"@type\":\"ImageObject\",\"inLanguage\":\"lt-LT\",\"@id\":\"https:\\\/\\\/buyadsaccounts.net\\\/gads\\\/buy-google-play-developer-accounts\\\/#primaryimage\",\"url\":\"https:\\\/\\\/buyadsaccounts.net\\\/wp-content\\\/uploads\\\/2024\\\/04\\\/google-play-developer-accounts.png\",\"contentUrl\":\"https:\\\/\\\/buyadsaccounts.net\\\/wp-content\\\/uploads\\\/2024\\\/04\\\/google-play-developer-accounts.png\",\"width\":271,\"height\":300},{\"@type\":\"BreadcrumbList\",\"@id\":\"https:\\\/\\\/buyadsaccounts.net\\\/gads\\\/buy-google-play-developer-accounts\\\/#breadcrumb\",\"itemListElement\":[{\"@type\":\"ListItem\",\"position\":1,\"name\":\"Home\",\"item\":\"https:\\\/\\\/buyadsaccounts.net\\\/\"},{\"@type\":\"ListItem\",\"position\":2,\"name\":\"Shop\",\"item\":\"https:\\\/\\\/buyadsaccounts.net\\\/ar\\\/%d9%85%d8%aa%d8%ac%d8%b1\\\/\"},{\"@type\":\"ListItem\",\"position\":3,\"name\":\"Buy Google Play Developer Accounts\"}]},{\"@type\":\"WebSite\",\"@id\":\"https:\\\/\\\/buyadsaccounts.net\\\/#website\",\"url\":\"https:\\\/\\\/buyadsaccounts.net\\\/\",\"name\":\"BuyAdsAccounts\",\"description\":\"\",\"publisher\":{\"@id\":\"https:\\\/\\\/buyadsaccounts.net\\\/#organization\"},\"potentialAction\":[{\"@type\":\"SearchAction\",\"target\":{\"@type\":\"EntryPoint\",\"urlTemplate\":\"https:\\\/\\\/buyadsaccounts.net\\\/?s={search_term_string}\"},\"query-input\":{\"@type\":\"PropertyValueSpecification\",\"valueRequired\":true,\"valueName\":\"search_term_string\"}}],\"inLanguage\":\"lt-LT\"},{\"@type\":\"Organization\",\"@id\":\"https:\\\/\\\/buyadsaccounts.net\\\/#organization\",\"name\":\"Buy Google Ads Accounts\",\"url\":\"https:\\\/\\\/buyadsaccounts.net\\\/\",\"logo\":{\"@type\":\"ImageObject\",\"inLanguage\":\"lt-LT\",\"@id\":\"https:\\\/\\\/buyadsaccounts.net\\\/#\\\/schema\\\/logo\\\/image\\\/\",\"url\":\"https:\\\/\\\/buyadsaccounts.net\\\/wp-content\\\/uploads\\\/2024\\\/12\\\/buyads-fav.jpg\",\"contentUrl\":\"https:\\\/\\\/buyadsaccounts.net\\\/wp-content\\\/uploads\\\/2024\\\/12\\\/buyads-fav.jpg\",\"width\":512,\"height\":512,\"caption\":\"Buy Google Ads Accounts\"},\"image\":{\"@id\":\"https:\\\/\\\/buyadsaccounts.net\\\/#\\\/schema\\\/logo\\\/image\\\/\"}}]}<\/script>\n<!-- \/ Yoast SEO Premium plugin. -->","yoast_head_json":{"title":"Pirkite \"Google Play\" programuotoj\u0173 paskyras - publikuokite programas \"Google Play","description":"\u012esigykite patikrintas \"Google Play\" programuotojo paskyras ir b\u016bkite pasireng\u0119 skelbti programas \"Google Play\". Gaukite senas k\u016br\u0117j\u0173 paskyras ir i\u0161 karto paskelbkite savo \"Android\" program\u0117les.","robots":{"index":"index","follow":"follow","max-snippet":"max-snippet:-1","max-image-preview":"max-image-preview:large","max-video-preview":"max-video-preview:-1"},"canonical":"https:\/\/buyadsaccounts.net\/lt\/metu\/pirkti-google-play-kureju-paskyras\/","og_locale":"lt_LT","og_type":"article","og_title":"Buy Google Play Developer Accounts","og_description":"Buy Google Play Developer Accounts verified and ready to publish apps on Google Play. Get Old Developer accounts and publish your android apps instantly.","og_url":"https:\/\/buyadsaccounts.net\/lt\/metu\/pirkti-google-play-kureju-paskyras\/","og_site_name":"BuyAdsAccounts","article_modified_time":"2026-02-01T17:23:33+00:00","og_image":[{"width":271,"height":300,"url":"https:\/\/buyadsaccounts.net\/wp-content\/uploads\/2024\/04\/google-play-developer-accounts.png","type":"image\/png"}],"twitter_card":"summary_large_image","twitter_misc":{"Est. reading time":"3 minut\u0117s"},"schema":{"@context":"https:\/\/schema.org","@graph":[{"@type":"WebPage","@id":"https:\/\/buyadsaccounts.net\/gads\/buy-google-play-developer-accounts\/","url":"https:\/\/buyadsaccounts.net\/gads\/buy-google-play-developer-accounts\/","name":"Pirkite \"Google Play\" programuotoj\u0173 paskyras - publikuokite programas \"Google Play","isPartOf":{"@id":"https:\/\/buyadsaccounts.net\/#website"},"primaryImageOfPage":{"@id":"https:\/\/buyadsaccounts.net\/gads\/buy-google-play-developer-accounts\/#primaryimage"},"image":{"@id":"https:\/\/buyadsaccounts.net\/gads\/buy-google-play-developer-accounts\/#primaryimage"},"thumbnailUrl":"https:\/\/buyadsaccounts.net\/wp-content\/uploads\/2024\/04\/google-play-developer-accounts.png","datePublished":"2024-04-01T15:07:14+00:00","dateModified":"2026-02-01T17:23:33+00:00","description":"\u012esigykite patikrintas \"Google Play\" programuotojo paskyras ir b\u016bkite pasireng\u0119 skelbti programas \"Google Play\". Gaukite senas k\u016br\u0117j\u0173 paskyras ir i\u0161 karto paskelbkite savo \"Android\" program\u0117les.","breadcrumb":{"@id":"https:\/\/buyadsaccounts.net\/gads\/buy-google-play-developer-accounts\/#breadcrumb"},"inLanguage":"lt-LT","potentialAction":[{"@type":"ReadAction","target":["https:\/\/buyadsaccounts.net\/gads\/buy-google-play-developer-accounts\/"]}]},{"@type":"ImageObject","inLanguage":"lt-LT","@id":"https:\/\/buyadsaccounts.net\/gads\/buy-google-play-developer-accounts\/#primaryimage","url":"https:\/\/buyadsaccounts.net\/wp-content\/uploads\/2024\/04\/google-play-developer-accounts.png","contentUrl":"https:\/\/buyadsaccounts.net\/wp-content\/uploads\/2024\/04\/google-play-developer-accounts.png","width":271,"height":300},{"@type":"BreadcrumbList","@id":"https:\/\/buyadsaccounts.net\/gads\/buy-google-play-developer-accounts\/#breadcrumb","itemListElement":[{"@type":"ListItem","position":1,"name":"Home","item":"https:\/\/buyadsaccounts.net\/"},{"@type":"ListItem","position":2,"name":"Shop","item":"https:\/\/buyadsaccounts.net\/ar\/%d9%85%d8%aa%d8%ac%d8%b1\/"},{"@type":"ListItem","position":3,"name":"Buy Google Play Developer Accounts"}]},{"@type":"WebSite","@id":"https:\/\/buyadsaccounts.net\/#website","url":"https:\/\/buyadsaccounts.net\/","name":"BuyAdsAccounts","description":"","publisher":{"@id":"https:\/\/buyadsaccounts.net\/#organization"},"potentialAction":[{"@type":"SearchAction","target":{"@type":"EntryPoint","urlTemplate":"https:\/\/buyadsaccounts.net\/?s={search_term_string}"},"query-input":{"@type":"PropertyValueSpecification","valueRequired":true,"valueName":"search_term_string"}}],"inLanguage":"lt-LT"},{"@type":"Organization","@id":"https:\/\/buyadsaccounts.net\/#organization","name":"Pirkti \"Google\" skelbim\u0173 paskyras","url":"https:\/\/buyadsaccounts.net\/","logo":{"@type":"ImageObject","inLanguage":"lt-LT","@id":"https:\/\/buyadsaccounts.net\/#\/schema\/logo\/image\/","url":"https:\/\/buyadsaccounts.net\/wp-content\/uploads\/2024\/12\/buyads-fav.jpg","contentUrl":"https:\/\/buyadsaccounts.net\/wp-content\/uploads\/2024\/12\/buyads-fav.jpg","width":512,"height":512,"caption":"Buy Google Ads Accounts"},"image":{"@id":"https:\/\/buyadsaccounts.net\/#\/schema\/logo\/image\/"}}]}},"wcpa_form_fields":{"wcpaData":{"product":{"product_price":0,"price_html":"<span class=\"woocommerce-Price-amount amount\"><bdi>0<span class=\"woocommerce-Price-currencySymbol\">&#36;<\/span><\/bdi><\/span>","original_product_price":0,"price_including_tax":0,"price_excluding_tax":0,"product_id":{"parent":4935,"variation":false},"is_variable":false,"stock_status":"instock","stock_quantity":null,"parent_sku":"","product_attributes":[],"custom_fields":[],"is_taxable":false,"product_name":"Buy Google Play Developer Accounts","hasImage":false},"fields":{"sec_9695e96a865897":{"extra":{"key":"sec_9695e96a865897","section_id":"sec_9695e96a865897","name":"Default","status":1,"cl_rule":"show","enableCl":false,"relations":[],"toggle":true,"title_tag":"h3","show_title":false,"showPrice":"default","form_id":4937,"form_rules":{"exclude_from_discount":false,"fee_label":"Tax\u0103","disp_hide_options_price":false,"disp_show_section_price":false,"disp_show_field_price":true,"layout_option":"standard","pric_use_as_fee":false,"process_fee_as":"woo_fee"},"layout_option":"standard"},"fields":[[{"type":"checkbox-group","required":true,"elementId":"wcpa-checkbox-group-660ad04fb5bd7","label":"Account Options","enablePrice":true,"priceOptions":"different_for_all","pricingType":"fixed","price":"100","name":"checkbox-group-660ad04fb5be0","min_options":"1","other_text":"Other","cl_rule":"show","col":6,"values":[{"label":"2022 Personal Account","value":"202gpl","price":"350","pimage":"","pimage_id":"","pthumb":"","gt_translate_keys":["label"]},{"label":"2023 Personal Account","value":"old202","price":"250","pimage":"","pimage_id":"","pthumb":"","gt_translate_keys":["label"]},{"label":"New Personal Account with 20 Testers","value":"newcac","price":"150","pimage":"","pimage_id":"","pthumb":"","gt_translate_keys":["label"]},{"label":"2022 Organization Account","value":"org2022","price":"550","pimage":"","pimage_id":"","pthumb":"","gt_translate_keys":["label"]},{"label":"2023 Organization Account","value":"mfk2023","price":"400","pimage":"","pimage_id":"","pthumb":"","gt_translate_keys":["label"]}],"relations":false,"active":true,"tooltip":"","layOut":"","isWeightTemplate":false,"error":false,"isTemplate":false,"checkUi":"","min_quantity":"1","quantity_decimal":false,"quantity_step":"1","quantity_label":"Quantity","repeater_field_label":"{field_label}","repeater_bind":"","gt_translate_keys":["label","tooltip","repeater_field_label","quantity_label"],"price_dependency":false,"cl_dependency":false,"value":""}],[{"type":"checkbox-group","elementId":"wcpa-checkbox-group-660ad04fb5be7","label":"Extra Services","enablePrice":true,"priceOptions":"different_for_all","pricingType":"fixed","price":"100","name":"checkbox-group-660ad04fb5bee","min_options":"1","other_text":"Other","cl_rule":"show","col":6,"values":[{"label":"Keyword App Installs","value":"appinsla","price":"0","pimage":"","pimage_id":"","pthumb":"","tempId":"aco_4795","gt_translate_keys":["label"]},{"label":"App Reviews + Rating","value":"apprev","price":"0","pimage":"","pimage_id":"","pthumb":"","tempId":"aco_4796","gt_translate_keys":["label"]},{"label":"Publish my App","value":"pub20","price":"100","pimage":"","pimage_id":"","pthumb":"","tempId":"aco_4797","gt_translate_keys":["label"]},{"label":"Premium Proxy","value":"prempxa","selected":false,"tempId":"aco_4807","price":"20","gt_translate_keys":["label"]},{"label":"Premium Warranty","value":"premwar","selected":false,"tempId":"aco_1481","price":"1000","gt_translate_keys":["label"]}],"relations":false,"active":true,"tooltip":"<a href=\"https:\/\/help.buyadsaccounts.net\/hc\/helpcenter\/articles\/1754560957-additional-options\" target=\"blank\">Read More<\/a>","layOut":"","isWeightTemplate":false,"error":false,"isTemplate":false,"checkUi":"","min_quantity":"1","quantity_decimal":false,"quantity_step":"1","quantity_label":"Quantity","repeater_field_label":"{field_label}","repeater_bind":"","gt_translate_keys":["label","tooltip","repeater_field_label","quantity_label"],"price_dependency":false,"cl_dependency":["wcpa-checkbox-group-660ad04fb5bf4","wcpa-checkbox-group-1711985087713"],"value":""}],[{"type":"checkbox-group","required":true,"elementId":"wcpa-checkbox-group-660ad04fb5bf4","label":"How many Installs?","enablePrice":true,"priceOptions":"different_for_all","pricingType":"fixed","price":"100","name":"checkbox-group-660ad04fb5bfb","min_options":"1","other_text":"Other","enableCl":true,"cl_rule":"show","cl_val":"appinsla","col":6,"values":[{"label":"1000 App Installs","value":"500ins","price":"100","pimage":"","pimage_id":"","pthumb":"","gt_translate_keys":["label"]},{"label":"5000 App Installs","value":"500app","price":"400","pimage":"","pimage_id":"","pthumb":"","gt_translate_keys":["label"]},{"label":"10.000 App Installs","value":"10kapp","price":"800","pimage":"","pimage_id":"","pthumb":"","gt_translate_keys":["label"]},{"label":"50.000 App Installs","value":"50appins","price":"3500","pimage":"","pimage_id":"","pthumb":"","gt_translate_keys":["label"]},{"label":"100.000 App Installs","value":"100apsin","price":"5000","pimage":"","pimage_id":"","pthumb":"","gt_translate_keys":["label"]}],"relations":[{"operator":false,"rules":[{"operator":false,"rules":{"cl_field":"wcpa-checkbox-group-660ad04fb5be7","cl_relation":"is","cl_val":"appinsla"}}]}],"active":true,"tooltip":"","layOut":"","gt_translate_keys":["label","tooltip"],"price_dependency":false,"cl_dependency":false,"value":""}],[{"type":"checkbox-group","required":true,"elementId":"wcpa-checkbox-group-1711985087713","label":"How many Reviews?","enablePrice":true,"priceOptions":"different_for_all","pricingType":"fixed","price":"100","name":"checkbox-group-1711985087712","min_options":"1","other_text":"Other","enableCl":true,"cl_rule":"show","cl_val":"apprev","col":6,"values":[{"label":"500 Reviews + Ratings Random","value":"500rev","price":"250","pimage":"","pimage_id":"","pthumb":"","gt_translate_keys":["label"]},{"label":"1000 Reviews + Ratings Random","value":"100revw","price":"500","pimage":"","pimage_id":"","pthumb":"","gt_translate_keys":["label"]},{"label":"5000 Reviews + Ratings Random","value":"r00anr","price":"2000","pimage":"","pimage_id":"","pthumb":"","gt_translate_keys":["label"]},{"label":"10.000 Reviews + Ratings Random","value":"10ren","price":"4000","pimage":"","pimage_id":"","pthumb":"","gt_translate_keys":["label"]},{"label":"500 Reviews + Ratings Custom","value":"500ccus","price":"350","pimage":"","pimage_id":"","pthumb":"","gt_translate_keys":["label"]},{"label":"1000 Reviews + Ratings Custom","value":"100cus","price":"600","pimage":"","pimage_id":"","pthumb":"","gt_translate_keys":["label"]},{"label":"5000 Reviews + Ratings Custom","value":"500cus","price":"2500","pimage":"","pimage_id":"","pthumb":"","gt_translate_keys":["label"]}],"relations":[{"operator":false,"rules":[{"operator":false,"rules":{"cl_field":"wcpa-checkbox-group-660ad04fb5be7","cl_relation":"is","cl_val":"apprev"}}]}],"active":true,"tooltip":"","layOut":"","gt_translate_keys":["label","tooltip"],"price_dependency":false,"cl_dependency":false,"value":""}]]}},"config":{"price_override":"","enable_recaptcha":false,"bind_quantity":false,"quantity_bind_formula":false,"disp_summ_show_option_price":false,"disp_summ_show_product_price":false,"disp_summ_show_total_price":true,"disp_summ_show_fee":false,"disp_summ_show_discount":false,"summary_title":"","options_total_label":"Op\u021biuni Pre\u021b","total_label":"Total","options_product_label":"Pre\u021bul produsului","fee_label":"Tax\u0103","discount_label":"Reducere","has_price":true,"has_quantity_formula":false},"mc_unit":1,"tax_rate":1,"tax_rate_real":1,"discount":{"percentage":0,"fixed":0},"design":{"conf":{"LabelPosition":"above","DescPosition":"above","UploadField":"custom_1","QuantityFieldStyle":"default"},"css":{"LeftLabelWidth":"120px"}},"formulas":[],"lookuptables":[],"clones":false,"cartKey":false}},"_links":{"self":[{"href":"https:\/\/buyadsaccounts.net\/lt\/wp-json\/wp\/v2\/product\/4935","targetHints":{"allow":["GET"]}}],"collection":[{"href":"https:\/\/buyadsaccounts.net\/lt\/wp-json\/wp\/v2\/product"}],"about":[{"href":"https:\/\/buyadsaccounts.net\/lt\/wp-json\/wp\/v2\/types\/product"}],"version-history":[{"count":1,"href":"https:\/\/buyadsaccounts.net\/lt\/wp-json\/wp\/v2\/product\/4935\/revisions"}],"predecessor-version":[{"id":9546,"href":"https:\/\/buyadsaccounts.net\/lt\/wp-json\/wp\/v2\/product\/4935\/revisions\/9546"}],"wp:featuredmedia":[{"embeddable":true,"href":"https:\/\/buyadsaccounts.net\/lt\/wp-json\/wp\/v2\/media\/4936"}],"wp:attachment":[{"href":"https:\/\/buyadsaccounts.net\/lt\/wp-json\/wp\/v2\/media?parent=4935"}],"wp:term":[{"taxonomy":"product_brand","embeddable":true,"href":"https:\/\/buyadsaccounts.net\/lt\/wp-json\/wp\/v2\/product_brand?post=4935"},{"taxonomy":"product_cat","embeddable":true,"href":"https:\/\/buyadsaccounts.net\/lt\/wp-json\/wp\/v2\/product_cat?post=4935"},{"taxonomy":"product_tag","embeddable":true,"href":"https:\/\/buyadsaccounts.net\/lt\/wp-json\/wp\/v2\/product_tag?post=4935"}],"curies":[{"name":"wp","href":"https:\/\/api.w.org\/{rel}","templated":true}]}}