{"id":3411,"date":"2022-09-01T10:39:12","date_gmt":"2022-09-01T08:39:12","guid":{"rendered":"https:\/\/rentaccounts.net\/?post_type=product&#038;p=3411"},"modified":"2026-02-01T17:25:32","modified_gmt":"2026-02-01T17:25:32","slug":"facebook-skelbimu-paskyra","status":"publish","type":"product","link":"https:\/\/buyadsaccounts.net\/lt\/metu\/facebook-skelbimu-paskyra\/","title":{"rendered":"Pirkti \"Facebook\" skelbim\u0173 paskyr\u0105"},"content":{"rendered":"<h2>\"Facebook\" skelbim\u0173 paskyr\u0173 pirkimo privalumai<\/h2>\n<p>Norite padidinti savo \u012fmon\u0117s \u017einomum\u0105 internete ir pasiekti platesn\u0119 auditorij\u0105? Vienas i\u0161 veiksming\u0173 b\u016bd\u0173 tai pasiekti - naudoti \"Facebook\" skelbimus. Ta\u010diau keli\u0173 \"Facebook Ads\" paskyr\u0173 k\u016brimas ir valdymas gali u\u017eimti daug laiko ir b\u016bti sud\u0117tingas. \u0160tai \u010dia \"Facebook Ads\" paskyr\u0173 pirkimas gali pakeisti j\u016bs\u0173 rinkodaros strategij\u0105. \u0160iame tinklara\u0161\u010dio \u012fra\u0161e nagrin\u0117sime \"Facebook Ads\" paskyr\u0173 pirkimo privalumus ir kaip jos gali pad\u0117ti jums pasiekti j\u016bs\u0173 verslo tikslus.<\/p>\n<h3>1. Didesnis pasiekiamumas ir matomumas<\/h3>\n<p>\u012esigij\u0119 \"Facebook Ads\" paskyras, i\u0161 karto gaunate prieig\u0105 prie platesnio potenciali\u0173 klient\u0173 tinklo. Tur\u0117dami kelias paskyras, galite orientuotis \u012f skirtingas demografines grupes, interesus ir vietoves, taip u\u017etikrindami, kad j\u016bs\u0173 skelbimai pasiekt\u0173 reikiam\u0105 auditorij\u0105. \u0160is didesnis pasiekiamumas ir matomumas gali gerokai padidinti j\u016bs\u0173 galimybes pritraukti nauj\u0173 klient\u0173 ir padidinti pardavimus.<\/p>\n<h3>2. Ekonomi\u0161kai efektyvi reklama<\/h3>\n<p>\"Facebook Ads\" kampanij\u0173 vykdymas gali b\u016bti brangus, ypa\u010d jei orientuojat\u0117s \u012f didel\u0119 auditorij\u0105. \u012esigij\u0119 \"Facebook Ads\" paskyras, galite paskirstyti reklamos biud\u017eet\u0105 kelioms paskyroms, tod\u0117l gal\u0117site pasiekti daugiau \u017emoni\u0173, nesugadindami banko. \u0160is ekonomi\u0161kai efektyvus metodas leid\u017eia maksimaliai padidinti investicij\u0173 gr\u0105\u017e\u0105 ir maksimaliai i\u0161naudoti reklamos biud\u017eet\u0105.<\/p>\n<h3>3. Lengvas A\/B testavimas<\/h3>\n<p>Vienas i\u0161 s\u0117kmingos reklamos rakt\u0173 yra kampanij\u0173 testavimas ir optimizavimas. \u012esigydami \"Facebook Ads\" paskyras, turite galimyb\u0119 efektyviau atlikti A\/B testus. Suk\u016br\u0119 kelias paskyras, galite vienu metu i\u0161bandyti skirtingus skelbim\u0173 k\u016brybos elementus, antra\u0161tes ir nukreipimo parinktis. Taip galite surinkti verting\u0173 duomen\u0173 ir \u012f\u017evalg\u0173, padedan\u010di\u0173 tobulinti reklamos strategij\u0105, kad pasiektum\u0117te geresni\u0173 rezultat\u0173.<\/p>\n<h3>4. Patobulintas skelbim\u0173 paskyros saugumas<\/h3>\n<p>Saugumas yra svarbiausias prioritetas tvarkant reklamos internete paskyras. \u012esigydami \"Facebook Ads\" paskyras, galite suma\u017einti rizik\u0105, kad j\u016bs\u0173 pagrindin\u0117 paskyra gali b\u016bti pa\u017eeista. Keli\u0173 paskyr\u0173 tur\u0117jimas suteikia papildom\u0105 saugumo lyg\u012f, nes bet kokios problemos, susijusios su viena paskyra, netur\u0117s \u012ftakos kitoms. D\u0117l \u0161ios ramyb\u0117s gal\u0117site susitelkti \u012f kampanij\u0173 vykdym\u0105 nesijaudindami d\u0117l galim\u0173 saugumo pa\u017eeidim\u0173.<\/p>\n<h3>5. Taupo laik\u0105 ir yra efektyvus<\/h3>\n<p>Keli\u0173 \"Facebook Ads\" paskyr\u0173 k\u016brimas ir valdymas gali atimti daug laiko ir b\u016bti labai sud\u0117tingas. \u012esigydami \"Facebook Ads\" paskyras galite sutaupyti brangaus laiko ir pastang\u0173. U\u017euot prad\u0117j\u0119 nuo nulio, galite pasinaudoti jau sukurtomis ir paruo\u0161tomis paskyromis. Tai leid\u017eia susitelkti \u012f kampanij\u0173 optimizavim\u0105 ir rinkodaros tiksl\u0173 siekim\u0105 be paskyr\u0173 k\u016brimo ir valdymo r\u016bpes\u010di\u0173.<\/p>\n<h3>I\u0161vada<\/h3>\n<p>\"Facebook Ads\" paskyr\u0173 pirkimas gali b\u016bti protingas \u017eingsnis \u012fmon\u0117ms, norin\u010dioms i\u0161pl\u0117sti savo pasiekiamum\u0105 internete ir maksimaliai padidinti reklamos pastangas. D\u0117l didesnio pasiekiamumo ir matomumo, ekonomi\u0161kos reklamos, supaprastinto A\/B testavimo, didesnio saugumo ir laiko taupymo, \"Facebook Ads\" paskyr\u0173 \u012fsigijimas gali suteikti j\u016bs\u0173 \u012fmonei konkurencin\u012f prana\u0161um\u0105. Taigi, kam laukti? Prad\u0117kite tyrin\u0117ti turimas galimybes ir pakelkite savo \"Facebook\" reklamos strategij\u0105 \u012f naujas auk\u0161tumas!<\/p>\n<p>&nbsp;<\/p>","protected":false},"excerpt":{"rendered":"<p>Ie\u0161kote \"Facebook Ads\" paskyros, kad gal\u0117tum\u0117te vykdyti kampanijas \"Facebook\"? Galime suteikti visi\u0161kai patikrint\u0105 \"Facebook Ads\" paskyr\u0105 su \"Business Manager\".<\/p>","protected":false},"featured_media":3412,"template":"","meta":{"_acf_changed":false,"_glsr_average":5,"_glsr_ranking":4.7058823529412,"_glsr_reviews":41},"product_brand":[],"product_cat":[162],"product_tag":[],"class_list":{"0":"post-3411","1":"product","2":"type-product","3":"status-publish","4":"has-post-thumbnail","6":"product_cat-facebook-ads-account","7":"wcpa_has_options","9":"first","10":"instock","11":"purchasable","12":"product-type-simple"},"acf":[],"yoast_head":"<!-- This site is optimized with the Yoast SEO Premium plugin v26.7 (Yoast SEO v27.4) - https:\/\/yoast.com\/product\/yoast-seo-premium-wordpress\/ -->\n<title>Buy Facebook Ads Accounts - Business Manager Verified<\/title>\n<meta name=\"description\" content=\"Buy Facebook Ads accounts with verified Business Manager. Premium accounts ready to publish campaigns instantly. Advertise on Facebook Ads with our accounts.\" \/>\n<meta name=\"robots\" content=\"index, follow, max-snippet:-1, max-image-preview:large, max-video-preview:-1\" \/>\n<link rel=\"canonical\" href=\"https:\/\/buyadsaccounts.net\/lt\/metu\/facebook-skelbimu-paskyra\/\" \/>\n<meta property=\"og:locale\" content=\"lt_LT\" \/>\n<meta property=\"og:type\" content=\"article\" \/>\n<meta property=\"og:title\" content=\"Buy Facebook Ads Account\" \/>\n<meta property=\"og:description\" content=\"Buy Facebook Ads accounts with verified Business Manager. Premium accounts ready to publish campaigns instantly. Advertise on Facebook Ads with our accounts.\" \/>\n<meta property=\"og:url\" content=\"https:\/\/buyadsaccounts.net\/lt\/metu\/facebook-skelbimu-paskyra\/\" \/>\n<meta property=\"og:site_name\" content=\"BuyAdsAccounts\" \/>\n<meta property=\"article:modified_time\" content=\"2026-02-01T17:25:32+00:00\" \/>\n<meta property=\"og:image\" content=\"https:\/\/buyadsaccounts.net\/wp-content\/uploads\/2022\/09\/facebook-ads-accounts-marketplace.jpg\" \/>\n\t<meta property=\"og:image:width\" content=\"600\" \/>\n\t<meta property=\"og:image:height\" content=\"600\" \/>\n\t<meta property=\"og:image:type\" content=\"image\/jpeg\" \/>\n<meta name=\"twitter:card\" content=\"summary_large_image\" \/>\n<meta name=\"twitter:label1\" content=\"Est. reading time\" \/>\n\t<meta name=\"twitter:data1\" content=\"3 minut\u0117s\" \/>\n<script type=\"application\/ld+json\" class=\"yoast-schema-graph\">{\"@context\":\"https:\\\/\\\/schema.org\",\"@graph\":[{\"@type\":\"WebPage\",\"@id\":\"https:\\\/\\\/buyadsaccounts.net\\\/gads\\\/facebook-ads-account\\\/\",\"url\":\"https:\\\/\\\/buyadsaccounts.net\\\/gads\\\/facebook-ads-account\\\/\",\"name\":\"Buy Facebook Ads Accounts - Business Manager Verified\",\"isPartOf\":{\"@id\":\"https:\\\/\\\/buyadsaccounts.net\\\/#website\"},\"primaryImageOfPage\":{\"@id\":\"https:\\\/\\\/buyadsaccounts.net\\\/gads\\\/facebook-ads-account\\\/#primaryimage\"},\"image\":{\"@id\":\"https:\\\/\\\/buyadsaccounts.net\\\/gads\\\/facebook-ads-account\\\/#primaryimage\"},\"thumbnailUrl\":\"https:\\\/\\\/buyadsaccounts.net\\\/wp-content\\\/uploads\\\/2022\\\/09\\\/facebook-ads-accounts-marketplace.jpg\",\"datePublished\":\"2022-09-01T08:39:12+00:00\",\"dateModified\":\"2026-02-01T17:25:32+00:00\",\"description\":\"Buy Facebook Ads accounts with verified Business Manager. Premium accounts ready to publish campaigns instantly. Advertise on Facebook Ads with our accounts.\",\"breadcrumb\":{\"@id\":\"https:\\\/\\\/buyadsaccounts.net\\\/gads\\\/facebook-ads-account\\\/#breadcrumb\"},\"inLanguage\":\"lt-LT\",\"potentialAction\":[{\"@type\":\"ReadAction\",\"target\":[\"https:\\\/\\\/buyadsaccounts.net\\\/gads\\\/facebook-ads-account\\\/\"]}]},{\"@type\":\"ImageObject\",\"inLanguage\":\"lt-LT\",\"@id\":\"https:\\\/\\\/buyadsaccounts.net\\\/gads\\\/facebook-ads-account\\\/#primaryimage\",\"url\":\"https:\\\/\\\/buyadsaccounts.net\\\/wp-content\\\/uploads\\\/2022\\\/09\\\/facebook-ads-accounts-marketplace.jpg\",\"contentUrl\":\"https:\\\/\\\/buyadsaccounts.net\\\/wp-content\\\/uploads\\\/2022\\\/09\\\/facebook-ads-accounts-marketplace.jpg\",\"width\":600,\"height\":600},{\"@type\":\"BreadcrumbList\",\"@id\":\"https:\\\/\\\/buyadsaccounts.net\\\/gads\\\/facebook-ads-account\\\/#breadcrumb\",\"itemListElement\":[{\"@type\":\"ListItem\",\"position\":1,\"name\":\"Home\",\"item\":\"https:\\\/\\\/buyadsaccounts.net\\\/\"},{\"@type\":\"ListItem\",\"position\":2,\"name\":\"Shop\",\"item\":\"https:\\\/\\\/buyadsaccounts.net\\\/ar\\\/%d9%85%d8%aa%d8%ac%d8%b1\\\/\"},{\"@type\":\"ListItem\",\"position\":3,\"name\":\"Buy Facebook Ads Account\"}]},{\"@type\":\"WebSite\",\"@id\":\"https:\\\/\\\/buyadsaccounts.net\\\/#website\",\"url\":\"https:\\\/\\\/buyadsaccounts.net\\\/\",\"name\":\"BuyAdsAccounts\",\"description\":\"\",\"publisher\":{\"@id\":\"https:\\\/\\\/buyadsaccounts.net\\\/#organization\"},\"potentialAction\":[{\"@type\":\"SearchAction\",\"target\":{\"@type\":\"EntryPoint\",\"urlTemplate\":\"https:\\\/\\\/buyadsaccounts.net\\\/?s={search_term_string}\"},\"query-input\":{\"@type\":\"PropertyValueSpecification\",\"valueRequired\":true,\"valueName\":\"search_term_string\"}}],\"inLanguage\":\"lt-LT\"},{\"@type\":\"Organization\",\"@id\":\"https:\\\/\\\/buyadsaccounts.net\\\/#organization\",\"name\":\"Buy Google Ads Accounts\",\"url\":\"https:\\\/\\\/buyadsaccounts.net\\\/\",\"logo\":{\"@type\":\"ImageObject\",\"inLanguage\":\"lt-LT\",\"@id\":\"https:\\\/\\\/buyadsaccounts.net\\\/#\\\/schema\\\/logo\\\/image\\\/\",\"url\":\"https:\\\/\\\/buyadsaccounts.net\\\/wp-content\\\/uploads\\\/2024\\\/12\\\/buyads-fav.jpg\",\"contentUrl\":\"https:\\\/\\\/buyadsaccounts.net\\\/wp-content\\\/uploads\\\/2024\\\/12\\\/buyads-fav.jpg\",\"width\":512,\"height\":512,\"caption\":\"Buy Google Ads Accounts\"},\"image\":{\"@id\":\"https:\\\/\\\/buyadsaccounts.net\\\/#\\\/schema\\\/logo\\\/image\\\/\"}}]}<\/script>\n<!-- \/ Yoast SEO Premium plugin. -->","yoast_head_json":{"title":"Pirkti \"Facebook\" skelbim\u0173 paskyras - Verslo vadybininkas Patikrinta","description":"Pirkite \"Facebook\" skelbim\u0173 paskyras su patikrintu verslo vadybininku. \"Premium\" paskyros, paruo\u0161tos akimirksniu skelbti kampanijas. Reklamuokite \"Facebook Ads\" su m\u016bs\u0173 paskyromis.","robots":{"index":"index","follow":"follow","max-snippet":"max-snippet:-1","max-image-preview":"max-image-preview:large","max-video-preview":"max-video-preview:-1"},"canonical":"https:\/\/buyadsaccounts.net\/lt\/metu\/facebook-skelbimu-paskyra\/","og_locale":"lt_LT","og_type":"article","og_title":"Buy Facebook Ads Account","og_description":"Buy Facebook Ads accounts with verified Business Manager. Premium accounts ready to publish campaigns instantly. Advertise on Facebook Ads with our accounts.","og_url":"https:\/\/buyadsaccounts.net\/lt\/metu\/facebook-skelbimu-paskyra\/","og_site_name":"BuyAdsAccounts","article_modified_time":"2026-02-01T17:25:32+00:00","og_image":[{"width":600,"height":600,"url":"https:\/\/buyadsaccounts.net\/wp-content\/uploads\/2022\/09\/facebook-ads-accounts-marketplace.jpg","type":"image\/jpeg"}],"twitter_card":"summary_large_image","twitter_misc":{"Est. reading time":"3 minut\u0117s"},"schema":{"@context":"https:\/\/schema.org","@graph":[{"@type":"WebPage","@id":"https:\/\/buyadsaccounts.net\/gads\/facebook-ads-account\/","url":"https:\/\/buyadsaccounts.net\/gads\/facebook-ads-account\/","name":"Pirkti \"Facebook\" skelbim\u0173 paskyras - Verslo vadybininkas Patikrinta","isPartOf":{"@id":"https:\/\/buyadsaccounts.net\/#website"},"primaryImageOfPage":{"@id":"https:\/\/buyadsaccounts.net\/gads\/facebook-ads-account\/#primaryimage"},"image":{"@id":"https:\/\/buyadsaccounts.net\/gads\/facebook-ads-account\/#primaryimage"},"thumbnailUrl":"https:\/\/buyadsaccounts.net\/wp-content\/uploads\/2022\/09\/facebook-ads-accounts-marketplace.jpg","datePublished":"2022-09-01T08:39:12+00:00","dateModified":"2026-02-01T17:25:32+00:00","description":"Pirkite \"Facebook\" skelbim\u0173 paskyras su patikrintu verslo vadybininku. \"Premium\" paskyros, paruo\u0161tos akimirksniu skelbti kampanijas. Reklamuokite \"Facebook Ads\" su m\u016bs\u0173 paskyromis.","breadcrumb":{"@id":"https:\/\/buyadsaccounts.net\/gads\/facebook-ads-account\/#breadcrumb"},"inLanguage":"lt-LT","potentialAction":[{"@type":"ReadAction","target":["https:\/\/buyadsaccounts.net\/gads\/facebook-ads-account\/"]}]},{"@type":"ImageObject","inLanguage":"lt-LT","@id":"https:\/\/buyadsaccounts.net\/gads\/facebook-ads-account\/#primaryimage","url":"https:\/\/buyadsaccounts.net\/wp-content\/uploads\/2022\/09\/facebook-ads-accounts-marketplace.jpg","contentUrl":"https:\/\/buyadsaccounts.net\/wp-content\/uploads\/2022\/09\/facebook-ads-accounts-marketplace.jpg","width":600,"height":600},{"@type":"BreadcrumbList","@id":"https:\/\/buyadsaccounts.net\/gads\/facebook-ads-account\/#breadcrumb","itemListElement":[{"@type":"ListItem","position":1,"name":"Home","item":"https:\/\/buyadsaccounts.net\/"},{"@type":"ListItem","position":2,"name":"Shop","item":"https:\/\/buyadsaccounts.net\/ar\/%d9%85%d8%aa%d8%ac%d8%b1\/"},{"@type":"ListItem","position":3,"name":"Buy Facebook Ads Account"}]},{"@type":"WebSite","@id":"https:\/\/buyadsaccounts.net\/#website","url":"https:\/\/buyadsaccounts.net\/","name":"BuyAdsAccounts","description":"","publisher":{"@id":"https:\/\/buyadsaccounts.net\/#organization"},"potentialAction":[{"@type":"SearchAction","target":{"@type":"EntryPoint","urlTemplate":"https:\/\/buyadsaccounts.net\/?s={search_term_string}"},"query-input":{"@type":"PropertyValueSpecification","valueRequired":true,"valueName":"search_term_string"}}],"inLanguage":"lt-LT"},{"@type":"Organization","@id":"https:\/\/buyadsaccounts.net\/#organization","name":"Pirkti \"Google\" skelbim\u0173 paskyras","url":"https:\/\/buyadsaccounts.net\/","logo":{"@type":"ImageObject","inLanguage":"lt-LT","@id":"https:\/\/buyadsaccounts.net\/#\/schema\/logo\/image\/","url":"https:\/\/buyadsaccounts.net\/wp-content\/uploads\/2024\/12\/buyads-fav.jpg","contentUrl":"https:\/\/buyadsaccounts.net\/wp-content\/uploads\/2024\/12\/buyads-fav.jpg","width":512,"height":512,"caption":"Buy Google Ads Accounts"},"image":{"@id":"https:\/\/buyadsaccounts.net\/#\/schema\/logo\/image\/"}}]}},"wcpa_form_fields":{"wcpaData":{"product":{"product_price":0,"price_html":"<span class=\"woocommerce-Price-amount amount\"><bdi>0<span class=\"woocommerce-Price-currencySymbol\">&#36;<\/span><\/bdi><\/span>","original_product_price":0,"price_including_tax":0,"price_excluding_tax":0,"product_id":{"parent":3411,"variation":false},"is_variable":false,"stock_status":"instock","stock_quantity":null,"parent_sku":"","product_attributes":[],"custom_fields":[],"is_taxable":false,"product_name":"Buy Facebook Ads Account","hasImage":false},"fields":{"sec_9676e73d9751a8":{"extra":{"key":"sec_9676e73d9751a8","section_id":"sec_9676e73d9751a8","name":"Default","status":1,"cl_rule":"show","enableCl":false,"relations":[],"toggle":true,"title_tag":"h3","show_title":false,"showPrice":"default","form_id":4409,"form_rules":{"exclude_from_discount":false,"fee_label":"\u00dccret","disp_hide_options_price":false,"disp_show_section_price":false,"disp_show_field_price":true,"layout_option":"standard","pric_use_as_fee":false,"process_fee_as":"woo_fee"},"layout_option":"standard"},"fields":[[{"type":"checkbox-group","required":true,"elementId":"wcpa-checkbox-group-1643471137938","label":"Account Options","enablePrice":true,"priceOptions":"different_for_all","pricingType":"fixed","price":"100","name":"checkbox-group-1643471137938","min_options":"1","other_text":"Other","cl_rule":"show","col":6,"values":[{"label":"2021 USD Account","value":"usd-account-buy1","price":"300","pimage":"","pimage_id":"","pthumb":"","gt_translate_keys":["label"]},{"label":"2022 EUR Account","value":"eur-account-buy1","price":"300","pimage":"","pimage_id":"","pthumb":"","gt_translate_keys":["label"]},{"label":"2023 GBP Account","value":"gbp-account-buy1","price":"200","pimage":"","pimage_id":"","pthumb":"","gt_translate_keys":["label"]}],"relations":false,"active":true,"tooltip":"","layOut":"inline","isWeightTemplate":false,"error":false,"isTemplate":false,"checkUi":"","min_quantity":"1","quantity_decimal":false,"quantity_step":"1","quantity_label":"Quantity","repeater_field_label":"{field_label}","repeater_bind":"","gt_translate_keys":["label","tooltip","repeater_field_label","quantity_label"],"price_dependency":false,"cl_dependency":false,"value":""}],[{"type":"checkbox-group","elementId":"wcpa-checkbox-group-1708272968133","label":"Extra Services","enablePrice":true,"priceOptions":"different_for_all","pricingType":"fixed","price":"100","name":"checkbox-group-1708272968132","min_options":"1","other_text":"Other","enableCl":false,"cl_rule":"show","cl_val":"addcc","col":6,"values":[{"label":"Credit Card","value":"addcc","price":"100","pimage":"","pimage_id":"","pthumb":"","tempId":"aco_3459","gt_translate_keys":["label"]},{"label":"Cloaking ( Crypto, IPTV, Gambling, Casino, Affiliate)","value":"blak-cat","price":"100","pimage":"","pimage_id":"","pthumb":"","tempId":"aco_3460","gt_translate_keys":["label"]},{"label":"Ads Manager","value":"ama02","price":"100","pimage":"","pimage_id":"","pthumb":"","tempId":"aco_3461","gt_translate_keys":["label"]},{"label":"Premium Proxy","value":"prexpxo","selected":false,"tempId":"aco_3543","price":"20","gt_translate_keys":["label"]},{"label":"Premium Warranty","value":"premwar","selected":false,"tempId":"aco_1207","price":"500","gt_translate_keys":["label"]}],"relations":[{"operator":false,"rules":[{"operator":false,"rules":{"cl_field":"wcpa-checkbox-group-1708272968133","cl_relation":"is","cl_val":"addcc"}}]}],"active":true,"tooltip":"<a href=\"https:\/\/help.buyadsaccounts.net\/hc\/helpcenter\/articles\/1754560957-additional-options\" target=\"blank\">Read More<\/a>","layOut":"","checkUi":"","error":false,"isWeightTemplate":false,"isTemplate":false,"min_quantity":"1","quantity_decimal":false,"quantity_step":"1","quantity_label":"Quantity","repeater_field_label":"{field_label}","repeater_bind":"","gt_translate_keys":["label","tooltip","repeater_field_label","quantity_label"],"price_dependency":false,"cl_dependency":["wcpa-checkbox-group-1711017426681","wcpa-checkbox-group-1711017486331","wcpa-number-1702422483197"],"value":""}],[{"type":"checkbox-group","required":true,"elementId":"wcpa-checkbox-group-1711017426681","label":"Cloaking - How many URLs?","description":"Price per URL","enablePrice":true,"priceOptions":"different_for_all","pricingType":"fixed","price":"100","name":"checkbox-group-1711017426680","min_options":"1","other_text":"Other","enableCl":true,"cl_rule":"show","cl_val":"black-cam","col":6,"values":[{"label":"1 URL","value":"gee","price":"0","pimage":"","pimage_id":"","pthumb":"","gt_translate_keys":["label"]},{"label":"2 URLs","value":"tws","price":"100","pimage":"","pimage_id":"","pthumb":"","gt_translate_keys":["label"]},{"label":"3 URLs","value":"gr4","price":"200","pimage":"","pimage_id":"","pthumb":"","gt_translate_keys":["label"]},{"label":"5 URLs","value":"bew","price":"350","pimage":"","pimage_id":"","pthumb":"","gt_translate_keys":["label"]},{"label":"10 URLs","value":"blg","price":"700","pimage":"","pimage_id":"","pthumb":"","gt_translate_keys":["label"]}],"relations":[{"operator":false,"rules":[{"operator":false,"rules":{"cl_field":"wcpa-checkbox-group-1708272968133","cl_relation":"is","cl_val":"black-cam"}}]}],"active":true,"tooltip":"","layOut":"","gt_translate_keys":["label","description","tooltip"],"price_dependency":false,"cl_dependency":false,"value":""}],[{"type":"checkbox-group","required":true,"elementId":"wcpa-checkbox-group-1711017486331","label":"Ads Manager - How many ADS?","description":"Price per AD","enablePrice":true,"priceOptions":"different_for_all","pricingType":"fixed","price":"100","name":"checkbox-group-1711017486330","min_options":"1","other_text":"Other","enableCl":true,"cl_rule":"show","cl_val":"ama02","col":6,"values":[{"label":"1 Ad","value":"gee","price":"0","pimage":"","pimage_id":"","pthumb":"","gt_translate_keys":["label"]},{"label":"2 Ads","value":"tws","price":"100","pimage":"","pimage_id":"","pthumb":"","gt_translate_keys":["label"]},{"label":"3 Ads","value":"gr4","price":"200","pimage":"","pimage_id":"","pthumb":"","gt_translate_keys":["label"]},{"label":"5 Ads","value":"bew","price":"350","pimage":"","pimage_id":"","pthumb":"","gt_translate_keys":["label"]},{"label":"10 Ads","value":"blg","price":"700","pimage":"","pimage_id":"","pthumb":"","gt_translate_keys":["label"]}],"relations":[{"operator":false,"rules":[{"operator":false,"rules":{"cl_field":"wcpa-checkbox-group-1708272968133","cl_relation":"is","cl_val":"ama02"}}]}],"active":true,"tooltip":"","layOut":"","gt_translate_keys":["label","description","tooltip"],"price_dependency":false,"cl_dependency":false,"value":""}],[{"type":"number","required":true,"elementId":"wcpa-number-1702422483197","label":"Add Funds to the account","description":"5% fee","enablePrice":true,"pricingType":"multiply","price":"1","min":"25","max":"50000","name":"number-1702422483197","enableCl":true,"cl_rule":"show","cl_val":"addcc","col":6,"relations":[{"operator":false,"rules":[{"operator":false,"rules":{"cl_field":"wcpa-checkbox-group-1708272968133","cl_relation":"is","cl_val":"addcc"}}]}],"active":true,"tooltip":"","error":false,"gt_translate_keys":["label","description","tooltip"],"price_dependency":false,"cl_dependency":false,"value":""}]]}},"config":{"price_override":"","enable_recaptcha":false,"bind_quantity":false,"quantity_bind_formula":false,"disp_summ_show_option_price":false,"disp_summ_show_product_price":false,"disp_summ_show_total_price":true,"disp_summ_show_fee":false,"disp_summ_show_discount":false,"summary_title":"","options_total_label":"Opsiyon Fiyat\u0131","total_label":"Toplam","options_product_label":"\u00dcr\u00fcn Fiyat\u0131","fee_label":"\u00dccret","discount_label":"\u0130ndirim","has_price":true,"has_quantity_formula":false},"mc_unit":1,"tax_rate":1,"tax_rate_real":1,"discount":{"percentage":0,"fixed":0},"design":{"conf":{"LabelPosition":"above","DescPosition":"above","UploadField":"custom_1","QuantityFieldStyle":"default"},"css":{"LeftLabelWidth":"120px"}},"formulas":[],"lookuptables":[],"clones":false,"cartKey":false}},"_links":{"self":[{"href":"https:\/\/buyadsaccounts.net\/lt\/wp-json\/wp\/v2\/product\/3411","targetHints":{"allow":["GET"]}}],"collection":[{"href":"https:\/\/buyadsaccounts.net\/lt\/wp-json\/wp\/v2\/product"}],"about":[{"href":"https:\/\/buyadsaccounts.net\/lt\/wp-json\/wp\/v2\/types\/product"}],"version-history":[{"count":1,"href":"https:\/\/buyadsaccounts.net\/lt\/wp-json\/wp\/v2\/product\/3411\/revisions"}],"predecessor-version":[{"id":9545,"href":"https:\/\/buyadsaccounts.net\/lt\/wp-json\/wp\/v2\/product\/3411\/revisions\/9545"}],"wp:featuredmedia":[{"embeddable":true,"href":"https:\/\/buyadsaccounts.net\/lt\/wp-json\/wp\/v2\/media\/3412"}],"wp:attachment":[{"href":"https:\/\/buyadsaccounts.net\/lt\/wp-json\/wp\/v2\/media?parent=3411"}],"wp:term":[{"taxonomy":"product_brand","embeddable":true,"href":"https:\/\/buyadsaccounts.net\/lt\/wp-json\/wp\/v2\/product_brand?post=3411"},{"taxonomy":"product_cat","embeddable":true,"href":"https:\/\/buyadsaccounts.net\/lt\/wp-json\/wp\/v2\/product_cat?post=3411"},{"taxonomy":"product_tag","embeddable":true,"href":"https:\/\/buyadsaccounts.net\/lt\/wp-json\/wp\/v2\/product_tag?post=3411"}],"curies":[{"name":"wp","href":"https:\/\/api.w.org\/{rel}","templated":true}]}}