{"id":3393,"date":"2022-08-30T15:28:57","date_gmt":"2022-08-30T13:28:57","guid":{"rendered":"https:\/\/rentaccounts.net\/?post_type=product&#038;p=3393"},"modified":"2026-02-03T22:53:40","modified_gmt":"2026-02-03T22:53:40","slug":"microsoft-skelbimu-paskyra-bing","status":"publish","type":"product","link":"https:\/\/buyadsaccounts.net\/lt\/metu\/microsoft-skelbimu-paskyra-bing\/","title":{"rendered":"Pirkti \"Microsoft\" skelbim\u0173 paskyr\u0105"},"content":{"rendered":"<h2>\"Microsoft Ads\" paskyr\u0173 pirkimo privalumai<\/h2>\n<p>Norite padidinti savo reklamos internete pastangas? \"Microsoft Ads\" yra galinga platforma, kuri gali pad\u0117ti pasiekti platesn\u0119 auditorij\u0105 ir padidinti svetain\u0117s lankomum\u0105. Ta\u010diau keli\u0173 \"Microsoft Ads\" paskyr\u0173 valdymas gali u\u017eimti daug laiko ir b\u016bti sud\u0117tingas. \u0160tai \u010dia \"Microsoft Ads\" paskyr\u0173 pirkimas gali pakeisti \u017eaidim\u0105. \u0160iame straipsnyje aptarsime \"Microsoft Ads\" paskyr\u0173 pirkimo privalumus ir kaip tai gali suteikti j\u016bs\u0173 verslui konkurencin\u012f prana\u0161um\u0105.<\/p>\n<h3>1. Didesnis pasiekiamumas<\/h3>\n<p>\u012esigydami \"Microsoft Ads\" paskyras galite i\u0161pl\u0117sti savo pasiekiamum\u0105 ir pasiekti didesn\u0119 auditorij\u0105. Kiekviena paskyra turi savo unikal\u0173 demografini\u0173 duomen\u0173 ir interes\u0173 rinkin\u012f, tod\u0117l galite pritaikyti skelbimus konkretiems klient\u0173 segmentams. Tur\u0117dami kelias paskyras, vienu metu galite vykdyti skirtingas kampanijas, taip maksimaliai padidindami savo \u017einomum\u0105 ir galimybes pasiekti potencialius klientus.<\/p>\n<h3>2. Geresnis skelbim\u0173 na\u0161umas<\/h3>\n<p>Pirkdami \"Microsoft Ads\" paskyras gaunate prieig\u0105 prie jau sukurt\u0173 paskyr\u0173, kurios s\u0117kmingai veikia. \u0160ios paskyros yra \u012fgijusios \"Microsoft\" patikimum\u0105 ir pasitik\u0117jim\u0105, o tai gali tur\u0117ti teigiamos \u012ftakos j\u016bs\u0173 skelbim\u0173 na\u0161umui. Galite pasinaudoti esama \u0161i\u0173 paskyr\u0173 reputacija, kad pagerintum\u0117te skelbim\u0173 kokyb\u0117s bal\u0105 ir padidintum\u0117te tikimyb\u0119, kad skelbimai bus rodomi j\u016bs\u0173 tikslinei auditorijai.<\/p>\n<h3>3. Laiko ir pastang\u0173 taupymas<\/h3>\n<p>Keli\u0173 \"Microsoft Ads\" paskyr\u0173 tvarkymas gali u\u017eimti daug laiko ir pareikalauti nema\u017eai pastang\u0173. \u012esigydami jau esamas paskyras, galite i\u0161vengti r\u016bpes\u010di\u0173, susijusi\u0173 su nauj\u0173 paskyr\u0173 k\u016brimu ir valdymu nuo nulio. Taip gal\u0117site skirti laiko ir energijos kitiems svarbiems verslo aspektams, pavyzd\u017eiui, reklamos kampanij\u0173 optimizavimui ir rezultat\u0173 analizei.<\/p>\n<h3>4. Konkurencinis prana\u0161umas<\/h3>\n<p>Pirkdami \"Microsoft Ads\" paskyras galite \u012fgyti konkurencin\u012f prana\u0161um\u0105 interneto reklamos srityje. Tur\u0117dami kelias paskyras, galite paleisti skirtingus skelbim\u0173 variantus ir i\u0161bandyti \u012fvairias strategijas, kad su\u017einotum\u0117te, kas geriausiai tinka j\u016bs\u0173 verslui. Toks lankstumas leid\u017eia jums b\u016bti prana\u0161esniems u\u017e konkurentus ir pritaikyti reklamos metod\u0105 remiantis realiuoju laiku gaunamais duomenimis ir \u012f\u017evalgomis.<\/p>\n<h3>5. Ekonomi\u0161kas sprendimas<\/h3>\n<p>Kai <strong>pirkti \"Microsoft Ads\" paskyras<\/strong>, i\u0161 esm\u0117s investuojate \u012f ekonomi\u0161kai efektyv\u0173 reklamos sprendim\u0105. U\u017euot i\u0161leid\u0119 daug pinig\u0173 naujoms paskyroms kurti ir optimizuoti, galite \u012fsigyti jau sukurtas paskyras u\u017e ma\u017eesn\u0119 kain\u0105. Tai gali pad\u0117ti gerokai sutaupyti, ypa\u010d \u012fmon\u0117ms, kuri\u0173 reklamos biud\u017eetas ribotas.<\/p>\n<p>\"Microsoft Ads\" paskyr\u0173 pirkimas gali b\u016bti protingas \u017eingsnis \u012fmon\u0117ms, norin\u010dioms sustiprinti savo reklamos internete pastangas. D\u0117l didesnio pasiekiamumo, geresnio skelbim\u0173 na\u0161umo, laiko ir pastang\u0173 taupymo, konkurencinio prana\u0161umo ir ekonomi\u0161kai efektyvi\u0173 sprendim\u0173, \u012fsigydami jau egzistuojan\u010dias paskyras galite suteikti savo verslui reikiam\u0105 post\u016bm\u012f, kad jis s\u0117kmingai veikt\u0173 skaitmenin\u0117s rinkodaros srityje. Taigi, kam laukti? Prad\u0117kite tyrin\u0117ti \"Microsoft Ads\" paskyr\u0173 pirkimo privalumus ir pakelkite savo reklamos kampanijas \u012f naujas auk\u0161tumas.<\/p>","protected":false},"excerpt":{"rendered":"<p>Are you looking for a Microsoft Ads account to run your campaigns on Bing, AOL, and Yahoo (and more). We can provide you a fully verified Microsoft (Bing) Ads account.<\/p>","protected":false},"featured_media":3395,"template":"","meta":{"_acf_changed":false,"_glsr_average":4.9,"_glsr_ranking":4.68125,"_glsr_reviews":54},"product_brand":[],"product_cat":[161],"product_tag":[],"class_list":{"0":"post-3393","1":"product","2":"type-product","3":"status-publish","4":"has-post-thumbnail","6":"product_cat-microsoft-bing-ads-accounts","7":"wcpa_has_options","9":"first","10":"instock","11":"purchasable","12":"product-type-simple"},"acf":[],"yoast_head":"<!-- This site is optimized with the Yoast SEO Premium plugin v26.7 (Yoast SEO v27.4) - https:\/\/yoast.com\/product\/yoast-seo-premium-wordpress\/ -->\n<title>Buy Microsoft Ads Accounts - Advertise on Bing, AOL, Yahoo<\/title>\n<meta name=\"description\" content=\"Buy Microsoft Bing Ads accounts. Premium accounts ready to publish campaigns instantly. Advertise on Microsoft Ads with our accounts.\" \/>\n<meta name=\"robots\" content=\"index, follow, max-snippet:-1, max-image-preview:large, max-video-preview:-1\" \/>\n<link rel=\"canonical\" href=\"https:\/\/buyadsaccounts.net\/lt\/metu\/microsoft-skelbimu-paskyra-bing\/\" \/>\n<meta property=\"og:locale\" content=\"lt_LT\" \/>\n<meta property=\"og:type\" content=\"article\" \/>\n<meta property=\"og:title\" content=\"Buy Microsoft Ads Account\" \/>\n<meta property=\"og:description\" content=\"Buy Microsoft Bing Ads accounts. Premium accounts ready to publish campaigns instantly. Advertise on Microsoft Ads with our accounts.\" \/>\n<meta property=\"og:url\" content=\"https:\/\/buyadsaccounts.net\/lt\/metu\/microsoft-skelbimu-paskyra-bing\/\" \/>\n<meta property=\"og:site_name\" content=\"BuyAdsAccounts\" \/>\n<meta property=\"article:modified_time\" content=\"2026-02-03T22:53:40+00:00\" \/>\n<meta property=\"og:image\" content=\"https:\/\/buyadsaccounts.net\/wp-content\/uploads\/2022\/08\/microsoft-ads-bing-ads-accounts.jpg\" \/>\n\t<meta property=\"og:image:width\" content=\"600\" \/>\n\t<meta property=\"og:image:height\" content=\"600\" \/>\n\t<meta property=\"og:image:type\" content=\"image\/jpeg\" \/>\n<meta name=\"twitter:card\" content=\"summary_large_image\" \/>\n<meta name=\"twitter:label1\" content=\"Est. reading time\" \/>\n\t<meta name=\"twitter:data1\" content=\"3 minut\u0117s\" \/>\n<script type=\"application\/ld+json\" class=\"yoast-schema-graph\">{\"@context\":\"https:\\\/\\\/schema.org\",\"@graph\":[{\"@type\":\"WebPage\",\"@id\":\"https:\\\/\\\/buyadsaccounts.net\\\/gads\\\/microsoft-ads-account-bing\\\/\",\"url\":\"https:\\\/\\\/buyadsaccounts.net\\\/gads\\\/microsoft-ads-account-bing\\\/\",\"name\":\"Buy Microsoft Ads Accounts - Advertise on Bing, AOL, Yahoo\",\"isPartOf\":{\"@id\":\"https:\\\/\\\/buyadsaccounts.net\\\/#website\"},\"primaryImageOfPage\":{\"@id\":\"https:\\\/\\\/buyadsaccounts.net\\\/gads\\\/microsoft-ads-account-bing\\\/#primaryimage\"},\"image\":{\"@id\":\"https:\\\/\\\/buyadsaccounts.net\\\/gads\\\/microsoft-ads-account-bing\\\/#primaryimage\"},\"thumbnailUrl\":\"https:\\\/\\\/buyadsaccounts.net\\\/wp-content\\\/uploads\\\/2022\\\/08\\\/microsoft-ads-bing-ads-accounts.jpg\",\"datePublished\":\"2022-08-30T13:28:57+00:00\",\"dateModified\":\"2026-02-03T22:53:40+00:00\",\"description\":\"Buy Microsoft Bing Ads accounts. Premium accounts ready to publish campaigns instantly. Advertise on Microsoft Ads with our accounts.\",\"breadcrumb\":{\"@id\":\"https:\\\/\\\/buyadsaccounts.net\\\/gads\\\/microsoft-ads-account-bing\\\/#breadcrumb\"},\"inLanguage\":\"lt-LT\",\"potentialAction\":[{\"@type\":\"ReadAction\",\"target\":[\"https:\\\/\\\/buyadsaccounts.net\\\/gads\\\/microsoft-ads-account-bing\\\/\"]}]},{\"@type\":\"ImageObject\",\"inLanguage\":\"lt-LT\",\"@id\":\"https:\\\/\\\/buyadsaccounts.net\\\/gads\\\/microsoft-ads-account-bing\\\/#primaryimage\",\"url\":\"https:\\\/\\\/buyadsaccounts.net\\\/wp-content\\\/uploads\\\/2022\\\/08\\\/microsoft-ads-bing-ads-accounts.jpg\",\"contentUrl\":\"https:\\\/\\\/buyadsaccounts.net\\\/wp-content\\\/uploads\\\/2022\\\/08\\\/microsoft-ads-bing-ads-accounts.jpg\",\"width\":600,\"height\":600},{\"@type\":\"BreadcrumbList\",\"@id\":\"https:\\\/\\\/buyadsaccounts.net\\\/gads\\\/microsoft-ads-account-bing\\\/#breadcrumb\",\"itemListElement\":[{\"@type\":\"ListItem\",\"position\":1,\"name\":\"Home\",\"item\":\"https:\\\/\\\/buyadsaccounts.net\\\/\"},{\"@type\":\"ListItem\",\"position\":2,\"name\":\"Shop\",\"item\":\"https:\\\/\\\/buyadsaccounts.net\\\/ar\\\/%d9%85%d8%aa%d8%ac%d8%b1\\\/\"},{\"@type\":\"ListItem\",\"position\":3,\"name\":\"Buy Microsoft Ads Account\"}]},{\"@type\":\"WebSite\",\"@id\":\"https:\\\/\\\/buyadsaccounts.net\\\/#website\",\"url\":\"https:\\\/\\\/buyadsaccounts.net\\\/\",\"name\":\"BuyAdsAccounts\",\"description\":\"\",\"publisher\":{\"@id\":\"https:\\\/\\\/buyadsaccounts.net\\\/#organization\"},\"potentialAction\":[{\"@type\":\"SearchAction\",\"target\":{\"@type\":\"EntryPoint\",\"urlTemplate\":\"https:\\\/\\\/buyadsaccounts.net\\\/?s={search_term_string}\"},\"query-input\":{\"@type\":\"PropertyValueSpecification\",\"valueRequired\":true,\"valueName\":\"search_term_string\"}}],\"inLanguage\":\"lt-LT\"},{\"@type\":\"Organization\",\"@id\":\"https:\\\/\\\/buyadsaccounts.net\\\/#organization\",\"name\":\"Buy Google Ads Accounts\",\"url\":\"https:\\\/\\\/buyadsaccounts.net\\\/\",\"logo\":{\"@type\":\"ImageObject\",\"inLanguage\":\"lt-LT\",\"@id\":\"https:\\\/\\\/buyadsaccounts.net\\\/#\\\/schema\\\/logo\\\/image\\\/\",\"url\":\"https:\\\/\\\/buyadsaccounts.net\\\/wp-content\\\/uploads\\\/2024\\\/12\\\/buyads-fav.jpg\",\"contentUrl\":\"https:\\\/\\\/buyadsaccounts.net\\\/wp-content\\\/uploads\\\/2024\\\/12\\\/buyads-fav.jpg\",\"width\":512,\"height\":512,\"caption\":\"Buy Google Ads Accounts\"},\"image\":{\"@id\":\"https:\\\/\\\/buyadsaccounts.net\\\/#\\\/schema\\\/logo\\\/image\\\/\"}}]}<\/script>\n<!-- \/ Yoast SEO Premium plugin. -->","yoast_head_json":{"title":"Pirkite \"Microsoft Ads\" paskyras - reklamuokite \"Bing\", AOL, \"Yahoo","description":"Pirkite \"Microsoft Bing Ads\" paskyras. \"Premium\" paskyros, paruo\u0161tos akimirksniu skelbti kampanijas. Reklamuokite \"Microsoft Ads\" naudodami m\u016bs\u0173 paskyras.","robots":{"index":"index","follow":"follow","max-snippet":"max-snippet:-1","max-image-preview":"max-image-preview:large","max-video-preview":"max-video-preview:-1"},"canonical":"https:\/\/buyadsaccounts.net\/lt\/metu\/microsoft-skelbimu-paskyra-bing\/","og_locale":"lt_LT","og_type":"article","og_title":"Buy Microsoft Ads Account","og_description":"Buy Microsoft Bing Ads accounts. Premium accounts ready to publish campaigns instantly. Advertise on Microsoft Ads with our accounts.","og_url":"https:\/\/buyadsaccounts.net\/lt\/metu\/microsoft-skelbimu-paskyra-bing\/","og_site_name":"BuyAdsAccounts","article_modified_time":"2026-02-03T22:53:40+00:00","og_image":[{"width":600,"height":600,"url":"https:\/\/buyadsaccounts.net\/wp-content\/uploads\/2022\/08\/microsoft-ads-bing-ads-accounts.jpg","type":"image\/jpeg"}],"twitter_card":"summary_large_image","twitter_misc":{"Est. reading time":"3 minut\u0117s"},"schema":{"@context":"https:\/\/schema.org","@graph":[{"@type":"WebPage","@id":"https:\/\/buyadsaccounts.net\/gads\/microsoft-ads-account-bing\/","url":"https:\/\/buyadsaccounts.net\/gads\/microsoft-ads-account-bing\/","name":"Pirkite \"Microsoft Ads\" paskyras - reklamuokite \"Bing\", AOL, \"Yahoo","isPartOf":{"@id":"https:\/\/buyadsaccounts.net\/#website"},"primaryImageOfPage":{"@id":"https:\/\/buyadsaccounts.net\/gads\/microsoft-ads-account-bing\/#primaryimage"},"image":{"@id":"https:\/\/buyadsaccounts.net\/gads\/microsoft-ads-account-bing\/#primaryimage"},"thumbnailUrl":"https:\/\/buyadsaccounts.net\/wp-content\/uploads\/2022\/08\/microsoft-ads-bing-ads-accounts.jpg","datePublished":"2022-08-30T13:28:57+00:00","dateModified":"2026-02-03T22:53:40+00:00","description":"Pirkite \"Microsoft Bing Ads\" paskyras. \"Premium\" paskyros, paruo\u0161tos akimirksniu skelbti kampanijas. Reklamuokite \"Microsoft Ads\" naudodami m\u016bs\u0173 paskyras.","breadcrumb":{"@id":"https:\/\/buyadsaccounts.net\/gads\/microsoft-ads-account-bing\/#breadcrumb"},"inLanguage":"lt-LT","potentialAction":[{"@type":"ReadAction","target":["https:\/\/buyadsaccounts.net\/gads\/microsoft-ads-account-bing\/"]}]},{"@type":"ImageObject","inLanguage":"lt-LT","@id":"https:\/\/buyadsaccounts.net\/gads\/microsoft-ads-account-bing\/#primaryimage","url":"https:\/\/buyadsaccounts.net\/wp-content\/uploads\/2022\/08\/microsoft-ads-bing-ads-accounts.jpg","contentUrl":"https:\/\/buyadsaccounts.net\/wp-content\/uploads\/2022\/08\/microsoft-ads-bing-ads-accounts.jpg","width":600,"height":600},{"@type":"BreadcrumbList","@id":"https:\/\/buyadsaccounts.net\/gads\/microsoft-ads-account-bing\/#breadcrumb","itemListElement":[{"@type":"ListItem","position":1,"name":"Home","item":"https:\/\/buyadsaccounts.net\/"},{"@type":"ListItem","position":2,"name":"Shop","item":"https:\/\/buyadsaccounts.net\/ar\/%d9%85%d8%aa%d8%ac%d8%b1\/"},{"@type":"ListItem","position":3,"name":"Buy Microsoft Ads Account"}]},{"@type":"WebSite","@id":"https:\/\/buyadsaccounts.net\/#website","url":"https:\/\/buyadsaccounts.net\/","name":"BuyAdsAccounts","description":"","publisher":{"@id":"https:\/\/buyadsaccounts.net\/#organization"},"potentialAction":[{"@type":"SearchAction","target":{"@type":"EntryPoint","urlTemplate":"https:\/\/buyadsaccounts.net\/?s={search_term_string}"},"query-input":{"@type":"PropertyValueSpecification","valueRequired":true,"valueName":"search_term_string"}}],"inLanguage":"lt-LT"},{"@type":"Organization","@id":"https:\/\/buyadsaccounts.net\/#organization","name":"Pirkti \"Google\" skelbim\u0173 paskyras","url":"https:\/\/buyadsaccounts.net\/","logo":{"@type":"ImageObject","inLanguage":"lt-LT","@id":"https:\/\/buyadsaccounts.net\/#\/schema\/logo\/image\/","url":"https:\/\/buyadsaccounts.net\/wp-content\/uploads\/2024\/12\/buyads-fav.jpg","contentUrl":"https:\/\/buyadsaccounts.net\/wp-content\/uploads\/2024\/12\/buyads-fav.jpg","width":512,"height":512,"caption":"Buy Google Ads Accounts"},"image":{"@id":"https:\/\/buyadsaccounts.net\/#\/schema\/logo\/image\/"}}]}},"wcpa_form_fields":{"wcpaData":{"product":{"product_price":0,"price_html":"<span class=\"woocommerce-Price-amount amount\"><bdi>0<span class=\"woocommerce-Price-currencySymbol\">&#36;<\/span><\/bdi><\/span>","original_product_price":0,"price_including_tax":0,"price_excluding_tax":0,"product_id":{"parent":3393,"variation":false},"is_variable":false,"stock_status":"instock","stock_quantity":null,"parent_sku":"","product_attributes":[],"custom_fields":[],"is_taxable":false,"product_name":"Buy Microsoft Ads Account","hasImage":false},"fields":{"sec_8695e94419315c":{"extra":{"key":"sec_8695e94419315c","section_id":"sec_8695e94419315c","name":"Default","status":1,"cl_rule":"show","enableCl":false,"relations":[],"toggle":true,"title_tag":"h3","show_title":false,"showPrice":"default","form_id":3396,"form_rules":{"exclude_from_discount":false,"fee_label":"Fee","disp_hide_options_price":false,"disp_show_section_price":false,"disp_show_field_price":true,"layout_option":"standard","pric_use_as_fee":false,"process_fee_as":"woo_fee"},"layout_option":"standard"},"fields":[[{"type":"checkbox-group","required":true,"elementId":"wcpa-checkbox-group-1643471137938","label":"Account Options","enablePrice":true,"priceOptions":"different_for_all","pricingType":"fixed","price":"100","name":"checkbox-group-1643471137938","min_options":"1","other_text":"Other","cl_rule":"show","col":6,"values":[{"label":"2022 USD Account","value":"uk-new-no-spent","price":"200","pimage":"","pimage_id":"","pthumb":"","gt_translate_keys":["label"]},{"label":"2023 EUR Account","value":"uk-6-4k","price":"200","pimage":"","pimage_id":"","pthumb":"","gt_translate_keys":["label"]},{"label":"2023 GBP Account","value":"uk-2030-4000","price":"200","pimage":"","pimage_id":"","pthumb":"","gt_translate_keys":["label"]}],"relations":false,"active":true,"tooltip":"","layOut":"inline","isWeightTemplate":false,"error":false,"isTemplate":false,"checkUi":"","min_quantity":"1","quantity_decimal":false,"quantity_step":"1","quantity_label":"Quantity","repeater_field_label":"{field_label}","repeater_bind":"","gt_translate_keys":["label","tooltip","repeater_field_label","quantity_label"],"price_dependency":false,"cl_dependency":false,"value":""}],[{"type":"checkbox-group","elementId":"wcpa-checkbox-group-1708272824668","label":"Extra Services","enablePrice":true,"priceOptions":"different_for_all","pricingType":"fixed","price":"100","name":"checkbox-group-1708272824667","min_options":"1","other_text":"Other","cl_rule":"show","col":6,"values":[{"label":"Credit Card","value":"add-ccv","price":"100","pimage":"","pimage_id":"","pthumb":"","tempId":"aco_743","gt_translate_keys":["label"]},{"label":"Cloaking ( Crypto, IPTV, Gambling, Casino, Affiliate)","value":"blak-cat","price":"100","pimage":"","pimage_id":"","pthumb":"","tempId":"aco_744","gt_translate_keys":["label"]},{"label":"Ads Manager","value":"disw0","price":"100","pimage":"","pimage_id":"","pthumb":"","tempId":"aco_745","gt_translate_keys":["label"]},{"label":"Premium Proxy","value":"preprx","selected":false,"tempId":"aco_926","price":"20","gt_translate_keys":["label"]},{"label":"Premium Warranty","value":"premawa","selected":false,"tempId":"aco_807","price":"500","gt_translate_keys":["label"]}],"relations":false,"active":true,"tooltip":"<a href=\"https:\/\/help.buyadsaccounts.net\/hc\/helpcenter\/articles\/1754560957-additional-options\" target=\"blank\">Read More<\/a>","layOut":"","isWeightTemplate":false,"error":false,"isTemplate":false,"checkUi":"","min_quantity":"1","quantity_decimal":false,"quantity_step":"1","quantity_label":"Quantity","repeater_field_label":"{field_label}","repeater_bind":"","gt_translate_keys":["label","tooltip","repeater_field_label","quantity_label"],"price_dependency":false,"cl_dependency":["wcpa-checkbox-group-1711017105381","wcpa-checkbox-group-1711017186537","wcpa-number-1702422454388"],"value":""}],[{"type":"checkbox-group","required":true,"elementId":"wcpa-checkbox-group-1711017105381","label":"Cloaking - How many URLs?","description":"Price per URL","enablePrice":true,"priceOptions":"different_for_all","pricingType":"fixed","price":"100","name":"checkbox-group-1711017105380","min_options":"1","other_text":"Other","enableCl":true,"cl_rule":"show","cl_val":"blak2","col":6,"values":[{"label":"1 URL","value":"1qq","price":"0","pimage":"","pimage_id":"","pthumb":"","gt_translate_keys":["label"]},{"label":"2 URLs","value":"2aq","price":"100","pimage":"","pimage_id":"","pthumb":"","gt_translate_keys":["label"]},{"label":"3 URLs","value":"3df","price":"200","pimage":"","pimage_id":"","pthumb":"","gt_translate_keys":["label"]},{"label":"5 URLs","value":"522","price":"350","pimage":"","pimage_id":"","pthumb":"","gt_translate_keys":["label"]},{"label":"10 URLs","value":"fwe","price":"700","pimage":"","pimage_id":"","pthumb":"","gt_translate_keys":["label"]}],"relations":[{"operator":false,"rules":[{"operator":false,"rules":{"cl_field":"wcpa-checkbox-group-1708272824668","cl_relation":"is","cl_val":"blak2"}}]}],"active":true,"tooltip":"","layOut":"","gt_translate_keys":["label","description","tooltip"],"price_dependency":false,"cl_dependency":false,"value":""}],[{"type":"checkbox-group","required":true,"elementId":"wcpa-checkbox-group-1711017186537","label":"Ads Manager - How many ADS?","description":"Price per AD","enablePrice":true,"priceOptions":"different_for_all","pricingType":"fixed","price":"100","name":"checkbox-group-1711017186536","min_options":"1","other_text":"Other","enableCl":true,"cl_rule":"show","cl_val":"disw0","col":6,"values":[{"label":"1 Ad","value":"1qq","price":"0","pimage":"","pimage_id":"","pthumb":"","gt_translate_keys":["label"]},{"label":"2 Ads","value":"2aq","price":"100","pimage":"","pimage_id":"","pthumb":"","gt_translate_keys":["label"]},{"label":"3 Ads","value":"3df","price":"200","pimage":"","pimage_id":"","pthumb":"","gt_translate_keys":["label"]},{"label":"5 Ads","value":"522","price":"350","pimage":"","pimage_id":"","pthumb":"","gt_translate_keys":["label"]},{"label":"10 Ads","value":"fwe","price":"700","pimage":"","pimage_id":"","pthumb":"","gt_translate_keys":["label"]}],"relations":[{"operator":false,"rules":[{"operator":false,"rules":{"cl_field":"wcpa-checkbox-group-1708272824668","cl_relation":"is","cl_val":"disw0"}}]}],"active":true,"tooltip":"","layOut":"","gt_translate_keys":["label","description","tooltip"],"price_dependency":false,"cl_dependency":false,"value":""}],[{"type":"number","required":true,"elementId":"wcpa-number-1702422454388","label":"Add Funds to the account","description":"5% fee","enablePrice":true,"pricingType":"multiply","price":"1","min":"25","max":"50000","name":"number-1702422454388","enableCl":true,"cl_rule":"show","cl_val":"add-ccv","col":6,"relations":[{"operator":false,"rules":[{"operator":false,"rules":{"cl_field":"wcpa-checkbox-group-1708272824668","cl_relation":"is","cl_val":"add-ccv"}}]}],"active":true,"tooltip":"","error":false,"gt_translate_keys":["label","description","tooltip"],"price_dependency":false,"cl_dependency":false,"value":""}]]}},"config":{"price_override":"","enable_recaptcha":false,"bind_quantity":false,"quantity_bind_formula":false,"disp_summ_show_option_price":false,"disp_summ_show_product_price":false,"disp_summ_show_total_price":true,"disp_summ_show_fee":false,"disp_summ_show_discount":false,"summary_title":"","options_total_label":"Options Price","total_label":"Total","options_product_label":"Product Price","fee_label":"Fee","discount_label":"Discount","has_price":true,"has_quantity_formula":false},"mc_unit":1,"tax_rate":1,"tax_rate_real":1,"discount":{"percentage":0,"fixed":0},"design":{"conf":{"LabelPosition":"above","DescPosition":"above","UploadField":"custom_1","QuantityFieldStyle":"default"},"css":{"LeftLabelWidth":"120px"}},"formulas":[],"lookuptables":[],"clones":false,"cartKey":false}},"_links":{"self":[{"href":"https:\/\/buyadsaccounts.net\/lt\/wp-json\/wp\/v2\/product\/3393","targetHints":{"allow":["GET"]}}],"collection":[{"href":"https:\/\/buyadsaccounts.net\/lt\/wp-json\/wp\/v2\/product"}],"about":[{"href":"https:\/\/buyadsaccounts.net\/lt\/wp-json\/wp\/v2\/types\/product"}],"version-history":[{"count":3,"href":"https:\/\/buyadsaccounts.net\/lt\/wp-json\/wp\/v2\/product\/3393\/revisions"}],"predecessor-version":[{"id":10169,"href":"https:\/\/buyadsaccounts.net\/lt\/wp-json\/wp\/v2\/product\/3393\/revisions\/10169"}],"wp:featuredmedia":[{"embeddable":true,"href":"https:\/\/buyadsaccounts.net\/lt\/wp-json\/wp\/v2\/media\/3395"}],"wp:attachment":[{"href":"https:\/\/buyadsaccounts.net\/lt\/wp-json\/wp\/v2\/media?parent=3393"}],"wp:term":[{"taxonomy":"product_brand","embeddable":true,"href":"https:\/\/buyadsaccounts.net\/lt\/wp-json\/wp\/v2\/product_brand?post=3393"},{"taxonomy":"product_cat","embeddable":true,"href":"https:\/\/buyadsaccounts.net\/lt\/wp-json\/wp\/v2\/product_cat?post=3393"},{"taxonomy":"product_tag","embeddable":true,"href":"https:\/\/buyadsaccounts.net\/lt\/wp-json\/wp\/v2\/product_tag?post=3393"}],"curies":[{"name":"wp","href":"https:\/\/api.w.org\/{rel}","templated":true}]}}