{"id":324,"date":"2021-07-13T14:00:43","date_gmt":"2021-07-13T11:00:43","guid":{"rendered":"https:\/\/www.revohackers.net\/?post_type=product&#038;p=324"},"modified":"2026-02-04T18:16:26","modified_gmt":"2026-02-04T18:16:26","slug":"pirkti-google-skelbimu-paskyra","status":"publish","type":"product","link":"https:\/\/buyadsaccounts.net\/lt\/metu\/pirkti-google-skelbimu-paskyra\/","title":{"rendered":"Pirkti \"Google\" skelbim\u0173 paskyras"},"content":{"rendered":"<p>\"Google Ads\" yra viena populiariausi\u0173 internetin\u0117s reklamos platform\u0173, leid\u017eianti \u012fmon\u0117ms pasiekti tikslin\u0119 auditorij\u0105 ir padidinti savo svetaini\u0173 lankomum\u0105. Jei norite pirkti \"Google Ads\" paskyras, svarbu tai daryti saugiai ir efektyviai. \u0160iame straipsnyje pad\u0117sime jums susipa\u017einti su \"Google Ads\" paskyr\u0173 pirkimo procesu ir pateiksime kelet\u0105 patarim\u0173, kurie u\u017etikrins skland\u017ei\u0105 patirt\u012f.<\/p>\n<h2>Kod\u0117l verta pirkti \"Google\" skelbim\u0173 paskyras?<\/h2>\n<p>Prie\u0161 pasinerdami \u012f detales, supraskime, kod\u0117l kas nors nor\u0117t\u0173 pirkti \"Google Ads\" paskyras. Yra kelios prie\u017eastys, d\u0117l kuri\u0173 \u012fmon\u0117s arba privat\u016bs asmenys gali nuspr\u0119sti \u012fsigyti esamas \"Google Ads\" paskyras:<\/p>\n<ul>\n<li>Galimyb\u0117 nedelsiant naudotis jau turima s\u0105skaita, kurios reputacija yra gera.<\/li>\n<li>Galimyb\u0117 apeiti pradin\u012f s\u0105rankos proces\u0105 ir i\u0161 karto prad\u0117ti skelbim\u0173 paleidim\u0105.<\/li>\n<li>Galimyb\u0117 pasinaudoti s\u0105skaitos istoriniais duomenimis ir rezultatais.<\/li>\n<\/ul>\n<h3>Svarb\u016bs aspektai<\/h3>\n<p>Prie\u0161 baigdami pirkim\u0105, tur\u0117kite omenyje kelet\u0105 svarbi\u0173 dalyk\u0173:<\/p>\n<ul>\n<li>Paskyros am\u017eius ir aktyvumas: Patikrinkite paskyros am\u017ei\u0173 ir aktyvumo lyg\u012f. Paprastai patikimesn\u0117s yra senesn\u0117s paskyros, kuriose nuolat skelbiami skelbimai.<\/li>\n<li>Paskyros reputacija: Ie\u0161kokite paskyr\u0173, turin\u010di\u0173 ger\u0105 reputacij\u0105, nes tai gali tur\u0117ti teigiamos \u012ftakos skelbim\u0173 na\u0161umui ir kokyb\u0117s balams.<\/li>\n<li>S\u0105skaitos perk\u0117limo procesas: Supraskite nuosavyb\u0117s teisi\u0173 ir prieigos prie s\u0105skaitos perdavimo proces\u0105. U\u017etikrinkite, kad pardav\u0117jas pateikt\u0173 visus reikiamus prisijungimo duomenis ir paskyros informacij\u0105.<\/li>\n<li>Saugumas ir sauga: B\u016bkite atsarg\u016bs d\u0117l suk\u010di\u0173 ar nes\u0105\u017eining\u0173 pardav\u0117j\u0173. Venkite dalytis slapta informacija ir naudokite saugius mok\u0117jimo b\u016bdus.<\/li>\n<\/ul>\n<h3>Veiksmai po pirkimo<\/h3>\n<p>\u012esigij\u0119 \"Google Ads\" paskyr\u0105, turite atlikti kelet\u0105 veiksm\u0173, kad per\u0117jimas b\u016bt\u0173 sklandus:<\/p>\n<ol>\n<li>Keisti prisijungimo duomenis: Pakeiskite paskyros prisijungimo duomenis, kad b\u016bt\u0173 u\u017etikrintas saugumas ir i\u0161vengta neteis\u0117tos prieigos.<\/li>\n<li>Per\u017ei\u016br\u0117kite paskyros nustatymus: Dukart patikrinkite paskyros nustatymus, \u012fskaitant atsiskaitymo informacij\u0105, tikslines parinktis ir skelbim\u0173 kampanijas, kad jie atitikt\u0173 j\u016bs\u0173 verslo tikslus.<\/li>\n<li>Optimizuokite ir i\u0161bandykite: Skirkite laiko optimizuoti skelbimus ir i\u0161bandykite \u012fvairias strategijas, kad maksimaliai padidintum\u0117te investicij\u0173 gr\u0105\u017e\u0105.<\/li>\n<\/ol>\n<h3>I\u0161vada<\/h3>\n<p>\"Google Ads\" paskyr\u0173 pirkimas gali b\u016bti perspektyvi galimyb\u0117 \u012fmon\u0117ms, norin\u010dioms greitai prad\u0117ti reklamos kampanijas. Ta\u010diau svarbu \u012f \u0161\u012f proces\u0105 \u017ei\u016br\u0117ti atsargiai ir pasirinkti patikim\u0105 \u0161altin\u012f. Laikydamiesi \u0161iame straipsnyje pateikt\u0173 patarim\u0173 ir rekomendacij\u0173, galite saugiai ir efektyviai pirkti \"Google Ads\" paskyras ir prad\u0117ti nukreipti tikslin\u012f sraut\u0105 \u012f savo svetain\u0119.<\/p>\n<p>&nbsp;<\/p>","protected":false},"excerpt":{"rendered":"<p>Vykdykite kampanijas \"Google\" paie\u0161kos ir rodymo tinkle (Google.com, \"YouTube\", \"Google Play\", \"Google Shopping\" ir kt.) naudodami m\u016bs\u0173 patikrintas \"Google Ads\" paskyras.<\/p>","protected":false},"featured_media":4404,"template":"","meta":{"_acf_changed":false,"_glsr_average":4.9,"_glsr_ranking":4.6666666666667,"_glsr_reviews":50},"product_brand":[],"product_cat":[15],"product_tag":[],"class_list":{"0":"post-324","1":"product","2":"type-product","3":"status-publish","4":"has-post-thumbnail","6":"product_cat-google-adwords-accounts","7":"wcpa_has_options","9":"first","10":"instock","11":"purchasable","12":"product-type-simple"},"acf":[],"yoast_head":"<!-- This site is optimized with the Yoast SEO Premium plugin v26.7 (Yoast SEO v27.4) - https:\/\/yoast.com\/product\/yoast-seo-premium-wordpress\/ -->\n<title>Buy Google Ads Accounts - Advertise on Google Ads<\/title>\n<meta name=\"description\" content=\"Buy Google Ads Accounts with VCC Included. Old and Aged accounts ready to publish campaigns instantly. Advertise on Google Ads with our accounts.\" \/>\n<meta name=\"robots\" content=\"index, follow, max-snippet:-1, max-image-preview:large, max-video-preview:-1\" \/>\n<link rel=\"canonical\" href=\"https:\/\/buyadsaccounts.net\/lt\/metu\/pirkti-google-skelbimu-paskyra\/\" \/>\n<meta property=\"og:locale\" content=\"lt_LT\" \/>\n<meta property=\"og:type\" content=\"article\" \/>\n<meta property=\"og:title\" content=\"Buy Google Ads Accounts\" \/>\n<meta property=\"og:description\" content=\"Buy Google Ads Accounts with VCC Included. Old and Aged accounts ready to publish campaigns instantly. Advertise on Google Ads with our accounts.\" \/>\n<meta property=\"og:url\" content=\"https:\/\/buyadsaccounts.net\/lt\/metu\/pirkti-google-skelbimu-paskyra\/\" \/>\n<meta property=\"og:site_name\" content=\"BuyAdsAccounts\" \/>\n<meta property=\"article:modified_time\" content=\"2026-02-04T18:16:26+00:00\" \/>\n<meta property=\"og:image\" content=\"https:\/\/buyadsaccounts.net\/wp-content\/uploads\/2021\/07\/google-ads-accounts-logo.png\" \/>\n\t<meta property=\"og:image:width\" content=\"512\" \/>\n\t<meta property=\"og:image:height\" content=\"512\" \/>\n\t<meta property=\"og:image:type\" content=\"image\/png\" \/>\n<meta name=\"twitter:card\" content=\"summary_large_image\" \/>\n<meta name=\"twitter:label1\" content=\"Est. reading time\" \/>\n\t<meta name=\"twitter:data1\" content=\"2 minut\u0117s\" \/>\n<script type=\"application\/ld+json\" class=\"yoast-schema-graph\">{\"@context\":\"https:\\\/\\\/schema.org\",\"@graph\":[{\"@type\":\"WebPage\",\"@id\":\"https:\\\/\\\/buyadsaccounts.net\\\/gads\\\/buy-google-ads-account\\\/\",\"url\":\"https:\\\/\\\/buyadsaccounts.net\\\/gads\\\/buy-google-ads-account\\\/\",\"name\":\"Buy Google Ads Accounts - Advertise on Google Ads\",\"isPartOf\":{\"@id\":\"https:\\\/\\\/buyadsaccounts.net\\\/#website\"},\"primaryImageOfPage\":{\"@id\":\"https:\\\/\\\/buyadsaccounts.net\\\/gads\\\/buy-google-ads-account\\\/#primaryimage\"},\"image\":{\"@id\":\"https:\\\/\\\/buyadsaccounts.net\\\/gads\\\/buy-google-ads-account\\\/#primaryimage\"},\"thumbnailUrl\":\"https:\\\/\\\/buyadsaccounts.net\\\/wp-content\\\/uploads\\\/2021\\\/07\\\/google-ads-accounts-logo.png\",\"datePublished\":\"2021-07-13T11:00:43+00:00\",\"dateModified\":\"2026-02-04T18:16:26+00:00\",\"description\":\"Buy Google Ads Accounts with VCC Included. Old and Aged accounts ready to publish campaigns instantly. Advertise on Google Ads with our accounts.\",\"breadcrumb\":{\"@id\":\"https:\\\/\\\/buyadsaccounts.net\\\/gads\\\/buy-google-ads-account\\\/#breadcrumb\"},\"inLanguage\":\"lt-LT\",\"potentialAction\":[{\"@type\":\"ReadAction\",\"target\":[\"https:\\\/\\\/buyadsaccounts.net\\\/gads\\\/buy-google-ads-account\\\/\"]}]},{\"@type\":\"ImageObject\",\"inLanguage\":\"lt-LT\",\"@id\":\"https:\\\/\\\/buyadsaccounts.net\\\/gads\\\/buy-google-ads-account\\\/#primaryimage\",\"url\":\"https:\\\/\\\/buyadsaccounts.net\\\/wp-content\\\/uploads\\\/2021\\\/07\\\/google-ads-accounts-logo.png\",\"contentUrl\":\"https:\\\/\\\/buyadsaccounts.net\\\/wp-content\\\/uploads\\\/2021\\\/07\\\/google-ads-accounts-logo.png\",\"width\":512,\"height\":512},{\"@type\":\"BreadcrumbList\",\"@id\":\"https:\\\/\\\/buyadsaccounts.net\\\/gads\\\/buy-google-ads-account\\\/#breadcrumb\",\"itemListElement\":[{\"@type\":\"ListItem\",\"position\":1,\"name\":\"Home\",\"item\":\"https:\\\/\\\/buyadsaccounts.net\\\/\"},{\"@type\":\"ListItem\",\"position\":2,\"name\":\"Shop\",\"item\":\"https:\\\/\\\/buyadsaccounts.net\\\/ar\\\/%d9%85%d8%aa%d8%ac%d8%b1\\\/\"},{\"@type\":\"ListItem\",\"position\":3,\"name\":\"Buy Google Ads Accounts\"}]},{\"@type\":\"WebSite\",\"@id\":\"https:\\\/\\\/buyadsaccounts.net\\\/#website\",\"url\":\"https:\\\/\\\/buyadsaccounts.net\\\/\",\"name\":\"BuyAdsAccounts\",\"description\":\"\",\"publisher\":{\"@id\":\"https:\\\/\\\/buyadsaccounts.net\\\/#organization\"},\"potentialAction\":[{\"@type\":\"SearchAction\",\"target\":{\"@type\":\"EntryPoint\",\"urlTemplate\":\"https:\\\/\\\/buyadsaccounts.net\\\/?s={search_term_string}\"},\"query-input\":{\"@type\":\"PropertyValueSpecification\",\"valueRequired\":true,\"valueName\":\"search_term_string\"}}],\"inLanguage\":\"lt-LT\"},{\"@type\":\"Organization\",\"@id\":\"https:\\\/\\\/buyadsaccounts.net\\\/#organization\",\"name\":\"Buy Google Ads Accounts\",\"url\":\"https:\\\/\\\/buyadsaccounts.net\\\/\",\"logo\":{\"@type\":\"ImageObject\",\"inLanguage\":\"lt-LT\",\"@id\":\"https:\\\/\\\/buyadsaccounts.net\\\/#\\\/schema\\\/logo\\\/image\\\/\",\"url\":\"https:\\\/\\\/buyadsaccounts.net\\\/wp-content\\\/uploads\\\/2024\\\/12\\\/buyads-fav.jpg\",\"contentUrl\":\"https:\\\/\\\/buyadsaccounts.net\\\/wp-content\\\/uploads\\\/2024\\\/12\\\/buyads-fav.jpg\",\"width\":512,\"height\":512,\"caption\":\"Buy Google Ads Accounts\"},\"image\":{\"@id\":\"https:\\\/\\\/buyadsaccounts.net\\\/#\\\/schema\\\/logo\\\/image\\\/\"}}]}<\/script>\n<!-- \/ Yoast SEO Premium plugin. -->","yoast_head_json":{"title":"Pirkti \"Google\" skelbim\u0173 paskyras - Reklama \"Google\" skelbimuose","description":"Pirkti \"Google\" skelbim\u0173 paskyras su VCC. Senos ir pasenusios paskyros, paruo\u0161tos akimirksniu skelbti kampanijas. Reklamuokite \"Google Ads\" su m\u016bs\u0173 paskyromis.","robots":{"index":"index","follow":"follow","max-snippet":"max-snippet:-1","max-image-preview":"max-image-preview:large","max-video-preview":"max-video-preview:-1"},"canonical":"https:\/\/buyadsaccounts.net\/lt\/metu\/pirkti-google-skelbimu-paskyra\/","og_locale":"lt_LT","og_type":"article","og_title":"Buy Google Ads Accounts","og_description":"Buy Google Ads Accounts with VCC Included. Old and Aged accounts ready to publish campaigns instantly. Advertise on Google Ads with our accounts.","og_url":"https:\/\/buyadsaccounts.net\/lt\/metu\/pirkti-google-skelbimu-paskyra\/","og_site_name":"BuyAdsAccounts","article_modified_time":"2026-02-04T18:16:26+00:00","og_image":[{"width":512,"height":512,"url":"https:\/\/buyadsaccounts.net\/wp-content\/uploads\/2021\/07\/google-ads-accounts-logo.png","type":"image\/png"}],"twitter_card":"summary_large_image","twitter_misc":{"Est. reading time":"2 minut\u0117s"},"schema":{"@context":"https:\/\/schema.org","@graph":[{"@type":"WebPage","@id":"https:\/\/buyadsaccounts.net\/gads\/buy-google-ads-account\/","url":"https:\/\/buyadsaccounts.net\/gads\/buy-google-ads-account\/","name":"Pirkti \"Google\" skelbim\u0173 paskyras - Reklama \"Google\" skelbimuose","isPartOf":{"@id":"https:\/\/buyadsaccounts.net\/#website"},"primaryImageOfPage":{"@id":"https:\/\/buyadsaccounts.net\/gads\/buy-google-ads-account\/#primaryimage"},"image":{"@id":"https:\/\/buyadsaccounts.net\/gads\/buy-google-ads-account\/#primaryimage"},"thumbnailUrl":"https:\/\/buyadsaccounts.net\/wp-content\/uploads\/2021\/07\/google-ads-accounts-logo.png","datePublished":"2021-07-13T11:00:43+00:00","dateModified":"2026-02-04T18:16:26+00:00","description":"Pirkti \"Google\" skelbim\u0173 paskyras su VCC. Senos ir pasenusios paskyros, paruo\u0161tos akimirksniu skelbti kampanijas. Reklamuokite \"Google Ads\" su m\u016bs\u0173 paskyromis.","breadcrumb":{"@id":"https:\/\/buyadsaccounts.net\/gads\/buy-google-ads-account\/#breadcrumb"},"inLanguage":"lt-LT","potentialAction":[{"@type":"ReadAction","target":["https:\/\/buyadsaccounts.net\/gads\/buy-google-ads-account\/"]}]},{"@type":"ImageObject","inLanguage":"lt-LT","@id":"https:\/\/buyadsaccounts.net\/gads\/buy-google-ads-account\/#primaryimage","url":"https:\/\/buyadsaccounts.net\/wp-content\/uploads\/2021\/07\/google-ads-accounts-logo.png","contentUrl":"https:\/\/buyadsaccounts.net\/wp-content\/uploads\/2021\/07\/google-ads-accounts-logo.png","width":512,"height":512},{"@type":"BreadcrumbList","@id":"https:\/\/buyadsaccounts.net\/gads\/buy-google-ads-account\/#breadcrumb","itemListElement":[{"@type":"ListItem","position":1,"name":"Home","item":"https:\/\/buyadsaccounts.net\/"},{"@type":"ListItem","position":2,"name":"Shop","item":"https:\/\/buyadsaccounts.net\/ar\/%d9%85%d8%aa%d8%ac%d8%b1\/"},{"@type":"ListItem","position":3,"name":"Buy Google Ads Accounts"}]},{"@type":"WebSite","@id":"https:\/\/buyadsaccounts.net\/#website","url":"https:\/\/buyadsaccounts.net\/","name":"BuyAdsAccounts","description":"","publisher":{"@id":"https:\/\/buyadsaccounts.net\/#organization"},"potentialAction":[{"@type":"SearchAction","target":{"@type":"EntryPoint","urlTemplate":"https:\/\/buyadsaccounts.net\/?s={search_term_string}"},"query-input":{"@type":"PropertyValueSpecification","valueRequired":true,"valueName":"search_term_string"}}],"inLanguage":"lt-LT"},{"@type":"Organization","@id":"https:\/\/buyadsaccounts.net\/#organization","name":"Pirkti \"Google\" skelbim\u0173 paskyras","url":"https:\/\/buyadsaccounts.net\/","logo":{"@type":"ImageObject","inLanguage":"lt-LT","@id":"https:\/\/buyadsaccounts.net\/#\/schema\/logo\/image\/","url":"https:\/\/buyadsaccounts.net\/wp-content\/uploads\/2024\/12\/buyads-fav.jpg","contentUrl":"https:\/\/buyadsaccounts.net\/wp-content\/uploads\/2024\/12\/buyads-fav.jpg","width":512,"height":512,"caption":"Buy Google Ads Accounts"},"image":{"@id":"https:\/\/buyadsaccounts.net\/#\/schema\/logo\/image\/"}}]}},"wcpa_form_fields":{"wcpaData":{"product":{"product_price":0,"price_html":"<span class=\"woocommerce-Price-amount amount\"><bdi>0<span class=\"woocommerce-Price-currencySymbol\">&#36;<\/span><\/bdi><\/span>","original_product_price":0,"price_including_tax":0,"price_excluding_tax":0,"product_id":{"parent":324,"variation":false},"is_variable":false,"stock_status":"instock","stock_quantity":null,"parent_sku":"","product_attributes":[],"custom_fields":[],"is_taxable":false,"product_name":"Buy Google Ads Accounts","hasImage":false},"fields":{"sec_9691f2ea597962":{"extra":{"key":"sec_9691f2ea597962","section_id":"sec_9691f2ea597962","name":"Default","status":1,"cl_rule":"show","enableCl":false,"relations":[],"toggle":true,"title_tag":"h3","show_title":false,"showPrice":"default","form_id":2608,"form_rules":{"exclude_from_discount":false,"fee_label":"Fee","disp_hide_options_price":false,"disp_show_section_price":false,"disp_show_field_price":true,"layout_option":"standard","pric_use_as_fee":false,"process_fee_as":"woo_fee"},"layout_option":"standard"},"fields":[[{"type":"checkbox-group","required":true,"elementId":"wcpa-checkbox-group-1643471137938","label":"Account Options","enablePrice":true,"priceOptions":"different_for_all","pricingType":"fixed","price":"100","name":"checkbox-group-1643471137938","min_options":"1","other_text":"Other","cl_rule":"show","col":6,"values":[{"label":"2022 Account","value":"2022-acc","price":"250","pimage":"","pimage_id":"","pthumb":"","tempId":"aco_143","gt_translate_keys":["label"]},{"label":"2023 Account","value":"2023-acc","price":"200","pimage":"","pimage_id":"","pthumb":"","tempId":"aco_144","gt_translate_keys":["label"]},{"label":"2025 Account","value":"2025-acc","selected":false,"tempId":"aco_154","price":"150","gt_translate_keys":["label"]}],"relations":false,"active":true,"tooltip":"","layOut":"inline","isWeightTemplate":false,"error":false,"isTemplate":false,"checkUi":"","min_quantity":"1","quantity_decimal":false,"quantity_step":"1","quantity_label":"Quantity","repeater_field_label":"{field_label}","repeater_bind":"","max_options":"1","gt_translate_keys":["label","tooltip","repeater_field_label","quantity_label"],"price_dependency":false,"cl_dependency":false,"value":""}],[{"label":"Account Currency","active":true,"required":true,"elementId":"checkbox-group-5651526461","tooltip":"","name":"checkbox-group-5651526461","enablePrice":false,"relations":false,"repeater_bind":"","repeater_field_label":"{field_label}","quantity_label":"Quantity","quantity_step":"1","quantity_decimal":false,"min_quantity":"1","max_options":"1","min_options":"1","checkUi":"","layOut":"inline","other_text":"Other","values":[{"label":"USD","value":"usd-ac","price":"350","pimage":"","pimage_id":"","pthumb":"","tempId":"aco_143","gt_translate_keys":["label"]},{"label":"EUR","value":"eur-ac","price":"300","pimage":"","pimage_id":"","pthumb":"","tempId":"aco_144","gt_translate_keys":["label"]},{"label":"CAD","value":"cad-ac","selected":false,"tempId":"aco_154","price":"250","gt_translate_keys":["label"]},{"label":"BRL","value":"brl-ac","selected":false,"tempId":"aco_823","gt_translate_keys":["label"]},{"label":"JPY","value":"jpy-ac","selected":false,"tempId":"aco_914","gt_translate_keys":["label"]},{"label":"CNY","value":"cny-ac","selected":false,"tempId":"aco_1059","gt_translate_keys":["label"]}],"priceOptions":"different_for_all","pricingType":"fixed","isTemplate":false,"price":"100","isWeightTemplate":false,"cl_rule":"show","col":6,"type":"checkbox-group","error":false,"gt_translate_keys":["label","tooltip","repeater_field_label","quantity_label"],"price_dependency":false,"cl_dependency":false,"value":""}],[{"type":"checkbox-group","elementId":"wcpa-checkbox-group-1708272658776","label":"Extra Services","enablePrice":true,"priceOptions":"different_for_all","pricingType":"fixed","price":"100","name":"checkbox-group-1708272658775","min_options":"1","other_text":"Other","cl_rule":"show","col":6,"values":[{"label":"Credit Card","value":"add-credit-card","price":"100","pimage":"","pimage_id":"","pthumb":"","tempId":"aco_1403","gt_translate_keys":["label"]},{"label":"Cloaking (Crypto, IPTV, Gambling, Casino, Affiliate)","value":"blak-cat","price":"100","pimage":"","pimage_id":"","pthumb":"","tempId":"aco_1404","gt_translate_keys":["label"]},{"label":"Ads Manager","value":"camp-mana","price":"100","pimage":"","pimage_id":"","pthumb":"","tempId":"aco_1405","gt_translate_keys":["label"]},{"label":"Premium Proxy","value":"proxy-pre","selected":false,"tempId":"aco_1874","price":"20","gt_translate_keys":["label"]},{"label":"Premium Warranty","value":"premwar","selected":false,"tempId":"aco_19","price":"500","gt_translate_keys":["label"]}],"relations":false,"active":true,"tooltip":"<a href=\"https:\/\/help.buyadsaccounts.net\/hc\/helpcenter\/articles\/1754560957-additional-options\" target=\"blank\">Read More<\/a>","layOut":"","isWeightTemplate":false,"error":false,"isTemplate":false,"checkUi":"","min_quantity":"1","quantity_decimal":false,"quantity_step":"1","quantity_label":"Quantity","repeater_field_label":"{field_label}","repeater_bind":"","description":"","gt_translate_keys":["label","description","tooltip","repeater_field_label","quantity_label"],"price_dependency":false,"cl_dependency":["wcpa-checkbox-group-1710974191252","wcpa-checkbox-group-1711016843007","wcpa-number-1702422400728"],"value":""}],[{"type":"checkbox-group","required":true,"elementId":"wcpa-checkbox-group-1710974191252","label":"Cloaking - How many URLs?","description":"Price per URL","enablePrice":true,"priceOptions":"different_for_all","pricingType":"fixed","price":"100","name":"checkbox-group-1710974191251","min_options":"1","other_text":"Other","enableCl":true,"cl_rule":"show","cl_val":"blak-cat","col":6,"values":[{"label":"1 URL","value":"1adurl","price":"0","pimage":"","pimage_id":"","pthumb":"","gt_translate_keys":["label"]},{"label":"2 URLs","value":"2ads","price":"100","pimage":"","pimage_id":"","pthumb":"","gt_translate_keys":["label"]},{"label":"3 URLs","value":"3ads","price":"200","pimage":"","pimage_id":"","pthumb":"","gt_translate_keys":["label"]},{"label":"5 URLs","value":"5ads","price":"350","pimage":"","pimage_id":"","pthumb":"","gt_translate_keys":["label"]},{"label":"10 URLs","value":"10ads","price":"700","pimage":"","pimage_id":"","pthumb":"","gt_translate_keys":["label"]}],"relations":[{"operator":false,"rules":[{"operator":false,"rules":{"cl_field":"wcpa-checkbox-group-1708272658776","cl_relation":"is","cl_val":"blak-cat"}}]}],"active":true,"tooltip":"","layOut":"","gt_translate_keys":["label","description","tooltip"],"price_dependency":false,"cl_dependency":false,"value":""}],[{"type":"checkbox-group","required":true,"elementId":"wcpa-checkbox-group-1711016843007","label":"Ads Manager - How many ADS?","description":"Price per AD","enablePrice":true,"priceOptions":"different_for_all","pricingType":"fixed","price":"100","name":"checkbox-group-1711016843006","min_options":"1","other_text":"Other","enableCl":true,"cl_rule":"show","cl_val":"camp-mana","col":6,"values":[{"label":"1 Ad","value":"1adurl","price":"0","pimage":"","pimage_id":"","pthumb":"","gt_translate_keys":["label"]},{"label":"2 Ads","value":"2ads","price":"100","pimage":"","pimage_id":"","pthumb":"","gt_translate_keys":["label"]},{"label":"3 Ads","value":"3ads","price":"200","pimage":"","pimage_id":"","pthumb":"","gt_translate_keys":["label"]},{"label":"5 Ads","value":"5ads","price":"350","pimage":"","pimage_id":"","pthumb":"","gt_translate_keys":["label"]},{"label":"10 Ads","value":"10ads","price":"700","pimage":"","pimage_id":"","pthumb":"","gt_translate_keys":["label"]}],"relations":[{"operator":false,"rules":[{"operator":false,"rules":{"cl_field":"wcpa-checkbox-group-1708272658776","cl_relation":"is","cl_val":"camp-mana"}}]}],"active":true,"tooltip":"","layOut":"","gt_translate_keys":["label","description","tooltip"],"price_dependency":false,"cl_dependency":false,"value":""}],[{"type":"number","required":true,"elementId":"wcpa-number-1702422400728","label":"Add Funds to the account","description":"5% fee","enablePrice":true,"pricingType":"multiply","price":"1","min":"25","max":"50000","name":"number-1702422400728","enableCl":true,"cl_rule":"show","cl_val":"add-credit-card","col":"5","relations":[{"operator":false,"rules":[{"operator":false,"rules":{"cl_field":"wcpa-checkbox-group-1708272658776","cl_relation":"is","cl_val":"add-credit-card"}}]}],"active":true,"tooltip":"","error":false,"gt_translate_keys":["label","description","tooltip"],"price_dependency":false,"cl_dependency":false,"value":""}]]}},"config":{"price_override":"","enable_recaptcha":false,"bind_quantity":false,"quantity_bind_formula":false,"disp_summ_show_option_price":false,"disp_summ_show_product_price":false,"disp_summ_show_total_price":true,"disp_summ_show_fee":false,"disp_summ_show_discount":false,"summary_title":"","options_total_label":"Options Price","total_label":"Total","options_product_label":"Product Price","fee_label":"Fee","discount_label":"Discount","has_price":true,"has_quantity_formula":false},"mc_unit":1,"tax_rate":1,"tax_rate_real":1,"discount":{"percentage":0,"fixed":0},"design":{"conf":{"LabelPosition":"above","DescPosition":"above","UploadField":"custom_1","QuantityFieldStyle":"default"},"css":{"LeftLabelWidth":"120px"}},"formulas":[],"lookuptables":[],"clones":false,"cartKey":false}},"_links":{"self":[{"href":"https:\/\/buyadsaccounts.net\/lt\/wp-json\/wp\/v2\/product\/324","targetHints":{"allow":["GET"]}}],"collection":[{"href":"https:\/\/buyadsaccounts.net\/lt\/wp-json\/wp\/v2\/product"}],"about":[{"href":"https:\/\/buyadsaccounts.net\/lt\/wp-json\/wp\/v2\/types\/product"}],"version-history":[{"count":4,"href":"https:\/\/buyadsaccounts.net\/lt\/wp-json\/wp\/v2\/product\/324\/revisions"}],"predecessor-version":[{"id":9534,"href":"https:\/\/buyadsaccounts.net\/lt\/wp-json\/wp\/v2\/product\/324\/revisions\/9534"}],"wp:featuredmedia":[{"embeddable":true,"href":"https:\/\/buyadsaccounts.net\/lt\/wp-json\/wp\/v2\/media\/4404"}],"wp:attachment":[{"href":"https:\/\/buyadsaccounts.net\/lt\/wp-json\/wp\/v2\/media?parent=324"}],"wp:term":[{"taxonomy":"product_brand","embeddable":true,"href":"https:\/\/buyadsaccounts.net\/lt\/wp-json\/wp\/v2\/product_brand?post=324"},{"taxonomy":"product_cat","embeddable":true,"href":"https:\/\/buyadsaccounts.net\/lt\/wp-json\/wp\/v2\/product_cat?post=324"},{"taxonomy":"product_tag","embeddable":true,"href":"https:\/\/buyadsaccounts.net\/lt\/wp-json\/wp\/v2\/product_tag?post=324"}],"curies":[{"name":"wp","href":"https:\/\/api.w.org\/{rel}","templated":true}]}}