{"id":3393,"date":"2022-08-30T15:28:57","date_gmt":"2022-08-30T13:28:57","guid":{"rendered":"https:\/\/rentaccounts.net\/?post_type=product&#038;p=3393"},"modified":"2026-02-03T22:53:40","modified_gmt":"2026-02-03T22:53:40","slug":"microsoft-%ea%b4%91%ea%b3%a0-%ea%b3%84%ec%a0%95-bing","status":"publish","type":"product","link":"https:\/\/buyadsaccounts.net\/ko\/gads\/microsoft-%ea%b4%91%ea%b3%a0-%ea%b3%84%ec%a0%95-bing\/","title":{"rendered":"Microsoft \uad11\uace0 \uacc4\uc815 \uad6c\ub9e4"},"content":{"rendered":"<h2>Microsoft \uad11\uace0 \uacc4\uc815 \uad6c\ub9e4\uc758 \uc774\uc810<\/h2>\n<p>\uc628\ub77c\uc778 \uad11\uace0 \ud6a8\uacfc\ub97c \ub192\uc774\uace0 \uc2f6\uc73c\uc2e0\uac00\uc694? Microsoft \uad11\uace0\ub294 \ub354 \ub9ce\uc740 \uc7a0\uc7ac \uace0\uac1d\uc5d0\uac8c \ub3c4\ub2ec\ud558\uace0 \uc6f9 \uc0ac\uc774\ud2b8\ub85c \ub354 \ub9ce\uc740 \ud2b8\ub798\ud53d\uc744 \uc720\ub3c4\ud560 \uc218 \uc788\ub294 \uac15\ub825\ud55c \ud50c\ub7ab\ud3fc\uc785\ub2c8\ub2e4. \ud558\uc9c0\ub9cc \uc5ec\ub7ec \uac1c\uc758 Microsoft \uad11\uace0 \uacc4\uc815\uc744 \uad00\ub9ac\ud558\ub294 \uac83\uc740 \uc2dc\uac04\uc774 \ub9ce\uc774 \uac78\ub9ac\uace0 \uc5b4\ub824\uc6b8 \uc218 \uc788\uc2b5\ub2c8\ub2e4. \uc774\ub7ec\ud55c \uacbd\uc6b0 Microsoft \uad11\uace0 \uacc4\uc815\uc744 \uad6c\ub9e4\ud558\uba74 \ud68d\uae30\uc801\uc778 \uc804\ud658\uc810\uc774 \ub420 \uc218 \uc788\uc2b5\ub2c8\ub2e4. \uc774 \ubb38\uc11c\uc5d0\uc11c\ub294 Microsoft \uad11\uace0 \uacc4\uc815 \uad6c\ub9e4\uc758 \uc774\uc810\uacfc \uc774\ub97c \ud1b5\ud574 \ube44\uc988\ub2c8\uc2a4 \uacbd\uc7c1\ub825\uc744 \ud655\ubcf4\ud558\ub294 \ubc29\ubc95\uc5d0 \ub300\ud574 \uc124\uba85\ud569\ub2c8\ub2e4.<\/p>\n<h3>1. \ub3c4\ub2ec \ubc94\uc704 \uc99d\uac00<\/h3>\n<p>Microsoft \uad11\uace0 \uacc4\uc815\uc744 \uad6c\ub9e4\ud558\uba74 \ub3c4\ub2ec \ubc94\uc704\ub97c \ud655\uc7a5\ud558\uace0 \ub354 \ub9ce\uc740 \uc7a0\uc7ac \uace0\uac1d\uc744 \ud0c0\uac9f\ud305\ud560 \uc218 \uc788\uc2b5\ub2c8\ub2e4. \uac01 \uacc4\uc815\uc5d0\ub294 \uace0\uc720\ud55c \uc778\uad6c \ud1b5\uacc4 \ubc0f \uad00\uc2ec \ubd84\uc57c\uac00 \uc81c\uacf5\ub418\ubbc0\ub85c \ud2b9\uc815 \uace0\uac1d \uc138\uadf8\uba3c\ud2b8\uc5d0 \ub9de\uac8c \uad11\uace0\ub97c \ub9de\ucda4 \uc124\uc815\ud560 \uc218 \uc788\uc2b5\ub2c8\ub2e4. \uc5ec\ub7ec \uacc4\uc815\uc744 \uc0ac\uc6a9\ud558\uba74 \uc5ec\ub7ec \ucea0\ud398\uc778\uc744 \ub3d9\uc2dc\uc5d0 \uc2e4\ud589\ud558\uc5ec \ub178\ucd9c\uc744 \uadf9\ub300\ud654\ud558\uace0 \uc7a0\uc7ac \uace0\uac1d\uc5d0\uac8c \ub3c4\ub2ec\ud560 \uc218 \uc788\ub294 \uae30\ud68c\ub97c \ub298\ub9b4 \uc218 \uc788\uc2b5\ub2c8\ub2e4.<\/p>\n<h3>2. \uad11\uace0 \uc2e4\uc801 \uac1c\uc120<\/h3>\n<p>Microsoft \uad11\uace0 \uacc4\uc815\uc744 \uad6c\ub9e4\ud558\uba74 \uc774\ubbf8 \uc124\uc815\ub418\uc5b4 \uc788\uace0 \uc131\uacf5\uc801\uc778 \uad11\uace0 \uc2e4\uc801 \uae30\ub85d\uc774 \uc788\ub294 \uacc4\uc815\uc5d0 \uc561\uc138\uc2a4\ud560 \uc218 \uc788\uc2b5\ub2c8\ub2e4. \uc774\ub7ec\ud55c \uacc4\uc815\uc740 Microsoft\uc5d0 \ub300\ud55c \uc2e0\ub8b0\uc640 \uc2e0\uc6a9\uc744 \uc313\uc544 \uad11\uace0 \uc2e4\uc801\uc5d0 \uae0d\uc815\uc801\uc778 \uc601\ud5a5\uc744 \uc904 \uc218 \uc788\uc2b5\ub2c8\ub2e4. \uc774\ub7ec\ud55c \uacc4\uc815\uc758 \uae30\uc874 \ud3c9\ud310\uc744 \ud65c\uc6a9\ud558\uc5ec \uad11\uace0 \ud488\uc9c8 \ud3c9\uac00 \uc810\uc218\ub97c \uac1c\uc120\ud558\uace0 \ud0c0\uac9f \uace0\uac1d\uc5d0\uac8c \uad11\uace0\uac00 \uac8c\uc7ac\ub420 \uac00\ub2a5\uc131\uc744 \ub192\uc77c \uc218 \uc788\uc2b5\ub2c8\ub2e4.<\/p>\n<h3>3. \uc2dc\uac04 \ubc0f \ub178\ub825 \uc808\uc57d<\/h3>\n<p>\uc5ec\ub7ec \uac1c\uc758 Microsoft \uad11\uace0 \uacc4\uc815\uc744 \uad00\ub9ac\ud558\ub824\uba74 \uc2dc\uac04\uc774 \ub9ce\uc774 \uac78\ub9ac\uace0 \uc0c1\ub2f9\ud55c \ub178\ub825\uc774 \ud544\uc694\ud560 \uc218 \uc788\uc2b5\ub2c8\ub2e4. \uae30\uc874 \uacc4\uc815\uc744 \uad6c\ub9e4\ud558\uba74 \uc0c8 \uacc4\uc815\uc744 \ucc98\uc74c\ubd80\ud130 \ub9cc\ub4e4\uace0 \uad00\ub9ac\ud574\uc57c \ud558\ub294 \ubc88\uac70\ub85c\uc6c0\uc744 \ub35c \uc218 \uc788\uc2b5\ub2c8\ub2e4. \ub530\ub77c\uc11c \uad11\uace0 \ucea0\ud398\uc778\uc744 \ucd5c\uc801\ud654\ud558\uace0 \uacb0\uacfc\ub97c \ubd84\uc11d\ud558\ub294 \ub4f1 \ube44\uc988\ub2c8\uc2a4\uc758 \ub2e4\ub978 \uc911\uc694\ud55c \uce21\uba74\uc5d0 \uc2dc\uac04\uacfc \uc5d0\ub108\uc9c0\ub97c \uc9d1\uc911\ud560 \uc218 \uc788\uc2b5\ub2c8\ub2e4.<\/p>\n<h3>4. \uacbd\uc7c1 \uc6b0\uc704<\/h3>\n<p>Microsoft \uad11\uace0 \uacc4\uc815\uc744 \uad6c\ub9e4\ud558\uba74 \uc628\ub77c\uc778 \uad11\uace0 \ud658\uacbd\uc5d0\uc11c \uacbd\uc7c1 \uc6b0\uc704\ub97c \ud655\ubcf4\ud560 \uc218 \uc788\uc2b5\ub2c8\ub2e4. \uc5ec\ub7ec \uacc4\uc815\uc744 \uc0ac\uc6a9\ud558\uba74 \ub2e4\uc591\ud55c \uad11\uace0 \ubcc0\ud615\uc744 \uc2e4\ud589\ud558\uace0 \ub2e4\uc591\ud55c \uc804\ub7b5\uc744 \ud14c\uc2a4\ud2b8\ud558\uc5ec \ube44\uc988\ub2c8\uc2a4\uc5d0 \uac00\uc7a5 \uc801\ud569\ud55c \uad11\uace0\uac00 \ubb34\uc5c7\uc778\uc9c0 \ud655\uc778\ud560 \uc218 \uc788\uc2b5\ub2c8\ub2e4. \uc774\ub7ec\ud55c \uc720\uc5f0\uc131\uc744 \ud1b5\ud574 \uacbd\uc7c1\uc0ac\ubcf4\ub2e4 \uc55e\uc11c \ub098\uac00\uace0 \uc2e4\uc2dc\uac04 \ub370\uc774\ud130\uc640 \uc778\uc0ac\uc774\ud2b8\ub97c \uae30\ubc18\uc73c\ub85c \uad11\uace0 \uc811\uadfc \ubc29\uc2dd\uc744 \uc870\uc815\ud560 \uc218 \uc788\uc2b5\ub2c8\ub2e4.<\/p>\n<h3>5. \ube44\uc6a9 \ud6a8\uc728\uc801\uc778 \uc194\ub8e8\uc158<\/h3>\n<p>\ub2e4\uc74c\uacfc \uac19\uc740 \uacbd\uc6b0 <strong>Microsoft \uad11\uace0 \uacc4\uc815 \uad6c\ub9e4<\/strong>, \ub97c \uc0ac\uc6a9\ud558\uba74 \uae30\ubcf8\uc801\uc73c\ub85c \ube44\uc6a9 \ud6a8\uc728\uc801\uc778 \uad11\uace0 \uc194\ub8e8\uc158\uc5d0 \ud22c\uc790\ud558\ub294 \uac83\uc785\ub2c8\ub2e4. \uc0c8 \uacc4\uc815\uc744 \ub9cc\ub4e4\uace0 \ucd5c\uc801\ud654\ud558\ub294 \ub370 \ub9ce\uc740 \ube44\uc6a9\uc744 \uc9c0\ucd9c\ud558\ub294 \ub300\uc2e0 \uae30\uc874 \uacc4\uc815\uc744 \uc801\uc740 \ube44\uc6a9\uc73c\ub85c \uad6c\ub9e4\ud560 \uc218 \uc788\uc2b5\ub2c8\ub2e4. \uc774\ub294 \ud2b9\ud788 \uad11\uace0 \uc608\uc0b0\uc774 \uc81c\ud55c\ub41c \ube44\uc988\ub2c8\uc2a4\uc758 \uacbd\uc6b0 \uc0c1\ub2f9\ud55c \ube44\uc6a9 \uc808\uac10 \ud6a8\uacfc\ub97c \uac00\uc838\uc62c \uc218 \uc788\uc2b5\ub2c8\ub2e4.<\/p>\n<p>\uc628\ub77c\uc778 \uad11\uace0 \ud65c\ub3d9\uc744 \uac15\ud654\ud558\ub824\ub294 \ube44\uc988\ub2c8\uc2a4\ub294 Microsoft \uad11\uace0 \uacc4\uc815\uc744 \uad6c\ub9e4\ud558\ub294 \uac83\uc774 \ud604\uba85\ud55c \uc120\ud0dd\uc774 \ub420 \uc218 \uc788\uc2b5\ub2c8\ub2e4. \uae30\uc874 \uacc4\uc815\uc744 \uad6c\ub9e4\ud558\uba74 \ub3c4\ub2ec \ubc94\uc704 \ud655\ub300, \uad11\uace0 \uc2e4\uc801 \uac1c\uc120, \uc2dc\uac04 \ubc0f \ub178\ub825 \uc808\uc57d, \uacbd\uc7c1 \uc6b0\uc704, \ube44\uc6a9 \ud6a8\uc728\uc801\uc778 \uc194\ub8e8\uc158\uc744 \ud1b5\ud574 \ub514\uc9c0\ud138 \ub9c8\ucf00\ud305 \ud658\uacbd\uc5d0\uc11c \uc131\uacf5\ud558\ub294 \ub370 \ud544\uc694\ud55c \ube44\uc988\ub2c8\uc2a4 \uc5ed\ub7c9\uc744 \uac15\ud654\ud560 \uc218 \uc788\uc2b5\ub2c8\ub2e4. \uadf8\ub807\ub2e4\uba74 \uc65c \ub9dd\uc124\uc77c\uae4c\uc694? \uc9c0\uae08 \ubc14\ub85c Microsoft \uad11\uace0 \uacc4\uc815 \uad6c\ub9e4\uc758 \uc774\uc810\uc744 \uc0b4\ud3b4\ubcf4\uace0 \uad11\uace0 \ucea0\ud398\uc778\uc744 \uc0c8\ub85c\uc6b4 \ucc28\uc6d0\uc73c\ub85c \ub04c\uc5b4\uc62c\ub9ac\uc138\uc694.<\/p>","protected":false},"excerpt":{"rendered":"<p>Are you looking for a Microsoft Ads account to run your campaigns on Bing, AOL, and Yahoo (and more). We can provide you a fully verified Microsoft (Bing) Ads account.<\/p>","protected":false},"featured_media":3395,"template":"","meta":{"_acf_changed":false,"_glsr_average":4.9,"_glsr_ranking":4.68125,"_glsr_reviews":54},"product_brand":[],"product_cat":[161],"product_tag":[],"class_list":{"0":"post-3393","1":"product","2":"type-product","3":"status-publish","4":"has-post-thumbnail","6":"product_cat-microsoft-bing-ads-accounts","7":"wcpa_has_options","9":"first","10":"instock","11":"purchasable","12":"product-type-simple"},"acf":[],"yoast_head":"<!-- This site is optimized with the Yoast SEO Premium plugin v26.7 (Yoast SEO v27.4) - https:\/\/yoast.com\/product\/yoast-seo-premium-wordpress\/ -->\n<title>Buy Microsoft Ads Accounts - Advertise on Bing, AOL, Yahoo<\/title>\n<meta name=\"description\" content=\"Buy Microsoft Bing Ads accounts. Premium accounts ready to publish campaigns instantly. Advertise on Microsoft Ads with our accounts.\" \/>\n<meta name=\"robots\" content=\"index, follow, max-snippet:-1, max-image-preview:large, max-video-preview:-1\" \/>\n<link rel=\"canonical\" href=\"https:\/\/buyadsaccounts.net\/ko\/gads\/microsoft-\uad11\uace0-\uacc4\uc815-bing\/\" \/>\n<meta property=\"og:locale\" content=\"ko_KR\" \/>\n<meta property=\"og:type\" content=\"article\" \/>\n<meta property=\"og:title\" content=\"Buy Microsoft Ads Account\" \/>\n<meta property=\"og:description\" content=\"Buy Microsoft Bing Ads accounts. Premium accounts ready to publish campaigns instantly. Advertise on Microsoft Ads with our accounts.\" \/>\n<meta property=\"og:url\" content=\"https:\/\/buyadsaccounts.net\/ko\/gads\/microsoft-\uad11\uace0-\uacc4\uc815-bing\/\" \/>\n<meta property=\"og:site_name\" content=\"BuyAdsAccounts\" \/>\n<meta property=\"article:modified_time\" content=\"2026-02-03T22:53:40+00:00\" \/>\n<meta property=\"og:image\" content=\"https:\/\/buyadsaccounts.net\/wp-content\/uploads\/2022\/08\/microsoft-ads-bing-ads-accounts.jpg\" \/>\n\t<meta property=\"og:image:width\" content=\"600\" \/>\n\t<meta property=\"og:image:height\" content=\"600\" \/>\n\t<meta property=\"og:image:type\" content=\"image\/jpeg\" \/>\n<meta name=\"twitter:card\" content=\"summary_large_image\" \/>\n<meta name=\"twitter:label1\" content=\"\uc608\uc0c1 \ub418\ub294 \ud310\ub3c5 \uc2dc\uac04\" \/>\n\t<meta name=\"twitter:data1\" content=\"3\ubd84\" \/>\n<script type=\"application\/ld+json\" class=\"yoast-schema-graph\">{\"@context\":\"https:\\\/\\\/schema.org\",\"@graph\":[{\"@type\":\"WebPage\",\"@id\":\"https:\\\/\\\/buyadsaccounts.net\\\/gads\\\/microsoft-ads-account-bing\\\/\",\"url\":\"https:\\\/\\\/buyadsaccounts.net\\\/gads\\\/microsoft-ads-account-bing\\\/\",\"name\":\"Buy Microsoft Ads Accounts - Advertise on Bing, AOL, Yahoo\",\"isPartOf\":{\"@id\":\"https:\\\/\\\/buyadsaccounts.net\\\/#website\"},\"primaryImageOfPage\":{\"@id\":\"https:\\\/\\\/buyadsaccounts.net\\\/gads\\\/microsoft-ads-account-bing\\\/#primaryimage\"},\"image\":{\"@id\":\"https:\\\/\\\/buyadsaccounts.net\\\/gads\\\/microsoft-ads-account-bing\\\/#primaryimage\"},\"thumbnailUrl\":\"https:\\\/\\\/buyadsaccounts.net\\\/wp-content\\\/uploads\\\/2022\\\/08\\\/microsoft-ads-bing-ads-accounts.jpg\",\"datePublished\":\"2022-08-30T13:28:57+00:00\",\"dateModified\":\"2026-02-03T22:53:40+00:00\",\"description\":\"Buy Microsoft Bing Ads accounts. Premium accounts ready to publish campaigns instantly. Advertise on Microsoft Ads with our accounts.\",\"breadcrumb\":{\"@id\":\"https:\\\/\\\/buyadsaccounts.net\\\/gads\\\/microsoft-ads-account-bing\\\/#breadcrumb\"},\"inLanguage\":\"ko-KR\",\"potentialAction\":[{\"@type\":\"ReadAction\",\"target\":[\"https:\\\/\\\/buyadsaccounts.net\\\/gads\\\/microsoft-ads-account-bing\\\/\"]}]},{\"@type\":\"ImageObject\",\"inLanguage\":\"ko-KR\",\"@id\":\"https:\\\/\\\/buyadsaccounts.net\\\/gads\\\/microsoft-ads-account-bing\\\/#primaryimage\",\"url\":\"https:\\\/\\\/buyadsaccounts.net\\\/wp-content\\\/uploads\\\/2022\\\/08\\\/microsoft-ads-bing-ads-accounts.jpg\",\"contentUrl\":\"https:\\\/\\\/buyadsaccounts.net\\\/wp-content\\\/uploads\\\/2022\\\/08\\\/microsoft-ads-bing-ads-accounts.jpg\",\"width\":600,\"height\":600},{\"@type\":\"BreadcrumbList\",\"@id\":\"https:\\\/\\\/buyadsaccounts.net\\\/gads\\\/microsoft-ads-account-bing\\\/#breadcrumb\",\"itemListElement\":[{\"@type\":\"ListItem\",\"position\":1,\"name\":\"Home\",\"item\":\"https:\\\/\\\/buyadsaccounts.net\\\/\"},{\"@type\":\"ListItem\",\"position\":2,\"name\":\"Shop\",\"item\":\"https:\\\/\\\/buyadsaccounts.net\\\/ar\\\/%d9%85%d8%aa%d8%ac%d8%b1\\\/\"},{\"@type\":\"ListItem\",\"position\":3,\"name\":\"Buy Microsoft Ads Account\"}]},{\"@type\":\"WebSite\",\"@id\":\"https:\\\/\\\/buyadsaccounts.net\\\/#website\",\"url\":\"https:\\\/\\\/buyadsaccounts.net\\\/\",\"name\":\"BuyAdsAccounts\",\"description\":\"\",\"publisher\":{\"@id\":\"https:\\\/\\\/buyadsaccounts.net\\\/#organization\"},\"potentialAction\":[{\"@type\":\"SearchAction\",\"target\":{\"@type\":\"EntryPoint\",\"urlTemplate\":\"https:\\\/\\\/buyadsaccounts.net\\\/?s={search_term_string}\"},\"query-input\":{\"@type\":\"PropertyValueSpecification\",\"valueRequired\":true,\"valueName\":\"search_term_string\"}}],\"inLanguage\":\"ko-KR\"},{\"@type\":\"Organization\",\"@id\":\"https:\\\/\\\/buyadsaccounts.net\\\/#organization\",\"name\":\"Buy Google Ads Accounts\",\"url\":\"https:\\\/\\\/buyadsaccounts.net\\\/\",\"logo\":{\"@type\":\"ImageObject\",\"inLanguage\":\"ko-KR\",\"@id\":\"https:\\\/\\\/buyadsaccounts.net\\\/#\\\/schema\\\/logo\\\/image\\\/\",\"url\":\"https:\\\/\\\/buyadsaccounts.net\\\/wp-content\\\/uploads\\\/2024\\\/12\\\/buyads-fav.jpg\",\"contentUrl\":\"https:\\\/\\\/buyadsaccounts.net\\\/wp-content\\\/uploads\\\/2024\\\/12\\\/buyads-fav.jpg\",\"width\":512,\"height\":512,\"caption\":\"Buy Google Ads Accounts\"},\"image\":{\"@id\":\"https:\\\/\\\/buyadsaccounts.net\\\/#\\\/schema\\\/logo\\\/image\\\/\"}}]}<\/script>\n<!-- \/ Yoast SEO Premium plugin. -->","yoast_head_json":{"title":"Microsoft \uad11\uace0 \uacc4\uc815 \uad6c\ub9e4 - Bing, AOL, \uc57c\ud6c4\uc5d0 \uad11\uace0\ud558\uae30","description":"Microsoft Bing Ads \uacc4\uc815\uc744 \uad6c\ub9e4\ud558\uc138\uc694. \ud504\ub9ac\ubbf8\uc5c4 \uacc4\uc815\uc73c\ub85c \uc989\uc2dc \ucea0\ud398\uc778\uc744 \uac8c\uc2dc\ud560 \uc218 \uc788\uc2b5\ub2c8\ub2e4. Microsoft \uacc4\uc815\uc73c\ub85c Microsoft \uad11\uace0\uc5d0 \uad11\uace0\ud558\uc138\uc694.","robots":{"index":"index","follow":"follow","max-snippet":"max-snippet:-1","max-image-preview":"max-image-preview:large","max-video-preview":"max-video-preview:-1"},"canonical":"https:\/\/buyadsaccounts.net\/ko\/gads\/microsoft-\uad11\uace0-\uacc4\uc815-bing\/","og_locale":"ko_KR","og_type":"article","og_title":"Buy Microsoft Ads Account","og_description":"Buy Microsoft Bing Ads accounts. Premium accounts ready to publish campaigns instantly. Advertise on Microsoft Ads with our accounts.","og_url":"https:\/\/buyadsaccounts.net\/ko\/gads\/microsoft-\uad11\uace0-\uacc4\uc815-bing\/","og_site_name":"BuyAdsAccounts","article_modified_time":"2026-02-03T22:53:40+00:00","og_image":[{"width":600,"height":600,"url":"https:\/\/buyadsaccounts.net\/wp-content\/uploads\/2022\/08\/microsoft-ads-bing-ads-accounts.jpg","type":"image\/jpeg"}],"twitter_card":"summary_large_image","twitter_misc":{"\uc608\uc0c1 \ub418\ub294 \ud310\ub3c5 \uc2dc\uac04":"3\ubd84"},"schema":{"@context":"https:\/\/schema.org","@graph":[{"@type":"WebPage","@id":"https:\/\/buyadsaccounts.net\/gads\/microsoft-ads-account-bing\/","url":"https:\/\/buyadsaccounts.net\/gads\/microsoft-ads-account-bing\/","name":"Microsoft \uad11\uace0 \uacc4\uc815 \uad6c\ub9e4 - Bing, AOL, \uc57c\ud6c4\uc5d0 \uad11\uace0\ud558\uae30","isPartOf":{"@id":"https:\/\/buyadsaccounts.net\/#website"},"primaryImageOfPage":{"@id":"https:\/\/buyadsaccounts.net\/gads\/microsoft-ads-account-bing\/#primaryimage"},"image":{"@id":"https:\/\/buyadsaccounts.net\/gads\/microsoft-ads-account-bing\/#primaryimage"},"thumbnailUrl":"https:\/\/buyadsaccounts.net\/wp-content\/uploads\/2022\/08\/microsoft-ads-bing-ads-accounts.jpg","datePublished":"2022-08-30T13:28:57+00:00","dateModified":"2026-02-03T22:53:40+00:00","description":"Microsoft Bing Ads \uacc4\uc815\uc744 \uad6c\ub9e4\ud558\uc138\uc694. \ud504\ub9ac\ubbf8\uc5c4 \uacc4\uc815\uc73c\ub85c \uc989\uc2dc \ucea0\ud398\uc778\uc744 \uac8c\uc2dc\ud560 \uc218 \uc788\uc2b5\ub2c8\ub2e4. Microsoft \uacc4\uc815\uc73c\ub85c Microsoft \uad11\uace0\uc5d0 \uad11\uace0\ud558\uc138\uc694.","breadcrumb":{"@id":"https:\/\/buyadsaccounts.net\/gads\/microsoft-ads-account-bing\/#breadcrumb"},"inLanguage":"ko-KR","potentialAction":[{"@type":"ReadAction","target":["https:\/\/buyadsaccounts.net\/gads\/microsoft-ads-account-bing\/"]}]},{"@type":"ImageObject","inLanguage":"ko-KR","@id":"https:\/\/buyadsaccounts.net\/gads\/microsoft-ads-account-bing\/#primaryimage","url":"https:\/\/buyadsaccounts.net\/wp-content\/uploads\/2022\/08\/microsoft-ads-bing-ads-accounts.jpg","contentUrl":"https:\/\/buyadsaccounts.net\/wp-content\/uploads\/2022\/08\/microsoft-ads-bing-ads-accounts.jpg","width":600,"height":600},{"@type":"BreadcrumbList","@id":"https:\/\/buyadsaccounts.net\/gads\/microsoft-ads-account-bing\/#breadcrumb","itemListElement":[{"@type":"ListItem","position":1,"name":"Home","item":"https:\/\/buyadsaccounts.net\/"},{"@type":"ListItem","position":2,"name":"Shop","item":"https:\/\/buyadsaccounts.net\/ar\/%d9%85%d8%aa%d8%ac%d8%b1\/"},{"@type":"ListItem","position":3,"name":"Buy Microsoft Ads Account"}]},{"@type":"WebSite","@id":"https:\/\/buyadsaccounts.net\/#website","url":"https:\/\/buyadsaccounts.net\/","name":"\uad11\uace0 \uacc4\uc815 \uad6c\ub9e4","description":"","publisher":{"@id":"https:\/\/buyadsaccounts.net\/#organization"},"potentialAction":[{"@type":"SearchAction","target":{"@type":"EntryPoint","urlTemplate":"https:\/\/buyadsaccounts.net\/?s={search_term_string}"},"query-input":{"@type":"PropertyValueSpecification","valueRequired":true,"valueName":"search_term_string"}}],"inLanguage":"ko-KR"},{"@type":"Organization","@id":"https:\/\/buyadsaccounts.net\/#organization","name":"\uad6c\uae00 \uad11\uace0 \uacc4\uc815 \uad6c\ub9e4","url":"https:\/\/buyadsaccounts.net\/","logo":{"@type":"ImageObject","inLanguage":"ko-KR","@id":"https:\/\/buyadsaccounts.net\/#\/schema\/logo\/image\/","url":"https:\/\/buyadsaccounts.net\/wp-content\/uploads\/2024\/12\/buyads-fav.jpg","contentUrl":"https:\/\/buyadsaccounts.net\/wp-content\/uploads\/2024\/12\/buyads-fav.jpg","width":512,"height":512,"caption":"Buy Google Ads Accounts"},"image":{"@id":"https:\/\/buyadsaccounts.net\/#\/schema\/logo\/image\/"}}]}},"wcpa_form_fields":{"wcpaData":{"product":{"product_price":0,"price_html":"<span class=\"woocommerce-Price-amount amount\"><bdi>0<span class=\"woocommerce-Price-currencySymbol\">&#36;<\/span><\/bdi><\/span>","original_product_price":0,"price_including_tax":0,"price_excluding_tax":0,"product_id":{"parent":3393,"variation":false},"is_variable":false,"stock_status":"instock","stock_quantity":null,"parent_sku":"","product_attributes":[],"custom_fields":[],"is_taxable":false,"product_name":"Buy Microsoft Ads Account","hasImage":false},"fields":{"sec_8695e94419315c":{"extra":{"key":"sec_8695e94419315c","section_id":"sec_8695e94419315c","name":"Default","status":1,"cl_rule":"show","enableCl":false,"relations":[],"toggle":true,"title_tag":"h3","show_title":false,"showPrice":"default","form_id":3396,"form_rules":{"exclude_from_discount":false,"fee_label":"Op\u0142ata","disp_hide_options_price":false,"disp_show_section_price":false,"disp_show_field_price":true,"layout_option":"standard","pric_use_as_fee":false,"process_fee_as":"woo_fee"},"layout_option":"standard"},"fields":[[{"type":"checkbox-group","required":true,"elementId":"wcpa-checkbox-group-1643471137938","label":"Account Options","enablePrice":true,"priceOptions":"different_for_all","pricingType":"fixed","price":"100","name":"checkbox-group-1643471137938","min_options":"1","other_text":"Other","cl_rule":"show","col":6,"values":[{"label":"2022 USD Account","value":"uk-new-no-spent","price":"200","pimage":"","pimage_id":"","pthumb":"","gt_translate_keys":["label"]},{"label":"2023 EUR Account","value":"uk-6-4k","price":"200","pimage":"","pimage_id":"","pthumb":"","gt_translate_keys":["label"]},{"label":"2023 GBP Account","value":"uk-2030-4000","price":"200","pimage":"","pimage_id":"","pthumb":"","gt_translate_keys":["label"]}],"relations":false,"active":true,"tooltip":"","layOut":"inline","isWeightTemplate":false,"error":false,"isTemplate":false,"checkUi":"","min_quantity":"1","quantity_decimal":false,"quantity_step":"1","quantity_label":"Quantity","repeater_field_label":"{field_label}","repeater_bind":"","gt_translate_keys":["label","tooltip","repeater_field_label","quantity_label"],"price_dependency":false,"cl_dependency":false,"value":""}],[{"type":"checkbox-group","elementId":"wcpa-checkbox-group-1708272824668","label":"Extra Services","enablePrice":true,"priceOptions":"different_for_all","pricingType":"fixed","price":"100","name":"checkbox-group-1708272824667","min_options":"1","other_text":"Other","cl_rule":"show","col":6,"values":[{"label":"Credit Card","value":"add-ccv","price":"100","pimage":"","pimage_id":"","pthumb":"","tempId":"aco_743","gt_translate_keys":["label"]},{"label":"Cloaking ( Crypto, IPTV, Gambling, Casino, Affiliate)","value":"blak-cat","price":"100","pimage":"","pimage_id":"","pthumb":"","tempId":"aco_744","gt_translate_keys":["label"]},{"label":"Ads Manager","value":"disw0","price":"100","pimage":"","pimage_id":"","pthumb":"","tempId":"aco_745","gt_translate_keys":["label"]},{"label":"Premium Proxy","value":"preprx","selected":false,"tempId":"aco_926","price":"20","gt_translate_keys":["label"]},{"label":"Premium Warranty","value":"premawa","selected":false,"tempId":"aco_807","price":"500","gt_translate_keys":["label"]}],"relations":false,"active":true,"tooltip":"<a href=\"https:\/\/help.buyadsaccounts.net\/hc\/helpcenter\/articles\/1754560957-additional-options\" target=\"blank\">Read More<\/a>","layOut":"","isWeightTemplate":false,"error":false,"isTemplate":false,"checkUi":"","min_quantity":"1","quantity_decimal":false,"quantity_step":"1","quantity_label":"Quantity","repeater_field_label":"{field_label}","repeater_bind":"","gt_translate_keys":["label","tooltip","repeater_field_label","quantity_label"],"price_dependency":false,"cl_dependency":["wcpa-checkbox-group-1711017105381","wcpa-checkbox-group-1711017186537","wcpa-number-1702422454388"],"value":""}],[{"type":"checkbox-group","required":true,"elementId":"wcpa-checkbox-group-1711017105381","label":"Cloaking - How many URLs?","description":"Price per URL","enablePrice":true,"priceOptions":"different_for_all","pricingType":"fixed","price":"100","name":"checkbox-group-1711017105380","min_options":"1","other_text":"Other","enableCl":true,"cl_rule":"show","cl_val":"blak2","col":6,"values":[{"label":"1 URL","value":"1qq","price":"0","pimage":"","pimage_id":"","pthumb":"","gt_translate_keys":["label"]},{"label":"2 URLs","value":"2aq","price":"100","pimage":"","pimage_id":"","pthumb":"","gt_translate_keys":["label"]},{"label":"3 URLs","value":"3df","price":"200","pimage":"","pimage_id":"","pthumb":"","gt_translate_keys":["label"]},{"label":"5 URLs","value":"522","price":"350","pimage":"","pimage_id":"","pthumb":"","gt_translate_keys":["label"]},{"label":"10 URLs","value":"fwe","price":"700","pimage":"","pimage_id":"","pthumb":"","gt_translate_keys":["label"]}],"relations":[{"operator":false,"rules":[{"operator":false,"rules":{"cl_field":"wcpa-checkbox-group-1708272824668","cl_relation":"is","cl_val":"blak2"}}]}],"active":true,"tooltip":"","layOut":"","gt_translate_keys":["label","description","tooltip"],"price_dependency":false,"cl_dependency":false,"value":""}],[{"type":"checkbox-group","required":true,"elementId":"wcpa-checkbox-group-1711017186537","label":"Ads Manager - How many ADS?","description":"Price per AD","enablePrice":true,"priceOptions":"different_for_all","pricingType":"fixed","price":"100","name":"checkbox-group-1711017186536","min_options":"1","other_text":"Other","enableCl":true,"cl_rule":"show","cl_val":"disw0","col":6,"values":[{"label":"1 Ad","value":"1qq","price":"0","pimage":"","pimage_id":"","pthumb":"","gt_translate_keys":["label"]},{"label":"2 Ads","value":"2aq","price":"100","pimage":"","pimage_id":"","pthumb":"","gt_translate_keys":["label"]},{"label":"3 Ads","value":"3df","price":"200","pimage":"","pimage_id":"","pthumb":"","gt_translate_keys":["label"]},{"label":"5 Ads","value":"522","price":"350","pimage":"","pimage_id":"","pthumb":"","gt_translate_keys":["label"]},{"label":"10 Ads","value":"fwe","price":"700","pimage":"","pimage_id":"","pthumb":"","gt_translate_keys":["label"]}],"relations":[{"operator":false,"rules":[{"operator":false,"rules":{"cl_field":"wcpa-checkbox-group-1708272824668","cl_relation":"is","cl_val":"disw0"}}]}],"active":true,"tooltip":"","layOut":"","gt_translate_keys":["label","description","tooltip"],"price_dependency":false,"cl_dependency":false,"value":""}],[{"type":"number","required":true,"elementId":"wcpa-number-1702422454388","label":"Add Funds to the account","description":"5% fee","enablePrice":true,"pricingType":"multiply","price":"1","min":"25","max":"50000","name":"number-1702422454388","enableCl":true,"cl_rule":"show","cl_val":"add-ccv","col":6,"relations":[{"operator":false,"rules":[{"operator":false,"rules":{"cl_field":"wcpa-checkbox-group-1708272824668","cl_relation":"is","cl_val":"add-ccv"}}]}],"active":true,"tooltip":"","error":false,"gt_translate_keys":["label","description","tooltip"],"price_dependency":false,"cl_dependency":false,"value":""}]]}},"config":{"price_override":"","enable_recaptcha":false,"bind_quantity":false,"quantity_bind_formula":false,"disp_summ_show_option_price":false,"disp_summ_show_product_price":false,"disp_summ_show_total_price":true,"disp_summ_show_fee":false,"disp_summ_show_discount":false,"summary_title":"","options_total_label":"Cena opcji","total_label":"\u0141\u0105cznie","options_product_label":"Cena produktu","fee_label":"Op\u0142ata","discount_label":"Zni\u017cka","has_price":true,"has_quantity_formula":false},"mc_unit":1,"tax_rate":1,"tax_rate_real":1,"discount":{"percentage":0,"fixed":0},"design":{"conf":{"LabelPosition":"above","DescPosition":"above","UploadField":"custom_1","QuantityFieldStyle":"default"},"css":{"LeftLabelWidth":"120px"}},"formulas":[],"lookuptables":[],"clones":false,"cartKey":false}},"_links":{"self":[{"href":"https:\/\/buyadsaccounts.net\/ko\/wp-json\/wp\/v2\/product\/3393","targetHints":{"allow":["GET"]}}],"collection":[{"href":"https:\/\/buyadsaccounts.net\/ko\/wp-json\/wp\/v2\/product"}],"about":[{"href":"https:\/\/buyadsaccounts.net\/ko\/wp-json\/wp\/v2\/types\/product"}],"version-history":[{"count":3,"href":"https:\/\/buyadsaccounts.net\/ko\/wp-json\/wp\/v2\/product\/3393\/revisions"}],"predecessor-version":[{"id":10169,"href":"https:\/\/buyadsaccounts.net\/ko\/wp-json\/wp\/v2\/product\/3393\/revisions\/10169"}],"wp:featuredmedia":[{"embeddable":true,"href":"https:\/\/buyadsaccounts.net\/ko\/wp-json\/wp\/v2\/media\/3395"}],"wp:attachment":[{"href":"https:\/\/buyadsaccounts.net\/ko\/wp-json\/wp\/v2\/media?parent=3393"}],"wp:term":[{"taxonomy":"product_brand","embeddable":true,"href":"https:\/\/buyadsaccounts.net\/ko\/wp-json\/wp\/v2\/product_brand?post=3393"},{"taxonomy":"product_cat","embeddable":true,"href":"https:\/\/buyadsaccounts.net\/ko\/wp-json\/wp\/v2\/product_cat?post=3393"},{"taxonomy":"product_tag","embeddable":true,"href":"https:\/\/buyadsaccounts.net\/ko\/wp-json\/wp\/v2\/product_tag?post=3393"}],"curies":[{"name":"wp","href":"https:\/\/api.w.org\/{rel}","templated":true}]}}