{"id":9220,"date":"2025-12-04T17:00:15","date_gmt":"2025-12-04T17:00:15","guid":{"rendered":"https:\/\/rentaccounts.net\/?post_type=product&#038;p=9220"},"modified":"2026-02-01T17:13:32","modified_gmt":"2026-02-01T17:13:32","slug":"acquistare-conti-google-ads-crypto","status":"publish","type":"product","link":"https:\/\/buyadsaccounts.net\/it\/gads\/acquistare-conti-google-ads-crypto\/","title":{"rendered":"Acquistare conti Google Ads Crypto"},"content":{"rendered":"<h2 data-start=\"233\" data-end=\"284\"><strong data-start=\"236\" data-end=\"284\">Perch\u00e9 acquistare account cripto-verificati di Google Ads?<\/strong><\/h2>\n<p data-start=\"286\" data-end=\"587\">Google Ads rimane la piattaforma pubblicitaria pi\u00f9 potente per raggiungere il pubblico globale attraverso la Ricerca, YouTube e la Rete Display. Per le imprese del settore crittografico, tuttavia, l'accesso \u00e8 fortemente limitato. Solo le aziende che superano il test ufficiale di Google <strong data-start=\"528\" data-end=\"567\">programma di verifica delle criptovalute<\/strong> possono pubblicare annunci di criptovaluta.<\/p>\n<p data-start=\"589\" data-end=\"817\">Ecco perch\u00e9 l'acquisto <strong data-start=\"612\" data-end=\"659\">conti criptati Google Ads legalmente verificati<\/strong> \u00e8 diventata essenziale per molti inserzionisti. I nostri account sono verificati da aziende approvate, pienamente conformi e pronti a eseguire campagne di criptovaluta all'istante.<\/p>\n<p data-start=\"819\" data-end=\"873\">Ecco perch\u00e9 gli acquirenti scelgono i nostri conti cripto-verificati:<\/p>\n<ul data-start=\"875\" data-end=\"1298\">\n<li data-start=\"875\" data-end=\"990\">\n<p data-start=\"877\" data-end=\"990\"><strong data-start=\"877\" data-end=\"927\">Accesso istantaneo all'ecosistema di annunci crittografici di Google<\/strong> senza passare attraverso il lungo processo di verifica di Google.<\/p>\n<\/li>\n<li data-start=\"991\" data-end=\"1083\">\n<p data-start=\"993\" data-end=\"1083\"><strong data-start=\"993\" data-end=\"1037\">Possibilit\u00e0 di eseguire immediatamente annunci conformi<\/strong> attraverso Google Search, YouTube e Display.<\/p>\n<\/li>\n<li data-start=\"1084\" data-end=\"1188\">\n<p data-start=\"1086\" data-end=\"1188\"><strong data-start=\"1086\" data-end=\"1122\">Elevata fiducia e forte reputazione<\/strong>, poich\u00e9 il conto \u00e8 approvato da un'entit\u00e0 legalmente verificata.<\/p>\n<\/li>\n<li data-start=\"1189\" data-end=\"1298\">\n<p data-start=\"1191\" data-end=\"1298\"><strong data-start=\"1191\" data-end=\"1216\">Carta di pagamento integrata<\/strong> in modo da poter finanziare il conto direttamente attraverso la nostra piattaforma con una semplice commissione di 5%.<\/p>\n<\/li>\n<\/ul>\n<h2 data-start=\"1305\" data-end=\"1350\"><strong data-start=\"1308\" data-end=\"1350\">Considerazioni importanti prima dell'acquisto<\/strong><\/h2>\n<p data-start=\"1352\" data-end=\"1492\">Quando si acquista un account Google Ads per la pubblicit\u00e0 sulle criptovalute, diversi fattori sono importanti per garantire sicurezza, conformit\u00e0 e prestazioni a lungo termine:<\/p>\n<h3 data-start=\"1494\" data-end=\"1523\"><strong data-start=\"1498\" data-end=\"1521\">Stato di verifica<\/strong><\/h3>\n<p data-start=\"1524\" data-end=\"1675\">Verificare sempre che l'account sia legalmente verificato da una societ\u00e0 approvata per la pubblicit\u00e0 di criptovalute. Senza questa verifica, le campagne di criptovalute non possono essere eseguite.<\/p>\n<h3 data-start=\"1677\" data-end=\"1715\"><strong data-start=\"1681\" data-end=\"1713\">Reputazione e storia del conto<\/strong><\/h3>\n<p data-start=\"1716\" data-end=\"1836\">Gli account con un record pulito e senza violazioni della politica hanno prestazioni migliori e hanno meno probabilit\u00e0 di subire revisioni o sospensioni.<\/p>\n<h3 data-start=\"1838\" data-end=\"1871\"><strong data-start=\"1842\" data-end=\"1869\">Impostazione di fatturazione e finanziamento<\/strong><\/h3>\n<p data-start=\"1872\" data-end=\"2050\">I nostri conti sono dotati di carte e potete aggiungere fondi istantaneamente attraverso il nostro sistema. Tuttavia, \u00e8 importante comprendere i limiti di finanziamento e le commissioni prima di lanciare le campagne.<\/p>\n<h3 data-start=\"2052\" data-end=\"2089\"><strong data-start=\"2056\" data-end=\"2087\">Trasferimento di propriet\u00e0 e accesso<\/strong><\/h3>\n<p data-start=\"2090\" data-end=\"2241\">Garantire l'accesso completo all'account Ads, compresa la possibilit\u00e0 di modificare i login, proteggere l'account e gestire la fatturazione senza restrizioni.<\/p>\n<h3 data-start=\"2243\" data-end=\"2279\"><strong data-start=\"2247\" data-end=\"2277\">Sicurezza e prevenzione delle truffe<\/strong><\/h3>\n<p data-start=\"2280\" data-end=\"2449\">La pubblicit\u00e0 delle criptovalute \u00e8 una nicchia ristretta, che attira molti venditori falsi. Acquistate solo da fonti verificate ed evitate chi offre conti \u201cillimitati\u201d o \u201csenza rischi\u201d.<\/p>\n<h2 data-start=\"2456\" data-end=\"2482\"><strong data-start=\"2459\" data-end=\"2482\">Fasi successive all'acquisto<\/strong><\/h2>\n<p data-start=\"2484\" data-end=\"2601\">Una volta consegnato il vostro account Google Ads crittografato, completate questi passaggi per ottenere il massimo della sicurezza e delle prestazioni:<\/p>\n<h3 data-start=\"2603\" data-end=\"2640\"><strong data-start=\"2607\" data-end=\"2638\">1. Modifica delle credenziali di accesso<\/strong><\/h3>\n<p data-start=\"2641\" data-end=\"2727\">Modificare immediatamente l'e-mail, la password e le opzioni di recupero per assicurarsi la piena propriet\u00e0.<\/p>\n<h3 data-start=\"2729\" data-end=\"2769\"><strong data-start=\"2733\" data-end=\"2767\">2. Rivedere tutte le impostazioni dell'account<\/strong><\/h3>\n<p data-start=\"2770\" data-end=\"2909\">Controllate la fatturazione, le impostazioni predefinite delle campagne, il geo-targeting, le regioni approvate e le note di conformit\u00e0 per allineare tutto alla vostra strategia pubblicitaria.<\/p>\n<h3 data-start=\"2911\" data-end=\"2956\"><strong data-start=\"2915\" data-end=\"2954\">3. Aggiungere fondi attraverso il cruscotto<\/strong><\/h3>\n<p data-start=\"2957\" data-end=\"3052\">Depositate il vostro budget pubblicitario utilizzando il nostro sistema di finanziamento (tariffa 5%) e iniziate subito a gestire le campagne.<\/p>\n<h3 data-start=\"3054\" data-end=\"3097\"><strong data-start=\"3058\" data-end=\"3095\">4. Ottimizzare e monitorare le prestazioni<\/strong><\/h3>\n<p data-start=\"3098\" data-end=\"3250\">I verticali delle criptovalute possono essere sensibili. Utilizzate un testo pubblicitario conforme, testate pi\u00f9 creativit\u00e0 e monitorate attentamente le prestazioni, soprattutto nelle prime 48 ore.<\/p>\n<h2 data-start=\"3257\" data-end=\"3274\"><strong data-start=\"3260\" data-end=\"3274\">Conclusione<\/strong><\/h2>\n<p data-start=\"3276\" data-end=\"3602\">Acquisto di un <strong data-start=\"3285\" data-end=\"3323\">Account cripto-verificato Google Ads<\/strong> \u00e8 il modo pi\u00f9 veloce e sicuro per iniziare a gestire campagne di criptovalute conformi su Google Search, YouTube e Display. Scegliendo un fornitore affidabile, proteggendo l'account e seguendo le best practice, potete lanciare le vostre campagne immediatamente e scalare con fiducia.<\/p>","protected":false},"excerpt":{"rendered":"<p>Eseguite le vostre campagne pubblicitarie in criptovaluta su Google Search &amp; Display (Google.com, YouTube) utilizzando i nostri account cripto di Google Ads legalmente verificati.<\/p>","protected":false},"featured_media":9221,"template":"","meta":{"_acf_changed":false,"_glsr_average":5,"_glsr_ranking":4.5454545454545,"_glsr_reviews":23},"product_brand":[],"product_cat":[322],"product_tag":[],"class_list":{"0":"post-9220","1":"product","2":"type-product","3":"status-publish","4":"has-post-thumbnail","6":"product_cat-google-ads-crypto","7":"wcpa_has_options","9":"first","10":"instock","11":"purchasable","12":"product-type-simple"},"acf":[],"yoast_head":"<!-- This site is optimized with the Yoast SEO Premium plugin v26.7 (Yoast SEO v27.4) - https:\/\/yoast.com\/product\/yoast-seo-premium-wordpress\/ -->\n<title>Buy Google Ads Approved Crypto Accounts Ready for Ads<\/title>\n<meta name=\"description\" content=\"Get Google Ads approved crypto accounts validated by licensed companies. Fully compliant, high-trust accounts ideal for scaling crypto ads safely.\" \/>\n<meta name=\"robots\" content=\"index, follow, max-snippet:-1, max-image-preview:large, max-video-preview:-1\" \/>\n<link rel=\"canonical\" href=\"https:\/\/buyadsaccounts.net\/it\/gads\/acquistare-conti-google-ads-crypto\/\" \/>\n<meta property=\"og:locale\" content=\"it_IT\" \/>\n<meta property=\"og:type\" content=\"article\" \/>\n<meta property=\"og:title\" content=\"Buy Google Ads Crypto Accounts\" \/>\n<meta property=\"og:description\" content=\"Get Google Ads approved crypto accounts validated by licensed companies. Fully compliant, high-trust accounts ideal for scaling crypto ads safely.\" \/>\n<meta property=\"og:url\" content=\"https:\/\/buyadsaccounts.net\/it\/gads\/acquistare-conti-google-ads-crypto\/\" \/>\n<meta property=\"og:site_name\" content=\"BuyAdsAccounts\" \/>\n<meta property=\"article:modified_time\" content=\"2026-02-01T17:13:32+00:00\" \/>\n<meta property=\"og:image\" content=\"https:\/\/buyadsaccounts.net\/wp-content\/uploads\/2025\/12\/google-ads-crypto-accounts.png\" \/>\n\t<meta property=\"og:image:width\" content=\"88\" \/>\n\t<meta property=\"og:image:height\" content=\"88\" \/>\n\t<meta property=\"og:image:type\" content=\"image\/png\" \/>\n<meta name=\"twitter:card\" content=\"summary_large_image\" \/>\n<meta name=\"twitter:label1\" content=\"Tempo di lettura stimato\" \/>\n\t<meta name=\"twitter:data1\" content=\"3 minuti\" \/>\n<script type=\"application\/ld+json\" class=\"yoast-schema-graph\">{\"@context\":\"https:\\\/\\\/schema.org\",\"@graph\":[{\"@type\":\"WebPage\",\"@id\":\"https:\\\/\\\/buyadsaccounts.net\\\/gads\\\/buy-google-ads-crypto-accounts\\\/\",\"url\":\"https:\\\/\\\/buyadsaccounts.net\\\/gads\\\/buy-google-ads-crypto-accounts\\\/\",\"name\":\"Buy Google Ads Approved Crypto Accounts Ready for Ads\",\"isPartOf\":{\"@id\":\"https:\\\/\\\/buyadsaccounts.net\\\/#website\"},\"primaryImageOfPage\":{\"@id\":\"https:\\\/\\\/buyadsaccounts.net\\\/gads\\\/buy-google-ads-crypto-accounts\\\/#primaryimage\"},\"image\":{\"@id\":\"https:\\\/\\\/buyadsaccounts.net\\\/gads\\\/buy-google-ads-crypto-accounts\\\/#primaryimage\"},\"thumbnailUrl\":\"https:\\\/\\\/buyadsaccounts.net\\\/wp-content\\\/uploads\\\/2025\\\/12\\\/google-ads-crypto-accounts.png\",\"datePublished\":\"2025-12-04T17:00:15+00:00\",\"dateModified\":\"2026-02-01T17:13:32+00:00\",\"description\":\"Get Google Ads approved crypto accounts validated by licensed companies. Fully compliant, high-trust accounts ideal for scaling crypto ads safely.\",\"breadcrumb\":{\"@id\":\"https:\\\/\\\/buyadsaccounts.net\\\/gads\\\/buy-google-ads-crypto-accounts\\\/#breadcrumb\"},\"inLanguage\":\"it-IT\",\"potentialAction\":[{\"@type\":\"ReadAction\",\"target\":[\"https:\\\/\\\/buyadsaccounts.net\\\/gads\\\/buy-google-ads-crypto-accounts\\\/\"]}]},{\"@type\":\"ImageObject\",\"inLanguage\":\"it-IT\",\"@id\":\"https:\\\/\\\/buyadsaccounts.net\\\/gads\\\/buy-google-ads-crypto-accounts\\\/#primaryimage\",\"url\":\"https:\\\/\\\/buyadsaccounts.net\\\/wp-content\\\/uploads\\\/2025\\\/12\\\/google-ads-crypto-accounts.png\",\"contentUrl\":\"https:\\\/\\\/buyadsaccounts.net\\\/wp-content\\\/uploads\\\/2025\\\/12\\\/google-ads-crypto-accounts.png\",\"width\":88,\"height\":88,\"caption\":\"google ads crypto accounts\"},{\"@type\":\"BreadcrumbList\",\"@id\":\"https:\\\/\\\/buyadsaccounts.net\\\/gads\\\/buy-google-ads-crypto-accounts\\\/#breadcrumb\",\"itemListElement\":[{\"@type\":\"ListItem\",\"position\":1,\"name\":\"Home\",\"item\":\"https:\\\/\\\/buyadsaccounts.net\\\/\"},{\"@type\":\"ListItem\",\"position\":2,\"name\":\"Shop\",\"item\":\"https:\\\/\\\/buyadsaccounts.net\\\/ar\\\/%d9%85%d8%aa%d8%ac%d8%b1\\\/\"},{\"@type\":\"ListItem\",\"position\":3,\"name\":\"Buy Google Ads Crypto Accounts\"}]},{\"@type\":\"WebSite\",\"@id\":\"https:\\\/\\\/buyadsaccounts.net\\\/#website\",\"url\":\"https:\\\/\\\/buyadsaccounts.net\\\/\",\"name\":\"BuyAdsAccounts\",\"description\":\"\",\"publisher\":{\"@id\":\"https:\\\/\\\/buyadsaccounts.net\\\/#organization\"},\"potentialAction\":[{\"@type\":\"SearchAction\",\"target\":{\"@type\":\"EntryPoint\",\"urlTemplate\":\"https:\\\/\\\/buyadsaccounts.net\\\/?s={search_term_string}\"},\"query-input\":{\"@type\":\"PropertyValueSpecification\",\"valueRequired\":true,\"valueName\":\"search_term_string\"}}],\"inLanguage\":\"it-IT\"},{\"@type\":\"Organization\",\"@id\":\"https:\\\/\\\/buyadsaccounts.net\\\/#organization\",\"name\":\"Buy Google Ads Accounts\",\"url\":\"https:\\\/\\\/buyadsaccounts.net\\\/\",\"logo\":{\"@type\":\"ImageObject\",\"inLanguage\":\"it-IT\",\"@id\":\"https:\\\/\\\/buyadsaccounts.net\\\/#\\\/schema\\\/logo\\\/image\\\/\",\"url\":\"https:\\\/\\\/buyadsaccounts.net\\\/wp-content\\\/uploads\\\/2024\\\/12\\\/buyads-fav.jpg\",\"contentUrl\":\"https:\\\/\\\/buyadsaccounts.net\\\/wp-content\\\/uploads\\\/2024\\\/12\\\/buyads-fav.jpg\",\"width\":512,\"height\":512,\"caption\":\"Buy Google Ads Accounts\"},\"image\":{\"@id\":\"https:\\\/\\\/buyadsaccounts.net\\\/#\\\/schema\\\/logo\\\/image\\\/\"}}]}<\/script>\n<!-- \/ Yoast SEO Premium plugin. -->","yoast_head_json":{"title":"Acquistare conti cripto approvati da Google Ads pronti per gli annunci","description":"Ottenete account di criptovaluta approvati da Google Ads e convalidati da aziende autorizzate. Conti completamente conformi e ad alta affidabilit\u00e0, ideali per scalare gli annunci di criptovalute in modo sicuro.","robots":{"index":"index","follow":"follow","max-snippet":"max-snippet:-1","max-image-preview":"max-image-preview:large","max-video-preview":"max-video-preview:-1"},"canonical":"https:\/\/buyadsaccounts.net\/it\/gads\/acquistare-conti-google-ads-crypto\/","og_locale":"it_IT","og_type":"article","og_title":"Buy Google Ads Crypto Accounts","og_description":"Get Google Ads approved crypto accounts validated by licensed companies. Fully compliant, high-trust accounts ideal for scaling crypto ads safely.","og_url":"https:\/\/buyadsaccounts.net\/it\/gads\/acquistare-conti-google-ads-crypto\/","og_site_name":"BuyAdsAccounts","article_modified_time":"2026-02-01T17:13:32+00:00","og_image":[{"width":88,"height":88,"url":"https:\/\/buyadsaccounts.net\/wp-content\/uploads\/2025\/12\/google-ads-crypto-accounts.png","type":"image\/png"}],"twitter_card":"summary_large_image","twitter_misc":{"Tempo di lettura stimato":"3 minuti"},"schema":{"@context":"https:\/\/schema.org","@graph":[{"@type":"WebPage","@id":"https:\/\/buyadsaccounts.net\/gads\/buy-google-ads-crypto-accounts\/","url":"https:\/\/buyadsaccounts.net\/gads\/buy-google-ads-crypto-accounts\/","name":"Acquistare conti cripto approvati da Google Ads pronti per gli annunci","isPartOf":{"@id":"https:\/\/buyadsaccounts.net\/#website"},"primaryImageOfPage":{"@id":"https:\/\/buyadsaccounts.net\/gads\/buy-google-ads-crypto-accounts\/#primaryimage"},"image":{"@id":"https:\/\/buyadsaccounts.net\/gads\/buy-google-ads-crypto-accounts\/#primaryimage"},"thumbnailUrl":"https:\/\/buyadsaccounts.net\/wp-content\/uploads\/2025\/12\/google-ads-crypto-accounts.png","datePublished":"2025-12-04T17:00:15+00:00","dateModified":"2026-02-01T17:13:32+00:00","description":"Ottenete account di criptovaluta approvati da Google Ads e convalidati da aziende autorizzate. Conti completamente conformi e ad alta affidabilit\u00e0, ideali per scalare gli annunci di criptovalute in modo sicuro.","breadcrumb":{"@id":"https:\/\/buyadsaccounts.net\/gads\/buy-google-ads-crypto-accounts\/#breadcrumb"},"inLanguage":"it-IT","potentialAction":[{"@type":"ReadAction","target":["https:\/\/buyadsaccounts.net\/gads\/buy-google-ads-crypto-accounts\/"]}]},{"@type":"ImageObject","inLanguage":"it-IT","@id":"https:\/\/buyadsaccounts.net\/gads\/buy-google-ads-crypto-accounts\/#primaryimage","url":"https:\/\/buyadsaccounts.net\/wp-content\/uploads\/2025\/12\/google-ads-crypto-accounts.png","contentUrl":"https:\/\/buyadsaccounts.net\/wp-content\/uploads\/2025\/12\/google-ads-crypto-accounts.png","width":88,"height":88,"caption":"google ads crypto accounts"},{"@type":"BreadcrumbList","@id":"https:\/\/buyadsaccounts.net\/gads\/buy-google-ads-crypto-accounts\/#breadcrumb","itemListElement":[{"@type":"ListItem","position":1,"name":"Home","item":"https:\/\/buyadsaccounts.net\/"},{"@type":"ListItem","position":2,"name":"Shop","item":"https:\/\/buyadsaccounts.net\/ar\/%d9%85%d8%aa%d8%ac%d8%b1\/"},{"@type":"ListItem","position":3,"name":"Buy Google Ads Crypto Accounts"}]},{"@type":"WebSite","@id":"https:\/\/buyadsaccounts.net\/#website","url":"https:\/\/buyadsaccounts.net\/","name":"AcquistiAdsAccounts","description":"","publisher":{"@id":"https:\/\/buyadsaccounts.net\/#organization"},"potentialAction":[{"@type":"SearchAction","target":{"@type":"EntryPoint","urlTemplate":"https:\/\/buyadsaccounts.net\/?s={search_term_string}"},"query-input":{"@type":"PropertyValueSpecification","valueRequired":true,"valueName":"search_term_string"}}],"inLanguage":"it-IT"},{"@type":"Organization","@id":"https:\/\/buyadsaccounts.net\/#organization","name":"Acquistare account Google Ads","url":"https:\/\/buyadsaccounts.net\/","logo":{"@type":"ImageObject","inLanguage":"it-IT","@id":"https:\/\/buyadsaccounts.net\/#\/schema\/logo\/image\/","url":"https:\/\/buyadsaccounts.net\/wp-content\/uploads\/2024\/12\/buyads-fav.jpg","contentUrl":"https:\/\/buyadsaccounts.net\/wp-content\/uploads\/2024\/12\/buyads-fav.jpg","width":512,"height":512,"caption":"Buy Google Ads Accounts"},"image":{"@id":"https:\/\/buyadsaccounts.net\/#\/schema\/logo\/image\/"}}]}},"wcpa_form_fields":{"wcpaData":{"product":{"product_price":0,"price_html":"<span class=\"woocommerce-Price-amount amount\"><bdi>0<span class=\"woocommerce-Price-currencySymbol\">&#36;<\/span><\/bdi><\/span>","original_product_price":0,"price_including_tax":0,"price_excluding_tax":0,"product_id":{"parent":9220,"variation":false},"is_variable":false,"stock_status":"instock","stock_quantity":null,"parent_sku":"","product_attributes":[],"custom_fields":[],"is_taxable":false,"product_name":"Buy Google Ads Crypto Accounts","hasImage":false},"fields":{"sec_16931c0b0ead66":{"extra":{"key":"sec_16931c0b0ead66","section_id":"sec_16931c0b0ead66","name":"Default","status":1,"cl_rule":"show","enableCl":false,"relations":[],"toggle":true,"title_tag":"h3","show_title":false,"showPrice":"default","form_id":9222,"form_rules":{"exclude_from_discount":false,"fee_label":"Fee","disp_hide_options_price":false,"disp_show_section_price":false,"disp_show_field_price":true,"layout_option":"standard","pric_use_as_fee":false,"process_fee_as":"woo_fee"},"layout_option":"standard"},"fields":[[{"type":"checkbox-group","required":true,"elementId":"checkbox-group_16931c0b0eada5","label":"Account Options","enablePrice":true,"priceOptions":"different_for_all","pricingType":"fixed","price":"100","name":"checkbox-group_16931c0b0eada5","min_options":"1","other_text":"Other","cl_rule":"show","col":6,"values":[{"label":"2024 Account","value":"usd-account-buy","price":"1400","pimage":"","pimage_id":"","pthumb":"","tempId":"aco_525","gt_translate_keys":["label"]},{"label":"2025 Account","value":"2022-acc","price":"1100","pimage":"","pimage_id":"","pthumb":"","tempId":"aco_526","gt_translate_keys":["label"]}],"relations":false,"active":true,"tooltip":"","layOut":"inline","isWeightTemplate":false,"error":false,"isTemplate":false,"checkUi":"","min_quantity":"1","quantity_decimal":false,"quantity_step":"1","quantity_label":"Quantity","repeater_field_label":"{field_label}","repeater_bind":"","gt_translate_keys":["label","tooltip","repeater_field_label","quantity_label"],"price_dependency":false,"cl_dependency":false,"value":""}],[{"type":"checkbox-group","elementId":"checkbox-group_46931c0b0eadc2","label":"Extra Services","enablePrice":true,"priceOptions":"different_for_all","pricingType":"fixed","price":"100","name":"checkbox-group_46931c0b0eadc2","min_options":"1","other_text":"Other","cl_rule":"show","col":6,"values":[{"label":"Ads Manager","value":"camp-mana","price":"200","pimage":"","pimage_id":"","pthumb":"","tempId":"aco_120","gt_translate_keys":["label"]},{"label":"Change Company Name","value":"changename","selected":false,"tempId":"aco_19","price":"500","gt_translate_keys":["label"]}],"relations":false,"active":true,"tooltip":"<a href=\"https:\/\/help.buyadsaccounts.net\/hc\/helpcenter\/articles\/1754560957-additional-options\" target=\"blank\">Read More<\/a>","layOut":"inline","isWeightTemplate":false,"error":false,"isTemplate":false,"checkUi":"","min_quantity":"1","quantity_decimal":false,"quantity_step":"1","quantity_label":"Quantity","repeater_field_label":"{field_label}","repeater_bind":"","gt_translate_keys":["label","tooltip","repeater_field_label","quantity_label"],"price_dependency":false,"cl_dependency":["checkbox-group_86931c0b0eadf2"],"value":""}],[{"type":"checkbox-group","required":true,"elementId":"checkbox-group_86931c0b0eadf2","label":"Ads Manager - How many ADS?","description":"Price per AD","enablePrice":true,"priceOptions":"different_for_all","pricingType":"fixed","price":"100","name":"checkbox-group_86931c0b0eadf2","min_options":"1","other_text":"Other","enableCl":true,"cl_rule":"show","cl_val":"camp-mana","col":6,"values":[{"label":"1 Ad","value":"1adurl","price":"0","pimage":"","pimage_id":"","pthumb":"","gt_translate_keys":["label"]},{"label":"2 Ads","value":"2ads","price":"350","pimage":"","pimage_id":"","pthumb":"","gt_translate_keys":["label"]},{"label":"3 Ads","value":"3ads","price":"500","pimage":"","pimage_id":"","pthumb":"","gt_translate_keys":["label"]},{"label":"5 Ads","value":"5ads","price":"800","pimage":"","pimage_id":"","pthumb":"","gt_translate_keys":["label"]},{"label":"10 Ads","value":"10ads","price":"1500","pimage":"","pimage_id":"","pthumb":"","gt_translate_keys":["label"]}],"relations":[{"operator":false,"rules":[{"operator":false,"rules":{"cl_field":"checkbox-group_46931c0b0eadc2","cl_relation":"is","cl_val":"camp-mana"}}]}],"active":true,"tooltip":"","layOut":"","isWeightTemplate":false,"error":false,"isTemplate":false,"checkUi":"","min_quantity":"1","quantity_decimal":false,"quantity_step":"1","quantity_label":"Quantity","repeater_field_label":"{field_label}","repeater_bind":"","gt_translate_keys":["label","description","tooltip","repeater_field_label","quantity_label"],"price_dependency":false,"cl_dependency":false,"value":""}],[{"type":"number","required":false,"elementId":"number_46931c0b0eae05","label":"Add Funds to the account","description":"5% fee","enablePrice":true,"pricingType":"multiply","price":"1","min":"25","max":"50000","name":"number_46931c0b0eae05","enableCl":false,"cl_rule":"show","cl_val":"add-credit-card","col":"5","relations":[{"operator":false,"rules":[{"operator":false,"rules":{"cl_field":"checkbox-group_46931c0b0eadc2","cl_relation":"is","cl_val":"add-credit-card"}}]}],"active":true,"tooltip":"","isWeightTemplate":false,"error":false,"isTemplate":false,"min_quantity":"1","quantity_decimal":false,"quantity_step":"1","quantity_label":"Quantity","repeater_field_label":"{field_label}","repeater_bind":"","desc_position":"default","gt_translate_keys":["label","description","tooltip","repeater_field_label","quantity_label"],"price_dependency":false,"cl_dependency":false,"value":""}]]}},"config":{"price_override":"","enable_recaptcha":false,"bind_quantity":false,"quantity_bind_formula":false,"disp_summ_show_option_price":false,"disp_summ_show_product_price":false,"disp_summ_show_total_price":true,"disp_summ_show_fee":false,"disp_summ_show_discount":false,"summary_title":"","options_total_label":"Options Price","total_label":"Total","options_product_label":"Product Price","fee_label":"Fee","discount_label":"Discount","has_price":true,"has_quantity_formula":false},"mc_unit":1,"tax_rate":1,"tax_rate_real":1,"discount":{"percentage":0,"fixed":0},"design":{"conf":{"LabelPosition":"above","DescPosition":"above","UploadField":"custom_1","QuantityFieldStyle":"default"},"css":{"LeftLabelWidth":"120px"}},"formulas":[],"lookuptables":[],"clones":false,"cartKey":false}},"_links":{"self":[{"href":"https:\/\/buyadsaccounts.net\/it\/wp-json\/wp\/v2\/product\/9220","targetHints":{"allow":["GET"]}}],"collection":[{"href":"https:\/\/buyadsaccounts.net\/it\/wp-json\/wp\/v2\/product"}],"about":[{"href":"https:\/\/buyadsaccounts.net\/it\/wp-json\/wp\/v2\/types\/product"}],"version-history":[{"count":3,"href":"https:\/\/buyadsaccounts.net\/it\/wp-json\/wp\/v2\/product\/9220\/revisions"}],"predecessor-version":[{"id":9537,"href":"https:\/\/buyadsaccounts.net\/it\/wp-json\/wp\/v2\/product\/9220\/revisions\/9537"}],"wp:featuredmedia":[{"embeddable":true,"href":"https:\/\/buyadsaccounts.net\/it\/wp-json\/wp\/v2\/media\/9221"}],"wp:attachment":[{"href":"https:\/\/buyadsaccounts.net\/it\/wp-json\/wp\/v2\/media?parent=9220"}],"wp:term":[{"taxonomy":"product_brand","embeddable":true,"href":"https:\/\/buyadsaccounts.net\/it\/wp-json\/wp\/v2\/product_brand?post=9220"},{"taxonomy":"product_cat","embeddable":true,"href":"https:\/\/buyadsaccounts.net\/it\/wp-json\/wp\/v2\/product_cat?post=9220"},{"taxonomy":"product_tag","embeddable":true,"href":"https:\/\/buyadsaccounts.net\/it\/wp-json\/wp\/v2\/product_tag?post=9220"}],"curies":[{"name":"wp","href":"https:\/\/api.w.org\/{rel}","templated":true}]}}