{"id":3393,"date":"2022-08-30T15:28:57","date_gmt":"2022-08-30T13:28:57","guid":{"rendered":"https:\/\/rentaccounts.net\/?post_type=product&#038;p=3393"},"modified":"2026-02-03T22:53:40","modified_gmt":"2026-02-03T22:53:40","slug":"account-microsoft-ads-bing","status":"publish","type":"product","link":"https:\/\/buyadsaccounts.net\/it\/gads\/account-microsoft-ads-bing\/","title":{"rendered":"Acquistare un account Microsoft Ads"},"content":{"rendered":"<h2>I vantaggi dell'acquisto di account Microsoft Ads<\/h2>\n<p>Volete incrementare i vostri sforzi pubblicitari online? Microsoft Ads \u00e8 una piattaforma potente che pu\u00f2 aiutarvi a raggiungere un pubblico pi\u00f9 vasto e a portare pi\u00f9 traffico al vostro sito web. Tuttavia, la gestione di pi\u00f9 account Microsoft Ads pu\u00f2 essere impegnativa e richiedere molto tempo. \u00c8 qui che l'acquisto di account Microsoft Ads pu\u00f2 cambiare le carte in tavola. In questo articolo discuteremo dei vantaggi dell'acquisto di account Microsoft Ads e di come questo possa dare alla vostra azienda un vantaggio competitivo.<\/p>\n<h3>1. Aumento della portata<\/h3>\n<p>Acquistando gli account Microsoft Ads, potete ampliare la vostra portata e rivolgervi a un pubblico pi\u00f9 vasto. Ogni account \u00e8 dotato di una serie unica di dati demografici e interessi, che consentono di adattare gli annunci a segmenti specifici di clienti. Con pi\u00f9 account, \u00e8 possibile eseguire contemporaneamente diverse campagne, massimizzando l'esposizione e aumentando le possibilit\u00e0 di raggiungere potenziali clienti.<\/p>\n<h3>2. Miglioramento delle prestazioni degli annunci<\/h3>\n<p>Quando si acquistano account Microsoft Ads, si accede ad account gi\u00e0 consolidati e con una storia di prestazioni pubblicitarie di successo. Questi account hanno acquisito credibilit\u00e0 e fiducia in Microsoft, il che pu\u00f2 influire positivamente sulle prestazioni degli annunci. \u00c8 possibile sfruttare la reputazione esistente di questi account per migliorare il punteggio di qualit\u00e0 degli annunci e aumentare le probabilit\u00e0 che gli annunci vengano visualizzati dal pubblico di destinazione.<\/p>\n<h3>3. Risparmio di tempo e fatica<\/h3>\n<p>La gestione di pi\u00f9 account Microsoft Ads pu\u00f2 richiedere molto tempo e un notevole impegno. Acquistando account preesistenti, potete risparmiarvi la fatica di creare e gestire nuovi account da zero. In questo modo potrete concentrare il vostro tempo e le vostre energie su altri aspetti importanti della vostra attivit\u00e0, come l'ottimizzazione delle campagne pubblicitarie e l'analisi dei risultati.<\/p>\n<h3>4. Vantaggio competitivo<\/h3>\n<p>L'acquisto di account Microsoft Ads pu\u00f2 darvi un vantaggio competitivo nel panorama della pubblicit\u00e0 online. Con pi\u00f9 account, \u00e8 possibile eseguire diverse varianti di annunci e testare diverse strategie per vedere cosa funziona meglio per la propria azienda. Questa flessibilit\u00e0 vi permette di stare davanti ai vostri concorrenti e di adattare il vostro approccio pubblicitario in base ai dati e agli approfondimenti in tempo reale.<\/p>\n<h3>5. Soluzione economicamente vantaggiosa<\/h3>\n<p>Quando <strong>acquistare account Microsoft Ads<\/strong>, Si tratta essenzialmente di un investimento in una soluzione pubblicitaria economicamente vantaggiosa. Invece di spendere una quantit\u00e0 significativa di denaro per la creazione e l'ottimizzazione di nuovi account, potete acquistare account consolidati a una frazione del costo. Ci\u00f2 pu\u00f2 comportare un risparmio sostanziale, soprattutto per le aziende con budget pubblicitari limitati.<\/p>\n<p>L'acquisto di account Microsoft Ads pu\u00f2 essere una mossa intelligente per le aziende che desiderano migliorare i propri sforzi pubblicitari online. Grazie alla maggiore portata, al miglioramento delle prestazioni degli annunci, al risparmio di tempo e fatica, al vantaggio competitivo e alle soluzioni economicamente vantaggiose, l'acquisto di account preesistenti pu\u00f2 dare alla vostra azienda la spinta necessaria per avere successo nel panorama del marketing digitale. Quindi, perch\u00e9 aspettare? Iniziate a esplorare i vantaggi dell'acquisto di account Microsoft Ads e portate le vostre campagne pubblicitarie a nuovi livelli.<\/p>","protected":false},"excerpt":{"rendered":"<p>Are you looking for a Microsoft Ads account to run your campaigns on Bing, AOL, and Yahoo (and more). We can provide you a fully verified Microsoft (Bing) Ads account.<\/p>","protected":false},"featured_media":3395,"template":"","meta":{"_acf_changed":false,"_glsr_average":4.9,"_glsr_ranking":4.68125,"_glsr_reviews":54},"product_brand":[],"product_cat":[161],"product_tag":[],"class_list":{"0":"post-3393","1":"product","2":"type-product","3":"status-publish","4":"has-post-thumbnail","6":"product_cat-microsoft-bing-ads-accounts","7":"wcpa_has_options","9":"first","10":"instock","11":"purchasable","12":"product-type-simple"},"acf":[],"yoast_head":"<!-- This site is optimized with the Yoast SEO Premium plugin v26.7 (Yoast SEO v27.4) - https:\/\/yoast.com\/product\/yoast-seo-premium-wordpress\/ -->\n<title>Buy Microsoft Ads Accounts - Advertise on Bing, AOL, Yahoo<\/title>\n<meta name=\"description\" content=\"Buy Microsoft Bing Ads accounts. Premium accounts ready to publish campaigns instantly. Advertise on Microsoft Ads with our accounts.\" \/>\n<meta name=\"robots\" content=\"index, follow, max-snippet:-1, max-image-preview:large, max-video-preview:-1\" \/>\n<link rel=\"canonical\" href=\"https:\/\/buyadsaccounts.net\/it\/gads\/account-microsoft-ads-bing\/\" \/>\n<meta property=\"og:locale\" content=\"it_IT\" \/>\n<meta property=\"og:type\" content=\"article\" \/>\n<meta property=\"og:title\" content=\"Buy Microsoft Ads Account\" \/>\n<meta property=\"og:description\" content=\"Buy Microsoft Bing Ads accounts. Premium accounts ready to publish campaigns instantly. Advertise on Microsoft Ads with our accounts.\" \/>\n<meta property=\"og:url\" content=\"https:\/\/buyadsaccounts.net\/it\/gads\/account-microsoft-ads-bing\/\" \/>\n<meta property=\"og:site_name\" content=\"BuyAdsAccounts\" \/>\n<meta property=\"article:modified_time\" content=\"2026-02-03T22:53:40+00:00\" \/>\n<meta property=\"og:image\" content=\"https:\/\/buyadsaccounts.net\/wp-content\/uploads\/2022\/08\/microsoft-ads-bing-ads-accounts.jpg\" \/>\n\t<meta property=\"og:image:width\" content=\"600\" \/>\n\t<meta property=\"og:image:height\" content=\"600\" \/>\n\t<meta property=\"og:image:type\" content=\"image\/jpeg\" \/>\n<meta name=\"twitter:card\" content=\"summary_large_image\" \/>\n<meta name=\"twitter:label1\" content=\"Tempo di lettura stimato\" \/>\n\t<meta name=\"twitter:data1\" content=\"3 minuti\" \/>\n<script type=\"application\/ld+json\" class=\"yoast-schema-graph\">{\"@context\":\"https:\\\/\\\/schema.org\",\"@graph\":[{\"@type\":\"WebPage\",\"@id\":\"https:\\\/\\\/buyadsaccounts.net\\\/gads\\\/microsoft-ads-account-bing\\\/\",\"url\":\"https:\\\/\\\/buyadsaccounts.net\\\/gads\\\/microsoft-ads-account-bing\\\/\",\"name\":\"Buy Microsoft Ads Accounts - Advertise on Bing, AOL, Yahoo\",\"isPartOf\":{\"@id\":\"https:\\\/\\\/buyadsaccounts.net\\\/#website\"},\"primaryImageOfPage\":{\"@id\":\"https:\\\/\\\/buyadsaccounts.net\\\/gads\\\/microsoft-ads-account-bing\\\/#primaryimage\"},\"image\":{\"@id\":\"https:\\\/\\\/buyadsaccounts.net\\\/gads\\\/microsoft-ads-account-bing\\\/#primaryimage\"},\"thumbnailUrl\":\"https:\\\/\\\/buyadsaccounts.net\\\/wp-content\\\/uploads\\\/2022\\\/08\\\/microsoft-ads-bing-ads-accounts.jpg\",\"datePublished\":\"2022-08-30T13:28:57+00:00\",\"dateModified\":\"2026-02-03T22:53:40+00:00\",\"description\":\"Buy Microsoft Bing Ads accounts. Premium accounts ready to publish campaigns instantly. Advertise on Microsoft Ads with our accounts.\",\"breadcrumb\":{\"@id\":\"https:\\\/\\\/buyadsaccounts.net\\\/gads\\\/microsoft-ads-account-bing\\\/#breadcrumb\"},\"inLanguage\":\"it-IT\",\"potentialAction\":[{\"@type\":\"ReadAction\",\"target\":[\"https:\\\/\\\/buyadsaccounts.net\\\/gads\\\/microsoft-ads-account-bing\\\/\"]}]},{\"@type\":\"ImageObject\",\"inLanguage\":\"it-IT\",\"@id\":\"https:\\\/\\\/buyadsaccounts.net\\\/gads\\\/microsoft-ads-account-bing\\\/#primaryimage\",\"url\":\"https:\\\/\\\/buyadsaccounts.net\\\/wp-content\\\/uploads\\\/2022\\\/08\\\/microsoft-ads-bing-ads-accounts.jpg\",\"contentUrl\":\"https:\\\/\\\/buyadsaccounts.net\\\/wp-content\\\/uploads\\\/2022\\\/08\\\/microsoft-ads-bing-ads-accounts.jpg\",\"width\":600,\"height\":600},{\"@type\":\"BreadcrumbList\",\"@id\":\"https:\\\/\\\/buyadsaccounts.net\\\/gads\\\/microsoft-ads-account-bing\\\/#breadcrumb\",\"itemListElement\":[{\"@type\":\"ListItem\",\"position\":1,\"name\":\"Home\",\"item\":\"https:\\\/\\\/buyadsaccounts.net\\\/\"},{\"@type\":\"ListItem\",\"position\":2,\"name\":\"Shop\",\"item\":\"https:\\\/\\\/buyadsaccounts.net\\\/ar\\\/%d9%85%d8%aa%d8%ac%d8%b1\\\/\"},{\"@type\":\"ListItem\",\"position\":3,\"name\":\"Buy Microsoft Ads Account\"}]},{\"@type\":\"WebSite\",\"@id\":\"https:\\\/\\\/buyadsaccounts.net\\\/#website\",\"url\":\"https:\\\/\\\/buyadsaccounts.net\\\/\",\"name\":\"BuyAdsAccounts\",\"description\":\"\",\"publisher\":{\"@id\":\"https:\\\/\\\/buyadsaccounts.net\\\/#organization\"},\"potentialAction\":[{\"@type\":\"SearchAction\",\"target\":{\"@type\":\"EntryPoint\",\"urlTemplate\":\"https:\\\/\\\/buyadsaccounts.net\\\/?s={search_term_string}\"},\"query-input\":{\"@type\":\"PropertyValueSpecification\",\"valueRequired\":true,\"valueName\":\"search_term_string\"}}],\"inLanguage\":\"it-IT\"},{\"@type\":\"Organization\",\"@id\":\"https:\\\/\\\/buyadsaccounts.net\\\/#organization\",\"name\":\"Buy Google Ads Accounts\",\"url\":\"https:\\\/\\\/buyadsaccounts.net\\\/\",\"logo\":{\"@type\":\"ImageObject\",\"inLanguage\":\"it-IT\",\"@id\":\"https:\\\/\\\/buyadsaccounts.net\\\/#\\\/schema\\\/logo\\\/image\\\/\",\"url\":\"https:\\\/\\\/buyadsaccounts.net\\\/wp-content\\\/uploads\\\/2024\\\/12\\\/buyads-fav.jpg\",\"contentUrl\":\"https:\\\/\\\/buyadsaccounts.net\\\/wp-content\\\/uploads\\\/2024\\\/12\\\/buyads-fav.jpg\",\"width\":512,\"height\":512,\"caption\":\"Buy Google Ads Accounts\"},\"image\":{\"@id\":\"https:\\\/\\\/buyadsaccounts.net\\\/#\\\/schema\\\/logo\\\/image\\\/\"}}]}<\/script>\n<!-- \/ Yoast SEO Premium plugin. -->","yoast_head_json":{"title":"Acquistare account Microsoft Ads - Pubblicit\u00e0 su Bing, AOL e Yahoo","description":"Acquistare account Microsoft Bing Ads. Account premium pronti a pubblicare campagne all'istante. Fate pubblicit\u00e0 su Microsoft Ads con i nostri account.","robots":{"index":"index","follow":"follow","max-snippet":"max-snippet:-1","max-image-preview":"max-image-preview:large","max-video-preview":"max-video-preview:-1"},"canonical":"https:\/\/buyadsaccounts.net\/it\/gads\/account-microsoft-ads-bing\/","og_locale":"it_IT","og_type":"article","og_title":"Buy Microsoft Ads Account","og_description":"Buy Microsoft Bing Ads accounts. Premium accounts ready to publish campaigns instantly. Advertise on Microsoft Ads with our accounts.","og_url":"https:\/\/buyadsaccounts.net\/it\/gads\/account-microsoft-ads-bing\/","og_site_name":"BuyAdsAccounts","article_modified_time":"2026-02-03T22:53:40+00:00","og_image":[{"width":600,"height":600,"url":"https:\/\/buyadsaccounts.net\/wp-content\/uploads\/2022\/08\/microsoft-ads-bing-ads-accounts.jpg","type":"image\/jpeg"}],"twitter_card":"summary_large_image","twitter_misc":{"Tempo di lettura stimato":"3 minuti"},"schema":{"@context":"https:\/\/schema.org","@graph":[{"@type":"WebPage","@id":"https:\/\/buyadsaccounts.net\/gads\/microsoft-ads-account-bing\/","url":"https:\/\/buyadsaccounts.net\/gads\/microsoft-ads-account-bing\/","name":"Acquistare account Microsoft Ads - Pubblicit\u00e0 su Bing, AOL e Yahoo","isPartOf":{"@id":"https:\/\/buyadsaccounts.net\/#website"},"primaryImageOfPage":{"@id":"https:\/\/buyadsaccounts.net\/gads\/microsoft-ads-account-bing\/#primaryimage"},"image":{"@id":"https:\/\/buyadsaccounts.net\/gads\/microsoft-ads-account-bing\/#primaryimage"},"thumbnailUrl":"https:\/\/buyadsaccounts.net\/wp-content\/uploads\/2022\/08\/microsoft-ads-bing-ads-accounts.jpg","datePublished":"2022-08-30T13:28:57+00:00","dateModified":"2026-02-03T22:53:40+00:00","description":"Acquistare account Microsoft Bing Ads. Account premium pronti a pubblicare campagne all'istante. Fate pubblicit\u00e0 su Microsoft Ads con i nostri account.","breadcrumb":{"@id":"https:\/\/buyadsaccounts.net\/gads\/microsoft-ads-account-bing\/#breadcrumb"},"inLanguage":"it-IT","potentialAction":[{"@type":"ReadAction","target":["https:\/\/buyadsaccounts.net\/gads\/microsoft-ads-account-bing\/"]}]},{"@type":"ImageObject","inLanguage":"it-IT","@id":"https:\/\/buyadsaccounts.net\/gads\/microsoft-ads-account-bing\/#primaryimage","url":"https:\/\/buyadsaccounts.net\/wp-content\/uploads\/2022\/08\/microsoft-ads-bing-ads-accounts.jpg","contentUrl":"https:\/\/buyadsaccounts.net\/wp-content\/uploads\/2022\/08\/microsoft-ads-bing-ads-accounts.jpg","width":600,"height":600},{"@type":"BreadcrumbList","@id":"https:\/\/buyadsaccounts.net\/gads\/microsoft-ads-account-bing\/#breadcrumb","itemListElement":[{"@type":"ListItem","position":1,"name":"Home","item":"https:\/\/buyadsaccounts.net\/"},{"@type":"ListItem","position":2,"name":"Shop","item":"https:\/\/buyadsaccounts.net\/ar\/%d9%85%d8%aa%d8%ac%d8%b1\/"},{"@type":"ListItem","position":3,"name":"Buy Microsoft Ads Account"}]},{"@type":"WebSite","@id":"https:\/\/buyadsaccounts.net\/#website","url":"https:\/\/buyadsaccounts.net\/","name":"AcquistiAdsAccounts","description":"","publisher":{"@id":"https:\/\/buyadsaccounts.net\/#organization"},"potentialAction":[{"@type":"SearchAction","target":{"@type":"EntryPoint","urlTemplate":"https:\/\/buyadsaccounts.net\/?s={search_term_string}"},"query-input":{"@type":"PropertyValueSpecification","valueRequired":true,"valueName":"search_term_string"}}],"inLanguage":"it-IT"},{"@type":"Organization","@id":"https:\/\/buyadsaccounts.net\/#organization","name":"Acquistare account Google Ads","url":"https:\/\/buyadsaccounts.net\/","logo":{"@type":"ImageObject","inLanguage":"it-IT","@id":"https:\/\/buyadsaccounts.net\/#\/schema\/logo\/image\/","url":"https:\/\/buyadsaccounts.net\/wp-content\/uploads\/2024\/12\/buyads-fav.jpg","contentUrl":"https:\/\/buyadsaccounts.net\/wp-content\/uploads\/2024\/12\/buyads-fav.jpg","width":512,"height":512,"caption":"Buy Google Ads Accounts"},"image":{"@id":"https:\/\/buyadsaccounts.net\/#\/schema\/logo\/image\/"}}]}},"wcpa_form_fields":{"wcpaData":{"product":{"product_price":0,"price_html":"<span class=\"woocommerce-Price-amount amount\"><bdi>0<span class=\"woocommerce-Price-currencySymbol\">&#36;<\/span><\/bdi><\/span>","original_product_price":0,"price_including_tax":0,"price_excluding_tax":0,"product_id":{"parent":3393,"variation":false},"is_variable":false,"stock_status":"instock","stock_quantity":null,"parent_sku":"","product_attributes":[],"custom_fields":[],"is_taxable":false,"product_name":"Buy Microsoft Ads Account","hasImage":false},"fields":{"sec_8695e94419315c":{"extra":{"key":"sec_8695e94419315c","section_id":"sec_8695e94419315c","name":"Default","status":1,"cl_rule":"show","enableCl":false,"relations":[],"toggle":true,"title_tag":"h3","show_title":false,"showPrice":"default","form_id":3396,"form_rules":{"exclude_from_discount":false,"fee_label":"Op\u0142ata","disp_hide_options_price":false,"disp_show_section_price":false,"disp_show_field_price":true,"layout_option":"standard","pric_use_as_fee":false,"process_fee_as":"woo_fee"},"layout_option":"standard"},"fields":[[{"type":"checkbox-group","required":true,"elementId":"wcpa-checkbox-group-1643471137938","label":"Account Options","enablePrice":true,"priceOptions":"different_for_all","pricingType":"fixed","price":"100","name":"checkbox-group-1643471137938","min_options":"1","other_text":"Other","cl_rule":"show","col":6,"values":[{"label":"2022 USD Account","value":"uk-new-no-spent","price":"200","pimage":"","pimage_id":"","pthumb":"","gt_translate_keys":["label"]},{"label":"2023 EUR Account","value":"uk-6-4k","price":"200","pimage":"","pimage_id":"","pthumb":"","gt_translate_keys":["label"]},{"label":"2023 GBP Account","value":"uk-2030-4000","price":"200","pimage":"","pimage_id":"","pthumb":"","gt_translate_keys":["label"]}],"relations":false,"active":true,"tooltip":"","layOut":"inline","isWeightTemplate":false,"error":false,"isTemplate":false,"checkUi":"","min_quantity":"1","quantity_decimal":false,"quantity_step":"1","quantity_label":"Quantity","repeater_field_label":"{field_label}","repeater_bind":"","gt_translate_keys":["label","tooltip","repeater_field_label","quantity_label"],"price_dependency":false,"cl_dependency":false,"value":""}],[{"type":"checkbox-group","elementId":"wcpa-checkbox-group-1708272824668","label":"Extra Services","enablePrice":true,"priceOptions":"different_for_all","pricingType":"fixed","price":"100","name":"checkbox-group-1708272824667","min_options":"1","other_text":"Other","cl_rule":"show","col":6,"values":[{"label":"Credit Card","value":"add-ccv","price":"100","pimage":"","pimage_id":"","pthumb":"","tempId":"aco_743","gt_translate_keys":["label"]},{"label":"Cloaking ( Crypto, IPTV, Gambling, Casino, Affiliate)","value":"blak-cat","price":"100","pimage":"","pimage_id":"","pthumb":"","tempId":"aco_744","gt_translate_keys":["label"]},{"label":"Ads Manager","value":"disw0","price":"100","pimage":"","pimage_id":"","pthumb":"","tempId":"aco_745","gt_translate_keys":["label"]},{"label":"Premium Proxy","value":"preprx","selected":false,"tempId":"aco_926","price":"20","gt_translate_keys":["label"]},{"label":"Premium Warranty","value":"premawa","selected":false,"tempId":"aco_807","price":"500","gt_translate_keys":["label"]}],"relations":false,"active":true,"tooltip":"<a href=\"https:\/\/help.buyadsaccounts.net\/hc\/helpcenter\/articles\/1754560957-additional-options\" target=\"blank\">Read More<\/a>","layOut":"","isWeightTemplate":false,"error":false,"isTemplate":false,"checkUi":"","min_quantity":"1","quantity_decimal":false,"quantity_step":"1","quantity_label":"Quantity","repeater_field_label":"{field_label}","repeater_bind":"","gt_translate_keys":["label","tooltip","repeater_field_label","quantity_label"],"price_dependency":false,"cl_dependency":["wcpa-checkbox-group-1711017105381","wcpa-checkbox-group-1711017186537","wcpa-number-1702422454388"],"value":""}],[{"type":"checkbox-group","required":true,"elementId":"wcpa-checkbox-group-1711017105381","label":"Cloaking - How many URLs?","description":"Price per URL","enablePrice":true,"priceOptions":"different_for_all","pricingType":"fixed","price":"100","name":"checkbox-group-1711017105380","min_options":"1","other_text":"Other","enableCl":true,"cl_rule":"show","cl_val":"blak2","col":6,"values":[{"label":"1 URL","value":"1qq","price":"0","pimage":"","pimage_id":"","pthumb":"","gt_translate_keys":["label"]},{"label":"2 URLs","value":"2aq","price":"100","pimage":"","pimage_id":"","pthumb":"","gt_translate_keys":["label"]},{"label":"3 URLs","value":"3df","price":"200","pimage":"","pimage_id":"","pthumb":"","gt_translate_keys":["label"]},{"label":"5 URLs","value":"522","price":"350","pimage":"","pimage_id":"","pthumb":"","gt_translate_keys":["label"]},{"label":"10 URLs","value":"fwe","price":"700","pimage":"","pimage_id":"","pthumb":"","gt_translate_keys":["label"]}],"relations":[{"operator":false,"rules":[{"operator":false,"rules":{"cl_field":"wcpa-checkbox-group-1708272824668","cl_relation":"is","cl_val":"blak2"}}]}],"active":true,"tooltip":"","layOut":"","gt_translate_keys":["label","description","tooltip"],"price_dependency":false,"cl_dependency":false,"value":""}],[{"type":"checkbox-group","required":true,"elementId":"wcpa-checkbox-group-1711017186537","label":"Ads Manager - How many ADS?","description":"Price per AD","enablePrice":true,"priceOptions":"different_for_all","pricingType":"fixed","price":"100","name":"checkbox-group-1711017186536","min_options":"1","other_text":"Other","enableCl":true,"cl_rule":"show","cl_val":"disw0","col":6,"values":[{"label":"1 Ad","value":"1qq","price":"0","pimage":"","pimage_id":"","pthumb":"","gt_translate_keys":["label"]},{"label":"2 Ads","value":"2aq","price":"100","pimage":"","pimage_id":"","pthumb":"","gt_translate_keys":["label"]},{"label":"3 Ads","value":"3df","price":"200","pimage":"","pimage_id":"","pthumb":"","gt_translate_keys":["label"]},{"label":"5 Ads","value":"522","price":"350","pimage":"","pimage_id":"","pthumb":"","gt_translate_keys":["label"]},{"label":"10 Ads","value":"fwe","price":"700","pimage":"","pimage_id":"","pthumb":"","gt_translate_keys":["label"]}],"relations":[{"operator":false,"rules":[{"operator":false,"rules":{"cl_field":"wcpa-checkbox-group-1708272824668","cl_relation":"is","cl_val":"disw0"}}]}],"active":true,"tooltip":"","layOut":"","gt_translate_keys":["label","description","tooltip"],"price_dependency":false,"cl_dependency":false,"value":""}],[{"type":"number","required":true,"elementId":"wcpa-number-1702422454388","label":"Add Funds to the account","description":"5% fee","enablePrice":true,"pricingType":"multiply","price":"1","min":"25","max":"50000","name":"number-1702422454388","enableCl":true,"cl_rule":"show","cl_val":"add-ccv","col":6,"relations":[{"operator":false,"rules":[{"operator":false,"rules":{"cl_field":"wcpa-checkbox-group-1708272824668","cl_relation":"is","cl_val":"add-ccv"}}]}],"active":true,"tooltip":"","error":false,"gt_translate_keys":["label","description","tooltip"],"price_dependency":false,"cl_dependency":false,"value":""}]]}},"config":{"price_override":"","enable_recaptcha":false,"bind_quantity":false,"quantity_bind_formula":false,"disp_summ_show_option_price":false,"disp_summ_show_product_price":false,"disp_summ_show_total_price":true,"disp_summ_show_fee":false,"disp_summ_show_discount":false,"summary_title":"","options_total_label":"Cena opcji","total_label":"\u0141\u0105cznie","options_product_label":"Cena produktu","fee_label":"Op\u0142ata","discount_label":"Zni\u017cka","has_price":true,"has_quantity_formula":false},"mc_unit":1,"tax_rate":1,"tax_rate_real":1,"discount":{"percentage":0,"fixed":0},"design":{"conf":{"LabelPosition":"above","DescPosition":"above","UploadField":"custom_1","QuantityFieldStyle":"default"},"css":{"LeftLabelWidth":"120px"}},"formulas":[],"lookuptables":[],"clones":false,"cartKey":false}},"_links":{"self":[{"href":"https:\/\/buyadsaccounts.net\/it\/wp-json\/wp\/v2\/product\/3393","targetHints":{"allow":["GET"]}}],"collection":[{"href":"https:\/\/buyadsaccounts.net\/it\/wp-json\/wp\/v2\/product"}],"about":[{"href":"https:\/\/buyadsaccounts.net\/it\/wp-json\/wp\/v2\/types\/product"}],"version-history":[{"count":3,"href":"https:\/\/buyadsaccounts.net\/it\/wp-json\/wp\/v2\/product\/3393\/revisions"}],"predecessor-version":[{"id":10169,"href":"https:\/\/buyadsaccounts.net\/it\/wp-json\/wp\/v2\/product\/3393\/revisions\/10169"}],"wp:featuredmedia":[{"embeddable":true,"href":"https:\/\/buyadsaccounts.net\/it\/wp-json\/wp\/v2\/media\/3395"}],"wp:attachment":[{"href":"https:\/\/buyadsaccounts.net\/it\/wp-json\/wp\/v2\/media?parent=3393"}],"wp:term":[{"taxonomy":"product_brand","embeddable":true,"href":"https:\/\/buyadsaccounts.net\/it\/wp-json\/wp\/v2\/product_brand?post=3393"},{"taxonomy":"product_cat","embeddable":true,"href":"https:\/\/buyadsaccounts.net\/it\/wp-json\/wp\/v2\/product_cat?post=3393"},{"taxonomy":"product_tag","embeddable":true,"href":"https:\/\/buyadsaccounts.net\/it\/wp-json\/wp\/v2\/product_tag?post=3393"}],"curies":[{"name":"wp","href":"https:\/\/api.w.org\/{rel}","templated":true}]}}