{"id":9315,"date":"2025-12-21T09:12:50","date_gmt":"2025-12-21T09:12:50","guid":{"rendered":"https:\/\/rentaccounts.net\/?post_type=product&#038;p=9315"},"modified":"2026-02-01T17:30:32","modified_gmt":"2026-02-01T17:30:32","slug":"vasarolni-google-hirdetesek-szerencsejatek-szamlak","status":"publish","type":"product","link":"https:\/\/buyadsaccounts.net\/hu\/gads\/vasarolni-google-hirdetesek-szerencsejatek-szamlak\/","title":{"rendered":"V\u00e1s\u00e1rl\u00e1s Google Ads szerencsej\u00e1t\u00e9k sz\u00e1ml\u00e1k"},"content":{"rendered":"<h2 data-start=\"221\" data-end=\"303\">Mi\u00e9rt haszn\u00e1lnak a hirdet\u0151k speci\u00e1lis Google Ads-fi\u00f3kokat a kaszin\u00f3 \u00e9s sportfogad\u00e1s sz\u00e1m\u00e1ra?<\/h2>\n<p data-start=\"305\" data-end=\"689\">A Google Hirdet\u00e9sek tov\u00e1bbra is az egyik leger\u0151sebb platform a nagy \u00e9rdekl\u0151d\u00e9s\u0171 felhaszn\u00e1l\u00f3k el\u00e9r\u00e9s\u00e9re a keres\u00e9sen, a YouTube-on \u00e9s a Display-h\u00e1l\u00f3zaton kereszt\u00fcl. Azonban az olyan ipar\u00e1gakban t\u00f6rt\u00e9n\u0151 hirdet\u00e9sek, mint p\u00e9ld\u00e1ul <strong data-start=\"479\" data-end=\"496\">online kaszin\u00f3<\/strong>, <strong data-start=\"498\" data-end=\"516\">sportfogad\u00e1s<\/strong>, \u00e9s a szab\u00e1lyozott szerencsej\u00e1t\u00e9k szigor\u00fa k\u00f6vetelm\u00e9nyekkel j\u00e1r. Sok hirdet\u0151 k\u00e9sedelemmel, ism\u00e9telt elutas\u00edt\u00e1sokkal vagy bonyolult j\u00f3v\u00e1hagy\u00e1si folyamatokkal szembes\u00fcl, miel\u0151tt egy\u00e1ltal\u00e1n elind\u00edthatn\u00e1 a kamp\u00e1ny\u00e1t.<\/p>\n<p data-start=\"691\" data-end=\"961\">Emiatt a tapasztalt marketingesek gyakran v\u00e1lasztj\u00e1k a <strong data-start=\"743\" data-end=\"781\">el\u0151re konfigur\u00e1lt Google Ads fi\u00f3kok<\/strong> amelyek m\u00e1r a szab\u00e1lyozott rekl\u00e1moz\u00e1sra vannak kialak\u00edtva. Ezek a sz\u00e1ml\u00e1k lehet\u0151v\u00e9 teszik a kaszin\u00f3- \u00e9s sportfogad\u00e1si m\u00e1rk\u00e1k sz\u00e1m\u00e1ra, hogy az adminisztrat\u00edv akad\u00e1lyok helyett a teljes\u00edtm\u00e9nyre \u00e9s a sk\u00e1l\u00e1z\u00e1sra \u00f6sszpontos\u00edtsanak.<\/p>\n<p data-start=\"963\" data-end=\"1107\">Fi\u00f3kjainkat a Google hirdet\u00e9si ir\u00e1nyelveinek megfelel\u0151 \u00fczleti strukt\u00far\u00e1ban, a Google hirdet\u00e9si ir\u00e1nyelveivel \u00f6sszhangban, \u00e9s azonnali kamp\u00e1nybe\u00e1ll\u00edt\u00e1sra k\u00e9szen \u00e1ll\u00edtjuk be.<\/p>\n<h3 data-start=\"1114\" data-end=\"1150\">Mi\u00e9rt v\u00e1lasztj\u00e1k a vev\u0151k ezeket a sz\u00e1ml\u00e1kat<\/h3>\n<ul data-start=\"1152\" data-end=\"1757\">\n<li data-start=\"1152\" data-end=\"1290\">\n<p data-start=\"1154\" data-end=\"1290\"><strong data-start=\"1154\" data-end=\"1177\">Gyorsabb piacra l\u00e9p\u00e9s<\/strong><br data-start=\"1177\" data-end=\"1180\" \/>Ker\u00fclje el a hossz\u00fa j\u00f3v\u00e1hagy\u00e1si ciklusokat, \u00e9s kezdje meg a kaszin\u00f3- \u00e9s sportfogad\u00e1si aj\u00e1nlatok n\u00e9pszer\u0171s\u00edt\u00e9s\u00e9t felesleges v\u00e1rakoz\u00e1s n\u00e9lk\u00fcl.<\/p>\n<\/li>\n<li data-start=\"1292\" data-end=\"1445\">\n<p data-start=\"1294\" data-end=\"1445\"><strong data-start=\"1294\" data-end=\"1334\">Korl\u00e1tozott vertik\u00e1lis ter\u00fcletek t\u00e1mogathat\u00f3s\u00e1ga<\/strong><br data-start=\"1334\" data-end=\"1337\" \/>Szab\u00e1lyozott ipar\u00e1gakhoz, t\u00f6bbek k\u00f6z\u00f6tt online kaszin\u00f3platformokhoz \u00e9s sportfogad\u00e1si szolg\u00e1ltat\u00e1sokhoz tervezt\u00e9k.<\/p>\n<\/li>\n<li data-start=\"1447\" data-end=\"1587\">\n<p data-start=\"1449\" data-end=\"1587\"><strong data-start=\"1449\" data-end=\"1481\">Er\u0151sebb fi\u00f3khiteless\u00e9g<\/strong><br data-start=\"1481\" data-end=\"1484\" \/>Megfelel\u0151en l\u00e9trehozott entit\u00e1sok al\u00e1 \u00e9p\u00fcl, seg\u00edtve a s\u00farl\u00f3d\u00e1sok cs\u00f6kkent\u00e9s\u00e9t az automatiz\u00e1lt vagy k\u00e9zi ellen\u0151rz\u00e9sek sor\u00e1n.<\/p>\n<\/li>\n<li data-start=\"1589\" data-end=\"1757\">\n<p data-start=\"1591\" data-end=\"1757\"><strong data-start=\"1591\" data-end=\"1617\">Egyszer\u0171 finansz\u00edroz\u00e1si folyamat<\/strong><br data-start=\"1617\" data-end=\"1620\" \/>Minden sz\u00e1ml\u00e1hoz tartozik egy csatolt sz\u00e1ml\u00e1z\u00e1si m\u00f3dszer, amely lehet\u0151v\u00e9 teszi, hogy k\u00f6zvetlen\u00fcl a platformunkon kereszt\u00fcl adjon hozz\u00e1 k\u00f6lts\u00e9gvet\u00e9st, egy\u00e9rtelm\u0171 5% szolg\u00e1ltat\u00e1si d\u00edjjal.<\/p>\n<\/li>\n<\/ul>\n<h2 data-start=\"1764\" data-end=\"1843\">Mi sz\u00e1m\u00edt a Google Ads-fi\u00f3k megv\u00e1s\u00e1rl\u00e1sa el\u0151tt a kaszin\u00f3 vagy sportfogad\u00e1s sz\u00e1m\u00e1ra?<\/h2>\n<p data-start=\"1845\" data-end=\"1978\">A kaszin\u00f3- \u00e9s sportfogad\u00e1si r\u00e9sekben val\u00f3 rekl\u00e1moz\u00e1s gondos el\u0151k\u00e9sz\u00edt\u00e9st ig\u00e9nyel. A kamp\u00e1nyok elind\u00edt\u00e1sa el\u0151tt ezek a t\u00e9nyez\u0151k kritikusak:<\/p>\n<h3 data-start=\"1980\" data-end=\"2016\">Sz\u00e1mlaszerkezet \u00e9s megfelel\u00e9s<\/h3>\n<p data-start=\"2017\" data-end=\"2140\">A fi\u00f3kot megfelel\u0151en kell be\u00e1ll\u00edtani a szab\u00e1lyozott hirdet\u00e9si kateg\u00f3ri\u00e1k t\u00e1mogat\u00e1s\u00e1ra \u00e9s a region\u00e1lis hirdet\u00e9si szab\u00e1lyoknak val\u00f3 megfelel\u00e9sre.<\/p>\n<h3 data-start=\"2142\" data-end=\"2161\">Tiszta t\u00f6rt\u00e9nelem<\/h3>\n<p data-start=\"2162\" data-end=\"2273\">A h\u00e1zirenddel kapcsolatos probl\u00e9m\u00e1k, figyelmeztet\u00e9sek vagy felf\u00fcggeszt\u00e9sek n\u00e9lk\u00fcli sz\u00e1ml\u00e1k nagyobb stabilit\u00e1st \u00e9s z\u00f6kken\u0151mentesebb kamp\u00e1nyind\u00edt\u00e1st biztos\u00edtanak.<\/p>\n<h3 data-start=\"2275\" data-end=\"2311\">Sz\u00e1ml\u00e1z\u00e1s \u00e9s finansz\u00edroz\u00e1s \u00e1tl\u00e1that\u00f3s\u00e1ga<\/h3>\n<p data-start=\"2312\" data-end=\"2418\">\u00c9rtse meg, hogyan m\u0171k\u00f6dik a finansz\u00edroz\u00e1s, bele\u00e9rtve a korl\u00e1tokat \u00e9s a d\u00edjakat, hogy m\u00e1r az els\u0151 napt\u00f3l kezdve magabiztosan kezelhesse a kiad\u00e1sait.<\/p>\n<h3 data-start=\"2420\" data-end=\"2447\">Teljes hozz\u00e1f\u00e9r\u00e9s \u00e9s ellen\u0151rz\u00e9s<\/h3>\n<p data-start=\"2448\" data-end=\"2586\">Teljes k\u00f6r\u0171 adminisztr\u00e1ci\u00f3s hozz\u00e1f\u00e9r\u00e9st kell kapnia, bele\u00e9rtve a sz\u00e1mla biztos\u00edt\u00e1s\u00e1t, a sz\u00e1ml\u00e1z\u00e1s kezel\u00e9s\u00e9t \u00e9s az \u00f6n\u00e1ll\u00f3 m\u0171k\u00f6d\u00e9st.<\/p>\n<h3 data-start=\"2588\" data-end=\"2612\">Elad\u00f3 Megb\u00edzhat\u00f3s\u00e1g<\/h3>\n<p data-start=\"2613\" data-end=\"2775\">A kaszin\u00f3- \u00e9s sportfogad\u00e1si hirdet\u00e9sek sok megb\u00edzhatatlan elad\u00f3t vonzanak. Ker\u00fclje az irre\u00e1lis \u00edg\u00e9reteket, \u00e9s v\u00e1lasszon olyan szolg\u00e1ltat\u00f3kat, amelyek a megfelel\u0151s\u00e9gre \u00e9s az \u00e1tl\u00e1that\u00f3s\u00e1gra \u00f6sszpontos\u00edtanak.<\/p>\n<h2 data-start=\"2782\" data-end=\"2824\">Sz\u00e1ll\u00edt\u00e1s ut\u00e1n: Be\u00e1ll\u00edt\u00e1s javasolt l\u00e9p\u00e9sei<\/h2>\n<p data-start=\"2826\" data-end=\"2918\">Miut\u00e1n fi\u00f3kj\u00e1t \u00e1tadt\u00e1k, tegye meg a k\u00f6vetkez\u0151 l\u00e9p\u00e9seket a biztons\u00e1g \u00e9s a teljes\u00edtm\u00e9ny biztos\u00edt\u00e1sa \u00e9rdek\u00e9ben:<\/p>\n<h3 data-start=\"2920\" data-end=\"2945\">1. Biztons\u00e1gos tulajdonjog<\/h3>\n<p data-start=\"2946\" data-end=\"3022\">Azonnal m\u00f3dos\u00edtsa a bejelentkez\u00e9si adatokat, a helyre\u00e1ll\u00edt\u00e1si e-mailt \u00e9s a biztons\u00e1gi be\u00e1ll\u00edt\u00e1sokat.<\/p>\n<h3 data-start=\"3024\" data-end=\"3048\">2. A be\u00e1ll\u00edt\u00e1sok fel\u00fclvizsg\u00e1lata<\/h3>\n<p data-start=\"3049\" data-end=\"3191\">Ellen\u0151rizze a sz\u00e1ml\u00e1z\u00e1si profilokat, a f\u00f6ldrajzi c\u00e9lz\u00e1st, a megengedett r\u00e9gi\u00f3kat \u00e9s a kamp\u00e1ny alap\u00e9rtelmezett be\u00e1ll\u00edt\u00e1sait, hogy biztos\u00edtsa a kaszin\u00f3- vagy sportfogad\u00e1si strat\u00e9gi\u00e1j\u00e1val val\u00f3 \u00f6sszhangot.<\/p>\n<h3 data-start=\"3193\" data-end=\"3212\">3. K\u00f6lts\u00e9gvet\u00e9s hozz\u00e1ad\u00e1sa<\/h3>\n<p data-start=\"3213\" data-end=\"3285\">Finansz\u00edrozza a sz\u00e1ml\u00e1t a m\u0171szerfalon kereszt\u00fcl, \u00e9s k\u00e9sz\u00edtse el\u0151 a kamp\u00e1nyokat az ind\u00edt\u00e1sra.<\/p>\n<h3 data-start=\"3287\" data-end=\"3312\">4. Ind\u00edt\u00e1s \u00e9s monitoroz\u00e1s<\/h3>\n<p data-start=\"3313\" data-end=\"3360\" data-is-last-node=\"\" data-is-only-node=\"\">Kezdje a megfelel\u0151 rekl\u00e1msz\u00f6veggel, ker\u00fclje a t\u00falz\u00e1sokat.<\/p>","protected":false},"excerpt":{"rendered":"<p>Futtassa szerencsej\u00e1t\u00e9k, kaszin\u00f3 hirdet\u00e9si kamp\u00e1nyait a Google Search &amp; Display (Google.com, YouTube) oldalakon a hiteles\u00edtett Google Ads szerencsej\u00e1t\u00e9k fi\u00f3kjaink seg\u00edts\u00e9g\u00e9vel.<\/p>","protected":false},"featured_media":9316,"template":"","meta":{"_acf_changed":false,"_glsr_average":5,"_glsr_ranking":4.4230769230769,"_glsr_reviews":16},"product_brand":[],"product_cat":[323],"product_tag":[],"class_list":{"0":"post-9315","1":"product","2":"type-product","3":"status-publish","4":"has-post-thumbnail","6":"product_cat-google-ads-gambling","7":"wcpa_has_options","9":"first","10":"instock","11":"purchasable","12":"product-type-simple"},"acf":[],"yoast_head":"<!-- This site is optimized with the Yoast SEO Premium plugin v26.7 (Yoast SEO v27.4) - https:\/\/yoast.com\/product\/yoast-seo-premium-wordpress\/ -->\n<title>Buy Google Ads Gambling Casino Accounts Ready for Ads<\/title>\n<meta name=\"description\" content=\"Get Google Ads approved gambling casino accounts validated by licensed companies. Fully compliant, high-trust accounts ideal for scaling crypto ads safely.\" \/>\n<meta name=\"robots\" content=\"index, follow, max-snippet:-1, max-image-preview:large, max-video-preview:-1\" \/>\n<link rel=\"canonical\" href=\"https:\/\/buyadsaccounts.net\/hu\/gads\/vasarolni-google-hirdetesek-szerencsejatek-szamlak\/\" \/>\n<meta property=\"og:locale\" content=\"hu_HU\" \/>\n<meta property=\"og:type\" content=\"article\" \/>\n<meta property=\"og:title\" content=\"Buy Google Ads Gambling Accounts\" \/>\n<meta property=\"og:description\" content=\"Get Google Ads approved gambling casino accounts validated by licensed companies. Fully compliant, high-trust accounts ideal for scaling crypto ads safely.\" \/>\n<meta property=\"og:url\" content=\"https:\/\/buyadsaccounts.net\/hu\/gads\/vasarolni-google-hirdetesek-szerencsejatek-szamlak\/\" \/>\n<meta property=\"og:site_name\" content=\"BuyAdsAccounts\" \/>\n<meta property=\"article:modified_time\" content=\"2026-02-01T17:30:32+00:00\" \/>\n<meta property=\"og:image\" content=\"https:\/\/buyadsaccounts.net\/wp-content\/uploads\/2025\/12\/google-ads-gambling-account.png\" \/>\n\t<meta property=\"og:image:width\" content=\"88\" \/>\n\t<meta property=\"og:image:height\" content=\"88\" \/>\n\t<meta property=\"og:image:type\" content=\"image\/png\" \/>\n<meta name=\"twitter:card\" content=\"summary_large_image\" \/>\n<meta name=\"twitter:label1\" content=\"Becs\u00fclt olvas\u00e1si id\u0151\" \/>\n\t<meta name=\"twitter:data1\" content=\"2 perc\" \/>\n<script type=\"application\/ld+json\" class=\"yoast-schema-graph\">{\"@context\":\"https:\\\/\\\/schema.org\",\"@graph\":[{\"@type\":\"WebPage\",\"@id\":\"https:\\\/\\\/buyadsaccounts.net\\\/gads\\\/buy-google-ads-gambling-accounts\\\/\",\"url\":\"https:\\\/\\\/buyadsaccounts.net\\\/gads\\\/buy-google-ads-gambling-accounts\\\/\",\"name\":\"Buy Google Ads Gambling Casino Accounts Ready for Ads\",\"isPartOf\":{\"@id\":\"https:\\\/\\\/buyadsaccounts.net\\\/#website\"},\"primaryImageOfPage\":{\"@id\":\"https:\\\/\\\/buyadsaccounts.net\\\/gads\\\/buy-google-ads-gambling-accounts\\\/#primaryimage\"},\"image\":{\"@id\":\"https:\\\/\\\/buyadsaccounts.net\\\/gads\\\/buy-google-ads-gambling-accounts\\\/#primaryimage\"},\"thumbnailUrl\":\"https:\\\/\\\/buyadsaccounts.net\\\/wp-content\\\/uploads\\\/2025\\\/12\\\/google-ads-gambling-account.png\",\"datePublished\":\"2025-12-21T09:12:50+00:00\",\"dateModified\":\"2026-02-01T17:30:32+00:00\",\"description\":\"Get Google Ads approved gambling casino accounts validated by licensed companies. Fully compliant, high-trust accounts ideal for scaling crypto ads safely.\",\"breadcrumb\":{\"@id\":\"https:\\\/\\\/buyadsaccounts.net\\\/gads\\\/buy-google-ads-gambling-accounts\\\/#breadcrumb\"},\"inLanguage\":\"hu\",\"potentialAction\":[{\"@type\":\"ReadAction\",\"target\":[\"https:\\\/\\\/buyadsaccounts.net\\\/gads\\\/buy-google-ads-gambling-accounts\\\/\"]}]},{\"@type\":\"ImageObject\",\"inLanguage\":\"hu\",\"@id\":\"https:\\\/\\\/buyadsaccounts.net\\\/gads\\\/buy-google-ads-gambling-accounts\\\/#primaryimage\",\"url\":\"https:\\\/\\\/buyadsaccounts.net\\\/wp-content\\\/uploads\\\/2025\\\/12\\\/google-ads-gambling-account.png\",\"contentUrl\":\"https:\\\/\\\/buyadsaccounts.net\\\/wp-content\\\/uploads\\\/2025\\\/12\\\/google-ads-gambling-account.png\",\"width\":88,\"height\":88},{\"@type\":\"BreadcrumbList\",\"@id\":\"https:\\\/\\\/buyadsaccounts.net\\\/gads\\\/buy-google-ads-gambling-accounts\\\/#breadcrumb\",\"itemListElement\":[{\"@type\":\"ListItem\",\"position\":1,\"name\":\"Home\",\"item\":\"https:\\\/\\\/buyadsaccounts.net\\\/\"},{\"@type\":\"ListItem\",\"position\":2,\"name\":\"Shop\",\"item\":\"https:\\\/\\\/buyadsaccounts.net\\\/ar\\\/%d9%85%d8%aa%d8%ac%d8%b1\\\/\"},{\"@type\":\"ListItem\",\"position\":3,\"name\":\"Buy Google Ads Gambling Accounts\"}]},{\"@type\":\"WebSite\",\"@id\":\"https:\\\/\\\/buyadsaccounts.net\\\/#website\",\"url\":\"https:\\\/\\\/buyadsaccounts.net\\\/\",\"name\":\"BuyAdsAccounts\",\"description\":\"\",\"publisher\":{\"@id\":\"https:\\\/\\\/buyadsaccounts.net\\\/#organization\"},\"potentialAction\":[{\"@type\":\"SearchAction\",\"target\":{\"@type\":\"EntryPoint\",\"urlTemplate\":\"https:\\\/\\\/buyadsaccounts.net\\\/?s={search_term_string}\"},\"query-input\":{\"@type\":\"PropertyValueSpecification\",\"valueRequired\":true,\"valueName\":\"search_term_string\"}}],\"inLanguage\":\"hu\"},{\"@type\":\"Organization\",\"@id\":\"https:\\\/\\\/buyadsaccounts.net\\\/#organization\",\"name\":\"Buy Google Ads Accounts\",\"url\":\"https:\\\/\\\/buyadsaccounts.net\\\/\",\"logo\":{\"@type\":\"ImageObject\",\"inLanguage\":\"hu\",\"@id\":\"https:\\\/\\\/buyadsaccounts.net\\\/#\\\/schema\\\/logo\\\/image\\\/\",\"url\":\"https:\\\/\\\/buyadsaccounts.net\\\/wp-content\\\/uploads\\\/2024\\\/12\\\/buyads-fav.jpg\",\"contentUrl\":\"https:\\\/\\\/buyadsaccounts.net\\\/wp-content\\\/uploads\\\/2024\\\/12\\\/buyads-fav.jpg\",\"width\":512,\"height\":512,\"caption\":\"Buy Google Ads Accounts\"},\"image\":{\"@id\":\"https:\\\/\\\/buyadsaccounts.net\\\/#\\\/schema\\\/logo\\\/image\\\/\"}}]}<\/script>\n<!-- \/ Yoast SEO Premium plugin. -->","yoast_head_json":{"title":"V\u00e1s\u00e1rl\u00e1s Google Ads Szerencsej\u00e1t\u00e9k kaszin\u00f3 sz\u00e1ml\u00e1k k\u00e9szen \u00e1ll a hirdet\u00e9sekre","description":"Szerezze be a Google Ads \u00e1ltal j\u00f3v\u00e1hagyott szerencsej\u00e1t\u00e9k kaszin\u00f3 fi\u00f3kokat, amelyeket enged\u00e9lyezett c\u00e9gek hiteles\u00edtettek. Teljesen megfelel\u0151, magas bizalmi szint\u0171 fi\u00f3kok, amelyek ide\u00e1lisak a kriptohirdet\u00e9sek biztons\u00e1gos sk\u00e1l\u00e1z\u00e1s\u00e1hoz.","robots":{"index":"index","follow":"follow","max-snippet":"max-snippet:-1","max-image-preview":"max-image-preview:large","max-video-preview":"max-video-preview:-1"},"canonical":"https:\/\/buyadsaccounts.net\/hu\/gads\/vasarolni-google-hirdetesek-szerencsejatek-szamlak\/","og_locale":"hu_HU","og_type":"article","og_title":"Buy Google Ads Gambling Accounts","og_description":"Get Google Ads approved gambling casino accounts validated by licensed companies. Fully compliant, high-trust accounts ideal for scaling crypto ads safely.","og_url":"https:\/\/buyadsaccounts.net\/hu\/gads\/vasarolni-google-hirdetesek-szerencsejatek-szamlak\/","og_site_name":"BuyAdsAccounts","article_modified_time":"2026-02-01T17:30:32+00:00","og_image":[{"width":88,"height":88,"url":"https:\/\/buyadsaccounts.net\/wp-content\/uploads\/2025\/12\/google-ads-gambling-account.png","type":"image\/png"}],"twitter_card":"summary_large_image","twitter_misc":{"Becs\u00fclt olvas\u00e1si id\u0151":"2 perc"},"schema":{"@context":"https:\/\/schema.org","@graph":[{"@type":"WebPage","@id":"https:\/\/buyadsaccounts.net\/gads\/buy-google-ads-gambling-accounts\/","url":"https:\/\/buyadsaccounts.net\/gads\/buy-google-ads-gambling-accounts\/","name":"V\u00e1s\u00e1rl\u00e1s Google Ads Szerencsej\u00e1t\u00e9k kaszin\u00f3 sz\u00e1ml\u00e1k k\u00e9szen \u00e1ll a hirdet\u00e9sekre","isPartOf":{"@id":"https:\/\/buyadsaccounts.net\/#website"},"primaryImageOfPage":{"@id":"https:\/\/buyadsaccounts.net\/gads\/buy-google-ads-gambling-accounts\/#primaryimage"},"image":{"@id":"https:\/\/buyadsaccounts.net\/gads\/buy-google-ads-gambling-accounts\/#primaryimage"},"thumbnailUrl":"https:\/\/buyadsaccounts.net\/wp-content\/uploads\/2025\/12\/google-ads-gambling-account.png","datePublished":"2025-12-21T09:12:50+00:00","dateModified":"2026-02-01T17:30:32+00:00","description":"Szerezze be a Google Ads \u00e1ltal j\u00f3v\u00e1hagyott szerencsej\u00e1t\u00e9k kaszin\u00f3 fi\u00f3kokat, amelyeket enged\u00e9lyezett c\u00e9gek hiteles\u00edtettek. Teljesen megfelel\u0151, magas bizalmi szint\u0171 fi\u00f3kok, amelyek ide\u00e1lisak a kriptohirdet\u00e9sek biztons\u00e1gos sk\u00e1l\u00e1z\u00e1s\u00e1hoz.","breadcrumb":{"@id":"https:\/\/buyadsaccounts.net\/gads\/buy-google-ads-gambling-accounts\/#breadcrumb"},"inLanguage":"hu","potentialAction":[{"@type":"ReadAction","target":["https:\/\/buyadsaccounts.net\/gads\/buy-google-ads-gambling-accounts\/"]}]},{"@type":"ImageObject","inLanguage":"hu","@id":"https:\/\/buyadsaccounts.net\/gads\/buy-google-ads-gambling-accounts\/#primaryimage","url":"https:\/\/buyadsaccounts.net\/wp-content\/uploads\/2025\/12\/google-ads-gambling-account.png","contentUrl":"https:\/\/buyadsaccounts.net\/wp-content\/uploads\/2025\/12\/google-ads-gambling-account.png","width":88,"height":88},{"@type":"BreadcrumbList","@id":"https:\/\/buyadsaccounts.net\/gads\/buy-google-ads-gambling-accounts\/#breadcrumb","itemListElement":[{"@type":"ListItem","position":1,"name":"Home","item":"https:\/\/buyadsaccounts.net\/"},{"@type":"ListItem","position":2,"name":"Shop","item":"https:\/\/buyadsaccounts.net\/ar\/%d9%85%d8%aa%d8%ac%d8%b1\/"},{"@type":"ListItem","position":3,"name":"Buy Google Ads Gambling Accounts"}]},{"@type":"WebSite","@id":"https:\/\/buyadsaccounts.net\/#website","url":"https:\/\/buyadsaccounts.net\/","name":"BuyAdsAccounts","description":"","publisher":{"@id":"https:\/\/buyadsaccounts.net\/#organization"},"potentialAction":[{"@type":"SearchAction","target":{"@type":"EntryPoint","urlTemplate":"https:\/\/buyadsaccounts.net\/?s={search_term_string}"},"query-input":{"@type":"PropertyValueSpecification","valueRequired":true,"valueName":"search_term_string"}}],"inLanguage":"hu"},{"@type":"Organization","@id":"https:\/\/buyadsaccounts.net\/#organization","name":"V\u00e1s\u00e1roljon Google Ads sz\u00e1ml\u00e1kat","url":"https:\/\/buyadsaccounts.net\/","logo":{"@type":"ImageObject","inLanguage":"hu","@id":"https:\/\/buyadsaccounts.net\/#\/schema\/logo\/image\/","url":"https:\/\/buyadsaccounts.net\/wp-content\/uploads\/2024\/12\/buyads-fav.jpg","contentUrl":"https:\/\/buyadsaccounts.net\/wp-content\/uploads\/2024\/12\/buyads-fav.jpg","width":512,"height":512,"caption":"Buy Google Ads Accounts"},"image":{"@id":"https:\/\/buyadsaccounts.net\/#\/schema\/logo\/image\/"}}]}},"wcpa_form_fields":{"wcpaData":{"product":{"product_price":0,"price_html":"<span class=\"woocommerce-Price-amount amount\"><bdi>0<span class=\"woocommerce-Price-currencySymbol\">&#36;<\/span><\/bdi><\/span>","original_product_price":0,"price_including_tax":0,"price_excluding_tax":0,"product_id":{"parent":9315,"variation":false},"is_variable":false,"stock_status":"instock","stock_quantity":null,"parent_sku":"","product_attributes":[],"custom_fields":[],"is_taxable":false,"product_name":"Buy Google Ads Gambling Accounts","hasImage":false},"fields":{"sec_16947c10fcaa83":{"extra":{"key":"sec_16947c10fcaa83","section_id":"sec_16947c10fcaa83","name":"Default","status":1,"cl_rule":"show","enableCl":false,"relations":[],"toggle":true,"title_tag":"h3","show_title":false,"showPrice":"default","form_id":9318,"form_rules":{"exclude_from_discount":false,"fee_label":"Fee","disp_hide_options_price":false,"disp_show_section_price":false,"disp_show_field_price":true,"layout_option":"standard","pric_use_as_fee":false,"process_fee_as":"woo_fee"},"layout_option":"standard"},"fields":[[{"type":"checkbox-group","required":true,"elementId":"checkbox-group_16947c10fcaaaf","label":"Account Options","enablePrice":true,"priceOptions":"different_for_all","pricingType":"fixed","price":"100","name":"checkbox-group_16947c10fcaaaf","min_options":"1","other_text":"Other","cl_rule":"show","col":6,"values":[{"label":"2024 UK Account - 50% Payment","value":"2024uk","price":"1700","pimage":"","pimage_id":"","pthumb":"","tempId":"aco_525","gt_translate_keys":["label"]},{"label":"2024 BR Account - 50% Payment","value":"2024br","price":"1000","pimage":"","pimage_id":"","pthumb":"","tempId":"aco_526","gt_translate_keys":["label"]}],"relations":false,"active":true,"tooltip":"<a href=\"https:\/\/help.buyadsaccounts.net\/hc\/helpcenter\/articles\/1766311806-uk-casino-sports-betting-advertising-approval\" target=\"blank\">Read More<\/a>","layOut":"inline","isWeightTemplate":false,"error":false,"isTemplate":false,"checkUi":"","min_quantity":"1","quantity_decimal":false,"quantity_step":"1","quantity_label":"Quantity","repeater_field_label":"{field_label}","repeater_bind":"","max_options":"1","gt_translate_keys":["label","tooltip","repeater_field_label","quantity_label"],"price_dependency":false,"cl_dependency":false,"value":""}],[{"active":true,"col":6,"relations":false,"cl_rule":"show","enableCl":false,"price":"","enablePrice":false,"className":"","label_position":"default","desc_position":"default","type":"url","required":true,"elementId":"url_0401321471","label":"Website URL","name":"url_0401321471","value":"","allow_multiple":false,"isWeightTemplate":false,"error":false,"isTemplate":false,"min_quantity":"1","quantity_decimal":false,"quantity_step":"1","quantity_label":"Quantity","repeater_field_label":"{field_label}","repeater_bind":"","gt_translate_keys":["label","value","repeater_field_label","quantity_label"],"price_dependency":false,"cl_dependency":false}],[{"type":"checkbox-group","elementId":"checkbox-group_106947c10fcaac1","label":"Extra Services","enablePrice":true,"priceOptions":"different_for_all","pricingType":"fixed","price":"100","name":"checkbox-group_106947c10fcaac1","min_options":"1","other_text":"Other","cl_rule":"show","col":6,"values":[{"label":"Ads Manager","value":"camp-mana","price":"200","pimage":"","pimage_id":"","pthumb":"","tempId":"aco_120","gt_translate_keys":["label"]}],"relations":false,"active":true,"tooltip":"<a href=\"https:\/\/help.buyadsaccounts.net\/hc\/helpcenter\/articles\/1754560957-additional-options\" target=\"blank\">Read More<\/a>","layOut":"","isWeightTemplate":false,"error":false,"isTemplate":false,"checkUi":"","min_quantity":"1","quantity_decimal":false,"quantity_step":"1","quantity_label":"Quantity","repeater_field_label":"{field_label}","repeater_bind":"","gt_translate_keys":["label","tooltip","repeater_field_label","quantity_label"],"price_dependency":false,"cl_dependency":["checkbox-group_86947c10fcaad0"],"value":""}],[{"type":"checkbox-group","required":true,"elementId":"checkbox-group_86947c10fcaad0","label":"Ads Manager - How many ADS?","description":"Price per AD","enablePrice":true,"priceOptions":"different_for_all","pricingType":"fixed","price":"100","name":"checkbox-group_86947c10fcaad0","min_options":"1","other_text":"Other","enableCl":true,"cl_rule":"show","cl_val":"camp-mana","col":6,"values":[{"label":"1 Ad","value":"1adurl","price":"0","pimage":"","pimage_id":"","pthumb":"","gt_translate_keys":["label"]},{"label":"2 Ads","value":"2ads","price":"350","pimage":"","pimage_id":"","pthumb":"","gt_translate_keys":["label"]},{"label":"3 Ads","value":"3ads","price":"500","pimage":"","pimage_id":"","pthumb":"","gt_translate_keys":["label"]},{"label":"5 Ads","value":"5ads","price":"800","pimage":"","pimage_id":"","pthumb":"","gt_translate_keys":["label"]},{"label":"10 Ads","value":"10ads","price":"1500","pimage":"","pimage_id":"","pthumb":"","gt_translate_keys":["label"]}],"relations":[{"operator":false,"rules":[{"operator":false,"rules":{"cl_field":"checkbox-group_106947c10fcaac1","cl_relation":"is","cl_val":"camp-mana"}}]}],"active":true,"tooltip":"","layOut":"","isWeightTemplate":false,"error":false,"isTemplate":false,"checkUi":"","min_quantity":"1","quantity_decimal":false,"quantity_step":"1","quantity_label":"Quantity","repeater_field_label":"{field_label}","repeater_bind":"","gt_translate_keys":["label","description","tooltip","repeater_field_label","quantity_label"],"price_dependency":false,"cl_dependency":false,"value":""}]]}},"config":{"price_override":"","enable_recaptcha":false,"bind_quantity":false,"quantity_bind_formula":false,"disp_summ_show_option_price":false,"disp_summ_show_product_price":false,"disp_summ_show_total_price":true,"disp_summ_show_fee":false,"disp_summ_show_discount":false,"summary_title":"","options_total_label":"Options Price","total_label":"Total","options_product_label":"Product Price","fee_label":"Fee","discount_label":"Discount","has_price":true,"has_quantity_formula":false},"mc_unit":1,"tax_rate":1,"tax_rate_real":1,"discount":{"percentage":0,"fixed":0},"design":{"conf":{"LabelPosition":"above","DescPosition":"above","UploadField":"custom_1","QuantityFieldStyle":"default"},"css":{"LeftLabelWidth":"120px"}},"formulas":[],"lookuptables":[],"clones":false,"cartKey":false}},"_links":{"self":[{"href":"https:\/\/buyadsaccounts.net\/hu\/wp-json\/wp\/v2\/product\/9315","targetHints":{"allow":["GET"]}}],"collection":[{"href":"https:\/\/buyadsaccounts.net\/hu\/wp-json\/wp\/v2\/product"}],"about":[{"href":"https:\/\/buyadsaccounts.net\/hu\/wp-json\/wp\/v2\/types\/product"}],"version-history":[{"count":2,"href":"https:\/\/buyadsaccounts.net\/hu\/wp-json\/wp\/v2\/product\/9315\/revisions"}],"predecessor-version":[{"id":9540,"href":"https:\/\/buyadsaccounts.net\/hu\/wp-json\/wp\/v2\/product\/9315\/revisions\/9540"}],"wp:featuredmedia":[{"embeddable":true,"href":"https:\/\/buyadsaccounts.net\/hu\/wp-json\/wp\/v2\/media\/9316"}],"wp:attachment":[{"href":"https:\/\/buyadsaccounts.net\/hu\/wp-json\/wp\/v2\/media?parent=9315"}],"wp:term":[{"taxonomy":"product_brand","embeddable":true,"href":"https:\/\/buyadsaccounts.net\/hu\/wp-json\/wp\/v2\/product_brand?post=9315"},{"taxonomy":"product_cat","embeddable":true,"href":"https:\/\/buyadsaccounts.net\/hu\/wp-json\/wp\/v2\/product_cat?post=9315"},{"taxonomy":"product_tag","embeddable":true,"href":"https:\/\/buyadsaccounts.net\/hu\/wp-json\/wp\/v2\/product_tag?post=9315"}],"curies":[{"name":"wp","href":"https:\/\/api.w.org\/{rel}","templated":true}]}}