{"id":9220,"date":"2025-12-04T17:00:15","date_gmt":"2025-12-04T17:00:15","guid":{"rendered":"https:\/\/rentaccounts.net\/?post_type=product&#038;p=9220"},"modified":"2026-02-01T17:13:32","modified_gmt":"2026-02-01T17:13:32","slug":"vasarolni-google-hirdetesek-kripto-szamlak","status":"publish","type":"product","link":"https:\/\/buyadsaccounts.net\/hu\/gads\/vasarolni-google-hirdetesek-kripto-szamlak\/","title":{"rendered":"V\u00e1s\u00e1rl\u00e1s Google Ads kripto sz\u00e1ml\u00e1k"},"content":{"rendered":"<h2 data-start=\"233\" data-end=\"284\"><strong data-start=\"236\" data-end=\"284\">Mi\u00e9rt \u00e9rdemes Google Ads kriptohiteles\u00edtett fi\u00f3kokat v\u00e1s\u00e1rolni?<\/strong><\/h2>\n<p data-start=\"286\" data-end=\"587\">A Google Ads tov\u00e1bbra is a leger\u0151sebb hirdet\u00e9si platform a glob\u00e1lis k\u00f6z\u00f6ns\u00e9g el\u00e9r\u00e9s\u00e9hez a keres\u0151ben, a YouTube-on \u00e9s a Display-h\u00e1l\u00f3zaton kereszt\u00fcl. A kriptov\u00e1llalkoz\u00e1sok sz\u00e1m\u00e1ra azonban a hozz\u00e1f\u00e9r\u00e9s er\u0151sen korl\u00e1tozott. Csak a Google hivatalos <strong data-start=\"528\" data-end=\"567\">kriptovaluta ellen\u0151rz\u0151 program<\/strong> kriptohirdet\u00e9seket futtathat.<\/p>\n<p data-start=\"589\" data-end=\"817\">Ez\u00e9rt a v\u00e1s\u00e1rl\u00e1s <strong data-start=\"612\" data-end=\"659\">jogilag ellen\u0151rz\u00f6tt Google Ads kriptofi\u00f3kok<\/strong> sz\u00e1mos hirdet\u0151 sz\u00e1m\u00e1ra n\u00e9lk\u00fcl\u00f6zhetetlenn\u00e9 v\u00e1lt. Fi\u00f3kjaink ellen\u0151rz\u00f6tt, j\u00f3v\u00e1hagyott v\u00e1llalkoz\u00e1sok al\u00e1 tartoznak, teljes m\u00e9rt\u00e9kben megfelelnek a k\u00f6vetelm\u00e9nyeknek, \u00e9s azonnal k\u00e9szen \u00e1llnak a kriptokamp\u00e1nyok futtat\u00e1s\u00e1ra.<\/p>\n<p data-start=\"819\" data-end=\"873\">\u00cdme, mi\u00e9rt v\u00e1lasztj\u00e1k a vev\u0151k a mi kripto-hiteles\u00edtett sz\u00e1ml\u00e1inkat:<\/p>\n<ul data-start=\"875\" data-end=\"1298\">\n<li data-start=\"875\" data-end=\"990\">\n<p data-start=\"877\" data-end=\"990\"><strong data-start=\"877\" data-end=\"927\">Azonnali hozz\u00e1f\u00e9r\u00e9s a Google kriptohirdet\u00e9si \u00f6kosziszt\u00e9m\u00e1j\u00e1hoz<\/strong> an\u00e9lk\u00fcl, hogy \u00e1t kellene mennie a Google hosszadalmas ellen\u0151rz\u00e9si folyamat\u00e1n.<\/p>\n<\/li>\n<li data-start=\"991\" data-end=\"1083\">\n<p data-start=\"993\" data-end=\"1083\"><strong data-start=\"993\" data-end=\"1037\">K\u00e9pes azonnal futtatni a megfelel\u0151 hirdet\u00e9seket<\/strong> a Google Search, a YouTube \u00e9s a Display szolg\u00e1ltat\u00e1sokban.<\/p>\n<\/li>\n<li data-start=\"1084\" data-end=\"1188\">\n<p data-start=\"1086\" data-end=\"1188\"><strong data-start=\"1086\" data-end=\"1122\">Nagyfok\u00fa bizalom \u00e9s j\u00f3 h\u00edrn\u00e9v<\/strong>, mivel a sz\u00e1ml\u00e1t egy jogilag ellen\u0151rz\u00f6tt szervezet alatt hagyt\u00e1k j\u00f3v\u00e1.<\/p>\n<\/li>\n<li data-start=\"1189\" data-end=\"1298\">\n<p data-start=\"1191\" data-end=\"1298\"><strong data-start=\"1191\" data-end=\"1216\">Be\u00e9p\u00edtett fizet\u00e9si k\u00e1rtya<\/strong> \u00edgy a sz\u00e1ml\u00e1ra k\u00f6zvetlen\u00fcl a platformunkon kereszt\u00fcl fizethet p\u00e9nzt egy egyszer\u0171 5% d\u00edjjal.<\/p>\n<\/li>\n<\/ul>\n<h2 data-start=\"1305\" data-end=\"1350\"><strong data-start=\"1308\" data-end=\"1350\">Fontos megfontol\u00e1sok v\u00e1s\u00e1rl\u00e1s el\u0151tt<\/strong><\/h2>\n<p data-start=\"1352\" data-end=\"1492\">Amikor kriptohirdet\u00e9sekhez v\u00e1s\u00e1rol Google Ads-fi\u00f3kot, t\u00f6bb t\u00e9nyez\u0151 is sz\u00e1m\u00edt a biztons\u00e1g, a megfelel\u0151s\u00e9g \u00e9s a hossz\u00fa t\u00e1v\u00fa teljes\u00edtm\u00e9ny biztos\u00edt\u00e1sa \u00e9rdek\u00e9ben:<\/p>\n<h3 data-start=\"1494\" data-end=\"1523\"><strong data-start=\"1498\" data-end=\"1521\">Ellen\u0151rz\u00e9s \u00e1llapota<\/strong><\/h3>\n<p data-start=\"1524\" data-end=\"1675\">Mindig ellen\u0151rizze, hogy a sz\u00e1mla jogilag hiteles\u00edtett-e egy kriptop\u00e9nzrekl\u00e1moz\u00e1sra j\u00f3v\u00e1hagyott c\u00e9g alatt. E n\u00e9lk\u00fcl a kriptokamp\u00e1nyok nem futhatnak.<\/p>\n<h3 data-start=\"1677\" data-end=\"1715\"><strong data-start=\"1681\" data-end=\"1713\">Sz\u00e1mla h\u00edrneve \u00e9s t\u00f6rt\u00e9nete<\/strong><\/h3>\n<p data-start=\"1716\" data-end=\"1836\">Azok a fi\u00f3kok, amelyeknek tiszta a nyilv\u00e1ntart\u00e1sa \u00e9s nem k\u00f6vettek el szab\u00e1lyszeg\u00e9st, jobban teljes\u00edtenek, \u00e9s kisebb val\u00f3sz\u00edn\u0171s\u00e9ggel kell fel\u00fclvizsg\u00e1lattal vagy felf\u00fcggeszt\u00e9ssel szemben\u00e9zni\u00fck.<\/p>\n<h3 data-start=\"1838\" data-end=\"1871\"><strong data-start=\"1842\" data-end=\"1869\">Sz\u00e1ml\u00e1z\u00e1s \u00e9s finansz\u00edroz\u00e1s be\u00e1ll\u00edt\u00e1sa<\/strong><\/h3>\n<p data-start=\"1872\" data-end=\"2050\">A sz\u00e1ml\u00e1inkhoz k\u00e1rty\u00e1k is tartoznak, \u00e9s a rendszer\u00fcnk\u00f6n kereszt\u00fcl azonnal hozz\u00e1adhat p\u00e9nzt. M\u00e9gis fontos, hogy a kamp\u00e1nyok elind\u00edt\u00e1sa el\u0151tt tiszt\u00e1ban legyen a finansz\u00edroz\u00e1si korl\u00e1tokkal \u00e9s d\u00edjakkal.<\/p>\n<h3 data-start=\"2052\" data-end=\"2089\"><strong data-start=\"2056\" data-end=\"2087\">Tulajdonjog \u00e1truh\u00e1z\u00e1sa \u00e9s hozz\u00e1f\u00e9r\u00e9s<\/strong><\/h3>\n<p data-start=\"2090\" data-end=\"2241\">Biztos\u00edtsa, hogy teljes hozz\u00e1f\u00e9r\u00e9st kapjon a hirdet\u00e9si fi\u00f3khoz, bele\u00e9rtve a bejelentkez\u00e9sek megv\u00e1ltoztat\u00e1s\u00e1nak, a fi\u00f3k v\u00e9delm\u00e9nek \u00e9s a sz\u00e1ml\u00e1z\u00e1s korl\u00e1toz\u00e1s n\u00e9lk\u00fcli kezel\u00e9s\u00e9nek lehet\u0151s\u00e9g\u00e9t.<\/p>\n<h3 data-start=\"2243\" data-end=\"2279\"><strong data-start=\"2247\" data-end=\"2277\">Biztons\u00e1g \u00e9s csal\u00e1smegel\u0151z\u00e9s<\/strong><\/h3>\n<p data-start=\"2280\" data-end=\"2449\">A kriptohirdet\u00e9s egy korl\u00e1tozott piaci r\u00e9s, amely sok hamis elad\u00f3t vonz. Csak ellen\u0151rz\u00f6tt forr\u00e1sokb\u00f3l v\u00e1s\u00e1roljon, \u00e9s ker\u00fclje el azokat, akik \u201ckorl\u00e1tlan\u201d vagy \u201ckock\u00e1zatmentes\u201d sz\u00e1ml\u00e1kat k\u00edn\u00e1lnak.<\/p>\n<h2 data-start=\"2456\" data-end=\"2482\"><strong data-start=\"2459\" data-end=\"2482\">V\u00e1s\u00e1rl\u00e1s ut\u00e1ni l\u00e9p\u00e9sek<\/strong><\/h2>\n<p data-start=\"2484\" data-end=\"2601\">Miut\u00e1n megkapta a kriptohiteles\u00edtett Google Ads-fi\u00f3kj\u00e1t, a maxim\u00e1lis biztons\u00e1g \u00e9s teljes\u00edtm\u00e9ny \u00e9rdek\u00e9ben v\u00e9gezze el az al\u00e1bbi l\u00e9p\u00e9seket:<\/p>\n<h3 data-start=\"2603\" data-end=\"2640\"><strong data-start=\"2607\" data-end=\"2638\">1. Bejelentkez\u00e9si adatok m\u00f3dos\u00edt\u00e1sa<\/strong><\/h3>\n<p data-start=\"2641\" data-end=\"2727\">Azonnal v\u00e1ltoztassa meg az e-mailt, a jelsz\u00f3t \u00e9s a helyre\u00e1ll\u00edt\u00e1si lehet\u0151s\u00e9geket a teljes tulajdonjog biztos\u00edt\u00e1sa \u00e9rdek\u00e9ben.<\/p>\n<h3 data-start=\"2729\" data-end=\"2769\"><strong data-start=\"2733\" data-end=\"2767\">2. Az \u00f6sszes fi\u00f3kbe\u00e1ll\u00edt\u00e1s \u00e1ttekint\u00e9se<\/strong><\/h3>\n<p data-start=\"2770\" data-end=\"2909\">Ellen\u0151rizze a sz\u00e1ml\u00e1z\u00e1st, a kamp\u00e1nyok alap\u00e9rtelmezett be\u00e1ll\u00edt\u00e1sait, a f\u00f6ldrajzi c\u00e9lz\u00e1st, a j\u00f3v\u00e1hagyott r\u00e9gi\u00f3kat \u00e9s a megfelel\u0151s\u00e9gi megjegyz\u00e9seket, hogy mindent \u00f6sszehangolhasson a hirdet\u00e9si strat\u00e9gi\u00e1j\u00e1val.<\/p>\n<h3 data-start=\"2911\" data-end=\"2956\"><strong data-start=\"2915\" data-end=\"2954\">3. Alapok hozz\u00e1ad\u00e1sa a m\u0171szerfalon kereszt\u00fcl<\/strong><\/h3>\n<p data-start=\"2957\" data-end=\"3052\">Fizesse be hirdet\u00e9si k\u00f6lts\u00e9gvet\u00e9s\u00e9t finansz\u00edroz\u00e1si rendszer\u00fcnk seg\u00edts\u00e9g\u00e9vel (5% d\u00edj), \u00e9s azonnal kezdje el a kamp\u00e1nyok futtat\u00e1s\u00e1t.<\/p>\n<h3 data-start=\"3054\" data-end=\"3097\"><strong data-start=\"3058\" data-end=\"3095\">4. Teljes\u00edtm\u00e9ny optimaliz\u00e1l\u00e1sa \u00e9s fel\u00fcgyelete<\/strong><\/h3>\n<p data-start=\"3098\" data-end=\"3250\">A kripto vertik\u00e1lis ter\u00fcletek \u00e9rz\u00e9kenyek lehetnek. Haszn\u00e1ljon megfelel\u0151 rekl\u00e1msz\u00f6vegeket, teszteljen t\u00f6bb kreat\u00edvot, \u00e9s szorosan k\u00f6vesse nyomon a teljes\u00edtm\u00e9nyt - k\u00fcl\u00f6n\u00f6sen az els\u0151 48 \u00f3r\u00e1ban.<\/p>\n<h2 data-start=\"3257\" data-end=\"3274\"><strong data-start=\"3260\" data-end=\"3274\">K\u00f6vetkeztet\u00e9s<\/strong><\/h2>\n<p data-start=\"3276\" data-end=\"3602\">V\u00e1s\u00e1rl\u00e1s egy <strong data-start=\"3285\" data-end=\"3323\">Google Ads kripto-hiteles\u00edtett fi\u00f3k<\/strong> a leggyorsabb \u00e9s legbiztons\u00e1gosabb m\u00f3dja annak, hogy szab\u00e1lyos kriptop\u00e9nz-kamp\u00e1nyokat ind\u00edtson a Google Search, YouTube \u00e9s Display oldalakon. Egy megb\u00edzhat\u00f3 szolg\u00e1ltat\u00f3 kiv\u00e1laszt\u00e1s\u00e1val, a fi\u00f3k biztos\u00edt\u00e1s\u00e1val \u00e9s a legjobb gyakorlatok betart\u00e1s\u00e1val azonnal elind\u00edthatja kamp\u00e1nyait, \u00e9s magabiztosan sk\u00e1l\u00e1zhatja azokat.<\/p>","protected":false},"excerpt":{"rendered":"<p>Futtassa kriptohirdet\u00e9si kamp\u00e1nyait a Google Search &amp; Display (Google.com, YouTube) oldalakon a jogilag ellen\u0151rz\u00f6tt Google Ads kriptofi\u00f3kjaink seg\u00edts\u00e9g\u00e9vel.<\/p>","protected":false},"featured_media":9221,"template":"","meta":{"_acf_changed":false,"_glsr_average":5,"_glsr_ranking":4.5454545454545,"_glsr_reviews":23},"product_brand":[],"product_cat":[322],"product_tag":[],"class_list":{"0":"post-9220","1":"product","2":"type-product","3":"status-publish","4":"has-post-thumbnail","6":"product_cat-google-ads-crypto","7":"wcpa_has_options","9":"first","10":"instock","11":"purchasable","12":"product-type-simple"},"acf":[],"yoast_head":"<!-- This site is optimized with the Yoast SEO Premium plugin v26.7 (Yoast SEO v27.4) - https:\/\/yoast.com\/product\/yoast-seo-premium-wordpress\/ -->\n<title>Buy Google Ads Approved Crypto Accounts Ready for Ads<\/title>\n<meta name=\"description\" content=\"Get Google Ads approved crypto accounts validated by licensed companies. Fully compliant, high-trust accounts ideal for scaling crypto ads safely.\" \/>\n<meta name=\"robots\" content=\"index, follow, max-snippet:-1, max-image-preview:large, max-video-preview:-1\" \/>\n<link rel=\"canonical\" href=\"https:\/\/buyadsaccounts.net\/hu\/gads\/vasarolni-google-hirdetesek-kripto-szamlak\/\" \/>\n<meta property=\"og:locale\" content=\"hu_HU\" \/>\n<meta property=\"og:type\" content=\"article\" \/>\n<meta property=\"og:title\" content=\"Buy Google Ads Crypto Accounts\" \/>\n<meta property=\"og:description\" content=\"Get Google Ads approved crypto accounts validated by licensed companies. Fully compliant, high-trust accounts ideal for scaling crypto ads safely.\" \/>\n<meta property=\"og:url\" content=\"https:\/\/buyadsaccounts.net\/hu\/gads\/vasarolni-google-hirdetesek-kripto-szamlak\/\" \/>\n<meta property=\"og:site_name\" content=\"BuyAdsAccounts\" \/>\n<meta property=\"article:modified_time\" content=\"2026-02-01T17:13:32+00:00\" \/>\n<meta property=\"og:image\" content=\"https:\/\/buyadsaccounts.net\/wp-content\/uploads\/2025\/12\/google-ads-crypto-accounts.png\" \/>\n\t<meta property=\"og:image:width\" content=\"88\" \/>\n\t<meta property=\"og:image:height\" content=\"88\" \/>\n\t<meta property=\"og:image:type\" content=\"image\/png\" \/>\n<meta name=\"twitter:card\" content=\"summary_large_image\" \/>\n<meta name=\"twitter:label1\" content=\"Becs\u00fclt olvas\u00e1si id\u0151\" \/>\n\t<meta name=\"twitter:data1\" content=\"3 perc\" \/>\n<script type=\"application\/ld+json\" class=\"yoast-schema-graph\">{\"@context\":\"https:\\\/\\\/schema.org\",\"@graph\":[{\"@type\":\"WebPage\",\"@id\":\"https:\\\/\\\/buyadsaccounts.net\\\/gads\\\/buy-google-ads-crypto-accounts\\\/\",\"url\":\"https:\\\/\\\/buyadsaccounts.net\\\/gads\\\/buy-google-ads-crypto-accounts\\\/\",\"name\":\"Buy Google Ads Approved Crypto Accounts Ready for Ads\",\"isPartOf\":{\"@id\":\"https:\\\/\\\/buyadsaccounts.net\\\/#website\"},\"primaryImageOfPage\":{\"@id\":\"https:\\\/\\\/buyadsaccounts.net\\\/gads\\\/buy-google-ads-crypto-accounts\\\/#primaryimage\"},\"image\":{\"@id\":\"https:\\\/\\\/buyadsaccounts.net\\\/gads\\\/buy-google-ads-crypto-accounts\\\/#primaryimage\"},\"thumbnailUrl\":\"https:\\\/\\\/buyadsaccounts.net\\\/wp-content\\\/uploads\\\/2025\\\/12\\\/google-ads-crypto-accounts.png\",\"datePublished\":\"2025-12-04T17:00:15+00:00\",\"dateModified\":\"2026-02-01T17:13:32+00:00\",\"description\":\"Get Google Ads approved crypto accounts validated by licensed companies. Fully compliant, high-trust accounts ideal for scaling crypto ads safely.\",\"breadcrumb\":{\"@id\":\"https:\\\/\\\/buyadsaccounts.net\\\/gads\\\/buy-google-ads-crypto-accounts\\\/#breadcrumb\"},\"inLanguage\":\"hu\",\"potentialAction\":[{\"@type\":\"ReadAction\",\"target\":[\"https:\\\/\\\/buyadsaccounts.net\\\/gads\\\/buy-google-ads-crypto-accounts\\\/\"]}]},{\"@type\":\"ImageObject\",\"inLanguage\":\"hu\",\"@id\":\"https:\\\/\\\/buyadsaccounts.net\\\/gads\\\/buy-google-ads-crypto-accounts\\\/#primaryimage\",\"url\":\"https:\\\/\\\/buyadsaccounts.net\\\/wp-content\\\/uploads\\\/2025\\\/12\\\/google-ads-crypto-accounts.png\",\"contentUrl\":\"https:\\\/\\\/buyadsaccounts.net\\\/wp-content\\\/uploads\\\/2025\\\/12\\\/google-ads-crypto-accounts.png\",\"width\":88,\"height\":88,\"caption\":\"google ads crypto accounts\"},{\"@type\":\"BreadcrumbList\",\"@id\":\"https:\\\/\\\/buyadsaccounts.net\\\/gads\\\/buy-google-ads-crypto-accounts\\\/#breadcrumb\",\"itemListElement\":[{\"@type\":\"ListItem\",\"position\":1,\"name\":\"Home\",\"item\":\"https:\\\/\\\/buyadsaccounts.net\\\/\"},{\"@type\":\"ListItem\",\"position\":2,\"name\":\"Shop\",\"item\":\"https:\\\/\\\/buyadsaccounts.net\\\/ar\\\/%d9%85%d8%aa%d8%ac%d8%b1\\\/\"},{\"@type\":\"ListItem\",\"position\":3,\"name\":\"Buy Google Ads Crypto Accounts\"}]},{\"@type\":\"WebSite\",\"@id\":\"https:\\\/\\\/buyadsaccounts.net\\\/#website\",\"url\":\"https:\\\/\\\/buyadsaccounts.net\\\/\",\"name\":\"BuyAdsAccounts\",\"description\":\"\",\"publisher\":{\"@id\":\"https:\\\/\\\/buyadsaccounts.net\\\/#organization\"},\"potentialAction\":[{\"@type\":\"SearchAction\",\"target\":{\"@type\":\"EntryPoint\",\"urlTemplate\":\"https:\\\/\\\/buyadsaccounts.net\\\/?s={search_term_string}\"},\"query-input\":{\"@type\":\"PropertyValueSpecification\",\"valueRequired\":true,\"valueName\":\"search_term_string\"}}],\"inLanguage\":\"hu\"},{\"@type\":\"Organization\",\"@id\":\"https:\\\/\\\/buyadsaccounts.net\\\/#organization\",\"name\":\"Buy Google Ads Accounts\",\"url\":\"https:\\\/\\\/buyadsaccounts.net\\\/\",\"logo\":{\"@type\":\"ImageObject\",\"inLanguage\":\"hu\",\"@id\":\"https:\\\/\\\/buyadsaccounts.net\\\/#\\\/schema\\\/logo\\\/image\\\/\",\"url\":\"https:\\\/\\\/buyadsaccounts.net\\\/wp-content\\\/uploads\\\/2024\\\/12\\\/buyads-fav.jpg\",\"contentUrl\":\"https:\\\/\\\/buyadsaccounts.net\\\/wp-content\\\/uploads\\\/2024\\\/12\\\/buyads-fav.jpg\",\"width\":512,\"height\":512,\"caption\":\"Buy Google Ads Accounts\"},\"image\":{\"@id\":\"https:\\\/\\\/buyadsaccounts.net\\\/#\\\/schema\\\/logo\\\/image\\\/\"}}]}<\/script>\n<!-- \/ Yoast SEO Premium plugin. -->","yoast_head_json":{"title":"V\u00e1s\u00e1rl\u00e1s Google Ads j\u00f3v\u00e1hagyott kripto sz\u00e1ml\u00e1k k\u00e9szen \u00e1ll a hirdet\u00e9sekre","description":"Szerezze be a Google Ads \u00e1ltal j\u00f3v\u00e1hagyott, enged\u00e9lyezett c\u00e9gek \u00e1ltal hiteles\u00edtett kriptofi\u00f3kokat. Teljesen megfelel\u0151, magas bizalmi szint\u0171 fi\u00f3kok, amelyek ide\u00e1lisak a kriptohirdet\u00e9sek biztons\u00e1gos sk\u00e1l\u00e1z\u00e1s\u00e1hoz.","robots":{"index":"index","follow":"follow","max-snippet":"max-snippet:-1","max-image-preview":"max-image-preview:large","max-video-preview":"max-video-preview:-1"},"canonical":"https:\/\/buyadsaccounts.net\/hu\/gads\/vasarolni-google-hirdetesek-kripto-szamlak\/","og_locale":"hu_HU","og_type":"article","og_title":"Buy Google Ads Crypto Accounts","og_description":"Get Google Ads approved crypto accounts validated by licensed companies. Fully compliant, high-trust accounts ideal for scaling crypto ads safely.","og_url":"https:\/\/buyadsaccounts.net\/hu\/gads\/vasarolni-google-hirdetesek-kripto-szamlak\/","og_site_name":"BuyAdsAccounts","article_modified_time":"2026-02-01T17:13:32+00:00","og_image":[{"width":88,"height":88,"url":"https:\/\/buyadsaccounts.net\/wp-content\/uploads\/2025\/12\/google-ads-crypto-accounts.png","type":"image\/png"}],"twitter_card":"summary_large_image","twitter_misc":{"Becs\u00fclt olvas\u00e1si id\u0151":"3 perc"},"schema":{"@context":"https:\/\/schema.org","@graph":[{"@type":"WebPage","@id":"https:\/\/buyadsaccounts.net\/gads\/buy-google-ads-crypto-accounts\/","url":"https:\/\/buyadsaccounts.net\/gads\/buy-google-ads-crypto-accounts\/","name":"V\u00e1s\u00e1rl\u00e1s Google Ads j\u00f3v\u00e1hagyott kripto sz\u00e1ml\u00e1k k\u00e9szen \u00e1ll a hirdet\u00e9sekre","isPartOf":{"@id":"https:\/\/buyadsaccounts.net\/#website"},"primaryImageOfPage":{"@id":"https:\/\/buyadsaccounts.net\/gads\/buy-google-ads-crypto-accounts\/#primaryimage"},"image":{"@id":"https:\/\/buyadsaccounts.net\/gads\/buy-google-ads-crypto-accounts\/#primaryimage"},"thumbnailUrl":"https:\/\/buyadsaccounts.net\/wp-content\/uploads\/2025\/12\/google-ads-crypto-accounts.png","datePublished":"2025-12-04T17:00:15+00:00","dateModified":"2026-02-01T17:13:32+00:00","description":"Szerezze be a Google Ads \u00e1ltal j\u00f3v\u00e1hagyott, enged\u00e9lyezett c\u00e9gek \u00e1ltal hiteles\u00edtett kriptofi\u00f3kokat. Teljesen megfelel\u0151, magas bizalmi szint\u0171 fi\u00f3kok, amelyek ide\u00e1lisak a kriptohirdet\u00e9sek biztons\u00e1gos sk\u00e1l\u00e1z\u00e1s\u00e1hoz.","breadcrumb":{"@id":"https:\/\/buyadsaccounts.net\/gads\/buy-google-ads-crypto-accounts\/#breadcrumb"},"inLanguage":"hu","potentialAction":[{"@type":"ReadAction","target":["https:\/\/buyadsaccounts.net\/gads\/buy-google-ads-crypto-accounts\/"]}]},{"@type":"ImageObject","inLanguage":"hu","@id":"https:\/\/buyadsaccounts.net\/gads\/buy-google-ads-crypto-accounts\/#primaryimage","url":"https:\/\/buyadsaccounts.net\/wp-content\/uploads\/2025\/12\/google-ads-crypto-accounts.png","contentUrl":"https:\/\/buyadsaccounts.net\/wp-content\/uploads\/2025\/12\/google-ads-crypto-accounts.png","width":88,"height":88,"caption":"google ads crypto accounts"},{"@type":"BreadcrumbList","@id":"https:\/\/buyadsaccounts.net\/gads\/buy-google-ads-crypto-accounts\/#breadcrumb","itemListElement":[{"@type":"ListItem","position":1,"name":"Home","item":"https:\/\/buyadsaccounts.net\/"},{"@type":"ListItem","position":2,"name":"Shop","item":"https:\/\/buyadsaccounts.net\/ar\/%d9%85%d8%aa%d8%ac%d8%b1\/"},{"@type":"ListItem","position":3,"name":"Buy Google Ads Crypto Accounts"}]},{"@type":"WebSite","@id":"https:\/\/buyadsaccounts.net\/#website","url":"https:\/\/buyadsaccounts.net\/","name":"BuyAdsAccounts","description":"","publisher":{"@id":"https:\/\/buyadsaccounts.net\/#organization"},"potentialAction":[{"@type":"SearchAction","target":{"@type":"EntryPoint","urlTemplate":"https:\/\/buyadsaccounts.net\/?s={search_term_string}"},"query-input":{"@type":"PropertyValueSpecification","valueRequired":true,"valueName":"search_term_string"}}],"inLanguage":"hu"},{"@type":"Organization","@id":"https:\/\/buyadsaccounts.net\/#organization","name":"V\u00e1s\u00e1roljon Google Ads sz\u00e1ml\u00e1kat","url":"https:\/\/buyadsaccounts.net\/","logo":{"@type":"ImageObject","inLanguage":"hu","@id":"https:\/\/buyadsaccounts.net\/#\/schema\/logo\/image\/","url":"https:\/\/buyadsaccounts.net\/wp-content\/uploads\/2024\/12\/buyads-fav.jpg","contentUrl":"https:\/\/buyadsaccounts.net\/wp-content\/uploads\/2024\/12\/buyads-fav.jpg","width":512,"height":512,"caption":"Buy Google Ads Accounts"},"image":{"@id":"https:\/\/buyadsaccounts.net\/#\/schema\/logo\/image\/"}}]}},"wcpa_form_fields":{"wcpaData":{"product":{"product_price":0,"price_html":"<span class=\"woocommerce-Price-amount amount\"><bdi>0<span class=\"woocommerce-Price-currencySymbol\">&#36;<\/span><\/bdi><\/span>","original_product_price":0,"price_including_tax":0,"price_excluding_tax":0,"product_id":{"parent":9220,"variation":false},"is_variable":false,"stock_status":"instock","stock_quantity":null,"parent_sku":"","product_attributes":[],"custom_fields":[],"is_taxable":false,"product_name":"Buy Google Ads Crypto Accounts","hasImage":false},"fields":{"sec_16931c0b0ead66":{"extra":{"key":"sec_16931c0b0ead66","section_id":"sec_16931c0b0ead66","name":"Default","status":1,"cl_rule":"show","enableCl":false,"relations":[],"toggle":true,"title_tag":"h3","show_title":false,"showPrice":"default","form_id":9222,"form_rules":{"exclude_from_discount":false,"fee_label":"Fee","disp_hide_options_price":false,"disp_show_section_price":false,"disp_show_field_price":true,"layout_option":"standard","pric_use_as_fee":false,"process_fee_as":"woo_fee"},"layout_option":"standard"},"fields":[[{"type":"checkbox-group","required":true,"elementId":"checkbox-group_16931c0b0eada5","label":"Account Options","enablePrice":true,"priceOptions":"different_for_all","pricingType":"fixed","price":"100","name":"checkbox-group_16931c0b0eada5","min_options":"1","other_text":"Other","cl_rule":"show","col":6,"values":[{"label":"2024 Account","value":"usd-account-buy","price":"1400","pimage":"","pimage_id":"","pthumb":"","tempId":"aco_525","gt_translate_keys":["label"]},{"label":"2025 Account","value":"2022-acc","price":"1100","pimage":"","pimage_id":"","pthumb":"","tempId":"aco_526","gt_translate_keys":["label"]}],"relations":false,"active":true,"tooltip":"","layOut":"inline","isWeightTemplate":false,"error":false,"isTemplate":false,"checkUi":"","min_quantity":"1","quantity_decimal":false,"quantity_step":"1","quantity_label":"Quantity","repeater_field_label":"{field_label}","repeater_bind":"","gt_translate_keys":["label","tooltip","repeater_field_label","quantity_label"],"price_dependency":false,"cl_dependency":false,"value":""}],[{"type":"checkbox-group","elementId":"checkbox-group_46931c0b0eadc2","label":"Extra Services","enablePrice":true,"priceOptions":"different_for_all","pricingType":"fixed","price":"100","name":"checkbox-group_46931c0b0eadc2","min_options":"1","other_text":"Other","cl_rule":"show","col":6,"values":[{"label":"Ads Manager","value":"camp-mana","price":"200","pimage":"","pimage_id":"","pthumb":"","tempId":"aco_120","gt_translate_keys":["label"]},{"label":"Change Company Name","value":"changename","selected":false,"tempId":"aco_19","price":"500","gt_translate_keys":["label"]}],"relations":false,"active":true,"tooltip":"<a href=\"https:\/\/help.buyadsaccounts.net\/hc\/helpcenter\/articles\/1754560957-additional-options\" target=\"blank\">Read More<\/a>","layOut":"inline","isWeightTemplate":false,"error":false,"isTemplate":false,"checkUi":"","min_quantity":"1","quantity_decimal":false,"quantity_step":"1","quantity_label":"Quantity","repeater_field_label":"{field_label}","repeater_bind":"","gt_translate_keys":["label","tooltip","repeater_field_label","quantity_label"],"price_dependency":false,"cl_dependency":["checkbox-group_86931c0b0eadf2"],"value":""}],[{"type":"checkbox-group","required":true,"elementId":"checkbox-group_86931c0b0eadf2","label":"Ads Manager - How many ADS?","description":"Price per AD","enablePrice":true,"priceOptions":"different_for_all","pricingType":"fixed","price":"100","name":"checkbox-group_86931c0b0eadf2","min_options":"1","other_text":"Other","enableCl":true,"cl_rule":"show","cl_val":"camp-mana","col":6,"values":[{"label":"1 Ad","value":"1adurl","price":"0","pimage":"","pimage_id":"","pthumb":"","gt_translate_keys":["label"]},{"label":"2 Ads","value":"2ads","price":"350","pimage":"","pimage_id":"","pthumb":"","gt_translate_keys":["label"]},{"label":"3 Ads","value":"3ads","price":"500","pimage":"","pimage_id":"","pthumb":"","gt_translate_keys":["label"]},{"label":"5 Ads","value":"5ads","price":"800","pimage":"","pimage_id":"","pthumb":"","gt_translate_keys":["label"]},{"label":"10 Ads","value":"10ads","price":"1500","pimage":"","pimage_id":"","pthumb":"","gt_translate_keys":["label"]}],"relations":[{"operator":false,"rules":[{"operator":false,"rules":{"cl_field":"checkbox-group_46931c0b0eadc2","cl_relation":"is","cl_val":"camp-mana"}}]}],"active":true,"tooltip":"","layOut":"","isWeightTemplate":false,"error":false,"isTemplate":false,"checkUi":"","min_quantity":"1","quantity_decimal":false,"quantity_step":"1","quantity_label":"Quantity","repeater_field_label":"{field_label}","repeater_bind":"","gt_translate_keys":["label","description","tooltip","repeater_field_label","quantity_label"],"price_dependency":false,"cl_dependency":false,"value":""}],[{"type":"number","required":false,"elementId":"number_46931c0b0eae05","label":"Add Funds to the account","description":"5% fee","enablePrice":true,"pricingType":"multiply","price":"1","min":"25","max":"50000","name":"number_46931c0b0eae05","enableCl":false,"cl_rule":"show","cl_val":"add-credit-card","col":"5","relations":[{"operator":false,"rules":[{"operator":false,"rules":{"cl_field":"checkbox-group_46931c0b0eadc2","cl_relation":"is","cl_val":"add-credit-card"}}]}],"active":true,"tooltip":"","isWeightTemplate":false,"error":false,"isTemplate":false,"min_quantity":"1","quantity_decimal":false,"quantity_step":"1","quantity_label":"Quantity","repeater_field_label":"{field_label}","repeater_bind":"","desc_position":"default","gt_translate_keys":["label","description","tooltip","repeater_field_label","quantity_label"],"price_dependency":false,"cl_dependency":false,"value":""}]]}},"config":{"price_override":"","enable_recaptcha":false,"bind_quantity":false,"quantity_bind_formula":false,"disp_summ_show_option_price":false,"disp_summ_show_product_price":false,"disp_summ_show_total_price":true,"disp_summ_show_fee":false,"disp_summ_show_discount":false,"summary_title":"","options_total_label":"Options Price","total_label":"Total","options_product_label":"Product Price","fee_label":"Fee","discount_label":"Discount","has_price":true,"has_quantity_formula":false},"mc_unit":1,"tax_rate":1,"tax_rate_real":1,"discount":{"percentage":0,"fixed":0},"design":{"conf":{"LabelPosition":"above","DescPosition":"above","UploadField":"custom_1","QuantityFieldStyle":"default"},"css":{"LeftLabelWidth":"120px"}},"formulas":[],"lookuptables":[],"clones":false,"cartKey":false}},"_links":{"self":[{"href":"https:\/\/buyadsaccounts.net\/hu\/wp-json\/wp\/v2\/product\/9220","targetHints":{"allow":["GET"]}}],"collection":[{"href":"https:\/\/buyadsaccounts.net\/hu\/wp-json\/wp\/v2\/product"}],"about":[{"href":"https:\/\/buyadsaccounts.net\/hu\/wp-json\/wp\/v2\/types\/product"}],"version-history":[{"count":3,"href":"https:\/\/buyadsaccounts.net\/hu\/wp-json\/wp\/v2\/product\/9220\/revisions"}],"predecessor-version":[{"id":9537,"href":"https:\/\/buyadsaccounts.net\/hu\/wp-json\/wp\/v2\/product\/9220\/revisions\/9537"}],"wp:featuredmedia":[{"embeddable":true,"href":"https:\/\/buyadsaccounts.net\/hu\/wp-json\/wp\/v2\/media\/9221"}],"wp:attachment":[{"href":"https:\/\/buyadsaccounts.net\/hu\/wp-json\/wp\/v2\/media?parent=9220"}],"wp:term":[{"taxonomy":"product_brand","embeddable":true,"href":"https:\/\/buyadsaccounts.net\/hu\/wp-json\/wp\/v2\/product_brand?post=9220"},{"taxonomy":"product_cat","embeddable":true,"href":"https:\/\/buyadsaccounts.net\/hu\/wp-json\/wp\/v2\/product_cat?post=9220"},{"taxonomy":"product_tag","embeddable":true,"href":"https:\/\/buyadsaccounts.net\/hu\/wp-json\/wp\/v2\/product_tag?post=9220"}],"curies":[{"name":"wp","href":"https:\/\/api.w.org\/{rel}","templated":true}]}}