{"id":4939,"date":"2024-04-01T17:25:57","date_gmt":"2024-04-01T16:25:57","guid":{"rendered":"https:\/\/rentaccounts.net\/?post_type=product&#038;p=4939"},"modified":"2026-02-01T17:29:34","modified_gmt":"2026-02-01T17:29:34","slug":"vasarolni-apple-fejlesztoi-fiokok","status":"publish","type":"product","link":"https:\/\/buyadsaccounts.net\/hu\/gads\/vasarolni-apple-fejlesztoi-fiokok\/","title":{"rendered":"Apple fejleszt\u0151i fi\u00f3kok v\u00e1s\u00e1rl\u00e1sa"},"content":{"rendered":"<h2>Mi\u00e9rt \u00e9rdemes Apple Developer Verified fi\u00f3kokat v\u00e1s\u00e1rolni?<\/h2>\n<p>Az Apple Developer Verified Accounts (Apple Developer Ellen\u0151rz\u00f6tt Fi\u00f3kok) n\u00e9lk\u00fcl\u00f6zhetetlenek azon mag\u00e1nszem\u00e9lyek \u00e9s v\u00e1llalkoz\u00e1sok sz\u00e1m\u00e1ra, akik alkalmaz\u00e1sokat szeretn\u00e9nek fejleszteni \u00e9s terjeszteni az Apple App Store-ban. Ezek az ellen\u0151rz\u00f6tt fi\u00f3kok sz\u00e1mos olyan el\u0151nyt k\u00edn\u00e1lnak, amelyek nagym\u00e9rt\u00e9kben jav\u00edthatj\u00e1k az alkalmaz\u00e1sfejleszt\u00e9s \u00e9s -terjeszt\u00e9s folyamat\u00e1t. \u00cdme n\u00e9h\u00e1ny f\u0151 ok, ami\u00e9rt \u00e9rdemes megfontolni az Apple Developer Verified Accounts megv\u00e1s\u00e1rl\u00e1s\u00e1t:<\/p>\n<h3>1. Hozz\u00e1f\u00e9r\u00e9s az Apple fejleszt\u0151i eszk\u00f6zeihez<\/h3>\n<p>Az Apple Developer Verified Account megv\u00e1s\u00e1rl\u00e1s\u00e1val hozz\u00e1f\u00e9r\u00e9st kap az Apple \u00e1ltal biztos\u00edtott fejleszt\u0151i eszk\u00f6z\u00f6k \u00e9s er\u0151forr\u00e1sok sz\u00e9les k\u00f6r\u00e9hez. Ezek k\u00f6z\u00e9 az eszk\u00f6z\u00f6k k\u00f6z\u00e9 tartozik az Xcode, az iOS, macOS, watchOS \u00e9s tvOS alkalmaz\u00e1sok l\u00e9trehoz\u00e1s\u00e1hoz sz\u00fcks\u00e9ges nagy teljes\u00edtm\u00e9ny\u0171 integr\u00e1lt fejleszt\u0151k\u00f6rnyezet (IDE). Az Xcode seg\u00edts\u00e9g\u00e9vel hat\u00e9konyan tervezheted, k\u00f3dolhatod \u00e9s hibakeresheted az alkalmaz\u00e1saidat, \u00edgy a fejleszt\u00e9si folyamat g\u00f6rd\u00fcl\u00e9kenyebb\u00e9 \u00e9s hat\u00e9konyabb\u00e1 v\u00e1lik.<\/p>\n<p>Az Apple Developer Verified Accounts az Xcode mellett m\u00e1s \u00e9rt\u00e9kes eszk\u00f6z\u00f6kh\u00f6z is hozz\u00e1f\u00e9r\u00e9st biztos\u00edt, p\u00e9ld\u00e1ul a TestFlight-hoz, amely lehet\u0151v\u00e9 teszi, hogy az alkalmaz\u00e1s b\u00e9taverzi\u00f3it visszajelz\u00e9s \u00e9s tesztel\u00e9s c\u00e9lj\u00e1b\u00f3l sz\u00e9tk\u00fcldje a tesztel\u0151knek. Ez seg\u00edt biztos\u00edtani, hogy alkalmaz\u00e1sodat alaposan tesztelj\u00e9k a hivatalos megjelen\u00e9s el\u0151tt, ami magasabb min\u0151s\u00e9g\u0171 v\u00e9gterm\u00e9ket eredm\u00e9nyez.<\/p>\n<h3>2. App Store terjeszt\u00e9s<\/h3>\n<p>Az Apple Developer Verified Account egyik f\u0151 el\u0151nye, hogy az Apple App Store-ban terjesztheti az alkalmaz\u00e1sokat. Az App Store egy glob\u00e1lis piact\u00e9r t\u00f6bb milli\u00f3 felhaszn\u00e1l\u00f3val, amely hatalmas potenci\u00e1lis k\u00f6z\u00f6ns\u00e9get biztos\u00edt az \u00d6n alkalmaz\u00e1sai sz\u00e1m\u00e1ra. Alkalmaz\u00e1s\u00e1nak az App Store-ban val\u00f3 k\u00f6zz\u00e9t\u00e9tel\u00e9vel a felhaszn\u00e1l\u00f3k sz\u00e9les k\u00f6r\u00e9t \u00e9rheti el, \u00e9s potenci\u00e1lisan jelent\u0151s bev\u00e9telre tehet szert.<\/p>\n<p>Az Apple Developer Verified Account (Apple Developer Ellen\u0151rz\u00f6tt fi\u00f3k) megl\u00e9te felt\u00e9tele az alkalmaz\u00e1sok App Store-ba val\u00f3 bek\u00fcld\u00e9s\u00e9nek. Ellen\u0151rz\u00f6tt fi\u00f3k n\u00e9lk\u00fcl nem teheti k\u00f6zz\u00e9 alkalmaz\u00e1s\u00e1t ezen a platformon. Egy ellen\u0151rz\u00f6tt fi\u00f3k megv\u00e1s\u00e1rl\u00e1s\u00e1val megker\u00fclheti ezt a k\u00f6vetelm\u00e9nyt, \u00e9s azonnal elkezdheti az alkalmaz\u00e1s terjeszt\u00e9s\u00e9t az App Store-ban.<\/p>\n<h3>3. Megn\u00f6vekedett hiteless\u00e9g \u00e9s bizalom<\/h3>\n<p>Ha Apple Developer Verified Accountot v\u00e1s\u00e1rol, azonnal hiteless\u00e9get \u00e9s bizalmat szerez a felhaszn\u00e1l\u00f3k szem\u00e9ben. Az Apple szigor\u00fa ir\u00e1nyelvekkel \u00e9s szabv\u00e1nyokkal rendelkezik az alkalmaz\u00e1sfejleszt\u00e9sre vonatkoz\u00f3an, \u00e9s egy ellen\u0151rz\u00f6tt fi\u00f3kkal bizony\u00edtja, hogy \u00d6n megfelel ezeknek a k\u00f6vetelm\u00e9nyeknek. A felhaszn\u00e1l\u00f3k nagyobb val\u00f3sz\u00edn\u0171s\u00e9ggel t\u00f6ltik le \u00e9s haszn\u00e1lj\u00e1k az ellen\u0151rz\u00f6tt fi\u00f3kkal rendelkez\u0151 fejleszt\u0151kt\u0151l sz\u00e1rmaz\u00f3 alkalmaz\u00e1sokat, mivel tudj\u00e1k, hogy ezek az alkalmaz\u00e1sok alapos fel\u00fclvizsg\u00e1lati folyamaton mentek kereszt\u00fcl, \u00e9s kisebb val\u00f3sz\u00edn\u0171s\u00e9ggel tartalmaznak rosszindulat\u00fa programokat vagy egy\u00e9b biztons\u00e1gi kock\u00e1zatokat.<\/p>\n<p>Az Apple Developer Verified Account lehet\u0151v\u00e9 teszi tov\u00e1bb\u00e1, hogy az App Store-ban megjelen\u00edtse fejleszt\u0151i nev\u00e9t \u00e9s log\u00f3j\u00e1t, \u00edgy alkalmaz\u00e1sa professzion\u00e1lis \u00e9s megb\u00edzhat\u00f3 megjelen\u00e9st kap. Ez nagyban n\u00f6velheti az alkalmaz\u00e1s l\u00e1that\u00f3s\u00e1g\u00e1t \u00e9s siker\u00e9t, mivel a felhaszn\u00e1l\u00f3k nagyobb val\u00f3sz\u00edn\u0171s\u00e9ggel t\u00f6ltik le \u00e9s veszik ig\u00e9nybe a j\u00f3 h\u00edr\u0171nek t\u0171n\u0151 alkalmaz\u00e1sokat.<\/p>\n<h3>K\u00f6vetkeztet\u00e9s<\/h3>\n<p>\u00d6sszess\u00e9g\u00e9ben az Apple Developer Verified Account megv\u00e1s\u00e1rl\u00e1sa sz\u00e1mos el\u0151nnyel j\u00e1r azon mag\u00e1nszem\u00e9lyek \u00e9s v\u00e1llalkoz\u00e1sok sz\u00e1m\u00e1ra, akik alkalmaz\u00e1sokat k\u00edv\u00e1nnak fejleszteni \u00e9s terjeszteni az Apple App Store-ban. Az \u00e9rt\u00e9kes fejleszt\u0151i eszk\u00f6z\u00f6kh\u00f6z val\u00f3 hozz\u00e1f\u00e9r\u00e9st\u0151l kezdve az alkalmaz\u00e1sok App Store-ban val\u00f3 k\u00f6zz\u00e9t\u00e9tel\u00e9nek lehet\u0151s\u00e9g\u00e9ig, valamint a hiteless\u00e9g \u00e9s a bizalom megszerz\u00e9s\u00e9ig, egy ellen\u0151rz\u00f6tt fi\u00f3k nagyban jav\u00edthatja az alkalmaz\u00e1sfejleszt\u00e9s \u00e9s -terjeszt\u00e9s folyamat\u00e1t.<\/p>","protected":false},"excerpt":{"rendered":"<p>Ellen\u0151rz\u00f6tt fi\u00f3kjainkkal azonnal hozz\u00e1f\u00e9rhetsz az Apple Store fejleszt\u0151i programj\u00e1hoz. Hagyja ki az \u00faj fi\u00f3k l\u00e9trehoz\u00e1s\u00e1val j\u00e1r\u00f3 gondokat, \u00e9s azonnal kezdje el felt\u00f6lteni iOS-alkalmaz\u00e1sait az App Store-ba. N\u00f6velje androidos alkalmaz\u00e1sainak rangsorol\u00e1s\u00e1t egyed\u00fcl\u00e1ll\u00f3 App Installs \u00e9s App Reviews opci\u00f3inkkal.<\/p>","protected":false},"featured_media":4940,"template":"","meta":{"_acf_changed":false,"_glsr_average":5,"_glsr_ranking":4.6153846153846,"_glsr_reviews":29},"product_brand":[],"product_cat":[266],"product_tag":[271,273,272],"class_list":{"0":"post-4939","1":"product","2":"type-product","3":"status-publish","4":"has-post-thumbnail","6":"product_cat-apple-developer-account","7":"product_tag-apple-store-developer-accounts","8":"product_tag-buy-app-store-developer","9":"product_tag-buy-apple-developer-account","10":"wcpa_has_options","12":"first","13":"instock","14":"purchasable","15":"product-type-simple"},"acf":[],"yoast_head":"<!-- This site is optimized with the Yoast SEO Premium plugin v26.7 (Yoast SEO v27.4) - https:\/\/yoast.com\/product\/yoast-seo-premium-wordpress\/ -->\n<title>Buy Apple Developer Accounts - Publish Apps on Apple Store<\/title>\n<meta name=\"description\" content=\"Buy Apple Developer Accounts verified and ready to publish apps on App Store. Get Old Developer accounts and publish your iOS apps instantly.\" \/>\n<meta name=\"robots\" content=\"index, follow, max-snippet:-1, max-image-preview:large, max-video-preview:-1\" \/>\n<link rel=\"canonical\" href=\"https:\/\/buyadsaccounts.net\/hu\/gads\/vasarolni-apple-fejlesztoi-fiokok\/\" \/>\n<meta property=\"og:locale\" content=\"hu_HU\" \/>\n<meta property=\"og:type\" content=\"article\" \/>\n<meta property=\"og:title\" content=\"Buy Apple Developer Accounts\" \/>\n<meta property=\"og:description\" content=\"Buy Apple Developer Accounts verified and ready to publish apps on App Store. Get Old Developer accounts and publish your iOS apps instantly.\" \/>\n<meta property=\"og:url\" content=\"https:\/\/buyadsaccounts.net\/hu\/gads\/vasarolni-apple-fejlesztoi-fiokok\/\" \/>\n<meta property=\"og:site_name\" content=\"BuyAdsAccounts\" \/>\n<meta property=\"article:modified_time\" content=\"2026-02-01T17:29:34+00:00\" \/>\n<meta property=\"og:image\" content=\"https:\/\/buyadsaccounts.net\/wp-content\/uploads\/2024\/04\/apple-developer-accounts.png\" \/>\n\t<meta property=\"og:image:width\" content=\"518\" \/>\n\t<meta property=\"og:image:height\" content=\"597\" \/>\n\t<meta property=\"og:image:type\" content=\"image\/png\" \/>\n<meta name=\"twitter:card\" content=\"summary_large_image\" \/>\n<meta name=\"twitter:label1\" content=\"Becs\u00fclt olvas\u00e1si id\u0151\" \/>\n\t<meta name=\"twitter:data1\" content=\"3 perc\" \/>\n<script type=\"application\/ld+json\" class=\"yoast-schema-graph\">{\"@context\":\"https:\\\/\\\/schema.org\",\"@graph\":[{\"@type\":\"WebPage\",\"@id\":\"https:\\\/\\\/buyadsaccounts.net\\\/gads\\\/buy-apple-developer-accounts\\\/\",\"url\":\"https:\\\/\\\/buyadsaccounts.net\\\/gads\\\/buy-apple-developer-accounts\\\/\",\"name\":\"Buy Apple Developer Accounts - Publish Apps on Apple Store\",\"isPartOf\":{\"@id\":\"https:\\\/\\\/buyadsaccounts.net\\\/#website\"},\"primaryImageOfPage\":{\"@id\":\"https:\\\/\\\/buyadsaccounts.net\\\/gads\\\/buy-apple-developer-accounts\\\/#primaryimage\"},\"image\":{\"@id\":\"https:\\\/\\\/buyadsaccounts.net\\\/gads\\\/buy-apple-developer-accounts\\\/#primaryimage\"},\"thumbnailUrl\":\"https:\\\/\\\/buyadsaccounts.net\\\/wp-content\\\/uploads\\\/2024\\\/04\\\/apple-developer-accounts.png\",\"datePublished\":\"2024-04-01T16:25:57+00:00\",\"dateModified\":\"2026-02-01T17:29:34+00:00\",\"description\":\"Buy Apple Developer Accounts verified and ready to publish apps on App Store. Get Old Developer accounts and publish your iOS apps instantly.\",\"breadcrumb\":{\"@id\":\"https:\\\/\\\/buyadsaccounts.net\\\/gads\\\/buy-apple-developer-accounts\\\/#breadcrumb\"},\"inLanguage\":\"hu\",\"potentialAction\":[{\"@type\":\"ReadAction\",\"target\":[\"https:\\\/\\\/buyadsaccounts.net\\\/gads\\\/buy-apple-developer-accounts\\\/\"]}]},{\"@type\":\"ImageObject\",\"inLanguage\":\"hu\",\"@id\":\"https:\\\/\\\/buyadsaccounts.net\\\/gads\\\/buy-apple-developer-accounts\\\/#primaryimage\",\"url\":\"https:\\\/\\\/buyadsaccounts.net\\\/wp-content\\\/uploads\\\/2024\\\/04\\\/apple-developer-accounts.png\",\"contentUrl\":\"https:\\\/\\\/buyadsaccounts.net\\\/wp-content\\\/uploads\\\/2024\\\/04\\\/apple-developer-accounts.png\",\"width\":518,\"height\":597},{\"@type\":\"BreadcrumbList\",\"@id\":\"https:\\\/\\\/buyadsaccounts.net\\\/gads\\\/buy-apple-developer-accounts\\\/#breadcrumb\",\"itemListElement\":[{\"@type\":\"ListItem\",\"position\":1,\"name\":\"Home\",\"item\":\"https:\\\/\\\/buyadsaccounts.net\\\/\"},{\"@type\":\"ListItem\",\"position\":2,\"name\":\"Shop\",\"item\":\"https:\\\/\\\/buyadsaccounts.net\\\/ar\\\/%d9%85%d8%aa%d8%ac%d8%b1\\\/\"},{\"@type\":\"ListItem\",\"position\":3,\"name\":\"Buy Apple Developer Accounts\"}]},{\"@type\":\"WebSite\",\"@id\":\"https:\\\/\\\/buyadsaccounts.net\\\/#website\",\"url\":\"https:\\\/\\\/buyadsaccounts.net\\\/\",\"name\":\"BuyAdsAccounts\",\"description\":\"\",\"publisher\":{\"@id\":\"https:\\\/\\\/buyadsaccounts.net\\\/#organization\"},\"potentialAction\":[{\"@type\":\"SearchAction\",\"target\":{\"@type\":\"EntryPoint\",\"urlTemplate\":\"https:\\\/\\\/buyadsaccounts.net\\\/?s={search_term_string}\"},\"query-input\":{\"@type\":\"PropertyValueSpecification\",\"valueRequired\":true,\"valueName\":\"search_term_string\"}}],\"inLanguage\":\"hu\"},{\"@type\":\"Organization\",\"@id\":\"https:\\\/\\\/buyadsaccounts.net\\\/#organization\",\"name\":\"Buy Google Ads Accounts\",\"url\":\"https:\\\/\\\/buyadsaccounts.net\\\/\",\"logo\":{\"@type\":\"ImageObject\",\"inLanguage\":\"hu\",\"@id\":\"https:\\\/\\\/buyadsaccounts.net\\\/#\\\/schema\\\/logo\\\/image\\\/\",\"url\":\"https:\\\/\\\/buyadsaccounts.net\\\/wp-content\\\/uploads\\\/2024\\\/12\\\/buyads-fav.jpg\",\"contentUrl\":\"https:\\\/\\\/buyadsaccounts.net\\\/wp-content\\\/uploads\\\/2024\\\/12\\\/buyads-fav.jpg\",\"width\":512,\"height\":512,\"caption\":\"Buy Google Ads Accounts\"},\"image\":{\"@id\":\"https:\\\/\\\/buyadsaccounts.net\\\/#\\\/schema\\\/logo\\\/image\\\/\"}}]}<\/script>\n<!-- \/ Yoast SEO Premium plugin. -->","yoast_head_json":{"title":"Apple Developer Accounts v\u00e1s\u00e1rl\u00e1sa - Alkalmaz\u00e1sok k\u00f6zz\u00e9t\u00e9tele az Apple Store \u00e1ruh\u00e1zban","description":"V\u00e1s\u00e1roljon Apple Developer Accounts ellen\u0151rz\u00f6tt \u00e9s k\u00e9szen \u00e1ll az alkalmaz\u00e1sok App Store-ban val\u00f3 k\u00f6zz\u00e9t\u00e9tel\u00e9re. Szerezzen r\u00e9gi fejleszt\u0151i fi\u00f3kokat, \u00e9s azonnal tegye k\u00f6zz\u00e9 iOS-alkalmaz\u00e1sait.","robots":{"index":"index","follow":"follow","max-snippet":"max-snippet:-1","max-image-preview":"max-image-preview:large","max-video-preview":"max-video-preview:-1"},"canonical":"https:\/\/buyadsaccounts.net\/hu\/gads\/vasarolni-apple-fejlesztoi-fiokok\/","og_locale":"hu_HU","og_type":"article","og_title":"Buy Apple Developer Accounts","og_description":"Buy Apple Developer Accounts verified and ready to publish apps on App Store. Get Old Developer accounts and publish your iOS apps instantly.","og_url":"https:\/\/buyadsaccounts.net\/hu\/gads\/vasarolni-apple-fejlesztoi-fiokok\/","og_site_name":"BuyAdsAccounts","article_modified_time":"2026-02-01T17:29:34+00:00","og_image":[{"width":518,"height":597,"url":"https:\/\/buyadsaccounts.net\/wp-content\/uploads\/2024\/04\/apple-developer-accounts.png","type":"image\/png"}],"twitter_card":"summary_large_image","twitter_misc":{"Becs\u00fclt olvas\u00e1si id\u0151":"3 perc"},"schema":{"@context":"https:\/\/schema.org","@graph":[{"@type":"WebPage","@id":"https:\/\/buyadsaccounts.net\/gads\/buy-apple-developer-accounts\/","url":"https:\/\/buyadsaccounts.net\/gads\/buy-apple-developer-accounts\/","name":"Apple Developer Accounts v\u00e1s\u00e1rl\u00e1sa - Alkalmaz\u00e1sok k\u00f6zz\u00e9t\u00e9tele az Apple Store \u00e1ruh\u00e1zban","isPartOf":{"@id":"https:\/\/buyadsaccounts.net\/#website"},"primaryImageOfPage":{"@id":"https:\/\/buyadsaccounts.net\/gads\/buy-apple-developer-accounts\/#primaryimage"},"image":{"@id":"https:\/\/buyadsaccounts.net\/gads\/buy-apple-developer-accounts\/#primaryimage"},"thumbnailUrl":"https:\/\/buyadsaccounts.net\/wp-content\/uploads\/2024\/04\/apple-developer-accounts.png","datePublished":"2024-04-01T16:25:57+00:00","dateModified":"2026-02-01T17:29:34+00:00","description":"V\u00e1s\u00e1roljon Apple Developer Accounts ellen\u0151rz\u00f6tt \u00e9s k\u00e9szen \u00e1ll az alkalmaz\u00e1sok App Store-ban val\u00f3 k\u00f6zz\u00e9t\u00e9tel\u00e9re. Szerezzen r\u00e9gi fejleszt\u0151i fi\u00f3kokat, \u00e9s azonnal tegye k\u00f6zz\u00e9 iOS-alkalmaz\u00e1sait.","breadcrumb":{"@id":"https:\/\/buyadsaccounts.net\/gads\/buy-apple-developer-accounts\/#breadcrumb"},"inLanguage":"hu","potentialAction":[{"@type":"ReadAction","target":["https:\/\/buyadsaccounts.net\/gads\/buy-apple-developer-accounts\/"]}]},{"@type":"ImageObject","inLanguage":"hu","@id":"https:\/\/buyadsaccounts.net\/gads\/buy-apple-developer-accounts\/#primaryimage","url":"https:\/\/buyadsaccounts.net\/wp-content\/uploads\/2024\/04\/apple-developer-accounts.png","contentUrl":"https:\/\/buyadsaccounts.net\/wp-content\/uploads\/2024\/04\/apple-developer-accounts.png","width":518,"height":597},{"@type":"BreadcrumbList","@id":"https:\/\/buyadsaccounts.net\/gads\/buy-apple-developer-accounts\/#breadcrumb","itemListElement":[{"@type":"ListItem","position":1,"name":"Home","item":"https:\/\/buyadsaccounts.net\/"},{"@type":"ListItem","position":2,"name":"Shop","item":"https:\/\/buyadsaccounts.net\/ar\/%d9%85%d8%aa%d8%ac%d8%b1\/"},{"@type":"ListItem","position":3,"name":"Buy Apple Developer Accounts"}]},{"@type":"WebSite","@id":"https:\/\/buyadsaccounts.net\/#website","url":"https:\/\/buyadsaccounts.net\/","name":"BuyAdsAccounts","description":"","publisher":{"@id":"https:\/\/buyadsaccounts.net\/#organization"},"potentialAction":[{"@type":"SearchAction","target":{"@type":"EntryPoint","urlTemplate":"https:\/\/buyadsaccounts.net\/?s={search_term_string}"},"query-input":{"@type":"PropertyValueSpecification","valueRequired":true,"valueName":"search_term_string"}}],"inLanguage":"hu"},{"@type":"Organization","@id":"https:\/\/buyadsaccounts.net\/#organization","name":"V\u00e1s\u00e1roljon Google Ads sz\u00e1ml\u00e1kat","url":"https:\/\/buyadsaccounts.net\/","logo":{"@type":"ImageObject","inLanguage":"hu","@id":"https:\/\/buyadsaccounts.net\/#\/schema\/logo\/image\/","url":"https:\/\/buyadsaccounts.net\/wp-content\/uploads\/2024\/12\/buyads-fav.jpg","contentUrl":"https:\/\/buyadsaccounts.net\/wp-content\/uploads\/2024\/12\/buyads-fav.jpg","width":512,"height":512,"caption":"Buy Google Ads Accounts"},"image":{"@id":"https:\/\/buyadsaccounts.net\/#\/schema\/logo\/image\/"}}]}},"wcpa_form_fields":{"wcpaData":{"product":{"product_price":0,"price_html":"<span class=\"woocommerce-Price-amount amount\"><bdi>0<span class=\"woocommerce-Price-currencySymbol\">&#36;<\/span><\/bdi><\/span>","original_product_price":0,"price_including_tax":0,"price_excluding_tax":0,"product_id":{"parent":4939,"variation":false},"is_variable":false,"stock_status":"instock","stock_quantity":null,"parent_sku":"","product_attributes":[],"custom_fields":[],"is_taxable":false,"product_name":"Buy Apple Developer Accounts","hasImage":false},"fields":{"sec_4695e9740c4fc7":{"extra":{"key":"sec_4695e9740c4fc7","section_id":"sec_4695e9740c4fc7","name":"Default","status":1,"cl_rule":"show","enableCl":false,"relations":[],"toggle":true,"title_tag":"h3","show_title":false,"showPrice":"default","form_id":4941,"form_rules":{"exclude_from_discount":false,"fee_label":"Fee","disp_hide_options_price":false,"disp_show_section_price":false,"disp_show_field_price":true,"layout_option":"standard","pric_use_as_fee":false,"process_fee_as":"woo_fee"},"layout_option":"standard"},"fields":[[{"type":"checkbox-group","required":true,"elementId":"wcpa-checkbox-group-660ae21e5b174","label":"Account Options","enablePrice":true,"priceOptions":"different_for_all","pricingType":"fixed","price":"100","name":"checkbox-group-660ae21e5b17c","min_options":"1","other_text":"Other","cl_rule":"show","col":6,"values":[{"label":"2023 Personal Account","value":"old202","price":"300","pimage":"","pimage_id":"","pthumb":"","tempId":"aco_1045","gt_translate_keys":["label"]},{"label":"2022 Organization Account","value":"org2022","price":"600","pimage":"","pimage_id":"","pthumb":"","tempId":"aco_1046","gt_translate_keys":["label"]},{"label":"2023 Organization Account","value":"mfk2023","price":"450","pimage":"","pimage_id":"","pthumb":"","tempId":"aco_1047","gt_translate_keys":["label"]}],"relations":false,"active":true,"tooltip":"","layOut":"","isWeightTemplate":false,"error":false,"isTemplate":false,"checkUi":"","min_quantity":"1","quantity_decimal":false,"quantity_step":"1","quantity_label":"Quantity","repeater_field_label":"{field_label}","repeater_bind":"","gt_translate_keys":["label","tooltip","repeater_field_label","quantity_label"],"price_dependency":false,"cl_dependency":false,"value":""}],[{"type":"checkbox-group","elementId":"wcpa-checkbox-group-660ae21e5b181","label":"Extra Services","enablePrice":true,"priceOptions":"different_for_all","pricingType":"fixed","price":"100","name":"checkbox-group-660ae21e5b185","min_options":"1","other_text":"Other","cl_rule":"show","col":6,"values":[{"label":"Keyword App Installs","value":"appinsla","price":"0","pimage":"","pimage_id":"","pthumb":"","tempId":"aco_4569","gt_translate_keys":["label"]},{"label":"App Reviews + Rating","value":"apprev","price":"0","pimage":"","pimage_id":"","pthumb":"","tempId":"aco_4570","gt_translate_keys":["label"]},{"label":"Publish my App","value":"pub20","price":"100","pimage":"","pimage_id":"","pthumb":"","tempId":"aco_4571","gt_translate_keys":["label"]},{"label":"Premium Proxy","value":"prmprox","selected":false,"tempId":"aco_4581","price":"20","gt_translate_keys":["label"]},{"label":"Premium Warranty","value":"premwar","selected":false,"tempId":"aco_1761","price":"1500","gt_translate_keys":["label"]}],"relations":false,"active":true,"tooltip":"<a href=\"https:\/\/help.buyadsaccounts.net\/hc\/helpcenter\/articles\/1754560957-additional-options\" target=\"blank\">Read More<\/a>","layOut":"","isWeightTemplate":false,"error":false,"isTemplate":false,"checkUi":"","min_quantity":"1","quantity_decimal":false,"quantity_step":"1","quantity_label":"Quantity","repeater_field_label":"{field_label}","repeater_bind":"","gt_translate_keys":["label","tooltip","repeater_field_label","quantity_label"],"price_dependency":false,"cl_dependency":["wcpa-checkbox-group-660ae21e5b189","wcpa-checkbox-group-660ae21e5b191"],"value":""}],[{"type":"checkbox-group","required":true,"elementId":"wcpa-checkbox-group-660ae21e5b189","label":"How many Installs?","enablePrice":true,"priceOptions":"different_for_all","pricingType":"fixed","price":"100","name":"checkbox-group-660ae21e5b18d","min_options":"1","other_text":"Other","enableCl":true,"cl_rule":"show","cl_val":"appinsla","col":6,"values":[{"label":"1000 App Installs","value":"500ins","price":"300","pimage":"","pimage_id":"","pthumb":"","gt_translate_keys":["label"]},{"label":"5000 App Installs","value":"500app","price":"1400","pimage":"","pimage_id":"","pthumb":"","gt_translate_keys":["label"]},{"label":"10.000 App Installs","value":"10kapp","price":"2700","pimage":"","pimage_id":"","pthumb":"","gt_translate_keys":["label"]}],"relations":[{"operator":false,"rules":[{"operator":false,"rules":{"cl_field":"wcpa-checkbox-group-660ae21e5b181","cl_relation":"is","cl_val":"appinsla"}}]}],"active":true,"tooltip":"","layOut":"","gt_translate_keys":["label","tooltip"],"price_dependency":false,"cl_dependency":false,"value":""}],[{"type":"checkbox-group","required":true,"elementId":"wcpa-checkbox-group-660ae21e5b191","label":"How many Reviews?","enablePrice":true,"priceOptions":"different_for_all","pricingType":"fixed","price":"100","name":"checkbox-group-660ae21e5b195","min_options":"1","other_text":"Other","enableCl":true,"cl_rule":"show","cl_val":"apprev","col":6,"values":[{"label":"500 Reviews + Ratings Random","value":"500rev","price":"250","pimage":"","pimage_id":"","pthumb":"","gt_translate_keys":["label"]},{"label":"1000 Reviews + Ratings Random","value":"100revw","price":"500","pimage":"","pimage_id":"","pthumb":"","gt_translate_keys":["label"]},{"label":"5000 Reviews + Ratings Random","value":"r00anr","price":"2000","pimage":"","pimage_id":"","pthumb":"","gt_translate_keys":["label"]},{"label":"500 Reviews + Ratings Custom","value":"500ccus","price":"350","pimage":"","pimage_id":"","pthumb":"","gt_translate_keys":["label"]},{"label":"1000 Reviews + Ratings Custom","value":"100cus","price":"600","pimage":"","pimage_id":"","pthumb":"","gt_translate_keys":["label"]},{"label":"5000 Reviews + Ratings Custom","value":"500cus","price":"2500","pimage":"","pimage_id":"","pthumb":"","gt_translate_keys":["label"]}],"relations":[{"operator":false,"rules":[{"operator":false,"rules":{"cl_field":"wcpa-checkbox-group-660ae21e5b181","cl_relation":"is","cl_val":"apprev"}}]}],"active":true,"tooltip":"","layOut":"","error":false,"gt_translate_keys":["label","tooltip"],"price_dependency":false,"cl_dependency":false,"value":""}]]}},"config":{"price_override":"","enable_recaptcha":false,"bind_quantity":false,"quantity_bind_formula":false,"disp_summ_show_option_price":false,"disp_summ_show_product_price":false,"disp_summ_show_total_price":true,"disp_summ_show_fee":false,"disp_summ_show_discount":false,"summary_title":"","options_total_label":"Options Price","total_label":"Total","options_product_label":"Product Price","fee_label":"Fee","discount_label":"Discount","has_price":true,"has_quantity_formula":false},"mc_unit":1,"tax_rate":1,"tax_rate_real":1,"discount":{"percentage":0,"fixed":0},"design":{"conf":{"LabelPosition":"above","DescPosition":"above","UploadField":"custom_1","QuantityFieldStyle":"default"},"css":{"LeftLabelWidth":"120px"}},"formulas":[],"lookuptables":[],"clones":false,"cartKey":false}},"_links":{"self":[{"href":"https:\/\/buyadsaccounts.net\/hu\/wp-json\/wp\/v2\/product\/4939","targetHints":{"allow":["GET"]}}],"collection":[{"href":"https:\/\/buyadsaccounts.net\/hu\/wp-json\/wp\/v2\/product"}],"about":[{"href":"https:\/\/buyadsaccounts.net\/hu\/wp-json\/wp\/v2\/types\/product"}],"version-history":[{"count":1,"href":"https:\/\/buyadsaccounts.net\/hu\/wp-json\/wp\/v2\/product\/4939\/revisions"}],"predecessor-version":[{"id":9547,"href":"https:\/\/buyadsaccounts.net\/hu\/wp-json\/wp\/v2\/product\/4939\/revisions\/9547"}],"wp:featuredmedia":[{"embeddable":true,"href":"https:\/\/buyadsaccounts.net\/hu\/wp-json\/wp\/v2\/media\/4940"}],"wp:attachment":[{"href":"https:\/\/buyadsaccounts.net\/hu\/wp-json\/wp\/v2\/media?parent=4939"}],"wp:term":[{"taxonomy":"product_brand","embeddable":true,"href":"https:\/\/buyadsaccounts.net\/hu\/wp-json\/wp\/v2\/product_brand?post=4939"},{"taxonomy":"product_cat","embeddable":true,"href":"https:\/\/buyadsaccounts.net\/hu\/wp-json\/wp\/v2\/product_cat?post=4939"},{"taxonomy":"product_tag","embeddable":true,"href":"https:\/\/buyadsaccounts.net\/hu\/wp-json\/wp\/v2\/product_tag?post=4939"}],"curies":[{"name":"wp","href":"https:\/\/api.w.org\/{rel}","templated":true}]}}