{"id":4935,"date":"2024-04-01T16:07:14","date_gmt":"2024-04-01T15:07:14","guid":{"rendered":"https:\/\/rentaccounts.net\/?post_type=product&#038;p=4935"},"modified":"2026-02-01T17:23:33","modified_gmt":"2026-02-01T17:23:33","slug":"google-play-fejlesztoi-fiokok-vasarlasa","status":"publish","type":"product","link":"https:\/\/buyadsaccounts.net\/hu\/gads\/google-play-fejlesztoi-fiokok-vasarlasa\/","title":{"rendered":"Google Play fejleszt\u0151i fi\u00f3kok v\u00e1s\u00e1rl\u00e1sa"},"content":{"rendered":"<h2>Mi\u00e9rt \u00e9rdemes Google Play fejleszt\u0151i fi\u00f3kokat v\u00e1s\u00e1rolni?<\/h2>\n<p>A Google Play az Android-eszk\u00f6z\u00f6k legnagyobb alkalmaz\u00e1sboltja, vil\u00e1gszerte t\u00f6bb milli\u00f3 felhaszn\u00e1l\u00f3val. Alkalmaz\u00e1sfejleszt\u0151k\u00e9nt a Google Play fejleszt\u0151i fi\u00f3k l\u00e9tfontoss\u00e1g\u00fa a sz\u00e9les k\u00f6z\u00f6ns\u00e9g el\u00e9r\u00e9s\u00e9hez \u00e9s az alkalmaz\u00e1sok p\u00e9nzz\u00e9 t\u00e9tel\u00e9hez. A Google Play fejleszt\u0151i fi\u00f3k megszerz\u00e9se azonban kih\u00edv\u00e1st jelent\u0151 folyamat lehet, k\u00fcl\u00f6n\u00f6sen olyan mag\u00e1nszem\u00e9lyek vagy v\u00e1llalkoz\u00e1sok sz\u00e1m\u00e1ra, akik nem felelnek meg a Google \u00e1ltal meghat\u00e1rozott jogosults\u00e1gi felt\u00e9teleknek.<\/p>\n<h3>1. Hozz\u00e1f\u00e9r\u00e9s a glob\u00e1lis k\u00f6z\u00f6ns\u00e9ghez<\/h3>\n<p>A Google Play fejleszt\u0151i fi\u00f3k megv\u00e1s\u00e1rl\u00e1s\u00e1val hozz\u00e1f\u00e9r\u00e9st kap az Android-felhaszn\u00e1l\u00f3k glob\u00e1lis k\u00f6z\u00f6ns\u00e9g\u00e9hez. A vil\u00e1gszerte t\u00f6bb mint 2 milli\u00e1rd akt\u00edv Android-eszk\u00f6zzel \u00f3ri\u00e1si a lehet\u0151s\u00e9g, hogy hatalmas sz\u00e1m\u00fa felhaszn\u00e1l\u00f3t \u00e9rjen el. Ez lehet\u0151v\u00e9 teszi, hogy b\u0151v\u00edtse alkalmaz\u00e1sa el\u00e9r\u00e9s\u00e9t, \u00e9s n\u00f6velje siker\u00e9nek es\u00e9lyeit a rendk\u00edv\u00fcl versenyk\u00e9pes alkalmaz\u00e1spiacon.<\/p>\n<h3>2. Monetiz\u00e1ci\u00f3s lehet\u0151s\u00e9gek<\/h3>\n<p>A Google Play fejleszt\u0151i fi\u00f3k lehet\u0151v\u00e9 teszi, hogy k\u00fcl\u00f6nb\u00f6z\u0151 eszk\u00f6z\u00f6kkel, p\u00e9ld\u00e1ul alkalmaz\u00e1son bel\u00fcli v\u00e1s\u00e1rl\u00e1sokkal, el\u0151fizet\u00e9sekkel \u00e9s hirdet\u00e9sekkel p\u00e9nzz\u00e9 tegye alkalmaz\u00e1sait. Egy el\u0151re l\u00e9trehozott fi\u00f3k megv\u00e1s\u00e1rl\u00e1s\u00e1val azonnal megkezdheti alkalmaz\u00e1sai p\u00e9nzz\u00e9 t\u00e9tel\u00e9t, an\u00e9lk\u00fcl, hogy meg kellene v\u00e1rnia a hosszadalmas j\u00f3v\u00e1hagy\u00e1si folyamatot, amellyel az \u00faj fejleszt\u0151k gyakran szembes\u00fclnek.<\/p>\n<p>Ezen t\u00falmen\u0151en a j\u00f3 tapasztalatokkal rendelkez\u0151, bev\u00e1lt fi\u00f3kok nagyobb ismerts\u00e9ggel \u00e9s bizalommal rendelkezhetnek a felhaszn\u00e1l\u00f3k k\u00f6r\u00e9ben, ami nagyobb let\u00f6lt\u00e9si \u00e9s bev\u00e9teli potenci\u00e1lt eredm\u00e9nyezhet.<\/p>\n<h3>3. Bypass jogosults\u00e1gi k\u00f6vetelm\u00e9nyek<\/h3>\n<p>A Google Play fejleszt\u0151i fi\u00f3k megszerz\u00e9s\u00e9hez bizonyos jogosults\u00e1gi k\u00f6vetelm\u00e9nyeknek kell megfelelni, p\u00e9ld\u00e1ul bejegyzett gazdas\u00e1gi t\u00e1rsas\u00e1ggal vagy \u00e9rv\u00e9nyes fizet\u00e9si m\u00f3ddal kell rendelkezni. Azonban nem biztos, hogy mindenki megfelel ezeknek a felt\u00e9teleknek, k\u00fcl\u00f6n\u00f6sen az egy\u00e9ni fejleszt\u0151k vagy a kezd\u0151 kisv\u00e1llalkoz\u00e1sok eset\u00e9ben.<\/p>\n<p>A Google Play fejleszt\u0151i fi\u00f3k megv\u00e1s\u00e1rl\u00e1s\u00e1val megker\u00fclheti ezeket a jogosults\u00e1gi k\u00f6vetelm\u00e9nyeket, \u00e9s azonnal elkezdheti k\u00f6zz\u00e9tenni alkalmaz\u00e1sait a platformon. Ezzel id\u0151t \u00e9s energi\u00e1t takar\u00edthat meg, \u00edgy az alkalmaz\u00e1sai fejleszt\u00e9s\u00e9re \u00e9s n\u00e9pszer\u0171s\u00edt\u00e9s\u00e9re \u00f6sszpontos\u00edthat.<\/p>\n<h3>4. Sz\u00e1mla h\u00edrneve \u00e9s bizalom<\/h3>\n<p>Egy j\u00f3 h\u00edr\u0171 \u00e9s megb\u00edzhat\u00f3 fi\u00f3k l\u00e9trehoz\u00e1sa a Google Playen kih\u00edv\u00e1st jelent\u0151 feladat lehet, k\u00fcl\u00f6n\u00f6sen az \u00faj fejleszt\u0151k sz\u00e1m\u00e1ra. A pozit\u00edv h\u00edrn\u00e9v ki\u00e9p\u00edt\u00e9se id\u0151t vesz ig\u00e9nybe, \u00e9s k\u00f6vetkezetes alkalmaz\u00e1smin\u0151s\u00e9get, pozit\u00edv felhaszn\u00e1l\u00f3i \u00e9rt\u00e9kel\u00e9seket, valamint a Google ir\u00e1nyelveinek \u00e9s ir\u00e1nymutat\u00e1sainak betart\u00e1s\u00e1t ig\u00e9nyli.<\/p>\n<p>Egy m\u00e1r megl\u00e9v\u0151 Google Play fejleszt\u0151i fi\u00f3k megv\u00e1s\u00e1rl\u00e1s\u00e1val \u00d6n \u00f6r\u00f6kli a fi\u00f3k h\u00edrnev\u00e9t \u00e9s megb\u00edzhat\u00f3s\u00e1g\u00e1t. Ez el\u0151nyh\u00f6z juttathatja alkalmaz\u00e1sait a l\u00e1that\u00f3s\u00e1g \u00e9s a felhaszn\u00e1l\u00f3i bizalom ter\u00e9n, n\u00f6velve a let\u00f6lt\u00e9sek \u00e9s a pozit\u00edv \u00e9rt\u00e9kel\u00e9sek val\u00f3sz\u00edn\u0171s\u00e9g\u00e9t.<\/p>\n<h3>5. Id\u0151- \u00e9s f\u00e1rads\u00e1gmegtakar\u00edt\u00e1s<\/h3>\n<p>Egy \u00faj Google Play fejleszt\u0151i fi\u00f3k l\u00e9trehoz\u00e1sa \u00e9s be\u00e1ll\u00edt\u00e1sa id\u0151ig\u00e9nyes \u00e9s \u00f6sszetett folyamat lehet. R\u00e9szletes inform\u00e1ci\u00f3k megad\u00e1s\u00e1val, szem\u00e9lyazonoss\u00e1g\u00e1nak ellen\u0151rz\u00e9s\u00e9vel \u00e9s a Google j\u00f3v\u00e1hagy\u00e1s\u00e1ra val\u00f3 v\u00e1rakoz\u00e1ssal j\u00e1r. Ez a folyamat t\u00f6bb napot vagy ak\u00e1r heteket is ig\u00e9nybe vehet.<\/p>\n<p>Egy k\u00e9sz fi\u00f3k megv\u00e1s\u00e1rl\u00e1s\u00e1val \u00e9rt\u00e9kes id\u0151t \u00e9s energi\u00e1t takar\u00edthat meg. Azonnal megkezdheti alkalmaz\u00e1sai k\u00f6zz\u00e9t\u00e9tel\u00e9t, \u00e9s az alkalmaz\u00e1sfejleszt\u00e9s m\u00e1s aspektusaira, p\u00e9ld\u00e1ul a marketingre \u00e9s a felhaszn\u00e1l\u00f3i elk\u00f6telezetts\u00e9gre \u00f6sszpontos\u00edthat.<\/p>\n<h3>K\u00f6vetkeztet\u00e9s<\/h3>\n<p>B\u00e1r a Google Play fejleszt\u0151i fi\u00f3kok megv\u00e1s\u00e1rl\u00e1s\u00e1val kapcsolatban vannak bizonyos kock\u00e1zatok \u00e9s megfontol\u00e1sok, ez egy \u00e9letk\u00e9pes lehet\u0151s\u00e9g lehet olyan mag\u00e1nszem\u00e9lyek vagy v\u00e1llalkoz\u00e1sok sz\u00e1m\u00e1ra, akik fel szeretn\u00e9k gyors\u00edtani az alkalmaz\u00e1skiad\u00e1si folyamatot. Egy l\u00e9trehozott fi\u00f3k megv\u00e1s\u00e1rl\u00e1s\u00e1val hozz\u00e1f\u00e9r\u00e9st nyerhet egy glob\u00e1lis k\u00f6z\u00f6ns\u00e9ghez, monetiz\u00e1ci\u00f3s lehet\u0151s\u00e9gekhez, megker\u00fclheti a jogosults\u00e1gi k\u00f6vetelm\u00e9nyeket, \u00f6r\u00f6k\u00f6lheti a fi\u00f3k h\u00edrnev\u00e9t \u00e9s bizalm\u00e1t, valamint id\u0151t \u00e9s energi\u00e1t takar\u00edthat meg.<\/p>\n<p>&nbsp;<\/p>","protected":false},"excerpt":{"rendered":"<p>Ellen\u0151rz\u00f6tt fi\u00f3kjainkkal azonnal hozz\u00e1f\u00e9rhet a Google Play fejleszt\u0151i konzolj\u00e1hoz. Hagyja ki az \u00faj fi\u00f3k l\u00e9trehoz\u00e1s\u00e1nak gondj\u00e1t, \u00e9s azonnal kezdje el felt\u00f6lteni androidos alkalmaz\u00e1sait a Google Playre. N\u00f6velje androidos alkalmaz\u00e1sainak rangsorol\u00e1s\u00e1t egyed\u00fcl\u00e1ll\u00f3 App Installs \u00e9s App Reviews opci\u00f3inkkal.<\/p>","protected":false},"featured_media":4936,"template":"","meta":{"_acf_changed":false,"_glsr_average":5,"_glsr_ranking":4.7457627118644,"_glsr_reviews":49},"product_brand":[],"product_cat":[265],"product_tag":[269,270],"class_list":{"0":"post-4935","1":"product","2":"type-product","3":"status-publish","4":"has-post-thumbnail","6":"product_cat-google-play-developer","7":"product_tag-buy-google-play-developer-account","8":"product_tag-verified-play-console","9":"wcpa_has_options","11":"first","12":"instock","13":"purchasable","14":"product-type-simple"},"acf":[],"yoast_head":"<!-- This site is optimized with the Yoast SEO Premium plugin v26.7 (Yoast SEO v27.4) - https:\/\/yoast.com\/product\/yoast-seo-premium-wordpress\/ -->\n<title>Buy Google Play Developer Accounts - Publish Apps on Google Play<\/title>\n<meta name=\"description\" content=\"Buy Google Play Developer Accounts verified and ready to publish apps on Google Play. Get Old Developer accounts and publish your android apps instantly.\" \/>\n<meta name=\"robots\" content=\"index, follow, max-snippet:-1, max-image-preview:large, max-video-preview:-1\" \/>\n<link rel=\"canonical\" href=\"https:\/\/buyadsaccounts.net\/hu\/gads\/google-play-fejlesztoi-fiokok-vasarlasa\/\" \/>\n<meta property=\"og:locale\" content=\"hu_HU\" \/>\n<meta property=\"og:type\" content=\"article\" \/>\n<meta property=\"og:title\" content=\"Buy Google Play Developer Accounts\" \/>\n<meta property=\"og:description\" content=\"Buy Google Play Developer Accounts verified and ready to publish apps on Google Play. Get Old Developer accounts and publish your android apps instantly.\" \/>\n<meta property=\"og:url\" content=\"https:\/\/buyadsaccounts.net\/hu\/gads\/google-play-fejlesztoi-fiokok-vasarlasa\/\" \/>\n<meta property=\"og:site_name\" content=\"BuyAdsAccounts\" \/>\n<meta property=\"article:modified_time\" content=\"2026-02-01T17:23:33+00:00\" \/>\n<meta property=\"og:image\" content=\"https:\/\/buyadsaccounts.net\/wp-content\/uploads\/2024\/04\/google-play-developer-accounts.png\" \/>\n\t<meta property=\"og:image:width\" content=\"271\" \/>\n\t<meta property=\"og:image:height\" content=\"300\" \/>\n\t<meta property=\"og:image:type\" content=\"image\/png\" \/>\n<meta name=\"twitter:card\" content=\"summary_large_image\" \/>\n<meta name=\"twitter:label1\" content=\"Becs\u00fclt olvas\u00e1si id\u0151\" \/>\n\t<meta name=\"twitter:data1\" content=\"3 perc\" \/>\n<script type=\"application\/ld+json\" class=\"yoast-schema-graph\">{\"@context\":\"https:\\\/\\\/schema.org\",\"@graph\":[{\"@type\":\"WebPage\",\"@id\":\"https:\\\/\\\/buyadsaccounts.net\\\/gads\\\/buy-google-play-developer-accounts\\\/\",\"url\":\"https:\\\/\\\/buyadsaccounts.net\\\/gads\\\/buy-google-play-developer-accounts\\\/\",\"name\":\"Buy Google Play Developer Accounts - Publish Apps on Google Play\",\"isPartOf\":{\"@id\":\"https:\\\/\\\/buyadsaccounts.net\\\/#website\"},\"primaryImageOfPage\":{\"@id\":\"https:\\\/\\\/buyadsaccounts.net\\\/gads\\\/buy-google-play-developer-accounts\\\/#primaryimage\"},\"image\":{\"@id\":\"https:\\\/\\\/buyadsaccounts.net\\\/gads\\\/buy-google-play-developer-accounts\\\/#primaryimage\"},\"thumbnailUrl\":\"https:\\\/\\\/buyadsaccounts.net\\\/wp-content\\\/uploads\\\/2024\\\/04\\\/google-play-developer-accounts.png\",\"datePublished\":\"2024-04-01T15:07:14+00:00\",\"dateModified\":\"2026-02-01T17:23:33+00:00\",\"description\":\"Buy Google Play Developer Accounts verified and ready to publish apps on Google Play. Get Old Developer accounts and publish your android apps instantly.\",\"breadcrumb\":{\"@id\":\"https:\\\/\\\/buyadsaccounts.net\\\/gads\\\/buy-google-play-developer-accounts\\\/#breadcrumb\"},\"inLanguage\":\"hu\",\"potentialAction\":[{\"@type\":\"ReadAction\",\"target\":[\"https:\\\/\\\/buyadsaccounts.net\\\/gads\\\/buy-google-play-developer-accounts\\\/\"]}]},{\"@type\":\"ImageObject\",\"inLanguage\":\"hu\",\"@id\":\"https:\\\/\\\/buyadsaccounts.net\\\/gads\\\/buy-google-play-developer-accounts\\\/#primaryimage\",\"url\":\"https:\\\/\\\/buyadsaccounts.net\\\/wp-content\\\/uploads\\\/2024\\\/04\\\/google-play-developer-accounts.png\",\"contentUrl\":\"https:\\\/\\\/buyadsaccounts.net\\\/wp-content\\\/uploads\\\/2024\\\/04\\\/google-play-developer-accounts.png\",\"width\":271,\"height\":300},{\"@type\":\"BreadcrumbList\",\"@id\":\"https:\\\/\\\/buyadsaccounts.net\\\/gads\\\/buy-google-play-developer-accounts\\\/#breadcrumb\",\"itemListElement\":[{\"@type\":\"ListItem\",\"position\":1,\"name\":\"Home\",\"item\":\"https:\\\/\\\/buyadsaccounts.net\\\/\"},{\"@type\":\"ListItem\",\"position\":2,\"name\":\"Shop\",\"item\":\"https:\\\/\\\/buyadsaccounts.net\\\/ar\\\/%d9%85%d8%aa%d8%ac%d8%b1\\\/\"},{\"@type\":\"ListItem\",\"position\":3,\"name\":\"Buy Google Play Developer Accounts\"}]},{\"@type\":\"WebSite\",\"@id\":\"https:\\\/\\\/buyadsaccounts.net\\\/#website\",\"url\":\"https:\\\/\\\/buyadsaccounts.net\\\/\",\"name\":\"BuyAdsAccounts\",\"description\":\"\",\"publisher\":{\"@id\":\"https:\\\/\\\/buyadsaccounts.net\\\/#organization\"},\"potentialAction\":[{\"@type\":\"SearchAction\",\"target\":{\"@type\":\"EntryPoint\",\"urlTemplate\":\"https:\\\/\\\/buyadsaccounts.net\\\/?s={search_term_string}\"},\"query-input\":{\"@type\":\"PropertyValueSpecification\",\"valueRequired\":true,\"valueName\":\"search_term_string\"}}],\"inLanguage\":\"hu\"},{\"@type\":\"Organization\",\"@id\":\"https:\\\/\\\/buyadsaccounts.net\\\/#organization\",\"name\":\"Buy Google Ads Accounts\",\"url\":\"https:\\\/\\\/buyadsaccounts.net\\\/\",\"logo\":{\"@type\":\"ImageObject\",\"inLanguage\":\"hu\",\"@id\":\"https:\\\/\\\/buyadsaccounts.net\\\/#\\\/schema\\\/logo\\\/image\\\/\",\"url\":\"https:\\\/\\\/buyadsaccounts.net\\\/wp-content\\\/uploads\\\/2024\\\/12\\\/buyads-fav.jpg\",\"contentUrl\":\"https:\\\/\\\/buyadsaccounts.net\\\/wp-content\\\/uploads\\\/2024\\\/12\\\/buyads-fav.jpg\",\"width\":512,\"height\":512,\"caption\":\"Buy Google Ads Accounts\"},\"image\":{\"@id\":\"https:\\\/\\\/buyadsaccounts.net\\\/#\\\/schema\\\/logo\\\/image\\\/\"}}]}<\/script>\n<!-- \/ Yoast SEO Premium plugin. -->","yoast_head_json":{"title":"Google Play fejleszt\u0151i fi\u00f3kok v\u00e1s\u00e1rl\u00e1sa - Alkalmaz\u00e1sok k\u00f6zz\u00e9t\u00e9tele a Google Playen","description":"V\u00e1s\u00e1roljon ellen\u0151rz\u00f6tt Google Play fejleszt\u0151i fi\u00f3kokat, \u00e9s k\u00e9szen \u00e1ll az alkalmaz\u00e1sok k\u00f6zz\u00e9t\u00e9tel\u00e9re a Google Play-en. Szerezzen r\u00e9gi fejleszt\u0151i fi\u00f3kokat, \u00e9s azonnal tegye k\u00f6zz\u00e9 androidos alkalmaz\u00e1sait.","robots":{"index":"index","follow":"follow","max-snippet":"max-snippet:-1","max-image-preview":"max-image-preview:large","max-video-preview":"max-video-preview:-1"},"canonical":"https:\/\/buyadsaccounts.net\/hu\/gads\/google-play-fejlesztoi-fiokok-vasarlasa\/","og_locale":"hu_HU","og_type":"article","og_title":"Buy Google Play Developer Accounts","og_description":"Buy Google Play Developer Accounts verified and ready to publish apps on Google Play. Get Old Developer accounts and publish your android apps instantly.","og_url":"https:\/\/buyadsaccounts.net\/hu\/gads\/google-play-fejlesztoi-fiokok-vasarlasa\/","og_site_name":"BuyAdsAccounts","article_modified_time":"2026-02-01T17:23:33+00:00","og_image":[{"width":271,"height":300,"url":"https:\/\/buyadsaccounts.net\/wp-content\/uploads\/2024\/04\/google-play-developer-accounts.png","type":"image\/png"}],"twitter_card":"summary_large_image","twitter_misc":{"Becs\u00fclt olvas\u00e1si id\u0151":"3 perc"},"schema":{"@context":"https:\/\/schema.org","@graph":[{"@type":"WebPage","@id":"https:\/\/buyadsaccounts.net\/gads\/buy-google-play-developer-accounts\/","url":"https:\/\/buyadsaccounts.net\/gads\/buy-google-play-developer-accounts\/","name":"Google Play fejleszt\u0151i fi\u00f3kok v\u00e1s\u00e1rl\u00e1sa - Alkalmaz\u00e1sok k\u00f6zz\u00e9t\u00e9tele a Google Playen","isPartOf":{"@id":"https:\/\/buyadsaccounts.net\/#website"},"primaryImageOfPage":{"@id":"https:\/\/buyadsaccounts.net\/gads\/buy-google-play-developer-accounts\/#primaryimage"},"image":{"@id":"https:\/\/buyadsaccounts.net\/gads\/buy-google-play-developer-accounts\/#primaryimage"},"thumbnailUrl":"https:\/\/buyadsaccounts.net\/wp-content\/uploads\/2024\/04\/google-play-developer-accounts.png","datePublished":"2024-04-01T15:07:14+00:00","dateModified":"2026-02-01T17:23:33+00:00","description":"V\u00e1s\u00e1roljon ellen\u0151rz\u00f6tt Google Play fejleszt\u0151i fi\u00f3kokat, \u00e9s k\u00e9szen \u00e1ll az alkalmaz\u00e1sok k\u00f6zz\u00e9t\u00e9tel\u00e9re a Google Play-en. Szerezzen r\u00e9gi fejleszt\u0151i fi\u00f3kokat, \u00e9s azonnal tegye k\u00f6zz\u00e9 androidos alkalmaz\u00e1sait.","breadcrumb":{"@id":"https:\/\/buyadsaccounts.net\/gads\/buy-google-play-developer-accounts\/#breadcrumb"},"inLanguage":"hu","potentialAction":[{"@type":"ReadAction","target":["https:\/\/buyadsaccounts.net\/gads\/buy-google-play-developer-accounts\/"]}]},{"@type":"ImageObject","inLanguage":"hu","@id":"https:\/\/buyadsaccounts.net\/gads\/buy-google-play-developer-accounts\/#primaryimage","url":"https:\/\/buyadsaccounts.net\/wp-content\/uploads\/2024\/04\/google-play-developer-accounts.png","contentUrl":"https:\/\/buyadsaccounts.net\/wp-content\/uploads\/2024\/04\/google-play-developer-accounts.png","width":271,"height":300},{"@type":"BreadcrumbList","@id":"https:\/\/buyadsaccounts.net\/gads\/buy-google-play-developer-accounts\/#breadcrumb","itemListElement":[{"@type":"ListItem","position":1,"name":"Home","item":"https:\/\/buyadsaccounts.net\/"},{"@type":"ListItem","position":2,"name":"Shop","item":"https:\/\/buyadsaccounts.net\/ar\/%d9%85%d8%aa%d8%ac%d8%b1\/"},{"@type":"ListItem","position":3,"name":"Buy Google Play Developer Accounts"}]},{"@type":"WebSite","@id":"https:\/\/buyadsaccounts.net\/#website","url":"https:\/\/buyadsaccounts.net\/","name":"BuyAdsAccounts","description":"","publisher":{"@id":"https:\/\/buyadsaccounts.net\/#organization"},"potentialAction":[{"@type":"SearchAction","target":{"@type":"EntryPoint","urlTemplate":"https:\/\/buyadsaccounts.net\/?s={search_term_string}"},"query-input":{"@type":"PropertyValueSpecification","valueRequired":true,"valueName":"search_term_string"}}],"inLanguage":"hu"},{"@type":"Organization","@id":"https:\/\/buyadsaccounts.net\/#organization","name":"V\u00e1s\u00e1roljon Google Ads sz\u00e1ml\u00e1kat","url":"https:\/\/buyadsaccounts.net\/","logo":{"@type":"ImageObject","inLanguage":"hu","@id":"https:\/\/buyadsaccounts.net\/#\/schema\/logo\/image\/","url":"https:\/\/buyadsaccounts.net\/wp-content\/uploads\/2024\/12\/buyads-fav.jpg","contentUrl":"https:\/\/buyadsaccounts.net\/wp-content\/uploads\/2024\/12\/buyads-fav.jpg","width":512,"height":512,"caption":"Buy Google Ads Accounts"},"image":{"@id":"https:\/\/buyadsaccounts.net\/#\/schema\/logo\/image\/"}}]}},"wcpa_form_fields":{"wcpaData":{"product":{"product_price":0,"price_html":"<span class=\"woocommerce-Price-amount amount\"><bdi>0<span class=\"woocommerce-Price-currencySymbol\">&#36;<\/span><\/bdi><\/span>","original_product_price":0,"price_including_tax":0,"price_excluding_tax":0,"product_id":{"parent":4935,"variation":false},"is_variable":false,"stock_status":"instock","stock_quantity":null,"parent_sku":"","product_attributes":[],"custom_fields":[],"is_taxable":false,"product_name":"Buy Google Play Developer Accounts","hasImage":false},"fields":{"sec_9695e96a865897":{"extra":{"key":"sec_9695e96a865897","section_id":"sec_9695e96a865897","name":"Default","status":1,"cl_rule":"show","enableCl":false,"relations":[],"toggle":true,"title_tag":"h3","show_title":false,"showPrice":"default","form_id":4937,"form_rules":{"exclude_from_discount":false,"fee_label":"Tax\u0103","disp_hide_options_price":false,"disp_show_section_price":false,"disp_show_field_price":true,"layout_option":"standard","pric_use_as_fee":false,"process_fee_as":"woo_fee"},"layout_option":"standard"},"fields":[[{"type":"checkbox-group","required":true,"elementId":"wcpa-checkbox-group-660ad04fb5bd7","label":"Account Options","enablePrice":true,"priceOptions":"different_for_all","pricingType":"fixed","price":"100","name":"checkbox-group-660ad04fb5be0","min_options":"1","other_text":"Other","cl_rule":"show","col":6,"values":[{"label":"2022 Personal Account","value":"202gpl","price":"350","pimage":"","pimage_id":"","pthumb":"","gt_translate_keys":["label"]},{"label":"2023 Personal Account","value":"old202","price":"250","pimage":"","pimage_id":"","pthumb":"","gt_translate_keys":["label"]},{"label":"New Personal Account with 20 Testers","value":"newcac","price":"150","pimage":"","pimage_id":"","pthumb":"","gt_translate_keys":["label"]},{"label":"2022 Organization Account","value":"org2022","price":"550","pimage":"","pimage_id":"","pthumb":"","gt_translate_keys":["label"]},{"label":"2023 Organization Account","value":"mfk2023","price":"400","pimage":"","pimage_id":"","pthumb":"","gt_translate_keys":["label"]}],"relations":false,"active":true,"tooltip":"","layOut":"","isWeightTemplate":false,"error":false,"isTemplate":false,"checkUi":"","min_quantity":"1","quantity_decimal":false,"quantity_step":"1","quantity_label":"Quantity","repeater_field_label":"{field_label}","repeater_bind":"","gt_translate_keys":["label","tooltip","repeater_field_label","quantity_label"],"price_dependency":false,"cl_dependency":false,"value":""}],[{"type":"checkbox-group","elementId":"wcpa-checkbox-group-660ad04fb5be7","label":"Extra Services","enablePrice":true,"priceOptions":"different_for_all","pricingType":"fixed","price":"100","name":"checkbox-group-660ad04fb5bee","min_options":"1","other_text":"Other","cl_rule":"show","col":6,"values":[{"label":"Keyword App Installs","value":"appinsla","price":"0","pimage":"","pimage_id":"","pthumb":"","tempId":"aco_4795","gt_translate_keys":["label"]},{"label":"App Reviews + Rating","value":"apprev","price":"0","pimage":"","pimage_id":"","pthumb":"","tempId":"aco_4796","gt_translate_keys":["label"]},{"label":"Publish my App","value":"pub20","price":"100","pimage":"","pimage_id":"","pthumb":"","tempId":"aco_4797","gt_translate_keys":["label"]},{"label":"Premium Proxy","value":"prempxa","selected":false,"tempId":"aco_4807","price":"20","gt_translate_keys":["label"]},{"label":"Premium Warranty","value":"premwar","selected":false,"tempId":"aco_1481","price":"1000","gt_translate_keys":["label"]}],"relations":false,"active":true,"tooltip":"<a href=\"https:\/\/help.buyadsaccounts.net\/hc\/helpcenter\/articles\/1754560957-additional-options\" target=\"blank\">Read More<\/a>","layOut":"","isWeightTemplate":false,"error":false,"isTemplate":false,"checkUi":"","min_quantity":"1","quantity_decimal":false,"quantity_step":"1","quantity_label":"Quantity","repeater_field_label":"{field_label}","repeater_bind":"","gt_translate_keys":["label","tooltip","repeater_field_label","quantity_label"],"price_dependency":false,"cl_dependency":["wcpa-checkbox-group-660ad04fb5bf4","wcpa-checkbox-group-1711985087713"],"value":""}],[{"type":"checkbox-group","required":true,"elementId":"wcpa-checkbox-group-660ad04fb5bf4","label":"How many Installs?","enablePrice":true,"priceOptions":"different_for_all","pricingType":"fixed","price":"100","name":"checkbox-group-660ad04fb5bfb","min_options":"1","other_text":"Other","enableCl":true,"cl_rule":"show","cl_val":"appinsla","col":6,"values":[{"label":"1000 App Installs","value":"500ins","price":"100","pimage":"","pimage_id":"","pthumb":"","gt_translate_keys":["label"]},{"label":"5000 App Installs","value":"500app","price":"400","pimage":"","pimage_id":"","pthumb":"","gt_translate_keys":["label"]},{"label":"10.000 App Installs","value":"10kapp","price":"800","pimage":"","pimage_id":"","pthumb":"","gt_translate_keys":["label"]},{"label":"50.000 App Installs","value":"50appins","price":"3500","pimage":"","pimage_id":"","pthumb":"","gt_translate_keys":["label"]},{"label":"100.000 App Installs","value":"100apsin","price":"5000","pimage":"","pimage_id":"","pthumb":"","gt_translate_keys":["label"]}],"relations":[{"operator":false,"rules":[{"operator":false,"rules":{"cl_field":"wcpa-checkbox-group-660ad04fb5be7","cl_relation":"is","cl_val":"appinsla"}}]}],"active":true,"tooltip":"","layOut":"","gt_translate_keys":["label","tooltip"],"price_dependency":false,"cl_dependency":false,"value":""}],[{"type":"checkbox-group","required":true,"elementId":"wcpa-checkbox-group-1711985087713","label":"How many Reviews?","enablePrice":true,"priceOptions":"different_for_all","pricingType":"fixed","price":"100","name":"checkbox-group-1711985087712","min_options":"1","other_text":"Other","enableCl":true,"cl_rule":"show","cl_val":"apprev","col":6,"values":[{"label":"500 Reviews + Ratings Random","value":"500rev","price":"250","pimage":"","pimage_id":"","pthumb":"","gt_translate_keys":["label"]},{"label":"1000 Reviews + Ratings Random","value":"100revw","price":"500","pimage":"","pimage_id":"","pthumb":"","gt_translate_keys":["label"]},{"label":"5000 Reviews + Ratings Random","value":"r00anr","price":"2000","pimage":"","pimage_id":"","pthumb":"","gt_translate_keys":["label"]},{"label":"10.000 Reviews + Ratings Random","value":"10ren","price":"4000","pimage":"","pimage_id":"","pthumb":"","gt_translate_keys":["label"]},{"label":"500 Reviews + Ratings Custom","value":"500ccus","price":"350","pimage":"","pimage_id":"","pthumb":"","gt_translate_keys":["label"]},{"label":"1000 Reviews + Ratings Custom","value":"100cus","price":"600","pimage":"","pimage_id":"","pthumb":"","gt_translate_keys":["label"]},{"label":"5000 Reviews + Ratings Custom","value":"500cus","price":"2500","pimage":"","pimage_id":"","pthumb":"","gt_translate_keys":["label"]}],"relations":[{"operator":false,"rules":[{"operator":false,"rules":{"cl_field":"wcpa-checkbox-group-660ad04fb5be7","cl_relation":"is","cl_val":"apprev"}}]}],"active":true,"tooltip":"","layOut":"","gt_translate_keys":["label","tooltip"],"price_dependency":false,"cl_dependency":false,"value":""}]]}},"config":{"price_override":"","enable_recaptcha":false,"bind_quantity":false,"quantity_bind_formula":false,"disp_summ_show_option_price":false,"disp_summ_show_product_price":false,"disp_summ_show_total_price":true,"disp_summ_show_fee":false,"disp_summ_show_discount":false,"summary_title":"","options_total_label":"Op\u021biuni Pre\u021b","total_label":"Total","options_product_label":"Pre\u021bul produsului","fee_label":"Tax\u0103","discount_label":"Reducere","has_price":true,"has_quantity_formula":false},"mc_unit":1,"tax_rate":1,"tax_rate_real":1,"discount":{"percentage":0,"fixed":0},"design":{"conf":{"LabelPosition":"above","DescPosition":"above","UploadField":"custom_1","QuantityFieldStyle":"default"},"css":{"LeftLabelWidth":"120px"}},"formulas":[],"lookuptables":[],"clones":false,"cartKey":false}},"_links":{"self":[{"href":"https:\/\/buyadsaccounts.net\/hu\/wp-json\/wp\/v2\/product\/4935","targetHints":{"allow":["GET"]}}],"collection":[{"href":"https:\/\/buyadsaccounts.net\/hu\/wp-json\/wp\/v2\/product"}],"about":[{"href":"https:\/\/buyadsaccounts.net\/hu\/wp-json\/wp\/v2\/types\/product"}],"version-history":[{"count":1,"href":"https:\/\/buyadsaccounts.net\/hu\/wp-json\/wp\/v2\/product\/4935\/revisions"}],"predecessor-version":[{"id":9546,"href":"https:\/\/buyadsaccounts.net\/hu\/wp-json\/wp\/v2\/product\/4935\/revisions\/9546"}],"wp:featuredmedia":[{"embeddable":true,"href":"https:\/\/buyadsaccounts.net\/hu\/wp-json\/wp\/v2\/media\/4936"}],"wp:attachment":[{"href":"https:\/\/buyadsaccounts.net\/hu\/wp-json\/wp\/v2\/media?parent=4935"}],"wp:term":[{"taxonomy":"product_brand","embeddable":true,"href":"https:\/\/buyadsaccounts.net\/hu\/wp-json\/wp\/v2\/product_brand?post=4935"},{"taxonomy":"product_cat","embeddable":true,"href":"https:\/\/buyadsaccounts.net\/hu\/wp-json\/wp\/v2\/product_cat?post=4935"},{"taxonomy":"product_tag","embeddable":true,"href":"https:\/\/buyadsaccounts.net\/hu\/wp-json\/wp\/v2\/product_tag?post=4935"}],"curies":[{"name":"wp","href":"https:\/\/api.w.org\/{rel}","templated":true}]}}