{"id":4595,"date":"2023-12-15T13:56:24","date_gmt":"2023-12-15T10:56:24","guid":{"rendered":"https:\/\/rentaccounts.net\/?post_type=product&#038;p=4595"},"modified":"2026-02-01T17:28:34","modified_gmt":"2026-02-01T17:28:34","slug":"vasarolni-google-ads-szamlazasi-szamla","status":"publish","type":"product","link":"https:\/\/buyadsaccounts.net\/hu\/gads\/vasarolni-google-ads-szamlazasi-szamla\/","title":{"rendered":"V\u00e1s\u00e1roljon Google Ads sz\u00e1ml\u00e1z\u00e1si sz\u00e1ml\u00e1kat"},"content":{"rendered":"<h2>Mi az a Google Ads sz\u00e1ml\u00e1z\u00e1si sz\u00e1mla?<\/h2>\n<p>A Google Ads sz\u00e1ml\u00e1z\u00e1si sz\u00e1mla a Google \u00e1ltal k\u00edn\u00e1lt fizet\u00e9si lehet\u0151s\u00e9g, amely lehet\u0151v\u00e9 teszi a v\u00e1llalkoz\u00e1sok sz\u00e1m\u00e1ra, hogy azonnali kifizet\u00e9s helyett sz\u00e1ml\u00e1t kapjanak a hirdet\u00e9si k\u00f6lts\u00e9geikr\u0151l. Ez a lehet\u0151s\u00e9g k\u00fcl\u00f6n\u00f6sen el\u0151ny\u00f6s azon v\u00e1llalkoz\u00e1sok sz\u00e1m\u00e1ra, amelyeknek magas a rekl\u00e1mk\u00f6lts\u00e9gvet\u00e9s\u00fck, \u00e9s ink\u00e1bb konszolid\u00e1lj\u00e1k a kifizet\u00e9seiket.<\/p>\n<p>A Google Ads sz\u00e1ml\u00e1z\u00e1si sz\u00e1ml\u00e1val be\u00e1ll\u00edthat egy meghat\u00e1rozott hitelkeretet, havonta kaphat sz\u00e1ml\u00e1kat, \u00e9s meghat\u00e1rozott id\u0151n bel\u00fcl fizethet. Ez nagyobb rugalmass\u00e1got biztos\u00edt a rekl\u00e1mk\u00f6lt\u00e9sek kezel\u00e9s\u00e9ben, \u00e9s egyszer\u0171s\u00edti a k\u00f6nyvel\u00e9si folyamatot.<\/p>\n<h3>A Google Ads sz\u00e1ml\u00e1z\u00e1si fi\u00f3k el\u0151nyei<\/h3>\n<p>1. Jobb p\u00e9nzforgalom: A Google Ads sz\u00e1ml\u00e1z\u00e1si fi\u00f3k haszn\u00e1lat\u00e1val jobban tudja kezelni p\u00e9nzforgalm\u00e1t, mivel t\u00f6bb ideje van a hirdet\u00e9si k\u00f6lts\u00e9gek kifizet\u00e9s\u00e9re. Ez k\u00fcl\u00f6n\u00f6sen el\u0151ny\u00f6s lehet a szezon\u00e1lis ingadoz\u00e1sokkal vagy rendszertelen bev\u00e9teli forr\u00e1sokkal rendelkez\u0151 v\u00e1llalkoz\u00e1sok sz\u00e1m\u00e1ra.<\/p>\n<p>2. Egyszer\u0171s\u00edtett fizet\u00e9si folyamat: A Google Ads sz\u00e1ml\u00e1z\u00e1si sz\u00e1mla lehet\u0151v\u00e9 teszi, hogy havonta egy \u00f6sszevont sz\u00e1ml\u00e1t kapjon, ahelyett, hogy minden egyes hirdet\u00e9si kamp\u00e1nyra k\u00fcl\u00f6n-k\u00fcl\u00f6n kellene fizetnie. Ez egyszer\u0171s\u00edti a fizet\u00e9si folyamatot \u00e9s cs\u00f6kkenti az adminisztr\u00e1ci\u00f3s feladatokat.<\/p>\n<p>3. Fokozott k\u00f6lts\u00e9gvet\u00e9si ellen\u0151rz\u00e9s: A sz\u00e1ml\u00e1z\u00e1si sz\u00e1ml\u00e1hoz be\u00e1ll\u00edtott hitelkeret seg\u00edts\u00e9g\u00e9vel nagyobb kontrollt gyakorolhat a hirdet\u00e9si k\u00f6lts\u00e9gvet\u00e9se felett. Hat\u00e9konyabban oszthatja be a forr\u00e1sokat, nyomon k\u00f6vetheti kiad\u00e1sait, \u00e9s sz\u00fcks\u00e9g eset\u00e9n kiigaz\u00edt\u00e1sokat v\u00e9gezhet.<\/p>\n<p>4. R\u00e9szletes jelent\u00e9s: A Google r\u00e9szletes jelent\u00e9seket biztos\u00edt a hirdet\u00e9si k\u00f6lts\u00e9gekr\u0151l, \u00edgy elemezheti a kamp\u00e1nyok teljes\u00edtm\u00e9ny\u00e9t. Ezek az adatok felbecs\u00fclhetetlen \u00e9rt\u00e9k\u0171ek lehetnek a megalapozott d\u00f6nt\u00e9sek meghozatal\u00e1ban, hogy optimaliz\u00e1lja hirdet\u00e9si strat\u00e9gi\u00e1j\u00e1t \u00e9s maximaliz\u00e1lja a befektet\u00e9sek megt\u00e9r\u00fcl\u00e9s\u00e9t (ROI).<\/p>\n<p>A Google Ads sz\u00e1ml\u00e1z\u00e1si fi\u00f3kba t\u00f6rt\u00e9n\u0151 befektet\u00e9s sz\u00e1mos el\u0151nnyel j\u00e1rhat azon v\u00e1llalkoz\u00e1sok sz\u00e1m\u00e1ra, amelyek racionaliz\u00e1lni szeretn\u00e9k hirdet\u00e9si kiad\u00e1saikat \u00e9s jav\u00edtani a p\u00e9nzforgalom kezel\u00e9s\u00e9t. A k\u00f6lts\u00e9gvet\u00e9s feletti nagyobb kontroll, az egyszer\u0171s\u00edtett fizet\u00e9si folyamatok \u00e9s a r\u00e9szletes jelent\u00e9sek r\u00e9v\u00e9n optimaliz\u00e1lhatja hirdet\u00e9si strat\u00e9gi\u00e1j\u00e1t \u00e9s jobb eredm\u00e9nyeket \u00e9rhet el.<\/p>","protected":false},"excerpt":{"rendered":"<p>Elege van a Google Ads-kamp\u00e1nyai el\u0151re kifizetett egyenlegeinek kezel\u00e9s\u00e9b\u0151l? Ha igen, akkor \u00e9rdekelheti egy Google Ads sz\u00e1ml\u00e1z\u00e1si sz\u00e1mla megv\u00e1s\u00e1rl\u00e1sa.<\/p>","protected":false},"featured_media":4404,"template":"","meta":{"_acf_changed":false,"_glsr_average":5,"_glsr_ranking":4.7,"_glsr_reviews":40},"product_brand":[],"product_cat":[236],"product_tag":[],"class_list":{"0":"post-4595","1":"product","2":"type-product","3":"status-publish","4":"has-post-thumbnail","6":"product_cat-google-ads-invoicing-account","7":"wcpa_has_options","9":"first","10":"instock","11":"purchasable","12":"product-type-simple"},"acf":[],"yoast_head":"<!-- This site is optimized with the Yoast SEO Premium plugin v26.7 (Yoast SEO v27.4) - https:\/\/yoast.com\/product\/yoast-seo-premium-wordpress\/ -->\n<title>Buy Google Ads Invoicing Accounts - Monthly Invoicing<\/title>\n<meta name=\"description\" content=\"Buy Google Ads Invoicing Accounts with credit line approved. Approved Google Ads account with monthly invoicing enabled and verified. Publish Ads Instantly.\" \/>\n<meta name=\"robots\" content=\"index, follow, max-snippet:-1, max-image-preview:large, max-video-preview:-1\" \/>\n<link rel=\"canonical\" href=\"https:\/\/buyadsaccounts.net\/hu\/gads\/vasarolni-google-ads-szamlazasi-szamla\/\" \/>\n<meta property=\"og:locale\" content=\"hu_HU\" \/>\n<meta property=\"og:type\" content=\"article\" \/>\n<meta property=\"og:title\" content=\"Buy Google Ads Invoicing Accounts\" \/>\n<meta property=\"og:description\" content=\"Buy Google Ads Invoicing Accounts with credit line approved. Approved Google Ads account with monthly invoicing enabled and verified. Publish Ads Instantly.\" \/>\n<meta property=\"og:url\" content=\"https:\/\/buyadsaccounts.net\/hu\/gads\/vasarolni-google-ads-szamlazasi-szamla\/\" \/>\n<meta property=\"og:site_name\" content=\"BuyAdsAccounts\" \/>\n<meta property=\"article:modified_time\" content=\"2026-02-01T17:28:34+00:00\" \/>\n<meta property=\"og:image\" content=\"https:\/\/buyadsaccounts.net\/wp-content\/uploads\/2025\/01\/buy_google_ads_accounts.webp\" \/>\n\t<meta property=\"og:image:width\" content=\"1200\" \/>\n\t<meta property=\"og:image:height\" content=\"630\" \/>\n\t<meta property=\"og:image:type\" content=\"image\/webp\" \/>\n<meta name=\"twitter:card\" content=\"summary_large_image\" \/>\n<meta name=\"twitter:image\" content=\"https:\/\/buyadsaccounts.net\/wp-content\/uploads\/2025\/01\/buy_google_ads_accounts.webp\" \/>\n<meta name=\"twitter:label1\" content=\"Becs\u00fclt olvas\u00e1si id\u0151\" \/>\n\t<meta name=\"twitter:data1\" content=\"2 perc\" \/>\n<script type=\"application\/ld+json\" class=\"yoast-schema-graph\">{\"@context\":\"https:\\\/\\\/schema.org\",\"@graph\":[{\"@type\":\"WebPage\",\"@id\":\"https:\\\/\\\/buyadsaccounts.net\\\/gads\\\/buy-google-ads-invoicing-account\\\/\",\"url\":\"https:\\\/\\\/buyadsaccounts.net\\\/gads\\\/buy-google-ads-invoicing-account\\\/\",\"name\":\"Buy Google Ads Invoicing Accounts - Monthly Invoicing\",\"isPartOf\":{\"@id\":\"https:\\\/\\\/buyadsaccounts.net\\\/#website\"},\"primaryImageOfPage\":{\"@id\":\"https:\\\/\\\/buyadsaccounts.net\\\/gads\\\/buy-google-ads-invoicing-account\\\/#primaryimage\"},\"image\":{\"@id\":\"https:\\\/\\\/buyadsaccounts.net\\\/gads\\\/buy-google-ads-invoicing-account\\\/#primaryimage\"},\"thumbnailUrl\":\"https:\\\/\\\/buyadsaccounts.net\\\/wp-content\\\/uploads\\\/2021\\\/07\\\/google-ads-accounts-logo.png\",\"datePublished\":\"2023-12-15T10:56:24+00:00\",\"dateModified\":\"2026-02-01T17:28:34+00:00\",\"description\":\"Buy Google Ads Invoicing Accounts with credit line approved. Approved Google Ads account with monthly invoicing enabled and verified. Publish Ads Instantly.\",\"breadcrumb\":{\"@id\":\"https:\\\/\\\/buyadsaccounts.net\\\/gads\\\/buy-google-ads-invoicing-account\\\/#breadcrumb\"},\"inLanguage\":\"hu\",\"potentialAction\":[{\"@type\":\"ReadAction\",\"target\":[\"https:\\\/\\\/buyadsaccounts.net\\\/gads\\\/buy-google-ads-invoicing-account\\\/\"]}]},{\"@type\":\"ImageObject\",\"inLanguage\":\"hu\",\"@id\":\"https:\\\/\\\/buyadsaccounts.net\\\/gads\\\/buy-google-ads-invoicing-account\\\/#primaryimage\",\"url\":\"https:\\\/\\\/buyadsaccounts.net\\\/wp-content\\\/uploads\\\/2021\\\/07\\\/google-ads-accounts-logo.png\",\"contentUrl\":\"https:\\\/\\\/buyadsaccounts.net\\\/wp-content\\\/uploads\\\/2021\\\/07\\\/google-ads-accounts-logo.png\",\"width\":512,\"height\":512},{\"@type\":\"BreadcrumbList\",\"@id\":\"https:\\\/\\\/buyadsaccounts.net\\\/gads\\\/buy-google-ads-invoicing-account\\\/#breadcrumb\",\"itemListElement\":[{\"@type\":\"ListItem\",\"position\":1,\"name\":\"Home\",\"item\":\"https:\\\/\\\/buyadsaccounts.net\\\/\"},{\"@type\":\"ListItem\",\"position\":2,\"name\":\"Shop\",\"item\":\"https:\\\/\\\/buyadsaccounts.net\\\/ar\\\/%d9%85%d8%aa%d8%ac%d8%b1\\\/\"},{\"@type\":\"ListItem\",\"position\":3,\"name\":\"Buy Google Ads Invoicing Accounts\"}]},{\"@type\":\"WebSite\",\"@id\":\"https:\\\/\\\/buyadsaccounts.net\\\/#website\",\"url\":\"https:\\\/\\\/buyadsaccounts.net\\\/\",\"name\":\"BuyAdsAccounts\",\"description\":\"\",\"publisher\":{\"@id\":\"https:\\\/\\\/buyadsaccounts.net\\\/#organization\"},\"potentialAction\":[{\"@type\":\"SearchAction\",\"target\":{\"@type\":\"EntryPoint\",\"urlTemplate\":\"https:\\\/\\\/buyadsaccounts.net\\\/?s={search_term_string}\"},\"query-input\":{\"@type\":\"PropertyValueSpecification\",\"valueRequired\":true,\"valueName\":\"search_term_string\"}}],\"inLanguage\":\"hu\"},{\"@type\":\"Organization\",\"@id\":\"https:\\\/\\\/buyadsaccounts.net\\\/#organization\",\"name\":\"Buy Google Ads Accounts\",\"url\":\"https:\\\/\\\/buyadsaccounts.net\\\/\",\"logo\":{\"@type\":\"ImageObject\",\"inLanguage\":\"hu\",\"@id\":\"https:\\\/\\\/buyadsaccounts.net\\\/#\\\/schema\\\/logo\\\/image\\\/\",\"url\":\"https:\\\/\\\/buyadsaccounts.net\\\/wp-content\\\/uploads\\\/2024\\\/12\\\/buyads-fav.jpg\",\"contentUrl\":\"https:\\\/\\\/buyadsaccounts.net\\\/wp-content\\\/uploads\\\/2024\\\/12\\\/buyads-fav.jpg\",\"width\":512,\"height\":512,\"caption\":\"Buy Google Ads Accounts\"},\"image\":{\"@id\":\"https:\\\/\\\/buyadsaccounts.net\\\/#\\\/schema\\\/logo\\\/image\\\/\"}}]}<\/script>\n<!-- \/ Yoast SEO Premium plugin. -->","yoast_head_json":{"title":"V\u00e1s\u00e1roljon Google Ads sz\u00e1ml\u00e1z\u00e1si sz\u00e1ml\u00e1kat - Havi sz\u00e1ml\u00e1z\u00e1s","description":"V\u00e1s\u00e1roljon Google Ads sz\u00e1ml\u00e1z\u00e1si sz\u00e1ml\u00e1kat j\u00f3v\u00e1hagyott hitelkerettel. J\u00f3v\u00e1hagyott Google Ads sz\u00e1mla havi sz\u00e1ml\u00e1z\u00e1ssal enged\u00e9lyezve \u00e9s ellen\u0151rizve. Hirdet\u00e9sek azonnali k\u00f6zz\u00e9t\u00e9tele.","robots":{"index":"index","follow":"follow","max-snippet":"max-snippet:-1","max-image-preview":"max-image-preview:large","max-video-preview":"max-video-preview:-1"},"canonical":"https:\/\/buyadsaccounts.net\/hu\/gads\/vasarolni-google-ads-szamlazasi-szamla\/","og_locale":"hu_HU","og_type":"article","og_title":"Buy Google Ads Invoicing Accounts","og_description":"Buy Google Ads Invoicing Accounts with credit line approved. Approved Google Ads account with monthly invoicing enabled and verified. Publish Ads Instantly.","og_url":"https:\/\/buyadsaccounts.net\/hu\/gads\/vasarolni-google-ads-szamlazasi-szamla\/","og_site_name":"BuyAdsAccounts","article_modified_time":"2026-02-01T17:28:34+00:00","og_image":[{"width":1200,"height":630,"url":"https:\/\/buyadsaccounts.net\/wp-content\/uploads\/2025\/01\/buy_google_ads_accounts.webp","type":"image\/webp"}],"twitter_card":"summary_large_image","twitter_image":"https:\/\/buyadsaccounts.net\/wp-content\/uploads\/2025\/01\/buy_google_ads_accounts.webp","twitter_misc":{"Becs\u00fclt olvas\u00e1si id\u0151":"2 perc"},"schema":{"@context":"https:\/\/schema.org","@graph":[{"@type":"WebPage","@id":"https:\/\/buyadsaccounts.net\/gads\/buy-google-ads-invoicing-account\/","url":"https:\/\/buyadsaccounts.net\/gads\/buy-google-ads-invoicing-account\/","name":"V\u00e1s\u00e1roljon Google Ads sz\u00e1ml\u00e1z\u00e1si sz\u00e1ml\u00e1kat - Havi sz\u00e1ml\u00e1z\u00e1s","isPartOf":{"@id":"https:\/\/buyadsaccounts.net\/#website"},"primaryImageOfPage":{"@id":"https:\/\/buyadsaccounts.net\/gads\/buy-google-ads-invoicing-account\/#primaryimage"},"image":{"@id":"https:\/\/buyadsaccounts.net\/gads\/buy-google-ads-invoicing-account\/#primaryimage"},"thumbnailUrl":"https:\/\/buyadsaccounts.net\/wp-content\/uploads\/2021\/07\/google-ads-accounts-logo.png","datePublished":"2023-12-15T10:56:24+00:00","dateModified":"2026-02-01T17:28:34+00:00","description":"V\u00e1s\u00e1roljon Google Ads sz\u00e1ml\u00e1z\u00e1si sz\u00e1ml\u00e1kat j\u00f3v\u00e1hagyott hitelkerettel. J\u00f3v\u00e1hagyott Google Ads sz\u00e1mla havi sz\u00e1ml\u00e1z\u00e1ssal enged\u00e9lyezve \u00e9s ellen\u0151rizve. Hirdet\u00e9sek azonnali k\u00f6zz\u00e9t\u00e9tele.","breadcrumb":{"@id":"https:\/\/buyadsaccounts.net\/gads\/buy-google-ads-invoicing-account\/#breadcrumb"},"inLanguage":"hu","potentialAction":[{"@type":"ReadAction","target":["https:\/\/buyadsaccounts.net\/gads\/buy-google-ads-invoicing-account\/"]}]},{"@type":"ImageObject","inLanguage":"hu","@id":"https:\/\/buyadsaccounts.net\/gads\/buy-google-ads-invoicing-account\/#primaryimage","url":"https:\/\/buyadsaccounts.net\/wp-content\/uploads\/2021\/07\/google-ads-accounts-logo.png","contentUrl":"https:\/\/buyadsaccounts.net\/wp-content\/uploads\/2021\/07\/google-ads-accounts-logo.png","width":512,"height":512},{"@type":"BreadcrumbList","@id":"https:\/\/buyadsaccounts.net\/gads\/buy-google-ads-invoicing-account\/#breadcrumb","itemListElement":[{"@type":"ListItem","position":1,"name":"Home","item":"https:\/\/buyadsaccounts.net\/"},{"@type":"ListItem","position":2,"name":"Shop","item":"https:\/\/buyadsaccounts.net\/ar\/%d9%85%d8%aa%d8%ac%d8%b1\/"},{"@type":"ListItem","position":3,"name":"Buy Google Ads Invoicing Accounts"}]},{"@type":"WebSite","@id":"https:\/\/buyadsaccounts.net\/#website","url":"https:\/\/buyadsaccounts.net\/","name":"BuyAdsAccounts","description":"","publisher":{"@id":"https:\/\/buyadsaccounts.net\/#organization"},"potentialAction":[{"@type":"SearchAction","target":{"@type":"EntryPoint","urlTemplate":"https:\/\/buyadsaccounts.net\/?s={search_term_string}"},"query-input":{"@type":"PropertyValueSpecification","valueRequired":true,"valueName":"search_term_string"}}],"inLanguage":"hu"},{"@type":"Organization","@id":"https:\/\/buyadsaccounts.net\/#organization","name":"V\u00e1s\u00e1roljon Google Ads sz\u00e1ml\u00e1kat","url":"https:\/\/buyadsaccounts.net\/","logo":{"@type":"ImageObject","inLanguage":"hu","@id":"https:\/\/buyadsaccounts.net\/#\/schema\/logo\/image\/","url":"https:\/\/buyadsaccounts.net\/wp-content\/uploads\/2024\/12\/buyads-fav.jpg","contentUrl":"https:\/\/buyadsaccounts.net\/wp-content\/uploads\/2024\/12\/buyads-fav.jpg","width":512,"height":512,"caption":"Buy Google Ads Accounts"},"image":{"@id":"https:\/\/buyadsaccounts.net\/#\/schema\/logo\/image\/"}}]}},"wcpa_form_fields":{"wcpaData":{"product":{"product_price":0,"price_html":"<span class=\"woocommerce-Price-amount amount\"><bdi>0<span class=\"woocommerce-Price-currencySymbol\">&#36;<\/span><\/bdi><\/span>","original_product_price":0,"price_including_tax":0,"price_excluding_tax":0,"product_id":{"parent":4595,"variation":false},"is_variable":false,"stock_status":"instock","stock_quantity":null,"parent_sku":"","product_attributes":[],"custom_fields":[],"is_taxable":false,"product_name":"Buy Google Ads Invoicing Accounts","hasImage":false},"fields":{"sec_2695e652f6d8b2":{"extra":{"key":"sec_2695e652f6d8b2","section_id":"sec_2695e652f6d8b2","name":"Default","status":1,"cl_rule":"show","enableCl":false,"relations":[],"toggle":true,"title_tag":"h3","show_title":false,"showPrice":"default","form_id":4596,"form_rules":{"exclude_from_discount":false,"fee_label":"\u0391\u03bc\u03bf\u03b9\u03b2\u03ae","disp_hide_options_price":false,"disp_show_section_price":false,"disp_show_field_price":true,"layout_option":"standard","pric_use_as_fee":false,"process_fee_as":"woo_fee"},"layout_option":"standard"},"fields":[[{"type":"checkbox-group","required":true,"elementId":"wcpa-checkbox-group-1643471137938","label":"Account Options","description":"Year - Currency - Limit - Price","enablePrice":true,"priceOptions":"different_for_all","pricingType":"fixed","price":"100","name":"checkbox-group-1643471137938","min_options":"1","other_text":"Other","cl_rule":"show","col":6,"values":[{"label":"2022 USD Account - 12.000$ Credit","value":"usd-account-buy55","price":"900","pimage":"","pimage_id":"","pthumb":"","tempId":"aco_602","gt_translate_keys":["label"]},{"label":"2023 EUR Account - 8000$ Credit","value":"eur-account-buy55","price":"650","pimage":"","pimage_id":"","pthumb":"","tempId":"aco_603","gt_translate_keys":["label"]},{"label":"2023 USD Account - 6500$ Credit","value":"usd-2023-credit","price":"500","pimage":"","pimage_id":"","pthumb":"","tempId":"aco_604","gt_translate_keys":["label"]}],"relations":false,"active":true,"tooltip":"","layOut":"","isWeightTemplate":false,"error":false,"isTemplate":false,"checkUi":"","min_quantity":"1","quantity_decimal":false,"quantity_step":"1","quantity_label":"Quantity","repeater_field_label":"{field_label}","repeater_bind":"","gt_translate_keys":["label","description","tooltip","repeater_field_label","quantity_label"],"price_dependency":false,"cl_dependency":false,"value":""}],[{"type":"checkbox-group","elementId":"wcpa-checkbox-group-1702402170666","label":"Extra Services","enablePrice":true,"priceOptions":"different_for_all","pricingType":"fixed","price":"100","name":"checkbox-group-1702402170665","min_options":"1","other_text":"Other","cl_rule":"show","col":6,"values":[{"label":"Cloaking ( Crypto, IPTV, Gambling, Casino, Affiliate)","value":"blak-cat","price":"100","pimage":"","pimage_id":"","pthumb":"","tempId":"aco_263","gt_translate_keys":["label"]},{"label":"Ads Manager ","value":"campsi","price":"100","pimage":"","pimage_id":"","pthumb":"","tempId":"aco_264","gt_translate_keys":["label"]},{"label":"Premium Warranty","value":"premwar","selected":false,"tempId":"aco_19","price":"1500","gt_translate_keys":["label"]}],"relations":false,"active":true,"tooltip":"<a href=\"https:\/\/help.buyadsaccounts.net\/hc\/helpcenter\/articles\/1754560957-additional-options\" target=\"blank\">Read More<\/a>","layOut":"","isWeightTemplate":false,"error":false,"isTemplate":false,"checkUi":"","min_quantity":"1","quantity_decimal":false,"quantity_step":"1","quantity_label":"Quantity","repeater_field_label":"{field_label}","repeater_bind":"","gt_translate_keys":["label","tooltip","repeater_field_label","quantity_label"],"price_dependency":false,"cl_dependency":["wcpa-checkbox-group-1711017530961","wcpa-checkbox-group-1711017600957"],"value":""}],[{"type":"checkbox-group","required":true,"elementId":"wcpa-checkbox-group-1711017530961","label":"Cloaking - How many URLs?","description":"Price per URL","enablePrice":true,"priceOptions":"different_for_all","pricingType":"fixed","price":"100","name":"checkbox-group-1711017530960","min_options":"1","max_options":"1","other_text":"Other","enableCl":true,"cl_rule":"show","cl_val":"bharsd","col":6,"values":[{"label":"1 URL","value":"bgt","price":"0","pimage":"","pimage_id":"","pthumb":"","gt_translate_keys":["label"]},{"label":"2 URLs","value":"gkr","price":"100","pimage":"","pimage_id":"","pthumb":"","gt_translate_keys":["label"]},{"label":"3 URLs","value":"asff","price":"200","pimage":"","pimage_id":"","pthumb":"","gt_translate_keys":["label"]},{"label":"5 URLs","value":"bfe","price":"350","pimage":"","pimage_id":"","pthumb":"","gt_translate_keys":["label"]},{"label":"10 URLs","value":"dsa","price":"700","pimage":"","pimage_id":"","pthumb":"","gt_translate_keys":["label"]}],"relations":[{"operator":false,"rules":[{"operator":false,"rules":{"cl_field":"wcpa-checkbox-group-1702402170666","cl_relation":"is","cl_val":"bharsd"}}]}],"active":true,"tooltip":"","layOut":"","gt_translate_keys":["label","description","tooltip"],"price_dependency":false,"cl_dependency":false,"value":""}],[{"type":"checkbox-group","required":true,"elementId":"wcpa-checkbox-group-1711017600957","label":"Ads Manager - How many ADS?","description":"Price per AD","enablePrice":true,"priceOptions":"different_for_all","pricingType":"fixed","price":"100","name":"checkbox-group-1711017600956","min_options":"1","max_options":"1","other_text":"Other","enableCl":true,"cl_rule":"show","cl_val":"campsi","col":6,"values":[{"label":"1 Ad","value":"bgt","price":"0","pimage":"","pimage_id":"","pthumb":"","gt_translate_keys":["label"]},{"label":"2 Ads","value":"gkr","price":"100","pimage":"","pimage_id":"","pthumb":"","gt_translate_keys":["label"]},{"label":"3 Ads","value":"asff","price":"200","pimage":"","pimage_id":"","pthumb":"","gt_translate_keys":["label"]},{"label":"5 Ads","value":"bfe","price":"350","pimage":"","pimage_id":"","pthumb":"","gt_translate_keys":["label"]},{"label":"10 Ads","value":"dsa","price":"700","pimage":"","pimage_id":"","pthumb":"","gt_translate_keys":["label"]}],"relations":[{"operator":false,"rules":[{"operator":false,"rules":{"cl_field":"wcpa-checkbox-group-1702402170666","cl_relation":"is","cl_val":"campsi"}}]}],"active":true,"tooltip":"","layOut":"","error":false,"gt_translate_keys":["label","description","tooltip"],"price_dependency":false,"cl_dependency":false,"value":""}]]}},"config":{"price_override":"","enable_recaptcha":false,"bind_quantity":false,"quantity_bind_formula":false,"disp_summ_show_option_price":false,"disp_summ_show_product_price":false,"disp_summ_show_total_price":true,"disp_summ_show_fee":false,"disp_summ_show_discount":false,"summary_title":"","options_total_label":"\u0395\u03c0\u03b9\u03bb\u03bf\u03b3\u03ad\u03c2 \u03a4\u03b9\u03bc\u03ae","total_label":"\u03a3\u03cd\u03bd\u03bf\u03bb\u03bf","options_product_label":"\u03a4\u03b9\u03bc\u03ae \u03c0\u03c1\u03bf\u03ca\u03cc\u03bd\u03c4\u03bf\u03c2","fee_label":"\u0391\u03bc\u03bf\u03b9\u03b2\u03ae","discount_label":"\u0388\u03ba\u03c0\u03c4\u03c9\u03c3\u03b7","has_price":true,"has_quantity_formula":false},"mc_unit":1,"tax_rate":1,"tax_rate_real":1,"discount":{"percentage":0,"fixed":0},"design":{"conf":{"LabelPosition":"above","DescPosition":"above","UploadField":"custom_1","QuantityFieldStyle":"default"},"css":{"LeftLabelWidth":"120px"}},"formulas":[],"lookuptables":[],"clones":false,"cartKey":false}},"_links":{"self":[{"href":"https:\/\/buyadsaccounts.net\/hu\/wp-json\/wp\/v2\/product\/4595","targetHints":{"allow":["GET"]}}],"collection":[{"href":"https:\/\/buyadsaccounts.net\/hu\/wp-json\/wp\/v2\/product"}],"about":[{"href":"https:\/\/buyadsaccounts.net\/hu\/wp-json\/wp\/v2\/types\/product"}],"version-history":[{"count":1,"href":"https:\/\/buyadsaccounts.net\/hu\/wp-json\/wp\/v2\/product\/4595\/revisions"}],"predecessor-version":[{"id":9541,"href":"https:\/\/buyadsaccounts.net\/hu\/wp-json\/wp\/v2\/product\/4595\/revisions\/9541"}],"wp:featuredmedia":[{"embeddable":true,"href":"https:\/\/buyadsaccounts.net\/hu\/wp-json\/wp\/v2\/media\/4404"}],"wp:attachment":[{"href":"https:\/\/buyadsaccounts.net\/hu\/wp-json\/wp\/v2\/media?parent=4595"}],"wp:term":[{"taxonomy":"product_brand","embeddable":true,"href":"https:\/\/buyadsaccounts.net\/hu\/wp-json\/wp\/v2\/product_brand?post=4595"},{"taxonomy":"product_cat","embeddable":true,"href":"https:\/\/buyadsaccounts.net\/hu\/wp-json\/wp\/v2\/product_cat?post=4595"},{"taxonomy":"product_tag","embeddable":true,"href":"https:\/\/buyadsaccounts.net\/hu\/wp-json\/wp\/v2\/product_tag?post=4595"}],"curies":[{"name":"wp","href":"https:\/\/api.w.org\/{rel}","templated":true}]}}