{"id":3411,"date":"2022-09-01T10:39:12","date_gmt":"2022-09-01T08:39:12","guid":{"rendered":"https:\/\/rentaccounts.net\/?post_type=product&#038;p=3411"},"modified":"2026-02-01T17:25:32","modified_gmt":"2026-02-01T17:25:32","slug":"facebook-hirdetesek-fiok","status":"publish","type":"product","link":"https:\/\/buyadsaccounts.net\/hu\/gads\/facebook-hirdetesek-fiok\/","title":{"rendered":"V\u00e1s\u00e1roljon Facebook hirdet\u00e9si fi\u00f3kot"},"content":{"rendered":"<h2>A Facebook hirdet\u00e9si fi\u00f3kok megv\u00e1s\u00e1rl\u00e1s\u00e1nak el\u0151nyei<\/h2>\n<p>Szeretn\u00e9 n\u00f6velni v\u00e1llalkoz\u00e1sa online jelenl\u00e9t\u00e9t \u00e9s sz\u00e9lesebb k\u00f6z\u00f6ns\u00e9get el\u00e9rni? Ennek egyik hat\u00e9kony m\u00f3dja a Facebook-hirdet\u00e9sek haszn\u00e1lata. T\u00f6bb Facebook-hirdet\u00e9si fi\u00f3k l\u00e9trehoz\u00e1sa \u00e9s kezel\u00e9se azonban id\u0151ig\u00e9nyes \u00e9s kih\u00edv\u00e1st jelenthet. Ez az a pont, ahol a Facebook hirdet\u00e9si fi\u00f3kok megv\u00e1s\u00e1rl\u00e1sa megv\u00e1ltoztathatja marketingstrat\u00e9gi\u00e1j\u00e1t. Ebben a blogbejegyz\u00e9sben a Facebook Ads-fi\u00f3kok megv\u00e1s\u00e1rl\u00e1s\u00e1nak el\u0151nyeit vizsg\u00e1ljuk meg, \u00e9s azt, hogyan seg\u00edthetnek \u00fczleti c\u00e9ljai el\u00e9r\u00e9s\u00e9ben.<\/p>\n<h3>1. Megn\u00f6velt el\u00e9r\u00e9s \u00e9s l\u00e1that\u00f3s\u00e1g<\/h3>\n<p>Ha Facebook hirdet\u00e9si fi\u00f3kokat v\u00e1s\u00e1rol, azonnal hozz\u00e1f\u00e9r\u00e9st kap a potenci\u00e1lis \u00fcgyfelek sz\u00e9lesebb h\u00e1l\u00f3zat\u00e1hoz. T\u00f6bb fi\u00f3kkal a rendelkez\u00e9s\u00e9re \u00e1llva k\u00fcl\u00f6nb\u00f6z\u0151 demogr\u00e1fiai, \u00e9rdekl\u0151d\u00e9si k\u00f6r\u00f6ket \u00e9s helysz\u00edneket c\u00e9lozhat meg, \u00edgy biztos\u00edtva, hogy hirdet\u00e9sei a megfelel\u0151 c\u00e9lk\u00f6z\u00f6ns\u00e9get \u00e9rj\u00e9k el. Ez a megn\u00f6vekedett el\u00e9r\u00e9s \u00e9s l\u00e1that\u00f3s\u00e1g jelent\u0151sen jav\u00edthatja az \u00faj \u00fcgyfelek bevonz\u00e1s\u00e1nak \u00e9s az elad\u00e1sok n\u00f6vel\u00e9s\u00e9nek es\u00e9ly\u00e9t.<\/p>\n<h3>2. K\u00f6lts\u00e9ghat\u00e9kony rekl\u00e1m<\/h3>\n<p>A Facebook hirdet\u00e9si kamp\u00e1nyok futtat\u00e1sa k\u00f6lts\u00e9ges lehet, k\u00fcl\u00f6n\u00f6sen, ha nagy k\u00f6z\u00f6ns\u00e9get c\u00e9loz meg. A Facebook Ads-fi\u00f3kok megv\u00e1s\u00e1rl\u00e1s\u00e1val a hirdet\u00e9si k\u00f6lts\u00e9gvet\u00e9st t\u00f6bb fi\u00f3k k\u00f6z\u00f6tt oszthatja el, \u00edgy t\u00f6bb embert \u00e9rhet el an\u00e9lk\u00fcl, hogy a bankot t\u00f6nkretenn\u00e9. Ez a k\u00f6lts\u00e9ghat\u00e9kony megk\u00f6zel\u00edt\u00e9s lehet\u0151v\u00e9 teszi, hogy maximaliz\u00e1lja a befektet\u00e9s megt\u00e9r\u00fcl\u00e9s\u00e9t, \u00e9s a legt\u00f6bbet hozza ki a hirdet\u00e9si k\u00f6lts\u00e9gvet\u00e9s\u00e9b\u0151l.<\/p>\n<h3>3. A\/B tesztel\u00e9s egyszer\u0171en<\/h3>\n<p>A sikeres rekl\u00e1moz\u00e1s egyik kulcsa a kamp\u00e1nyok tesztel\u00e9se \u00e9s optimaliz\u00e1l\u00e1sa. Ha Facebook hirdet\u00e9si fi\u00f3kokat v\u00e1s\u00e1rol, lehet\u0151s\u00e9ge van az A\/B tesztek hat\u00e9konyabb futtat\u00e1s\u00e1ra. T\u00f6bb fi\u00f3k l\u00e9trehoz\u00e1s\u00e1val egyszerre tesztelhet k\u00fcl\u00f6nb\u00f6z\u0151 hirdet\u00e9si kreat\u00edvokat, c\u00edmsorokat \u00e9s c\u00e9lz\u00e1si lehet\u0151s\u00e9geket. Ez lehet\u0151v\u00e9 teszi, hogy \u00e9rt\u00e9kes adatokat \u00e9s megl\u00e1t\u00e1sokat gy\u0171jts\u00f6n, ami seg\u00edt a hirdet\u00e9si strat\u00e9gia finom\u00edt\u00e1s\u00e1ban a jobb eredm\u00e9nyek \u00e9rdek\u00e9ben.<\/p>\n<h3>4. Fokozott hirdet\u00e9si fi\u00f3kbiztons\u00e1g<\/h3>\n<p>Az online hirdet\u00e9si fi\u00f3kok kezel\u00e9s\u00e9n\u00e9l a biztons\u00e1g els\u0151dleges fontoss\u00e1g\u00fa. A Facebook hirdet\u00e9si fi\u00f3kok megv\u00e1s\u00e1rl\u00e1s\u00e1val minim\u00e1lisra cs\u00f6kkentheti a f\u0151 fi\u00f3kja vesz\u00e9lyeztet\u00e9s\u00e9nek kock\u00e1zat\u00e1t. A t\u00f6bb fi\u00f3k megl\u00e9te extra biztons\u00e1gi szintet jelent, mivel az egyik fi\u00f3kkal kapcsolatos probl\u00e9m\u00e1k nem \u00e9rintik a t\u00f6bbit. Ez a nyugalom lehet\u0151v\u00e9 teszi, hogy a kamp\u00e1nyok futtat\u00e1s\u00e1ra \u00f6sszpontos\u00edtson an\u00e9lk\u00fcl, hogy a lehets\u00e9ges biztons\u00e1gi r\u00e9sek miatt agg\u00f3dna.<\/p>\n<h3>5. Id\u0151megtakar\u00edt\u00e1s \u00e9s hat\u00e9konys\u00e1g<\/h3>\n<p>T\u00f6bb Facebook-hirdet\u00e9si fi\u00f3k l\u00e9trehoz\u00e1sa \u00e9s kezel\u00e9se id\u0151ig\u00e9nyes \u00e9s megterhel\u0151 lehet. A Facebook hirdet\u00e9si fi\u00f3kok megv\u00e1s\u00e1rl\u00e1s\u00e1val \u00e9rt\u00e9kes id\u0151t \u00e9s energi\u00e1t takar\u00edthat meg. Ahelyett, hogy a null\u00e1r\u00f3l kezden\u00e9, kihaszn\u00e1lhatja a megl\u00e9v\u0151 fi\u00f3kokat, amelyek m\u00e1r be vannak \u00e1ll\u00edtva \u00e9s k\u00e9szen \u00e1llnak az indul\u00e1sra. \u00cdgy a fi\u00f3kok l\u00e9trehoz\u00e1s\u00e1val \u00e9s kezel\u00e9s\u00e9vel j\u00e1r\u00f3 gondok n\u00e9lk\u00fcl a kamp\u00e1nyok optimaliz\u00e1l\u00e1s\u00e1ra \u00e9s a marketingc\u00e9lok el\u00e9r\u00e9s\u00e9re \u00f6sszpontos\u00edthat.<\/p>\n<h3>K\u00f6vetkeztet\u00e9s<\/h3>\n<p>A Facebook hirdet\u00e9si fi\u00f3kok megv\u00e1s\u00e1rl\u00e1sa okos l\u00e9p\u00e9s lehet az online el\u00e9r\u00e9s\u00fcket b\u0151v\u00edteni \u00e9s a hirdet\u00e9si er\u0151fesz\u00edt\u00e9seiket maximaliz\u00e1lni k\u00edv\u00e1n\u00f3 v\u00e1llalkoz\u00e1sok sz\u00e1m\u00e1ra. A megn\u00f6vekedett el\u00e9r\u00e9s \u00e9s l\u00e1that\u00f3s\u00e1g, a k\u00f6lts\u00e9ghat\u00e9kony hirdet\u00e9sek, az egyszer\u0171s\u00edtett A\/B tesztel\u00e9s, a fokozott biztons\u00e1g \u00e9s az id\u0151takar\u00e9kos el\u0151ny\u00f6k r\u00e9v\u00e9n a Facebook Ads fi\u00f3kok megv\u00e1s\u00e1rl\u00e1sa versenyel\u0151nyh\u00f6z juttathatja v\u00e1llalkoz\u00e1s\u00e1t. Mi\u00e9rt v\u00e1rjon teh\u00e1t? Kezdje el felfedezni a rendelkez\u00e9sre \u00e1ll\u00f3 lehet\u0151s\u00e9geket, \u00e9s emelje \u00faj magass\u00e1gokba Facebook hirdet\u00e9si strat\u00e9gi\u00e1j\u00e1t!<\/p>\n<p>&nbsp;<\/p>","protected":false},"excerpt":{"rendered":"<p>Facebook hirdet\u00e9si fi\u00f3kot keres, hogy kamp\u00e1nyait a Facebookon futtathassa? Mi egy teljesen ellen\u0151rz\u00f6tt Facebook Ads-fi\u00f3kot tudunk biztos\u00edtani \u00d6nnek a Business Managerrel.<\/p>","protected":false},"featured_media":3412,"template":"","meta":{"_acf_changed":false,"_glsr_average":5,"_glsr_ranking":4.7058823529412,"_glsr_reviews":41},"product_brand":[],"product_cat":[162],"product_tag":[],"class_list":{"0":"post-3411","1":"product","2":"type-product","3":"status-publish","4":"has-post-thumbnail","6":"product_cat-facebook-ads-account","7":"wcpa_has_options","9":"first","10":"instock","11":"purchasable","12":"product-type-simple"},"acf":[],"yoast_head":"<!-- This site is optimized with the Yoast SEO Premium plugin v26.7 (Yoast SEO v27.4) - https:\/\/yoast.com\/product\/yoast-seo-premium-wordpress\/ -->\n<title>Buy Facebook Ads Accounts - Business Manager Verified<\/title>\n<meta name=\"description\" content=\"Buy Facebook Ads accounts with verified Business Manager. Premium accounts ready to publish campaigns instantly. Advertise on Facebook Ads with our accounts.\" \/>\n<meta name=\"robots\" content=\"index, follow, max-snippet:-1, max-image-preview:large, max-video-preview:-1\" \/>\n<link rel=\"canonical\" href=\"https:\/\/buyadsaccounts.net\/hu\/gads\/facebook-hirdetesek-fiok\/\" \/>\n<meta property=\"og:locale\" content=\"hu_HU\" \/>\n<meta property=\"og:type\" content=\"article\" \/>\n<meta property=\"og:title\" content=\"Buy Facebook Ads Account\" \/>\n<meta property=\"og:description\" content=\"Buy Facebook Ads accounts with verified Business Manager. Premium accounts ready to publish campaigns instantly. Advertise on Facebook Ads with our accounts.\" \/>\n<meta property=\"og:url\" content=\"https:\/\/buyadsaccounts.net\/hu\/gads\/facebook-hirdetesek-fiok\/\" \/>\n<meta property=\"og:site_name\" content=\"BuyAdsAccounts\" \/>\n<meta property=\"article:modified_time\" content=\"2026-02-01T17:25:32+00:00\" \/>\n<meta property=\"og:image\" content=\"https:\/\/buyadsaccounts.net\/wp-content\/uploads\/2022\/09\/facebook-ads-accounts-marketplace.jpg\" \/>\n\t<meta property=\"og:image:width\" content=\"600\" \/>\n\t<meta property=\"og:image:height\" content=\"600\" \/>\n\t<meta property=\"og:image:type\" content=\"image\/jpeg\" \/>\n<meta name=\"twitter:card\" content=\"summary_large_image\" \/>\n<meta name=\"twitter:label1\" content=\"Becs\u00fclt olvas\u00e1si id\u0151\" \/>\n\t<meta name=\"twitter:data1\" content=\"3 perc\" \/>\n<script type=\"application\/ld+json\" class=\"yoast-schema-graph\">{\"@context\":\"https:\\\/\\\/schema.org\",\"@graph\":[{\"@type\":\"WebPage\",\"@id\":\"https:\\\/\\\/buyadsaccounts.net\\\/gads\\\/facebook-ads-account\\\/\",\"url\":\"https:\\\/\\\/buyadsaccounts.net\\\/gads\\\/facebook-ads-account\\\/\",\"name\":\"Buy Facebook Ads Accounts - Business Manager Verified\",\"isPartOf\":{\"@id\":\"https:\\\/\\\/buyadsaccounts.net\\\/#website\"},\"primaryImageOfPage\":{\"@id\":\"https:\\\/\\\/buyadsaccounts.net\\\/gads\\\/facebook-ads-account\\\/#primaryimage\"},\"image\":{\"@id\":\"https:\\\/\\\/buyadsaccounts.net\\\/gads\\\/facebook-ads-account\\\/#primaryimage\"},\"thumbnailUrl\":\"https:\\\/\\\/buyadsaccounts.net\\\/wp-content\\\/uploads\\\/2022\\\/09\\\/facebook-ads-accounts-marketplace.jpg\",\"datePublished\":\"2022-09-01T08:39:12+00:00\",\"dateModified\":\"2026-02-01T17:25:32+00:00\",\"description\":\"Buy Facebook Ads accounts with verified Business Manager. Premium accounts ready to publish campaigns instantly. Advertise on Facebook Ads with our accounts.\",\"breadcrumb\":{\"@id\":\"https:\\\/\\\/buyadsaccounts.net\\\/gads\\\/facebook-ads-account\\\/#breadcrumb\"},\"inLanguage\":\"hu\",\"potentialAction\":[{\"@type\":\"ReadAction\",\"target\":[\"https:\\\/\\\/buyadsaccounts.net\\\/gads\\\/facebook-ads-account\\\/\"]}]},{\"@type\":\"ImageObject\",\"inLanguage\":\"hu\",\"@id\":\"https:\\\/\\\/buyadsaccounts.net\\\/gads\\\/facebook-ads-account\\\/#primaryimage\",\"url\":\"https:\\\/\\\/buyadsaccounts.net\\\/wp-content\\\/uploads\\\/2022\\\/09\\\/facebook-ads-accounts-marketplace.jpg\",\"contentUrl\":\"https:\\\/\\\/buyadsaccounts.net\\\/wp-content\\\/uploads\\\/2022\\\/09\\\/facebook-ads-accounts-marketplace.jpg\",\"width\":600,\"height\":600},{\"@type\":\"BreadcrumbList\",\"@id\":\"https:\\\/\\\/buyadsaccounts.net\\\/gads\\\/facebook-ads-account\\\/#breadcrumb\",\"itemListElement\":[{\"@type\":\"ListItem\",\"position\":1,\"name\":\"Home\",\"item\":\"https:\\\/\\\/buyadsaccounts.net\\\/\"},{\"@type\":\"ListItem\",\"position\":2,\"name\":\"Shop\",\"item\":\"https:\\\/\\\/buyadsaccounts.net\\\/ar\\\/%d9%85%d8%aa%d8%ac%d8%b1\\\/\"},{\"@type\":\"ListItem\",\"position\":3,\"name\":\"Buy Facebook Ads Account\"}]},{\"@type\":\"WebSite\",\"@id\":\"https:\\\/\\\/buyadsaccounts.net\\\/#website\",\"url\":\"https:\\\/\\\/buyadsaccounts.net\\\/\",\"name\":\"BuyAdsAccounts\",\"description\":\"\",\"publisher\":{\"@id\":\"https:\\\/\\\/buyadsaccounts.net\\\/#organization\"},\"potentialAction\":[{\"@type\":\"SearchAction\",\"target\":{\"@type\":\"EntryPoint\",\"urlTemplate\":\"https:\\\/\\\/buyadsaccounts.net\\\/?s={search_term_string}\"},\"query-input\":{\"@type\":\"PropertyValueSpecification\",\"valueRequired\":true,\"valueName\":\"search_term_string\"}}],\"inLanguage\":\"hu\"},{\"@type\":\"Organization\",\"@id\":\"https:\\\/\\\/buyadsaccounts.net\\\/#organization\",\"name\":\"Buy Google Ads Accounts\",\"url\":\"https:\\\/\\\/buyadsaccounts.net\\\/\",\"logo\":{\"@type\":\"ImageObject\",\"inLanguage\":\"hu\",\"@id\":\"https:\\\/\\\/buyadsaccounts.net\\\/#\\\/schema\\\/logo\\\/image\\\/\",\"url\":\"https:\\\/\\\/buyadsaccounts.net\\\/wp-content\\\/uploads\\\/2024\\\/12\\\/buyads-fav.jpg\",\"contentUrl\":\"https:\\\/\\\/buyadsaccounts.net\\\/wp-content\\\/uploads\\\/2024\\\/12\\\/buyads-fav.jpg\",\"width\":512,\"height\":512,\"caption\":\"Buy Google Ads Accounts\"},\"image\":{\"@id\":\"https:\\\/\\\/buyadsaccounts.net\\\/#\\\/schema\\\/logo\\\/image\\\/\"}}]}<\/script>\n<!-- \/ Yoast SEO Premium plugin. -->","yoast_head_json":{"title":"V\u00e1s\u00e1rl\u00e1s Facebook hirdet\u00e9si sz\u00e1ml\u00e1k - Business Manager Ellen\u0151rz\u00f6tt","description":"V\u00e1s\u00e1roljon Facebook hirdet\u00e9si fi\u00f3kokat ellen\u0151rz\u00f6tt Business Managerrel. Pr\u00e9mium fi\u00f3kok, amelyek k\u00e9szen \u00e1llnak a kamp\u00e1nyok azonnali k\u00f6zz\u00e9t\u00e9tel\u00e9re. Hirdessen a Facebook hirdet\u00e9seken a mi fi\u00f3kjainkkal.","robots":{"index":"index","follow":"follow","max-snippet":"max-snippet:-1","max-image-preview":"max-image-preview:large","max-video-preview":"max-video-preview:-1"},"canonical":"https:\/\/buyadsaccounts.net\/hu\/gads\/facebook-hirdetesek-fiok\/","og_locale":"hu_HU","og_type":"article","og_title":"Buy Facebook Ads Account","og_description":"Buy Facebook Ads accounts with verified Business Manager. Premium accounts ready to publish campaigns instantly. Advertise on Facebook Ads with our accounts.","og_url":"https:\/\/buyadsaccounts.net\/hu\/gads\/facebook-hirdetesek-fiok\/","og_site_name":"BuyAdsAccounts","article_modified_time":"2026-02-01T17:25:32+00:00","og_image":[{"width":600,"height":600,"url":"https:\/\/buyadsaccounts.net\/wp-content\/uploads\/2022\/09\/facebook-ads-accounts-marketplace.jpg","type":"image\/jpeg"}],"twitter_card":"summary_large_image","twitter_misc":{"Becs\u00fclt olvas\u00e1si id\u0151":"3 perc"},"schema":{"@context":"https:\/\/schema.org","@graph":[{"@type":"WebPage","@id":"https:\/\/buyadsaccounts.net\/gads\/facebook-ads-account\/","url":"https:\/\/buyadsaccounts.net\/gads\/facebook-ads-account\/","name":"V\u00e1s\u00e1rl\u00e1s Facebook hirdet\u00e9si sz\u00e1ml\u00e1k - Business Manager Ellen\u0151rz\u00f6tt","isPartOf":{"@id":"https:\/\/buyadsaccounts.net\/#website"},"primaryImageOfPage":{"@id":"https:\/\/buyadsaccounts.net\/gads\/facebook-ads-account\/#primaryimage"},"image":{"@id":"https:\/\/buyadsaccounts.net\/gads\/facebook-ads-account\/#primaryimage"},"thumbnailUrl":"https:\/\/buyadsaccounts.net\/wp-content\/uploads\/2022\/09\/facebook-ads-accounts-marketplace.jpg","datePublished":"2022-09-01T08:39:12+00:00","dateModified":"2026-02-01T17:25:32+00:00","description":"V\u00e1s\u00e1roljon Facebook hirdet\u00e9si fi\u00f3kokat ellen\u0151rz\u00f6tt Business Managerrel. Pr\u00e9mium fi\u00f3kok, amelyek k\u00e9szen \u00e1llnak a kamp\u00e1nyok azonnali k\u00f6zz\u00e9t\u00e9tel\u00e9re. Hirdessen a Facebook hirdet\u00e9seken a mi fi\u00f3kjainkkal.","breadcrumb":{"@id":"https:\/\/buyadsaccounts.net\/gads\/facebook-ads-account\/#breadcrumb"},"inLanguage":"hu","potentialAction":[{"@type":"ReadAction","target":["https:\/\/buyadsaccounts.net\/gads\/facebook-ads-account\/"]}]},{"@type":"ImageObject","inLanguage":"hu","@id":"https:\/\/buyadsaccounts.net\/gads\/facebook-ads-account\/#primaryimage","url":"https:\/\/buyadsaccounts.net\/wp-content\/uploads\/2022\/09\/facebook-ads-accounts-marketplace.jpg","contentUrl":"https:\/\/buyadsaccounts.net\/wp-content\/uploads\/2022\/09\/facebook-ads-accounts-marketplace.jpg","width":600,"height":600},{"@type":"BreadcrumbList","@id":"https:\/\/buyadsaccounts.net\/gads\/facebook-ads-account\/#breadcrumb","itemListElement":[{"@type":"ListItem","position":1,"name":"Home","item":"https:\/\/buyadsaccounts.net\/"},{"@type":"ListItem","position":2,"name":"Shop","item":"https:\/\/buyadsaccounts.net\/ar\/%d9%85%d8%aa%d8%ac%d8%b1\/"},{"@type":"ListItem","position":3,"name":"Buy Facebook Ads Account"}]},{"@type":"WebSite","@id":"https:\/\/buyadsaccounts.net\/#website","url":"https:\/\/buyadsaccounts.net\/","name":"BuyAdsAccounts","description":"","publisher":{"@id":"https:\/\/buyadsaccounts.net\/#organization"},"potentialAction":[{"@type":"SearchAction","target":{"@type":"EntryPoint","urlTemplate":"https:\/\/buyadsaccounts.net\/?s={search_term_string}"},"query-input":{"@type":"PropertyValueSpecification","valueRequired":true,"valueName":"search_term_string"}}],"inLanguage":"hu"},{"@type":"Organization","@id":"https:\/\/buyadsaccounts.net\/#organization","name":"V\u00e1s\u00e1roljon Google Ads sz\u00e1ml\u00e1kat","url":"https:\/\/buyadsaccounts.net\/","logo":{"@type":"ImageObject","inLanguage":"hu","@id":"https:\/\/buyadsaccounts.net\/#\/schema\/logo\/image\/","url":"https:\/\/buyadsaccounts.net\/wp-content\/uploads\/2024\/12\/buyads-fav.jpg","contentUrl":"https:\/\/buyadsaccounts.net\/wp-content\/uploads\/2024\/12\/buyads-fav.jpg","width":512,"height":512,"caption":"Buy Google Ads Accounts"},"image":{"@id":"https:\/\/buyadsaccounts.net\/#\/schema\/logo\/image\/"}}]}},"wcpa_form_fields":{"wcpaData":{"product":{"product_price":0,"price_html":"<span class=\"woocommerce-Price-amount amount\"><bdi>0<span class=\"woocommerce-Price-currencySymbol\">&#36;<\/span><\/bdi><\/span>","original_product_price":0,"price_including_tax":0,"price_excluding_tax":0,"product_id":{"parent":3411,"variation":false},"is_variable":false,"stock_status":"instock","stock_quantity":null,"parent_sku":"","product_attributes":[],"custom_fields":[],"is_taxable":false,"product_name":"Buy Facebook Ads Account","hasImage":false},"fields":{"sec_9676e73d9751a8":{"extra":{"key":"sec_9676e73d9751a8","section_id":"sec_9676e73d9751a8","name":"Default","status":1,"cl_rule":"show","enableCl":false,"relations":[],"toggle":true,"title_tag":"h3","show_title":false,"showPrice":"default","form_id":4409,"form_rules":{"exclude_from_discount":false,"fee_label":"\u8d39\u7528","disp_hide_options_price":false,"disp_show_section_price":false,"disp_show_field_price":true,"layout_option":"standard","pric_use_as_fee":false,"process_fee_as":"woo_fee"},"layout_option":"standard"},"fields":[[{"type":"checkbox-group","required":true,"elementId":"wcpa-checkbox-group-1643471137938","label":"Account Options","enablePrice":true,"priceOptions":"different_for_all","pricingType":"fixed","price":"100","name":"checkbox-group-1643471137938","min_options":"1","other_text":"Other","cl_rule":"show","col":6,"values":[{"label":"2021 USD Account","value":"usd-account-buy1","price":"300","pimage":"","pimage_id":"","pthumb":"","gt_translate_keys":["label"]},{"label":"2022 EUR Account","value":"eur-account-buy1","price":"300","pimage":"","pimage_id":"","pthumb":"","gt_translate_keys":["label"]},{"label":"2023 GBP Account","value":"gbp-account-buy1","price":"200","pimage":"","pimage_id":"","pthumb":"","gt_translate_keys":["label"]}],"relations":false,"active":true,"tooltip":"","layOut":"inline","isWeightTemplate":false,"error":false,"isTemplate":false,"checkUi":"","min_quantity":"1","quantity_decimal":false,"quantity_step":"1","quantity_label":"Quantity","repeater_field_label":"{field_label}","repeater_bind":"","gt_translate_keys":["label","tooltip","repeater_field_label","quantity_label"],"price_dependency":false,"cl_dependency":false,"value":""}],[{"type":"checkbox-group","elementId":"wcpa-checkbox-group-1708272968133","label":"Extra Services","enablePrice":true,"priceOptions":"different_for_all","pricingType":"fixed","price":"100","name":"checkbox-group-1708272968132","min_options":"1","other_text":"Other","enableCl":false,"cl_rule":"show","cl_val":"addcc","col":6,"values":[{"label":"Credit Card","value":"addcc","price":"100","pimage":"","pimage_id":"","pthumb":"","tempId":"aco_3459","gt_translate_keys":["label"]},{"label":"Cloaking ( Crypto, IPTV, Gambling, Casino, Affiliate)","value":"blak-cat","price":"100","pimage":"","pimage_id":"","pthumb":"","tempId":"aco_3460","gt_translate_keys":["label"]},{"label":"Ads Manager","value":"ama02","price":"100","pimage":"","pimage_id":"","pthumb":"","tempId":"aco_3461","gt_translate_keys":["label"]},{"label":"Premium Proxy","value":"prexpxo","selected":false,"tempId":"aco_3543","price":"20","gt_translate_keys":["label"]},{"label":"Premium Warranty","value":"premwar","selected":false,"tempId":"aco_1207","price":"500","gt_translate_keys":["label"]}],"relations":[{"operator":false,"rules":[{"operator":false,"rules":{"cl_field":"wcpa-checkbox-group-1708272968133","cl_relation":"is","cl_val":"addcc"}}]}],"active":true,"tooltip":"<a href=\"https:\/\/help.buyadsaccounts.net\/hc\/helpcenter\/articles\/1754560957-additional-options\" target=\"blank\">Read More<\/a>","layOut":"","checkUi":"","error":false,"isWeightTemplate":false,"isTemplate":false,"min_quantity":"1","quantity_decimal":false,"quantity_step":"1","quantity_label":"Quantity","repeater_field_label":"{field_label}","repeater_bind":"","gt_translate_keys":["label","tooltip","repeater_field_label","quantity_label"],"price_dependency":false,"cl_dependency":["wcpa-checkbox-group-1711017426681","wcpa-checkbox-group-1711017486331","wcpa-number-1702422483197"],"value":""}],[{"type":"checkbox-group","required":true,"elementId":"wcpa-checkbox-group-1711017426681","label":"Cloaking - How many URLs?","description":"Price per URL","enablePrice":true,"priceOptions":"different_for_all","pricingType":"fixed","price":"100","name":"checkbox-group-1711017426680","min_options":"1","other_text":"Other","enableCl":true,"cl_rule":"show","cl_val":"black-cam","col":6,"values":[{"label":"1 URL","value":"gee","price":"0","pimage":"","pimage_id":"","pthumb":"","gt_translate_keys":["label"]},{"label":"2 URLs","value":"tws","price":"100","pimage":"","pimage_id":"","pthumb":"","gt_translate_keys":["label"]},{"label":"3 URLs","value":"gr4","price":"200","pimage":"","pimage_id":"","pthumb":"","gt_translate_keys":["label"]},{"label":"5 URLs","value":"bew","price":"350","pimage":"","pimage_id":"","pthumb":"","gt_translate_keys":["label"]},{"label":"10 URLs","value":"blg","price":"700","pimage":"","pimage_id":"","pthumb":"","gt_translate_keys":["label"]}],"relations":[{"operator":false,"rules":[{"operator":false,"rules":{"cl_field":"wcpa-checkbox-group-1708272968133","cl_relation":"is","cl_val":"black-cam"}}]}],"active":true,"tooltip":"","layOut":"","gt_translate_keys":["label","description","tooltip"],"price_dependency":false,"cl_dependency":false,"value":""}],[{"type":"checkbox-group","required":true,"elementId":"wcpa-checkbox-group-1711017486331","label":"Ads Manager - How many ADS?","description":"Price per AD","enablePrice":true,"priceOptions":"different_for_all","pricingType":"fixed","price":"100","name":"checkbox-group-1711017486330","min_options":"1","other_text":"Other","enableCl":true,"cl_rule":"show","cl_val":"ama02","col":6,"values":[{"label":"1 Ad","value":"gee","price":"0","pimage":"","pimage_id":"","pthumb":"","gt_translate_keys":["label"]},{"label":"2 Ads","value":"tws","price":"100","pimage":"","pimage_id":"","pthumb":"","gt_translate_keys":["label"]},{"label":"3 Ads","value":"gr4","price":"200","pimage":"","pimage_id":"","pthumb":"","gt_translate_keys":["label"]},{"label":"5 Ads","value":"bew","price":"350","pimage":"","pimage_id":"","pthumb":"","gt_translate_keys":["label"]},{"label":"10 Ads","value":"blg","price":"700","pimage":"","pimage_id":"","pthumb":"","gt_translate_keys":["label"]}],"relations":[{"operator":false,"rules":[{"operator":false,"rules":{"cl_field":"wcpa-checkbox-group-1708272968133","cl_relation":"is","cl_val":"ama02"}}]}],"active":true,"tooltip":"","layOut":"","gt_translate_keys":["label","description","tooltip"],"price_dependency":false,"cl_dependency":false,"value":""}],[{"type":"number","required":true,"elementId":"wcpa-number-1702422483197","label":"Add Funds to the account","description":"5% fee","enablePrice":true,"pricingType":"multiply","price":"1","min":"25","max":"50000","name":"number-1702422483197","enableCl":true,"cl_rule":"show","cl_val":"addcc","col":6,"relations":[{"operator":false,"rules":[{"operator":false,"rules":{"cl_field":"wcpa-checkbox-group-1708272968133","cl_relation":"is","cl_val":"addcc"}}]}],"active":true,"tooltip":"","error":false,"gt_translate_keys":["label","description","tooltip"],"price_dependency":false,"cl_dependency":false,"value":""}]]}},"config":{"price_override":"","enable_recaptcha":false,"bind_quantity":false,"quantity_bind_formula":false,"disp_summ_show_option_price":false,"disp_summ_show_product_price":false,"disp_summ_show_total_price":true,"disp_summ_show_fee":false,"disp_summ_show_discount":false,"summary_title":"","options_total_label":"\u671f\u6743\u4ef7\u683c","total_label":"\u603b\u8ba1","options_product_label":"\u4ea7\u54c1\u4ef7\u683c","fee_label":"\u8d39\u7528","discount_label":"\u6298\u6263","has_price":true,"has_quantity_formula":false},"mc_unit":1,"tax_rate":1,"tax_rate_real":1,"discount":{"percentage":0,"fixed":0},"design":{"conf":{"LabelPosition":"above","DescPosition":"above","UploadField":"custom_1","QuantityFieldStyle":"default"},"css":{"LeftLabelWidth":"120px"}},"formulas":[],"lookuptables":[],"clones":false,"cartKey":false}},"_links":{"self":[{"href":"https:\/\/buyadsaccounts.net\/hu\/wp-json\/wp\/v2\/product\/3411","targetHints":{"allow":["GET"]}}],"collection":[{"href":"https:\/\/buyadsaccounts.net\/hu\/wp-json\/wp\/v2\/product"}],"about":[{"href":"https:\/\/buyadsaccounts.net\/hu\/wp-json\/wp\/v2\/types\/product"}],"version-history":[{"count":1,"href":"https:\/\/buyadsaccounts.net\/hu\/wp-json\/wp\/v2\/product\/3411\/revisions"}],"predecessor-version":[{"id":9545,"href":"https:\/\/buyadsaccounts.net\/hu\/wp-json\/wp\/v2\/product\/3411\/revisions\/9545"}],"wp:featuredmedia":[{"embeddable":true,"href":"https:\/\/buyadsaccounts.net\/hu\/wp-json\/wp\/v2\/media\/3412"}],"wp:attachment":[{"href":"https:\/\/buyadsaccounts.net\/hu\/wp-json\/wp\/v2\/media?parent=3411"}],"wp:term":[{"taxonomy":"product_brand","embeddable":true,"href":"https:\/\/buyadsaccounts.net\/hu\/wp-json\/wp\/v2\/product_brand?post=3411"},{"taxonomy":"product_cat","embeddable":true,"href":"https:\/\/buyadsaccounts.net\/hu\/wp-json\/wp\/v2\/product_cat?post=3411"},{"taxonomy":"product_tag","embeddable":true,"href":"https:\/\/buyadsaccounts.net\/hu\/wp-json\/wp\/v2\/product_tag?post=3411"}],"curies":[{"name":"wp","href":"https:\/\/api.w.org\/{rel}","templated":true}]}}