{"id":3393,"date":"2022-08-30T15:28:57","date_gmt":"2022-08-30T13:28:57","guid":{"rendered":"https:\/\/rentaccounts.net\/?post_type=product&#038;p=3393"},"modified":"2026-02-03T22:53:40","modified_gmt":"2026-02-03T22:53:40","slug":"microsoft-hirdetesek-fiok-bing","status":"publish","type":"product","link":"https:\/\/buyadsaccounts.net\/hu\/gads\/microsoft-hirdetesek-fiok-bing\/","title":{"rendered":"Microsoft Ads fi\u00f3k v\u00e1s\u00e1rl\u00e1sa"},"content":{"rendered":"<h2>A Microsoft Ads fi\u00f3kok v\u00e1s\u00e1rl\u00e1s\u00e1nak el\u0151nyei<\/h2>\n<p>Szeretn\u00e9 fellend\u00edteni online hirdet\u00e9si er\u0151fesz\u00edt\u00e9seit? A Microsoft Ads egy hat\u00e9kony platform, amely seg\u00edthet sz\u00e9lesebb k\u00f6z\u00f6ns\u00e9get el\u00e9rni, \u00e9s nagyobb forgalmat gener\u00e1lni weboldal\u00e1n. T\u00f6bb Microsoft Ads-fi\u00f3k kezel\u00e9se azonban id\u0151ig\u00e9nyes \u00e9s kih\u00edv\u00e1st jelenthet. Itt jelenthet v\u00e1ltoz\u00e1st a Microsoft Ads-fi\u00f3kok megv\u00e1s\u00e1rl\u00e1sa. Ebben a cikkben a Microsoft Ads-fi\u00f3kok megv\u00e1s\u00e1rl\u00e1s\u00e1nak el\u0151nyeit t\u00e1rgyaljuk, \u00e9s azt, hogyan biztos\u00edthat versenyel\u0151nyt v\u00e1llalkoz\u00e1s\u00e1nak.<\/p>\n<h3>1. Megn\u00f6velt el\u00e9r\u00e9s<\/h3>\n<p>A Microsoft Ads-fi\u00f3kok megv\u00e1s\u00e1rl\u00e1s\u00e1val b\u0151v\u00edtheti hat\u00f3k\u00f6r\u00e9t, \u00e9s nagyobb k\u00f6z\u00f6ns\u00e9get c\u00e9lozhat meg. Minden fi\u00f3khoz saj\u00e1t, egyedi demogr\u00e1fiai \u00e9s \u00e9rdekl\u0151d\u00e9si k\u00f6r tartozik, \u00edgy hirdet\u00e9sei az adott \u00fcgyf\u00e9lszegmensekre szabhat\u00f3k. T\u00f6bb fi\u00f3kkal egyszerre k\u00fcl\u00f6nb\u00f6z\u0151 kamp\u00e1nyokat futtathat, \u00edgy maximaliz\u00e1lhatja a megjelen\u00e9st, \u00e9s n\u00f6velheti a potenci\u00e1lis \u00fcgyfelek el\u00e9r\u00e9s\u00e9nek es\u00e9ly\u00e9t.<\/p>\n<h3>2. Jav\u00edtott hirdet\u00e9si teljes\u00edtm\u00e9ny<\/h3>\n<p>A Microsoft Ads-fi\u00f3kok megv\u00e1s\u00e1rl\u00e1s\u00e1val olyan fi\u00f3kokhoz juthat hozz\u00e1, amelyeket m\u00e1r l\u00e9trehoztak, \u00e9s amelyek m\u00e1r rendelkeznek sikeres hirdet\u00e9si teljes\u00edtm\u00e9nnyel. Ezek a fi\u00f3kok hiteless\u00e9get \u00e9s bizalmat \u00e9p\u00edtettek ki a Microsoftn\u00e1l, ami pozit\u00edvan befoly\u00e1solhatja a hirdet\u00e9sek teljes\u00edtm\u00e9ny\u00e9t. E fi\u00f3kok megl\u00e9v\u0151 h\u00edrnev\u00e9t kihaszn\u00e1lva jav\u00edthatja hirdet\u00e9sei min\u0151s\u00e9gi pontsz\u00e1m\u00e1t, \u00e9s n\u00f6velheti annak es\u00e9ly\u00e9t, hogy hirdet\u00e9sei megjelenjenek a c\u00e9lk\u00f6z\u00f6ns\u00e9g sz\u00e1m\u00e1ra.<\/p>\n<h3>3. Id\u0151- \u00e9s f\u00e1rads\u00e1gmegtakar\u00edt\u00e1s<\/h3>\n<p>T\u00f6bb Microsoft Ads-fi\u00f3k kezel\u00e9se id\u0151ig\u00e9nyes lehet, \u00e9s jelent\u0151s mennyis\u00e9g\u0171 er\u0151fesz\u00edt\u00e9st ig\u00e9nyel. Az el\u0151re megl\u00e9v\u0151 fi\u00f3kok megv\u00e1s\u00e1rl\u00e1s\u00e1val megk\u00edm\u00e9lheti mag\u00e1t az \u00faj fi\u00f3kok null\u00e1r\u00f3l t\u00f6rt\u00e9n\u0151 l\u00e9trehoz\u00e1s\u00e1nak \u00e9s kezel\u00e9s\u00e9nek f\u00e1radalmait\u00f3l. Ez lehet\u0151v\u00e9 teszi, hogy idej\u00e9t \u00e9s energi\u00e1j\u00e1t v\u00e1llalkoz\u00e1s\u00e1nak m\u00e1s fontos szempontjaira, p\u00e9ld\u00e1ul a hirdet\u00e9si kamp\u00e1nyok optimaliz\u00e1l\u00e1s\u00e1ra \u00e9s az eredm\u00e9nyek elemz\u00e9s\u00e9re \u00f6sszpontos\u00edthassa.<\/p>\n<h3>4. Versenyel\u0151ny<\/h3>\n<p>A Microsoft Ads-fi\u00f3kok megv\u00e1s\u00e1rl\u00e1sa versenyel\u0151nyh\u00f6z juttathatja \u00d6nt az online hirdet\u00e9si piacon. T\u00f6bb fi\u00f3kkal k\u00fcl\u00f6nb\u00f6z\u0151 hirdet\u00e9si vari\u00e1ci\u00f3kat futtathat, \u00e9s k\u00fcl\u00f6nb\u00f6z\u0151 strat\u00e9gi\u00e1kat tesztelhet, hogy megtudja, mi m\u0171k\u00f6dik a legjobban v\u00e1llalkoz\u00e1sa sz\u00e1m\u00e1ra. Ez a rugalmass\u00e1g lehet\u0151v\u00e9 teszi, hogy versenyt\u00e1rsai el\u0151tt maradjon, \u00e9s a val\u00f3s idej\u0171 adatok \u00e9s megl\u00e1t\u00e1sok alapj\u00e1n igaz\u00edtsa ki hirdet\u00e9si megk\u00f6zel\u00edt\u00e9s\u00e9t.<\/p>\n<h3>5. K\u00f6lts\u00e9ghat\u00e9kony megold\u00e1s<\/h3>\n<p>Amikor <strong>Microsoft Ads fi\u00f3kok v\u00e1s\u00e1rl\u00e1sa<\/strong>, \u00d6n l\u00e9nyeg\u00e9ben egy k\u00f6lts\u00e9ghat\u00e9kony hirdet\u00e9si megold\u00e1sba fektet be. Ahelyett, hogy jelent\u0151s \u00f6sszeget k\u00f6ltene \u00faj fi\u00f3kok l\u00e9trehoz\u00e1s\u00e1ra \u00e9s optimaliz\u00e1l\u00e1s\u00e1ra, a k\u00f6lts\u00e9gek t\u00f6red\u00e9k\u00e9\u00e9rt v\u00e1s\u00e1rolhat m\u00e1r megl\u00e9v\u0151 fi\u00f3kokat. Ez jelent\u0151s megtakar\u00edt\u00e1st eredm\u00e9nyezhet, k\u00fcl\u00f6n\u00f6sen a korl\u00e1tozott hirdet\u00e9si k\u00f6lts\u00e9gvet\u00e9ssel rendelkez\u0151 v\u00e1llalkoz\u00e1sok sz\u00e1m\u00e1ra.<\/p>\n<p>A Microsoft Ads fi\u00f3kok v\u00e1s\u00e1rl\u00e1sa okos l\u00e9p\u00e9s lehet az online hirdet\u00e9si er\u0151fesz\u00edt\u00e9seiket fokozni k\u00edv\u00e1n\u00f3 v\u00e1llalkoz\u00e1sok sz\u00e1m\u00e1ra. A nagyobb el\u00e9r\u00e9s, a jobb hirdet\u00e9si teljes\u00edtm\u00e9ny, az id\u0151- \u00e9s f\u00e1rads\u00e1gmegtakar\u00edt\u00e1s, a versenyel\u0151ny \u00e9s a k\u00f6lts\u00e9ghat\u00e9kony megold\u00e1sok r\u00e9v\u00e9n a m\u00e1r megl\u00e9v\u0151 fi\u00f3kok megv\u00e1s\u00e1rl\u00e1sa megadhatja v\u00e1llalkoz\u00e1s\u00e1nak azt a l\u00f6k\u00e9st, amelyre sz\u00fcks\u00e9ge van a digit\u00e1lis marketingben val\u00f3 \u00e9rv\u00e9nyes\u00fcl\u00e9shez. Mi\u00e9rt v\u00e1rjon teh\u00e1t? Kezdje el felfedezni a Microsoft Ads-fi\u00f3kok megv\u00e1s\u00e1rl\u00e1s\u00e1nak el\u0151nyeit, \u00e9s emelje \u00faj magass\u00e1gokba hirdet\u00e9si kamp\u00e1nyait.<\/p>","protected":false},"excerpt":{"rendered":"<p>Are you looking for a Microsoft Ads account to run your campaigns on Bing, AOL, and Yahoo (and more). We can provide you a fully verified Microsoft (Bing) Ads account.<\/p>","protected":false},"featured_media":3395,"template":"","meta":{"_acf_changed":false,"_glsr_average":4.9,"_glsr_ranking":4.68125,"_glsr_reviews":54},"product_brand":[],"product_cat":[161],"product_tag":[],"class_list":{"0":"post-3393","1":"product","2":"type-product","3":"status-publish","4":"has-post-thumbnail","6":"product_cat-microsoft-bing-ads-accounts","7":"wcpa_has_options","9":"first","10":"instock","11":"purchasable","12":"product-type-simple"},"acf":[],"yoast_head":"<!-- This site is optimized with the Yoast SEO Premium plugin v26.7 (Yoast SEO v27.4) - https:\/\/yoast.com\/product\/yoast-seo-premium-wordpress\/ -->\n<title>Buy Microsoft Ads Accounts - Advertise on Bing, AOL, Yahoo<\/title>\n<meta name=\"description\" content=\"Buy Microsoft Bing Ads accounts. Premium accounts ready to publish campaigns instantly. Advertise on Microsoft Ads with our accounts.\" \/>\n<meta name=\"robots\" content=\"index, follow, max-snippet:-1, max-image-preview:large, max-video-preview:-1\" \/>\n<link rel=\"canonical\" href=\"https:\/\/buyadsaccounts.net\/hu\/gads\/microsoft-hirdetesek-fiok-bing\/\" \/>\n<meta property=\"og:locale\" content=\"hu_HU\" \/>\n<meta property=\"og:type\" content=\"article\" \/>\n<meta property=\"og:title\" content=\"Buy Microsoft Ads Account\" \/>\n<meta property=\"og:description\" content=\"Buy Microsoft Bing Ads accounts. Premium accounts ready to publish campaigns instantly. Advertise on Microsoft Ads with our accounts.\" \/>\n<meta property=\"og:url\" content=\"https:\/\/buyadsaccounts.net\/hu\/gads\/microsoft-hirdetesek-fiok-bing\/\" \/>\n<meta property=\"og:site_name\" content=\"BuyAdsAccounts\" \/>\n<meta property=\"article:modified_time\" content=\"2026-02-03T22:53:40+00:00\" \/>\n<meta property=\"og:image\" content=\"https:\/\/buyadsaccounts.net\/wp-content\/uploads\/2022\/08\/microsoft-ads-bing-ads-accounts.jpg\" \/>\n\t<meta property=\"og:image:width\" content=\"600\" \/>\n\t<meta property=\"og:image:height\" content=\"600\" \/>\n\t<meta property=\"og:image:type\" content=\"image\/jpeg\" \/>\n<meta name=\"twitter:card\" content=\"summary_large_image\" \/>\n<meta name=\"twitter:label1\" content=\"Becs\u00fclt olvas\u00e1si id\u0151\" \/>\n\t<meta name=\"twitter:data1\" content=\"3 perc\" \/>\n<script type=\"application\/ld+json\" class=\"yoast-schema-graph\">{\"@context\":\"https:\\\/\\\/schema.org\",\"@graph\":[{\"@type\":\"WebPage\",\"@id\":\"https:\\\/\\\/buyadsaccounts.net\\\/gads\\\/microsoft-ads-account-bing\\\/\",\"url\":\"https:\\\/\\\/buyadsaccounts.net\\\/gads\\\/microsoft-ads-account-bing\\\/\",\"name\":\"Buy Microsoft Ads Accounts - Advertise on Bing, AOL, Yahoo\",\"isPartOf\":{\"@id\":\"https:\\\/\\\/buyadsaccounts.net\\\/#website\"},\"primaryImageOfPage\":{\"@id\":\"https:\\\/\\\/buyadsaccounts.net\\\/gads\\\/microsoft-ads-account-bing\\\/#primaryimage\"},\"image\":{\"@id\":\"https:\\\/\\\/buyadsaccounts.net\\\/gads\\\/microsoft-ads-account-bing\\\/#primaryimage\"},\"thumbnailUrl\":\"https:\\\/\\\/buyadsaccounts.net\\\/wp-content\\\/uploads\\\/2022\\\/08\\\/microsoft-ads-bing-ads-accounts.jpg\",\"datePublished\":\"2022-08-30T13:28:57+00:00\",\"dateModified\":\"2026-02-03T22:53:40+00:00\",\"description\":\"Buy Microsoft Bing Ads accounts. Premium accounts ready to publish campaigns instantly. Advertise on Microsoft Ads with our accounts.\",\"breadcrumb\":{\"@id\":\"https:\\\/\\\/buyadsaccounts.net\\\/gads\\\/microsoft-ads-account-bing\\\/#breadcrumb\"},\"inLanguage\":\"hu\",\"potentialAction\":[{\"@type\":\"ReadAction\",\"target\":[\"https:\\\/\\\/buyadsaccounts.net\\\/gads\\\/microsoft-ads-account-bing\\\/\"]}]},{\"@type\":\"ImageObject\",\"inLanguage\":\"hu\",\"@id\":\"https:\\\/\\\/buyadsaccounts.net\\\/gads\\\/microsoft-ads-account-bing\\\/#primaryimage\",\"url\":\"https:\\\/\\\/buyadsaccounts.net\\\/wp-content\\\/uploads\\\/2022\\\/08\\\/microsoft-ads-bing-ads-accounts.jpg\",\"contentUrl\":\"https:\\\/\\\/buyadsaccounts.net\\\/wp-content\\\/uploads\\\/2022\\\/08\\\/microsoft-ads-bing-ads-accounts.jpg\",\"width\":600,\"height\":600},{\"@type\":\"BreadcrumbList\",\"@id\":\"https:\\\/\\\/buyadsaccounts.net\\\/gads\\\/microsoft-ads-account-bing\\\/#breadcrumb\",\"itemListElement\":[{\"@type\":\"ListItem\",\"position\":1,\"name\":\"Home\",\"item\":\"https:\\\/\\\/buyadsaccounts.net\\\/\"},{\"@type\":\"ListItem\",\"position\":2,\"name\":\"Shop\",\"item\":\"https:\\\/\\\/buyadsaccounts.net\\\/ar\\\/%d9%85%d8%aa%d8%ac%d8%b1\\\/\"},{\"@type\":\"ListItem\",\"position\":3,\"name\":\"Buy Microsoft Ads Account\"}]},{\"@type\":\"WebSite\",\"@id\":\"https:\\\/\\\/buyadsaccounts.net\\\/#website\",\"url\":\"https:\\\/\\\/buyadsaccounts.net\\\/\",\"name\":\"BuyAdsAccounts\",\"description\":\"\",\"publisher\":{\"@id\":\"https:\\\/\\\/buyadsaccounts.net\\\/#organization\"},\"potentialAction\":[{\"@type\":\"SearchAction\",\"target\":{\"@type\":\"EntryPoint\",\"urlTemplate\":\"https:\\\/\\\/buyadsaccounts.net\\\/?s={search_term_string}\"},\"query-input\":{\"@type\":\"PropertyValueSpecification\",\"valueRequired\":true,\"valueName\":\"search_term_string\"}}],\"inLanguage\":\"hu\"},{\"@type\":\"Organization\",\"@id\":\"https:\\\/\\\/buyadsaccounts.net\\\/#organization\",\"name\":\"Buy Google Ads Accounts\",\"url\":\"https:\\\/\\\/buyadsaccounts.net\\\/\",\"logo\":{\"@type\":\"ImageObject\",\"inLanguage\":\"hu\",\"@id\":\"https:\\\/\\\/buyadsaccounts.net\\\/#\\\/schema\\\/logo\\\/image\\\/\",\"url\":\"https:\\\/\\\/buyadsaccounts.net\\\/wp-content\\\/uploads\\\/2024\\\/12\\\/buyads-fav.jpg\",\"contentUrl\":\"https:\\\/\\\/buyadsaccounts.net\\\/wp-content\\\/uploads\\\/2024\\\/12\\\/buyads-fav.jpg\",\"width\":512,\"height\":512,\"caption\":\"Buy Google Ads Accounts\"},\"image\":{\"@id\":\"https:\\\/\\\/buyadsaccounts.net\\\/#\\\/schema\\\/logo\\\/image\\\/\"}}]}<\/script>\n<!-- \/ Yoast SEO Premium plugin. -->","yoast_head_json":{"title":"Microsoft hirdet\u00e9si fi\u00f3kok v\u00e1s\u00e1rl\u00e1sa - Hirdet\u00e9s a Bing, AOL, Yahoo oldalakon","description":"Microsoft Bing Ads fi\u00f3kok v\u00e1s\u00e1rl\u00e1sa. Pr\u00e9mium fi\u00f3kok, amelyek k\u00e9szen \u00e1llnak a kamp\u00e1nyok azonnali k\u00f6zz\u00e9t\u00e9tel\u00e9re. Hirdessen a Microsoft Ads-en a mi fi\u00f3kjainkkal.","robots":{"index":"index","follow":"follow","max-snippet":"max-snippet:-1","max-image-preview":"max-image-preview:large","max-video-preview":"max-video-preview:-1"},"canonical":"https:\/\/buyadsaccounts.net\/hu\/gads\/microsoft-hirdetesek-fiok-bing\/","og_locale":"hu_HU","og_type":"article","og_title":"Buy Microsoft Ads Account","og_description":"Buy Microsoft Bing Ads accounts. Premium accounts ready to publish campaigns instantly. Advertise on Microsoft Ads with our accounts.","og_url":"https:\/\/buyadsaccounts.net\/hu\/gads\/microsoft-hirdetesek-fiok-bing\/","og_site_name":"BuyAdsAccounts","article_modified_time":"2026-02-03T22:53:40+00:00","og_image":[{"width":600,"height":600,"url":"https:\/\/buyadsaccounts.net\/wp-content\/uploads\/2022\/08\/microsoft-ads-bing-ads-accounts.jpg","type":"image\/jpeg"}],"twitter_card":"summary_large_image","twitter_misc":{"Becs\u00fclt olvas\u00e1si id\u0151":"3 perc"},"schema":{"@context":"https:\/\/schema.org","@graph":[{"@type":"WebPage","@id":"https:\/\/buyadsaccounts.net\/gads\/microsoft-ads-account-bing\/","url":"https:\/\/buyadsaccounts.net\/gads\/microsoft-ads-account-bing\/","name":"Microsoft hirdet\u00e9si fi\u00f3kok v\u00e1s\u00e1rl\u00e1sa - Hirdet\u00e9s a Bing, AOL, Yahoo oldalakon","isPartOf":{"@id":"https:\/\/buyadsaccounts.net\/#website"},"primaryImageOfPage":{"@id":"https:\/\/buyadsaccounts.net\/gads\/microsoft-ads-account-bing\/#primaryimage"},"image":{"@id":"https:\/\/buyadsaccounts.net\/gads\/microsoft-ads-account-bing\/#primaryimage"},"thumbnailUrl":"https:\/\/buyadsaccounts.net\/wp-content\/uploads\/2022\/08\/microsoft-ads-bing-ads-accounts.jpg","datePublished":"2022-08-30T13:28:57+00:00","dateModified":"2026-02-03T22:53:40+00:00","description":"Microsoft Bing Ads fi\u00f3kok v\u00e1s\u00e1rl\u00e1sa. Pr\u00e9mium fi\u00f3kok, amelyek k\u00e9szen \u00e1llnak a kamp\u00e1nyok azonnali k\u00f6zz\u00e9t\u00e9tel\u00e9re. Hirdessen a Microsoft Ads-en a mi fi\u00f3kjainkkal.","breadcrumb":{"@id":"https:\/\/buyadsaccounts.net\/gads\/microsoft-ads-account-bing\/#breadcrumb"},"inLanguage":"hu","potentialAction":[{"@type":"ReadAction","target":["https:\/\/buyadsaccounts.net\/gads\/microsoft-ads-account-bing\/"]}]},{"@type":"ImageObject","inLanguage":"hu","@id":"https:\/\/buyadsaccounts.net\/gads\/microsoft-ads-account-bing\/#primaryimage","url":"https:\/\/buyadsaccounts.net\/wp-content\/uploads\/2022\/08\/microsoft-ads-bing-ads-accounts.jpg","contentUrl":"https:\/\/buyadsaccounts.net\/wp-content\/uploads\/2022\/08\/microsoft-ads-bing-ads-accounts.jpg","width":600,"height":600},{"@type":"BreadcrumbList","@id":"https:\/\/buyadsaccounts.net\/gads\/microsoft-ads-account-bing\/#breadcrumb","itemListElement":[{"@type":"ListItem","position":1,"name":"Home","item":"https:\/\/buyadsaccounts.net\/"},{"@type":"ListItem","position":2,"name":"Shop","item":"https:\/\/buyadsaccounts.net\/ar\/%d9%85%d8%aa%d8%ac%d8%b1\/"},{"@type":"ListItem","position":3,"name":"Buy Microsoft Ads Account"}]},{"@type":"WebSite","@id":"https:\/\/buyadsaccounts.net\/#website","url":"https:\/\/buyadsaccounts.net\/","name":"BuyAdsAccounts","description":"","publisher":{"@id":"https:\/\/buyadsaccounts.net\/#organization"},"potentialAction":[{"@type":"SearchAction","target":{"@type":"EntryPoint","urlTemplate":"https:\/\/buyadsaccounts.net\/?s={search_term_string}"},"query-input":{"@type":"PropertyValueSpecification","valueRequired":true,"valueName":"search_term_string"}}],"inLanguage":"hu"},{"@type":"Organization","@id":"https:\/\/buyadsaccounts.net\/#organization","name":"V\u00e1s\u00e1roljon Google Ads sz\u00e1ml\u00e1kat","url":"https:\/\/buyadsaccounts.net\/","logo":{"@type":"ImageObject","inLanguage":"hu","@id":"https:\/\/buyadsaccounts.net\/#\/schema\/logo\/image\/","url":"https:\/\/buyadsaccounts.net\/wp-content\/uploads\/2024\/12\/buyads-fav.jpg","contentUrl":"https:\/\/buyadsaccounts.net\/wp-content\/uploads\/2024\/12\/buyads-fav.jpg","width":512,"height":512,"caption":"Buy Google Ads Accounts"},"image":{"@id":"https:\/\/buyadsaccounts.net\/#\/schema\/logo\/image\/"}}]}},"wcpa_form_fields":{"wcpaData":{"product":{"product_price":0,"price_html":"<span class=\"woocommerce-Price-amount amount\"><bdi>0<span class=\"woocommerce-Price-currencySymbol\">&#36;<\/span><\/bdi><\/span>","original_product_price":0,"price_including_tax":0,"price_excluding_tax":0,"product_id":{"parent":3393,"variation":false},"is_variable":false,"stock_status":"instock","stock_quantity":null,"parent_sku":"","product_attributes":[],"custom_fields":[],"is_taxable":false,"product_name":"Buy Microsoft Ads Account","hasImage":false},"fields":{"sec_8695e94419315c":{"extra":{"key":"sec_8695e94419315c","section_id":"sec_8695e94419315c","name":"Default","status":1,"cl_rule":"show","enableCl":false,"relations":[],"toggle":true,"title_tag":"h3","show_title":false,"showPrice":"default","form_id":3396,"form_rules":{"exclude_from_discount":false,"fee_label":"Op\u0142ata","disp_hide_options_price":false,"disp_show_section_price":false,"disp_show_field_price":true,"layout_option":"standard","pric_use_as_fee":false,"process_fee_as":"woo_fee"},"layout_option":"standard"},"fields":[[{"type":"checkbox-group","required":true,"elementId":"wcpa-checkbox-group-1643471137938","label":"Account Options","enablePrice":true,"priceOptions":"different_for_all","pricingType":"fixed","price":"100","name":"checkbox-group-1643471137938","min_options":"1","other_text":"Other","cl_rule":"show","col":6,"values":[{"label":"2022 USD Account","value":"uk-new-no-spent","price":"200","pimage":"","pimage_id":"","pthumb":"","gt_translate_keys":["label"]},{"label":"2023 EUR Account","value":"uk-6-4k","price":"200","pimage":"","pimage_id":"","pthumb":"","gt_translate_keys":["label"]},{"label":"2023 GBP Account","value":"uk-2030-4000","price":"200","pimage":"","pimage_id":"","pthumb":"","gt_translate_keys":["label"]}],"relations":false,"active":true,"tooltip":"","layOut":"inline","isWeightTemplate":false,"error":false,"isTemplate":false,"checkUi":"","min_quantity":"1","quantity_decimal":false,"quantity_step":"1","quantity_label":"Quantity","repeater_field_label":"{field_label}","repeater_bind":"","gt_translate_keys":["label","tooltip","repeater_field_label","quantity_label"],"price_dependency":false,"cl_dependency":false,"value":""}],[{"type":"checkbox-group","elementId":"wcpa-checkbox-group-1708272824668","label":"Extra Services","enablePrice":true,"priceOptions":"different_for_all","pricingType":"fixed","price":"100","name":"checkbox-group-1708272824667","min_options":"1","other_text":"Other","cl_rule":"show","col":6,"values":[{"label":"Credit Card","value":"add-ccv","price":"100","pimage":"","pimage_id":"","pthumb":"","tempId":"aco_743","gt_translate_keys":["label"]},{"label":"Cloaking ( Crypto, IPTV, Gambling, Casino, Affiliate)","value":"blak-cat","price":"100","pimage":"","pimage_id":"","pthumb":"","tempId":"aco_744","gt_translate_keys":["label"]},{"label":"Ads Manager","value":"disw0","price":"100","pimage":"","pimage_id":"","pthumb":"","tempId":"aco_745","gt_translate_keys":["label"]},{"label":"Premium Proxy","value":"preprx","selected":false,"tempId":"aco_926","price":"20","gt_translate_keys":["label"]},{"label":"Premium Warranty","value":"premawa","selected":false,"tempId":"aco_807","price":"500","gt_translate_keys":["label"]}],"relations":false,"active":true,"tooltip":"<a href=\"https:\/\/help.buyadsaccounts.net\/hc\/helpcenter\/articles\/1754560957-additional-options\" target=\"blank\">Read More<\/a>","layOut":"","isWeightTemplate":false,"error":false,"isTemplate":false,"checkUi":"","min_quantity":"1","quantity_decimal":false,"quantity_step":"1","quantity_label":"Quantity","repeater_field_label":"{field_label}","repeater_bind":"","gt_translate_keys":["label","tooltip","repeater_field_label","quantity_label"],"price_dependency":false,"cl_dependency":["wcpa-checkbox-group-1711017105381","wcpa-checkbox-group-1711017186537","wcpa-number-1702422454388"],"value":""}],[{"type":"checkbox-group","required":true,"elementId":"wcpa-checkbox-group-1711017105381","label":"Cloaking - How many URLs?","description":"Price per URL","enablePrice":true,"priceOptions":"different_for_all","pricingType":"fixed","price":"100","name":"checkbox-group-1711017105380","min_options":"1","other_text":"Other","enableCl":true,"cl_rule":"show","cl_val":"blak2","col":6,"values":[{"label":"1 URL","value":"1qq","price":"0","pimage":"","pimage_id":"","pthumb":"","gt_translate_keys":["label"]},{"label":"2 URLs","value":"2aq","price":"100","pimage":"","pimage_id":"","pthumb":"","gt_translate_keys":["label"]},{"label":"3 URLs","value":"3df","price":"200","pimage":"","pimage_id":"","pthumb":"","gt_translate_keys":["label"]},{"label":"5 URLs","value":"522","price":"350","pimage":"","pimage_id":"","pthumb":"","gt_translate_keys":["label"]},{"label":"10 URLs","value":"fwe","price":"700","pimage":"","pimage_id":"","pthumb":"","gt_translate_keys":["label"]}],"relations":[{"operator":false,"rules":[{"operator":false,"rules":{"cl_field":"wcpa-checkbox-group-1708272824668","cl_relation":"is","cl_val":"blak2"}}]}],"active":true,"tooltip":"","layOut":"","gt_translate_keys":["label","description","tooltip"],"price_dependency":false,"cl_dependency":false,"value":""}],[{"type":"checkbox-group","required":true,"elementId":"wcpa-checkbox-group-1711017186537","label":"Ads Manager - How many ADS?","description":"Price per AD","enablePrice":true,"priceOptions":"different_for_all","pricingType":"fixed","price":"100","name":"checkbox-group-1711017186536","min_options":"1","other_text":"Other","enableCl":true,"cl_rule":"show","cl_val":"disw0","col":6,"values":[{"label":"1 Ad","value":"1qq","price":"0","pimage":"","pimage_id":"","pthumb":"","gt_translate_keys":["label"]},{"label":"2 Ads","value":"2aq","price":"100","pimage":"","pimage_id":"","pthumb":"","gt_translate_keys":["label"]},{"label":"3 Ads","value":"3df","price":"200","pimage":"","pimage_id":"","pthumb":"","gt_translate_keys":["label"]},{"label":"5 Ads","value":"522","price":"350","pimage":"","pimage_id":"","pthumb":"","gt_translate_keys":["label"]},{"label":"10 Ads","value":"fwe","price":"700","pimage":"","pimage_id":"","pthumb":"","gt_translate_keys":["label"]}],"relations":[{"operator":false,"rules":[{"operator":false,"rules":{"cl_field":"wcpa-checkbox-group-1708272824668","cl_relation":"is","cl_val":"disw0"}}]}],"active":true,"tooltip":"","layOut":"","gt_translate_keys":["label","description","tooltip"],"price_dependency":false,"cl_dependency":false,"value":""}],[{"type":"number","required":true,"elementId":"wcpa-number-1702422454388","label":"Add Funds to the account","description":"5% fee","enablePrice":true,"pricingType":"multiply","price":"1","min":"25","max":"50000","name":"number-1702422454388","enableCl":true,"cl_rule":"show","cl_val":"add-ccv","col":6,"relations":[{"operator":false,"rules":[{"operator":false,"rules":{"cl_field":"wcpa-checkbox-group-1708272824668","cl_relation":"is","cl_val":"add-ccv"}}]}],"active":true,"tooltip":"","error":false,"gt_translate_keys":["label","description","tooltip"],"price_dependency":false,"cl_dependency":false,"value":""}]]}},"config":{"price_override":"","enable_recaptcha":false,"bind_quantity":false,"quantity_bind_formula":false,"disp_summ_show_option_price":false,"disp_summ_show_product_price":false,"disp_summ_show_total_price":true,"disp_summ_show_fee":false,"disp_summ_show_discount":false,"summary_title":"","options_total_label":"Cena opcji","total_label":"\u0141\u0105cznie","options_product_label":"Cena produktu","fee_label":"Op\u0142ata","discount_label":"Zni\u017cka","has_price":true,"has_quantity_formula":false},"mc_unit":1,"tax_rate":1,"tax_rate_real":1,"discount":{"percentage":0,"fixed":0},"design":{"conf":{"LabelPosition":"above","DescPosition":"above","UploadField":"custom_1","QuantityFieldStyle":"default"},"css":{"LeftLabelWidth":"120px"}},"formulas":[],"lookuptables":[],"clones":false,"cartKey":false}},"_links":{"self":[{"href":"https:\/\/buyadsaccounts.net\/hu\/wp-json\/wp\/v2\/product\/3393","targetHints":{"allow":["GET"]}}],"collection":[{"href":"https:\/\/buyadsaccounts.net\/hu\/wp-json\/wp\/v2\/product"}],"about":[{"href":"https:\/\/buyadsaccounts.net\/hu\/wp-json\/wp\/v2\/types\/product"}],"version-history":[{"count":3,"href":"https:\/\/buyadsaccounts.net\/hu\/wp-json\/wp\/v2\/product\/3393\/revisions"}],"predecessor-version":[{"id":10169,"href":"https:\/\/buyadsaccounts.net\/hu\/wp-json\/wp\/v2\/product\/3393\/revisions\/10169"}],"wp:featuredmedia":[{"embeddable":true,"href":"https:\/\/buyadsaccounts.net\/hu\/wp-json\/wp\/v2\/media\/3395"}],"wp:attachment":[{"href":"https:\/\/buyadsaccounts.net\/hu\/wp-json\/wp\/v2\/media?parent=3393"}],"wp:term":[{"taxonomy":"product_brand","embeddable":true,"href":"https:\/\/buyadsaccounts.net\/hu\/wp-json\/wp\/v2\/product_brand?post=3393"},{"taxonomy":"product_cat","embeddable":true,"href":"https:\/\/buyadsaccounts.net\/hu\/wp-json\/wp\/v2\/product_cat?post=3393"},{"taxonomy":"product_tag","embeddable":true,"href":"https:\/\/buyadsaccounts.net\/hu\/wp-json\/wp\/v2\/product_tag?post=3393"}],"curies":[{"name":"wp","href":"https:\/\/api.w.org\/{rel}","templated":true}]}}