{"id":324,"date":"2021-07-13T14:00:43","date_gmt":"2021-07-13T11:00:43","guid":{"rendered":"https:\/\/www.revohackers.net\/?post_type=product&#038;p=324"},"modified":"2026-02-04T18:16:26","modified_gmt":"2026-02-04T18:16:26","slug":"vasarolni-google-hirdetesek-szamla","status":"publish","type":"product","link":"https:\/\/buyadsaccounts.net\/hu\/gads\/vasarolni-google-hirdetesek-szamla\/","title":{"rendered":"V\u00e1s\u00e1roljon Google Ads sz\u00e1ml\u00e1kat"},"content":{"rendered":"<p>A Google Ads az egyik legn\u00e9pszer\u0171bb online hirdet\u00e9si platform, amely lehet\u0151v\u00e9 teszi a v\u00e1llalkoz\u00e1sok sz\u00e1m\u00e1ra, hogy el\u00e9rj\u00e9k c\u00e9lk\u00f6z\u00f6ns\u00e9g\u00fcket, \u00e9s forgalmat gener\u00e1ljanak weboldalukra. Ha Google Ads-fi\u00f3kot szeretne v\u00e1s\u00e1rolni, fontos, hogy ezt biztons\u00e1gosan \u00e9s hat\u00e9konyan tegye. Ebben a cikkben v\u00e9gigvezetj\u00fck \u00d6nt a Google Ads-fi\u00f3kok v\u00e1s\u00e1rl\u00e1s\u00e1nak folyamat\u00e1n, \u00e9s adunk n\u00e9h\u00e1ny tippet a z\u00f6kken\u0151mentes lebonyol\u00edt\u00e1s \u00e9rdek\u00e9ben.<\/p>\n<h2>Mi\u00e9rt \u00e9rdemes Google Ads fi\u00f3kokat v\u00e1s\u00e1rolni?<\/h2>\n<p>Miel\u0151tt belemer\u00fcln\u00e9nk a r\u00e9szletekbe, \u00e9rts\u00fck meg, mi\u00e9rt akar valaki Google Ads-fi\u00f3kot v\u00e1s\u00e1rolni. Sz\u00e1mos oka van annak, hogy a v\u00e1llalkoz\u00e1sok vagy mag\u00e1nszem\u00e9lyek mi\u00e9rt d\u00f6nthetnek a megl\u00e9v\u0151 Google Ads-fi\u00f3kok megv\u00e1s\u00e1rl\u00e1sa mellett:<\/p>\n<ul>\n<li>Azonnali hozz\u00e1f\u00e9r\u00e9s egy j\u00f3 h\u00edrn\u00e9vvel rendelkez\u0151, m\u00e1r megl\u00e9v\u0151 sz\u00e1ml\u00e1hoz.<\/li>\n<li>Lehet\u0151s\u00e9g a kezdeti be\u00e1ll\u00edt\u00e1si folyamat megker\u00fcl\u00e9s\u00e9re \u00e9s a hirdet\u00e9sek azonnali futtat\u00e1s\u00e1nak megkezd\u00e9s\u00e9re.<\/li>\n<li>Lehet\u0151s\u00e9g a sz\u00e1mla kor\u00e1bbi adatainak \u00e9s teljes\u00edtm\u00e9ny\u00e9nek kihaszn\u00e1l\u00e1s\u00e1ra.<\/li>\n<\/ul>\n<h3>Fontos megfontol\u00e1sok<\/h3>\n<p>A v\u00e1s\u00e1rl\u00e1s v\u00e9gleges\u00edt\u00e9se el\u0151tt \u00e9rdemes szem el\u0151tt tartani n\u00e9h\u00e1ny fontos szempontot:<\/p>\n<ul>\n<li>Sz\u00e1mla \u00e9letkora \u00e9s aktivit\u00e1sa: Ellen\u0151rizze a sz\u00e1mla kor\u00e1t \u00e9s aktivit\u00e1si szintj\u00e9t. A r\u00e9gebbi fi\u00f3kok, amelyeken m\u00e1r folyamatosan futnak hirdet\u00e9sek, \u00e1ltal\u00e1ban megb\u00edzhat\u00f3bbak.<\/li>\n<li>Sz\u00e1mla h\u00edrneve: Keresse a j\u00f3 h\u00edrn\u00e9vvel rendelkez\u0151 fi\u00f3kokat, mivel ez pozit\u00edvan befoly\u00e1solhatja a hirdet\u00e9si teljes\u00edtm\u00e9nyt \u00e9s a min\u0151s\u00e9gi pontsz\u00e1mot.<\/li>\n<li>Sz\u00e1mla\u00e1tvezet\u00e9si folyamat: \u00c9rtse a tulajdonjog \u00e9s a sz\u00e1ml\u00e1hoz val\u00f3 hozz\u00e1f\u00e9r\u00e9s \u00e1truh\u00e1z\u00e1s\u00e1nak folyamat\u00e1t. Gy\u0151z\u0151dj\u00f6n meg arr\u00f3l, hogy az elad\u00f3 megadja az \u00f6sszes sz\u00fcks\u00e9ges bejelentkez\u00e9si \u00e9s sz\u00e1mlainform\u00e1ci\u00f3t.<\/li>\n<li>Biztons\u00e1g \u00e9s v\u00e9delem: Legyen \u00f3vatos az \u00e1tver\u00e9sekkel vagy csal\u00e1rd elad\u00f3kkal szemben. Ker\u00fclje az \u00e9rz\u00e9keny inform\u00e1ci\u00f3k megoszt\u00e1s\u00e1t, \u00e9s haszn\u00e1ljon biztons\u00e1gos fizet\u00e9si m\u00f3dokat a tranzakci\u00f3khoz.<\/li>\n<\/ul>\n<h3>V\u00e1s\u00e1rl\u00e1s ut\u00e1ni l\u00e9p\u00e9sek<\/h3>\n<p>Miut\u00e1n megv\u00e1s\u00e1rolt egy Google Ads-fi\u00f3kot, n\u00e9h\u00e1ny l\u00e9p\u00e9st meg kell tennie a z\u00f6kken\u0151mentes \u00e1t\u00e1ll\u00e1s \u00e9rdek\u00e9ben:<\/p>\n<ol>\n<li>Bejelentkez\u00e9si adatok m\u00f3dos\u00edt\u00e1sa: A fi\u00f3k bejelentkez\u00e9si adatainak m\u00f3dos\u00edt\u00e1sa a biztons\u00e1g fenntart\u00e1sa \u00e9s a jogosulatlan hozz\u00e1f\u00e9r\u00e9s megakad\u00e1lyoz\u00e1sa \u00e9rdek\u00e9ben.<\/li>\n<li>Tekintse \u00e1t a fi\u00f3kbe\u00e1ll\u00edt\u00e1sokat: Ellen\u0151rizze k\u00e9tszer a fi\u00f3kbe\u00e1ll\u00edt\u00e1sokat, bele\u00e9rtve a sz\u00e1ml\u00e1z\u00e1si inform\u00e1ci\u00f3kat, a c\u00e9lz\u00e1si be\u00e1ll\u00edt\u00e1sokat \u00e9s a hirdet\u00e9si kamp\u00e1nyokat, hogy \u00f6sszehangolja azokat \u00fczleti c\u00e9ljaival.<\/li>\n<li>Optimaliz\u00e1l\u00e1s \u00e9s tesztel\u00e9s: Sz\u00e1njon id\u0151t a hirdet\u00e9sek optimaliz\u00e1l\u00e1s\u00e1ra \u00e9s a k\u00fcl\u00f6nb\u00f6z\u0151 strat\u00e9gi\u00e1k tesztel\u00e9s\u00e9re, hogy maximaliz\u00e1lja a befektet\u00e9s megt\u00e9r\u00fcl\u00e9s\u00e9t.<\/li>\n<\/ol>\n<h3>K\u00f6vetkeztet\u00e9s<\/h3>\n<p>A Google Ads-fi\u00f3kok megv\u00e1s\u00e1rl\u00e1sa \u00e9letk\u00e9pes lehet\u0151s\u00e9g lehet a hirdet\u00e9si kamp\u00e1nyok gyors elind\u00edt\u00e1s\u00e1ra t\u00f6rekv\u0151 v\u00e1llalkoz\u00e1sok sz\u00e1m\u00e1ra. Fontos azonban, hogy \u00f3vatosan k\u00f6zel\u00edts\u00fck meg a folyamatot, \u00e9s j\u00f3 h\u00edr\u0171 forr\u00e1st v\u00e1lasszunk. Az ebben a cikkben ismertetett tippek \u00e9s megfontol\u00e1sok betart\u00e1s\u00e1val biztons\u00e1gosan \u00e9s hat\u00e9konyan v\u00e1s\u00e1rolhat Google Ads-fi\u00f3kokat, \u00e9s elkezdhet c\u00e9lzott forgalmat ir\u00e1ny\u00edtani weboldal\u00e1ra.<\/p>\n<p>&nbsp;<\/p>","protected":false},"excerpt":{"rendered":"<p>Futtassa kamp\u00e1nyait a Google Search &amp; Display Networkben (Google.com, YouTube, Google Play, Google Shopping stb.) ellen\u0151rz\u00f6tt Google Ads-fi\u00f3kjaink seg\u00edts\u00e9g\u00e9vel.<\/p>","protected":false},"featured_media":4404,"template":"","meta":{"_acf_changed":false,"_glsr_average":4.9,"_glsr_ranking":4.6666666666667,"_glsr_reviews":50},"product_brand":[],"product_cat":[15],"product_tag":[],"class_list":{"0":"post-324","1":"product","2":"type-product","3":"status-publish","4":"has-post-thumbnail","6":"product_cat-google-adwords-accounts","7":"wcpa_has_options","9":"first","10":"instock","11":"purchasable","12":"product-type-simple"},"acf":[],"yoast_head":"<!-- This site is optimized with the Yoast SEO Premium plugin v26.7 (Yoast SEO v27.4) - https:\/\/yoast.com\/product\/yoast-seo-premium-wordpress\/ -->\n<title>Buy Google Ads Accounts - Advertise on Google Ads<\/title>\n<meta name=\"description\" content=\"Buy Google Ads Accounts with VCC Included. Old and Aged accounts ready to publish campaigns instantly. Advertise on Google Ads with our accounts.\" \/>\n<meta name=\"robots\" content=\"index, follow, max-snippet:-1, max-image-preview:large, max-video-preview:-1\" \/>\n<link rel=\"canonical\" href=\"https:\/\/buyadsaccounts.net\/hu\/gads\/vasarolni-google-hirdetesek-szamla\/\" \/>\n<meta property=\"og:locale\" content=\"hu_HU\" \/>\n<meta property=\"og:type\" content=\"article\" \/>\n<meta property=\"og:title\" content=\"Buy Google Ads Accounts\" \/>\n<meta property=\"og:description\" content=\"Buy Google Ads Accounts with VCC Included. Old and Aged accounts ready to publish campaigns instantly. Advertise on Google Ads with our accounts.\" \/>\n<meta property=\"og:url\" content=\"https:\/\/buyadsaccounts.net\/hu\/gads\/vasarolni-google-hirdetesek-szamla\/\" \/>\n<meta property=\"og:site_name\" content=\"BuyAdsAccounts\" \/>\n<meta property=\"article:modified_time\" content=\"2026-02-04T18:16:26+00:00\" \/>\n<meta property=\"og:image\" content=\"https:\/\/buyadsaccounts.net\/wp-content\/uploads\/2021\/07\/google-ads-accounts-logo.png\" \/>\n\t<meta property=\"og:image:width\" content=\"512\" \/>\n\t<meta property=\"og:image:height\" content=\"512\" \/>\n\t<meta property=\"og:image:type\" content=\"image\/png\" \/>\n<meta name=\"twitter:card\" content=\"summary_large_image\" \/>\n<meta name=\"twitter:label1\" content=\"Becs\u00fclt olvas\u00e1si id\u0151\" \/>\n\t<meta name=\"twitter:data1\" content=\"2 perc\" \/>\n<script type=\"application\/ld+json\" class=\"yoast-schema-graph\">{\"@context\":\"https:\\\/\\\/schema.org\",\"@graph\":[{\"@type\":\"WebPage\",\"@id\":\"https:\\\/\\\/buyadsaccounts.net\\\/gads\\\/buy-google-ads-account\\\/\",\"url\":\"https:\\\/\\\/buyadsaccounts.net\\\/gads\\\/buy-google-ads-account\\\/\",\"name\":\"Buy Google Ads Accounts - Advertise on Google Ads\",\"isPartOf\":{\"@id\":\"https:\\\/\\\/buyadsaccounts.net\\\/#website\"},\"primaryImageOfPage\":{\"@id\":\"https:\\\/\\\/buyadsaccounts.net\\\/gads\\\/buy-google-ads-account\\\/#primaryimage\"},\"image\":{\"@id\":\"https:\\\/\\\/buyadsaccounts.net\\\/gads\\\/buy-google-ads-account\\\/#primaryimage\"},\"thumbnailUrl\":\"https:\\\/\\\/buyadsaccounts.net\\\/wp-content\\\/uploads\\\/2021\\\/07\\\/google-ads-accounts-logo.png\",\"datePublished\":\"2021-07-13T11:00:43+00:00\",\"dateModified\":\"2026-02-04T18:16:26+00:00\",\"description\":\"Buy Google Ads Accounts with VCC Included. Old and Aged accounts ready to publish campaigns instantly. Advertise on Google Ads with our accounts.\",\"breadcrumb\":{\"@id\":\"https:\\\/\\\/buyadsaccounts.net\\\/gads\\\/buy-google-ads-account\\\/#breadcrumb\"},\"inLanguage\":\"hu\",\"potentialAction\":[{\"@type\":\"ReadAction\",\"target\":[\"https:\\\/\\\/buyadsaccounts.net\\\/gads\\\/buy-google-ads-account\\\/\"]}]},{\"@type\":\"ImageObject\",\"inLanguage\":\"hu\",\"@id\":\"https:\\\/\\\/buyadsaccounts.net\\\/gads\\\/buy-google-ads-account\\\/#primaryimage\",\"url\":\"https:\\\/\\\/buyadsaccounts.net\\\/wp-content\\\/uploads\\\/2021\\\/07\\\/google-ads-accounts-logo.png\",\"contentUrl\":\"https:\\\/\\\/buyadsaccounts.net\\\/wp-content\\\/uploads\\\/2021\\\/07\\\/google-ads-accounts-logo.png\",\"width\":512,\"height\":512},{\"@type\":\"BreadcrumbList\",\"@id\":\"https:\\\/\\\/buyadsaccounts.net\\\/gads\\\/buy-google-ads-account\\\/#breadcrumb\",\"itemListElement\":[{\"@type\":\"ListItem\",\"position\":1,\"name\":\"Home\",\"item\":\"https:\\\/\\\/buyadsaccounts.net\\\/\"},{\"@type\":\"ListItem\",\"position\":2,\"name\":\"Shop\",\"item\":\"https:\\\/\\\/buyadsaccounts.net\\\/ar\\\/%d9%85%d8%aa%d8%ac%d8%b1\\\/\"},{\"@type\":\"ListItem\",\"position\":3,\"name\":\"Buy Google Ads Accounts\"}]},{\"@type\":\"WebSite\",\"@id\":\"https:\\\/\\\/buyadsaccounts.net\\\/#website\",\"url\":\"https:\\\/\\\/buyadsaccounts.net\\\/\",\"name\":\"BuyAdsAccounts\",\"description\":\"\",\"publisher\":{\"@id\":\"https:\\\/\\\/buyadsaccounts.net\\\/#organization\"},\"potentialAction\":[{\"@type\":\"SearchAction\",\"target\":{\"@type\":\"EntryPoint\",\"urlTemplate\":\"https:\\\/\\\/buyadsaccounts.net\\\/?s={search_term_string}\"},\"query-input\":{\"@type\":\"PropertyValueSpecification\",\"valueRequired\":true,\"valueName\":\"search_term_string\"}}],\"inLanguage\":\"hu\"},{\"@type\":\"Organization\",\"@id\":\"https:\\\/\\\/buyadsaccounts.net\\\/#organization\",\"name\":\"Buy Google Ads Accounts\",\"url\":\"https:\\\/\\\/buyadsaccounts.net\\\/\",\"logo\":{\"@type\":\"ImageObject\",\"inLanguage\":\"hu\",\"@id\":\"https:\\\/\\\/buyadsaccounts.net\\\/#\\\/schema\\\/logo\\\/image\\\/\",\"url\":\"https:\\\/\\\/buyadsaccounts.net\\\/wp-content\\\/uploads\\\/2024\\\/12\\\/buyads-fav.jpg\",\"contentUrl\":\"https:\\\/\\\/buyadsaccounts.net\\\/wp-content\\\/uploads\\\/2024\\\/12\\\/buyads-fav.jpg\",\"width\":512,\"height\":512,\"caption\":\"Buy Google Ads Accounts\"},\"image\":{\"@id\":\"https:\\\/\\\/buyadsaccounts.net\\\/#\\\/schema\\\/logo\\\/image\\\/\"}}]}<\/script>\n<!-- \/ Yoast SEO Premium plugin. -->","yoast_head_json":{"title":"Google Ads fi\u00f3kok v\u00e1s\u00e1rl\u00e1sa - Hirdet\u00e9s a Google Ads oldalon","description":"V\u00e1s\u00e1roljon Google Ads fi\u00f3kokat VCC-vel egy\u00fctt. R\u00e9gi \u00e9s el\u00f6regedett fi\u00f3kok, amelyek k\u00e9szen \u00e1llnak a kamp\u00e1nyok azonnali k\u00f6zz\u00e9t\u00e9tel\u00e9re. Hirdessen a Google Adsben a mi fi\u00f3kjainkkal.","robots":{"index":"index","follow":"follow","max-snippet":"max-snippet:-1","max-image-preview":"max-image-preview:large","max-video-preview":"max-video-preview:-1"},"canonical":"https:\/\/buyadsaccounts.net\/hu\/gads\/vasarolni-google-hirdetesek-szamla\/","og_locale":"hu_HU","og_type":"article","og_title":"Buy Google Ads Accounts","og_description":"Buy Google Ads Accounts with VCC Included. Old and Aged accounts ready to publish campaigns instantly. Advertise on Google Ads with our accounts.","og_url":"https:\/\/buyadsaccounts.net\/hu\/gads\/vasarolni-google-hirdetesek-szamla\/","og_site_name":"BuyAdsAccounts","article_modified_time":"2026-02-04T18:16:26+00:00","og_image":[{"width":512,"height":512,"url":"https:\/\/buyadsaccounts.net\/wp-content\/uploads\/2021\/07\/google-ads-accounts-logo.png","type":"image\/png"}],"twitter_card":"summary_large_image","twitter_misc":{"Becs\u00fclt olvas\u00e1si id\u0151":"2 perc"},"schema":{"@context":"https:\/\/schema.org","@graph":[{"@type":"WebPage","@id":"https:\/\/buyadsaccounts.net\/gads\/buy-google-ads-account\/","url":"https:\/\/buyadsaccounts.net\/gads\/buy-google-ads-account\/","name":"Google Ads fi\u00f3kok v\u00e1s\u00e1rl\u00e1sa - Hirdet\u00e9s a Google Ads oldalon","isPartOf":{"@id":"https:\/\/buyadsaccounts.net\/#website"},"primaryImageOfPage":{"@id":"https:\/\/buyadsaccounts.net\/gads\/buy-google-ads-account\/#primaryimage"},"image":{"@id":"https:\/\/buyadsaccounts.net\/gads\/buy-google-ads-account\/#primaryimage"},"thumbnailUrl":"https:\/\/buyadsaccounts.net\/wp-content\/uploads\/2021\/07\/google-ads-accounts-logo.png","datePublished":"2021-07-13T11:00:43+00:00","dateModified":"2026-02-04T18:16:26+00:00","description":"V\u00e1s\u00e1roljon Google Ads fi\u00f3kokat VCC-vel egy\u00fctt. R\u00e9gi \u00e9s el\u00f6regedett fi\u00f3kok, amelyek k\u00e9szen \u00e1llnak a kamp\u00e1nyok azonnali k\u00f6zz\u00e9t\u00e9tel\u00e9re. Hirdessen a Google Adsben a mi fi\u00f3kjainkkal.","breadcrumb":{"@id":"https:\/\/buyadsaccounts.net\/gads\/buy-google-ads-account\/#breadcrumb"},"inLanguage":"hu","potentialAction":[{"@type":"ReadAction","target":["https:\/\/buyadsaccounts.net\/gads\/buy-google-ads-account\/"]}]},{"@type":"ImageObject","inLanguage":"hu","@id":"https:\/\/buyadsaccounts.net\/gads\/buy-google-ads-account\/#primaryimage","url":"https:\/\/buyadsaccounts.net\/wp-content\/uploads\/2021\/07\/google-ads-accounts-logo.png","contentUrl":"https:\/\/buyadsaccounts.net\/wp-content\/uploads\/2021\/07\/google-ads-accounts-logo.png","width":512,"height":512},{"@type":"BreadcrumbList","@id":"https:\/\/buyadsaccounts.net\/gads\/buy-google-ads-account\/#breadcrumb","itemListElement":[{"@type":"ListItem","position":1,"name":"Home","item":"https:\/\/buyadsaccounts.net\/"},{"@type":"ListItem","position":2,"name":"Shop","item":"https:\/\/buyadsaccounts.net\/ar\/%d9%85%d8%aa%d8%ac%d8%b1\/"},{"@type":"ListItem","position":3,"name":"Buy Google Ads Accounts"}]},{"@type":"WebSite","@id":"https:\/\/buyadsaccounts.net\/#website","url":"https:\/\/buyadsaccounts.net\/","name":"BuyAdsAccounts","description":"","publisher":{"@id":"https:\/\/buyadsaccounts.net\/#organization"},"potentialAction":[{"@type":"SearchAction","target":{"@type":"EntryPoint","urlTemplate":"https:\/\/buyadsaccounts.net\/?s={search_term_string}"},"query-input":{"@type":"PropertyValueSpecification","valueRequired":true,"valueName":"search_term_string"}}],"inLanguage":"hu"},{"@type":"Organization","@id":"https:\/\/buyadsaccounts.net\/#organization","name":"V\u00e1s\u00e1roljon Google Ads sz\u00e1ml\u00e1kat","url":"https:\/\/buyadsaccounts.net\/","logo":{"@type":"ImageObject","inLanguage":"hu","@id":"https:\/\/buyadsaccounts.net\/#\/schema\/logo\/image\/","url":"https:\/\/buyadsaccounts.net\/wp-content\/uploads\/2024\/12\/buyads-fav.jpg","contentUrl":"https:\/\/buyadsaccounts.net\/wp-content\/uploads\/2024\/12\/buyads-fav.jpg","width":512,"height":512,"caption":"Buy Google Ads Accounts"},"image":{"@id":"https:\/\/buyadsaccounts.net\/#\/schema\/logo\/image\/"}}]}},"wcpa_form_fields":{"wcpaData":{"product":{"product_price":0,"price_html":"<span class=\"woocommerce-Price-amount amount\"><bdi>0<span class=\"woocommerce-Price-currencySymbol\">&#36;<\/span><\/bdi><\/span>","original_product_price":0,"price_including_tax":0,"price_excluding_tax":0,"product_id":{"parent":324,"variation":false},"is_variable":false,"stock_status":"instock","stock_quantity":null,"parent_sku":"","product_attributes":[],"custom_fields":[],"is_taxable":false,"product_name":"Buy Google Ads Accounts","hasImage":false},"fields":{"sec_9691f2ea597962":{"extra":{"key":"sec_9691f2ea597962","section_id":"sec_9691f2ea597962","name":"Default","status":1,"cl_rule":"show","enableCl":false,"relations":[],"toggle":true,"title_tag":"h3","show_title":false,"showPrice":"default","form_id":2608,"form_rules":{"exclude_from_discount":false,"fee_label":"Fee","disp_hide_options_price":false,"disp_show_section_price":false,"disp_show_field_price":true,"layout_option":"standard","pric_use_as_fee":false,"process_fee_as":"woo_fee"},"layout_option":"standard"},"fields":[[{"type":"checkbox-group","required":true,"elementId":"wcpa-checkbox-group-1643471137938","label":"Account Options","enablePrice":true,"priceOptions":"different_for_all","pricingType":"fixed","price":"100","name":"checkbox-group-1643471137938","min_options":"1","other_text":"Other","cl_rule":"show","col":6,"values":[{"label":"2022 Account","value":"2022-acc","price":"250","pimage":"","pimage_id":"","pthumb":"","tempId":"aco_143","gt_translate_keys":["label"]},{"label":"2023 Account","value":"2023-acc","price":"200","pimage":"","pimage_id":"","pthumb":"","tempId":"aco_144","gt_translate_keys":["label"]},{"label":"2025 Account","value":"2025-acc","selected":false,"tempId":"aco_154","price":"150","gt_translate_keys":["label"]}],"relations":false,"active":true,"tooltip":"","layOut":"inline","isWeightTemplate":false,"error":false,"isTemplate":false,"checkUi":"","min_quantity":"1","quantity_decimal":false,"quantity_step":"1","quantity_label":"Quantity","repeater_field_label":"{field_label}","repeater_bind":"","max_options":"1","gt_translate_keys":["label","tooltip","repeater_field_label","quantity_label"],"price_dependency":false,"cl_dependency":false,"value":""}],[{"label":"Account Currency","active":true,"required":true,"elementId":"checkbox-group-5651526461","tooltip":"","name":"checkbox-group-5651526461","enablePrice":false,"relations":false,"repeater_bind":"","repeater_field_label":"{field_label}","quantity_label":"Quantity","quantity_step":"1","quantity_decimal":false,"min_quantity":"1","max_options":"1","min_options":"1","checkUi":"","layOut":"inline","other_text":"Other","values":[{"label":"USD","value":"usd-ac","price":"350","pimage":"","pimage_id":"","pthumb":"","tempId":"aco_143","gt_translate_keys":["label"]},{"label":"EUR","value":"eur-ac","price":"300","pimage":"","pimage_id":"","pthumb":"","tempId":"aco_144","gt_translate_keys":["label"]},{"label":"CAD","value":"cad-ac","selected":false,"tempId":"aco_154","price":"250","gt_translate_keys":["label"]},{"label":"BRL","value":"brl-ac","selected":false,"tempId":"aco_823","gt_translate_keys":["label"]},{"label":"JPY","value":"jpy-ac","selected":false,"tempId":"aco_914","gt_translate_keys":["label"]},{"label":"CNY","value":"cny-ac","selected":false,"tempId":"aco_1059","gt_translate_keys":["label"]}],"priceOptions":"different_for_all","pricingType":"fixed","isTemplate":false,"price":"100","isWeightTemplate":false,"cl_rule":"show","col":6,"type":"checkbox-group","error":false,"gt_translate_keys":["label","tooltip","repeater_field_label","quantity_label"],"price_dependency":false,"cl_dependency":false,"value":""}],[{"type":"checkbox-group","elementId":"wcpa-checkbox-group-1708272658776","label":"Extra Services","enablePrice":true,"priceOptions":"different_for_all","pricingType":"fixed","price":"100","name":"checkbox-group-1708272658775","min_options":"1","other_text":"Other","cl_rule":"show","col":6,"values":[{"label":"Credit Card","value":"add-credit-card","price":"100","pimage":"","pimage_id":"","pthumb":"","tempId":"aco_1403","gt_translate_keys":["label"]},{"label":"Cloaking (Crypto, IPTV, Gambling, Casino, Affiliate)","value":"blak-cat","price":"100","pimage":"","pimage_id":"","pthumb":"","tempId":"aco_1404","gt_translate_keys":["label"]},{"label":"Ads Manager","value":"camp-mana","price":"100","pimage":"","pimage_id":"","pthumb":"","tempId":"aco_1405","gt_translate_keys":["label"]},{"label":"Premium Proxy","value":"proxy-pre","selected":false,"tempId":"aco_1874","price":"20","gt_translate_keys":["label"]},{"label":"Premium Warranty","value":"premwar","selected":false,"tempId":"aco_19","price":"500","gt_translate_keys":["label"]}],"relations":false,"active":true,"tooltip":"<a href=\"https:\/\/help.buyadsaccounts.net\/hc\/helpcenter\/articles\/1754560957-additional-options\" target=\"blank\">Read More<\/a>","layOut":"","isWeightTemplate":false,"error":false,"isTemplate":false,"checkUi":"","min_quantity":"1","quantity_decimal":false,"quantity_step":"1","quantity_label":"Quantity","repeater_field_label":"{field_label}","repeater_bind":"","description":"","gt_translate_keys":["label","description","tooltip","repeater_field_label","quantity_label"],"price_dependency":false,"cl_dependency":["wcpa-checkbox-group-1710974191252","wcpa-checkbox-group-1711016843007","wcpa-number-1702422400728"],"value":""}],[{"type":"checkbox-group","required":true,"elementId":"wcpa-checkbox-group-1710974191252","label":"Cloaking - How many URLs?","description":"Price per URL","enablePrice":true,"priceOptions":"different_for_all","pricingType":"fixed","price":"100","name":"checkbox-group-1710974191251","min_options":"1","other_text":"Other","enableCl":true,"cl_rule":"show","cl_val":"blak-cat","col":6,"values":[{"label":"1 URL","value":"1adurl","price":"0","pimage":"","pimage_id":"","pthumb":"","gt_translate_keys":["label"]},{"label":"2 URLs","value":"2ads","price":"100","pimage":"","pimage_id":"","pthumb":"","gt_translate_keys":["label"]},{"label":"3 URLs","value":"3ads","price":"200","pimage":"","pimage_id":"","pthumb":"","gt_translate_keys":["label"]},{"label":"5 URLs","value":"5ads","price":"350","pimage":"","pimage_id":"","pthumb":"","gt_translate_keys":["label"]},{"label":"10 URLs","value":"10ads","price":"700","pimage":"","pimage_id":"","pthumb":"","gt_translate_keys":["label"]}],"relations":[{"operator":false,"rules":[{"operator":false,"rules":{"cl_field":"wcpa-checkbox-group-1708272658776","cl_relation":"is","cl_val":"blak-cat"}}]}],"active":true,"tooltip":"","layOut":"","gt_translate_keys":["label","description","tooltip"],"price_dependency":false,"cl_dependency":false,"value":""}],[{"type":"checkbox-group","required":true,"elementId":"wcpa-checkbox-group-1711016843007","label":"Ads Manager - How many ADS?","description":"Price per AD","enablePrice":true,"priceOptions":"different_for_all","pricingType":"fixed","price":"100","name":"checkbox-group-1711016843006","min_options":"1","other_text":"Other","enableCl":true,"cl_rule":"show","cl_val":"camp-mana","col":6,"values":[{"label":"1 Ad","value":"1adurl","price":"0","pimage":"","pimage_id":"","pthumb":"","gt_translate_keys":["label"]},{"label":"2 Ads","value":"2ads","price":"100","pimage":"","pimage_id":"","pthumb":"","gt_translate_keys":["label"]},{"label":"3 Ads","value":"3ads","price":"200","pimage":"","pimage_id":"","pthumb":"","gt_translate_keys":["label"]},{"label":"5 Ads","value":"5ads","price":"350","pimage":"","pimage_id":"","pthumb":"","gt_translate_keys":["label"]},{"label":"10 Ads","value":"10ads","price":"700","pimage":"","pimage_id":"","pthumb":"","gt_translate_keys":["label"]}],"relations":[{"operator":false,"rules":[{"operator":false,"rules":{"cl_field":"wcpa-checkbox-group-1708272658776","cl_relation":"is","cl_val":"camp-mana"}}]}],"active":true,"tooltip":"","layOut":"","gt_translate_keys":["label","description","tooltip"],"price_dependency":false,"cl_dependency":false,"value":""}],[{"type":"number","required":true,"elementId":"wcpa-number-1702422400728","label":"Add Funds to the account","description":"5% fee","enablePrice":true,"pricingType":"multiply","price":"1","min":"25","max":"50000","name":"number-1702422400728","enableCl":true,"cl_rule":"show","cl_val":"add-credit-card","col":"5","relations":[{"operator":false,"rules":[{"operator":false,"rules":{"cl_field":"wcpa-checkbox-group-1708272658776","cl_relation":"is","cl_val":"add-credit-card"}}]}],"active":true,"tooltip":"","error":false,"gt_translate_keys":["label","description","tooltip"],"price_dependency":false,"cl_dependency":false,"value":""}]]}},"config":{"price_override":"","enable_recaptcha":false,"bind_quantity":false,"quantity_bind_formula":false,"disp_summ_show_option_price":false,"disp_summ_show_product_price":false,"disp_summ_show_total_price":true,"disp_summ_show_fee":false,"disp_summ_show_discount":false,"summary_title":"","options_total_label":"Options Price","total_label":"Total","options_product_label":"Product Price","fee_label":"Fee","discount_label":"Discount","has_price":true,"has_quantity_formula":false},"mc_unit":1,"tax_rate":1,"tax_rate_real":1,"discount":{"percentage":0,"fixed":0},"design":{"conf":{"LabelPosition":"above","DescPosition":"above","UploadField":"custom_1","QuantityFieldStyle":"default"},"css":{"LeftLabelWidth":"120px"}},"formulas":[],"lookuptables":[],"clones":false,"cartKey":false}},"_links":{"self":[{"href":"https:\/\/buyadsaccounts.net\/hu\/wp-json\/wp\/v2\/product\/324","targetHints":{"allow":["GET"]}}],"collection":[{"href":"https:\/\/buyadsaccounts.net\/hu\/wp-json\/wp\/v2\/product"}],"about":[{"href":"https:\/\/buyadsaccounts.net\/hu\/wp-json\/wp\/v2\/types\/product"}],"version-history":[{"count":4,"href":"https:\/\/buyadsaccounts.net\/hu\/wp-json\/wp\/v2\/product\/324\/revisions"}],"predecessor-version":[{"id":9534,"href":"https:\/\/buyadsaccounts.net\/hu\/wp-json\/wp\/v2\/product\/324\/revisions\/9534"}],"wp:featuredmedia":[{"embeddable":true,"href":"https:\/\/buyadsaccounts.net\/hu\/wp-json\/wp\/v2\/media\/4404"}],"wp:attachment":[{"href":"https:\/\/buyadsaccounts.net\/hu\/wp-json\/wp\/v2\/media?parent=324"}],"wp:term":[{"taxonomy":"product_brand","embeddable":true,"href":"https:\/\/buyadsaccounts.net\/hu\/wp-json\/wp\/v2\/product_brand?post=324"},{"taxonomy":"product_cat","embeddable":true,"href":"https:\/\/buyadsaccounts.net\/hu\/wp-json\/wp\/v2\/product_cat?post=324"},{"taxonomy":"product_tag","embeddable":true,"href":"https:\/\/buyadsaccounts.net\/hu\/wp-json\/wp\/v2\/product_tag?post=324"}],"curies":[{"name":"wp","href":"https:\/\/api.w.org\/{rel}","templated":true}]}}