{"id":4939,"date":"2024-04-01T17:25:57","date_gmt":"2024-04-01T16:25:57","guid":{"rendered":"https:\/\/rentaccounts.net\/?post_type=product&#038;p=4939"},"modified":"2026-02-01T17:29:34","modified_gmt":"2026-02-01T17:29:34","slug":"acheter-des-comptes-developpeurs-apple","status":"publish","type":"product","link":"https:\/\/buyadsaccounts.net\/fr\/gads\/acheter-des-comptes-developpeurs-apple\/","title":{"rendered":"Acheter des comptes d\u00e9veloppeurs Apple"},"content":{"rendered":"<h2>Pourquoi acheter des comptes Apple Developer Verified ?<\/h2>\n<p>Les comptes Apple Developer Verified sont essentiels pour les personnes et les entreprises qui souhaitent d\u00e9velopper et distribuer des applications sur l'App Store d'Apple. Ces comptes v\u00e9rifi\u00e9s offrent toute une s\u00e9rie d'avantages qui peuvent consid\u00e9rablement am\u00e9liorer le processus de d\u00e9veloppement et de distribution des applications. Voici quelques-unes des principales raisons pour lesquelles vous devriez envisager d'acheter des comptes Apple Developer Verified :<\/p>\n<h3>1. Acc\u00e8s aux outils de d\u00e9veloppement Apple<\/h3>\n<p>En achetant un compte Apple Developer Verified, vous acc\u00e9dez \u00e0 un large \u00e9ventail d'outils et de ressources pour d\u00e9veloppeurs fournis par Apple. Ces outils incluent Xcode, un puissant environnement de d\u00e9veloppement int\u00e9gr\u00e9 (IDE) pour la cr\u00e9ation d'apps iOS, macOS, watchOS et tvOS. Avec Xcode, vous pouvez concevoir, coder et d\u00e9boguer efficacement vos apps, ce qui rend le processus de d\u00e9veloppement plus fluide et plus efficace.<\/p>\n<p>Outre Xcode, les comptes Apple Developer Verified donnent \u00e9galement acc\u00e8s \u00e0 d'autres outils pr\u00e9cieux tels que TestFlight, qui vous permet de distribuer des versions b\u00eata de votre application \u00e0 des testeurs \u00e0 des fins de retour d'information et de test. Cela permet de s'assurer que votre application est test\u00e9e en profondeur avant sa sortie officielle, ce qui se traduit par un produit final de meilleure qualit\u00e9.<\/p>\n<h3>2. Distribution dans l'App Store<\/h3>\n<p>L'un des principaux avantages d'un compte Apple Developer Verified est la possibilit\u00e9 de distribuer vos applications sur l'App Store d'Apple. L'App Store est un march\u00e9 mondial qui compte des millions d'utilisateurs, ce qui repr\u00e9sente un vaste public potentiel pour votre application. En publiant votre application sur l'App Store, vous pouvez atteindre un large \u00e9ventail d'utilisateurs et potentiellement g\u00e9n\u00e9rer des revenus importants.<\/p>\n<p>Il est n\u00e9cessaire d'avoir un compte Apple Developer Verified pour soumettre des applications \u00e0 l'App Store. Sans compte v\u00e9rifi\u00e9, vous ne pouvez pas publier votre application sur cette plateforme. En achetant un compte v\u00e9rifi\u00e9, vous pouvez contourner cette exigence et commencer \u00e0 distribuer votre application sur l'App Store imm\u00e9diatement.<\/p>\n<h3>3. Une cr\u00e9dibilit\u00e9 et une confiance accrues<\/h3>\n<p>Lorsque vous achetez un compte Apple Developer Verified, vous gagnez instantan\u00e9ment en cr\u00e9dibilit\u00e9 et en confiance aux yeux des utilisateurs. Apple applique des directives et des normes strictes en mati\u00e8re de d\u00e9veloppement d'applications, et le fait de disposer d'un compte v\u00e9rifi\u00e9 prouve que vous avez satisfait \u00e0 ces exigences. Les utilisateurs sont plus enclins \u00e0 t\u00e9l\u00e9charger et \u00e0 utiliser les applications des d\u00e9veloppeurs disposant d'un compte v\u00e9rifi\u00e9, car ils savent que ces applications ont fait l'objet d'un processus d'examen approfondi et qu'elles sont moins susceptibles de contenir des logiciels malveillants ou d'autres risques pour la s\u00e9curit\u00e9.<\/p>\n<p>En outre, le fait d'avoir un compte Apple Developer Verified vous permet d'afficher votre nom et votre logo de d\u00e9veloppeur sur l'App Store, ce qui donne \u00e0 votre application un aspect professionnel et digne de confiance. Cela peut grandement am\u00e9liorer la visibilit\u00e9 et le succ\u00e8s de votre application, car les utilisateurs sont plus enclins \u00e0 t\u00e9l\u00e9charger et \u00e0 utiliser des applications qui semblent dignes de confiance.<\/p>\n<h3>Conclusion<\/h3>\n<p>Dans l'ensemble, l'achat d'un compte Apple Developer Verified Account offre de nombreux avantages aux particuliers et aux entreprises qui souhaitent d\u00e9velopper et distribuer des applications sur l'App Store d'Apple. De l'acc\u00e8s \u00e0 de pr\u00e9cieux outils de d\u00e9veloppement \u00e0 la possibilit\u00e9 de publier des applications sur l'App Store et de gagner en cr\u00e9dibilit\u00e9 et en confiance, un compte v\u00e9rifi\u00e9 peut grandement am\u00e9liorer le processus de d\u00e9veloppement et de distribution d'applications.<\/p>","protected":false},"excerpt":{"rendered":"<p>Acc\u00e9dez instantan\u00e9ment \u00e0 l'Apple Store Developer Program gr\u00e2ce \u00e0 nos comptes v\u00e9rifi\u00e9s. Ne vous emb\u00eatez pas \u00e0 cr\u00e9er un nouveau compte et commencez \u00e0 t\u00e9l\u00e9charger vos applications iOS imm\u00e9diatement sur l'App Store. Am\u00e9liorez le classement de vos applications Android gr\u00e2ce \u00e0 nos options uniques d'installations et d'\u00e9valuations d'applications.<\/p>","protected":false},"featured_media":4940,"template":"","meta":{"_acf_changed":false,"_glsr_average":5,"_glsr_ranking":4.6153846153846,"_glsr_reviews":29},"product_brand":[],"product_cat":[266],"product_tag":[271,273,272],"class_list":{"0":"post-4939","1":"product","2":"type-product","3":"status-publish","4":"has-post-thumbnail","6":"product_cat-apple-developer-account","7":"product_tag-apple-store-developer-accounts","8":"product_tag-buy-app-store-developer","9":"product_tag-buy-apple-developer-account","10":"wcpa_has_options","12":"first","13":"instock","14":"purchasable","15":"product-type-simple"},"acf":[],"yoast_head":"<!-- This site is optimized with the Yoast SEO Premium plugin v26.7 (Yoast SEO v27.4) - https:\/\/yoast.com\/product\/yoast-seo-premium-wordpress\/ -->\n<title>Buy Apple Developer Accounts - Publish Apps on Apple Store<\/title>\n<meta name=\"description\" content=\"Buy Apple Developer Accounts verified and ready to publish apps on App Store. Get Old Developer accounts and publish your iOS apps instantly.\" \/>\n<meta name=\"robots\" content=\"index, follow, max-snippet:-1, max-image-preview:large, max-video-preview:-1\" \/>\n<link rel=\"canonical\" href=\"https:\/\/buyadsaccounts.net\/fr\/gads\/acheter-des-comptes-developpeurs-apple\/\" \/>\n<meta property=\"og:locale\" content=\"fr_FR\" \/>\n<meta property=\"og:type\" content=\"article\" \/>\n<meta property=\"og:title\" content=\"Buy Apple Developer Accounts\" \/>\n<meta property=\"og:description\" content=\"Buy Apple Developer Accounts verified and ready to publish apps on App Store. Get Old Developer accounts and publish your iOS apps instantly.\" \/>\n<meta property=\"og:url\" content=\"https:\/\/buyadsaccounts.net\/fr\/gads\/acheter-des-comptes-developpeurs-apple\/\" \/>\n<meta property=\"og:site_name\" content=\"BuyAdsAccounts\" \/>\n<meta property=\"article:modified_time\" content=\"2026-02-01T17:29:34+00:00\" \/>\n<meta property=\"og:image\" content=\"https:\/\/buyadsaccounts.net\/wp-content\/uploads\/2024\/04\/apple-developer-accounts.png\" \/>\n\t<meta property=\"og:image:width\" content=\"518\" \/>\n\t<meta property=\"og:image:height\" content=\"597\" \/>\n\t<meta property=\"og:image:type\" content=\"image\/png\" \/>\n<meta name=\"twitter:card\" content=\"summary_large_image\" \/>\n<meta name=\"twitter:label1\" content=\"Dur\u00e9e de lecture estim\u00e9e\" \/>\n\t<meta name=\"twitter:data1\" content=\"3 minutes\" \/>\n<script type=\"application\/ld+json\" class=\"yoast-schema-graph\">{\"@context\":\"https:\\\/\\\/schema.org\",\"@graph\":[{\"@type\":\"WebPage\",\"@id\":\"https:\\\/\\\/buyadsaccounts.net\\\/gads\\\/buy-apple-developer-accounts\\\/\",\"url\":\"https:\\\/\\\/buyadsaccounts.net\\\/gads\\\/buy-apple-developer-accounts\\\/\",\"name\":\"Buy Apple Developer Accounts - Publish Apps on Apple Store\",\"isPartOf\":{\"@id\":\"https:\\\/\\\/buyadsaccounts.net\\\/#website\"},\"primaryImageOfPage\":{\"@id\":\"https:\\\/\\\/buyadsaccounts.net\\\/gads\\\/buy-apple-developer-accounts\\\/#primaryimage\"},\"image\":{\"@id\":\"https:\\\/\\\/buyadsaccounts.net\\\/gads\\\/buy-apple-developer-accounts\\\/#primaryimage\"},\"thumbnailUrl\":\"https:\\\/\\\/buyadsaccounts.net\\\/wp-content\\\/uploads\\\/2024\\\/04\\\/apple-developer-accounts.png\",\"datePublished\":\"2024-04-01T16:25:57+00:00\",\"dateModified\":\"2026-02-01T17:29:34+00:00\",\"description\":\"Buy Apple Developer Accounts verified and ready to publish apps on App Store. Get Old Developer accounts and publish your iOS apps instantly.\",\"breadcrumb\":{\"@id\":\"https:\\\/\\\/buyadsaccounts.net\\\/gads\\\/buy-apple-developer-accounts\\\/#breadcrumb\"},\"inLanguage\":\"fr-FR\",\"potentialAction\":[{\"@type\":\"ReadAction\",\"target\":[\"https:\\\/\\\/buyadsaccounts.net\\\/gads\\\/buy-apple-developer-accounts\\\/\"]}]},{\"@type\":\"ImageObject\",\"inLanguage\":\"fr-FR\",\"@id\":\"https:\\\/\\\/buyadsaccounts.net\\\/gads\\\/buy-apple-developer-accounts\\\/#primaryimage\",\"url\":\"https:\\\/\\\/buyadsaccounts.net\\\/wp-content\\\/uploads\\\/2024\\\/04\\\/apple-developer-accounts.png\",\"contentUrl\":\"https:\\\/\\\/buyadsaccounts.net\\\/wp-content\\\/uploads\\\/2024\\\/04\\\/apple-developer-accounts.png\",\"width\":518,\"height\":597},{\"@type\":\"BreadcrumbList\",\"@id\":\"https:\\\/\\\/buyadsaccounts.net\\\/gads\\\/buy-apple-developer-accounts\\\/#breadcrumb\",\"itemListElement\":[{\"@type\":\"ListItem\",\"position\":1,\"name\":\"Home\",\"item\":\"https:\\\/\\\/buyadsaccounts.net\\\/\"},{\"@type\":\"ListItem\",\"position\":2,\"name\":\"Shop\",\"item\":\"https:\\\/\\\/buyadsaccounts.net\\\/ar\\\/%d9%85%d8%aa%d8%ac%d8%b1\\\/\"},{\"@type\":\"ListItem\",\"position\":3,\"name\":\"Buy Apple Developer Accounts\"}]},{\"@type\":\"WebSite\",\"@id\":\"https:\\\/\\\/buyadsaccounts.net\\\/#website\",\"url\":\"https:\\\/\\\/buyadsaccounts.net\\\/\",\"name\":\"BuyAdsAccounts\",\"description\":\"\",\"publisher\":{\"@id\":\"https:\\\/\\\/buyadsaccounts.net\\\/#organization\"},\"potentialAction\":[{\"@type\":\"SearchAction\",\"target\":{\"@type\":\"EntryPoint\",\"urlTemplate\":\"https:\\\/\\\/buyadsaccounts.net\\\/?s={search_term_string}\"},\"query-input\":{\"@type\":\"PropertyValueSpecification\",\"valueRequired\":true,\"valueName\":\"search_term_string\"}}],\"inLanguage\":\"fr-FR\"},{\"@type\":\"Organization\",\"@id\":\"https:\\\/\\\/buyadsaccounts.net\\\/#organization\",\"name\":\"Buy Google Ads Accounts\",\"url\":\"https:\\\/\\\/buyadsaccounts.net\\\/\",\"logo\":{\"@type\":\"ImageObject\",\"inLanguage\":\"fr-FR\",\"@id\":\"https:\\\/\\\/buyadsaccounts.net\\\/#\\\/schema\\\/logo\\\/image\\\/\",\"url\":\"https:\\\/\\\/buyadsaccounts.net\\\/wp-content\\\/uploads\\\/2024\\\/12\\\/buyads-fav.jpg\",\"contentUrl\":\"https:\\\/\\\/buyadsaccounts.net\\\/wp-content\\\/uploads\\\/2024\\\/12\\\/buyads-fav.jpg\",\"width\":512,\"height\":512,\"caption\":\"Buy Google Ads Accounts\"},\"image\":{\"@id\":\"https:\\\/\\\/buyadsaccounts.net\\\/#\\\/schema\\\/logo\\\/image\\\/\"}}]}<\/script>\n<!-- \/ Yoast SEO Premium plugin. -->","yoast_head_json":{"title":"Acheter des comptes d\u00e9veloppeurs Apple - Publier des applications sur l'Apple Store","description":"Achetez des comptes Apple Developer v\u00e9rifi\u00e9s et pr\u00eats \u00e0 publier des applications sur l'App Store. Obtenez d'anciens comptes d\u00e9veloppeurs et publiez vos applications iOS instantan\u00e9ment.","robots":{"index":"index","follow":"follow","max-snippet":"max-snippet:-1","max-image-preview":"max-image-preview:large","max-video-preview":"max-video-preview:-1"},"canonical":"https:\/\/buyadsaccounts.net\/fr\/gads\/acheter-des-comptes-developpeurs-apple\/","og_locale":"fr_FR","og_type":"article","og_title":"Buy Apple Developer Accounts","og_description":"Buy Apple Developer Accounts verified and ready to publish apps on App Store. Get Old Developer accounts and publish your iOS apps instantly.","og_url":"https:\/\/buyadsaccounts.net\/fr\/gads\/acheter-des-comptes-developpeurs-apple\/","og_site_name":"BuyAdsAccounts","article_modified_time":"2026-02-01T17:29:34+00:00","og_image":[{"width":518,"height":597,"url":"https:\/\/buyadsaccounts.net\/wp-content\/uploads\/2024\/04\/apple-developer-accounts.png","type":"image\/png"}],"twitter_card":"summary_large_image","twitter_misc":{"Dur\u00e9e de lecture estim\u00e9e":"3 minutes"},"schema":{"@context":"https:\/\/schema.org","@graph":[{"@type":"WebPage","@id":"https:\/\/buyadsaccounts.net\/gads\/buy-apple-developer-accounts\/","url":"https:\/\/buyadsaccounts.net\/gads\/buy-apple-developer-accounts\/","name":"Acheter des comptes d\u00e9veloppeurs Apple - Publier des applications sur l'Apple Store","isPartOf":{"@id":"https:\/\/buyadsaccounts.net\/#website"},"primaryImageOfPage":{"@id":"https:\/\/buyadsaccounts.net\/gads\/buy-apple-developer-accounts\/#primaryimage"},"image":{"@id":"https:\/\/buyadsaccounts.net\/gads\/buy-apple-developer-accounts\/#primaryimage"},"thumbnailUrl":"https:\/\/buyadsaccounts.net\/wp-content\/uploads\/2024\/04\/apple-developer-accounts.png","datePublished":"2024-04-01T16:25:57+00:00","dateModified":"2026-02-01T17:29:34+00:00","description":"Achetez des comptes Apple Developer v\u00e9rifi\u00e9s et pr\u00eats \u00e0 publier des applications sur l'App Store. Obtenez d'anciens comptes d\u00e9veloppeurs et publiez vos applications iOS instantan\u00e9ment.","breadcrumb":{"@id":"https:\/\/buyadsaccounts.net\/gads\/buy-apple-developer-accounts\/#breadcrumb"},"inLanguage":"fr-FR","potentialAction":[{"@type":"ReadAction","target":["https:\/\/buyadsaccounts.net\/gads\/buy-apple-developer-accounts\/"]}]},{"@type":"ImageObject","inLanguage":"fr-FR","@id":"https:\/\/buyadsaccounts.net\/gads\/buy-apple-developer-accounts\/#primaryimage","url":"https:\/\/buyadsaccounts.net\/wp-content\/uploads\/2024\/04\/apple-developer-accounts.png","contentUrl":"https:\/\/buyadsaccounts.net\/wp-content\/uploads\/2024\/04\/apple-developer-accounts.png","width":518,"height":597},{"@type":"BreadcrumbList","@id":"https:\/\/buyadsaccounts.net\/gads\/buy-apple-developer-accounts\/#breadcrumb","itemListElement":[{"@type":"ListItem","position":1,"name":"Home","item":"https:\/\/buyadsaccounts.net\/"},{"@type":"ListItem","position":2,"name":"Shop","item":"https:\/\/buyadsaccounts.net\/ar\/%d9%85%d8%aa%d8%ac%d8%b1\/"},{"@type":"ListItem","position":3,"name":"Buy Apple Developer Accounts"}]},{"@type":"WebSite","@id":"https:\/\/buyadsaccounts.net\/#website","url":"https:\/\/buyadsaccounts.net\/","name":"Achat de comptes publicitaires","description":"","publisher":{"@id":"https:\/\/buyadsaccounts.net\/#organization"},"potentialAction":[{"@type":"SearchAction","target":{"@type":"EntryPoint","urlTemplate":"https:\/\/buyadsaccounts.net\/?s={search_term_string}"},"query-input":{"@type":"PropertyValueSpecification","valueRequired":true,"valueName":"search_term_string"}}],"inLanguage":"fr-FR"},{"@type":"Organization","@id":"https:\/\/buyadsaccounts.net\/#organization","name":"Acheter des comptes Google Ads","url":"https:\/\/buyadsaccounts.net\/","logo":{"@type":"ImageObject","inLanguage":"fr-FR","@id":"https:\/\/buyadsaccounts.net\/#\/schema\/logo\/image\/","url":"https:\/\/buyadsaccounts.net\/wp-content\/uploads\/2024\/12\/buyads-fav.jpg","contentUrl":"https:\/\/buyadsaccounts.net\/wp-content\/uploads\/2024\/12\/buyads-fav.jpg","width":512,"height":512,"caption":"Buy Google Ads Accounts"},"image":{"@id":"https:\/\/buyadsaccounts.net\/#\/schema\/logo\/image\/"}}]}},"wcpa_form_fields":{"wcpaData":{"product":{"product_price":0,"price_html":"<span class=\"woocommerce-Price-amount amount\"><bdi>0<span class=\"woocommerce-Price-currencySymbol\">&#36;<\/span><\/bdi><\/span>","original_product_price":0,"price_including_tax":0,"price_excluding_tax":0,"product_id":{"parent":4939,"variation":false},"is_variable":false,"stock_status":"instock","stock_quantity":null,"parent_sku":"","product_attributes":[],"custom_fields":[],"is_taxable":false,"product_name":"Buy Apple Developer Accounts","hasImage":false},"fields":{"sec_4695e9740c4fc7":{"extra":{"key":"sec_4695e9740c4fc7","section_id":"sec_4695e9740c4fc7","name":"Default","status":1,"cl_rule":"show","enableCl":false,"relations":[],"toggle":true,"title_tag":"h3","show_title":false,"showPrice":"default","form_id":4941,"form_rules":{"exclude_from_discount":false,"fee_label":"Fee","disp_hide_options_price":false,"disp_show_section_price":false,"disp_show_field_price":true,"layout_option":"standard","pric_use_as_fee":false,"process_fee_as":"woo_fee"},"layout_option":"standard"},"fields":[[{"type":"checkbox-group","required":true,"elementId":"wcpa-checkbox-group-660ae21e5b174","label":"Account Options","enablePrice":true,"priceOptions":"different_for_all","pricingType":"fixed","price":"100","name":"checkbox-group-660ae21e5b17c","min_options":"1","other_text":"Other","cl_rule":"show","col":6,"values":[{"label":"2023 Personal Account","value":"old202","price":"300","pimage":"","pimage_id":"","pthumb":"","tempId":"aco_1045","gt_translate_keys":["label"]},{"label":"2022 Organization Account","value":"org2022","price":"600","pimage":"","pimage_id":"","pthumb":"","tempId":"aco_1046","gt_translate_keys":["label"]},{"label":"2023 Organization Account","value":"mfk2023","price":"450","pimage":"","pimage_id":"","pthumb":"","tempId":"aco_1047","gt_translate_keys":["label"]}],"relations":false,"active":true,"tooltip":"","layOut":"","isWeightTemplate":false,"error":false,"isTemplate":false,"checkUi":"","min_quantity":"1","quantity_decimal":false,"quantity_step":"1","quantity_label":"Quantity","repeater_field_label":"{field_label}","repeater_bind":"","gt_translate_keys":["label","tooltip","repeater_field_label","quantity_label"],"price_dependency":false,"cl_dependency":false,"value":""}],[{"type":"checkbox-group","elementId":"wcpa-checkbox-group-660ae21e5b181","label":"Extra Services","enablePrice":true,"priceOptions":"different_for_all","pricingType":"fixed","price":"100","name":"checkbox-group-660ae21e5b185","min_options":"1","other_text":"Other","cl_rule":"show","col":6,"values":[{"label":"Keyword App Installs","value":"appinsla","price":"0","pimage":"","pimage_id":"","pthumb":"","tempId":"aco_4569","gt_translate_keys":["label"]},{"label":"App Reviews + Rating","value":"apprev","price":"0","pimage":"","pimage_id":"","pthumb":"","tempId":"aco_4570","gt_translate_keys":["label"]},{"label":"Publish my App","value":"pub20","price":"100","pimage":"","pimage_id":"","pthumb":"","tempId":"aco_4571","gt_translate_keys":["label"]},{"label":"Premium Proxy","value":"prmprox","selected":false,"tempId":"aco_4581","price":"20","gt_translate_keys":["label"]},{"label":"Premium Warranty","value":"premwar","selected":false,"tempId":"aco_1761","price":"1500","gt_translate_keys":["label"]}],"relations":false,"active":true,"tooltip":"<a href=\"https:\/\/help.buyadsaccounts.net\/hc\/helpcenter\/articles\/1754560957-additional-options\" target=\"blank\">Read More<\/a>","layOut":"","isWeightTemplate":false,"error":false,"isTemplate":false,"checkUi":"","min_quantity":"1","quantity_decimal":false,"quantity_step":"1","quantity_label":"Quantity","repeater_field_label":"{field_label}","repeater_bind":"","gt_translate_keys":["label","tooltip","repeater_field_label","quantity_label"],"price_dependency":false,"cl_dependency":["wcpa-checkbox-group-660ae21e5b189","wcpa-checkbox-group-660ae21e5b191"],"value":""}],[{"type":"checkbox-group","required":true,"elementId":"wcpa-checkbox-group-660ae21e5b189","label":"How many Installs?","enablePrice":true,"priceOptions":"different_for_all","pricingType":"fixed","price":"100","name":"checkbox-group-660ae21e5b18d","min_options":"1","other_text":"Other","enableCl":true,"cl_rule":"show","cl_val":"appinsla","col":6,"values":[{"label":"1000 App Installs","value":"500ins","price":"300","pimage":"","pimage_id":"","pthumb":"","gt_translate_keys":["label"]},{"label":"5000 App Installs","value":"500app","price":"1400","pimage":"","pimage_id":"","pthumb":"","gt_translate_keys":["label"]},{"label":"10.000 App Installs","value":"10kapp","price":"2700","pimage":"","pimage_id":"","pthumb":"","gt_translate_keys":["label"]}],"relations":[{"operator":false,"rules":[{"operator":false,"rules":{"cl_field":"wcpa-checkbox-group-660ae21e5b181","cl_relation":"is","cl_val":"appinsla"}}]}],"active":true,"tooltip":"","layOut":"","gt_translate_keys":["label","tooltip"],"price_dependency":false,"cl_dependency":false,"value":""}],[{"type":"checkbox-group","required":true,"elementId":"wcpa-checkbox-group-660ae21e5b191","label":"How many Reviews?","enablePrice":true,"priceOptions":"different_for_all","pricingType":"fixed","price":"100","name":"checkbox-group-660ae21e5b195","min_options":"1","other_text":"Other","enableCl":true,"cl_rule":"show","cl_val":"apprev","col":6,"values":[{"label":"500 Reviews + Ratings Random","value":"500rev","price":"250","pimage":"","pimage_id":"","pthumb":"","gt_translate_keys":["label"]},{"label":"1000 Reviews + Ratings Random","value":"100revw","price":"500","pimage":"","pimage_id":"","pthumb":"","gt_translate_keys":["label"]},{"label":"5000 Reviews + Ratings Random","value":"r00anr","price":"2000","pimage":"","pimage_id":"","pthumb":"","gt_translate_keys":["label"]},{"label":"500 Reviews + Ratings Custom","value":"500ccus","price":"350","pimage":"","pimage_id":"","pthumb":"","gt_translate_keys":["label"]},{"label":"1000 Reviews + Ratings Custom","value":"100cus","price":"600","pimage":"","pimage_id":"","pthumb":"","gt_translate_keys":["label"]},{"label":"5000 Reviews + Ratings Custom","value":"500cus","price":"2500","pimage":"","pimage_id":"","pthumb":"","gt_translate_keys":["label"]}],"relations":[{"operator":false,"rules":[{"operator":false,"rules":{"cl_field":"wcpa-checkbox-group-660ae21e5b181","cl_relation":"is","cl_val":"apprev"}}]}],"active":true,"tooltip":"","layOut":"","error":false,"gt_translate_keys":["label","tooltip"],"price_dependency":false,"cl_dependency":false,"value":""}]]}},"config":{"price_override":"","enable_recaptcha":false,"bind_quantity":false,"quantity_bind_formula":false,"disp_summ_show_option_price":false,"disp_summ_show_product_price":false,"disp_summ_show_total_price":true,"disp_summ_show_fee":false,"disp_summ_show_discount":false,"summary_title":"","options_total_label":"Options Price","total_label":"Total","options_product_label":"Product Price","fee_label":"Fee","discount_label":"Discount","has_price":true,"has_quantity_formula":false},"mc_unit":1,"tax_rate":1,"tax_rate_real":1,"discount":{"percentage":0,"fixed":0},"design":{"conf":{"LabelPosition":"above","DescPosition":"above","UploadField":"custom_1","QuantityFieldStyle":"default"},"css":{"LeftLabelWidth":"120px"}},"formulas":[],"lookuptables":[],"clones":false,"cartKey":false}},"_links":{"self":[{"href":"https:\/\/buyadsaccounts.net\/fr\/wp-json\/wp\/v2\/product\/4939","targetHints":{"allow":["GET"]}}],"collection":[{"href":"https:\/\/buyadsaccounts.net\/fr\/wp-json\/wp\/v2\/product"}],"about":[{"href":"https:\/\/buyadsaccounts.net\/fr\/wp-json\/wp\/v2\/types\/product"}],"version-history":[{"count":1,"href":"https:\/\/buyadsaccounts.net\/fr\/wp-json\/wp\/v2\/product\/4939\/revisions"}],"predecessor-version":[{"id":9547,"href":"https:\/\/buyadsaccounts.net\/fr\/wp-json\/wp\/v2\/product\/4939\/revisions\/9547"}],"wp:featuredmedia":[{"embeddable":true,"href":"https:\/\/buyadsaccounts.net\/fr\/wp-json\/wp\/v2\/media\/4940"}],"wp:attachment":[{"href":"https:\/\/buyadsaccounts.net\/fr\/wp-json\/wp\/v2\/media?parent=4939"}],"wp:term":[{"taxonomy":"product_brand","embeddable":true,"href":"https:\/\/buyadsaccounts.net\/fr\/wp-json\/wp\/v2\/product_brand?post=4939"},{"taxonomy":"product_cat","embeddable":true,"href":"https:\/\/buyadsaccounts.net\/fr\/wp-json\/wp\/v2\/product_cat?post=4939"},{"taxonomy":"product_tag","embeddable":true,"href":"https:\/\/buyadsaccounts.net\/fr\/wp-json\/wp\/v2\/product_tag?post=4939"}],"curies":[{"name":"wp","href":"https:\/\/api.w.org\/{rel}","templated":true}]}}