{"id":4595,"date":"2023-12-15T13:56:24","date_gmt":"2023-12-15T10:56:24","guid":{"rendered":"https:\/\/rentaccounts.net\/?post_type=product&#038;p=4595"},"modified":"2026-02-01T17:28:34","modified_gmt":"2026-02-01T17:28:34","slug":"acheter-un-compte-de-facturation-google-ads","status":"publish","type":"product","link":"https:\/\/buyadsaccounts.net\/fr\/gads\/acheter-un-compte-de-facturation-google-ads\/","title":{"rendered":"Acheter des comptes de facturation Google Ads"},"content":{"rendered":"<h2>Qu'est-ce qu'un compte de facturation Google Ads ?<\/h2>\n<p>Un compte de facturation Google Ads est une option de paiement propos\u00e9e par Google qui permet aux entreprises de recevoir des factures pour leurs d\u00e9penses publicitaires au lieu d'effectuer des paiements imm\u00e9diats. Cette option est particuli\u00e8rement avantageuse pour les entreprises qui disposent d'un budget publicitaire \u00e9lev\u00e9 et qui pr\u00e9f\u00e8rent consolider leurs paiements.<\/p>\n<p>Avec un compte de facturation Google Ads, vous pouvez d\u00e9finir une limite de cr\u00e9dit sp\u00e9cifique, recevoir des factures mensuelles et effectuer des paiements dans un d\u00e9lai d\u00e9termin\u00e9. Vous b\u00e9n\u00e9ficiez ainsi d'une plus grande souplesse dans la gestion de vos d\u00e9penses publicitaires et d'une simplification de votre processus de comptabilit\u00e9.<\/p>\n<h3>Les avantages d'un compte de facturation Google Ads<\/h3>\n<p>1. Am\u00e9lioration de la tr\u00e9sorerie : l'utilisation d'un compte de facturation Google Ads vous permet de mieux g\u00e9rer votre tr\u00e9sorerie, car vous disposez de plus de temps pour payer vos d\u00e9penses publicitaires. Cela peut \u00eatre particuli\u00e8rement avantageux pour les entreprises qui connaissent des fluctuations saisonni\u00e8res ou des flux de revenus irr\u00e9guliers.<\/p>\n<p>2. Processus de paiement simplifi\u00e9 : Au lieu d'effectuer des paiements individuels pour chaque campagne publicitaire, un compte de facturation Google Ads vous permet de recevoir une facture mensuelle consolid\u00e9e. Cela simplifie votre processus de paiement et r\u00e9duit les t\u00e2ches administratives.<\/p>\n<p>3. Un meilleur contr\u00f4le du budget : En fixant une limite de cr\u00e9dit \u00e0 votre compte de facturation, vous ma\u00eetrisez mieux votre budget publicitaire. Vous pouvez allouer les fonds de mani\u00e8re plus efficace, contr\u00f4ler vos d\u00e9penses et proc\u00e9der aux ajustements n\u00e9cessaires.<\/p>\n<p>4. Rapports d\u00e9taill\u00e9s : Google fournit des rapports d\u00e9taill\u00e9s sur vos d\u00e9penses publicitaires, ce qui vous permet d'analyser les performances de vos campagnes. Ces donn\u00e9es peuvent s'av\u00e9rer pr\u00e9cieuses pour prendre des d\u00e9cisions \u00e9clair\u00e9es afin d'optimiser votre strat\u00e9gie publicitaire et de maximiser votre retour sur investissement (ROI).<\/p>\n<p>Investir dans un compte de facturation Google Ads pr\u00e9sente de nombreux avantages pour les entreprises qui souhaitent rationaliser leurs d\u00e9penses publicitaires et am\u00e9liorer la gestion de leur tr\u00e9sorerie. Gr\u00e2ce \u00e0 un meilleur contr\u00f4le de votre budget, \u00e0 des processus de paiement simplifi\u00e9s et \u00e0 des rapports d\u00e9taill\u00e9s, vous pouvez optimiser votre strat\u00e9gie publicitaire et obtenir de meilleurs r\u00e9sultats.<\/p>","protected":false},"excerpt":{"rendered":"<p>Vous en avez assez de g\u00e9rer des soldes pr\u00e9pay\u00e9s pour vos campagnes Google Ads ? Si c'est le cas, vous pourriez \u00eatre int\u00e9ress\u00e9 par l'achat d'un compte de facturation Google Ads.<\/p>","protected":false},"featured_media":4404,"template":"","meta":{"_acf_changed":false,"_glsr_average":5,"_glsr_ranking":4.7,"_glsr_reviews":40},"product_brand":[],"product_cat":[236],"product_tag":[],"class_list":{"0":"post-4595","1":"product","2":"type-product","3":"status-publish","4":"has-post-thumbnail","6":"product_cat-google-ads-invoicing-account","7":"wcpa_has_options","9":"first","10":"instock","11":"purchasable","12":"product-type-simple"},"acf":[],"yoast_head":"<!-- This site is optimized with the Yoast SEO Premium plugin v26.7 (Yoast SEO v27.4) - https:\/\/yoast.com\/product\/yoast-seo-premium-wordpress\/ -->\n<title>Buy Google Ads Invoicing Accounts - Monthly Invoicing<\/title>\n<meta name=\"description\" content=\"Buy Google Ads Invoicing Accounts with credit line approved. Approved Google Ads account with monthly invoicing enabled and verified. Publish Ads Instantly.\" \/>\n<meta name=\"robots\" content=\"index, follow, max-snippet:-1, max-image-preview:large, max-video-preview:-1\" \/>\n<link rel=\"canonical\" href=\"https:\/\/buyadsaccounts.net\/fr\/gads\/acheter-un-compte-de-facturation-google-ads\/\" \/>\n<meta property=\"og:locale\" content=\"fr_FR\" \/>\n<meta property=\"og:type\" content=\"article\" \/>\n<meta property=\"og:title\" content=\"Buy Google Ads Invoicing Accounts\" \/>\n<meta property=\"og:description\" content=\"Buy Google Ads Invoicing Accounts with credit line approved. Approved Google Ads account with monthly invoicing enabled and verified. Publish Ads Instantly.\" \/>\n<meta property=\"og:url\" content=\"https:\/\/buyadsaccounts.net\/fr\/gads\/acheter-un-compte-de-facturation-google-ads\/\" \/>\n<meta property=\"og:site_name\" content=\"BuyAdsAccounts\" \/>\n<meta property=\"article:modified_time\" content=\"2026-02-01T17:28:34+00:00\" \/>\n<meta property=\"og:image\" content=\"https:\/\/buyadsaccounts.net\/wp-content\/uploads\/2025\/01\/buy_google_ads_accounts.webp\" \/>\n\t<meta property=\"og:image:width\" content=\"1200\" \/>\n\t<meta property=\"og:image:height\" content=\"630\" \/>\n\t<meta property=\"og:image:type\" content=\"image\/webp\" \/>\n<meta name=\"twitter:card\" content=\"summary_large_image\" \/>\n<meta name=\"twitter:image\" content=\"https:\/\/buyadsaccounts.net\/wp-content\/uploads\/2025\/01\/buy_google_ads_accounts.webp\" \/>\n<meta name=\"twitter:label1\" content=\"Dur\u00e9e de lecture estim\u00e9e\" \/>\n\t<meta name=\"twitter:data1\" content=\"2 minutes\" \/>\n<script type=\"application\/ld+json\" class=\"yoast-schema-graph\">{\"@context\":\"https:\\\/\\\/schema.org\",\"@graph\":[{\"@type\":\"WebPage\",\"@id\":\"https:\\\/\\\/buyadsaccounts.net\\\/gads\\\/buy-google-ads-invoicing-account\\\/\",\"url\":\"https:\\\/\\\/buyadsaccounts.net\\\/gads\\\/buy-google-ads-invoicing-account\\\/\",\"name\":\"Buy Google Ads Invoicing Accounts - Monthly Invoicing\",\"isPartOf\":{\"@id\":\"https:\\\/\\\/buyadsaccounts.net\\\/#website\"},\"primaryImageOfPage\":{\"@id\":\"https:\\\/\\\/buyadsaccounts.net\\\/gads\\\/buy-google-ads-invoicing-account\\\/#primaryimage\"},\"image\":{\"@id\":\"https:\\\/\\\/buyadsaccounts.net\\\/gads\\\/buy-google-ads-invoicing-account\\\/#primaryimage\"},\"thumbnailUrl\":\"https:\\\/\\\/buyadsaccounts.net\\\/wp-content\\\/uploads\\\/2021\\\/07\\\/google-ads-accounts-logo.png\",\"datePublished\":\"2023-12-15T10:56:24+00:00\",\"dateModified\":\"2026-02-01T17:28:34+00:00\",\"description\":\"Buy Google Ads Invoicing Accounts with credit line approved. Approved Google Ads account with monthly invoicing enabled and verified. Publish Ads Instantly.\",\"breadcrumb\":{\"@id\":\"https:\\\/\\\/buyadsaccounts.net\\\/gads\\\/buy-google-ads-invoicing-account\\\/#breadcrumb\"},\"inLanguage\":\"fr-FR\",\"potentialAction\":[{\"@type\":\"ReadAction\",\"target\":[\"https:\\\/\\\/buyadsaccounts.net\\\/gads\\\/buy-google-ads-invoicing-account\\\/\"]}]},{\"@type\":\"ImageObject\",\"inLanguage\":\"fr-FR\",\"@id\":\"https:\\\/\\\/buyadsaccounts.net\\\/gads\\\/buy-google-ads-invoicing-account\\\/#primaryimage\",\"url\":\"https:\\\/\\\/buyadsaccounts.net\\\/wp-content\\\/uploads\\\/2021\\\/07\\\/google-ads-accounts-logo.png\",\"contentUrl\":\"https:\\\/\\\/buyadsaccounts.net\\\/wp-content\\\/uploads\\\/2021\\\/07\\\/google-ads-accounts-logo.png\",\"width\":512,\"height\":512},{\"@type\":\"BreadcrumbList\",\"@id\":\"https:\\\/\\\/buyadsaccounts.net\\\/gads\\\/buy-google-ads-invoicing-account\\\/#breadcrumb\",\"itemListElement\":[{\"@type\":\"ListItem\",\"position\":1,\"name\":\"Home\",\"item\":\"https:\\\/\\\/buyadsaccounts.net\\\/\"},{\"@type\":\"ListItem\",\"position\":2,\"name\":\"Shop\",\"item\":\"https:\\\/\\\/buyadsaccounts.net\\\/ar\\\/%d9%85%d8%aa%d8%ac%d8%b1\\\/\"},{\"@type\":\"ListItem\",\"position\":3,\"name\":\"Buy Google Ads Invoicing Accounts\"}]},{\"@type\":\"WebSite\",\"@id\":\"https:\\\/\\\/buyadsaccounts.net\\\/#website\",\"url\":\"https:\\\/\\\/buyadsaccounts.net\\\/\",\"name\":\"BuyAdsAccounts\",\"description\":\"\",\"publisher\":{\"@id\":\"https:\\\/\\\/buyadsaccounts.net\\\/#organization\"},\"potentialAction\":[{\"@type\":\"SearchAction\",\"target\":{\"@type\":\"EntryPoint\",\"urlTemplate\":\"https:\\\/\\\/buyadsaccounts.net\\\/?s={search_term_string}\"},\"query-input\":{\"@type\":\"PropertyValueSpecification\",\"valueRequired\":true,\"valueName\":\"search_term_string\"}}],\"inLanguage\":\"fr-FR\"},{\"@type\":\"Organization\",\"@id\":\"https:\\\/\\\/buyadsaccounts.net\\\/#organization\",\"name\":\"Buy Google Ads Accounts\",\"url\":\"https:\\\/\\\/buyadsaccounts.net\\\/\",\"logo\":{\"@type\":\"ImageObject\",\"inLanguage\":\"fr-FR\",\"@id\":\"https:\\\/\\\/buyadsaccounts.net\\\/#\\\/schema\\\/logo\\\/image\\\/\",\"url\":\"https:\\\/\\\/buyadsaccounts.net\\\/wp-content\\\/uploads\\\/2024\\\/12\\\/buyads-fav.jpg\",\"contentUrl\":\"https:\\\/\\\/buyadsaccounts.net\\\/wp-content\\\/uploads\\\/2024\\\/12\\\/buyads-fav.jpg\",\"width\":512,\"height\":512,\"caption\":\"Buy Google Ads Accounts\"},\"image\":{\"@id\":\"https:\\\/\\\/buyadsaccounts.net\\\/#\\\/schema\\\/logo\\\/image\\\/\"}}]}<\/script>\n<!-- \/ Yoast SEO Premium plugin. -->","yoast_head_json":{"title":"Acheter des comptes de facturation Google Ads - Facturation mensuelle","description":"Acheter des comptes de facturation Google Ads avec ligne de cr\u00e9dit approuv\u00e9e. Compte Google Ads approuv\u00e9 avec facturation mensuelle activ\u00e9e et v\u00e9rifi\u00e9e. Publier des annonces instantan\u00e9ment.","robots":{"index":"index","follow":"follow","max-snippet":"max-snippet:-1","max-image-preview":"max-image-preview:large","max-video-preview":"max-video-preview:-1"},"canonical":"https:\/\/buyadsaccounts.net\/fr\/gads\/acheter-un-compte-de-facturation-google-ads\/","og_locale":"fr_FR","og_type":"article","og_title":"Buy Google Ads Invoicing Accounts","og_description":"Buy Google Ads Invoicing Accounts with credit line approved. Approved Google Ads account with monthly invoicing enabled and verified. Publish Ads Instantly.","og_url":"https:\/\/buyadsaccounts.net\/fr\/gads\/acheter-un-compte-de-facturation-google-ads\/","og_site_name":"BuyAdsAccounts","article_modified_time":"2026-02-01T17:28:34+00:00","og_image":[{"width":1200,"height":630,"url":"https:\/\/buyadsaccounts.net\/wp-content\/uploads\/2025\/01\/buy_google_ads_accounts.webp","type":"image\/webp"}],"twitter_card":"summary_large_image","twitter_image":"https:\/\/buyadsaccounts.net\/wp-content\/uploads\/2025\/01\/buy_google_ads_accounts.webp","twitter_misc":{"Dur\u00e9e de lecture estim\u00e9e":"2 minutes"},"schema":{"@context":"https:\/\/schema.org","@graph":[{"@type":"WebPage","@id":"https:\/\/buyadsaccounts.net\/gads\/buy-google-ads-invoicing-account\/","url":"https:\/\/buyadsaccounts.net\/gads\/buy-google-ads-invoicing-account\/","name":"Acheter des comptes de facturation Google Ads - Facturation mensuelle","isPartOf":{"@id":"https:\/\/buyadsaccounts.net\/#website"},"primaryImageOfPage":{"@id":"https:\/\/buyadsaccounts.net\/gads\/buy-google-ads-invoicing-account\/#primaryimage"},"image":{"@id":"https:\/\/buyadsaccounts.net\/gads\/buy-google-ads-invoicing-account\/#primaryimage"},"thumbnailUrl":"https:\/\/buyadsaccounts.net\/wp-content\/uploads\/2021\/07\/google-ads-accounts-logo.png","datePublished":"2023-12-15T10:56:24+00:00","dateModified":"2026-02-01T17:28:34+00:00","description":"Acheter des comptes de facturation Google Ads avec ligne de cr\u00e9dit approuv\u00e9e. Compte Google Ads approuv\u00e9 avec facturation mensuelle activ\u00e9e et v\u00e9rifi\u00e9e. Publier des annonces instantan\u00e9ment.","breadcrumb":{"@id":"https:\/\/buyadsaccounts.net\/gads\/buy-google-ads-invoicing-account\/#breadcrumb"},"inLanguage":"fr-FR","potentialAction":[{"@type":"ReadAction","target":["https:\/\/buyadsaccounts.net\/gads\/buy-google-ads-invoicing-account\/"]}]},{"@type":"ImageObject","inLanguage":"fr-FR","@id":"https:\/\/buyadsaccounts.net\/gads\/buy-google-ads-invoicing-account\/#primaryimage","url":"https:\/\/buyadsaccounts.net\/wp-content\/uploads\/2021\/07\/google-ads-accounts-logo.png","contentUrl":"https:\/\/buyadsaccounts.net\/wp-content\/uploads\/2021\/07\/google-ads-accounts-logo.png","width":512,"height":512},{"@type":"BreadcrumbList","@id":"https:\/\/buyadsaccounts.net\/gads\/buy-google-ads-invoicing-account\/#breadcrumb","itemListElement":[{"@type":"ListItem","position":1,"name":"Home","item":"https:\/\/buyadsaccounts.net\/"},{"@type":"ListItem","position":2,"name":"Shop","item":"https:\/\/buyadsaccounts.net\/ar\/%d9%85%d8%aa%d8%ac%d8%b1\/"},{"@type":"ListItem","position":3,"name":"Buy Google Ads Invoicing Accounts"}]},{"@type":"WebSite","@id":"https:\/\/buyadsaccounts.net\/#website","url":"https:\/\/buyadsaccounts.net\/","name":"Achat de comptes publicitaires","description":"","publisher":{"@id":"https:\/\/buyadsaccounts.net\/#organization"},"potentialAction":[{"@type":"SearchAction","target":{"@type":"EntryPoint","urlTemplate":"https:\/\/buyadsaccounts.net\/?s={search_term_string}"},"query-input":{"@type":"PropertyValueSpecification","valueRequired":true,"valueName":"search_term_string"}}],"inLanguage":"fr-FR"},{"@type":"Organization","@id":"https:\/\/buyadsaccounts.net\/#organization","name":"Acheter des comptes Google Ads","url":"https:\/\/buyadsaccounts.net\/","logo":{"@type":"ImageObject","inLanguage":"fr-FR","@id":"https:\/\/buyadsaccounts.net\/#\/schema\/logo\/image\/","url":"https:\/\/buyadsaccounts.net\/wp-content\/uploads\/2024\/12\/buyads-fav.jpg","contentUrl":"https:\/\/buyadsaccounts.net\/wp-content\/uploads\/2024\/12\/buyads-fav.jpg","width":512,"height":512,"caption":"Buy Google Ads Accounts"},"image":{"@id":"https:\/\/buyadsaccounts.net\/#\/schema\/logo\/image\/"}}]}},"wcpa_form_fields":{"wcpaData":{"product":{"product_price":0,"price_html":"<span class=\"woocommerce-Price-amount amount\"><bdi>0<span class=\"woocommerce-Price-currencySymbol\">&#36;<\/span><\/bdi><\/span>","original_product_price":0,"price_including_tax":0,"price_excluding_tax":0,"product_id":{"parent":4595,"variation":false},"is_variable":false,"stock_status":"instock","stock_quantity":null,"parent_sku":"","product_attributes":[],"custom_fields":[],"is_taxable":false,"product_name":"Buy Google Ads Invoicing Accounts","hasImage":false},"fields":{"sec_2695e652f6d8b2":{"extra":{"key":"sec_2695e652f6d8b2","section_id":"sec_2695e652f6d8b2","name":"Default","status":1,"cl_rule":"show","enableCl":false,"relations":[],"toggle":true,"title_tag":"h3","show_title":false,"showPrice":"default","form_id":4596,"form_rules":{"exclude_from_discount":false,"fee_label":"Fee","disp_hide_options_price":false,"disp_show_section_price":false,"disp_show_field_price":true,"layout_option":"standard","pric_use_as_fee":false,"process_fee_as":"woo_fee"},"layout_option":"standard"},"fields":[[{"type":"checkbox-group","required":true,"elementId":"wcpa-checkbox-group-1643471137938","label":"Account Options","description":"Year - Currency - Limit - Price","enablePrice":true,"priceOptions":"different_for_all","pricingType":"fixed","price":"100","name":"checkbox-group-1643471137938","min_options":"1","other_text":"Other","cl_rule":"show","col":6,"values":[{"label":"2022 USD Account - 12.000$ Credit","value":"usd-account-buy55","price":"900","pimage":"","pimage_id":"","pthumb":"","tempId":"aco_602","gt_translate_keys":["label"]},{"label":"2023 EUR Account - 8000$ Credit","value":"eur-account-buy55","price":"650","pimage":"","pimage_id":"","pthumb":"","tempId":"aco_603","gt_translate_keys":["label"]},{"label":"2023 USD Account - 6500$ Credit","value":"usd-2023-credit","price":"500","pimage":"","pimage_id":"","pthumb":"","tempId":"aco_604","gt_translate_keys":["label"]}],"relations":false,"active":true,"tooltip":"","layOut":"","isWeightTemplate":false,"error":false,"isTemplate":false,"checkUi":"","min_quantity":"1","quantity_decimal":false,"quantity_step":"1","quantity_label":"Quantity","repeater_field_label":"{field_label}","repeater_bind":"","gt_translate_keys":["label","description","tooltip","repeater_field_label","quantity_label"],"price_dependency":false,"cl_dependency":false,"value":""}],[{"type":"checkbox-group","elementId":"wcpa-checkbox-group-1702402170666","label":"Extra Services","enablePrice":true,"priceOptions":"different_for_all","pricingType":"fixed","price":"100","name":"checkbox-group-1702402170665","min_options":"1","other_text":"Other","cl_rule":"show","col":6,"values":[{"label":"Cloaking ( Crypto, IPTV, Gambling, Casino, Affiliate)","value":"blak-cat","price":"100","pimage":"","pimage_id":"","pthumb":"","tempId":"aco_263","gt_translate_keys":["label"]},{"label":"Ads Manager ","value":"campsi","price":"100","pimage":"","pimage_id":"","pthumb":"","tempId":"aco_264","gt_translate_keys":["label"]},{"label":"Premium Warranty","value":"premwar","selected":false,"tempId":"aco_19","price":"1500","gt_translate_keys":["label"]}],"relations":false,"active":true,"tooltip":"<a href=\"https:\/\/help.buyadsaccounts.net\/hc\/helpcenter\/articles\/1754560957-additional-options\" target=\"blank\">Read More<\/a>","layOut":"","isWeightTemplate":false,"error":false,"isTemplate":false,"checkUi":"","min_quantity":"1","quantity_decimal":false,"quantity_step":"1","quantity_label":"Quantity","repeater_field_label":"{field_label}","repeater_bind":"","gt_translate_keys":["label","tooltip","repeater_field_label","quantity_label"],"price_dependency":false,"cl_dependency":["wcpa-checkbox-group-1711017530961","wcpa-checkbox-group-1711017600957"],"value":""}],[{"type":"checkbox-group","required":true,"elementId":"wcpa-checkbox-group-1711017530961","label":"Cloaking - How many URLs?","description":"Price per URL","enablePrice":true,"priceOptions":"different_for_all","pricingType":"fixed","price":"100","name":"checkbox-group-1711017530960","min_options":"1","max_options":"1","other_text":"Other","enableCl":true,"cl_rule":"show","cl_val":"bharsd","col":6,"values":[{"label":"1 URL","value":"bgt","price":"0","pimage":"","pimage_id":"","pthumb":"","gt_translate_keys":["label"]},{"label":"2 URLs","value":"gkr","price":"100","pimage":"","pimage_id":"","pthumb":"","gt_translate_keys":["label"]},{"label":"3 URLs","value":"asff","price":"200","pimage":"","pimage_id":"","pthumb":"","gt_translate_keys":["label"]},{"label":"5 URLs","value":"bfe","price":"350","pimage":"","pimage_id":"","pthumb":"","gt_translate_keys":["label"]},{"label":"10 URLs","value":"dsa","price":"700","pimage":"","pimage_id":"","pthumb":"","gt_translate_keys":["label"]}],"relations":[{"operator":false,"rules":[{"operator":false,"rules":{"cl_field":"wcpa-checkbox-group-1702402170666","cl_relation":"is","cl_val":"bharsd"}}]}],"active":true,"tooltip":"","layOut":"","gt_translate_keys":["label","description","tooltip"],"price_dependency":false,"cl_dependency":false,"value":""}],[{"type":"checkbox-group","required":true,"elementId":"wcpa-checkbox-group-1711017600957","label":"Ads Manager - How many ADS?","description":"Price per AD","enablePrice":true,"priceOptions":"different_for_all","pricingType":"fixed","price":"100","name":"checkbox-group-1711017600956","min_options":"1","max_options":"1","other_text":"Other","enableCl":true,"cl_rule":"show","cl_val":"campsi","col":6,"values":[{"label":"1 Ad","value":"bgt","price":"0","pimage":"","pimage_id":"","pthumb":"","gt_translate_keys":["label"]},{"label":"2 Ads","value":"gkr","price":"100","pimage":"","pimage_id":"","pthumb":"","gt_translate_keys":["label"]},{"label":"3 Ads","value":"asff","price":"200","pimage":"","pimage_id":"","pthumb":"","gt_translate_keys":["label"]},{"label":"5 Ads","value":"bfe","price":"350","pimage":"","pimage_id":"","pthumb":"","gt_translate_keys":["label"]},{"label":"10 Ads","value":"dsa","price":"700","pimage":"","pimage_id":"","pthumb":"","gt_translate_keys":["label"]}],"relations":[{"operator":false,"rules":[{"operator":false,"rules":{"cl_field":"wcpa-checkbox-group-1702402170666","cl_relation":"is","cl_val":"campsi"}}]}],"active":true,"tooltip":"","layOut":"","error":false,"gt_translate_keys":["label","description","tooltip"],"price_dependency":false,"cl_dependency":false,"value":""}]]}},"config":{"price_override":"","enable_recaptcha":false,"bind_quantity":false,"quantity_bind_formula":false,"disp_summ_show_option_price":false,"disp_summ_show_product_price":false,"disp_summ_show_total_price":true,"disp_summ_show_fee":false,"disp_summ_show_discount":false,"summary_title":"","options_total_label":"Options Price","total_label":"Total","options_product_label":"Product Price","fee_label":"Fee","discount_label":"Discount","has_price":true,"has_quantity_formula":false},"mc_unit":1,"tax_rate":1,"tax_rate_real":1,"discount":{"percentage":0,"fixed":0},"design":{"conf":{"LabelPosition":"above","DescPosition":"above","UploadField":"custom_1","QuantityFieldStyle":"default"},"css":{"LeftLabelWidth":"120px"}},"formulas":[],"lookuptables":[],"clones":false,"cartKey":false}},"_links":{"self":[{"href":"https:\/\/buyadsaccounts.net\/fr\/wp-json\/wp\/v2\/product\/4595","targetHints":{"allow":["GET"]}}],"collection":[{"href":"https:\/\/buyadsaccounts.net\/fr\/wp-json\/wp\/v2\/product"}],"about":[{"href":"https:\/\/buyadsaccounts.net\/fr\/wp-json\/wp\/v2\/types\/product"}],"version-history":[{"count":1,"href":"https:\/\/buyadsaccounts.net\/fr\/wp-json\/wp\/v2\/product\/4595\/revisions"}],"predecessor-version":[{"id":9541,"href":"https:\/\/buyadsaccounts.net\/fr\/wp-json\/wp\/v2\/product\/4595\/revisions\/9541"}],"wp:featuredmedia":[{"embeddable":true,"href":"https:\/\/buyadsaccounts.net\/fr\/wp-json\/wp\/v2\/media\/4404"}],"wp:attachment":[{"href":"https:\/\/buyadsaccounts.net\/fr\/wp-json\/wp\/v2\/media?parent=4595"}],"wp:term":[{"taxonomy":"product_brand","embeddable":true,"href":"https:\/\/buyadsaccounts.net\/fr\/wp-json\/wp\/v2\/product_brand?post=4595"},{"taxonomy":"product_cat","embeddable":true,"href":"https:\/\/buyadsaccounts.net\/fr\/wp-json\/wp\/v2\/product_cat?post=4595"},{"taxonomy":"product_tag","embeddable":true,"href":"https:\/\/buyadsaccounts.net\/fr\/wp-json\/wp\/v2\/product_tag?post=4595"}],"curies":[{"name":"wp","href":"https:\/\/api.w.org\/{rel}","templated":true}]}}