{"id":3411,"date":"2022-09-01T10:39:12","date_gmt":"2022-09-01T08:39:12","guid":{"rendered":"https:\/\/rentaccounts.net\/?post_type=product&#038;p=3411"},"modified":"2026-02-01T17:25:32","modified_gmt":"2026-02-01T17:25:32","slug":"compte-facebook-ads","status":"publish","type":"product","link":"https:\/\/buyadsaccounts.net\/fr\/gads\/compte-facebook-ads\/","title":{"rendered":"Acheter un compte Facebook Ads"},"content":{"rendered":"<h2>Les avantages de l'achat de comptes publicitaires Facebook<\/h2>\n<p>Vous souhaitez renforcer la pr\u00e9sence en ligne de votre entreprise et atteindre un public plus large ? Un moyen efficace d'y parvenir est d'utiliser les publicit\u00e9s Facebook. Cependant, la cr\u00e9ation et la gestion de plusieurs comptes Facebook Ads peuvent prendre beaucoup de temps et repr\u00e9senter un v\u00e9ritable d\u00e9fi. C'est pourquoi l'achat de comptes Facebook Ads peut changer la donne pour votre strat\u00e9gie marketing. Dans cet article de blog, nous allons explorer les avantages de l'achat de comptes Facebook Ads et la fa\u00e7on dont ils peuvent vous aider \u00e0 atteindre vos objectifs commerciaux.<\/p>\n<h3>1. Une port\u00e9e et une visibilit\u00e9 accrues<\/h3>\n<p>Lorsque vous achetez des comptes Facebook Ads, vous avez instantan\u00e9ment acc\u00e8s \u00e0 un r\u00e9seau plus large de clients potentiels. Avec plusieurs comptes \u00e0 votre disposition, vous pouvez cibler des donn\u00e9es d\u00e9mographiques, des centres d'int\u00e9r\u00eat et des lieux diff\u00e9rents, ce qui vous permet de vous assurer que vos publicit\u00e9s atteignent le bon public. Cette port\u00e9e et cette visibilit\u00e9 accrues peuvent consid\u00e9rablement am\u00e9liorer vos chances d'attirer de nouveaux clients et d'augmenter vos ventes.<\/p>\n<h3>2. Une publicit\u00e9 rentable<\/h3>\n<p>L'ex\u00e9cution de campagnes publicitaires sur Facebook peut s'av\u00e9rer co\u00fbteuse, surtout si vous ciblez un large public. En achetant des comptes Facebook Ads, vous pouvez r\u00e9partir votre budget publicitaire sur plusieurs comptes, ce qui vous permet d'atteindre un plus grand nombre de personnes sans vous ruiner. Cette approche rentable vous permet de maximiser votre retour sur investissement et de tirer le meilleur parti de votre budget publicitaire.<\/p>\n<h3>3. Les tests A\/B en toute simplicit\u00e9<\/h3>\n<p>L'une des cl\u00e9s d'une publicit\u00e9 r\u00e9ussie est de tester et d'optimiser vos campagnes. Lorsque vous achetez des comptes Facebook Ads, vous avez la possibilit\u00e9 d'effectuer des tests A\/B plus efficacement. En cr\u00e9ant plusieurs comptes, vous pouvez tester simultan\u00e9ment diff\u00e9rentes cr\u00e9ations publicitaires, titres et options de ciblage. Vous pouvez ainsi recueillir des donn\u00e9es et des informations pr\u00e9cieuses qui vous aideront \u00e0 affiner votre strat\u00e9gie publicitaire pour obtenir de meilleurs r\u00e9sultats.<\/p>\n<h3>4. S\u00e9curit\u00e9 accrue des comptes publicitaires<\/h3>\n<p>La s\u00e9curit\u00e9 est une priorit\u00e9 absolue lorsqu'il s'agit de g\u00e9rer vos comptes publicitaires en ligne. En achetant des comptes Facebook Ads, vous pouvez minimiser le risque que votre compte principal soit compromis. Le fait de disposer de plusieurs comptes offre un niveau de s\u00e9curit\u00e9 suppl\u00e9mentaire, car tout probl\u00e8me li\u00e9 \u00e0 l'un des comptes n'affectera pas les autres. Cette tranquillit\u00e9 d'esprit vous permet de vous concentrer sur l'ex\u00e9cution de vos campagnes sans vous soucier d'\u00e9ventuelles failles de s\u00e9curit\u00e9.<\/p>\n<h3>5. Gain de temps et efficacit\u00e9<\/h3>\n<p>La cr\u00e9ation et la gestion de plusieurs comptes Facebook Ads peuvent prendre beaucoup de temps et s'av\u00e9rer fastidieuses. En achetant des comptes Facebook Ads, vous pouvez \u00e9conomiser du temps et des efforts pr\u00e9cieux. Au lieu de partir de z\u00e9ro, vous pouvez utiliser des comptes existants qui sont d\u00e9j\u00e0 configur\u00e9s et pr\u00eats \u00e0 l'emploi. Vous pouvez ainsi vous concentrer sur l'optimisation de vos campagnes et la r\u00e9alisation de vos objectifs marketing sans avoir \u00e0 vous soucier de la cr\u00e9ation et de la gestion des comptes.<\/p>\n<h3>Conclusion<\/h3>\n<p>L'achat de comptes Facebook Ads peut s'av\u00e9rer judicieux pour les entreprises qui cherchent \u00e0 \u00e9tendre leur port\u00e9e en ligne et \u00e0 maximiser leurs efforts publicitaires. Avec une port\u00e9e et une visibilit\u00e9 accrues, une publicit\u00e9 rentable, des tests A\/B simplifi\u00e9s, une s\u00e9curit\u00e9 renforc\u00e9e et un gain de temps, l'achat de comptes Facebook Ads peut donner \u00e0 votre entreprise un avantage concurrentiel. Alors, pourquoi attendre ? Commencez \u00e0 explorer les options disponibles et donnez une nouvelle dimension \u00e0 votre strat\u00e9gie publicitaire sur Facebook !<\/p>\n<p>&nbsp;<\/p>","protected":false},"excerpt":{"rendered":"<p>Vous cherchez un compte Facebook Ads pour mener vos campagnes sur Facebook ? Nous pouvons vous fournir un compte Facebook Ads enti\u00e8rement v\u00e9rifi\u00e9 avec Business Manager.<\/p>","protected":false},"featured_media":3412,"template":"","meta":{"_acf_changed":false,"_glsr_average":5,"_glsr_ranking":4.7058823529412,"_glsr_reviews":41},"product_brand":[],"product_cat":[162],"product_tag":[],"class_list":{"0":"post-3411","1":"product","2":"type-product","3":"status-publish","4":"has-post-thumbnail","6":"product_cat-facebook-ads-account","7":"wcpa_has_options","9":"first","10":"instock","11":"purchasable","12":"product-type-simple"},"acf":[],"yoast_head":"<!-- This site is optimized with the Yoast SEO Premium plugin v26.7 (Yoast SEO v27.4) - https:\/\/yoast.com\/product\/yoast-seo-premium-wordpress\/ -->\n<title>Buy Facebook Ads Accounts - Business Manager Verified<\/title>\n<meta name=\"description\" content=\"Buy Facebook Ads accounts with verified Business Manager. Premium accounts ready to publish campaigns instantly. Advertise on Facebook Ads with our accounts.\" \/>\n<meta name=\"robots\" content=\"index, follow, max-snippet:-1, max-image-preview:large, max-video-preview:-1\" \/>\n<link rel=\"canonical\" href=\"https:\/\/buyadsaccounts.net\/fr\/gads\/compte-facebook-ads\/\" \/>\n<meta property=\"og:locale\" content=\"fr_FR\" \/>\n<meta property=\"og:type\" content=\"article\" \/>\n<meta property=\"og:title\" content=\"Buy Facebook Ads Account\" \/>\n<meta property=\"og:description\" content=\"Buy Facebook Ads accounts with verified Business Manager. Premium accounts ready to publish campaigns instantly. Advertise on Facebook Ads with our accounts.\" \/>\n<meta property=\"og:url\" content=\"https:\/\/buyadsaccounts.net\/fr\/gads\/compte-facebook-ads\/\" \/>\n<meta property=\"og:site_name\" content=\"BuyAdsAccounts\" \/>\n<meta property=\"article:modified_time\" content=\"2026-02-01T17:25:32+00:00\" \/>\n<meta property=\"og:image\" content=\"https:\/\/buyadsaccounts.net\/wp-content\/uploads\/2022\/09\/facebook-ads-accounts-marketplace.jpg\" \/>\n\t<meta property=\"og:image:width\" content=\"600\" \/>\n\t<meta property=\"og:image:height\" content=\"600\" \/>\n\t<meta property=\"og:image:type\" content=\"image\/jpeg\" \/>\n<meta name=\"twitter:card\" content=\"summary_large_image\" \/>\n<meta name=\"twitter:label1\" content=\"Dur\u00e9e de lecture estim\u00e9e\" \/>\n\t<meta name=\"twitter:data1\" content=\"3 minutes\" \/>\n<script type=\"application\/ld+json\" class=\"yoast-schema-graph\">{\"@context\":\"https:\\\/\\\/schema.org\",\"@graph\":[{\"@type\":\"WebPage\",\"@id\":\"https:\\\/\\\/buyadsaccounts.net\\\/gads\\\/facebook-ads-account\\\/\",\"url\":\"https:\\\/\\\/buyadsaccounts.net\\\/gads\\\/facebook-ads-account\\\/\",\"name\":\"Buy Facebook Ads Accounts - Business Manager Verified\",\"isPartOf\":{\"@id\":\"https:\\\/\\\/buyadsaccounts.net\\\/#website\"},\"primaryImageOfPage\":{\"@id\":\"https:\\\/\\\/buyadsaccounts.net\\\/gads\\\/facebook-ads-account\\\/#primaryimage\"},\"image\":{\"@id\":\"https:\\\/\\\/buyadsaccounts.net\\\/gads\\\/facebook-ads-account\\\/#primaryimage\"},\"thumbnailUrl\":\"https:\\\/\\\/buyadsaccounts.net\\\/wp-content\\\/uploads\\\/2022\\\/09\\\/facebook-ads-accounts-marketplace.jpg\",\"datePublished\":\"2022-09-01T08:39:12+00:00\",\"dateModified\":\"2026-02-01T17:25:32+00:00\",\"description\":\"Buy Facebook Ads accounts with verified Business Manager. Premium accounts ready to publish campaigns instantly. Advertise on Facebook Ads with our accounts.\",\"breadcrumb\":{\"@id\":\"https:\\\/\\\/buyadsaccounts.net\\\/gads\\\/facebook-ads-account\\\/#breadcrumb\"},\"inLanguage\":\"fr-FR\",\"potentialAction\":[{\"@type\":\"ReadAction\",\"target\":[\"https:\\\/\\\/buyadsaccounts.net\\\/gads\\\/facebook-ads-account\\\/\"]}]},{\"@type\":\"ImageObject\",\"inLanguage\":\"fr-FR\",\"@id\":\"https:\\\/\\\/buyadsaccounts.net\\\/gads\\\/facebook-ads-account\\\/#primaryimage\",\"url\":\"https:\\\/\\\/buyadsaccounts.net\\\/wp-content\\\/uploads\\\/2022\\\/09\\\/facebook-ads-accounts-marketplace.jpg\",\"contentUrl\":\"https:\\\/\\\/buyadsaccounts.net\\\/wp-content\\\/uploads\\\/2022\\\/09\\\/facebook-ads-accounts-marketplace.jpg\",\"width\":600,\"height\":600},{\"@type\":\"BreadcrumbList\",\"@id\":\"https:\\\/\\\/buyadsaccounts.net\\\/gads\\\/facebook-ads-account\\\/#breadcrumb\",\"itemListElement\":[{\"@type\":\"ListItem\",\"position\":1,\"name\":\"Home\",\"item\":\"https:\\\/\\\/buyadsaccounts.net\\\/\"},{\"@type\":\"ListItem\",\"position\":2,\"name\":\"Shop\",\"item\":\"https:\\\/\\\/buyadsaccounts.net\\\/ar\\\/%d9%85%d8%aa%d8%ac%d8%b1\\\/\"},{\"@type\":\"ListItem\",\"position\":3,\"name\":\"Buy Facebook Ads Account\"}]},{\"@type\":\"WebSite\",\"@id\":\"https:\\\/\\\/buyadsaccounts.net\\\/#website\",\"url\":\"https:\\\/\\\/buyadsaccounts.net\\\/\",\"name\":\"BuyAdsAccounts\",\"description\":\"\",\"publisher\":{\"@id\":\"https:\\\/\\\/buyadsaccounts.net\\\/#organization\"},\"potentialAction\":[{\"@type\":\"SearchAction\",\"target\":{\"@type\":\"EntryPoint\",\"urlTemplate\":\"https:\\\/\\\/buyadsaccounts.net\\\/?s={search_term_string}\"},\"query-input\":{\"@type\":\"PropertyValueSpecification\",\"valueRequired\":true,\"valueName\":\"search_term_string\"}}],\"inLanguage\":\"fr-FR\"},{\"@type\":\"Organization\",\"@id\":\"https:\\\/\\\/buyadsaccounts.net\\\/#organization\",\"name\":\"Buy Google Ads Accounts\",\"url\":\"https:\\\/\\\/buyadsaccounts.net\\\/\",\"logo\":{\"@type\":\"ImageObject\",\"inLanguage\":\"fr-FR\",\"@id\":\"https:\\\/\\\/buyadsaccounts.net\\\/#\\\/schema\\\/logo\\\/image\\\/\",\"url\":\"https:\\\/\\\/buyadsaccounts.net\\\/wp-content\\\/uploads\\\/2024\\\/12\\\/buyads-fav.jpg\",\"contentUrl\":\"https:\\\/\\\/buyadsaccounts.net\\\/wp-content\\\/uploads\\\/2024\\\/12\\\/buyads-fav.jpg\",\"width\":512,\"height\":512,\"caption\":\"Buy Google Ads Accounts\"},\"image\":{\"@id\":\"https:\\\/\\\/buyadsaccounts.net\\\/#\\\/schema\\\/logo\\\/image\\\/\"}}]}<\/script>\n<!-- \/ Yoast SEO Premium plugin. -->","yoast_head_json":{"title":"Acheter des comptes publicitaires Facebook - Business Manager Verified","description":"Achetez des comptes Facebook Ads avec un Business Manager v\u00e9rifi\u00e9. Comptes Premium pr\u00eats \u00e0 publier des campagnes instantan\u00e9ment. Faites de la publicit\u00e9 sur Facebook Ads avec nos comptes.","robots":{"index":"index","follow":"follow","max-snippet":"max-snippet:-1","max-image-preview":"max-image-preview:large","max-video-preview":"max-video-preview:-1"},"canonical":"https:\/\/buyadsaccounts.net\/fr\/gads\/compte-facebook-ads\/","og_locale":"fr_FR","og_type":"article","og_title":"Buy Facebook Ads Account","og_description":"Buy Facebook Ads accounts with verified Business Manager. Premium accounts ready to publish campaigns instantly. Advertise on Facebook Ads with our accounts.","og_url":"https:\/\/buyadsaccounts.net\/fr\/gads\/compte-facebook-ads\/","og_site_name":"BuyAdsAccounts","article_modified_time":"2026-02-01T17:25:32+00:00","og_image":[{"width":600,"height":600,"url":"https:\/\/buyadsaccounts.net\/wp-content\/uploads\/2022\/09\/facebook-ads-accounts-marketplace.jpg","type":"image\/jpeg"}],"twitter_card":"summary_large_image","twitter_misc":{"Dur\u00e9e de lecture estim\u00e9e":"3 minutes"},"schema":{"@context":"https:\/\/schema.org","@graph":[{"@type":"WebPage","@id":"https:\/\/buyadsaccounts.net\/gads\/facebook-ads-account\/","url":"https:\/\/buyadsaccounts.net\/gads\/facebook-ads-account\/","name":"Acheter des comptes publicitaires Facebook - Business Manager Verified","isPartOf":{"@id":"https:\/\/buyadsaccounts.net\/#website"},"primaryImageOfPage":{"@id":"https:\/\/buyadsaccounts.net\/gads\/facebook-ads-account\/#primaryimage"},"image":{"@id":"https:\/\/buyadsaccounts.net\/gads\/facebook-ads-account\/#primaryimage"},"thumbnailUrl":"https:\/\/buyadsaccounts.net\/wp-content\/uploads\/2022\/09\/facebook-ads-accounts-marketplace.jpg","datePublished":"2022-09-01T08:39:12+00:00","dateModified":"2026-02-01T17:25:32+00:00","description":"Achetez des comptes Facebook Ads avec un Business Manager v\u00e9rifi\u00e9. Comptes Premium pr\u00eats \u00e0 publier des campagnes instantan\u00e9ment. Faites de la publicit\u00e9 sur Facebook Ads avec nos comptes.","breadcrumb":{"@id":"https:\/\/buyadsaccounts.net\/gads\/facebook-ads-account\/#breadcrumb"},"inLanguage":"fr-FR","potentialAction":[{"@type":"ReadAction","target":["https:\/\/buyadsaccounts.net\/gads\/facebook-ads-account\/"]}]},{"@type":"ImageObject","inLanguage":"fr-FR","@id":"https:\/\/buyadsaccounts.net\/gads\/facebook-ads-account\/#primaryimage","url":"https:\/\/buyadsaccounts.net\/wp-content\/uploads\/2022\/09\/facebook-ads-accounts-marketplace.jpg","contentUrl":"https:\/\/buyadsaccounts.net\/wp-content\/uploads\/2022\/09\/facebook-ads-accounts-marketplace.jpg","width":600,"height":600},{"@type":"BreadcrumbList","@id":"https:\/\/buyadsaccounts.net\/gads\/facebook-ads-account\/#breadcrumb","itemListElement":[{"@type":"ListItem","position":1,"name":"Home","item":"https:\/\/buyadsaccounts.net\/"},{"@type":"ListItem","position":2,"name":"Shop","item":"https:\/\/buyadsaccounts.net\/ar\/%d9%85%d8%aa%d8%ac%d8%b1\/"},{"@type":"ListItem","position":3,"name":"Buy Facebook Ads Account"}]},{"@type":"WebSite","@id":"https:\/\/buyadsaccounts.net\/#website","url":"https:\/\/buyadsaccounts.net\/","name":"Achat de comptes publicitaires","description":"","publisher":{"@id":"https:\/\/buyadsaccounts.net\/#organization"},"potentialAction":[{"@type":"SearchAction","target":{"@type":"EntryPoint","urlTemplate":"https:\/\/buyadsaccounts.net\/?s={search_term_string}"},"query-input":{"@type":"PropertyValueSpecification","valueRequired":true,"valueName":"search_term_string"}}],"inLanguage":"fr-FR"},{"@type":"Organization","@id":"https:\/\/buyadsaccounts.net\/#organization","name":"Acheter des comptes Google Ads","url":"https:\/\/buyadsaccounts.net\/","logo":{"@type":"ImageObject","inLanguage":"fr-FR","@id":"https:\/\/buyadsaccounts.net\/#\/schema\/logo\/image\/","url":"https:\/\/buyadsaccounts.net\/wp-content\/uploads\/2024\/12\/buyads-fav.jpg","contentUrl":"https:\/\/buyadsaccounts.net\/wp-content\/uploads\/2024\/12\/buyads-fav.jpg","width":512,"height":512,"caption":"Buy Google Ads Accounts"},"image":{"@id":"https:\/\/buyadsaccounts.net\/#\/schema\/logo\/image\/"}}]}},"wcpa_form_fields":{"wcpaData":{"product":{"product_price":0,"price_html":"<span class=\"woocommerce-Price-amount amount\"><bdi>0<span class=\"woocommerce-Price-currencySymbol\">&#36;<\/span><\/bdi><\/span>","original_product_price":0,"price_including_tax":0,"price_excluding_tax":0,"product_id":{"parent":3411,"variation":false},"is_variable":false,"stock_status":"instock","stock_quantity":null,"parent_sku":"","product_attributes":[],"custom_fields":[],"is_taxable":false,"product_name":"Buy Facebook Ads Account","hasImage":false},"fields":{"sec_9676e73d9751a8":{"extra":{"key":"sec_9676e73d9751a8","section_id":"sec_9676e73d9751a8","name":"Default","status":1,"cl_rule":"show","enableCl":false,"relations":[],"toggle":true,"title_tag":"h3","show_title":false,"showPrice":"default","form_id":4409,"form_rules":{"exclude_from_discount":false,"fee_label":"Op\u0142ata","disp_hide_options_price":false,"disp_show_section_price":false,"disp_show_field_price":true,"layout_option":"standard","pric_use_as_fee":false,"process_fee_as":"woo_fee"},"layout_option":"standard"},"fields":[[{"type":"checkbox-group","required":true,"elementId":"wcpa-checkbox-group-1643471137938","label":"Account Options","enablePrice":true,"priceOptions":"different_for_all","pricingType":"fixed","price":"100","name":"checkbox-group-1643471137938","min_options":"1","other_text":"Other","cl_rule":"show","col":6,"values":[{"label":"2021 USD Account","value":"usd-account-buy1","price":"300","pimage":"","pimage_id":"","pthumb":"","gt_translate_keys":["label"]},{"label":"2022 EUR Account","value":"eur-account-buy1","price":"300","pimage":"","pimage_id":"","pthumb":"","gt_translate_keys":["label"]},{"label":"2023 GBP Account","value":"gbp-account-buy1","price":"200","pimage":"","pimage_id":"","pthumb":"","gt_translate_keys":["label"]}],"relations":false,"active":true,"tooltip":"","layOut":"inline","isWeightTemplate":false,"error":false,"isTemplate":false,"checkUi":"","min_quantity":"1","quantity_decimal":false,"quantity_step":"1","quantity_label":"Quantity","repeater_field_label":"{field_label}","repeater_bind":"","gt_translate_keys":["label","tooltip","repeater_field_label","quantity_label"],"price_dependency":false,"cl_dependency":false,"value":""}],[{"type":"checkbox-group","elementId":"wcpa-checkbox-group-1708272968133","label":"Extra Services","enablePrice":true,"priceOptions":"different_for_all","pricingType":"fixed","price":"100","name":"checkbox-group-1708272968132","min_options":"1","other_text":"Other","enableCl":false,"cl_rule":"show","cl_val":"addcc","col":6,"values":[{"label":"Credit Card","value":"addcc","price":"100","pimage":"","pimage_id":"","pthumb":"","tempId":"aco_3459","gt_translate_keys":["label"]},{"label":"Cloaking ( Crypto, IPTV, Gambling, Casino, Affiliate)","value":"blak-cat","price":"100","pimage":"","pimage_id":"","pthumb":"","tempId":"aco_3460","gt_translate_keys":["label"]},{"label":"Ads Manager","value":"ama02","price":"100","pimage":"","pimage_id":"","pthumb":"","tempId":"aco_3461","gt_translate_keys":["label"]},{"label":"Premium Proxy","value":"prexpxo","selected":false,"tempId":"aco_3543","price":"20","gt_translate_keys":["label"]},{"label":"Premium Warranty","value":"premwar","selected":false,"tempId":"aco_1207","price":"500","gt_translate_keys":["label"]}],"relations":[{"operator":false,"rules":[{"operator":false,"rules":{"cl_field":"wcpa-checkbox-group-1708272968133","cl_relation":"is","cl_val":"addcc"}}]}],"active":true,"tooltip":"<a href=\"https:\/\/help.buyadsaccounts.net\/hc\/helpcenter\/articles\/1754560957-additional-options\" target=\"blank\">Read More<\/a>","layOut":"","checkUi":"","error":false,"isWeightTemplate":false,"isTemplate":false,"min_quantity":"1","quantity_decimal":false,"quantity_step":"1","quantity_label":"Quantity","repeater_field_label":"{field_label}","repeater_bind":"","gt_translate_keys":["label","tooltip","repeater_field_label","quantity_label"],"price_dependency":false,"cl_dependency":["wcpa-checkbox-group-1711017426681","wcpa-checkbox-group-1711017486331","wcpa-number-1702422483197"],"value":""}],[{"type":"checkbox-group","required":true,"elementId":"wcpa-checkbox-group-1711017426681","label":"Cloaking - How many URLs?","description":"Price per URL","enablePrice":true,"priceOptions":"different_for_all","pricingType":"fixed","price":"100","name":"checkbox-group-1711017426680","min_options":"1","other_text":"Other","enableCl":true,"cl_rule":"show","cl_val":"black-cam","col":6,"values":[{"label":"1 URL","value":"gee","price":"0","pimage":"","pimage_id":"","pthumb":"","gt_translate_keys":["label"]},{"label":"2 URLs","value":"tws","price":"100","pimage":"","pimage_id":"","pthumb":"","gt_translate_keys":["label"]},{"label":"3 URLs","value":"gr4","price":"200","pimage":"","pimage_id":"","pthumb":"","gt_translate_keys":["label"]},{"label":"5 URLs","value":"bew","price":"350","pimage":"","pimage_id":"","pthumb":"","gt_translate_keys":["label"]},{"label":"10 URLs","value":"blg","price":"700","pimage":"","pimage_id":"","pthumb":"","gt_translate_keys":["label"]}],"relations":[{"operator":false,"rules":[{"operator":false,"rules":{"cl_field":"wcpa-checkbox-group-1708272968133","cl_relation":"is","cl_val":"black-cam"}}]}],"active":true,"tooltip":"","layOut":"","gt_translate_keys":["label","description","tooltip"],"price_dependency":false,"cl_dependency":false,"value":""}],[{"type":"checkbox-group","required":true,"elementId":"wcpa-checkbox-group-1711017486331","label":"Ads Manager - How many ADS?","description":"Price per AD","enablePrice":true,"priceOptions":"different_for_all","pricingType":"fixed","price":"100","name":"checkbox-group-1711017486330","min_options":"1","other_text":"Other","enableCl":true,"cl_rule":"show","cl_val":"ama02","col":6,"values":[{"label":"1 Ad","value":"gee","price":"0","pimage":"","pimage_id":"","pthumb":"","gt_translate_keys":["label"]},{"label":"2 Ads","value":"tws","price":"100","pimage":"","pimage_id":"","pthumb":"","gt_translate_keys":["label"]},{"label":"3 Ads","value":"gr4","price":"200","pimage":"","pimage_id":"","pthumb":"","gt_translate_keys":["label"]},{"label":"5 Ads","value":"bew","price":"350","pimage":"","pimage_id":"","pthumb":"","gt_translate_keys":["label"]},{"label":"10 Ads","value":"blg","price":"700","pimage":"","pimage_id":"","pthumb":"","gt_translate_keys":["label"]}],"relations":[{"operator":false,"rules":[{"operator":false,"rules":{"cl_field":"wcpa-checkbox-group-1708272968133","cl_relation":"is","cl_val":"ama02"}}]}],"active":true,"tooltip":"","layOut":"","gt_translate_keys":["label","description","tooltip"],"price_dependency":false,"cl_dependency":false,"value":""}],[{"type":"number","required":true,"elementId":"wcpa-number-1702422483197","label":"Add Funds to the account","description":"5% fee","enablePrice":true,"pricingType":"multiply","price":"1","min":"25","max":"50000","name":"number-1702422483197","enableCl":true,"cl_rule":"show","cl_val":"addcc","col":6,"relations":[{"operator":false,"rules":[{"operator":false,"rules":{"cl_field":"wcpa-checkbox-group-1708272968133","cl_relation":"is","cl_val":"addcc"}}]}],"active":true,"tooltip":"","error":false,"gt_translate_keys":["label","description","tooltip"],"price_dependency":false,"cl_dependency":false,"value":""}]]}},"config":{"price_override":"","enable_recaptcha":false,"bind_quantity":false,"quantity_bind_formula":false,"disp_summ_show_option_price":false,"disp_summ_show_product_price":false,"disp_summ_show_total_price":true,"disp_summ_show_fee":false,"disp_summ_show_discount":false,"summary_title":"","options_total_label":"Cena opcji","total_label":"\u0141\u0105cznie","options_product_label":"Cena produktu","fee_label":"Op\u0142ata","discount_label":"Zni\u017cka","has_price":true,"has_quantity_formula":false},"mc_unit":1,"tax_rate":1,"tax_rate_real":1,"discount":{"percentage":0,"fixed":0},"design":{"conf":{"LabelPosition":"above","DescPosition":"above","UploadField":"custom_1","QuantityFieldStyle":"default"},"css":{"LeftLabelWidth":"120px"}},"formulas":[],"lookuptables":[],"clones":false,"cartKey":false}},"_links":{"self":[{"href":"https:\/\/buyadsaccounts.net\/fr\/wp-json\/wp\/v2\/product\/3411","targetHints":{"allow":["GET"]}}],"collection":[{"href":"https:\/\/buyadsaccounts.net\/fr\/wp-json\/wp\/v2\/product"}],"about":[{"href":"https:\/\/buyadsaccounts.net\/fr\/wp-json\/wp\/v2\/types\/product"}],"version-history":[{"count":1,"href":"https:\/\/buyadsaccounts.net\/fr\/wp-json\/wp\/v2\/product\/3411\/revisions"}],"predecessor-version":[{"id":9545,"href":"https:\/\/buyadsaccounts.net\/fr\/wp-json\/wp\/v2\/product\/3411\/revisions\/9545"}],"wp:featuredmedia":[{"embeddable":true,"href":"https:\/\/buyadsaccounts.net\/fr\/wp-json\/wp\/v2\/media\/3412"}],"wp:attachment":[{"href":"https:\/\/buyadsaccounts.net\/fr\/wp-json\/wp\/v2\/media?parent=3411"}],"wp:term":[{"taxonomy":"product_brand","embeddable":true,"href":"https:\/\/buyadsaccounts.net\/fr\/wp-json\/wp\/v2\/product_brand?post=3411"},{"taxonomy":"product_cat","embeddable":true,"href":"https:\/\/buyadsaccounts.net\/fr\/wp-json\/wp\/v2\/product_cat?post=3411"},{"taxonomy":"product_tag","embeddable":true,"href":"https:\/\/buyadsaccounts.net\/fr\/wp-json\/wp\/v2\/product_tag?post=3411"}],"curies":[{"name":"wp","href":"https:\/\/api.w.org\/{rel}","templated":true}]}}