{"id":4935,"date":"2024-04-01T16:07:14","date_gmt":"2024-04-01T15:07:14","guid":{"rendered":"https:\/\/rentaccounts.net\/?post_type=product&#038;p=4935"},"modified":"2026-02-01T17:23:33","modified_gmt":"2026-02-01T17:23:33","slug":"comprar-cuentas-de-desarrollador-de-google-play","status":"publish","type":"product","link":"https:\/\/buyadsaccounts.net\/es\/gads\/comprar-cuentas-de-desarrollador-de-google-play\/","title":{"rendered":"Comprar cuentas de desarrollador de Google Play"},"content":{"rendered":"<h2>\u00bfPor qu\u00e9 comprar cuentas de desarrollador de Google Play?<\/h2>\n<p>Google Play es la mayor tienda de aplicaciones para dispositivos Android, con millones de usuarios en todo el mundo. Como desarrollador de aplicaciones, tener una cuenta de desarrollador de Google Play es crucial para llegar a un p\u00fablico amplio y monetizar tus aplicaciones. Sin embargo, obtener una cuenta de desarrollador de Google Play puede ser un proceso complicado, especialmente para particulares o empresas que no cumplan los criterios de elegibilidad establecidos por Google.<\/p>\n<h3>1. Acceso a una audiencia mundial<\/h3>\n<p>Al adquirir una cuenta de desarrollador de Google Play, obtienes acceso a una audiencia global de usuarios de Android. Con m\u00e1s de 2.000 millones de dispositivos Android activos en todo el mundo, el potencial para llegar a un gran n\u00famero de usuarios es inmenso. Esto le permite ampliar el alcance de su aplicaci\u00f3n y aumentar sus posibilidades de \u00e9xito en un mercado tan competitivo como el de las aplicaciones.<\/p>\n<h3>2. Oportunidades de monetizaci\u00f3n<\/h3>\n<p>Una cuenta de desarrollador de Google Play le permite monetizar sus aplicaciones a trav\u00e9s de diversos medios, como compras dentro de la aplicaci\u00f3n, suscripciones y publicidad. Al adquirir una cuenta preestablecida, puedes empezar a monetizar tus aplicaciones inmediatamente, sin tener que esperar al largo proceso de aprobaci\u00f3n al que suelen enfrentarse los nuevos desarrolladores.<\/p>\n<p>Adem\u00e1s, las cuentas establecidas con un buen historial pueden tener mayor visibilidad y confianza entre los usuarios, lo que se traduce en un aumento de las descargas y del potencial de ingresos.<\/p>\n<h3>3. Requisitos de admisibilidad<\/h3>\n<p>Para obtener una cuenta de desarrollador de Google Play es necesario cumplir ciertos requisitos, como tener una entidad comercial registrada o un m\u00e9todo de pago v\u00e1lido. Sin embargo, no todo el mundo puede cumplir estos criterios, especialmente los desarrolladores individuales o las peque\u00f1as empresas que est\u00e1n empezando.<\/p>\n<p>Si adquiere una cuenta de desarrollador de Google Play, podr\u00e1 saltarse estos requisitos y empezar a publicar sus aplicaciones en la plataforma de inmediato. Esto puede ahorrarte tiempo y esfuerzo, permiti\u00e9ndote centrarte en desarrollar y promocionar tus aplicaciones.<\/p>\n<h3>4. Reputaci\u00f3n de la cuenta y confianza<\/h3>\n<p>Establecer una cuenta de confianza y buena reputaci\u00f3n en Google Play puede ser una tarea dif\u00edcil, especialmente para los nuevos desarrolladores. Crear una reputaci\u00f3n positiva lleva tiempo y requiere una calidad constante de la aplicaci\u00f3n, opiniones positivas de los usuarios y el cumplimiento de las pol\u00edticas y directrices de Google.<\/p>\n<p>Al adquirir una cuenta de desarrollador de Google Play ya establecida, heredas la reputaci\u00f3n y fiabilidad de la cuenta. Esto puede dar a tus aplicaciones una ventaja en t\u00e9rminos de visibilidad y confianza de los usuarios, aumentando la probabilidad de descargas y rese\u00f1as positivas.<\/p>\n<h3>5. Ahorro de tiempo y esfuerzo<\/h3>\n<p>El proceso de creaci\u00f3n y configuraci\u00f3n de una nueva cuenta de desarrollador de Google Play puede ser largo y complejo. Implica proporcionar informaci\u00f3n detallada, verificar tu identidad y esperar la aprobaci\u00f3n de Google. Este proceso puede durar varios d\u00edas o incluso semanas.<\/p>\n<p>Al adquirir una cuenta ya creada, ahorrar\u00e1 tiempo y esfuerzo. Puedes empezar a publicar tus aplicaciones inmediatamente y centrarte en otros aspectos del desarrollo de aplicaciones, como el marketing y la captaci\u00f3n de usuarios.<\/p>\n<h3>Conclusi\u00f3n<\/h3>\n<p>Aunque existen ciertos riesgos y consideraciones asociados a la compra de cuentas de desarrollador de Google Play, puede ser una opci\u00f3n viable para particulares o empresas que deseen agilizar el proceso de publicaci\u00f3n de aplicaciones. Al comprar una cuenta establecida, se obtiene acceso a una audiencia global, oportunidades de monetizaci\u00f3n, se evitan los requisitos de elegibilidad, se hereda la reputaci\u00f3n y la confianza de la cuenta y se ahorra tiempo y esfuerzo.<\/p>\n<p>&nbsp;<\/p>","protected":false},"excerpt":{"rendered":"<p>Accede al instante a la consola para desarrolladores de Google Play con nuestras cuentas verificadas. S\u00e1ltate la molestia de crear una nueva cuenta y empieza a subir tus aplicaciones android inmediatamente a Google Play. Aumenta el ranking de tu aplicaci\u00f3n android con nuestras opciones \u00fanicas de App Installs y App Reviews.<\/p>","protected":false},"featured_media":4936,"template":"","meta":{"_acf_changed":false,"_glsr_average":5,"_glsr_ranking":4.7457627118644,"_glsr_reviews":49},"product_brand":[],"product_cat":[265],"product_tag":[269,270],"class_list":{"0":"post-4935","1":"product","2":"type-product","3":"status-publish","4":"has-post-thumbnail","6":"product_cat-google-play-developer","7":"product_tag-buy-google-play-developer-account","8":"product_tag-verified-play-console","9":"wcpa_has_options","11":"first","12":"instock","13":"purchasable","14":"product-type-simple"},"acf":[],"yoast_head":"<!-- This site is optimized with the Yoast SEO Premium plugin v26.7 (Yoast SEO v27.4) - https:\/\/yoast.com\/product\/yoast-seo-premium-wordpress\/ -->\n<title>Buy Google Play Developer Accounts - Publish Apps on Google Play<\/title>\n<meta name=\"description\" content=\"Buy Google Play Developer Accounts verified and ready to publish apps on Google Play. Get Old Developer accounts and publish your android apps instantly.\" \/>\n<meta name=\"robots\" content=\"index, follow, max-snippet:-1, max-image-preview:large, max-video-preview:-1\" \/>\n<link rel=\"canonical\" href=\"https:\/\/buyadsaccounts.net\/es\/gads\/comprar-cuentas-de-desarrollador-de-google-play\/\" \/>\n<meta property=\"og:locale\" content=\"es_ES\" \/>\n<meta property=\"og:type\" content=\"article\" \/>\n<meta property=\"og:title\" content=\"Buy Google Play Developer Accounts\" \/>\n<meta property=\"og:description\" content=\"Buy Google Play Developer Accounts verified and ready to publish apps on Google Play. Get Old Developer accounts and publish your android apps instantly.\" \/>\n<meta property=\"og:url\" content=\"https:\/\/buyadsaccounts.net\/es\/gads\/comprar-cuentas-de-desarrollador-de-google-play\/\" \/>\n<meta property=\"og:site_name\" content=\"BuyAdsAccounts\" \/>\n<meta property=\"article:modified_time\" content=\"2026-02-01T17:23:33+00:00\" \/>\n<meta property=\"og:image\" content=\"https:\/\/buyadsaccounts.net\/wp-content\/uploads\/2024\/04\/google-play-developer-accounts.png\" \/>\n\t<meta property=\"og:image:width\" content=\"271\" \/>\n\t<meta property=\"og:image:height\" content=\"300\" \/>\n\t<meta property=\"og:image:type\" content=\"image\/png\" \/>\n<meta name=\"twitter:card\" content=\"summary_large_image\" \/>\n<meta name=\"twitter:label1\" content=\"Tiempo de lectura\" \/>\n\t<meta name=\"twitter:data1\" content=\"3 minutos\" \/>\n<script type=\"application\/ld+json\" class=\"yoast-schema-graph\">{\"@context\":\"https:\\\/\\\/schema.org\",\"@graph\":[{\"@type\":\"WebPage\",\"@id\":\"https:\\\/\\\/buyadsaccounts.net\\\/gads\\\/buy-google-play-developer-accounts\\\/\",\"url\":\"https:\\\/\\\/buyadsaccounts.net\\\/gads\\\/buy-google-play-developer-accounts\\\/\",\"name\":\"Buy Google Play Developer Accounts - Publish Apps on Google Play\",\"isPartOf\":{\"@id\":\"https:\\\/\\\/buyadsaccounts.net\\\/#website\"},\"primaryImageOfPage\":{\"@id\":\"https:\\\/\\\/buyadsaccounts.net\\\/gads\\\/buy-google-play-developer-accounts\\\/#primaryimage\"},\"image\":{\"@id\":\"https:\\\/\\\/buyadsaccounts.net\\\/gads\\\/buy-google-play-developer-accounts\\\/#primaryimage\"},\"thumbnailUrl\":\"https:\\\/\\\/buyadsaccounts.net\\\/wp-content\\\/uploads\\\/2024\\\/04\\\/google-play-developer-accounts.png\",\"datePublished\":\"2024-04-01T15:07:14+00:00\",\"dateModified\":\"2026-02-01T17:23:33+00:00\",\"description\":\"Buy Google Play Developer Accounts verified and ready to publish apps on Google Play. Get Old Developer accounts and publish your android apps instantly.\",\"breadcrumb\":{\"@id\":\"https:\\\/\\\/buyadsaccounts.net\\\/gads\\\/buy-google-play-developer-accounts\\\/#breadcrumb\"},\"inLanguage\":\"es\",\"potentialAction\":[{\"@type\":\"ReadAction\",\"target\":[\"https:\\\/\\\/buyadsaccounts.net\\\/gads\\\/buy-google-play-developer-accounts\\\/\"]}]},{\"@type\":\"ImageObject\",\"inLanguage\":\"es\",\"@id\":\"https:\\\/\\\/buyadsaccounts.net\\\/gads\\\/buy-google-play-developer-accounts\\\/#primaryimage\",\"url\":\"https:\\\/\\\/buyadsaccounts.net\\\/wp-content\\\/uploads\\\/2024\\\/04\\\/google-play-developer-accounts.png\",\"contentUrl\":\"https:\\\/\\\/buyadsaccounts.net\\\/wp-content\\\/uploads\\\/2024\\\/04\\\/google-play-developer-accounts.png\",\"width\":271,\"height\":300},{\"@type\":\"BreadcrumbList\",\"@id\":\"https:\\\/\\\/buyadsaccounts.net\\\/gads\\\/buy-google-play-developer-accounts\\\/#breadcrumb\",\"itemListElement\":[{\"@type\":\"ListItem\",\"position\":1,\"name\":\"Home\",\"item\":\"https:\\\/\\\/buyadsaccounts.net\\\/\"},{\"@type\":\"ListItem\",\"position\":2,\"name\":\"Shop\",\"item\":\"https:\\\/\\\/buyadsaccounts.net\\\/ar\\\/%d9%85%d8%aa%d8%ac%d8%b1\\\/\"},{\"@type\":\"ListItem\",\"position\":3,\"name\":\"Buy Google Play Developer Accounts\"}]},{\"@type\":\"WebSite\",\"@id\":\"https:\\\/\\\/buyadsaccounts.net\\\/#website\",\"url\":\"https:\\\/\\\/buyadsaccounts.net\\\/\",\"name\":\"BuyAdsAccounts\",\"description\":\"\",\"publisher\":{\"@id\":\"https:\\\/\\\/buyadsaccounts.net\\\/#organization\"},\"potentialAction\":[{\"@type\":\"SearchAction\",\"target\":{\"@type\":\"EntryPoint\",\"urlTemplate\":\"https:\\\/\\\/buyadsaccounts.net\\\/?s={search_term_string}\"},\"query-input\":{\"@type\":\"PropertyValueSpecification\",\"valueRequired\":true,\"valueName\":\"search_term_string\"}}],\"inLanguage\":\"es\"},{\"@type\":\"Organization\",\"@id\":\"https:\\\/\\\/buyadsaccounts.net\\\/#organization\",\"name\":\"Buy Google Ads Accounts\",\"url\":\"https:\\\/\\\/buyadsaccounts.net\\\/\",\"logo\":{\"@type\":\"ImageObject\",\"inLanguage\":\"es\",\"@id\":\"https:\\\/\\\/buyadsaccounts.net\\\/#\\\/schema\\\/logo\\\/image\\\/\",\"url\":\"https:\\\/\\\/buyadsaccounts.net\\\/wp-content\\\/uploads\\\/2024\\\/12\\\/buyads-fav.jpg\",\"contentUrl\":\"https:\\\/\\\/buyadsaccounts.net\\\/wp-content\\\/uploads\\\/2024\\\/12\\\/buyads-fav.jpg\",\"width\":512,\"height\":512,\"caption\":\"Buy Google Ads Accounts\"},\"image\":{\"@id\":\"https:\\\/\\\/buyadsaccounts.net\\\/#\\\/schema\\\/logo\\\/image\\\/\"}}]}<\/script>\n<!-- \/ Yoast SEO Premium plugin. -->","yoast_head_json":{"title":"Comprar cuentas de desarrollador de Google Play - Publicar aplicaciones en Google Play","description":"Compra cuentas de desarrollador de Google Play verificadas y listas para publicar apps en Google Play. Obtenga cuentas de desarrollador antiguas y publique sus aplicaciones android al instante.","robots":{"index":"index","follow":"follow","max-snippet":"max-snippet:-1","max-image-preview":"max-image-preview:large","max-video-preview":"max-video-preview:-1"},"canonical":"https:\/\/buyadsaccounts.net\/es\/gads\/comprar-cuentas-de-desarrollador-de-google-play\/","og_locale":"es_ES","og_type":"article","og_title":"Buy Google Play Developer Accounts","og_description":"Buy Google Play Developer Accounts verified and ready to publish apps on Google Play. Get Old Developer accounts and publish your android apps instantly.","og_url":"https:\/\/buyadsaccounts.net\/es\/gads\/comprar-cuentas-de-desarrollador-de-google-play\/","og_site_name":"BuyAdsAccounts","article_modified_time":"2026-02-01T17:23:33+00:00","og_image":[{"width":271,"height":300,"url":"https:\/\/buyadsaccounts.net\/wp-content\/uploads\/2024\/04\/google-play-developer-accounts.png","type":"image\/png"}],"twitter_card":"summary_large_image","twitter_misc":{"Tiempo de lectura":"3 minutos"},"schema":{"@context":"https:\/\/schema.org","@graph":[{"@type":"WebPage","@id":"https:\/\/buyadsaccounts.net\/gads\/buy-google-play-developer-accounts\/","url":"https:\/\/buyadsaccounts.net\/gads\/buy-google-play-developer-accounts\/","name":"Comprar cuentas de desarrollador de Google Play - Publicar aplicaciones en Google Play","isPartOf":{"@id":"https:\/\/buyadsaccounts.net\/#website"},"primaryImageOfPage":{"@id":"https:\/\/buyadsaccounts.net\/gads\/buy-google-play-developer-accounts\/#primaryimage"},"image":{"@id":"https:\/\/buyadsaccounts.net\/gads\/buy-google-play-developer-accounts\/#primaryimage"},"thumbnailUrl":"https:\/\/buyadsaccounts.net\/wp-content\/uploads\/2024\/04\/google-play-developer-accounts.png","datePublished":"2024-04-01T15:07:14+00:00","dateModified":"2026-02-01T17:23:33+00:00","description":"Compra cuentas de desarrollador de Google Play verificadas y listas para publicar apps en Google Play. Obtenga cuentas de desarrollador antiguas y publique sus aplicaciones android al instante.","breadcrumb":{"@id":"https:\/\/buyadsaccounts.net\/gads\/buy-google-play-developer-accounts\/#breadcrumb"},"inLanguage":"es","potentialAction":[{"@type":"ReadAction","target":["https:\/\/buyadsaccounts.net\/gads\/buy-google-play-developer-accounts\/"]}]},{"@type":"ImageObject","inLanguage":"es","@id":"https:\/\/buyadsaccounts.net\/gads\/buy-google-play-developer-accounts\/#primaryimage","url":"https:\/\/buyadsaccounts.net\/wp-content\/uploads\/2024\/04\/google-play-developer-accounts.png","contentUrl":"https:\/\/buyadsaccounts.net\/wp-content\/uploads\/2024\/04\/google-play-developer-accounts.png","width":271,"height":300},{"@type":"BreadcrumbList","@id":"https:\/\/buyadsaccounts.net\/gads\/buy-google-play-developer-accounts\/#breadcrumb","itemListElement":[{"@type":"ListItem","position":1,"name":"Home","item":"https:\/\/buyadsaccounts.net\/"},{"@type":"ListItem","position":2,"name":"Shop","item":"https:\/\/buyadsaccounts.net\/ar\/%d9%85%d8%aa%d8%ac%d8%b1\/"},{"@type":"ListItem","position":3,"name":"Buy Google Play Developer Accounts"}]},{"@type":"WebSite","@id":"https:\/\/buyadsaccounts.net\/#website","url":"https:\/\/buyadsaccounts.net\/","name":"BuyAdsAccounts","description":"","publisher":{"@id":"https:\/\/buyadsaccounts.net\/#organization"},"potentialAction":[{"@type":"SearchAction","target":{"@type":"EntryPoint","urlTemplate":"https:\/\/buyadsaccounts.net\/?s={search_term_string}"},"query-input":{"@type":"PropertyValueSpecification","valueRequired":true,"valueName":"search_term_string"}}],"inLanguage":"es"},{"@type":"Organization","@id":"https:\/\/buyadsaccounts.net\/#organization","name":"Comprar cuentas de Google Ads","url":"https:\/\/buyadsaccounts.net\/","logo":{"@type":"ImageObject","inLanguage":"es","@id":"https:\/\/buyadsaccounts.net\/#\/schema\/logo\/image\/","url":"https:\/\/buyadsaccounts.net\/wp-content\/uploads\/2024\/12\/buyads-fav.jpg","contentUrl":"https:\/\/buyadsaccounts.net\/wp-content\/uploads\/2024\/12\/buyads-fav.jpg","width":512,"height":512,"caption":"Buy Google Ads Accounts"},"image":{"@id":"https:\/\/buyadsaccounts.net\/#\/schema\/logo\/image\/"}}]}},"wcpa_form_fields":{"wcpaData":{"product":{"product_price":0,"price_html":"<span class=\"woocommerce-Price-amount amount\"><bdi>0<span class=\"woocommerce-Price-currencySymbol\">&#36;<\/span><\/bdi><\/span>","original_product_price":0,"price_including_tax":0,"price_excluding_tax":0,"product_id":{"parent":4935,"variation":false},"is_variable":false,"stock_status":"instock","stock_quantity":null,"parent_sku":"","product_attributes":[],"custom_fields":[],"is_taxable":false,"product_name":"Buy Google Play Developer Accounts","hasImage":false},"fields":{"sec_9695e96a865897":{"extra":{"key":"sec_9695e96a865897","section_id":"sec_9695e96a865897","name":"Default","status":1,"cl_rule":"show","enableCl":false,"relations":[],"toggle":true,"title_tag":"h3","show_title":false,"showPrice":"default","form_id":4937,"form_rules":{"exclude_from_discount":false,"fee_label":"Tax\u0103","disp_hide_options_price":false,"disp_show_section_price":false,"disp_show_field_price":true,"layout_option":"standard","pric_use_as_fee":false,"process_fee_as":"woo_fee"},"layout_option":"standard"},"fields":[[{"type":"checkbox-group","required":true,"elementId":"wcpa-checkbox-group-660ad04fb5bd7","label":"Account Options","enablePrice":true,"priceOptions":"different_for_all","pricingType":"fixed","price":"100","name":"checkbox-group-660ad04fb5be0","min_options":"1","other_text":"Other","cl_rule":"show","col":6,"values":[{"label":"2022 Personal Account","value":"202gpl","price":"350","pimage":"","pimage_id":"","pthumb":"","gt_translate_keys":["label"]},{"label":"2023 Personal Account","value":"old202","price":"250","pimage":"","pimage_id":"","pthumb":"","gt_translate_keys":["label"]},{"label":"New Personal Account with 20 Testers","value":"newcac","price":"150","pimage":"","pimage_id":"","pthumb":"","gt_translate_keys":["label"]},{"label":"2022 Organization Account","value":"org2022","price":"550","pimage":"","pimage_id":"","pthumb":"","gt_translate_keys":["label"]},{"label":"2023 Organization Account","value":"mfk2023","price":"400","pimage":"","pimage_id":"","pthumb":"","gt_translate_keys":["label"]}],"relations":false,"active":true,"tooltip":"","layOut":"","isWeightTemplate":false,"error":false,"isTemplate":false,"checkUi":"","min_quantity":"1","quantity_decimal":false,"quantity_step":"1","quantity_label":"Quantity","repeater_field_label":"{field_label}","repeater_bind":"","gt_translate_keys":["label","tooltip","repeater_field_label","quantity_label"],"price_dependency":false,"cl_dependency":false,"value":""}],[{"type":"checkbox-group","elementId":"wcpa-checkbox-group-660ad04fb5be7","label":"Extra Services","enablePrice":true,"priceOptions":"different_for_all","pricingType":"fixed","price":"100","name":"checkbox-group-660ad04fb5bee","min_options":"1","other_text":"Other","cl_rule":"show","col":6,"values":[{"label":"Keyword App Installs","value":"appinsla","price":"0","pimage":"","pimage_id":"","pthumb":"","tempId":"aco_4795","gt_translate_keys":["label"]},{"label":"App Reviews + Rating","value":"apprev","price":"0","pimage":"","pimage_id":"","pthumb":"","tempId":"aco_4796","gt_translate_keys":["label"]},{"label":"Publish my App","value":"pub20","price":"100","pimage":"","pimage_id":"","pthumb":"","tempId":"aco_4797","gt_translate_keys":["label"]},{"label":"Premium Proxy","value":"prempxa","selected":false,"tempId":"aco_4807","price":"20","gt_translate_keys":["label"]},{"label":"Premium Warranty","value":"premwar","selected":false,"tempId":"aco_1481","price":"1000","gt_translate_keys":["label"]}],"relations":false,"active":true,"tooltip":"<a href=\"https:\/\/help.buyadsaccounts.net\/hc\/helpcenter\/articles\/1754560957-additional-options\" target=\"blank\">Read More<\/a>","layOut":"","isWeightTemplate":false,"error":false,"isTemplate":false,"checkUi":"","min_quantity":"1","quantity_decimal":false,"quantity_step":"1","quantity_label":"Quantity","repeater_field_label":"{field_label}","repeater_bind":"","gt_translate_keys":["label","tooltip","repeater_field_label","quantity_label"],"price_dependency":false,"cl_dependency":["wcpa-checkbox-group-660ad04fb5bf4","wcpa-checkbox-group-1711985087713"],"value":""}],[{"type":"checkbox-group","required":true,"elementId":"wcpa-checkbox-group-660ad04fb5bf4","label":"How many Installs?","enablePrice":true,"priceOptions":"different_for_all","pricingType":"fixed","price":"100","name":"checkbox-group-660ad04fb5bfb","min_options":"1","other_text":"Other","enableCl":true,"cl_rule":"show","cl_val":"appinsla","col":6,"values":[{"label":"1000 App Installs","value":"500ins","price":"100","pimage":"","pimage_id":"","pthumb":"","gt_translate_keys":["label"]},{"label":"5000 App Installs","value":"500app","price":"400","pimage":"","pimage_id":"","pthumb":"","gt_translate_keys":["label"]},{"label":"10.000 App Installs","value":"10kapp","price":"800","pimage":"","pimage_id":"","pthumb":"","gt_translate_keys":["label"]},{"label":"50.000 App Installs","value":"50appins","price":"3500","pimage":"","pimage_id":"","pthumb":"","gt_translate_keys":["label"]},{"label":"100.000 App Installs","value":"100apsin","price":"5000","pimage":"","pimage_id":"","pthumb":"","gt_translate_keys":["label"]}],"relations":[{"operator":false,"rules":[{"operator":false,"rules":{"cl_field":"wcpa-checkbox-group-660ad04fb5be7","cl_relation":"is","cl_val":"appinsla"}}]}],"active":true,"tooltip":"","layOut":"","gt_translate_keys":["label","tooltip"],"price_dependency":false,"cl_dependency":false,"value":""}],[{"type":"checkbox-group","required":true,"elementId":"wcpa-checkbox-group-1711985087713","label":"How many Reviews?","enablePrice":true,"priceOptions":"different_for_all","pricingType":"fixed","price":"100","name":"checkbox-group-1711985087712","min_options":"1","other_text":"Other","enableCl":true,"cl_rule":"show","cl_val":"apprev","col":6,"values":[{"label":"500 Reviews + Ratings Random","value":"500rev","price":"250","pimage":"","pimage_id":"","pthumb":"","gt_translate_keys":["label"]},{"label":"1000 Reviews + Ratings Random","value":"100revw","price":"500","pimage":"","pimage_id":"","pthumb":"","gt_translate_keys":["label"]},{"label":"5000 Reviews + Ratings Random","value":"r00anr","price":"2000","pimage":"","pimage_id":"","pthumb":"","gt_translate_keys":["label"]},{"label":"10.000 Reviews + Ratings Random","value":"10ren","price":"4000","pimage":"","pimage_id":"","pthumb":"","gt_translate_keys":["label"]},{"label":"500 Reviews + Ratings Custom","value":"500ccus","price":"350","pimage":"","pimage_id":"","pthumb":"","gt_translate_keys":["label"]},{"label":"1000 Reviews + Ratings Custom","value":"100cus","price":"600","pimage":"","pimage_id":"","pthumb":"","gt_translate_keys":["label"]},{"label":"5000 Reviews + Ratings Custom","value":"500cus","price":"2500","pimage":"","pimage_id":"","pthumb":"","gt_translate_keys":["label"]}],"relations":[{"operator":false,"rules":[{"operator":false,"rules":{"cl_field":"wcpa-checkbox-group-660ad04fb5be7","cl_relation":"is","cl_val":"apprev"}}]}],"active":true,"tooltip":"","layOut":"","gt_translate_keys":["label","tooltip"],"price_dependency":false,"cl_dependency":false,"value":""}]]}},"config":{"price_override":"","enable_recaptcha":false,"bind_quantity":false,"quantity_bind_formula":false,"disp_summ_show_option_price":false,"disp_summ_show_product_price":false,"disp_summ_show_total_price":true,"disp_summ_show_fee":false,"disp_summ_show_discount":false,"summary_title":"","options_total_label":"Op\u021biuni Pre\u021b","total_label":"Total","options_product_label":"Pre\u021bul produsului","fee_label":"Tax\u0103","discount_label":"Reducere","has_price":true,"has_quantity_formula":false},"mc_unit":1,"tax_rate":1,"tax_rate_real":1,"discount":{"percentage":0,"fixed":0},"design":{"conf":{"LabelPosition":"above","DescPosition":"above","UploadField":"custom_1","QuantityFieldStyle":"default"},"css":{"LeftLabelWidth":"120px"}},"formulas":[],"lookuptables":[],"clones":false,"cartKey":false}},"_links":{"self":[{"href":"https:\/\/buyadsaccounts.net\/es\/wp-json\/wp\/v2\/product\/4935","targetHints":{"allow":["GET"]}}],"collection":[{"href":"https:\/\/buyadsaccounts.net\/es\/wp-json\/wp\/v2\/product"}],"about":[{"href":"https:\/\/buyadsaccounts.net\/es\/wp-json\/wp\/v2\/types\/product"}],"version-history":[{"count":1,"href":"https:\/\/buyadsaccounts.net\/es\/wp-json\/wp\/v2\/product\/4935\/revisions"}],"predecessor-version":[{"id":9546,"href":"https:\/\/buyadsaccounts.net\/es\/wp-json\/wp\/v2\/product\/4935\/revisions\/9546"}],"wp:featuredmedia":[{"embeddable":true,"href":"https:\/\/buyadsaccounts.net\/es\/wp-json\/wp\/v2\/media\/4936"}],"wp:attachment":[{"href":"https:\/\/buyadsaccounts.net\/es\/wp-json\/wp\/v2\/media?parent=4935"}],"wp:term":[{"taxonomy":"product_brand","embeddable":true,"href":"https:\/\/buyadsaccounts.net\/es\/wp-json\/wp\/v2\/product_brand?post=4935"},{"taxonomy":"product_cat","embeddable":true,"href":"https:\/\/buyadsaccounts.net\/es\/wp-json\/wp\/v2\/product_cat?post=4935"},{"taxonomy":"product_tag","embeddable":true,"href":"https:\/\/buyadsaccounts.net\/es\/wp-json\/wp\/v2\/product_tag?post=4935"}],"curies":[{"name":"wp","href":"https:\/\/api.w.org\/{rel}","templated":true}]}}