{"id":3411,"date":"2022-09-01T10:39:12","date_gmt":"2022-09-01T08:39:12","guid":{"rendered":"https:\/\/rentaccounts.net\/?post_type=product&#038;p=3411"},"modified":"2026-02-01T17:25:32","modified_gmt":"2026-02-01T17:25:32","slug":"facebook-werbekonto","status":"publish","type":"product","link":"https:\/\/buyadsaccounts.net\/de\/gads\/facebook-werbekonto\/","title":{"rendered":"Facebook Ads-Konto kaufen"},"content":{"rendered":"<h2>Die Vorteile des Kaufs von Facebook Ads-Konten<\/h2>\n<p>M\u00f6chten Sie die Online-Pr\u00e4senz Ihres Unternehmens steigern und ein gr\u00f6\u00dferes Publikum erreichen? Eine effektive M\u00f6glichkeit, dies zu erreichen, ist der Einsatz von Facebook-Werbeanzeigen. Die Erstellung und Verwaltung mehrerer Facebook-Werbekonten kann jedoch zeitaufw\u00e4ndig und schwierig sein. Deshalb kann der Kauf von Facebook-Werbekonten f\u00fcr Ihre Marketingstrategie eine entscheidende Rolle spielen. In diesem Blogbeitrag gehen wir auf die Vorteile des Kaufs von Facebook-Werbekonten ein und zeigen, wie Sie damit Ihre Gesch\u00e4ftsziele erreichen k\u00f6nnen.<\/p>\n<h3>1. Erh\u00f6hte Reichweite und Sichtbarkeit<\/h3>\n<p>Wenn Sie Facebook Ads-Konten kaufen, erhalten Sie sofort Zugang zu einem gr\u00f6\u00dferen Netzwerk potenzieller Kunden. Wenn Ihnen mehrere Konten zur Verf\u00fcgung stehen, k\u00f6nnen Sie verschiedene demografische Gruppen, Interessen und Standorte ansprechen und so sicherstellen, dass Ihre Anzeigen die richtige Zielgruppe erreichen. Diese gr\u00f6\u00dfere Reichweite und Sichtbarkeit kann Ihre Chancen, neue Kunden zu gewinnen und Ihren Umsatz zu steigern, erheblich verbessern.<\/p>\n<h3>2. Kosteneffiziente Werbung<\/h3>\n<p>Die Durchf\u00fchrung von Facebook-Werbekampagnen kann teuer sein, vor allem, wenn Sie eine gro\u00dfe Zielgruppe ansprechen wollen. Durch den Kauf von Facebook Ads-Konten k\u00f6nnen Sie Ihr Werbebudget auf mehrere Konten verteilen und so mehr Menschen erreichen, ohne die Bank zu sprengen. Dieser kosteneffektive Ansatz erm\u00f6glicht es Ihnen, Ihre Kapitalrendite zu maximieren und das meiste aus Ihrem Werbebudget herauszuholen.<\/p>\n<h3>3. A\/B-Tests leicht gemacht<\/h3>\n<p>Einer der Schl\u00fcssel zu erfolgreicher Werbung ist das Testen und Optimieren Ihrer Kampagnen. Wenn Sie Facebook Ads-Konten kaufen, haben Sie die M\u00f6glichkeit, A\/B-Tests effizienter durchzuf\u00fchren. Wenn Sie mehrere Konten erstellen, k\u00f6nnen Sie verschiedene Anzeigenmotive, \u00dcberschriften und Targeting-Optionen gleichzeitig testen. So k\u00f6nnen Sie wertvolle Daten und Erkenntnisse sammeln, die Ihnen helfen, Ihre Werbestrategie zu verfeinern und bessere Ergebnisse zu erzielen.<\/p>\n<h3>4. Verbesserte Sicherheit des Anzeigenkontos<\/h3>\n<p>Sicherheit hat h\u00f6chste Priorit\u00e4t, wenn es um die Verwaltung Ihrer Online-Werbekonten geht. Durch den Erwerb von Facebook-Werbekonten k\u00f6nnen Sie das Risiko minimieren, dass Ihr Hauptkonto kompromittiert wird. Mehrere Konten bieten eine zus\u00e4tzliche Sicherheitsebene, da Probleme mit einem Konto keine Auswirkungen auf die anderen Konten haben. So k\u00f6nnen Sie sich beruhigt auf die Durchf\u00fchrung Ihrer Kampagnen konzentrieren, ohne sich Gedanken \u00fcber m\u00f6gliche Sicherheitsl\u00fccken zu machen.<\/p>\n<h3>5. Zeitsparend und effizient<\/h3>\n<p>Die Erstellung und Verwaltung mehrerer Facebook-Werbekonten kann zeitaufwendig und \u00fcberw\u00e4ltigend sein. Durch den Kauf von Facebook Ads-Konten k\u00f6nnen Sie wertvolle Zeit und M\u00fche sparen. Anstatt bei Null anzufangen, k\u00f6nnen Sie bestehende Konten nutzen, die bereits eingerichtet und einsatzbereit sind. So k\u00f6nnen Sie sich auf die Optimierung Ihrer Kampagnen und das Erreichen Ihrer Marketingziele konzentrieren, ohne sich mit der Erstellung und Verwaltung von Konten herumschlagen zu m\u00fcssen.<\/p>\n<h3>Schlussfolgerung<\/h3>\n<p>Der Kauf von Facebook Ads-Konten kann ein kluger Schachzug f\u00fcr Unternehmen sein, die ihre Online-Reichweite erh\u00f6hen und ihre Werbema\u00dfnahmen maximieren m\u00f6chten. Mit einer gr\u00f6\u00dferen Reichweite und Sichtbarkeit, kosteng\u00fcnstiger Werbung, vereinfachten A\/B-Tests, verbesserter Sicherheit und zeitsparenden Vorteilen kann der Kauf von Facebook-Werbekonten Ihrem Unternehmen einen Wettbewerbsvorteil verschaffen. Also, warum warten? Erkunden Sie die verf\u00fcgbaren Optionen und heben Sie Ihre Facebook-Werbestrategie auf ein neues Niveau!<\/p>\n<p>&nbsp;<\/p>","protected":false},"excerpt":{"rendered":"<p>Sind Sie auf der Suche nach einem Facebook Ads-Konto, um Ihre Kampagnen auf Facebook durchzuf\u00fchren? Wir k\u00f6nnen Ihnen ein vollst\u00e4ndig verifiziertes Facebook Ads-Konto mit Business Manager zur Verf\u00fcgung stellen.<\/p>","protected":false},"featured_media":3412,"template":"","meta":{"_acf_changed":false,"_glsr_average":5,"_glsr_ranking":4.7058823529412,"_glsr_reviews":41},"product_brand":[],"product_cat":[162],"product_tag":[],"class_list":{"0":"post-3411","1":"product","2":"type-product","3":"status-publish","4":"has-post-thumbnail","6":"product_cat-facebook-ads-account","7":"wcpa_has_options","9":"first","10":"instock","11":"purchasable","12":"product-type-simple"},"acf":[],"yoast_head":"<!-- This site is optimized with the Yoast SEO Premium plugin v26.7 (Yoast SEO v27.4) - https:\/\/yoast.com\/product\/yoast-seo-premium-wordpress\/ -->\n<title>Buy Facebook Ads Accounts - Business Manager Verified<\/title>\n<meta name=\"description\" content=\"Buy Facebook Ads accounts with verified Business Manager. Premium accounts ready to publish campaigns instantly. Advertise on Facebook Ads with our accounts.\" \/>\n<meta name=\"robots\" content=\"index, follow, max-snippet:-1, max-image-preview:large, max-video-preview:-1\" \/>\n<link rel=\"canonical\" href=\"https:\/\/buyadsaccounts.net\/de\/gads\/facebook-werbekonto\/\" \/>\n<meta property=\"og:locale\" content=\"de_DE\" \/>\n<meta property=\"og:type\" content=\"article\" \/>\n<meta property=\"og:title\" content=\"Buy Facebook Ads Account\" \/>\n<meta property=\"og:description\" content=\"Buy Facebook Ads accounts with verified Business Manager. Premium accounts ready to publish campaigns instantly. Advertise on Facebook Ads with our accounts.\" \/>\n<meta property=\"og:url\" content=\"https:\/\/buyadsaccounts.net\/de\/gads\/facebook-werbekonto\/\" \/>\n<meta property=\"og:site_name\" content=\"BuyAdsAccounts\" \/>\n<meta property=\"article:modified_time\" content=\"2026-02-01T17:25:32+00:00\" \/>\n<meta property=\"og:image\" content=\"https:\/\/buyadsaccounts.net\/wp-content\/uploads\/2022\/09\/facebook-ads-accounts-marketplace.jpg\" \/>\n\t<meta property=\"og:image:width\" content=\"600\" \/>\n\t<meta property=\"og:image:height\" content=\"600\" \/>\n\t<meta property=\"og:image:type\" content=\"image\/jpeg\" \/>\n<meta name=\"twitter:card\" content=\"summary_large_image\" \/>\n<meta name=\"twitter:label1\" content=\"Gesch\u00e4tzte Lesezeit\" \/>\n\t<meta name=\"twitter:data1\" content=\"3\u00a0Minuten\" \/>\n<script type=\"application\/ld+json\" class=\"yoast-schema-graph\">{\"@context\":\"https:\\\/\\\/schema.org\",\"@graph\":[{\"@type\":\"WebPage\",\"@id\":\"https:\\\/\\\/buyadsaccounts.net\\\/gads\\\/facebook-ads-account\\\/\",\"url\":\"https:\\\/\\\/buyadsaccounts.net\\\/gads\\\/facebook-ads-account\\\/\",\"name\":\"Buy Facebook Ads Accounts - Business Manager Verified\",\"isPartOf\":{\"@id\":\"https:\\\/\\\/buyadsaccounts.net\\\/#website\"},\"primaryImageOfPage\":{\"@id\":\"https:\\\/\\\/buyadsaccounts.net\\\/gads\\\/facebook-ads-account\\\/#primaryimage\"},\"image\":{\"@id\":\"https:\\\/\\\/buyadsaccounts.net\\\/gads\\\/facebook-ads-account\\\/#primaryimage\"},\"thumbnailUrl\":\"https:\\\/\\\/buyadsaccounts.net\\\/wp-content\\\/uploads\\\/2022\\\/09\\\/facebook-ads-accounts-marketplace.jpg\",\"datePublished\":\"2022-09-01T08:39:12+00:00\",\"dateModified\":\"2026-02-01T17:25:32+00:00\",\"description\":\"Buy Facebook Ads accounts with verified Business Manager. Premium accounts ready to publish campaigns instantly. Advertise on Facebook Ads with our accounts.\",\"breadcrumb\":{\"@id\":\"https:\\\/\\\/buyadsaccounts.net\\\/gads\\\/facebook-ads-account\\\/#breadcrumb\"},\"inLanguage\":\"de\",\"potentialAction\":[{\"@type\":\"ReadAction\",\"target\":[\"https:\\\/\\\/buyadsaccounts.net\\\/gads\\\/facebook-ads-account\\\/\"]}]},{\"@type\":\"ImageObject\",\"inLanguage\":\"de\",\"@id\":\"https:\\\/\\\/buyadsaccounts.net\\\/gads\\\/facebook-ads-account\\\/#primaryimage\",\"url\":\"https:\\\/\\\/buyadsaccounts.net\\\/wp-content\\\/uploads\\\/2022\\\/09\\\/facebook-ads-accounts-marketplace.jpg\",\"contentUrl\":\"https:\\\/\\\/buyadsaccounts.net\\\/wp-content\\\/uploads\\\/2022\\\/09\\\/facebook-ads-accounts-marketplace.jpg\",\"width\":600,\"height\":600},{\"@type\":\"BreadcrumbList\",\"@id\":\"https:\\\/\\\/buyadsaccounts.net\\\/gads\\\/facebook-ads-account\\\/#breadcrumb\",\"itemListElement\":[{\"@type\":\"ListItem\",\"position\":1,\"name\":\"Home\",\"item\":\"https:\\\/\\\/buyadsaccounts.net\\\/\"},{\"@type\":\"ListItem\",\"position\":2,\"name\":\"Shop\",\"item\":\"https:\\\/\\\/buyadsaccounts.net\\\/ar\\\/%d9%85%d8%aa%d8%ac%d8%b1\\\/\"},{\"@type\":\"ListItem\",\"position\":3,\"name\":\"Buy Facebook Ads Account\"}]},{\"@type\":\"WebSite\",\"@id\":\"https:\\\/\\\/buyadsaccounts.net\\\/#website\",\"url\":\"https:\\\/\\\/buyadsaccounts.net\\\/\",\"name\":\"BuyAdsAccounts\",\"description\":\"\",\"publisher\":{\"@id\":\"https:\\\/\\\/buyadsaccounts.net\\\/#organization\"},\"potentialAction\":[{\"@type\":\"SearchAction\",\"target\":{\"@type\":\"EntryPoint\",\"urlTemplate\":\"https:\\\/\\\/buyadsaccounts.net\\\/?s={search_term_string}\"},\"query-input\":{\"@type\":\"PropertyValueSpecification\",\"valueRequired\":true,\"valueName\":\"search_term_string\"}}],\"inLanguage\":\"de\"},{\"@type\":\"Organization\",\"@id\":\"https:\\\/\\\/buyadsaccounts.net\\\/#organization\",\"name\":\"Buy Google Ads Accounts\",\"url\":\"https:\\\/\\\/buyadsaccounts.net\\\/\",\"logo\":{\"@type\":\"ImageObject\",\"inLanguage\":\"de\",\"@id\":\"https:\\\/\\\/buyadsaccounts.net\\\/#\\\/schema\\\/logo\\\/image\\\/\",\"url\":\"https:\\\/\\\/buyadsaccounts.net\\\/wp-content\\\/uploads\\\/2024\\\/12\\\/buyads-fav.jpg\",\"contentUrl\":\"https:\\\/\\\/buyadsaccounts.net\\\/wp-content\\\/uploads\\\/2024\\\/12\\\/buyads-fav.jpg\",\"width\":512,\"height\":512,\"caption\":\"Buy Google Ads Accounts\"},\"image\":{\"@id\":\"https:\\\/\\\/buyadsaccounts.net\\\/#\\\/schema\\\/logo\\\/image\\\/\"}}]}<\/script>\n<!-- \/ Yoast SEO Premium plugin. -->","yoast_head_json":{"title":"Facebook-Anzeigenkonten kaufen - Business Manager Verified","description":"Kaufen Sie Facebook Ads-Konten mit verifiziertem Business Manager. Premium-Konten, mit denen Sie sofort Kampagnen ver\u00f6ffentlichen k\u00f6nnen. Werben Sie auf Facebook Ads mit unseren Konten.","robots":{"index":"index","follow":"follow","max-snippet":"max-snippet:-1","max-image-preview":"max-image-preview:large","max-video-preview":"max-video-preview:-1"},"canonical":"https:\/\/buyadsaccounts.net\/de\/gads\/facebook-werbekonto\/","og_locale":"de_DE","og_type":"article","og_title":"Buy Facebook Ads Account","og_description":"Buy Facebook Ads accounts with verified Business Manager. Premium accounts ready to publish campaigns instantly. Advertise on Facebook Ads with our accounts.","og_url":"https:\/\/buyadsaccounts.net\/de\/gads\/facebook-werbekonto\/","og_site_name":"BuyAdsAccounts","article_modified_time":"2026-02-01T17:25:32+00:00","og_image":[{"width":600,"height":600,"url":"https:\/\/buyadsaccounts.net\/wp-content\/uploads\/2022\/09\/facebook-ads-accounts-marketplace.jpg","type":"image\/jpeg"}],"twitter_card":"summary_large_image","twitter_misc":{"Gesch\u00e4tzte Lesezeit":"3\u00a0Minuten"},"schema":{"@context":"https:\/\/schema.org","@graph":[{"@type":"WebPage","@id":"https:\/\/buyadsaccounts.net\/gads\/facebook-ads-account\/","url":"https:\/\/buyadsaccounts.net\/gads\/facebook-ads-account\/","name":"Facebook-Anzeigenkonten kaufen - Business Manager Verified","isPartOf":{"@id":"https:\/\/buyadsaccounts.net\/#website"},"primaryImageOfPage":{"@id":"https:\/\/buyadsaccounts.net\/gads\/facebook-ads-account\/#primaryimage"},"image":{"@id":"https:\/\/buyadsaccounts.net\/gads\/facebook-ads-account\/#primaryimage"},"thumbnailUrl":"https:\/\/buyadsaccounts.net\/wp-content\/uploads\/2022\/09\/facebook-ads-accounts-marketplace.jpg","datePublished":"2022-09-01T08:39:12+00:00","dateModified":"2026-02-01T17:25:32+00:00","description":"Kaufen Sie Facebook Ads-Konten mit verifiziertem Business Manager. Premium-Konten, mit denen Sie sofort Kampagnen ver\u00f6ffentlichen k\u00f6nnen. Werben Sie auf Facebook Ads mit unseren Konten.","breadcrumb":{"@id":"https:\/\/buyadsaccounts.net\/gads\/facebook-ads-account\/#breadcrumb"},"inLanguage":"de","potentialAction":[{"@type":"ReadAction","target":["https:\/\/buyadsaccounts.net\/gads\/facebook-ads-account\/"]}]},{"@type":"ImageObject","inLanguage":"de","@id":"https:\/\/buyadsaccounts.net\/gads\/facebook-ads-account\/#primaryimage","url":"https:\/\/buyadsaccounts.net\/wp-content\/uploads\/2022\/09\/facebook-ads-accounts-marketplace.jpg","contentUrl":"https:\/\/buyadsaccounts.net\/wp-content\/uploads\/2022\/09\/facebook-ads-accounts-marketplace.jpg","width":600,"height":600},{"@type":"BreadcrumbList","@id":"https:\/\/buyadsaccounts.net\/gads\/facebook-ads-account\/#breadcrumb","itemListElement":[{"@type":"ListItem","position":1,"name":"Home","item":"https:\/\/buyadsaccounts.net\/"},{"@type":"ListItem","position":2,"name":"Shop","item":"https:\/\/buyadsaccounts.net\/ar\/%d9%85%d8%aa%d8%ac%d8%b1\/"},{"@type":"ListItem","position":3,"name":"Buy Facebook Ads Account"}]},{"@type":"WebSite","@id":"https:\/\/buyadsaccounts.net\/#website","url":"https:\/\/buyadsaccounts.net\/","name":"BuyAdsAccounts","description":"","publisher":{"@id":"https:\/\/buyadsaccounts.net\/#organization"},"potentialAction":[{"@type":"SearchAction","target":{"@type":"EntryPoint","urlTemplate":"https:\/\/buyadsaccounts.net\/?s={search_term_string}"},"query-input":{"@type":"PropertyValueSpecification","valueRequired":true,"valueName":"search_term_string"}}],"inLanguage":"de"},{"@type":"Organization","@id":"https:\/\/buyadsaccounts.net\/#organization","name":"Google Ads-Konten kaufen","url":"https:\/\/buyadsaccounts.net\/","logo":{"@type":"ImageObject","inLanguage":"de","@id":"https:\/\/buyadsaccounts.net\/#\/schema\/logo\/image\/","url":"https:\/\/buyadsaccounts.net\/wp-content\/uploads\/2024\/12\/buyads-fav.jpg","contentUrl":"https:\/\/buyadsaccounts.net\/wp-content\/uploads\/2024\/12\/buyads-fav.jpg","width":512,"height":512,"caption":"Buy Google Ads Accounts"},"image":{"@id":"https:\/\/buyadsaccounts.net\/#\/schema\/logo\/image\/"}}]}},"wcpa_form_fields":{"wcpaData":{"product":{"product_price":0,"price_html":"<span class=\"woocommerce-Price-amount amount\"><bdi>0<span class=\"woocommerce-Price-currencySymbol\">&#36;<\/span><\/bdi><\/span>","original_product_price":0,"price_including_tax":0,"price_excluding_tax":0,"product_id":{"parent":3411,"variation":false},"is_variable":false,"stock_status":"instock","stock_quantity":null,"parent_sku":"","product_attributes":[],"custom_fields":[],"is_taxable":false,"product_name":"Buy Facebook Ads Account","hasImage":false},"fields":{"sec_9676e73d9751a8":{"extra":{"key":"sec_9676e73d9751a8","section_id":"sec_9676e73d9751a8","name":"Default","status":1,"cl_rule":"show","enableCl":false,"relations":[],"toggle":true,"title_tag":"h3","show_title":false,"showPrice":"default","form_id":4409,"form_rules":{"exclude_from_discount":false,"fee_label":"\u8d39\u7528","disp_hide_options_price":false,"disp_show_section_price":false,"disp_show_field_price":true,"layout_option":"standard","pric_use_as_fee":false,"process_fee_as":"woo_fee"},"layout_option":"standard"},"fields":[[{"type":"checkbox-group","required":true,"elementId":"wcpa-checkbox-group-1643471137938","label":"Account Options","enablePrice":true,"priceOptions":"different_for_all","pricingType":"fixed","price":"100","name":"checkbox-group-1643471137938","min_options":"1","other_text":"Other","cl_rule":"show","col":6,"values":[{"label":"2021 USD Account","value":"usd-account-buy1","price":"300","pimage":"","pimage_id":"","pthumb":"","gt_translate_keys":["label"]},{"label":"2022 EUR Account","value":"eur-account-buy1","price":"300","pimage":"","pimage_id":"","pthumb":"","gt_translate_keys":["label"]},{"label":"2023 GBP Account","value":"gbp-account-buy1","price":"200","pimage":"","pimage_id":"","pthumb":"","gt_translate_keys":["label"]}],"relations":false,"active":true,"tooltip":"","layOut":"inline","isWeightTemplate":false,"error":false,"isTemplate":false,"checkUi":"","min_quantity":"1","quantity_decimal":false,"quantity_step":"1","quantity_label":"Quantity","repeater_field_label":"{field_label}","repeater_bind":"","gt_translate_keys":["label","tooltip","repeater_field_label","quantity_label"],"price_dependency":false,"cl_dependency":false,"value":""}],[{"type":"checkbox-group","elementId":"wcpa-checkbox-group-1708272968133","label":"Extra Services","enablePrice":true,"priceOptions":"different_for_all","pricingType":"fixed","price":"100","name":"checkbox-group-1708272968132","min_options":"1","other_text":"Other","enableCl":false,"cl_rule":"show","cl_val":"addcc","col":6,"values":[{"label":"Credit Card","value":"addcc","price":"100","pimage":"","pimage_id":"","pthumb":"","tempId":"aco_3459","gt_translate_keys":["label"]},{"label":"Cloaking ( Crypto, IPTV, Gambling, Casino, Affiliate)","value":"blak-cat","price":"100","pimage":"","pimage_id":"","pthumb":"","tempId":"aco_3460","gt_translate_keys":["label"]},{"label":"Ads Manager","value":"ama02","price":"100","pimage":"","pimage_id":"","pthumb":"","tempId":"aco_3461","gt_translate_keys":["label"]},{"label":"Premium Proxy","value":"prexpxo","selected":false,"tempId":"aco_3543","price":"20","gt_translate_keys":["label"]},{"label":"Premium Warranty","value":"premwar","selected":false,"tempId":"aco_1207","price":"500","gt_translate_keys":["label"]}],"relations":[{"operator":false,"rules":[{"operator":false,"rules":{"cl_field":"wcpa-checkbox-group-1708272968133","cl_relation":"is","cl_val":"addcc"}}]}],"active":true,"tooltip":"<a href=\"https:\/\/help.buyadsaccounts.net\/hc\/helpcenter\/articles\/1754560957-additional-options\" target=\"blank\">Read More<\/a>","layOut":"","checkUi":"","error":false,"isWeightTemplate":false,"isTemplate":false,"min_quantity":"1","quantity_decimal":false,"quantity_step":"1","quantity_label":"Quantity","repeater_field_label":"{field_label}","repeater_bind":"","gt_translate_keys":["label","tooltip","repeater_field_label","quantity_label"],"price_dependency":false,"cl_dependency":["wcpa-checkbox-group-1711017426681","wcpa-checkbox-group-1711017486331","wcpa-number-1702422483197"],"value":""}],[{"type":"checkbox-group","required":true,"elementId":"wcpa-checkbox-group-1711017426681","label":"Cloaking - How many URLs?","description":"Price per URL","enablePrice":true,"priceOptions":"different_for_all","pricingType":"fixed","price":"100","name":"checkbox-group-1711017426680","min_options":"1","other_text":"Other","enableCl":true,"cl_rule":"show","cl_val":"black-cam","col":6,"values":[{"label":"1 URL","value":"gee","price":"0","pimage":"","pimage_id":"","pthumb":"","gt_translate_keys":["label"]},{"label":"2 URLs","value":"tws","price":"100","pimage":"","pimage_id":"","pthumb":"","gt_translate_keys":["label"]},{"label":"3 URLs","value":"gr4","price":"200","pimage":"","pimage_id":"","pthumb":"","gt_translate_keys":["label"]},{"label":"5 URLs","value":"bew","price":"350","pimage":"","pimage_id":"","pthumb":"","gt_translate_keys":["label"]},{"label":"10 URLs","value":"blg","price":"700","pimage":"","pimage_id":"","pthumb":"","gt_translate_keys":["label"]}],"relations":[{"operator":false,"rules":[{"operator":false,"rules":{"cl_field":"wcpa-checkbox-group-1708272968133","cl_relation":"is","cl_val":"black-cam"}}]}],"active":true,"tooltip":"","layOut":"","gt_translate_keys":["label","description","tooltip"],"price_dependency":false,"cl_dependency":false,"value":""}],[{"type":"checkbox-group","required":true,"elementId":"wcpa-checkbox-group-1711017486331","label":"Ads Manager - How many ADS?","description":"Price per AD","enablePrice":true,"priceOptions":"different_for_all","pricingType":"fixed","price":"100","name":"checkbox-group-1711017486330","min_options":"1","other_text":"Other","enableCl":true,"cl_rule":"show","cl_val":"ama02","col":6,"values":[{"label":"1 Ad","value":"gee","price":"0","pimage":"","pimage_id":"","pthumb":"","gt_translate_keys":["label"]},{"label":"2 Ads","value":"tws","price":"100","pimage":"","pimage_id":"","pthumb":"","gt_translate_keys":["label"]},{"label":"3 Ads","value":"gr4","price":"200","pimage":"","pimage_id":"","pthumb":"","gt_translate_keys":["label"]},{"label":"5 Ads","value":"bew","price":"350","pimage":"","pimage_id":"","pthumb":"","gt_translate_keys":["label"]},{"label":"10 Ads","value":"blg","price":"700","pimage":"","pimage_id":"","pthumb":"","gt_translate_keys":["label"]}],"relations":[{"operator":false,"rules":[{"operator":false,"rules":{"cl_field":"wcpa-checkbox-group-1708272968133","cl_relation":"is","cl_val":"ama02"}}]}],"active":true,"tooltip":"","layOut":"","gt_translate_keys":["label","description","tooltip"],"price_dependency":false,"cl_dependency":false,"value":""}],[{"type":"number","required":true,"elementId":"wcpa-number-1702422483197","label":"Add Funds to the account","description":"5% fee","enablePrice":true,"pricingType":"multiply","price":"1","min":"25","max":"50000","name":"number-1702422483197","enableCl":true,"cl_rule":"show","cl_val":"addcc","col":6,"relations":[{"operator":false,"rules":[{"operator":false,"rules":{"cl_field":"wcpa-checkbox-group-1708272968133","cl_relation":"is","cl_val":"addcc"}}]}],"active":true,"tooltip":"","error":false,"gt_translate_keys":["label","description","tooltip"],"price_dependency":false,"cl_dependency":false,"value":""}]]}},"config":{"price_override":"","enable_recaptcha":false,"bind_quantity":false,"quantity_bind_formula":false,"disp_summ_show_option_price":false,"disp_summ_show_product_price":false,"disp_summ_show_total_price":true,"disp_summ_show_fee":false,"disp_summ_show_discount":false,"summary_title":"","options_total_label":"\u671f\u6743\u4ef7\u683c","total_label":"\u603b\u8ba1","options_product_label":"\u4ea7\u54c1\u4ef7\u683c","fee_label":"\u8d39\u7528","discount_label":"\u6298\u6263","has_price":true,"has_quantity_formula":false},"mc_unit":1,"tax_rate":1,"tax_rate_real":1,"discount":{"percentage":0,"fixed":0},"design":{"conf":{"LabelPosition":"above","DescPosition":"above","UploadField":"custom_1","QuantityFieldStyle":"default"},"css":{"LeftLabelWidth":"120px"}},"formulas":[],"lookuptables":[],"clones":false,"cartKey":false}},"_links":{"self":[{"href":"https:\/\/buyadsaccounts.net\/de\/wp-json\/wp\/v2\/product\/3411","targetHints":{"allow":["GET"]}}],"collection":[{"href":"https:\/\/buyadsaccounts.net\/de\/wp-json\/wp\/v2\/product"}],"about":[{"href":"https:\/\/buyadsaccounts.net\/de\/wp-json\/wp\/v2\/types\/product"}],"version-history":[{"count":1,"href":"https:\/\/buyadsaccounts.net\/de\/wp-json\/wp\/v2\/product\/3411\/revisions"}],"predecessor-version":[{"id":9545,"href":"https:\/\/buyadsaccounts.net\/de\/wp-json\/wp\/v2\/product\/3411\/revisions\/9545"}],"wp:featuredmedia":[{"embeddable":true,"href":"https:\/\/buyadsaccounts.net\/de\/wp-json\/wp\/v2\/media\/3412"}],"wp:attachment":[{"href":"https:\/\/buyadsaccounts.net\/de\/wp-json\/wp\/v2\/media?parent=3411"}],"wp:term":[{"taxonomy":"product_brand","embeddable":true,"href":"https:\/\/buyadsaccounts.net\/de\/wp-json\/wp\/v2\/product_brand?post=3411"},{"taxonomy":"product_cat","embeddable":true,"href":"https:\/\/buyadsaccounts.net\/de\/wp-json\/wp\/v2\/product_cat?post=3411"},{"taxonomy":"product_tag","embeddable":true,"href":"https:\/\/buyadsaccounts.net\/de\/wp-json\/wp\/v2\/product_tag?post=3411"}],"curies":[{"name":"wp","href":"https:\/\/api.w.org\/{rel}","templated":true}]}}