{"id":9315,"date":"2025-12-21T09:12:50","date_gmt":"2025-12-21T09:12:50","guid":{"rendered":"https:\/\/rentaccounts.net\/?post_type=product&#038;p=9315"},"modified":"2026-02-01T17:30:32","modified_gmt":"2026-02-01T17:30:32","slug":"kob-google-ads-gambling-konti","status":"publish","type":"product","link":"https:\/\/buyadsaccounts.net\/da\/gads\/kob-google-ads-gambling-konti\/","title":{"rendered":"K\u00f8b Google Ads-spilkonti"},"content":{"rendered":"<h2 data-start=\"221\" data-end=\"303\">Hvorfor annonc\u00f8rer bruger specialiserede Google Ads-konti til casino- og sportsbetting<\/h2>\n<p data-start=\"305\" data-end=\"689\">Google Ads er stadig en af de st\u00e6rkeste platforme til at n\u00e5 ud til brugere med h\u00f8je m\u00e5lgrupper via s\u00f8gning, YouTube og Displaynetv\u00e6rket. Men annoncering i brancher som f.eks. <strong data-start=\"479\" data-end=\"496\">online casino<\/strong>, <strong data-start=\"498\" data-end=\"516\">sportsv\u00e6ddem\u00e5l<\/strong>, og reguleret gaming kommer med strenge krav. Mange annonc\u00f8rer oplever forsinkelser, gentagne afvisninger eller komplekse godkendelsesprocedurer, f\u00f8r de overhovedet kan starte en kampagne.<\/p>\n<p data-start=\"691\" data-end=\"961\">P\u00e5 grund af dette v\u00e6lger erfarne marketingfolk ofte <strong data-start=\"743\" data-end=\"781\">Forudkonfigurerede Google Ads-konti<\/strong> der allerede er struktureret til reguleret annoncering. Disse konti g\u00f8r det muligt for casino- og sportsv\u00e6ddem\u00e5lsbrands at fokusere p\u00e5 performance og skalering i stedet for administrative forhindringer.<\/p>\n<p data-start=\"963\" data-end=\"1107\">Vores konti er oprettet under kompatible forretningsstrukturer, tilpasset Googles annonceringspolitikker og klar til \u00f8jeblikkelig kampagneops\u00e6tning.<\/p>\n<h3 data-start=\"1114\" data-end=\"1150\">Hvorfor k\u00f8bere v\u00e6lger disse konti<\/h3>\n<ul data-start=\"1152\" data-end=\"1757\">\n<li data-start=\"1152\" data-end=\"1290\">\n<p data-start=\"1154\" data-end=\"1290\"><strong data-start=\"1154\" data-end=\"1177\">Hurtigere adgang til markedet<\/strong><br data-start=\"1177\" data-end=\"1180\" \/>Undg\u00e5 lange godkendelsescyklusser, og begynd at promovere casino- og sportsbettingtilbud uden un\u00f8dig ventetid.<\/p>\n<\/li>\n<li data-start=\"1292\" data-end=\"1445\">\n<p data-start=\"1294\" data-end=\"1445\"><strong data-start=\"1294\" data-end=\"1334\">Berettigelse til begr\u00e6nsede vertikaler<\/strong><br data-start=\"1334\" data-end=\"1337\" \/>Designet til brug i regulerede brancher, herunder online casino-platforme og sportsbetting-tjenester.<\/p>\n<\/li>\n<li data-start=\"1447\" data-end=\"1587\">\n<p data-start=\"1449\" data-end=\"1587\"><strong data-start=\"1449\" data-end=\"1481\">St\u00e6rkere trov\u00e6rdighed p\u00e5 kontoen<\/strong><br data-start=\"1481\" data-end=\"1484\" \/>Bygget under korrekt etablerede enheder, hvilket hj\u00e6lper med at reducere friktion under automatiserede eller manuelle kontroller.<\/p>\n<\/li>\n<li data-start=\"1589\" data-end=\"1757\">\n<p data-start=\"1591\" data-end=\"1757\"><strong data-start=\"1591\" data-end=\"1617\">Enkel finansieringsproces<\/strong><br data-start=\"1617\" data-end=\"1620\" \/>Hver konto indeholder en tilknyttet faktureringsmetode, s\u00e5 du kan tilf\u00f8je budget direkte via vores platform med et klart 5%-servicegebyr.<\/p>\n<\/li>\n<\/ul>\n<h2 data-start=\"1764\" data-end=\"1843\">Hvad er vigtigt, f\u00f8r du k\u00f8ber en Google Ads-konto til casino eller sportsbetting?<\/h2>\n<p data-start=\"1845\" data-end=\"1978\">Annoncering i casino- og sportsbetting-nicher kr\u00e6ver omhyggelig forberedelse. Disse faktorer er afg\u00f8rende, f\u00f8r man starter en kampagne:<\/p>\n<h3 data-start=\"1980\" data-end=\"2016\">Kontostruktur og overholdelse<\/h3>\n<p data-start=\"2017\" data-end=\"2140\">Kontoen skal v\u00e6re korrekt konfigureret til at underst\u00f8tte regulerede reklamekategorier og v\u00e6re i overensstemmelse med regionale reklameregler.<\/p>\n<h3 data-start=\"2142\" data-end=\"2161\">Ren historie<\/h3>\n<p data-start=\"2162\" data-end=\"2273\">Konti uden politiske problemer, advarsler eller suspenderinger giver bedre stabilitet og smidigere kampagnestart.<\/p>\n<h3 data-start=\"2275\" data-end=\"2311\">Gennemsigtighed i fakturering og finansiering<\/h3>\n<p data-start=\"2312\" data-end=\"2418\">Forst\u00e5, hvordan finansiering fungerer, herunder gr\u00e6nser og gebyrer, s\u00e5 du kan styre udgifterne med sikkerhed fra f\u00f8rste dag.<\/p>\n<h3 data-start=\"2420\" data-end=\"2447\">Fuld adgang og kontrol<\/h3>\n<p data-start=\"2448\" data-end=\"2586\">Du skal have fuld administrativ adgang, herunder mulighed for at sikre kontoen, h\u00e5ndtere fakturering og arbejde selvst\u00e6ndigt.<\/p>\n<h3 data-start=\"2588\" data-end=\"2612\">S\u00e6lgers p\u00e5lidelighed<\/h3>\n<p data-start=\"2613\" data-end=\"2775\">Reklamer for kasinoer og sportsv\u00e6ddem\u00e5l tiltr\u00e6kker mange up\u00e5lidelige s\u00e6lgere. Undg\u00e5 urealistiske l\u00f8fter, og v\u00e6lg udbydere, der fokuserer p\u00e5 compliance og gennemsigtighed.<\/p>\n<h2 data-start=\"2782\" data-end=\"2824\">Efter levering: Anbefalede ops\u00e6tningstrin<\/h2>\n<p data-start=\"2826\" data-end=\"2918\">N\u00e5r din konto er leveret, skal du tage f\u00f8lgende skridt for at sikre sikkerhed og ydeevne:<\/p>\n<h3 data-start=\"2920\" data-end=\"2945\">1. Sikkert ejerskab<\/h3>\n<p data-start=\"2946\" data-end=\"3022\">Skift loginoplysninger, gendannelses-e-mail og sikkerhedsindstillinger med det samme.<\/p>\n<h3 data-start=\"3024\" data-end=\"3048\">2. Gennemg\u00e5 indstillinger<\/h3>\n<p data-start=\"3049\" data-end=\"3191\">Tjek faktureringsprofiler, geo-targeting, tilladte regioner og kampagnestandarder for at sikre tilpasning til din casino- eller sportsbettingstrategi.<\/p>\n<h3 data-start=\"3193\" data-end=\"3212\">3. Tilf\u00f8j budget<\/h3>\n<p data-start=\"3213\" data-end=\"3285\">Finansier kontoen via vores dashboard, og forbered kampagner til lancering.<\/p>\n<h3 data-start=\"3287\" data-end=\"3312\">4. Lancering og overv\u00e5gning<\/h3>\n<p data-start=\"3313\" data-end=\"3360\" data-is-last-node=\"\" data-is-only-node=\"\">Start med en god annoncetekst, undg\u00e5 overdrevne<\/p>","protected":false},"excerpt":{"rendered":"<p>K\u00f8r dine gambling- og casino-reklamekampagner p\u00e5 tv\u00e6rs af Google Search &amp; Display (Google.com, YouTube) ved hj\u00e6lp af vores certificerede Google Ads-gamblingkonti.<\/p>","protected":false},"featured_media":9316,"template":"","meta":{"_acf_changed":false,"_glsr_average":5,"_glsr_ranking":4.4230769230769,"_glsr_reviews":16},"product_brand":[],"product_cat":[323],"product_tag":[],"class_list":{"0":"post-9315","1":"product","2":"type-product","3":"status-publish","4":"has-post-thumbnail","6":"product_cat-google-ads-gambling","7":"wcpa_has_options","9":"first","10":"instock","11":"purchasable","12":"product-type-simple"},"acf":[],"yoast_head":"<!-- This site is optimized with the Yoast SEO Premium plugin v26.7 (Yoast SEO v27.4) - https:\/\/yoast.com\/product\/yoast-seo-premium-wordpress\/ -->\n<title>Buy Google Ads Gambling Casino Accounts Ready for Ads<\/title>\n<meta name=\"description\" content=\"Get Google Ads approved gambling casino accounts validated by licensed companies. Fully compliant, high-trust accounts ideal for scaling crypto ads safely.\" \/>\n<meta name=\"robots\" content=\"index, follow, max-snippet:-1, max-image-preview:large, max-video-preview:-1\" \/>\n<link rel=\"canonical\" href=\"https:\/\/buyadsaccounts.net\/da\/gads\/kob-google-ads-gambling-konti\/\" \/>\n<meta property=\"og:locale\" content=\"da_DK\" \/>\n<meta property=\"og:type\" content=\"article\" \/>\n<meta property=\"og:title\" content=\"Buy Google Ads Gambling Accounts\" \/>\n<meta property=\"og:description\" content=\"Get Google Ads approved gambling casino accounts validated by licensed companies. Fully compliant, high-trust accounts ideal for scaling crypto ads safely.\" \/>\n<meta property=\"og:url\" content=\"https:\/\/buyadsaccounts.net\/da\/gads\/kob-google-ads-gambling-konti\/\" \/>\n<meta property=\"og:site_name\" content=\"BuyAdsAccounts\" \/>\n<meta property=\"article:modified_time\" content=\"2026-02-01T17:30:32+00:00\" \/>\n<meta property=\"og:image\" content=\"https:\/\/buyadsaccounts.net\/wp-content\/uploads\/2025\/12\/google-ads-gambling-account.png\" \/>\n\t<meta property=\"og:image:width\" content=\"88\" \/>\n\t<meta property=\"og:image:height\" content=\"88\" \/>\n\t<meta property=\"og:image:type\" content=\"image\/png\" \/>\n<meta name=\"twitter:card\" content=\"summary_large_image\" \/>\n<meta name=\"twitter:label1\" content=\"Estimeret l\u00e6setid\" \/>\n\t<meta name=\"twitter:data1\" content=\"2 minutter\" \/>\n<script type=\"application\/ld+json\" class=\"yoast-schema-graph\">{\"@context\":\"https:\\\/\\\/schema.org\",\"@graph\":[{\"@type\":\"WebPage\",\"@id\":\"https:\\\/\\\/buyadsaccounts.net\\\/gads\\\/buy-google-ads-gambling-accounts\\\/\",\"url\":\"https:\\\/\\\/buyadsaccounts.net\\\/gads\\\/buy-google-ads-gambling-accounts\\\/\",\"name\":\"Buy Google Ads Gambling Casino Accounts Ready for Ads\",\"isPartOf\":{\"@id\":\"https:\\\/\\\/buyadsaccounts.net\\\/#website\"},\"primaryImageOfPage\":{\"@id\":\"https:\\\/\\\/buyadsaccounts.net\\\/gads\\\/buy-google-ads-gambling-accounts\\\/#primaryimage\"},\"image\":{\"@id\":\"https:\\\/\\\/buyadsaccounts.net\\\/gads\\\/buy-google-ads-gambling-accounts\\\/#primaryimage\"},\"thumbnailUrl\":\"https:\\\/\\\/buyadsaccounts.net\\\/wp-content\\\/uploads\\\/2025\\\/12\\\/google-ads-gambling-account.png\",\"datePublished\":\"2025-12-21T09:12:50+00:00\",\"dateModified\":\"2026-02-01T17:30:32+00:00\",\"description\":\"Get Google Ads approved gambling casino accounts validated by licensed companies. Fully compliant, high-trust accounts ideal for scaling crypto ads safely.\",\"breadcrumb\":{\"@id\":\"https:\\\/\\\/buyadsaccounts.net\\\/gads\\\/buy-google-ads-gambling-accounts\\\/#breadcrumb\"},\"inLanguage\":\"da-DK\",\"potentialAction\":[{\"@type\":\"ReadAction\",\"target\":[\"https:\\\/\\\/buyadsaccounts.net\\\/gads\\\/buy-google-ads-gambling-accounts\\\/\"]}]},{\"@type\":\"ImageObject\",\"inLanguage\":\"da-DK\",\"@id\":\"https:\\\/\\\/buyadsaccounts.net\\\/gads\\\/buy-google-ads-gambling-accounts\\\/#primaryimage\",\"url\":\"https:\\\/\\\/buyadsaccounts.net\\\/wp-content\\\/uploads\\\/2025\\\/12\\\/google-ads-gambling-account.png\",\"contentUrl\":\"https:\\\/\\\/buyadsaccounts.net\\\/wp-content\\\/uploads\\\/2025\\\/12\\\/google-ads-gambling-account.png\",\"width\":88,\"height\":88},{\"@type\":\"BreadcrumbList\",\"@id\":\"https:\\\/\\\/buyadsaccounts.net\\\/gads\\\/buy-google-ads-gambling-accounts\\\/#breadcrumb\",\"itemListElement\":[{\"@type\":\"ListItem\",\"position\":1,\"name\":\"Home\",\"item\":\"https:\\\/\\\/buyadsaccounts.net\\\/\"},{\"@type\":\"ListItem\",\"position\":2,\"name\":\"Shop\",\"item\":\"https:\\\/\\\/buyadsaccounts.net\\\/ar\\\/%d9%85%d8%aa%d8%ac%d8%b1\\\/\"},{\"@type\":\"ListItem\",\"position\":3,\"name\":\"Buy Google Ads Gambling Accounts\"}]},{\"@type\":\"WebSite\",\"@id\":\"https:\\\/\\\/buyadsaccounts.net\\\/#website\",\"url\":\"https:\\\/\\\/buyadsaccounts.net\\\/\",\"name\":\"BuyAdsAccounts\",\"description\":\"\",\"publisher\":{\"@id\":\"https:\\\/\\\/buyadsaccounts.net\\\/#organization\"},\"potentialAction\":[{\"@type\":\"SearchAction\",\"target\":{\"@type\":\"EntryPoint\",\"urlTemplate\":\"https:\\\/\\\/buyadsaccounts.net\\\/?s={search_term_string}\"},\"query-input\":{\"@type\":\"PropertyValueSpecification\",\"valueRequired\":true,\"valueName\":\"search_term_string\"}}],\"inLanguage\":\"da-DK\"},{\"@type\":\"Organization\",\"@id\":\"https:\\\/\\\/buyadsaccounts.net\\\/#organization\",\"name\":\"Buy Google Ads Accounts\",\"url\":\"https:\\\/\\\/buyadsaccounts.net\\\/\",\"logo\":{\"@type\":\"ImageObject\",\"inLanguage\":\"da-DK\",\"@id\":\"https:\\\/\\\/buyadsaccounts.net\\\/#\\\/schema\\\/logo\\\/image\\\/\",\"url\":\"https:\\\/\\\/buyadsaccounts.net\\\/wp-content\\\/uploads\\\/2024\\\/12\\\/buyads-fav.jpg\",\"contentUrl\":\"https:\\\/\\\/buyadsaccounts.net\\\/wp-content\\\/uploads\\\/2024\\\/12\\\/buyads-fav.jpg\",\"width\":512,\"height\":512,\"caption\":\"Buy Google Ads Accounts\"},\"image\":{\"@id\":\"https:\\\/\\\/buyadsaccounts.net\\\/#\\\/schema\\\/logo\\\/image\\\/\"}}]}<\/script>\n<!-- \/ Yoast SEO Premium plugin. -->","yoast_head_json":{"title":"K\u00f8b Google Ads Gambling Casino-konti, der er klar til annoncer","description":"F\u00e5 Google Ads-godkendte spillekasino-konti, der er valideret af licenserede virksomheder. Fuldt kompatible konti med h\u00f8j tillid, der er ideelle til sikker skalering af kryptoannoncer.","robots":{"index":"index","follow":"follow","max-snippet":"max-snippet:-1","max-image-preview":"max-image-preview:large","max-video-preview":"max-video-preview:-1"},"canonical":"https:\/\/buyadsaccounts.net\/da\/gads\/kob-google-ads-gambling-konti\/","og_locale":"da_DK","og_type":"article","og_title":"Buy Google Ads Gambling Accounts","og_description":"Get Google Ads approved gambling casino accounts validated by licensed companies. Fully compliant, high-trust accounts ideal for scaling crypto ads safely.","og_url":"https:\/\/buyadsaccounts.net\/da\/gads\/kob-google-ads-gambling-konti\/","og_site_name":"BuyAdsAccounts","article_modified_time":"2026-02-01T17:30:32+00:00","og_image":[{"width":88,"height":88,"url":"https:\/\/buyadsaccounts.net\/wp-content\/uploads\/2025\/12\/google-ads-gambling-account.png","type":"image\/png"}],"twitter_card":"summary_large_image","twitter_misc":{"Estimeret l\u00e6setid":"2 minutter"},"schema":{"@context":"https:\/\/schema.org","@graph":[{"@type":"WebPage","@id":"https:\/\/buyadsaccounts.net\/gads\/buy-google-ads-gambling-accounts\/","url":"https:\/\/buyadsaccounts.net\/gads\/buy-google-ads-gambling-accounts\/","name":"K\u00f8b Google Ads Gambling Casino-konti, der er klar til annoncer","isPartOf":{"@id":"https:\/\/buyadsaccounts.net\/#website"},"primaryImageOfPage":{"@id":"https:\/\/buyadsaccounts.net\/gads\/buy-google-ads-gambling-accounts\/#primaryimage"},"image":{"@id":"https:\/\/buyadsaccounts.net\/gads\/buy-google-ads-gambling-accounts\/#primaryimage"},"thumbnailUrl":"https:\/\/buyadsaccounts.net\/wp-content\/uploads\/2025\/12\/google-ads-gambling-account.png","datePublished":"2025-12-21T09:12:50+00:00","dateModified":"2026-02-01T17:30:32+00:00","description":"F\u00e5 Google Ads-godkendte spillekasino-konti, der er valideret af licenserede virksomheder. Fuldt kompatible konti med h\u00f8j tillid, der er ideelle til sikker skalering af kryptoannoncer.","breadcrumb":{"@id":"https:\/\/buyadsaccounts.net\/gads\/buy-google-ads-gambling-accounts\/#breadcrumb"},"inLanguage":"da-DK","potentialAction":[{"@type":"ReadAction","target":["https:\/\/buyadsaccounts.net\/gads\/buy-google-ads-gambling-accounts\/"]}]},{"@type":"ImageObject","inLanguage":"da-DK","@id":"https:\/\/buyadsaccounts.net\/gads\/buy-google-ads-gambling-accounts\/#primaryimage","url":"https:\/\/buyadsaccounts.net\/wp-content\/uploads\/2025\/12\/google-ads-gambling-account.png","contentUrl":"https:\/\/buyadsaccounts.net\/wp-content\/uploads\/2025\/12\/google-ads-gambling-account.png","width":88,"height":88},{"@type":"BreadcrumbList","@id":"https:\/\/buyadsaccounts.net\/gads\/buy-google-ads-gambling-accounts\/#breadcrumb","itemListElement":[{"@type":"ListItem","position":1,"name":"Home","item":"https:\/\/buyadsaccounts.net\/"},{"@type":"ListItem","position":2,"name":"Shop","item":"https:\/\/buyadsaccounts.net\/ar\/%d9%85%d8%aa%d8%ac%d8%b1\/"},{"@type":"ListItem","position":3,"name":"Buy Google Ads Gambling Accounts"}]},{"@type":"WebSite","@id":"https:\/\/buyadsaccounts.net\/#website","url":"https:\/\/buyadsaccounts.net\/","name":"BuyAdsKonti","description":"","publisher":{"@id":"https:\/\/buyadsaccounts.net\/#organization"},"potentialAction":[{"@type":"SearchAction","target":{"@type":"EntryPoint","urlTemplate":"https:\/\/buyadsaccounts.net\/?s={search_term_string}"},"query-input":{"@type":"PropertyValueSpecification","valueRequired":true,"valueName":"search_term_string"}}],"inLanguage":"da-DK"},{"@type":"Organization","@id":"https:\/\/buyadsaccounts.net\/#organization","name":"K\u00f8b Google Ads-konti","url":"https:\/\/buyadsaccounts.net\/","logo":{"@type":"ImageObject","inLanguage":"da-DK","@id":"https:\/\/buyadsaccounts.net\/#\/schema\/logo\/image\/","url":"https:\/\/buyadsaccounts.net\/wp-content\/uploads\/2024\/12\/buyads-fav.jpg","contentUrl":"https:\/\/buyadsaccounts.net\/wp-content\/uploads\/2024\/12\/buyads-fav.jpg","width":512,"height":512,"caption":"Buy Google Ads Accounts"},"image":{"@id":"https:\/\/buyadsaccounts.net\/#\/schema\/logo\/image\/"}}]}},"wcpa_form_fields":{"wcpaData":{"product":{"product_price":0,"price_html":"<span class=\"woocommerce-Price-amount amount\"><bdi>0<span class=\"woocommerce-Price-currencySymbol\">&#36;<\/span><\/bdi><\/span>","original_product_price":0,"price_including_tax":0,"price_excluding_tax":0,"product_id":{"parent":9315,"variation":false},"is_variable":false,"stock_status":"instock","stock_quantity":null,"parent_sku":"","product_attributes":[],"custom_fields":[],"is_taxable":false,"product_name":"Buy Google Ads Gambling Accounts","hasImage":false},"fields":{"sec_16947c10fcaa83":{"extra":{"key":"sec_16947c10fcaa83","section_id":"sec_16947c10fcaa83","name":"Default","status":1,"cl_rule":"show","enableCl":false,"relations":[],"toggle":true,"title_tag":"h3","show_title":false,"showPrice":"default","form_id":9318,"form_rules":{"exclude_from_discount":false,"fee_label":"Fee","disp_hide_options_price":false,"disp_show_section_price":false,"disp_show_field_price":true,"layout_option":"standard","pric_use_as_fee":false,"process_fee_as":"woo_fee"},"layout_option":"standard"},"fields":[[{"type":"checkbox-group","required":true,"elementId":"checkbox-group_16947c10fcaaaf","label":"Account Options","enablePrice":true,"priceOptions":"different_for_all","pricingType":"fixed","price":"100","name":"checkbox-group_16947c10fcaaaf","min_options":"1","other_text":"Other","cl_rule":"show","col":6,"values":[{"label":"2024 UK Account - 50% Payment","value":"2024uk","price":"1700","pimage":"","pimage_id":"","pthumb":"","tempId":"aco_525","gt_translate_keys":["label"]},{"label":"2024 BR Account - 50% Payment","value":"2024br","price":"1000","pimage":"","pimage_id":"","pthumb":"","tempId":"aco_526","gt_translate_keys":["label"]}],"relations":false,"active":true,"tooltip":"<a href=\"https:\/\/help.buyadsaccounts.net\/hc\/helpcenter\/articles\/1766311806-uk-casino-sports-betting-advertising-approval\" target=\"blank\">Read More<\/a>","layOut":"inline","isWeightTemplate":false,"error":false,"isTemplate":false,"checkUi":"","min_quantity":"1","quantity_decimal":false,"quantity_step":"1","quantity_label":"Quantity","repeater_field_label":"{field_label}","repeater_bind":"","max_options":"1","gt_translate_keys":["label","tooltip","repeater_field_label","quantity_label"],"price_dependency":false,"cl_dependency":false,"value":""}],[{"active":true,"col":6,"relations":false,"cl_rule":"show","enableCl":false,"price":"","enablePrice":false,"className":"","label_position":"default","desc_position":"default","type":"url","required":true,"elementId":"url_0401321471","label":"Website URL","name":"url_0401321471","value":"","allow_multiple":false,"isWeightTemplate":false,"error":false,"isTemplate":false,"min_quantity":"1","quantity_decimal":false,"quantity_step":"1","quantity_label":"Quantity","repeater_field_label":"{field_label}","repeater_bind":"","gt_translate_keys":["label","value","repeater_field_label","quantity_label"],"price_dependency":false,"cl_dependency":false}],[{"type":"checkbox-group","elementId":"checkbox-group_106947c10fcaac1","label":"Extra Services","enablePrice":true,"priceOptions":"different_for_all","pricingType":"fixed","price":"100","name":"checkbox-group_106947c10fcaac1","min_options":"1","other_text":"Other","cl_rule":"show","col":6,"values":[{"label":"Ads Manager","value":"camp-mana","price":"200","pimage":"","pimage_id":"","pthumb":"","tempId":"aco_120","gt_translate_keys":["label"]}],"relations":false,"active":true,"tooltip":"<a href=\"https:\/\/help.buyadsaccounts.net\/hc\/helpcenter\/articles\/1754560957-additional-options\" target=\"blank\">Read More<\/a>","layOut":"","isWeightTemplate":false,"error":false,"isTemplate":false,"checkUi":"","min_quantity":"1","quantity_decimal":false,"quantity_step":"1","quantity_label":"Quantity","repeater_field_label":"{field_label}","repeater_bind":"","gt_translate_keys":["label","tooltip","repeater_field_label","quantity_label"],"price_dependency":false,"cl_dependency":["checkbox-group_86947c10fcaad0"],"value":""}],[{"type":"checkbox-group","required":true,"elementId":"checkbox-group_86947c10fcaad0","label":"Ads Manager - How many ADS?","description":"Price per AD","enablePrice":true,"priceOptions":"different_for_all","pricingType":"fixed","price":"100","name":"checkbox-group_86947c10fcaad0","min_options":"1","other_text":"Other","enableCl":true,"cl_rule":"show","cl_val":"camp-mana","col":6,"values":[{"label":"1 Ad","value":"1adurl","price":"0","pimage":"","pimage_id":"","pthumb":"","gt_translate_keys":["label"]},{"label":"2 Ads","value":"2ads","price":"350","pimage":"","pimage_id":"","pthumb":"","gt_translate_keys":["label"]},{"label":"3 Ads","value":"3ads","price":"500","pimage":"","pimage_id":"","pthumb":"","gt_translate_keys":["label"]},{"label":"5 Ads","value":"5ads","price":"800","pimage":"","pimage_id":"","pthumb":"","gt_translate_keys":["label"]},{"label":"10 Ads","value":"10ads","price":"1500","pimage":"","pimage_id":"","pthumb":"","gt_translate_keys":["label"]}],"relations":[{"operator":false,"rules":[{"operator":false,"rules":{"cl_field":"checkbox-group_106947c10fcaac1","cl_relation":"is","cl_val":"camp-mana"}}]}],"active":true,"tooltip":"","layOut":"","isWeightTemplate":false,"error":false,"isTemplate":false,"checkUi":"","min_quantity":"1","quantity_decimal":false,"quantity_step":"1","quantity_label":"Quantity","repeater_field_label":"{field_label}","repeater_bind":"","gt_translate_keys":["label","description","tooltip","repeater_field_label","quantity_label"],"price_dependency":false,"cl_dependency":false,"value":""}]]}},"config":{"price_override":"","enable_recaptcha":false,"bind_quantity":false,"quantity_bind_formula":false,"disp_summ_show_option_price":false,"disp_summ_show_product_price":false,"disp_summ_show_total_price":true,"disp_summ_show_fee":false,"disp_summ_show_discount":false,"summary_title":"","options_total_label":"Options Price","total_label":"Total","options_product_label":"Product Price","fee_label":"Fee","discount_label":"Discount","has_price":true,"has_quantity_formula":false},"mc_unit":1,"tax_rate":1,"tax_rate_real":1,"discount":{"percentage":0,"fixed":0},"design":{"conf":{"LabelPosition":"above","DescPosition":"above","UploadField":"custom_1","QuantityFieldStyle":"default"},"css":{"LeftLabelWidth":"120px"}},"formulas":[],"lookuptables":[],"clones":false,"cartKey":false}},"_links":{"self":[{"href":"https:\/\/buyadsaccounts.net\/da\/wp-json\/wp\/v2\/product\/9315","targetHints":{"allow":["GET"]}}],"collection":[{"href":"https:\/\/buyadsaccounts.net\/da\/wp-json\/wp\/v2\/product"}],"about":[{"href":"https:\/\/buyadsaccounts.net\/da\/wp-json\/wp\/v2\/types\/product"}],"version-history":[{"count":2,"href":"https:\/\/buyadsaccounts.net\/da\/wp-json\/wp\/v2\/product\/9315\/revisions"}],"predecessor-version":[{"id":9540,"href":"https:\/\/buyadsaccounts.net\/da\/wp-json\/wp\/v2\/product\/9315\/revisions\/9540"}],"wp:featuredmedia":[{"embeddable":true,"href":"https:\/\/buyadsaccounts.net\/da\/wp-json\/wp\/v2\/media\/9316"}],"wp:attachment":[{"href":"https:\/\/buyadsaccounts.net\/da\/wp-json\/wp\/v2\/media?parent=9315"}],"wp:term":[{"taxonomy":"product_brand","embeddable":true,"href":"https:\/\/buyadsaccounts.net\/da\/wp-json\/wp\/v2\/product_brand?post=9315"},{"taxonomy":"product_cat","embeddable":true,"href":"https:\/\/buyadsaccounts.net\/da\/wp-json\/wp\/v2\/product_cat?post=9315"},{"taxonomy":"product_tag","embeddable":true,"href":"https:\/\/buyadsaccounts.net\/da\/wp-json\/wp\/v2\/product_tag?post=9315"}],"curies":[{"name":"wp","href":"https:\/\/api.w.org\/{rel}","templated":true}]}}