{"id":9315,"date":"2025-12-21T09:12:50","date_gmt":"2025-12-21T09:12:50","guid":{"rendered":"https:\/\/rentaccounts.net\/?post_type=product&#038;p=9315"},"modified":"2026-02-01T17:30:32","modified_gmt":"2026-02-01T17:30:32","slug":"koupit-ucty-pro-hazardni-hry-google-ads","status":"publish","type":"product","link":"https:\/\/buyadsaccounts.net\/cs\/gads\/koupit-ucty-pro-hazardni-hry-google-ads\/","title":{"rendered":"Koupit \u00fa\u010dty pro hazardn\u00ed hry Google Ads"},"content":{"rendered":"<h2 data-start=\"221\" data-end=\"303\">Pro\u010d inzerenti pou\u017e\u00edvaj\u00ed specializovan\u00e9 \u00fa\u010dty Google Ads pro kasino a sportovn\u00ed s\u00e1zen\u00ed?<\/h2>\n<p data-start=\"305\" data-end=\"689\">Reklamy Google z\u016fst\u00e1vaj\u00ed jednou z nejsiln\u011bj\u0161\u00edch platforem pro osloven\u00ed u\u017eivatel\u016f s vysok\u00fdm z\u00e1jmem prost\u0159ednictv\u00edm vyhled\u00e1v\u00e1n\u00ed, YouTube a zobrazovac\u00ed s\u00edt\u011b. Reklama v odv\u011btv\u00edch, jako je nap\u0159. <strong data-start=\"479\" data-end=\"496\">online kasino<\/strong>, <strong data-start=\"498\" data-end=\"516\">sportovn\u00ed s\u00e1zen\u00ed<\/strong>, a regulovan\u00e9 hran\u00ed je spojeno s p\u0159\u00edsn\u00fdmi po\u017eadavky. Mnoho inzerent\u016f se pot\u00fdk\u00e1 se zpo\u017ed\u011bn\u00edm, opakovan\u00fdm neschv\u00e1len\u00edm nebo slo\u017eit\u00fdmi schvalovac\u00edmi cestami, ne\u017e v\u016fbec mohou spustit kampa\u0148.<\/p>\n<p data-start=\"691\" data-end=\"961\">Z tohoto d\u016fvodu zku\u0161en\u00ed obchodn\u00edci \u010dasto vol\u00ed <strong data-start=\"743\" data-end=\"781\">p\u0159edkonfigurovan\u00e9 \u00fa\u010dty Google Ads<\/strong> kter\u00e9 jsou ji\u017e strukturov\u00e1ny pro regulovanou reklamu. Tyto \u00fa\u010dty umo\u017e\u0148uj\u00ed zna\u010dk\u00e1m kasin a sportovn\u00edch s\u00e1zek soust\u0159edit se na v\u00fdkon a roz\u0161i\u0159ov\u00e1n\u00ed nam\u00edsto administrativn\u00edch p\u0159ek\u00e1\u017eek.<\/p>\n<p data-start=\"963\" data-end=\"1107\">Na\u0161e \u00fa\u010dty jsou nastaveny v souladu s obchodn\u00edmi strukturami, jsou v souladu s reklamn\u00edmi z\u00e1sadami spole\u010dnosti Google a jsou p\u0159ipraveny k okam\u017eit\u00e9mu nastaven\u00ed kampan\u00ed.<\/p>\n<h3 data-start=\"1114\" data-end=\"1150\">Pro\u010d si kupuj\u00edc\u00ed vyb\u00edraj\u00ed tyto \u00fa\u010dty<\/h3>\n<ul data-start=\"1152\" data-end=\"1757\">\n<li data-start=\"1152\" data-end=\"1290\">\n<p data-start=\"1154\" data-end=\"1290\"><strong data-start=\"1154\" data-end=\"1177\">Rychlej\u0161\u00ed vstup na trh<\/strong><br data-start=\"1177\" data-end=\"1180\" \/>Vyhn\u011bte se dlouh\u00fdm schvalovac\u00edm cykl\u016fm a za\u010dn\u011bte propagovat nab\u00eddky kasin a sportovn\u00edho s\u00e1zen\u00ed bez zbyte\u010dn\u00e9ho \u010dek\u00e1n\u00ed.<\/p>\n<\/li>\n<li data-start=\"1292\" data-end=\"1445\">\n<p data-start=\"1294\" data-end=\"1445\"><strong data-start=\"1294\" data-end=\"1334\">Zp\u016fsobilost pro omezen\u00e9 vertik\u00e1ly<\/strong><br data-start=\"1334\" data-end=\"1337\" \/>Ur\u010deno pro pou\u017eit\u00ed v regulovan\u00fdch odv\u011btv\u00edch, v\u010detn\u011b platforem online kasin a slu\u017eeb sportovn\u00edho s\u00e1zen\u00ed.<\/p>\n<\/li>\n<li data-start=\"1447\" data-end=\"1587\">\n<p data-start=\"1449\" data-end=\"1587\"><strong data-start=\"1449\" data-end=\"1481\">V\u011bt\u0161\u00ed d\u016fv\u011bryhodnost \u00fa\u010dtu<\/strong><br data-start=\"1481\" data-end=\"1484\" \/>Vytvo\u0159en\u00e9 v r\u00e1mci \u0159\u00e1dn\u011b zaveden\u00fdch subjekt\u016f, co\u017e pom\u00e1h\u00e1 sn\u00ed\u017eit t\u0159en\u00ed p\u0159i automatizovan\u00fdch nebo manu\u00e1ln\u00edch kontrol\u00e1ch.<\/p>\n<\/li>\n<li data-start=\"1589\" data-end=\"1757\">\n<p data-start=\"1591\" data-end=\"1757\"><strong data-start=\"1591\" data-end=\"1617\">Jednoduch\u00fd proces financov\u00e1n\u00ed<\/strong><br data-start=\"1617\" data-end=\"1620\" \/>Ka\u017ed\u00fd \u00fa\u010det obsahuje p\u0159ipojen\u00fd zp\u016fsob fakturace, kter\u00fd v\u00e1m umo\u017en\u00ed p\u0159idat rozpo\u010det p\u0159\u00edmo prost\u0159ednictv\u00edm na\u0161\u00ed platformy s jasn\u00fdm poplatkem za slu\u017ebu 5%.<\/p>\n<\/li>\n<\/ul>\n<h2 data-start=\"1764\" data-end=\"1843\">Na \u010dem z\u00e1le\u017e\u00ed p\u0159ed zakoupen\u00edm \u00fa\u010dtu Google Ads pro kasino nebo sportovn\u00ed s\u00e1zen\u00ed<\/h2>\n<p data-start=\"1845\" data-end=\"1978\">Reklama ve v\u00fdklenc\u00edch kasin a sportovn\u00edch s\u00e1zek vy\u017eaduje pe\u010dlivou p\u0159\u00edpravu. P\u0159ed zah\u00e1jen\u00edm kampan\u00ed jsou tyto faktory rozhoduj\u00edc\u00ed:<\/p>\n<h3 data-start=\"1980\" data-end=\"2016\">Struktura \u00fa\u010dtu a dodr\u017eov\u00e1n\u00ed p\u0159edpis\u016f<\/h3>\n<p data-start=\"2017\" data-end=\"2140\">\u00da\u010det mus\u00ed b\u00fdt spr\u00e1vn\u011b nastaven tak, aby podporoval regulovan\u00e9 kategorie reklamy a byl v souladu s region\u00e1ln\u00edmi pravidly pro reklamu.<\/p>\n<h3 data-start=\"2142\" data-end=\"2161\">\u010cist\u00e1 historie<\/h3>\n<p data-start=\"2162\" data-end=\"2273\">\u00da\u010dty bez probl\u00e9m\u016f se z\u00e1sadami, varov\u00e1n\u00edmi nebo pozastaven\u00edm nab\u00edzej\u00ed lep\u0161\u00ed stabilitu a hlad\u0161\u00ed spou\u0161t\u011bn\u00ed kampan\u00ed.<\/p>\n<h3 data-start=\"2275\" data-end=\"2311\">Transparentnost vy\u00fa\u010dtov\u00e1n\u00ed a financov\u00e1n\u00ed<\/h3>\n<p data-start=\"2312\" data-end=\"2418\">Pochopte, jak funguje financov\u00e1n\u00ed, v\u010detn\u011b limit\u016f a poplatk\u016f, abyste mohli od prvn\u00edho dne s jistotou \u0159\u00eddit v\u00fddaje.<\/p>\n<h3 data-start=\"2420\" data-end=\"2447\">\u00dapln\u00fd p\u0159\u00edstup a kontrola<\/h3>\n<p data-start=\"2448\" data-end=\"2586\">M\u011bli byste z\u00edskat \u00fapln\u00fd administrativn\u00ed p\u0159\u00edstup, v\u010detn\u011b mo\u017enosti zabezpe\u010dit \u00fa\u010det, spravovat fakturaci a pracovat samostatn\u011b.<\/p>\n<h3 data-start=\"2588\" data-end=\"2612\">Spolehlivost prod\u00e1vaj\u00edc\u00edho<\/h3>\n<p data-start=\"2613\" data-end=\"2775\">Reklama na kasina a sportovn\u00ed s\u00e1zky p\u0159itahuje mnoho nespolehliv\u00fdch prodejc\u016f. Vyhn\u011bte se nere\u00e1ln\u00fdm slib\u016fm a vyberte si poskytovatele, kte\u0159\u00ed se zam\u011b\u0159uj\u00ed na dodr\u017eov\u00e1n\u00ed p\u0159edpis\u016f a transparentnost.<\/p>\n<h2 data-start=\"2782\" data-end=\"2824\">Po dod\u00e1n\u00ed: Doporu\u010den\u00e9 kroky nastaven\u00ed<\/h2>\n<p data-start=\"2826\" data-end=\"2918\">Po doru\u010den\u00ed \u00fa\u010dtu prove\u010fte n\u00e1sleduj\u00edc\u00ed kroky k zaji\u0161t\u011bn\u00ed bezpe\u010dnosti a v\u00fdkonu:<\/p>\n<h3 data-start=\"2920\" data-end=\"2945\">1. Bezpe\u010dn\u00e9 vlastnictv\u00ed<\/h3>\n<p data-start=\"2946\" data-end=\"3022\">Okam\u017eit\u011b zm\u011b\u0148te p\u0159ihla\u0161ovac\u00ed \u00fadaje, e-mail pro obnoven\u00ed a nastaven\u00ed zabezpe\u010den\u00ed.<\/p>\n<h3 data-start=\"3024\" data-end=\"3048\">2. Zkontrolujte nastaven\u00ed<\/h3>\n<p data-start=\"3049\" data-end=\"3191\">Zkontrolujte faktura\u010dn\u00ed profily, geografick\u00e9 c\u00edlen\u00ed, povolen\u00e9 regiony a v\u00fdchoz\u00ed nastaven\u00ed kampan\u00ed, abyste zajistili soulad se strategi\u00ed kasina nebo sportovn\u00edho s\u00e1zen\u00ed.<\/p>\n<h3 data-start=\"3193\" data-end=\"3212\">3. P\u0159idat rozpo\u010det<\/h3>\n<p data-start=\"3213\" data-end=\"3285\">Financov\u00e1n\u00ed \u00fa\u010dtu prost\u0159ednictv\u00edm na\u0161eho \u0159\u00eddic\u00edho panelu a p\u0159\u00edprava kampan\u00ed ke spu\u0161t\u011bn\u00ed.<\/p>\n<h3 data-start=\"3287\" data-end=\"3312\">4. Spu\u0161t\u011bn\u00ed a sledov\u00e1n\u00ed<\/h3>\n<p data-start=\"3313\" data-end=\"3360\" data-is-last-node=\"\" data-is-only-node=\"\">Za\u010dn\u011bte s vyhovuj\u00edc\u00ed reklamn\u00ed kopi\u00ed, vyhn\u011bte se p\u0159ehnan\u00e9mu<\/p>","protected":false},"excerpt":{"rendered":"<p>Spus\u0165te sv\u00e9 reklamn\u00ed kampan\u011b na hazardn\u00ed hry a kasina ve vyhled\u00e1v\u00e1n\u00ed a zobrazen\u00ed Google (Google.com, YouTube) pomoc\u00ed na\u0161ich certifikovan\u00fdch \u00fa\u010dt\u016f Google Ads pro hazardn\u00ed hry.<\/p>","protected":false},"featured_media":9316,"template":"","meta":{"_acf_changed":false,"_glsr_average":5,"_glsr_ranking":4.4230769230769,"_glsr_reviews":16},"product_brand":[],"product_cat":[323],"product_tag":[],"class_list":{"0":"post-9315","1":"product","2":"type-product","3":"status-publish","4":"has-post-thumbnail","6":"product_cat-google-ads-gambling","7":"wcpa_has_options","9":"first","10":"instock","11":"purchasable","12":"product-type-simple"},"acf":[],"yoast_head":"<!-- This site is optimized with the Yoast SEO Premium plugin v26.7 (Yoast SEO v27.4) - https:\/\/yoast.com\/product\/yoast-seo-premium-wordpress\/ -->\n<title>Buy Google Ads Gambling Casino Accounts Ready for Ads<\/title>\n<meta name=\"description\" content=\"Get Google Ads approved gambling casino accounts validated by licensed companies. Fully compliant, high-trust accounts ideal for scaling crypto ads safely.\" \/>\n<meta name=\"robots\" content=\"index, follow, max-snippet:-1, max-image-preview:large, max-video-preview:-1\" \/>\n<link rel=\"canonical\" href=\"https:\/\/buyadsaccounts.net\/cs\/gads\/koupit-ucty-pro-hazardni-hry-google-ads\/\" \/>\n<meta property=\"og:locale\" content=\"cs_CZ\" \/>\n<meta property=\"og:type\" content=\"article\" \/>\n<meta property=\"og:title\" content=\"Buy Google Ads Gambling Accounts\" \/>\n<meta property=\"og:description\" content=\"Get Google Ads approved gambling casino accounts validated by licensed companies. Fully compliant, high-trust accounts ideal for scaling crypto ads safely.\" \/>\n<meta property=\"og:url\" content=\"https:\/\/buyadsaccounts.net\/cs\/gads\/koupit-ucty-pro-hazardni-hry-google-ads\/\" \/>\n<meta property=\"og:site_name\" content=\"BuyAdsAccounts\" \/>\n<meta property=\"article:modified_time\" content=\"2026-02-01T17:30:32+00:00\" \/>\n<meta property=\"og:image\" content=\"https:\/\/buyadsaccounts.net\/wp-content\/uploads\/2025\/12\/google-ads-gambling-account.png\" \/>\n\t<meta property=\"og:image:width\" content=\"88\" \/>\n\t<meta property=\"og:image:height\" content=\"88\" \/>\n\t<meta property=\"og:image:type\" content=\"image\/png\" \/>\n<meta name=\"twitter:card\" content=\"summary_large_image\" \/>\n<meta name=\"twitter:label1\" content=\"Odhadovan\u00e1 doba \u010dten\u00ed\" \/>\n\t<meta name=\"twitter:data1\" content=\"2 minuty\" \/>\n<script type=\"application\/ld+json\" class=\"yoast-schema-graph\">{\"@context\":\"https:\\\/\\\/schema.org\",\"@graph\":[{\"@type\":\"WebPage\",\"@id\":\"https:\\\/\\\/buyadsaccounts.net\\\/gads\\\/buy-google-ads-gambling-accounts\\\/\",\"url\":\"https:\\\/\\\/buyadsaccounts.net\\\/gads\\\/buy-google-ads-gambling-accounts\\\/\",\"name\":\"Buy Google Ads Gambling Casino Accounts Ready for Ads\",\"isPartOf\":{\"@id\":\"https:\\\/\\\/buyadsaccounts.net\\\/#website\"},\"primaryImageOfPage\":{\"@id\":\"https:\\\/\\\/buyadsaccounts.net\\\/gads\\\/buy-google-ads-gambling-accounts\\\/#primaryimage\"},\"image\":{\"@id\":\"https:\\\/\\\/buyadsaccounts.net\\\/gads\\\/buy-google-ads-gambling-accounts\\\/#primaryimage\"},\"thumbnailUrl\":\"https:\\\/\\\/buyadsaccounts.net\\\/wp-content\\\/uploads\\\/2025\\\/12\\\/google-ads-gambling-account.png\",\"datePublished\":\"2025-12-21T09:12:50+00:00\",\"dateModified\":\"2026-02-01T17:30:32+00:00\",\"description\":\"Get Google Ads approved gambling casino accounts validated by licensed companies. Fully compliant, high-trust accounts ideal for scaling crypto ads safely.\",\"breadcrumb\":{\"@id\":\"https:\\\/\\\/buyadsaccounts.net\\\/gads\\\/buy-google-ads-gambling-accounts\\\/#breadcrumb\"},\"inLanguage\":\"cs\",\"potentialAction\":[{\"@type\":\"ReadAction\",\"target\":[\"https:\\\/\\\/buyadsaccounts.net\\\/gads\\\/buy-google-ads-gambling-accounts\\\/\"]}]},{\"@type\":\"ImageObject\",\"inLanguage\":\"cs\",\"@id\":\"https:\\\/\\\/buyadsaccounts.net\\\/gads\\\/buy-google-ads-gambling-accounts\\\/#primaryimage\",\"url\":\"https:\\\/\\\/buyadsaccounts.net\\\/wp-content\\\/uploads\\\/2025\\\/12\\\/google-ads-gambling-account.png\",\"contentUrl\":\"https:\\\/\\\/buyadsaccounts.net\\\/wp-content\\\/uploads\\\/2025\\\/12\\\/google-ads-gambling-account.png\",\"width\":88,\"height\":88},{\"@type\":\"BreadcrumbList\",\"@id\":\"https:\\\/\\\/buyadsaccounts.net\\\/gads\\\/buy-google-ads-gambling-accounts\\\/#breadcrumb\",\"itemListElement\":[{\"@type\":\"ListItem\",\"position\":1,\"name\":\"Home\",\"item\":\"https:\\\/\\\/buyadsaccounts.net\\\/\"},{\"@type\":\"ListItem\",\"position\":2,\"name\":\"Shop\",\"item\":\"https:\\\/\\\/buyadsaccounts.net\\\/ar\\\/%d9%85%d8%aa%d8%ac%d8%b1\\\/\"},{\"@type\":\"ListItem\",\"position\":3,\"name\":\"Buy Google Ads Gambling Accounts\"}]},{\"@type\":\"WebSite\",\"@id\":\"https:\\\/\\\/buyadsaccounts.net\\\/#website\",\"url\":\"https:\\\/\\\/buyadsaccounts.net\\\/\",\"name\":\"BuyAdsAccounts\",\"description\":\"\",\"publisher\":{\"@id\":\"https:\\\/\\\/buyadsaccounts.net\\\/#organization\"},\"potentialAction\":[{\"@type\":\"SearchAction\",\"target\":{\"@type\":\"EntryPoint\",\"urlTemplate\":\"https:\\\/\\\/buyadsaccounts.net\\\/?s={search_term_string}\"},\"query-input\":{\"@type\":\"PropertyValueSpecification\",\"valueRequired\":true,\"valueName\":\"search_term_string\"}}],\"inLanguage\":\"cs\"},{\"@type\":\"Organization\",\"@id\":\"https:\\\/\\\/buyadsaccounts.net\\\/#organization\",\"name\":\"Buy Google Ads Accounts\",\"url\":\"https:\\\/\\\/buyadsaccounts.net\\\/\",\"logo\":{\"@type\":\"ImageObject\",\"inLanguage\":\"cs\",\"@id\":\"https:\\\/\\\/buyadsaccounts.net\\\/#\\\/schema\\\/logo\\\/image\\\/\",\"url\":\"https:\\\/\\\/buyadsaccounts.net\\\/wp-content\\\/uploads\\\/2024\\\/12\\\/buyads-fav.jpg\",\"contentUrl\":\"https:\\\/\\\/buyadsaccounts.net\\\/wp-content\\\/uploads\\\/2024\\\/12\\\/buyads-fav.jpg\",\"width\":512,\"height\":512,\"caption\":\"Buy Google Ads Accounts\"},\"image\":{\"@id\":\"https:\\\/\\\/buyadsaccounts.net\\\/#\\\/schema\\\/logo\\\/image\\\/\"}}]}<\/script>\n<!-- \/ Yoast SEO Premium plugin. -->","yoast_head_json":{"title":"Koupit reklamy Google Gambling Casino \u00fa\u010dty p\u0159ipraven\u00e9 pro reklamy","description":"Z\u00edskejte schv\u00e1len\u00e9 \u00fa\u010dty hazardn\u00edch her v kasinech Google Ads ov\u011b\u0159en\u00e9 licencovan\u00fdmi spole\u010dnostmi. Pln\u011b vyhovuj\u00edc\u00ed \u00fa\u010dty s vysokou d\u016fv\u011bryhodnost\u00ed, ide\u00e1ln\u00ed pro bezpe\u010dn\u00e9 \u0161k\u00e1lov\u00e1n\u00ed kryptografick\u00fdch reklam.","robots":{"index":"index","follow":"follow","max-snippet":"max-snippet:-1","max-image-preview":"max-image-preview:large","max-video-preview":"max-video-preview:-1"},"canonical":"https:\/\/buyadsaccounts.net\/cs\/gads\/koupit-ucty-pro-hazardni-hry-google-ads\/","og_locale":"cs_CZ","og_type":"article","og_title":"Buy Google Ads Gambling Accounts","og_description":"Get Google Ads approved gambling casino accounts validated by licensed companies. Fully compliant, high-trust accounts ideal for scaling crypto ads safely.","og_url":"https:\/\/buyadsaccounts.net\/cs\/gads\/koupit-ucty-pro-hazardni-hry-google-ads\/","og_site_name":"BuyAdsAccounts","article_modified_time":"2026-02-01T17:30:32+00:00","og_image":[{"width":88,"height":88,"url":"https:\/\/buyadsaccounts.net\/wp-content\/uploads\/2025\/12\/google-ads-gambling-account.png","type":"image\/png"}],"twitter_card":"summary_large_image","twitter_misc":{"Odhadovan\u00e1 doba \u010dten\u00ed":"2 minuty"},"schema":{"@context":"https:\/\/schema.org","@graph":[{"@type":"WebPage","@id":"https:\/\/buyadsaccounts.net\/gads\/buy-google-ads-gambling-accounts\/","url":"https:\/\/buyadsaccounts.net\/gads\/buy-google-ads-gambling-accounts\/","name":"Koupit reklamy Google Gambling Casino \u00fa\u010dty p\u0159ipraven\u00e9 pro reklamy","isPartOf":{"@id":"https:\/\/buyadsaccounts.net\/#website"},"primaryImageOfPage":{"@id":"https:\/\/buyadsaccounts.net\/gads\/buy-google-ads-gambling-accounts\/#primaryimage"},"image":{"@id":"https:\/\/buyadsaccounts.net\/gads\/buy-google-ads-gambling-accounts\/#primaryimage"},"thumbnailUrl":"https:\/\/buyadsaccounts.net\/wp-content\/uploads\/2025\/12\/google-ads-gambling-account.png","datePublished":"2025-12-21T09:12:50+00:00","dateModified":"2026-02-01T17:30:32+00:00","description":"Z\u00edskejte schv\u00e1len\u00e9 \u00fa\u010dty hazardn\u00edch her v kasinech Google Ads ov\u011b\u0159en\u00e9 licencovan\u00fdmi spole\u010dnostmi. Pln\u011b vyhovuj\u00edc\u00ed \u00fa\u010dty s vysokou d\u016fv\u011bryhodnost\u00ed, ide\u00e1ln\u00ed pro bezpe\u010dn\u00e9 \u0161k\u00e1lov\u00e1n\u00ed kryptografick\u00fdch reklam.","breadcrumb":{"@id":"https:\/\/buyadsaccounts.net\/gads\/buy-google-ads-gambling-accounts\/#breadcrumb"},"inLanguage":"cs","potentialAction":[{"@type":"ReadAction","target":["https:\/\/buyadsaccounts.net\/gads\/buy-google-ads-gambling-accounts\/"]}]},{"@type":"ImageObject","inLanguage":"cs","@id":"https:\/\/buyadsaccounts.net\/gads\/buy-google-ads-gambling-accounts\/#primaryimage","url":"https:\/\/buyadsaccounts.net\/wp-content\/uploads\/2025\/12\/google-ads-gambling-account.png","contentUrl":"https:\/\/buyadsaccounts.net\/wp-content\/uploads\/2025\/12\/google-ads-gambling-account.png","width":88,"height":88},{"@type":"BreadcrumbList","@id":"https:\/\/buyadsaccounts.net\/gads\/buy-google-ads-gambling-accounts\/#breadcrumb","itemListElement":[{"@type":"ListItem","position":1,"name":"Home","item":"https:\/\/buyadsaccounts.net\/"},{"@type":"ListItem","position":2,"name":"Shop","item":"https:\/\/buyadsaccounts.net\/ar\/%d9%85%d8%aa%d8%ac%d8%b1\/"},{"@type":"ListItem","position":3,"name":"Buy Google Ads Gambling Accounts"}]},{"@type":"WebSite","@id":"https:\/\/buyadsaccounts.net\/#website","url":"https:\/\/buyadsaccounts.net\/","name":"BuyAdsAccounts","description":"","publisher":{"@id":"https:\/\/buyadsaccounts.net\/#organization"},"potentialAction":[{"@type":"SearchAction","target":{"@type":"EntryPoint","urlTemplate":"https:\/\/buyadsaccounts.net\/?s={search_term_string}"},"query-input":{"@type":"PropertyValueSpecification","valueRequired":true,"valueName":"search_term_string"}}],"inLanguage":"cs"},{"@type":"Organization","@id":"https:\/\/buyadsaccounts.net\/#organization","name":"Koupit \u00fa\u010dty Google Ads","url":"https:\/\/buyadsaccounts.net\/","logo":{"@type":"ImageObject","inLanguage":"cs","@id":"https:\/\/buyadsaccounts.net\/#\/schema\/logo\/image\/","url":"https:\/\/buyadsaccounts.net\/wp-content\/uploads\/2024\/12\/buyads-fav.jpg","contentUrl":"https:\/\/buyadsaccounts.net\/wp-content\/uploads\/2024\/12\/buyads-fav.jpg","width":512,"height":512,"caption":"Buy Google Ads Accounts"},"image":{"@id":"https:\/\/buyadsaccounts.net\/#\/schema\/logo\/image\/"}}]}},"wcpa_form_fields":{"wcpaData":{"product":{"product_price":0,"price_html":"<span class=\"woocommerce-Price-amount amount\"><bdi>0<span class=\"woocommerce-Price-currencySymbol\">&#36;<\/span><\/bdi><\/span>","original_product_price":0,"price_including_tax":0,"price_excluding_tax":0,"product_id":{"parent":9315,"variation":false},"is_variable":false,"stock_status":"instock","stock_quantity":null,"parent_sku":"","product_attributes":[],"custom_fields":[],"is_taxable":false,"product_name":"Buy Google Ads Gambling Accounts","hasImage":false},"fields":{"sec_16947c10fcaa83":{"extra":{"key":"sec_16947c10fcaa83","section_id":"sec_16947c10fcaa83","name":"Default","status":1,"cl_rule":"show","enableCl":false,"relations":[],"toggle":true,"title_tag":"h3","show_title":false,"showPrice":"default","form_id":9318,"form_rules":{"exclude_from_discount":false,"fee_label":"Fee","disp_hide_options_price":false,"disp_show_section_price":false,"disp_show_field_price":true,"layout_option":"standard","pric_use_as_fee":false,"process_fee_as":"woo_fee"},"layout_option":"standard"},"fields":[[{"type":"checkbox-group","required":true,"elementId":"checkbox-group_16947c10fcaaaf","label":"Account Options","enablePrice":true,"priceOptions":"different_for_all","pricingType":"fixed","price":"100","name":"checkbox-group_16947c10fcaaaf","min_options":"1","other_text":"Other","cl_rule":"show","col":6,"values":[{"label":"2024 UK Account - 50% Payment","value":"2024uk","price":"1700","pimage":"","pimage_id":"","pthumb":"","tempId":"aco_525","gt_translate_keys":["label"]},{"label":"2024 BR Account - 50% Payment","value":"2024br","price":"1000","pimage":"","pimage_id":"","pthumb":"","tempId":"aco_526","gt_translate_keys":["label"]}],"relations":false,"active":true,"tooltip":"<a href=\"https:\/\/help.buyadsaccounts.net\/hc\/helpcenter\/articles\/1766311806-uk-casino-sports-betting-advertising-approval\" target=\"blank\">Read More<\/a>","layOut":"inline","isWeightTemplate":false,"error":false,"isTemplate":false,"checkUi":"","min_quantity":"1","quantity_decimal":false,"quantity_step":"1","quantity_label":"Quantity","repeater_field_label":"{field_label}","repeater_bind":"","max_options":"1","gt_translate_keys":["label","tooltip","repeater_field_label","quantity_label"],"price_dependency":false,"cl_dependency":false,"value":""}],[{"active":true,"col":6,"relations":false,"cl_rule":"show","enableCl":false,"price":"","enablePrice":false,"className":"","label_position":"default","desc_position":"default","type":"url","required":true,"elementId":"url_0401321471","label":"Website URL","name":"url_0401321471","value":"","allow_multiple":false,"isWeightTemplate":false,"error":false,"isTemplate":false,"min_quantity":"1","quantity_decimal":false,"quantity_step":"1","quantity_label":"Quantity","repeater_field_label":"{field_label}","repeater_bind":"","gt_translate_keys":["label","value","repeater_field_label","quantity_label"],"price_dependency":false,"cl_dependency":false}],[{"type":"checkbox-group","elementId":"checkbox-group_106947c10fcaac1","label":"Extra Services","enablePrice":true,"priceOptions":"different_for_all","pricingType":"fixed","price":"100","name":"checkbox-group_106947c10fcaac1","min_options":"1","other_text":"Other","cl_rule":"show","col":6,"values":[{"label":"Ads Manager","value":"camp-mana","price":"200","pimage":"","pimage_id":"","pthumb":"","tempId":"aco_120","gt_translate_keys":["label"]}],"relations":false,"active":true,"tooltip":"<a href=\"https:\/\/help.buyadsaccounts.net\/hc\/helpcenter\/articles\/1754560957-additional-options\" target=\"blank\">Read More<\/a>","layOut":"","isWeightTemplate":false,"error":false,"isTemplate":false,"checkUi":"","min_quantity":"1","quantity_decimal":false,"quantity_step":"1","quantity_label":"Quantity","repeater_field_label":"{field_label}","repeater_bind":"","gt_translate_keys":["label","tooltip","repeater_field_label","quantity_label"],"price_dependency":false,"cl_dependency":["checkbox-group_86947c10fcaad0"],"value":""}],[{"type":"checkbox-group","required":true,"elementId":"checkbox-group_86947c10fcaad0","label":"Ads Manager - How many ADS?","description":"Price per AD","enablePrice":true,"priceOptions":"different_for_all","pricingType":"fixed","price":"100","name":"checkbox-group_86947c10fcaad0","min_options":"1","other_text":"Other","enableCl":true,"cl_rule":"show","cl_val":"camp-mana","col":6,"values":[{"label":"1 Ad","value":"1adurl","price":"0","pimage":"","pimage_id":"","pthumb":"","gt_translate_keys":["label"]},{"label":"2 Ads","value":"2ads","price":"350","pimage":"","pimage_id":"","pthumb":"","gt_translate_keys":["label"]},{"label":"3 Ads","value":"3ads","price":"500","pimage":"","pimage_id":"","pthumb":"","gt_translate_keys":["label"]},{"label":"5 Ads","value":"5ads","price":"800","pimage":"","pimage_id":"","pthumb":"","gt_translate_keys":["label"]},{"label":"10 Ads","value":"10ads","price":"1500","pimage":"","pimage_id":"","pthumb":"","gt_translate_keys":["label"]}],"relations":[{"operator":false,"rules":[{"operator":false,"rules":{"cl_field":"checkbox-group_106947c10fcaac1","cl_relation":"is","cl_val":"camp-mana"}}]}],"active":true,"tooltip":"","layOut":"","isWeightTemplate":false,"error":false,"isTemplate":false,"checkUi":"","min_quantity":"1","quantity_decimal":false,"quantity_step":"1","quantity_label":"Quantity","repeater_field_label":"{field_label}","repeater_bind":"","gt_translate_keys":["label","description","tooltip","repeater_field_label","quantity_label"],"price_dependency":false,"cl_dependency":false,"value":""}]]}},"config":{"price_override":"","enable_recaptcha":false,"bind_quantity":false,"quantity_bind_formula":false,"disp_summ_show_option_price":false,"disp_summ_show_product_price":false,"disp_summ_show_total_price":true,"disp_summ_show_fee":false,"disp_summ_show_discount":false,"summary_title":"","options_total_label":"Options Price","total_label":"Total","options_product_label":"Product Price","fee_label":"Fee","discount_label":"Discount","has_price":true,"has_quantity_formula":false},"mc_unit":1,"tax_rate":1,"tax_rate_real":1,"discount":{"percentage":0,"fixed":0},"design":{"conf":{"LabelPosition":"above","DescPosition":"above","UploadField":"custom_1","QuantityFieldStyle":"default"},"css":{"LeftLabelWidth":"120px"}},"formulas":[],"lookuptables":[],"clones":false,"cartKey":false}},"_links":{"self":[{"href":"https:\/\/buyadsaccounts.net\/cs\/wp-json\/wp\/v2\/product\/9315","targetHints":{"allow":["GET"]}}],"collection":[{"href":"https:\/\/buyadsaccounts.net\/cs\/wp-json\/wp\/v2\/product"}],"about":[{"href":"https:\/\/buyadsaccounts.net\/cs\/wp-json\/wp\/v2\/types\/product"}],"version-history":[{"count":2,"href":"https:\/\/buyadsaccounts.net\/cs\/wp-json\/wp\/v2\/product\/9315\/revisions"}],"predecessor-version":[{"id":9540,"href":"https:\/\/buyadsaccounts.net\/cs\/wp-json\/wp\/v2\/product\/9315\/revisions\/9540"}],"wp:featuredmedia":[{"embeddable":true,"href":"https:\/\/buyadsaccounts.net\/cs\/wp-json\/wp\/v2\/media\/9316"}],"wp:attachment":[{"href":"https:\/\/buyadsaccounts.net\/cs\/wp-json\/wp\/v2\/media?parent=9315"}],"wp:term":[{"taxonomy":"product_brand","embeddable":true,"href":"https:\/\/buyadsaccounts.net\/cs\/wp-json\/wp\/v2\/product_brand?post=9315"},{"taxonomy":"product_cat","embeddable":true,"href":"https:\/\/buyadsaccounts.net\/cs\/wp-json\/wp\/v2\/product_cat?post=9315"},{"taxonomy":"product_tag","embeddable":true,"href":"https:\/\/buyadsaccounts.net\/cs\/wp-json\/wp\/v2\/product_tag?post=9315"}],"curies":[{"name":"wp","href":"https:\/\/api.w.org\/{rel}","templated":true}]}}