{"id":9220,"date":"2025-12-04T17:00:15","date_gmt":"2025-12-04T17:00:15","guid":{"rendered":"https:\/\/rentaccounts.net\/?post_type=product&#038;p=9220"},"modified":"2026-02-01T17:13:32","modified_gmt":"2026-02-01T17:13:32","slug":"koupit-google-ads-krypto-ucty","status":"publish","type":"product","link":"https:\/\/buyadsaccounts.net\/cs\/gads\/koupit-google-ads-krypto-ucty\/","title":{"rendered":"Koupit \u00fa\u010dty Google Ads Crypto"},"content":{"rendered":"<h2 data-start=\"233\" data-end=\"284\"><strong data-start=\"236\" data-end=\"284\">Pro\u010d si koupit kryptografick\u00e9 \u00fa\u010dty Google Ads?<\/strong><\/h2>\n<p data-start=\"286\" data-end=\"587\">Google Ads z\u016fst\u00e1v\u00e1 nejv\u00fdkonn\u011bj\u0161\u00ed reklamn\u00ed platformou pro osloven\u00ed glob\u00e1ln\u00edho publika ve vyhled\u00e1v\u00e1n\u00ed, YouTube a zobrazovac\u00ed s\u00edti. Pro kryptografick\u00e9 podniky je v\u0161ak p\u0159\u00edstup siln\u011b omezen. Pouze spole\u010dnosti, kter\u00e9 projdou ofici\u00e1ln\u00edm testem spole\u010dnosti Google <strong data-start=\"528\" data-end=\"567\">program ov\u011b\u0159ov\u00e1n\u00ed kryptom\u011bn<\/strong> m\u016f\u017ee spou\u0161t\u011bt kryptografick\u00e9 reklamy.<\/p>\n<p data-start=\"589\" data-end=\"817\">Proto je n\u00e1kup <strong data-start=\"612\" data-end=\"659\">leg\u00e1ln\u011b ov\u011b\u0159en\u00e9 kryptografick\u00e9 \u00fa\u010dty Google Ads<\/strong> se stala pro mnoho inzerent\u016f z\u00e1sadn\u00ed. Na\u0161e \u00fa\u010dty jsou ov\u011b\u0159eny pod schv\u00e1len\u00fdmi firmami, pln\u011b vyhovuj\u00ed p\u0159edpis\u016fm a jsou p\u0159ipraveny k okam\u017eit\u00e9mu spu\u0161t\u011bn\u00ed kryptografick\u00fdch kampan\u00ed.<\/p>\n<p data-start=\"819\" data-end=\"873\">Zde se dozv\u00edte, pro\u010d si kupuj\u00edc\u00ed vyb\u00edraj\u00ed na\u0161e \u00fa\u010dty ov\u011b\u0159en\u00e9 kryptom\u011bnami:<\/p>\n<ul data-start=\"875\" data-end=\"1298\">\n<li data-start=\"875\" data-end=\"990\">\n<p data-start=\"877\" data-end=\"990\"><strong data-start=\"877\" data-end=\"927\">Okam\u017eit\u00fd p\u0159\u00edstup k ekosyst\u00e9mu kryptoinzerce Google<\/strong> bez zdlouhav\u00e9ho ov\u011b\u0159ovac\u00edho procesu spole\u010dnosti Google.<\/p>\n<\/li>\n<li data-start=\"991\" data-end=\"1083\">\n<p data-start=\"993\" data-end=\"1083\"><strong data-start=\"993\" data-end=\"1037\">Mo\u017enost okam\u017eit\u00e9ho spu\u0161t\u011bn\u00ed vyhovuj\u00edc\u00edch reklam<\/strong> ve vyhled\u00e1v\u00e1n\u00ed Google, YouTube a zobrazen\u00ed.<\/p>\n<\/li>\n<li data-start=\"1084\" data-end=\"1188\">\n<p data-start=\"1086\" data-end=\"1188\"><strong data-start=\"1086\" data-end=\"1122\">Vysok\u00e1 d\u016fv\u011bra a siln\u00e1 pov\u011bst<\/strong>, proto\u017ee \u00fa\u010det je schv\u00e1len pod pr\u00e1vn\u011b ov\u011b\u0159en\u00fdm subjektem.<\/p>\n<\/li>\n<li data-start=\"1189\" data-end=\"1298\">\n<p data-start=\"1191\" data-end=\"1298\"><strong data-start=\"1191\" data-end=\"1216\">Vestav\u011bn\u00e1 platebn\u00ed karta<\/strong> tak\u017ee m\u016f\u017eete \u00fa\u010det financovat p\u0159\u00edmo prost\u0159ednictv\u00edm na\u0161\u00ed platformy s jednoduch\u00fdm poplatkem 5%.<\/p>\n<\/li>\n<\/ul>\n<h2 data-start=\"1305\" data-end=\"1350\"><strong data-start=\"1308\" data-end=\"1350\">D\u016fle\u017eit\u00e9 \u00favahy p\u0159ed n\u00e1kupem<\/strong><\/h2>\n<p data-start=\"1352\" data-end=\"1492\">P\u0159i n\u00e1kupu \u00fa\u010dtu Google Ads pro kryptoinzerci z\u00e1le\u017e\u00ed na n\u011bkolika faktorech, kter\u00e9 zaji\u0161\u0165uj\u00ed bezpe\u010dnost, dodr\u017eov\u00e1n\u00ed p\u0159edpis\u016f a dlouhodobou v\u00fdkonnost:<\/p>\n<h3 data-start=\"1494\" data-end=\"1523\"><strong data-start=\"1498\" data-end=\"1521\">Stav ov\u011b\u0159en\u00ed<\/strong><\/h3>\n<p data-start=\"1524\" data-end=\"1675\">V\u017edy se ujist\u011bte, \u017ee \u00fa\u010det je leg\u00e1ln\u011b ov\u011b\u0159en pod spole\u010dnost\u00ed schv\u00e1lenou pro inzerci kryptom\u011bn. Bez toho nelze kryptom\u011bnov\u00e9 kampan\u011b spustit.<\/p>\n<h3 data-start=\"1677\" data-end=\"1715\"><strong data-start=\"1681\" data-end=\"1713\">Reputace a historie \u00fa\u010dtu<\/strong><\/h3>\n<p data-start=\"1716\" data-end=\"1836\">\u00da\u010dty s \u010dist\u00fdm z\u00e1znamem a bez poru\u0161en\u00ed z\u00e1sad maj\u00ed lep\u0161\u00ed v\u00fdsledky a je u nich men\u0161\u00ed pravd\u011bpodobnost, \u017ee budou p\u0159ezkoum\u00e1ny nebo pozastaveny.<\/p>\n<h3 data-start=\"1838\" data-end=\"1871\"><strong data-start=\"1842\" data-end=\"1869\">Nastaven\u00ed fakturace a financov\u00e1n\u00ed<\/strong><\/h3>\n<p data-start=\"1872\" data-end=\"2050\">K na\u0161im \u00fa\u010dt\u016fm jsou p\u0159ilo\u017eeny karty a prost\u0159edky m\u016f\u017eete p\u0159id\u00e1vat okam\u017eit\u011b prost\u0159ednictv\u00edm na\u0161eho syst\u00e9mu. P\u0159esto je d\u016fle\u017eit\u00e9, abyste p\u0159ed spu\u0161t\u011bn\u00edm kampan\u011b znali limity financov\u00e1n\u00ed a poplatky.<\/p>\n<h3 data-start=\"2052\" data-end=\"2089\"><strong data-start=\"2056\" data-end=\"2087\">P\u0159evod vlastnictv\u00ed a p\u0159\u00edstup<\/strong><\/h3>\n<p data-start=\"2090\" data-end=\"2241\">Zajist\u011bte si pln\u00fd p\u0159\u00edstup k \u00fa\u010dtu Ads, v\u010detn\u011b mo\u017enosti m\u011bnit p\u0159ihla\u0161ovac\u00ed \u00fadaje, zabezpe\u010dit \u00fa\u010det a spravovat vy\u00fa\u010dtov\u00e1n\u00ed bez omezen\u00ed.<\/p>\n<h3 data-start=\"2243\" data-end=\"2279\"><strong data-start=\"2247\" data-end=\"2277\">Zabezpe\u010den\u00ed a prevence podvod\u016f<\/strong><\/h3>\n<p data-start=\"2280\" data-end=\"2449\">Kryptoinzerce je omezen\u00fd v\u00fdklenek, kter\u00fd p\u0159itahuje mnoho fale\u0161n\u00fdch prodejc\u016f. Nakupujte pouze z ov\u011b\u0159en\u00fdch zdroj\u016f a vyhn\u011bte se v\u0161em, kte\u0159\u00ed nab\u00edzej\u00ed \u201cneomezen\u00e9\u201d nebo \u201cbezrizikov\u00e9\u201d \u00fa\u010dty.<\/p>\n<h2 data-start=\"2456\" data-end=\"2482\"><strong data-start=\"2459\" data-end=\"2482\">Kroky po n\u00e1kupu<\/strong><\/h2>\n<p data-start=\"2484\" data-end=\"2601\">Po doru\u010den\u00ed \u00fa\u010dtu Google Ads ov\u011b\u0159en\u00e9ho pomoc\u00ed \u0161ifrov\u00e1n\u00ed prove\u010fte tyto kroky pro dosa\u017een\u00ed maxim\u00e1ln\u00edho zabezpe\u010den\u00ed a v\u00fdkonu:<\/p>\n<h3 data-start=\"2603\" data-end=\"2640\"><strong data-start=\"2607\" data-end=\"2638\">1. Zm\u011bna p\u0159ihla\u0161ovac\u00edch \u00fadaj\u016f<\/strong><\/h3>\n<p data-start=\"2641\" data-end=\"2727\">Okam\u017eit\u011b zm\u011b\u0148te e-mail, heslo a mo\u017enosti obnoven\u00ed, abyste si zajistili pln\u00e9 vlastnictv\u00ed.<\/p>\n<h3 data-start=\"2729\" data-end=\"2769\"><strong data-start=\"2733\" data-end=\"2767\">2. Zkontrolujte v\u0161echna nastaven\u00ed \u00fa\u010dtu<\/strong><\/h3>\n<p data-start=\"2770\" data-end=\"2909\">Zkontrolujte vy\u00fa\u010dtov\u00e1n\u00ed, v\u00fdchoz\u00ed nastaven\u00ed kampan\u00ed, geografick\u00e9 c\u00edlen\u00ed, schv\u00e1len\u00e9 regiony a pozn\u00e1mky o souladu, abyste v\u0161e sladili se svou reklamn\u00ed strategi\u00ed.<\/p>\n<h3 data-start=\"2911\" data-end=\"2956\"><strong data-start=\"2915\" data-end=\"2954\">3. P\u0159id\u00e1v\u00e1n\u00ed prost\u0159edk\u016f prost\u0159ednictv\u00edm ovl\u00e1dac\u00edho panelu<\/strong><\/h3>\n<p data-start=\"2957\" data-end=\"3052\">Vlo\u017ete sv\u016fj rozpo\u010det na reklamu pomoc\u00ed na\u0161eho syst\u00e9mu financov\u00e1n\u00ed (poplatek 5%) a za\u010dn\u011bte okam\u017eit\u011b spou\u0161t\u011bt kampan\u011b.<\/p>\n<h3 data-start=\"3054\" data-end=\"3097\"><strong data-start=\"3058\" data-end=\"3095\">4. Optimalizace a sledov\u00e1n\u00ed v\u00fdkonu<\/strong><\/h3>\n<p data-start=\"3098\" data-end=\"3250\">Kryptografick\u00e9 vertik\u00e1ly mohou b\u00fdt citliv\u00e9. Pou\u017e\u00edvejte vyhovuj\u00edc\u00ed reklamn\u00ed texty, testujte v\u00edce kreativ a pe\u010dliv\u011b sledujte v\u00fdkon - zejm\u00e9na b\u011bhem prvn\u00edch 48 hodin.<\/p>\n<h2 data-start=\"3257\" data-end=\"3274\"><strong data-start=\"3260\" data-end=\"3274\">Z\u00e1v\u011br<\/strong><\/h2>\n<p data-start=\"3276\" data-end=\"3602\">N\u00e1kup <strong data-start=\"3285\" data-end=\"3323\">Kryptografick\u00fd ov\u011b\u0159en\u00fd \u00fa\u010det Google Ads<\/strong> je nejrychlej\u0161\u00ed a nejbezpe\u010dn\u011bj\u0161\u00ed zp\u016fsob, jak za\u010d\u00edt provozovat kampan\u011b v souladu s pravidly pro kryptom\u011bny ve vyhled\u00e1v\u00e1n\u00ed Google, na YouTube a v zobrazen\u00ed. V\u00fdb\u011brem d\u016fv\u011bryhodn\u00e9ho poskytovatele, zabezpe\u010den\u00edm \u00fa\u010dtu a dodr\u017eov\u00e1n\u00edm osv\u011bd\u010den\u00fdch postup\u016f m\u016f\u017eete sv\u00e9 kampan\u011b spustit okam\u017eit\u011b a s jistotou je roz\u0161i\u0159ovat.<\/p>","protected":false},"excerpt":{"rendered":"<p>Spus\u0165te sv\u00e9 kryptografick\u00e9 reklamn\u00ed kampan\u011b ve vyhled\u00e1v\u00e1n\u00ed a zobrazen\u00ed Google (Google.com, YouTube) pomoc\u00ed na\u0161ich leg\u00e1ln\u011b ov\u011b\u0159en\u00fdch kryptografick\u00fdch \u00fa\u010dt\u016f Google Ads.<\/p>","protected":false},"featured_media":9221,"template":"","meta":{"_acf_changed":false,"_glsr_average":5,"_glsr_ranking":4.5454545454545,"_glsr_reviews":23},"product_brand":[],"product_cat":[322],"product_tag":[],"class_list":{"0":"post-9220","1":"product","2":"type-product","3":"status-publish","4":"has-post-thumbnail","6":"product_cat-google-ads-crypto","7":"wcpa_has_options","9":"first","10":"instock","11":"purchasable","12":"product-type-simple"},"acf":[],"yoast_head":"<!-- This site is optimized with the Yoast SEO Premium plugin v26.7 (Yoast SEO v27.4) - https:\/\/yoast.com\/product\/yoast-seo-premium-wordpress\/ -->\n<title>Buy Google Ads Approved Crypto Accounts Ready for Ads<\/title>\n<meta name=\"description\" content=\"Get Google Ads approved crypto accounts validated by licensed companies. Fully compliant, high-trust accounts ideal for scaling crypto ads safely.\" \/>\n<meta name=\"robots\" content=\"index, follow, max-snippet:-1, max-image-preview:large, max-video-preview:-1\" \/>\n<link rel=\"canonical\" href=\"https:\/\/buyadsaccounts.net\/cs\/gads\/koupit-google-ads-krypto-ucty\/\" \/>\n<meta property=\"og:locale\" content=\"cs_CZ\" \/>\n<meta property=\"og:type\" content=\"article\" \/>\n<meta property=\"og:title\" content=\"Buy Google Ads Crypto Accounts\" \/>\n<meta property=\"og:description\" content=\"Get Google Ads approved crypto accounts validated by licensed companies. Fully compliant, high-trust accounts ideal for scaling crypto ads safely.\" \/>\n<meta property=\"og:url\" content=\"https:\/\/buyadsaccounts.net\/cs\/gads\/koupit-google-ads-krypto-ucty\/\" \/>\n<meta property=\"og:site_name\" content=\"BuyAdsAccounts\" \/>\n<meta property=\"article:modified_time\" content=\"2026-02-01T17:13:32+00:00\" \/>\n<meta property=\"og:image\" content=\"https:\/\/buyadsaccounts.net\/wp-content\/uploads\/2025\/12\/google-ads-crypto-accounts.png\" \/>\n\t<meta property=\"og:image:width\" content=\"88\" \/>\n\t<meta property=\"og:image:height\" content=\"88\" \/>\n\t<meta property=\"og:image:type\" content=\"image\/png\" \/>\n<meta name=\"twitter:card\" content=\"summary_large_image\" \/>\n<meta name=\"twitter:label1\" content=\"Odhadovan\u00e1 doba \u010dten\u00ed\" \/>\n\t<meta name=\"twitter:data1\" content=\"3 minuty\" \/>\n<script type=\"application\/ld+json\" class=\"yoast-schema-graph\">{\"@context\":\"https:\\\/\\\/schema.org\",\"@graph\":[{\"@type\":\"WebPage\",\"@id\":\"https:\\\/\\\/buyadsaccounts.net\\\/gads\\\/buy-google-ads-crypto-accounts\\\/\",\"url\":\"https:\\\/\\\/buyadsaccounts.net\\\/gads\\\/buy-google-ads-crypto-accounts\\\/\",\"name\":\"Buy Google Ads Approved Crypto Accounts Ready for Ads\",\"isPartOf\":{\"@id\":\"https:\\\/\\\/buyadsaccounts.net\\\/#website\"},\"primaryImageOfPage\":{\"@id\":\"https:\\\/\\\/buyadsaccounts.net\\\/gads\\\/buy-google-ads-crypto-accounts\\\/#primaryimage\"},\"image\":{\"@id\":\"https:\\\/\\\/buyadsaccounts.net\\\/gads\\\/buy-google-ads-crypto-accounts\\\/#primaryimage\"},\"thumbnailUrl\":\"https:\\\/\\\/buyadsaccounts.net\\\/wp-content\\\/uploads\\\/2025\\\/12\\\/google-ads-crypto-accounts.png\",\"datePublished\":\"2025-12-04T17:00:15+00:00\",\"dateModified\":\"2026-02-01T17:13:32+00:00\",\"description\":\"Get Google Ads approved crypto accounts validated by licensed companies. Fully compliant, high-trust accounts ideal for scaling crypto ads safely.\",\"breadcrumb\":{\"@id\":\"https:\\\/\\\/buyadsaccounts.net\\\/gads\\\/buy-google-ads-crypto-accounts\\\/#breadcrumb\"},\"inLanguage\":\"cs\",\"potentialAction\":[{\"@type\":\"ReadAction\",\"target\":[\"https:\\\/\\\/buyadsaccounts.net\\\/gads\\\/buy-google-ads-crypto-accounts\\\/\"]}]},{\"@type\":\"ImageObject\",\"inLanguage\":\"cs\",\"@id\":\"https:\\\/\\\/buyadsaccounts.net\\\/gads\\\/buy-google-ads-crypto-accounts\\\/#primaryimage\",\"url\":\"https:\\\/\\\/buyadsaccounts.net\\\/wp-content\\\/uploads\\\/2025\\\/12\\\/google-ads-crypto-accounts.png\",\"contentUrl\":\"https:\\\/\\\/buyadsaccounts.net\\\/wp-content\\\/uploads\\\/2025\\\/12\\\/google-ads-crypto-accounts.png\",\"width\":88,\"height\":88,\"caption\":\"google ads crypto accounts\"},{\"@type\":\"BreadcrumbList\",\"@id\":\"https:\\\/\\\/buyadsaccounts.net\\\/gads\\\/buy-google-ads-crypto-accounts\\\/#breadcrumb\",\"itemListElement\":[{\"@type\":\"ListItem\",\"position\":1,\"name\":\"Home\",\"item\":\"https:\\\/\\\/buyadsaccounts.net\\\/\"},{\"@type\":\"ListItem\",\"position\":2,\"name\":\"Shop\",\"item\":\"https:\\\/\\\/buyadsaccounts.net\\\/ar\\\/%d9%85%d8%aa%d8%ac%d8%b1\\\/\"},{\"@type\":\"ListItem\",\"position\":3,\"name\":\"Buy Google Ads Crypto Accounts\"}]},{\"@type\":\"WebSite\",\"@id\":\"https:\\\/\\\/buyadsaccounts.net\\\/#website\",\"url\":\"https:\\\/\\\/buyadsaccounts.net\\\/\",\"name\":\"BuyAdsAccounts\",\"description\":\"\",\"publisher\":{\"@id\":\"https:\\\/\\\/buyadsaccounts.net\\\/#organization\"},\"potentialAction\":[{\"@type\":\"SearchAction\",\"target\":{\"@type\":\"EntryPoint\",\"urlTemplate\":\"https:\\\/\\\/buyadsaccounts.net\\\/?s={search_term_string}\"},\"query-input\":{\"@type\":\"PropertyValueSpecification\",\"valueRequired\":true,\"valueName\":\"search_term_string\"}}],\"inLanguage\":\"cs\"},{\"@type\":\"Organization\",\"@id\":\"https:\\\/\\\/buyadsaccounts.net\\\/#organization\",\"name\":\"Buy Google Ads Accounts\",\"url\":\"https:\\\/\\\/buyadsaccounts.net\\\/\",\"logo\":{\"@type\":\"ImageObject\",\"inLanguage\":\"cs\",\"@id\":\"https:\\\/\\\/buyadsaccounts.net\\\/#\\\/schema\\\/logo\\\/image\\\/\",\"url\":\"https:\\\/\\\/buyadsaccounts.net\\\/wp-content\\\/uploads\\\/2024\\\/12\\\/buyads-fav.jpg\",\"contentUrl\":\"https:\\\/\\\/buyadsaccounts.net\\\/wp-content\\\/uploads\\\/2024\\\/12\\\/buyads-fav.jpg\",\"width\":512,\"height\":512,\"caption\":\"Buy Google Ads Accounts\"},\"image\":{\"@id\":\"https:\\\/\\\/buyadsaccounts.net\\\/#\\\/schema\\\/logo\\\/image\\\/\"}}]}<\/script>\n<!-- \/ Yoast SEO Premium plugin. -->","yoast_head_json":{"title":"Koupit schv\u00e1len\u00e9 kryptografick\u00e9 \u00fa\u010dty Google Ads p\u0159ipraven\u00e9 pro reklamy","description":"Z\u00edskejte kryptografick\u00e9 \u00fa\u010dty schv\u00e1len\u00e9 licencovan\u00fdmi spole\u010dnostmi v r\u00e1mci Google Ads. Pln\u011b vyhovuj\u00edc\u00ed \u00fa\u010dty s vysokou d\u016fv\u011bryhodnost\u00ed ide\u00e1ln\u00ed pro bezpe\u010dn\u00e9 \u0161k\u00e1lov\u00e1n\u00ed kryptografick\u00fdch reklam.","robots":{"index":"index","follow":"follow","max-snippet":"max-snippet:-1","max-image-preview":"max-image-preview:large","max-video-preview":"max-video-preview:-1"},"canonical":"https:\/\/buyadsaccounts.net\/cs\/gads\/koupit-google-ads-krypto-ucty\/","og_locale":"cs_CZ","og_type":"article","og_title":"Buy Google Ads Crypto Accounts","og_description":"Get Google Ads approved crypto accounts validated by licensed companies. Fully compliant, high-trust accounts ideal for scaling crypto ads safely.","og_url":"https:\/\/buyadsaccounts.net\/cs\/gads\/koupit-google-ads-krypto-ucty\/","og_site_name":"BuyAdsAccounts","article_modified_time":"2026-02-01T17:13:32+00:00","og_image":[{"width":88,"height":88,"url":"https:\/\/buyadsaccounts.net\/wp-content\/uploads\/2025\/12\/google-ads-crypto-accounts.png","type":"image\/png"}],"twitter_card":"summary_large_image","twitter_misc":{"Odhadovan\u00e1 doba \u010dten\u00ed":"3 minuty"},"schema":{"@context":"https:\/\/schema.org","@graph":[{"@type":"WebPage","@id":"https:\/\/buyadsaccounts.net\/gads\/buy-google-ads-crypto-accounts\/","url":"https:\/\/buyadsaccounts.net\/gads\/buy-google-ads-crypto-accounts\/","name":"Koupit schv\u00e1len\u00e9 kryptografick\u00e9 \u00fa\u010dty Google Ads p\u0159ipraven\u00e9 pro reklamy","isPartOf":{"@id":"https:\/\/buyadsaccounts.net\/#website"},"primaryImageOfPage":{"@id":"https:\/\/buyadsaccounts.net\/gads\/buy-google-ads-crypto-accounts\/#primaryimage"},"image":{"@id":"https:\/\/buyadsaccounts.net\/gads\/buy-google-ads-crypto-accounts\/#primaryimage"},"thumbnailUrl":"https:\/\/buyadsaccounts.net\/wp-content\/uploads\/2025\/12\/google-ads-crypto-accounts.png","datePublished":"2025-12-04T17:00:15+00:00","dateModified":"2026-02-01T17:13:32+00:00","description":"Z\u00edskejte kryptografick\u00e9 \u00fa\u010dty schv\u00e1len\u00e9 licencovan\u00fdmi spole\u010dnostmi v r\u00e1mci Google Ads. Pln\u011b vyhovuj\u00edc\u00ed \u00fa\u010dty s vysokou d\u016fv\u011bryhodnost\u00ed ide\u00e1ln\u00ed pro bezpe\u010dn\u00e9 \u0161k\u00e1lov\u00e1n\u00ed kryptografick\u00fdch reklam.","breadcrumb":{"@id":"https:\/\/buyadsaccounts.net\/gads\/buy-google-ads-crypto-accounts\/#breadcrumb"},"inLanguage":"cs","potentialAction":[{"@type":"ReadAction","target":["https:\/\/buyadsaccounts.net\/gads\/buy-google-ads-crypto-accounts\/"]}]},{"@type":"ImageObject","inLanguage":"cs","@id":"https:\/\/buyadsaccounts.net\/gads\/buy-google-ads-crypto-accounts\/#primaryimage","url":"https:\/\/buyadsaccounts.net\/wp-content\/uploads\/2025\/12\/google-ads-crypto-accounts.png","contentUrl":"https:\/\/buyadsaccounts.net\/wp-content\/uploads\/2025\/12\/google-ads-crypto-accounts.png","width":88,"height":88,"caption":"google ads crypto accounts"},{"@type":"BreadcrumbList","@id":"https:\/\/buyadsaccounts.net\/gads\/buy-google-ads-crypto-accounts\/#breadcrumb","itemListElement":[{"@type":"ListItem","position":1,"name":"Home","item":"https:\/\/buyadsaccounts.net\/"},{"@type":"ListItem","position":2,"name":"Shop","item":"https:\/\/buyadsaccounts.net\/ar\/%d9%85%d8%aa%d8%ac%d8%b1\/"},{"@type":"ListItem","position":3,"name":"Buy Google Ads Crypto Accounts"}]},{"@type":"WebSite","@id":"https:\/\/buyadsaccounts.net\/#website","url":"https:\/\/buyadsaccounts.net\/","name":"BuyAdsAccounts","description":"","publisher":{"@id":"https:\/\/buyadsaccounts.net\/#organization"},"potentialAction":[{"@type":"SearchAction","target":{"@type":"EntryPoint","urlTemplate":"https:\/\/buyadsaccounts.net\/?s={search_term_string}"},"query-input":{"@type":"PropertyValueSpecification","valueRequired":true,"valueName":"search_term_string"}}],"inLanguage":"cs"},{"@type":"Organization","@id":"https:\/\/buyadsaccounts.net\/#organization","name":"Koupit \u00fa\u010dty Google Ads","url":"https:\/\/buyadsaccounts.net\/","logo":{"@type":"ImageObject","inLanguage":"cs","@id":"https:\/\/buyadsaccounts.net\/#\/schema\/logo\/image\/","url":"https:\/\/buyadsaccounts.net\/wp-content\/uploads\/2024\/12\/buyads-fav.jpg","contentUrl":"https:\/\/buyadsaccounts.net\/wp-content\/uploads\/2024\/12\/buyads-fav.jpg","width":512,"height":512,"caption":"Buy Google Ads Accounts"},"image":{"@id":"https:\/\/buyadsaccounts.net\/#\/schema\/logo\/image\/"}}]}},"wcpa_form_fields":{"wcpaData":{"product":{"product_price":0,"price_html":"<span class=\"woocommerce-Price-amount amount\"><bdi>0<span class=\"woocommerce-Price-currencySymbol\">&#36;<\/span><\/bdi><\/span>","original_product_price":0,"price_including_tax":0,"price_excluding_tax":0,"product_id":{"parent":9220,"variation":false},"is_variable":false,"stock_status":"instock","stock_quantity":null,"parent_sku":"","product_attributes":[],"custom_fields":[],"is_taxable":false,"product_name":"Buy Google Ads Crypto Accounts","hasImage":false},"fields":{"sec_16931c0b0ead66":{"extra":{"key":"sec_16931c0b0ead66","section_id":"sec_16931c0b0ead66","name":"Default","status":1,"cl_rule":"show","enableCl":false,"relations":[],"toggle":true,"title_tag":"h3","show_title":false,"showPrice":"default","form_id":9222,"form_rules":{"exclude_from_discount":false,"fee_label":"Fee","disp_hide_options_price":false,"disp_show_section_price":false,"disp_show_field_price":true,"layout_option":"standard","pric_use_as_fee":false,"process_fee_as":"woo_fee"},"layout_option":"standard"},"fields":[[{"type":"checkbox-group","required":true,"elementId":"checkbox-group_16931c0b0eada5","label":"Account Options","enablePrice":true,"priceOptions":"different_for_all","pricingType":"fixed","price":"100","name":"checkbox-group_16931c0b0eada5","min_options":"1","other_text":"Other","cl_rule":"show","col":6,"values":[{"label":"2024 Account","value":"usd-account-buy","price":"1400","pimage":"","pimage_id":"","pthumb":"","tempId":"aco_525","gt_translate_keys":["label"]},{"label":"2025 Account","value":"2022-acc","price":"1100","pimage":"","pimage_id":"","pthumb":"","tempId":"aco_526","gt_translate_keys":["label"]}],"relations":false,"active":true,"tooltip":"","layOut":"inline","isWeightTemplate":false,"error":false,"isTemplate":false,"checkUi":"","min_quantity":"1","quantity_decimal":false,"quantity_step":"1","quantity_label":"Quantity","repeater_field_label":"{field_label}","repeater_bind":"","gt_translate_keys":["label","tooltip","repeater_field_label","quantity_label"],"price_dependency":false,"cl_dependency":false,"value":""}],[{"type":"checkbox-group","elementId":"checkbox-group_46931c0b0eadc2","label":"Extra Services","enablePrice":true,"priceOptions":"different_for_all","pricingType":"fixed","price":"100","name":"checkbox-group_46931c0b0eadc2","min_options":"1","other_text":"Other","cl_rule":"show","col":6,"values":[{"label":"Ads Manager","value":"camp-mana","price":"200","pimage":"","pimage_id":"","pthumb":"","tempId":"aco_120","gt_translate_keys":["label"]},{"label":"Change Company Name","value":"changename","selected":false,"tempId":"aco_19","price":"500","gt_translate_keys":["label"]}],"relations":false,"active":true,"tooltip":"<a href=\"https:\/\/help.buyadsaccounts.net\/hc\/helpcenter\/articles\/1754560957-additional-options\" target=\"blank\">Read More<\/a>","layOut":"inline","isWeightTemplate":false,"error":false,"isTemplate":false,"checkUi":"","min_quantity":"1","quantity_decimal":false,"quantity_step":"1","quantity_label":"Quantity","repeater_field_label":"{field_label}","repeater_bind":"","gt_translate_keys":["label","tooltip","repeater_field_label","quantity_label"],"price_dependency":false,"cl_dependency":["checkbox-group_86931c0b0eadf2"],"value":""}],[{"type":"checkbox-group","required":true,"elementId":"checkbox-group_86931c0b0eadf2","label":"Ads Manager - How many ADS?","description":"Price per AD","enablePrice":true,"priceOptions":"different_for_all","pricingType":"fixed","price":"100","name":"checkbox-group_86931c0b0eadf2","min_options":"1","other_text":"Other","enableCl":true,"cl_rule":"show","cl_val":"camp-mana","col":6,"values":[{"label":"1 Ad","value":"1adurl","price":"0","pimage":"","pimage_id":"","pthumb":"","gt_translate_keys":["label"]},{"label":"2 Ads","value":"2ads","price":"350","pimage":"","pimage_id":"","pthumb":"","gt_translate_keys":["label"]},{"label":"3 Ads","value":"3ads","price":"500","pimage":"","pimage_id":"","pthumb":"","gt_translate_keys":["label"]},{"label":"5 Ads","value":"5ads","price":"800","pimage":"","pimage_id":"","pthumb":"","gt_translate_keys":["label"]},{"label":"10 Ads","value":"10ads","price":"1500","pimage":"","pimage_id":"","pthumb":"","gt_translate_keys":["label"]}],"relations":[{"operator":false,"rules":[{"operator":false,"rules":{"cl_field":"checkbox-group_46931c0b0eadc2","cl_relation":"is","cl_val":"camp-mana"}}]}],"active":true,"tooltip":"","layOut":"","isWeightTemplate":false,"error":false,"isTemplate":false,"checkUi":"","min_quantity":"1","quantity_decimal":false,"quantity_step":"1","quantity_label":"Quantity","repeater_field_label":"{field_label}","repeater_bind":"","gt_translate_keys":["label","description","tooltip","repeater_field_label","quantity_label"],"price_dependency":false,"cl_dependency":false,"value":""}],[{"type":"number","required":false,"elementId":"number_46931c0b0eae05","label":"Add Funds to the account","description":"5% fee","enablePrice":true,"pricingType":"multiply","price":"1","min":"25","max":"50000","name":"number_46931c0b0eae05","enableCl":false,"cl_rule":"show","cl_val":"add-credit-card","col":"5","relations":[{"operator":false,"rules":[{"operator":false,"rules":{"cl_field":"checkbox-group_46931c0b0eadc2","cl_relation":"is","cl_val":"add-credit-card"}}]}],"active":true,"tooltip":"","isWeightTemplate":false,"error":false,"isTemplate":false,"min_quantity":"1","quantity_decimal":false,"quantity_step":"1","quantity_label":"Quantity","repeater_field_label":"{field_label}","repeater_bind":"","desc_position":"default","gt_translate_keys":["label","description","tooltip","repeater_field_label","quantity_label"],"price_dependency":false,"cl_dependency":false,"value":""}]]}},"config":{"price_override":"","enable_recaptcha":false,"bind_quantity":false,"quantity_bind_formula":false,"disp_summ_show_option_price":false,"disp_summ_show_product_price":false,"disp_summ_show_total_price":true,"disp_summ_show_fee":false,"disp_summ_show_discount":false,"summary_title":"","options_total_label":"Options Price","total_label":"Total","options_product_label":"Product Price","fee_label":"Fee","discount_label":"Discount","has_price":true,"has_quantity_formula":false},"mc_unit":1,"tax_rate":1,"tax_rate_real":1,"discount":{"percentage":0,"fixed":0},"design":{"conf":{"LabelPosition":"above","DescPosition":"above","UploadField":"custom_1","QuantityFieldStyle":"default"},"css":{"LeftLabelWidth":"120px"}},"formulas":[],"lookuptables":[],"clones":false,"cartKey":false}},"_links":{"self":[{"href":"https:\/\/buyadsaccounts.net\/cs\/wp-json\/wp\/v2\/product\/9220","targetHints":{"allow":["GET"]}}],"collection":[{"href":"https:\/\/buyadsaccounts.net\/cs\/wp-json\/wp\/v2\/product"}],"about":[{"href":"https:\/\/buyadsaccounts.net\/cs\/wp-json\/wp\/v2\/types\/product"}],"version-history":[{"count":3,"href":"https:\/\/buyadsaccounts.net\/cs\/wp-json\/wp\/v2\/product\/9220\/revisions"}],"predecessor-version":[{"id":9537,"href":"https:\/\/buyadsaccounts.net\/cs\/wp-json\/wp\/v2\/product\/9220\/revisions\/9537"}],"wp:featuredmedia":[{"embeddable":true,"href":"https:\/\/buyadsaccounts.net\/cs\/wp-json\/wp\/v2\/media\/9221"}],"wp:attachment":[{"href":"https:\/\/buyadsaccounts.net\/cs\/wp-json\/wp\/v2\/media?parent=9220"}],"wp:term":[{"taxonomy":"product_brand","embeddable":true,"href":"https:\/\/buyadsaccounts.net\/cs\/wp-json\/wp\/v2\/product_brand?post=9220"},{"taxonomy":"product_cat","embeddable":true,"href":"https:\/\/buyadsaccounts.net\/cs\/wp-json\/wp\/v2\/product_cat?post=9220"},{"taxonomy":"product_tag","embeddable":true,"href":"https:\/\/buyadsaccounts.net\/cs\/wp-json\/wp\/v2\/product_tag?post=9220"}],"curies":[{"name":"wp","href":"https:\/\/api.w.org\/{rel}","templated":true}]}}