{"id":4939,"date":"2024-04-01T17:25:57","date_gmt":"2024-04-01T16:25:57","guid":{"rendered":"https:\/\/rentaccounts.net\/?post_type=product&#038;p=4939"},"modified":"2026-02-01T17:29:34","modified_gmt":"2026-02-01T17:29:34","slug":"koupit-ucty-vyvojaru-apple","status":"publish","type":"product","link":"https:\/\/buyadsaccounts.net\/cs\/gads\/koupit-ucty-vyvojaru-apple\/","title":{"rendered":"Koupit v\u00fdvoj\u00e1\u0159sk\u00e9 \u00fa\u010dty Apple"},"content":{"rendered":"<h2>Pro\u010d si koupit \u00fa\u010dty Apple Ov\u011b\u0159eno v\u00fdvoj\u00e1\u0159i?<\/h2>\n<p>\u00da\u010dty Apple Developer Verified jsou nezbytn\u00e9 pro jednotlivce i firmy, kte\u0159\u00ed cht\u011bj\u00ed vyv\u00edjet a distribuovat aplikace v Apple App Store. Tyto ov\u011b\u0159en\u00e9 \u00fa\u010dty nab\u00edzej\u00ed \u0159adu v\u00fdhod, kter\u00e9 mohou v\u00fdrazn\u011b zlep\u0161it proces v\u00fdvoje a distribuce aplikac\u00ed. Zde jsou n\u011bkter\u00e9 z hlavn\u00edch d\u016fvod\u016f, pro\u010d byste m\u011bli zv\u00e1\u017eit zakoupen\u00ed ov\u011b\u0159en\u00fdch \u00fa\u010dt\u016f Apple Developer Verified Accounts:<\/p>\n<h3>1. P\u0159\u00edstup k n\u00e1stroj\u016fm Apple Developer Tools<\/h3>\n<p>Zakoupen\u00edm \u00fa\u010dtu Apple Developer Verified Account z\u00edsk\u00e1te p\u0159\u00edstup k \u0161irok\u00e9 \u0161k\u00e1le v\u00fdvoj\u00e1\u0159sk\u00fdch n\u00e1stroj\u016f a zdroj\u016f poskytovan\u00fdch spole\u010dnost\u00ed Apple. Mezi tyto n\u00e1stroje pat\u0159\u00ed Xcode, v\u00fdkonn\u00e9 integrovan\u00e9 v\u00fdvojov\u00e9 prost\u0159ed\u00ed (IDE) pro vytv\u00e1\u0159en\u00ed aplikac\u00ed pro iOS, macOS, watchOS a tvOS. Pomoc\u00ed Xcode m\u016f\u017eete efektivn\u011b navrhovat, k\u00f3dovat a ladit aplikace, tak\u017ee proces v\u00fdvoje je plynulej\u0161\u00ed a efektivn\u011bj\u0161\u00ed.<\/p>\n<p>Krom\u011b Xcode poskytuj\u00ed \u00fa\u010dty Apple Developer Verified tak\u00e9 p\u0159\u00edstup k dal\u0161\u00edm cenn\u00fdm n\u00e1stroj\u016fm, jako je TestFlight, kter\u00fd umo\u017e\u0148uje distribuovat beta verze aplikace tester\u016fm pro \u00fa\u010dely zp\u011btn\u00e9 vazby a testov\u00e1n\u00ed. To pom\u00e1h\u00e1 zajistit, aby byla va\u0161e aplikace p\u0159ed ofici\u00e1ln\u00edm vyd\u00e1n\u00edm d\u016fkladn\u011b otestov\u00e1na, co\u017e vede k vy\u0161\u0161\u00ed kvalit\u011b v\u00fdsledn\u00e9ho produktu.<\/p>\n<h3>2. Distribuce v obchod\u011b App Store<\/h3>\n<p>Jednou z hlavn\u00edch v\u00fdhod \u00fa\u010dtu Apple Developer Verified je mo\u017enost distribuovat aplikace v obchod\u011b Apple App Store. App Store je celosv\u011btov\u00fd trh s miliony u\u017eivatel\u016f, kter\u00fd poskytuje obrovsk\u00e9 potenci\u00e1ln\u00ed publikum pro va\u0161e aplikace. Zve\u0159ejn\u011bn\u00edm sv\u00e9 aplikace v App Store m\u016f\u017eete oslovit \u0161irokou \u0161k\u00e1lu u\u017eivatel\u016f a potenci\u00e1ln\u011b z\u00edskat v\u00fdznamn\u00e9 p\u0159\u00edjmy.<\/p>\n<p>Podm\u00ednkou pro odes\u00edl\u00e1n\u00ed aplikac\u00ed do App Storu je m\u00edt \u00fa\u010det Apple Developer Verified Account. Bez ov\u011b\u0159en\u00e9ho \u00fa\u010dtu nem\u016f\u017eete aplikaci na t\u00e9to platform\u011b publikovat. Zakoupen\u00edm ov\u011b\u0159en\u00e9ho \u00fa\u010dtu m\u016f\u017eete tento po\u017eadavek obej\u00edt a okam\u017eit\u011b za\u010d\u00edt distribuovat svou aplikaci v App Store.<\/p>\n<h3>3. Zv\u00fd\u0161en\u00ed d\u016fv\u011bryhodnosti a d\u016fv\u011bryhodnosti<\/h3>\n<p>Kdy\u017e si koup\u00edte \u00fa\u010det Apple Developer Verified Account, z\u00edsk\u00e1te v o\u010d\u00edch u\u017eivatel\u016f okam\u017eitou d\u016fv\u011bryhodnost a d\u016fv\u011bru. Spole\u010dnost Apple m\u00e1 pro v\u00fdvoj aplikac\u00ed p\u0159\u00edsn\u00e9 sm\u011brnice a standardy a vlastnictv\u00ed ov\u011b\u0159en\u00e9ho \u00fa\u010dtu dokazuje, \u017ee jste tyto po\u017eadavky splnili. U\u017eivatel\u00e9 budou s v\u011bt\u0161\u00ed pravd\u011bpodobnost\u00ed stahovat a pou\u017e\u00edvat aplikace od v\u00fdvoj\u00e1\u0159\u016f s ov\u011b\u0159en\u00fdmi \u00fa\u010dty, proto\u017ee v\u011bd\u00ed, \u017ee tyto aplikace pro\u0161ly d\u016fkladn\u00fdm procesem kontroly a je m\u00e9n\u011b pravd\u011bpodobn\u00e9, \u017ee obsahuj\u00ed malware nebo jin\u00e1 bezpe\u010dnostn\u00ed rizika.<\/p>\n<p>Krom\u011b toho v\u00e1m \u00fa\u010det Apple Developer Verified Account umo\u017en\u00ed zobrazit v App Storu va\u0161e jm\u00e9no a logo v\u00fdvoj\u00e1\u0159e, \u010d\u00edm\u017e va\u0161e aplikace z\u00edsk\u00e1 profesion\u00e1ln\u00ed a d\u016fv\u011bryhodn\u00fd vzhled. To m\u016f\u017ee v\u00fdrazn\u011b zv\u00fd\u0161it viditelnost a \u00fasp\u011b\u0161nost va\u0161\u00ed aplikace, proto\u017ee u\u017eivatel\u00e9 budou s v\u011bt\u0161\u00ed pravd\u011bpodobnost\u00ed stahovat a pou\u017e\u00edvat aplikace, kter\u00e9 vypadaj\u00ed d\u016fv\u011bryhodn\u011b.<\/p>\n<h3>Z\u00e1v\u011br<\/h3>\n<p>Zakoupen\u00ed \u00fa\u010dtu Apple Developer Verified Account p\u0159in\u00e1\u0161\u00ed jednotlivc\u016fm i firm\u00e1m, kter\u00e9 cht\u011bj\u00ed vyv\u00edjet a distribuovat aplikace v obchod\u011b Apple App Store, \u0159adu v\u00fdhod. Ov\u011b\u0159en\u00fd \u00fa\u010det m\u016f\u017ee v\u00fdrazn\u011b zlep\u0161it proces v\u00fdvoje a distribuce aplikac\u00ed - od p\u0159\u00edstupu k cenn\u00fdm v\u00fdvoj\u00e1\u0159sk\u00fdm n\u00e1stroj\u016fm a\u017e po mo\u017enost publikovat aplikace v App Store a z\u00edskat d\u016fv\u011bryhodnost a d\u016fv\u011bru.<\/p>","protected":false},"excerpt":{"rendered":"<p>S na\u0161imi ov\u011b\u0159en\u00fdmi \u00fa\u010dty z\u00edsk\u00e1te okam\u017eit\u00fd p\u0159\u00edstup do v\u00fdvoj\u00e1\u0159sk\u00e9ho programu Apple Store. P\u0159esko\u010dte probl\u00e9my s vytv\u00e1\u0159en\u00edm nov\u00e9ho \u00fa\u010dtu a za\u010dn\u011bte okam\u017eit\u011b nahr\u00e1vat sv\u00e9 aplikace pro iOS do App Store. Zvy\u0161te hodnocen\u00ed sv\u00fdch aplikac\u00ed pro Android pomoc\u00ed na\u0161ich jedine\u010dn\u00fdch mo\u017enost\u00ed Instalace aplikac\u00ed a Recenze aplikac\u00ed.<\/p>","protected":false},"featured_media":4940,"template":"","meta":{"_acf_changed":false,"_glsr_average":5,"_glsr_ranking":4.6153846153846,"_glsr_reviews":29},"product_brand":[],"product_cat":[266],"product_tag":[271,273,272],"class_list":{"0":"post-4939","1":"product","2":"type-product","3":"status-publish","4":"has-post-thumbnail","6":"product_cat-apple-developer-account","7":"product_tag-apple-store-developer-accounts","8":"product_tag-buy-app-store-developer","9":"product_tag-buy-apple-developer-account","10":"wcpa_has_options","12":"first","13":"instock","14":"purchasable","15":"product-type-simple"},"acf":[],"yoast_head":"<!-- This site is optimized with the Yoast SEO Premium plugin v26.7 (Yoast SEO v27.4) - https:\/\/yoast.com\/product\/yoast-seo-premium-wordpress\/ -->\n<title>Buy Apple Developer Accounts - Publish Apps on Apple Store<\/title>\n<meta name=\"description\" content=\"Buy Apple Developer Accounts verified and ready to publish apps on App Store. Get Old Developer accounts and publish your iOS apps instantly.\" \/>\n<meta name=\"robots\" content=\"index, follow, max-snippet:-1, max-image-preview:large, max-video-preview:-1\" \/>\n<link rel=\"canonical\" href=\"https:\/\/buyadsaccounts.net\/cs\/gads\/koupit-ucty-vyvojaru-apple\/\" \/>\n<meta property=\"og:locale\" content=\"cs_CZ\" \/>\n<meta property=\"og:type\" content=\"article\" \/>\n<meta property=\"og:title\" content=\"Buy Apple Developer Accounts\" \/>\n<meta property=\"og:description\" content=\"Buy Apple Developer Accounts verified and ready to publish apps on App Store. Get Old Developer accounts and publish your iOS apps instantly.\" \/>\n<meta property=\"og:url\" content=\"https:\/\/buyadsaccounts.net\/cs\/gads\/koupit-ucty-vyvojaru-apple\/\" \/>\n<meta property=\"og:site_name\" content=\"BuyAdsAccounts\" \/>\n<meta property=\"article:modified_time\" content=\"2026-02-01T17:29:34+00:00\" \/>\n<meta property=\"og:image\" content=\"https:\/\/buyadsaccounts.net\/wp-content\/uploads\/2024\/04\/apple-developer-accounts.png\" \/>\n\t<meta property=\"og:image:width\" content=\"518\" \/>\n\t<meta property=\"og:image:height\" content=\"597\" \/>\n\t<meta property=\"og:image:type\" content=\"image\/png\" \/>\n<meta name=\"twitter:card\" content=\"summary_large_image\" \/>\n<meta name=\"twitter:label1\" content=\"Odhadovan\u00e1 doba \u010dten\u00ed\" \/>\n\t<meta name=\"twitter:data1\" content=\"3 minuty\" \/>\n<script type=\"application\/ld+json\" class=\"yoast-schema-graph\">{\"@context\":\"https:\\\/\\\/schema.org\",\"@graph\":[{\"@type\":\"WebPage\",\"@id\":\"https:\\\/\\\/buyadsaccounts.net\\\/gads\\\/buy-apple-developer-accounts\\\/\",\"url\":\"https:\\\/\\\/buyadsaccounts.net\\\/gads\\\/buy-apple-developer-accounts\\\/\",\"name\":\"Buy Apple Developer Accounts - Publish Apps on Apple Store\",\"isPartOf\":{\"@id\":\"https:\\\/\\\/buyadsaccounts.net\\\/#website\"},\"primaryImageOfPage\":{\"@id\":\"https:\\\/\\\/buyadsaccounts.net\\\/gads\\\/buy-apple-developer-accounts\\\/#primaryimage\"},\"image\":{\"@id\":\"https:\\\/\\\/buyadsaccounts.net\\\/gads\\\/buy-apple-developer-accounts\\\/#primaryimage\"},\"thumbnailUrl\":\"https:\\\/\\\/buyadsaccounts.net\\\/wp-content\\\/uploads\\\/2024\\\/04\\\/apple-developer-accounts.png\",\"datePublished\":\"2024-04-01T16:25:57+00:00\",\"dateModified\":\"2026-02-01T17:29:34+00:00\",\"description\":\"Buy Apple Developer Accounts verified and ready to publish apps on App Store. Get Old Developer accounts and publish your iOS apps instantly.\",\"breadcrumb\":{\"@id\":\"https:\\\/\\\/buyadsaccounts.net\\\/gads\\\/buy-apple-developer-accounts\\\/#breadcrumb\"},\"inLanguage\":\"cs\",\"potentialAction\":[{\"@type\":\"ReadAction\",\"target\":[\"https:\\\/\\\/buyadsaccounts.net\\\/gads\\\/buy-apple-developer-accounts\\\/\"]}]},{\"@type\":\"ImageObject\",\"inLanguage\":\"cs\",\"@id\":\"https:\\\/\\\/buyadsaccounts.net\\\/gads\\\/buy-apple-developer-accounts\\\/#primaryimage\",\"url\":\"https:\\\/\\\/buyadsaccounts.net\\\/wp-content\\\/uploads\\\/2024\\\/04\\\/apple-developer-accounts.png\",\"contentUrl\":\"https:\\\/\\\/buyadsaccounts.net\\\/wp-content\\\/uploads\\\/2024\\\/04\\\/apple-developer-accounts.png\",\"width\":518,\"height\":597},{\"@type\":\"BreadcrumbList\",\"@id\":\"https:\\\/\\\/buyadsaccounts.net\\\/gads\\\/buy-apple-developer-accounts\\\/#breadcrumb\",\"itemListElement\":[{\"@type\":\"ListItem\",\"position\":1,\"name\":\"Home\",\"item\":\"https:\\\/\\\/buyadsaccounts.net\\\/\"},{\"@type\":\"ListItem\",\"position\":2,\"name\":\"Shop\",\"item\":\"https:\\\/\\\/buyadsaccounts.net\\\/ar\\\/%d9%85%d8%aa%d8%ac%d8%b1\\\/\"},{\"@type\":\"ListItem\",\"position\":3,\"name\":\"Buy Apple Developer Accounts\"}]},{\"@type\":\"WebSite\",\"@id\":\"https:\\\/\\\/buyadsaccounts.net\\\/#website\",\"url\":\"https:\\\/\\\/buyadsaccounts.net\\\/\",\"name\":\"BuyAdsAccounts\",\"description\":\"\",\"publisher\":{\"@id\":\"https:\\\/\\\/buyadsaccounts.net\\\/#organization\"},\"potentialAction\":[{\"@type\":\"SearchAction\",\"target\":{\"@type\":\"EntryPoint\",\"urlTemplate\":\"https:\\\/\\\/buyadsaccounts.net\\\/?s={search_term_string}\"},\"query-input\":{\"@type\":\"PropertyValueSpecification\",\"valueRequired\":true,\"valueName\":\"search_term_string\"}}],\"inLanguage\":\"cs\"},{\"@type\":\"Organization\",\"@id\":\"https:\\\/\\\/buyadsaccounts.net\\\/#organization\",\"name\":\"Buy Google Ads Accounts\",\"url\":\"https:\\\/\\\/buyadsaccounts.net\\\/\",\"logo\":{\"@type\":\"ImageObject\",\"inLanguage\":\"cs\",\"@id\":\"https:\\\/\\\/buyadsaccounts.net\\\/#\\\/schema\\\/logo\\\/image\\\/\",\"url\":\"https:\\\/\\\/buyadsaccounts.net\\\/wp-content\\\/uploads\\\/2024\\\/12\\\/buyads-fav.jpg\",\"contentUrl\":\"https:\\\/\\\/buyadsaccounts.net\\\/wp-content\\\/uploads\\\/2024\\\/12\\\/buyads-fav.jpg\",\"width\":512,\"height\":512,\"caption\":\"Buy Google Ads Accounts\"},\"image\":{\"@id\":\"https:\\\/\\\/buyadsaccounts.net\\\/#\\\/schema\\\/logo\\\/image\\\/\"}}]}<\/script>\n<!-- \/ Yoast SEO Premium plugin. -->","yoast_head_json":{"title":"Koupit \u00fa\u010dty Apple Developer - Publikov\u00e1n\u00ed aplikac\u00ed v Apple Storu","description":"Koupit ov\u011b\u0159en\u00e9 \u00fa\u010dty Apple Developer Accounts p\u0159ipraven\u00e9 k publikov\u00e1n\u00ed aplikac\u00ed v App Store. Z\u00edskejte star\u00e9 v\u00fdvoj\u00e1\u0159sk\u00e9 \u00fa\u010dty a okam\u017eit\u011b publikujte sv\u00e9 aplikace pro iOS.","robots":{"index":"index","follow":"follow","max-snippet":"max-snippet:-1","max-image-preview":"max-image-preview:large","max-video-preview":"max-video-preview:-1"},"canonical":"https:\/\/buyadsaccounts.net\/cs\/gads\/koupit-ucty-vyvojaru-apple\/","og_locale":"cs_CZ","og_type":"article","og_title":"Buy Apple Developer Accounts","og_description":"Buy Apple Developer Accounts verified and ready to publish apps on App Store. Get Old Developer accounts and publish your iOS apps instantly.","og_url":"https:\/\/buyadsaccounts.net\/cs\/gads\/koupit-ucty-vyvojaru-apple\/","og_site_name":"BuyAdsAccounts","article_modified_time":"2026-02-01T17:29:34+00:00","og_image":[{"width":518,"height":597,"url":"https:\/\/buyadsaccounts.net\/wp-content\/uploads\/2024\/04\/apple-developer-accounts.png","type":"image\/png"}],"twitter_card":"summary_large_image","twitter_misc":{"Odhadovan\u00e1 doba \u010dten\u00ed":"3 minuty"},"schema":{"@context":"https:\/\/schema.org","@graph":[{"@type":"WebPage","@id":"https:\/\/buyadsaccounts.net\/gads\/buy-apple-developer-accounts\/","url":"https:\/\/buyadsaccounts.net\/gads\/buy-apple-developer-accounts\/","name":"Koupit \u00fa\u010dty Apple Developer - Publikov\u00e1n\u00ed aplikac\u00ed v Apple Storu","isPartOf":{"@id":"https:\/\/buyadsaccounts.net\/#website"},"primaryImageOfPage":{"@id":"https:\/\/buyadsaccounts.net\/gads\/buy-apple-developer-accounts\/#primaryimage"},"image":{"@id":"https:\/\/buyadsaccounts.net\/gads\/buy-apple-developer-accounts\/#primaryimage"},"thumbnailUrl":"https:\/\/buyadsaccounts.net\/wp-content\/uploads\/2024\/04\/apple-developer-accounts.png","datePublished":"2024-04-01T16:25:57+00:00","dateModified":"2026-02-01T17:29:34+00:00","description":"Koupit ov\u011b\u0159en\u00e9 \u00fa\u010dty Apple Developer Accounts p\u0159ipraven\u00e9 k publikov\u00e1n\u00ed aplikac\u00ed v App Store. Z\u00edskejte star\u00e9 v\u00fdvoj\u00e1\u0159sk\u00e9 \u00fa\u010dty a okam\u017eit\u011b publikujte sv\u00e9 aplikace pro iOS.","breadcrumb":{"@id":"https:\/\/buyadsaccounts.net\/gads\/buy-apple-developer-accounts\/#breadcrumb"},"inLanguage":"cs","potentialAction":[{"@type":"ReadAction","target":["https:\/\/buyadsaccounts.net\/gads\/buy-apple-developer-accounts\/"]}]},{"@type":"ImageObject","inLanguage":"cs","@id":"https:\/\/buyadsaccounts.net\/gads\/buy-apple-developer-accounts\/#primaryimage","url":"https:\/\/buyadsaccounts.net\/wp-content\/uploads\/2024\/04\/apple-developer-accounts.png","contentUrl":"https:\/\/buyadsaccounts.net\/wp-content\/uploads\/2024\/04\/apple-developer-accounts.png","width":518,"height":597},{"@type":"BreadcrumbList","@id":"https:\/\/buyadsaccounts.net\/gads\/buy-apple-developer-accounts\/#breadcrumb","itemListElement":[{"@type":"ListItem","position":1,"name":"Home","item":"https:\/\/buyadsaccounts.net\/"},{"@type":"ListItem","position":2,"name":"Shop","item":"https:\/\/buyadsaccounts.net\/ar\/%d9%85%d8%aa%d8%ac%d8%b1\/"},{"@type":"ListItem","position":3,"name":"Buy Apple Developer Accounts"}]},{"@type":"WebSite","@id":"https:\/\/buyadsaccounts.net\/#website","url":"https:\/\/buyadsaccounts.net\/","name":"BuyAdsAccounts","description":"","publisher":{"@id":"https:\/\/buyadsaccounts.net\/#organization"},"potentialAction":[{"@type":"SearchAction","target":{"@type":"EntryPoint","urlTemplate":"https:\/\/buyadsaccounts.net\/?s={search_term_string}"},"query-input":{"@type":"PropertyValueSpecification","valueRequired":true,"valueName":"search_term_string"}}],"inLanguage":"cs"},{"@type":"Organization","@id":"https:\/\/buyadsaccounts.net\/#organization","name":"Koupit \u00fa\u010dty Google Ads","url":"https:\/\/buyadsaccounts.net\/","logo":{"@type":"ImageObject","inLanguage":"cs","@id":"https:\/\/buyadsaccounts.net\/#\/schema\/logo\/image\/","url":"https:\/\/buyadsaccounts.net\/wp-content\/uploads\/2024\/12\/buyads-fav.jpg","contentUrl":"https:\/\/buyadsaccounts.net\/wp-content\/uploads\/2024\/12\/buyads-fav.jpg","width":512,"height":512,"caption":"Buy Google Ads Accounts"},"image":{"@id":"https:\/\/buyadsaccounts.net\/#\/schema\/logo\/image\/"}}]}},"wcpa_form_fields":{"wcpaData":{"product":{"product_price":0,"price_html":"<span class=\"woocommerce-Price-amount amount\"><bdi>0<span class=\"woocommerce-Price-currencySymbol\">&#36;<\/span><\/bdi><\/span>","original_product_price":0,"price_including_tax":0,"price_excluding_tax":0,"product_id":{"parent":4939,"variation":false},"is_variable":false,"stock_status":"instock","stock_quantity":null,"parent_sku":"","product_attributes":[],"custom_fields":[],"is_taxable":false,"product_name":"Buy Apple Developer Accounts","hasImage":false},"fields":{"sec_4695e9740c4fc7":{"extra":{"key":"sec_4695e9740c4fc7","section_id":"sec_4695e9740c4fc7","name":"Default","status":1,"cl_rule":"show","enableCl":false,"relations":[],"toggle":true,"title_tag":"h3","show_title":false,"showPrice":"default","form_id":4941,"form_rules":{"exclude_from_discount":false,"fee_label":"Fee","disp_hide_options_price":false,"disp_show_section_price":false,"disp_show_field_price":true,"layout_option":"standard","pric_use_as_fee":false,"process_fee_as":"woo_fee"},"layout_option":"standard"},"fields":[[{"type":"checkbox-group","required":true,"elementId":"wcpa-checkbox-group-660ae21e5b174","label":"Account Options","enablePrice":true,"priceOptions":"different_for_all","pricingType":"fixed","price":"100","name":"checkbox-group-660ae21e5b17c","min_options":"1","other_text":"Other","cl_rule":"show","col":6,"values":[{"label":"2023 Personal Account","value":"old202","price":"300","pimage":"","pimage_id":"","pthumb":"","tempId":"aco_1045","gt_translate_keys":["label"]},{"label":"2022 Organization Account","value":"org2022","price":"600","pimage":"","pimage_id":"","pthumb":"","tempId":"aco_1046","gt_translate_keys":["label"]},{"label":"2023 Organization Account","value":"mfk2023","price":"450","pimage":"","pimage_id":"","pthumb":"","tempId":"aco_1047","gt_translate_keys":["label"]}],"relations":false,"active":true,"tooltip":"","layOut":"","isWeightTemplate":false,"error":false,"isTemplate":false,"checkUi":"","min_quantity":"1","quantity_decimal":false,"quantity_step":"1","quantity_label":"Quantity","repeater_field_label":"{field_label}","repeater_bind":"","gt_translate_keys":["label","tooltip","repeater_field_label","quantity_label"],"price_dependency":false,"cl_dependency":false,"value":""}],[{"type":"checkbox-group","elementId":"wcpa-checkbox-group-660ae21e5b181","label":"Extra Services","enablePrice":true,"priceOptions":"different_for_all","pricingType":"fixed","price":"100","name":"checkbox-group-660ae21e5b185","min_options":"1","other_text":"Other","cl_rule":"show","col":6,"values":[{"label":"Keyword App Installs","value":"appinsla","price":"0","pimage":"","pimage_id":"","pthumb":"","tempId":"aco_4569","gt_translate_keys":["label"]},{"label":"App Reviews + Rating","value":"apprev","price":"0","pimage":"","pimage_id":"","pthumb":"","tempId":"aco_4570","gt_translate_keys":["label"]},{"label":"Publish my App","value":"pub20","price":"100","pimage":"","pimage_id":"","pthumb":"","tempId":"aco_4571","gt_translate_keys":["label"]},{"label":"Premium Proxy","value":"prmprox","selected":false,"tempId":"aco_4581","price":"20","gt_translate_keys":["label"]},{"label":"Premium Warranty","value":"premwar","selected":false,"tempId":"aco_1761","price":"1500","gt_translate_keys":["label"]}],"relations":false,"active":true,"tooltip":"<a href=\"https:\/\/help.buyadsaccounts.net\/hc\/helpcenter\/articles\/1754560957-additional-options\" target=\"blank\">Read More<\/a>","layOut":"","isWeightTemplate":false,"error":false,"isTemplate":false,"checkUi":"","min_quantity":"1","quantity_decimal":false,"quantity_step":"1","quantity_label":"Quantity","repeater_field_label":"{field_label}","repeater_bind":"","gt_translate_keys":["label","tooltip","repeater_field_label","quantity_label"],"price_dependency":false,"cl_dependency":["wcpa-checkbox-group-660ae21e5b189","wcpa-checkbox-group-660ae21e5b191"],"value":""}],[{"type":"checkbox-group","required":true,"elementId":"wcpa-checkbox-group-660ae21e5b189","label":"How many Installs?","enablePrice":true,"priceOptions":"different_for_all","pricingType":"fixed","price":"100","name":"checkbox-group-660ae21e5b18d","min_options":"1","other_text":"Other","enableCl":true,"cl_rule":"show","cl_val":"appinsla","col":6,"values":[{"label":"1000 App Installs","value":"500ins","price":"300","pimage":"","pimage_id":"","pthumb":"","gt_translate_keys":["label"]},{"label":"5000 App Installs","value":"500app","price":"1400","pimage":"","pimage_id":"","pthumb":"","gt_translate_keys":["label"]},{"label":"10.000 App Installs","value":"10kapp","price":"2700","pimage":"","pimage_id":"","pthumb":"","gt_translate_keys":["label"]}],"relations":[{"operator":false,"rules":[{"operator":false,"rules":{"cl_field":"wcpa-checkbox-group-660ae21e5b181","cl_relation":"is","cl_val":"appinsla"}}]}],"active":true,"tooltip":"","layOut":"","gt_translate_keys":["label","tooltip"],"price_dependency":false,"cl_dependency":false,"value":""}],[{"type":"checkbox-group","required":true,"elementId":"wcpa-checkbox-group-660ae21e5b191","label":"How many Reviews?","enablePrice":true,"priceOptions":"different_for_all","pricingType":"fixed","price":"100","name":"checkbox-group-660ae21e5b195","min_options":"1","other_text":"Other","enableCl":true,"cl_rule":"show","cl_val":"apprev","col":6,"values":[{"label":"500 Reviews + Ratings Random","value":"500rev","price":"250","pimage":"","pimage_id":"","pthumb":"","gt_translate_keys":["label"]},{"label":"1000 Reviews + Ratings Random","value":"100revw","price":"500","pimage":"","pimage_id":"","pthumb":"","gt_translate_keys":["label"]},{"label":"5000 Reviews + Ratings Random","value":"r00anr","price":"2000","pimage":"","pimage_id":"","pthumb":"","gt_translate_keys":["label"]},{"label":"500 Reviews + Ratings Custom","value":"500ccus","price":"350","pimage":"","pimage_id":"","pthumb":"","gt_translate_keys":["label"]},{"label":"1000 Reviews + Ratings Custom","value":"100cus","price":"600","pimage":"","pimage_id":"","pthumb":"","gt_translate_keys":["label"]},{"label":"5000 Reviews + Ratings Custom","value":"500cus","price":"2500","pimage":"","pimage_id":"","pthumb":"","gt_translate_keys":["label"]}],"relations":[{"operator":false,"rules":[{"operator":false,"rules":{"cl_field":"wcpa-checkbox-group-660ae21e5b181","cl_relation":"is","cl_val":"apprev"}}]}],"active":true,"tooltip":"","layOut":"","error":false,"gt_translate_keys":["label","tooltip"],"price_dependency":false,"cl_dependency":false,"value":""}]]}},"config":{"price_override":"","enable_recaptcha":false,"bind_quantity":false,"quantity_bind_formula":false,"disp_summ_show_option_price":false,"disp_summ_show_product_price":false,"disp_summ_show_total_price":true,"disp_summ_show_fee":false,"disp_summ_show_discount":false,"summary_title":"","options_total_label":"Options Price","total_label":"Total","options_product_label":"Product Price","fee_label":"Fee","discount_label":"Discount","has_price":true,"has_quantity_formula":false},"mc_unit":1,"tax_rate":1,"tax_rate_real":1,"discount":{"percentage":0,"fixed":0},"design":{"conf":{"LabelPosition":"above","DescPosition":"above","UploadField":"custom_1","QuantityFieldStyle":"default"},"css":{"LeftLabelWidth":"120px"}},"formulas":[],"lookuptables":[],"clones":false,"cartKey":false}},"_links":{"self":[{"href":"https:\/\/buyadsaccounts.net\/cs\/wp-json\/wp\/v2\/product\/4939","targetHints":{"allow":["GET"]}}],"collection":[{"href":"https:\/\/buyadsaccounts.net\/cs\/wp-json\/wp\/v2\/product"}],"about":[{"href":"https:\/\/buyadsaccounts.net\/cs\/wp-json\/wp\/v2\/types\/product"}],"version-history":[{"count":1,"href":"https:\/\/buyadsaccounts.net\/cs\/wp-json\/wp\/v2\/product\/4939\/revisions"}],"predecessor-version":[{"id":9547,"href":"https:\/\/buyadsaccounts.net\/cs\/wp-json\/wp\/v2\/product\/4939\/revisions\/9547"}],"wp:featuredmedia":[{"embeddable":true,"href":"https:\/\/buyadsaccounts.net\/cs\/wp-json\/wp\/v2\/media\/4940"}],"wp:attachment":[{"href":"https:\/\/buyadsaccounts.net\/cs\/wp-json\/wp\/v2\/media?parent=4939"}],"wp:term":[{"taxonomy":"product_brand","embeddable":true,"href":"https:\/\/buyadsaccounts.net\/cs\/wp-json\/wp\/v2\/product_brand?post=4939"},{"taxonomy":"product_cat","embeddable":true,"href":"https:\/\/buyadsaccounts.net\/cs\/wp-json\/wp\/v2\/product_cat?post=4939"},{"taxonomy":"product_tag","embeddable":true,"href":"https:\/\/buyadsaccounts.net\/cs\/wp-json\/wp\/v2\/product_tag?post=4939"}],"curies":[{"name":"wp","href":"https:\/\/api.w.org\/{rel}","templated":true}]}}