{"id":4935,"date":"2024-04-01T16:07:14","date_gmt":"2024-04-01T15:07:14","guid":{"rendered":"https:\/\/rentaccounts.net\/?post_type=product&#038;p=4935"},"modified":"2026-02-01T17:23:33","modified_gmt":"2026-02-01T17:23:33","slug":"koupit-ucty-google-play-pro-vyvojare","status":"publish","type":"product","link":"https:\/\/buyadsaccounts.net\/cs\/gads\/koupit-ucty-google-play-pro-vyvojare\/","title":{"rendered":"Koupit v\u00fdvoj\u00e1\u0159sk\u00e9 \u00fa\u010dty Google Play"},"content":{"rendered":"<h2>Pro\u010d si koupit v\u00fdvoj\u00e1\u0159sk\u00e9 \u00fa\u010dty Google Play?<\/h2>\n<p>Google Play je nejv\u011bt\u0161\u00ed obchod s aplikacemi pro za\u0159\u00edzen\u00ed se syst\u00e9mem Android s miliony u\u017eivatel\u016f po cel\u00e9m sv\u011bt\u011b. Pro v\u00fdvoj\u00e1\u0159e aplikac\u00ed je \u00fa\u010det Google Play pro v\u00fdvoj\u00e1\u0159e kl\u00ed\u010dov\u00fd pro osloven\u00ed \u0161irok\u00e9ho publika a zpen\u011b\u017een\u00ed va\u0161ich aplikac\u00ed. Z\u00edsk\u00e1n\u00ed v\u00fdvoj\u00e1\u0159sk\u00e9ho \u00fa\u010dtu Google Play v\u0161ak m\u016f\u017ee b\u00fdt n\u00e1ro\u010dn\u00fd proces, zejm\u00e9na pro jednotlivce nebo podniky, kter\u00e9 nespl\u0148uj\u00ed krit\u00e9ria zp\u016fsobilosti stanoven\u00e1 spole\u010dnost\u00ed Google.<\/p>\n<h3>1. P\u0159\u00edstup ke glob\u00e1ln\u00edmu publiku<\/h3>\n<p>Zakoupen\u00edm v\u00fdvoj\u00e1\u0159sk\u00e9ho \u00fa\u010dtu Google Play z\u00edsk\u00e1te p\u0159\u00edstup k celosv\u011btov\u00e9mu publiku u\u017eivatel\u016f syst\u00e9mu Android. S v\u00edce ne\u017e 2 miliardami aktivn\u00edch za\u0159\u00edzen\u00ed se syst\u00e9mem Android po cel\u00e9m sv\u011bt\u011b je potenci\u00e1l oslovit obrovsk\u00e9 mno\u017estv\u00ed u\u017eivatel\u016f obrovsk\u00fd. D\u00edky tomu m\u016f\u017eete roz\u0161\u00ed\u0159it dosah sv\u00e9 aplikace a zv\u00fd\u0161it sv\u00e9 \u0161ance na \u00fasp\u011bch na vysoce konkuren\u010dn\u00edm trhu s aplikacemi.<\/p>\n<h3>2. Mo\u017enosti zpen\u011b\u017een\u00ed<\/h3>\n<p>V\u00fdvoj\u00e1\u0159sk\u00fd \u00fa\u010det Google Play umo\u017e\u0148uje zpen\u011b\u017eit aplikace r\u016fzn\u00fdmi zp\u016fsoby, nap\u0159\u00edklad n\u00e1kupy v aplikaci, p\u0159edplatn\u00fdm a reklamou. Zakoupen\u00edm p\u0159edem vytvo\u0159en\u00e9ho \u00fa\u010dtu m\u016f\u017eete za\u010d\u00edt zpen\u011b\u017eovat sv\u00e9 aplikace okam\u017eit\u011b, ani\u017e byste museli \u010dekat na zdlouhav\u00fd schvalovac\u00ed proces, se kter\u00fdm se nov\u00ed v\u00fdvoj\u00e1\u0159i \u010dasto pot\u00fdkaj\u00ed.<\/p>\n<p>Krom\u011b toho mohou m\u00edt zaveden\u00e9 \u00fa\u010dty s dobrou histori\u00ed v\u011bt\u0161\u00ed viditelnost a d\u016fv\u011bru mezi u\u017eivateli, co\u017e vede k v\u011bt\u0161\u00edmu po\u010dtu sta\u017een\u00ed a potenci\u00e1lu p\u0159\u00edjm\u016f.<\/p>\n<h3>3. Po\u017eadavky na zp\u016fsobilost pro obch\u00e1zen\u00ed<\/h3>\n<p>Z\u00edsk\u00e1n\u00ed v\u00fdvoj\u00e1\u0159sk\u00e9ho \u00fa\u010dtu Google Play vy\u017eaduje spln\u011bn\u00ed ur\u010dit\u00fdch po\u017eadavk\u016f na zp\u016fsobilost, jako je registrovan\u00fd podnikatelsk\u00fd subjekt nebo platn\u00e1 platebn\u00ed metoda. Tato krit\u00e9ria v\u0161ak nemus\u00ed spl\u0148ovat ka\u017ed\u00fd, zejm\u00e9na jednotliv\u00ed v\u00fdvoj\u00e1\u0159i nebo mal\u00e9 podniky, kter\u00e9 teprve za\u010d\u00ednaj\u00ed.<\/p>\n<p>Zakoupen\u00edm v\u00fdvoj\u00e1\u0159sk\u00e9ho \u00fa\u010dtu Google Play m\u016f\u017eete tyto po\u017eadavky na zp\u016fsobilost obej\u00edt a okam\u017eit\u011b za\u010d\u00edt publikovat sv\u00e9 aplikace na platform\u011b. To v\u00e1m m\u016f\u017ee u\u0161et\u0159it \u010das a \u00fasil\u00ed, tak\u017ee se m\u016f\u017eete soust\u0159edit na v\u00fdvoj a propagaci sv\u00fdch aplikac\u00ed.<\/p>\n<h3>4. Reputace \u00fa\u010dtu a d\u016fv\u011bra<\/h3>\n<p>Vytvo\u0159en\u00ed d\u016fv\u011bryhodn\u00e9ho a seri\u00f3zn\u00edho \u00fa\u010dtu v Google Play m\u016f\u017ee b\u00fdt n\u00e1ro\u010dn\u00fd \u00fakol, zejm\u00e9na pro nov\u00e9 v\u00fdvoj\u00e1\u0159e. Vybudov\u00e1n\u00ed pozitivn\u00ed reputace vy\u017eaduje \u010das a konzistentn\u00ed kvalitu aplikac\u00ed, pozitivn\u00ed u\u017eivatelsk\u00e9 recenze a dodr\u017eov\u00e1n\u00ed z\u00e1sad a pokyn\u016f spole\u010dnosti Google.<\/p>\n<p>Zakoupen\u00edm zaveden\u00e9ho v\u00fdvoj\u00e1\u0159sk\u00e9ho \u00fa\u010dtu Google Play zd\u011bd\u00edte jeho pov\u011bst a d\u016fv\u011bryhodnost. Va\u0161e aplikace tak mohou z\u00edskat n\u00e1skok, pokud jde o viditelnost a d\u016fv\u011bru u\u017eivatel\u016f, co\u017e zv\u00fd\u0161\u00ed pravd\u011bpodobnost sta\u017een\u00ed a pozitivn\u00edch recenz\u00ed.<\/p>\n<h3>5. \u00daspora \u010dasu a \u00fasil\u00ed<\/h3>\n<p>Vytvo\u0159en\u00ed a nastaven\u00ed nov\u00e9ho v\u00fdvoj\u00e1\u0159sk\u00e9ho \u00fa\u010dtu Google Play m\u016f\u017ee b\u00fdt \u010dasov\u011b n\u00e1ro\u010dn\u00e9 a slo\u017eit\u00e9. Zahrnuje poskytnut\u00ed podrobn\u00fdch informac\u00ed, ov\u011b\u0159en\u00ed va\u0161\u00ed toto\u017enosti a \u010dek\u00e1n\u00ed na schv\u00e1len\u00ed ze strany spole\u010dnosti Google. Tento proces m\u016f\u017ee trvat n\u011bkolik dn\u00ed nebo dokonce t\u00fddn\u016f.<\/p>\n<p>Zakoupen\u00edm hotov\u00e9ho \u00fa\u010dtu u\u0161et\u0159\u00edte drahocenn\u00fd \u010das a \u00fasil\u00ed. M\u016f\u017eete za\u010d\u00edt okam\u017eit\u011b publikovat sv\u00e9 aplikace a soust\u0159edit se na dal\u0161\u00ed aspekty v\u00fdvoje aplikac\u00ed, jako je marketing a zapojen\u00ed u\u017eivatel\u016f.<\/p>\n<h3>Z\u00e1v\u011br<\/h3>\n<p>P\u0159esto\u017ee je n\u00e1kup v\u00fdvoj\u00e1\u0159sk\u00fdch \u00fa\u010dt\u016f Google Play spojen s ur\u010dit\u00fdmi riziky a obavami, m\u016f\u017ee b\u00fdt pro jednotlivce nebo firmy, kter\u00e9 cht\u011bj\u00ed urychlit proces publikov\u00e1n\u00ed aplikac\u00ed, vhodnou volbou. Zakoupen\u00edm zaveden\u00e9ho \u00fa\u010dtu z\u00edsk\u00e1te p\u0159\u00edstup ke glob\u00e1ln\u00edmu publiku, mo\u017enosti monetizace, obejdete po\u017eadavky na zp\u016fsobilost, zd\u011bd\u00edte reputaci a d\u016fv\u011bru \u00fa\u010dtu a u\u0161et\u0159\u00edte \u010das a \u00fasil\u00ed.<\/p>\n<p>&nbsp;<\/p>","protected":false},"excerpt":{"rendered":"<p>Okam\u017eit\u00fd p\u0159\u00edstup do Konzoly pro v\u00fdvoj\u00e1\u0159e Google Play pomoc\u00ed na\u0161ich ov\u011b\u0159en\u00fdch \u00fa\u010dt\u016f. P\u0159esko\u010dte probl\u00e9my s vytv\u00e1\u0159en\u00edm nov\u00e9ho \u00fa\u010dtu a za\u010dn\u011bte okam\u017eit\u011b nahr\u00e1vat sv\u00e9 aplikace pro Android na Google Play. Zvy\u0161te hodnocen\u00ed sv\u00fdch aplikac\u00ed pro Android pomoc\u00ed na\u0161ich jedine\u010dn\u00fdch mo\u017enost\u00ed Instalace aplikac\u00ed a Recenze aplikac\u00ed.<\/p>","protected":false},"featured_media":4936,"template":"","meta":{"_acf_changed":false,"_glsr_average":5,"_glsr_ranking":4.7457627118644,"_glsr_reviews":49},"product_brand":[],"product_cat":[265],"product_tag":[269,270],"class_list":{"0":"post-4935","1":"product","2":"type-product","3":"status-publish","4":"has-post-thumbnail","6":"product_cat-google-play-developer","7":"product_tag-buy-google-play-developer-account","8":"product_tag-verified-play-console","9":"wcpa_has_options","11":"first","12":"instock","13":"purchasable","14":"product-type-simple"},"acf":[],"yoast_head":"<!-- This site is optimized with the Yoast SEO Premium plugin v26.7 (Yoast SEO v27.4) - https:\/\/yoast.com\/product\/yoast-seo-premium-wordpress\/ -->\n<title>Buy Google Play Developer Accounts - Publish Apps on Google Play<\/title>\n<meta name=\"description\" content=\"Buy Google Play Developer Accounts verified and ready to publish apps on Google Play. Get Old Developer accounts and publish your android apps instantly.\" \/>\n<meta name=\"robots\" content=\"index, follow, max-snippet:-1, max-image-preview:large, max-video-preview:-1\" \/>\n<link rel=\"canonical\" href=\"https:\/\/buyadsaccounts.net\/cs\/gads\/koupit-ucty-google-play-pro-vyvojare\/\" \/>\n<meta property=\"og:locale\" content=\"cs_CZ\" \/>\n<meta property=\"og:type\" content=\"article\" \/>\n<meta property=\"og:title\" content=\"Buy Google Play Developer Accounts\" \/>\n<meta property=\"og:description\" content=\"Buy Google Play Developer Accounts verified and ready to publish apps on Google Play. Get Old Developer accounts and publish your android apps instantly.\" \/>\n<meta property=\"og:url\" content=\"https:\/\/buyadsaccounts.net\/cs\/gads\/koupit-ucty-google-play-pro-vyvojare\/\" \/>\n<meta property=\"og:site_name\" content=\"BuyAdsAccounts\" \/>\n<meta property=\"article:modified_time\" content=\"2026-02-01T17:23:33+00:00\" \/>\n<meta property=\"og:image\" content=\"https:\/\/buyadsaccounts.net\/wp-content\/uploads\/2024\/04\/google-play-developer-accounts.png\" \/>\n\t<meta property=\"og:image:width\" content=\"271\" \/>\n\t<meta property=\"og:image:height\" content=\"300\" \/>\n\t<meta property=\"og:image:type\" content=\"image\/png\" \/>\n<meta name=\"twitter:card\" content=\"summary_large_image\" \/>\n<meta name=\"twitter:label1\" content=\"Odhadovan\u00e1 doba \u010dten\u00ed\" \/>\n\t<meta name=\"twitter:data1\" content=\"3 minuty\" \/>\n<script type=\"application\/ld+json\" class=\"yoast-schema-graph\">{\"@context\":\"https:\\\/\\\/schema.org\",\"@graph\":[{\"@type\":\"WebPage\",\"@id\":\"https:\\\/\\\/buyadsaccounts.net\\\/gads\\\/buy-google-play-developer-accounts\\\/\",\"url\":\"https:\\\/\\\/buyadsaccounts.net\\\/gads\\\/buy-google-play-developer-accounts\\\/\",\"name\":\"Buy Google Play Developer Accounts - Publish Apps on Google Play\",\"isPartOf\":{\"@id\":\"https:\\\/\\\/buyadsaccounts.net\\\/#website\"},\"primaryImageOfPage\":{\"@id\":\"https:\\\/\\\/buyadsaccounts.net\\\/gads\\\/buy-google-play-developer-accounts\\\/#primaryimage\"},\"image\":{\"@id\":\"https:\\\/\\\/buyadsaccounts.net\\\/gads\\\/buy-google-play-developer-accounts\\\/#primaryimage\"},\"thumbnailUrl\":\"https:\\\/\\\/buyadsaccounts.net\\\/wp-content\\\/uploads\\\/2024\\\/04\\\/google-play-developer-accounts.png\",\"datePublished\":\"2024-04-01T15:07:14+00:00\",\"dateModified\":\"2026-02-01T17:23:33+00:00\",\"description\":\"Buy Google Play Developer Accounts verified and ready to publish apps on Google Play. Get Old Developer accounts and publish your android apps instantly.\",\"breadcrumb\":{\"@id\":\"https:\\\/\\\/buyadsaccounts.net\\\/gads\\\/buy-google-play-developer-accounts\\\/#breadcrumb\"},\"inLanguage\":\"cs\",\"potentialAction\":[{\"@type\":\"ReadAction\",\"target\":[\"https:\\\/\\\/buyadsaccounts.net\\\/gads\\\/buy-google-play-developer-accounts\\\/\"]}]},{\"@type\":\"ImageObject\",\"inLanguage\":\"cs\",\"@id\":\"https:\\\/\\\/buyadsaccounts.net\\\/gads\\\/buy-google-play-developer-accounts\\\/#primaryimage\",\"url\":\"https:\\\/\\\/buyadsaccounts.net\\\/wp-content\\\/uploads\\\/2024\\\/04\\\/google-play-developer-accounts.png\",\"contentUrl\":\"https:\\\/\\\/buyadsaccounts.net\\\/wp-content\\\/uploads\\\/2024\\\/04\\\/google-play-developer-accounts.png\",\"width\":271,\"height\":300},{\"@type\":\"BreadcrumbList\",\"@id\":\"https:\\\/\\\/buyadsaccounts.net\\\/gads\\\/buy-google-play-developer-accounts\\\/#breadcrumb\",\"itemListElement\":[{\"@type\":\"ListItem\",\"position\":1,\"name\":\"Home\",\"item\":\"https:\\\/\\\/buyadsaccounts.net\\\/\"},{\"@type\":\"ListItem\",\"position\":2,\"name\":\"Shop\",\"item\":\"https:\\\/\\\/buyadsaccounts.net\\\/ar\\\/%d9%85%d8%aa%d8%ac%d8%b1\\\/\"},{\"@type\":\"ListItem\",\"position\":3,\"name\":\"Buy Google Play Developer Accounts\"}]},{\"@type\":\"WebSite\",\"@id\":\"https:\\\/\\\/buyadsaccounts.net\\\/#website\",\"url\":\"https:\\\/\\\/buyadsaccounts.net\\\/\",\"name\":\"BuyAdsAccounts\",\"description\":\"\",\"publisher\":{\"@id\":\"https:\\\/\\\/buyadsaccounts.net\\\/#organization\"},\"potentialAction\":[{\"@type\":\"SearchAction\",\"target\":{\"@type\":\"EntryPoint\",\"urlTemplate\":\"https:\\\/\\\/buyadsaccounts.net\\\/?s={search_term_string}\"},\"query-input\":{\"@type\":\"PropertyValueSpecification\",\"valueRequired\":true,\"valueName\":\"search_term_string\"}}],\"inLanguage\":\"cs\"},{\"@type\":\"Organization\",\"@id\":\"https:\\\/\\\/buyadsaccounts.net\\\/#organization\",\"name\":\"Buy Google Ads Accounts\",\"url\":\"https:\\\/\\\/buyadsaccounts.net\\\/\",\"logo\":{\"@type\":\"ImageObject\",\"inLanguage\":\"cs\",\"@id\":\"https:\\\/\\\/buyadsaccounts.net\\\/#\\\/schema\\\/logo\\\/image\\\/\",\"url\":\"https:\\\/\\\/buyadsaccounts.net\\\/wp-content\\\/uploads\\\/2024\\\/12\\\/buyads-fav.jpg\",\"contentUrl\":\"https:\\\/\\\/buyadsaccounts.net\\\/wp-content\\\/uploads\\\/2024\\\/12\\\/buyads-fav.jpg\",\"width\":512,\"height\":512,\"caption\":\"Buy Google Ads Accounts\"},\"image\":{\"@id\":\"https:\\\/\\\/buyadsaccounts.net\\\/#\\\/schema\\\/logo\\\/image\\\/\"}}]}<\/script>\n<!-- \/ Yoast SEO Premium plugin. -->","yoast_head_json":{"title":"Koupit v\u00fdvoj\u00e1\u0159sk\u00e9 \u00fa\u010dty Google Play - publikov\u00e1n\u00ed aplikac\u00ed v Google Play","description":"Koupit ov\u011b\u0159en\u00e9 v\u00fdvoj\u00e1\u0159sk\u00e9 \u00fa\u010dty Google Play p\u0159ipraven\u00e9 k publikov\u00e1n\u00ed aplikac\u00ed v Google Play. Z\u00edskejte star\u00e9 v\u00fdvoj\u00e1\u0159sk\u00e9 \u00fa\u010dty a publikujte sv\u00e9 aplikace pro Android okam\u017eit\u011b.","robots":{"index":"index","follow":"follow","max-snippet":"max-snippet:-1","max-image-preview":"max-image-preview:large","max-video-preview":"max-video-preview:-1"},"canonical":"https:\/\/buyadsaccounts.net\/cs\/gads\/koupit-ucty-google-play-pro-vyvojare\/","og_locale":"cs_CZ","og_type":"article","og_title":"Buy Google Play Developer Accounts","og_description":"Buy Google Play Developer Accounts verified and ready to publish apps on Google Play. Get Old Developer accounts and publish your android apps instantly.","og_url":"https:\/\/buyadsaccounts.net\/cs\/gads\/koupit-ucty-google-play-pro-vyvojare\/","og_site_name":"BuyAdsAccounts","article_modified_time":"2026-02-01T17:23:33+00:00","og_image":[{"width":271,"height":300,"url":"https:\/\/buyadsaccounts.net\/wp-content\/uploads\/2024\/04\/google-play-developer-accounts.png","type":"image\/png"}],"twitter_card":"summary_large_image","twitter_misc":{"Odhadovan\u00e1 doba \u010dten\u00ed":"3 minuty"},"schema":{"@context":"https:\/\/schema.org","@graph":[{"@type":"WebPage","@id":"https:\/\/buyadsaccounts.net\/gads\/buy-google-play-developer-accounts\/","url":"https:\/\/buyadsaccounts.net\/gads\/buy-google-play-developer-accounts\/","name":"Koupit v\u00fdvoj\u00e1\u0159sk\u00e9 \u00fa\u010dty Google Play - publikov\u00e1n\u00ed aplikac\u00ed v Google Play","isPartOf":{"@id":"https:\/\/buyadsaccounts.net\/#website"},"primaryImageOfPage":{"@id":"https:\/\/buyadsaccounts.net\/gads\/buy-google-play-developer-accounts\/#primaryimage"},"image":{"@id":"https:\/\/buyadsaccounts.net\/gads\/buy-google-play-developer-accounts\/#primaryimage"},"thumbnailUrl":"https:\/\/buyadsaccounts.net\/wp-content\/uploads\/2024\/04\/google-play-developer-accounts.png","datePublished":"2024-04-01T15:07:14+00:00","dateModified":"2026-02-01T17:23:33+00:00","description":"Koupit ov\u011b\u0159en\u00e9 v\u00fdvoj\u00e1\u0159sk\u00e9 \u00fa\u010dty Google Play p\u0159ipraven\u00e9 k publikov\u00e1n\u00ed aplikac\u00ed v Google Play. Z\u00edskejte star\u00e9 v\u00fdvoj\u00e1\u0159sk\u00e9 \u00fa\u010dty a publikujte sv\u00e9 aplikace pro Android okam\u017eit\u011b.","breadcrumb":{"@id":"https:\/\/buyadsaccounts.net\/gads\/buy-google-play-developer-accounts\/#breadcrumb"},"inLanguage":"cs","potentialAction":[{"@type":"ReadAction","target":["https:\/\/buyadsaccounts.net\/gads\/buy-google-play-developer-accounts\/"]}]},{"@type":"ImageObject","inLanguage":"cs","@id":"https:\/\/buyadsaccounts.net\/gads\/buy-google-play-developer-accounts\/#primaryimage","url":"https:\/\/buyadsaccounts.net\/wp-content\/uploads\/2024\/04\/google-play-developer-accounts.png","contentUrl":"https:\/\/buyadsaccounts.net\/wp-content\/uploads\/2024\/04\/google-play-developer-accounts.png","width":271,"height":300},{"@type":"BreadcrumbList","@id":"https:\/\/buyadsaccounts.net\/gads\/buy-google-play-developer-accounts\/#breadcrumb","itemListElement":[{"@type":"ListItem","position":1,"name":"Home","item":"https:\/\/buyadsaccounts.net\/"},{"@type":"ListItem","position":2,"name":"Shop","item":"https:\/\/buyadsaccounts.net\/ar\/%d9%85%d8%aa%d8%ac%d8%b1\/"},{"@type":"ListItem","position":3,"name":"Buy Google Play Developer Accounts"}]},{"@type":"WebSite","@id":"https:\/\/buyadsaccounts.net\/#website","url":"https:\/\/buyadsaccounts.net\/","name":"BuyAdsAccounts","description":"","publisher":{"@id":"https:\/\/buyadsaccounts.net\/#organization"},"potentialAction":[{"@type":"SearchAction","target":{"@type":"EntryPoint","urlTemplate":"https:\/\/buyadsaccounts.net\/?s={search_term_string}"},"query-input":{"@type":"PropertyValueSpecification","valueRequired":true,"valueName":"search_term_string"}}],"inLanguage":"cs"},{"@type":"Organization","@id":"https:\/\/buyadsaccounts.net\/#organization","name":"Koupit \u00fa\u010dty Google Ads","url":"https:\/\/buyadsaccounts.net\/","logo":{"@type":"ImageObject","inLanguage":"cs","@id":"https:\/\/buyadsaccounts.net\/#\/schema\/logo\/image\/","url":"https:\/\/buyadsaccounts.net\/wp-content\/uploads\/2024\/12\/buyads-fav.jpg","contentUrl":"https:\/\/buyadsaccounts.net\/wp-content\/uploads\/2024\/12\/buyads-fav.jpg","width":512,"height":512,"caption":"Buy Google Ads Accounts"},"image":{"@id":"https:\/\/buyadsaccounts.net\/#\/schema\/logo\/image\/"}}]}},"wcpa_form_fields":{"wcpaData":{"product":{"product_price":0,"price_html":"<span class=\"woocommerce-Price-amount amount\"><bdi>0<span class=\"woocommerce-Price-currencySymbol\">&#36;<\/span><\/bdi><\/span>","original_product_price":0,"price_including_tax":0,"price_excluding_tax":0,"product_id":{"parent":4935,"variation":false},"is_variable":false,"stock_status":"instock","stock_quantity":null,"parent_sku":"","product_attributes":[],"custom_fields":[],"is_taxable":false,"product_name":"Buy Google Play Developer Accounts","hasImage":false},"fields":{"sec_9695e96a865897":{"extra":{"key":"sec_9695e96a865897","section_id":"sec_9695e96a865897","name":"Default","status":1,"cl_rule":"show","enableCl":false,"relations":[],"toggle":true,"title_tag":"h3","show_title":false,"showPrice":"default","form_id":4937,"form_rules":{"exclude_from_discount":false,"fee_label":"Tax\u0103","disp_hide_options_price":false,"disp_show_section_price":false,"disp_show_field_price":true,"layout_option":"standard","pric_use_as_fee":false,"process_fee_as":"woo_fee"},"layout_option":"standard"},"fields":[[{"type":"checkbox-group","required":true,"elementId":"wcpa-checkbox-group-660ad04fb5bd7","label":"Account Options","enablePrice":true,"priceOptions":"different_for_all","pricingType":"fixed","price":"100","name":"checkbox-group-660ad04fb5be0","min_options":"1","other_text":"Other","cl_rule":"show","col":6,"values":[{"label":"2022 Personal Account","value":"202gpl","price":"350","pimage":"","pimage_id":"","pthumb":"","gt_translate_keys":["label"]},{"label":"2023 Personal Account","value":"old202","price":"250","pimage":"","pimage_id":"","pthumb":"","gt_translate_keys":["label"]},{"label":"New Personal Account with 20 Testers","value":"newcac","price":"150","pimage":"","pimage_id":"","pthumb":"","gt_translate_keys":["label"]},{"label":"2022 Organization Account","value":"org2022","price":"550","pimage":"","pimage_id":"","pthumb":"","gt_translate_keys":["label"]},{"label":"2023 Organization Account","value":"mfk2023","price":"400","pimage":"","pimage_id":"","pthumb":"","gt_translate_keys":["label"]}],"relations":false,"active":true,"tooltip":"","layOut":"","isWeightTemplate":false,"error":false,"isTemplate":false,"checkUi":"","min_quantity":"1","quantity_decimal":false,"quantity_step":"1","quantity_label":"Quantity","repeater_field_label":"{field_label}","repeater_bind":"","gt_translate_keys":["label","tooltip","repeater_field_label","quantity_label"],"price_dependency":false,"cl_dependency":false,"value":""}],[{"type":"checkbox-group","elementId":"wcpa-checkbox-group-660ad04fb5be7","label":"Extra Services","enablePrice":true,"priceOptions":"different_for_all","pricingType":"fixed","price":"100","name":"checkbox-group-660ad04fb5bee","min_options":"1","other_text":"Other","cl_rule":"show","col":6,"values":[{"label":"Keyword App Installs","value":"appinsla","price":"0","pimage":"","pimage_id":"","pthumb":"","tempId":"aco_4795","gt_translate_keys":["label"]},{"label":"App Reviews + Rating","value":"apprev","price":"0","pimage":"","pimage_id":"","pthumb":"","tempId":"aco_4796","gt_translate_keys":["label"]},{"label":"Publish my App","value":"pub20","price":"100","pimage":"","pimage_id":"","pthumb":"","tempId":"aco_4797","gt_translate_keys":["label"]},{"label":"Premium Proxy","value":"prempxa","selected":false,"tempId":"aco_4807","price":"20","gt_translate_keys":["label"]},{"label":"Premium Warranty","value":"premwar","selected":false,"tempId":"aco_1481","price":"1000","gt_translate_keys":["label"]}],"relations":false,"active":true,"tooltip":"<a href=\"https:\/\/help.buyadsaccounts.net\/hc\/helpcenter\/articles\/1754560957-additional-options\" target=\"blank\">Read More<\/a>","layOut":"","isWeightTemplate":false,"error":false,"isTemplate":false,"checkUi":"","min_quantity":"1","quantity_decimal":false,"quantity_step":"1","quantity_label":"Quantity","repeater_field_label":"{field_label}","repeater_bind":"","gt_translate_keys":["label","tooltip","repeater_field_label","quantity_label"],"price_dependency":false,"cl_dependency":["wcpa-checkbox-group-660ad04fb5bf4","wcpa-checkbox-group-1711985087713"],"value":""}],[{"type":"checkbox-group","required":true,"elementId":"wcpa-checkbox-group-660ad04fb5bf4","label":"How many Installs?","enablePrice":true,"priceOptions":"different_for_all","pricingType":"fixed","price":"100","name":"checkbox-group-660ad04fb5bfb","min_options":"1","other_text":"Other","enableCl":true,"cl_rule":"show","cl_val":"appinsla","col":6,"values":[{"label":"1000 App Installs","value":"500ins","price":"100","pimage":"","pimage_id":"","pthumb":"","gt_translate_keys":["label"]},{"label":"5000 App Installs","value":"500app","price":"400","pimage":"","pimage_id":"","pthumb":"","gt_translate_keys":["label"]},{"label":"10.000 App Installs","value":"10kapp","price":"800","pimage":"","pimage_id":"","pthumb":"","gt_translate_keys":["label"]},{"label":"50.000 App Installs","value":"50appins","price":"3500","pimage":"","pimage_id":"","pthumb":"","gt_translate_keys":["label"]},{"label":"100.000 App Installs","value":"100apsin","price":"5000","pimage":"","pimage_id":"","pthumb":"","gt_translate_keys":["label"]}],"relations":[{"operator":false,"rules":[{"operator":false,"rules":{"cl_field":"wcpa-checkbox-group-660ad04fb5be7","cl_relation":"is","cl_val":"appinsla"}}]}],"active":true,"tooltip":"","layOut":"","gt_translate_keys":["label","tooltip"],"price_dependency":false,"cl_dependency":false,"value":""}],[{"type":"checkbox-group","required":true,"elementId":"wcpa-checkbox-group-1711985087713","label":"How many Reviews?","enablePrice":true,"priceOptions":"different_for_all","pricingType":"fixed","price":"100","name":"checkbox-group-1711985087712","min_options":"1","other_text":"Other","enableCl":true,"cl_rule":"show","cl_val":"apprev","col":6,"values":[{"label":"500 Reviews + Ratings Random","value":"500rev","price":"250","pimage":"","pimage_id":"","pthumb":"","gt_translate_keys":["label"]},{"label":"1000 Reviews + Ratings Random","value":"100revw","price":"500","pimage":"","pimage_id":"","pthumb":"","gt_translate_keys":["label"]},{"label":"5000 Reviews + Ratings Random","value":"r00anr","price":"2000","pimage":"","pimage_id":"","pthumb":"","gt_translate_keys":["label"]},{"label":"10.000 Reviews + Ratings Random","value":"10ren","price":"4000","pimage":"","pimage_id":"","pthumb":"","gt_translate_keys":["label"]},{"label":"500 Reviews + Ratings Custom","value":"500ccus","price":"350","pimage":"","pimage_id":"","pthumb":"","gt_translate_keys":["label"]},{"label":"1000 Reviews + Ratings Custom","value":"100cus","price":"600","pimage":"","pimage_id":"","pthumb":"","gt_translate_keys":["label"]},{"label":"5000 Reviews + Ratings Custom","value":"500cus","price":"2500","pimage":"","pimage_id":"","pthumb":"","gt_translate_keys":["label"]}],"relations":[{"operator":false,"rules":[{"operator":false,"rules":{"cl_field":"wcpa-checkbox-group-660ad04fb5be7","cl_relation":"is","cl_val":"apprev"}}]}],"active":true,"tooltip":"","layOut":"","gt_translate_keys":["label","tooltip"],"price_dependency":false,"cl_dependency":false,"value":""}]]}},"config":{"price_override":"","enable_recaptcha":false,"bind_quantity":false,"quantity_bind_formula":false,"disp_summ_show_option_price":false,"disp_summ_show_product_price":false,"disp_summ_show_total_price":true,"disp_summ_show_fee":false,"disp_summ_show_discount":false,"summary_title":"","options_total_label":"Op\u021biuni Pre\u021b","total_label":"Total","options_product_label":"Pre\u021bul produsului","fee_label":"Tax\u0103","discount_label":"Reducere","has_price":true,"has_quantity_formula":false},"mc_unit":1,"tax_rate":1,"tax_rate_real":1,"discount":{"percentage":0,"fixed":0},"design":{"conf":{"LabelPosition":"above","DescPosition":"above","UploadField":"custom_1","QuantityFieldStyle":"default"},"css":{"LeftLabelWidth":"120px"}},"formulas":[],"lookuptables":[],"clones":false,"cartKey":false}},"_links":{"self":[{"href":"https:\/\/buyadsaccounts.net\/cs\/wp-json\/wp\/v2\/product\/4935","targetHints":{"allow":["GET"]}}],"collection":[{"href":"https:\/\/buyadsaccounts.net\/cs\/wp-json\/wp\/v2\/product"}],"about":[{"href":"https:\/\/buyadsaccounts.net\/cs\/wp-json\/wp\/v2\/types\/product"}],"version-history":[{"count":1,"href":"https:\/\/buyadsaccounts.net\/cs\/wp-json\/wp\/v2\/product\/4935\/revisions"}],"predecessor-version":[{"id":9546,"href":"https:\/\/buyadsaccounts.net\/cs\/wp-json\/wp\/v2\/product\/4935\/revisions\/9546"}],"wp:featuredmedia":[{"embeddable":true,"href":"https:\/\/buyadsaccounts.net\/cs\/wp-json\/wp\/v2\/media\/4936"}],"wp:attachment":[{"href":"https:\/\/buyadsaccounts.net\/cs\/wp-json\/wp\/v2\/media?parent=4935"}],"wp:term":[{"taxonomy":"product_brand","embeddable":true,"href":"https:\/\/buyadsaccounts.net\/cs\/wp-json\/wp\/v2\/product_brand?post=4935"},{"taxonomy":"product_cat","embeddable":true,"href":"https:\/\/buyadsaccounts.net\/cs\/wp-json\/wp\/v2\/product_cat?post=4935"},{"taxonomy":"product_tag","embeddable":true,"href":"https:\/\/buyadsaccounts.net\/cs\/wp-json\/wp\/v2\/product_tag?post=4935"}],"curies":[{"name":"wp","href":"https:\/\/api.w.org\/{rel}","templated":true}]}}