{"id":4595,"date":"2023-12-15T13:56:24","date_gmt":"2023-12-15T10:56:24","guid":{"rendered":"https:\/\/rentaccounts.net\/?post_type=product&#038;p=4595"},"modified":"2026-02-01T17:28:34","modified_gmt":"2026-02-01T17:28:34","slug":"koupit-ucet-pro-fakturaci-reklam-google","status":"publish","type":"product","link":"https:\/\/buyadsaccounts.net\/cs\/gads\/koupit-ucet-pro-fakturaci-reklam-google\/","title":{"rendered":"Koupit \u00fa\u010dty pro fakturaci reklam Google"},"content":{"rendered":"<h2>Co je faktura\u010dn\u00ed \u00fa\u010det Google Ads?<\/h2>\n<p>Faktura\u010dn\u00ed \u00fa\u010det Google Ads je mo\u017enost platby nab\u00edzen\u00e1 spole\u010dnost\u00ed Google, kter\u00e1 umo\u017e\u0148uje podnik\u016fm dost\u00e1vat faktury za v\u00fddaje na reklamu nam\u00edsto okam\u017eit\u00fdch plateb. Tato mo\u017enost je v\u00fdhodn\u00e1 zejm\u00e9na pro podniky, kter\u00e9 maj\u00ed vysok\u00fd rozpo\u010det na reklamu a d\u00e1vaj\u00ed p\u0159ednost konsolidaci sv\u00fdch plateb.<\/p>\n<p>S faktura\u010dn\u00edm \u00fa\u010dtem Google Ads si m\u016f\u017eete nastavit konkr\u00e9tn\u00ed kreditn\u00ed limit, dost\u00e1vat m\u011bs\u00ed\u010dn\u00ed faktury a prov\u00e1d\u011bt platby ve stanoven\u00e9m obdob\u00ed. To poskytuje v\u011bt\u0161\u00ed flexibilitu p\u0159i spr\u00e1v\u011b v\u00fddaj\u016f na reklamu a zjednodu\u0161uje \u00fa\u010detn\u00ed proces.<\/p>\n<h3>V\u00fdhody \u00fa\u010dtu pro fakturaci reklam Google<\/h3>\n<p>1. Zlep\u0161en\u00ed pen\u011b\u017en\u00edch tok\u016f: Vyu\u017eit\u00edm \u00fa\u010dtu pro fakturaci reklam Google Ads m\u016f\u017eete l\u00e9pe \u0159\u00eddit sv\u00e9 pen\u011b\u017en\u00ed toky, proto\u017ee m\u00e1te v\u00edce \u010dasu na zaplacen\u00ed v\u00fddaj\u016f za reklamu. To m\u016f\u017ee b\u00fdt v\u00fdhodn\u00e9 zejm\u00e9na pro podniky se sez\u00f3nn\u00edmi v\u00fdkyvy nebo nepravideln\u00fdmi toky p\u0159\u00edjm\u016f.<\/p>\n<p>2. Zjednodu\u0161en\u00fd platebn\u00ed proces: M\u00edsto jednotliv\u00fdch plateb za ka\u017edou reklamn\u00ed kampa\u0148 v\u00e1m \u00fa\u010det pro fakturaci Google Ads umo\u017en\u00ed obdr\u017eet konsolidovanou m\u011bs\u00ed\u010dn\u00ed fakturu. To zjednodu\u0161uje proces plateb a sni\u017euje po\u010det administrativn\u00edch \u00fakon\u016f.<\/p>\n<p>3. Zlep\u0161en\u00e1 kontrola rozpo\u010dtu: S nastaven\u00fdm kreditn\u00edm limitem pro faktura\u010dn\u00ed \u00fa\u010det m\u00e1te v\u011bt\u0161\u00ed kontrolu nad sv\u00fdm reklamn\u00edm rozpo\u010dtem. M\u016f\u017eete efektivn\u011bji rozd\u011blovat finan\u010dn\u00ed prost\u0159edky, sledovat sv\u00e9 v\u00fddaje a podle pot\u0159eby je upravovat.<\/p>\n<p>4. Podrobn\u00e9 hl\u00e1\u0161en\u00ed: Google poskytuje podrobn\u00e9 reporty o v\u00fddaj\u00edch na reklamu, kter\u00e9 v\u00e1m umo\u017en\u00ed analyzovat v\u00fdkonnost va\u0161ich kampan\u00ed. Tyto \u00fadaje mohou b\u00fdt neoceniteln\u00e9 p\u0159i p\u0159ij\u00edm\u00e1n\u00ed informovan\u00fdch rozhodnut\u00ed, kter\u00e1 v\u00e1m pomohou optimalizovat va\u0161i reklamn\u00ed strategii a maximalizovat n\u00e1vratnost investic (ROI).<\/p>\n<p>Investice do \u00fa\u010dtu pro fakturaci Google Ads m\u016f\u017ee p\u0159in\u00e9st \u0159adu v\u00fdhod podnik\u016fm, kter\u00e9 cht\u011bj\u00ed zefektivnit sv\u00e9 v\u00fddaje na reklamu a zlep\u0161it \u0159\u00edzen\u00ed pen\u011b\u017en\u00edch tok\u016f. D\u00edky lep\u0161\u00ed kontrole nad rozpo\u010dtem, zjednodu\u0161en\u00fdm platebn\u00edm proces\u016fm a podrobn\u00e9mu reportov\u00e1n\u00ed m\u016f\u017eete optimalizovat svou reklamn\u00ed strategii a dos\u00e1hnout lep\u0161\u00edch v\u00fdsledk\u016f.<\/p>","protected":false},"excerpt":{"rendered":"<p>U\u017e v\u00e1s nebav\u00ed spravovat p\u0159edplacen\u00e9 z\u016fstatky kampan\u00ed Google Ads? Pokud ano, mo\u017en\u00e1 v\u00e1s bude zaj\u00edmat mo\u017enost zakoupen\u00ed \u00fa\u010dtu pro fakturaci reklam Google Ads.<\/p>","protected":false},"featured_media":4404,"template":"","meta":{"_acf_changed":false,"_glsr_average":5,"_glsr_ranking":4.7,"_glsr_reviews":40},"product_brand":[],"product_cat":[236],"product_tag":[],"class_list":{"0":"post-4595","1":"product","2":"type-product","3":"status-publish","4":"has-post-thumbnail","6":"product_cat-google-ads-invoicing-account","7":"wcpa_has_options","9":"first","10":"instock","11":"purchasable","12":"product-type-simple"},"acf":[],"yoast_head":"<!-- This site is optimized with the Yoast SEO Premium plugin v26.7 (Yoast SEO v27.4) - https:\/\/yoast.com\/product\/yoast-seo-premium-wordpress\/ -->\n<title>Buy Google Ads Invoicing Accounts - Monthly Invoicing<\/title>\n<meta name=\"description\" content=\"Buy Google Ads Invoicing Accounts with credit line approved. Approved Google Ads account with monthly invoicing enabled and verified. Publish Ads Instantly.\" \/>\n<meta name=\"robots\" content=\"index, follow, max-snippet:-1, max-image-preview:large, max-video-preview:-1\" \/>\n<link rel=\"canonical\" href=\"https:\/\/buyadsaccounts.net\/cs\/gads\/koupit-ucet-pro-fakturaci-reklam-google\/\" \/>\n<meta property=\"og:locale\" content=\"cs_CZ\" \/>\n<meta property=\"og:type\" content=\"article\" \/>\n<meta property=\"og:title\" content=\"Buy Google Ads Invoicing Accounts\" \/>\n<meta property=\"og:description\" content=\"Buy Google Ads Invoicing Accounts with credit line approved. Approved Google Ads account with monthly invoicing enabled and verified. Publish Ads Instantly.\" \/>\n<meta property=\"og:url\" content=\"https:\/\/buyadsaccounts.net\/cs\/gads\/koupit-ucet-pro-fakturaci-reklam-google\/\" \/>\n<meta property=\"og:site_name\" content=\"BuyAdsAccounts\" \/>\n<meta property=\"article:modified_time\" content=\"2026-02-01T17:28:34+00:00\" \/>\n<meta property=\"og:image\" content=\"https:\/\/buyadsaccounts.net\/wp-content\/uploads\/2025\/01\/buy_google_ads_accounts.webp\" \/>\n\t<meta property=\"og:image:width\" content=\"1200\" \/>\n\t<meta property=\"og:image:height\" content=\"630\" \/>\n\t<meta property=\"og:image:type\" content=\"image\/webp\" \/>\n<meta name=\"twitter:card\" content=\"summary_large_image\" \/>\n<meta name=\"twitter:image\" content=\"https:\/\/buyadsaccounts.net\/wp-content\/uploads\/2025\/01\/buy_google_ads_accounts.webp\" \/>\n<meta name=\"twitter:label1\" content=\"Odhadovan\u00e1 doba \u010dten\u00ed\" \/>\n\t<meta name=\"twitter:data1\" content=\"2 minuty\" \/>\n<script type=\"application\/ld+json\" class=\"yoast-schema-graph\">{\"@context\":\"https:\\\/\\\/schema.org\",\"@graph\":[{\"@type\":\"WebPage\",\"@id\":\"https:\\\/\\\/buyadsaccounts.net\\\/gads\\\/buy-google-ads-invoicing-account\\\/\",\"url\":\"https:\\\/\\\/buyadsaccounts.net\\\/gads\\\/buy-google-ads-invoicing-account\\\/\",\"name\":\"Buy Google Ads Invoicing Accounts - Monthly Invoicing\",\"isPartOf\":{\"@id\":\"https:\\\/\\\/buyadsaccounts.net\\\/#website\"},\"primaryImageOfPage\":{\"@id\":\"https:\\\/\\\/buyadsaccounts.net\\\/gads\\\/buy-google-ads-invoicing-account\\\/#primaryimage\"},\"image\":{\"@id\":\"https:\\\/\\\/buyadsaccounts.net\\\/gads\\\/buy-google-ads-invoicing-account\\\/#primaryimage\"},\"thumbnailUrl\":\"https:\\\/\\\/buyadsaccounts.net\\\/wp-content\\\/uploads\\\/2021\\\/07\\\/google-ads-accounts-logo.png\",\"datePublished\":\"2023-12-15T10:56:24+00:00\",\"dateModified\":\"2026-02-01T17:28:34+00:00\",\"description\":\"Buy Google Ads Invoicing Accounts with credit line approved. Approved Google Ads account with monthly invoicing enabled and verified. Publish Ads Instantly.\",\"breadcrumb\":{\"@id\":\"https:\\\/\\\/buyadsaccounts.net\\\/gads\\\/buy-google-ads-invoicing-account\\\/#breadcrumb\"},\"inLanguage\":\"cs\",\"potentialAction\":[{\"@type\":\"ReadAction\",\"target\":[\"https:\\\/\\\/buyadsaccounts.net\\\/gads\\\/buy-google-ads-invoicing-account\\\/\"]}]},{\"@type\":\"ImageObject\",\"inLanguage\":\"cs\",\"@id\":\"https:\\\/\\\/buyadsaccounts.net\\\/gads\\\/buy-google-ads-invoicing-account\\\/#primaryimage\",\"url\":\"https:\\\/\\\/buyadsaccounts.net\\\/wp-content\\\/uploads\\\/2021\\\/07\\\/google-ads-accounts-logo.png\",\"contentUrl\":\"https:\\\/\\\/buyadsaccounts.net\\\/wp-content\\\/uploads\\\/2021\\\/07\\\/google-ads-accounts-logo.png\",\"width\":512,\"height\":512},{\"@type\":\"BreadcrumbList\",\"@id\":\"https:\\\/\\\/buyadsaccounts.net\\\/gads\\\/buy-google-ads-invoicing-account\\\/#breadcrumb\",\"itemListElement\":[{\"@type\":\"ListItem\",\"position\":1,\"name\":\"Home\",\"item\":\"https:\\\/\\\/buyadsaccounts.net\\\/\"},{\"@type\":\"ListItem\",\"position\":2,\"name\":\"Shop\",\"item\":\"https:\\\/\\\/buyadsaccounts.net\\\/ar\\\/%d9%85%d8%aa%d8%ac%d8%b1\\\/\"},{\"@type\":\"ListItem\",\"position\":3,\"name\":\"Buy Google Ads Invoicing Accounts\"}]},{\"@type\":\"WebSite\",\"@id\":\"https:\\\/\\\/buyadsaccounts.net\\\/#website\",\"url\":\"https:\\\/\\\/buyadsaccounts.net\\\/\",\"name\":\"BuyAdsAccounts\",\"description\":\"\",\"publisher\":{\"@id\":\"https:\\\/\\\/buyadsaccounts.net\\\/#organization\"},\"potentialAction\":[{\"@type\":\"SearchAction\",\"target\":{\"@type\":\"EntryPoint\",\"urlTemplate\":\"https:\\\/\\\/buyadsaccounts.net\\\/?s={search_term_string}\"},\"query-input\":{\"@type\":\"PropertyValueSpecification\",\"valueRequired\":true,\"valueName\":\"search_term_string\"}}],\"inLanguage\":\"cs\"},{\"@type\":\"Organization\",\"@id\":\"https:\\\/\\\/buyadsaccounts.net\\\/#organization\",\"name\":\"Buy Google Ads Accounts\",\"url\":\"https:\\\/\\\/buyadsaccounts.net\\\/\",\"logo\":{\"@type\":\"ImageObject\",\"inLanguage\":\"cs\",\"@id\":\"https:\\\/\\\/buyadsaccounts.net\\\/#\\\/schema\\\/logo\\\/image\\\/\",\"url\":\"https:\\\/\\\/buyadsaccounts.net\\\/wp-content\\\/uploads\\\/2024\\\/12\\\/buyads-fav.jpg\",\"contentUrl\":\"https:\\\/\\\/buyadsaccounts.net\\\/wp-content\\\/uploads\\\/2024\\\/12\\\/buyads-fav.jpg\",\"width\":512,\"height\":512,\"caption\":\"Buy Google Ads Accounts\"},\"image\":{\"@id\":\"https:\\\/\\\/buyadsaccounts.net\\\/#\\\/schema\\\/logo\\\/image\\\/\"}}]}<\/script>\n<!-- \/ Yoast SEO Premium plugin. -->","yoast_head_json":{"title":"Koupit \u00fa\u010dty pro fakturaci reklam Google - m\u011bs\u00ed\u010dn\u00ed fakturace","description":"Koupit \u00fa\u010dty pro fakturaci reklam Google se schv\u00e1lenou \u00fav\u011brovou linkou. Schv\u00e1len\u00fd \u00fa\u010det Google Ads s povolenou a ov\u011b\u0159enou m\u011bs\u00ed\u010dn\u00ed fakturac\u00ed. Okam\u017eit\u00e9 publikov\u00e1n\u00ed reklam.","robots":{"index":"index","follow":"follow","max-snippet":"max-snippet:-1","max-image-preview":"max-image-preview:large","max-video-preview":"max-video-preview:-1"},"canonical":"https:\/\/buyadsaccounts.net\/cs\/gads\/koupit-ucet-pro-fakturaci-reklam-google\/","og_locale":"cs_CZ","og_type":"article","og_title":"Buy Google Ads Invoicing Accounts","og_description":"Buy Google Ads Invoicing Accounts with credit line approved. Approved Google Ads account with monthly invoicing enabled and verified. Publish Ads Instantly.","og_url":"https:\/\/buyadsaccounts.net\/cs\/gads\/koupit-ucet-pro-fakturaci-reklam-google\/","og_site_name":"BuyAdsAccounts","article_modified_time":"2026-02-01T17:28:34+00:00","og_image":[{"width":1200,"height":630,"url":"https:\/\/buyadsaccounts.net\/wp-content\/uploads\/2025\/01\/buy_google_ads_accounts.webp","type":"image\/webp"}],"twitter_card":"summary_large_image","twitter_image":"https:\/\/buyadsaccounts.net\/wp-content\/uploads\/2025\/01\/buy_google_ads_accounts.webp","twitter_misc":{"Odhadovan\u00e1 doba \u010dten\u00ed":"2 minuty"},"schema":{"@context":"https:\/\/schema.org","@graph":[{"@type":"WebPage","@id":"https:\/\/buyadsaccounts.net\/gads\/buy-google-ads-invoicing-account\/","url":"https:\/\/buyadsaccounts.net\/gads\/buy-google-ads-invoicing-account\/","name":"Koupit \u00fa\u010dty pro fakturaci reklam Google - m\u011bs\u00ed\u010dn\u00ed fakturace","isPartOf":{"@id":"https:\/\/buyadsaccounts.net\/#website"},"primaryImageOfPage":{"@id":"https:\/\/buyadsaccounts.net\/gads\/buy-google-ads-invoicing-account\/#primaryimage"},"image":{"@id":"https:\/\/buyadsaccounts.net\/gads\/buy-google-ads-invoicing-account\/#primaryimage"},"thumbnailUrl":"https:\/\/buyadsaccounts.net\/wp-content\/uploads\/2021\/07\/google-ads-accounts-logo.png","datePublished":"2023-12-15T10:56:24+00:00","dateModified":"2026-02-01T17:28:34+00:00","description":"Koupit \u00fa\u010dty pro fakturaci reklam Google se schv\u00e1lenou \u00fav\u011brovou linkou. Schv\u00e1len\u00fd \u00fa\u010det Google Ads s povolenou a ov\u011b\u0159enou m\u011bs\u00ed\u010dn\u00ed fakturac\u00ed. Okam\u017eit\u00e9 publikov\u00e1n\u00ed reklam.","breadcrumb":{"@id":"https:\/\/buyadsaccounts.net\/gads\/buy-google-ads-invoicing-account\/#breadcrumb"},"inLanguage":"cs","potentialAction":[{"@type":"ReadAction","target":["https:\/\/buyadsaccounts.net\/gads\/buy-google-ads-invoicing-account\/"]}]},{"@type":"ImageObject","inLanguage":"cs","@id":"https:\/\/buyadsaccounts.net\/gads\/buy-google-ads-invoicing-account\/#primaryimage","url":"https:\/\/buyadsaccounts.net\/wp-content\/uploads\/2021\/07\/google-ads-accounts-logo.png","contentUrl":"https:\/\/buyadsaccounts.net\/wp-content\/uploads\/2021\/07\/google-ads-accounts-logo.png","width":512,"height":512},{"@type":"BreadcrumbList","@id":"https:\/\/buyadsaccounts.net\/gads\/buy-google-ads-invoicing-account\/#breadcrumb","itemListElement":[{"@type":"ListItem","position":1,"name":"Home","item":"https:\/\/buyadsaccounts.net\/"},{"@type":"ListItem","position":2,"name":"Shop","item":"https:\/\/buyadsaccounts.net\/ar\/%d9%85%d8%aa%d8%ac%d8%b1\/"},{"@type":"ListItem","position":3,"name":"Buy Google Ads Invoicing Accounts"}]},{"@type":"WebSite","@id":"https:\/\/buyadsaccounts.net\/#website","url":"https:\/\/buyadsaccounts.net\/","name":"BuyAdsAccounts","description":"","publisher":{"@id":"https:\/\/buyadsaccounts.net\/#organization"},"potentialAction":[{"@type":"SearchAction","target":{"@type":"EntryPoint","urlTemplate":"https:\/\/buyadsaccounts.net\/?s={search_term_string}"},"query-input":{"@type":"PropertyValueSpecification","valueRequired":true,"valueName":"search_term_string"}}],"inLanguage":"cs"},{"@type":"Organization","@id":"https:\/\/buyadsaccounts.net\/#organization","name":"Koupit \u00fa\u010dty Google Ads","url":"https:\/\/buyadsaccounts.net\/","logo":{"@type":"ImageObject","inLanguage":"cs","@id":"https:\/\/buyadsaccounts.net\/#\/schema\/logo\/image\/","url":"https:\/\/buyadsaccounts.net\/wp-content\/uploads\/2024\/12\/buyads-fav.jpg","contentUrl":"https:\/\/buyadsaccounts.net\/wp-content\/uploads\/2024\/12\/buyads-fav.jpg","width":512,"height":512,"caption":"Buy Google Ads Accounts"},"image":{"@id":"https:\/\/buyadsaccounts.net\/#\/schema\/logo\/image\/"}}]}},"wcpa_form_fields":{"wcpaData":{"product":{"product_price":0,"price_html":"<span class=\"woocommerce-Price-amount amount\"><bdi>0<span class=\"woocommerce-Price-currencySymbol\">&#36;<\/span><\/bdi><\/span>","original_product_price":0,"price_including_tax":0,"price_excluding_tax":0,"product_id":{"parent":4595,"variation":false},"is_variable":false,"stock_status":"instock","stock_quantity":null,"parent_sku":"","product_attributes":[],"custom_fields":[],"is_taxable":false,"product_name":"Buy Google Ads Invoicing Accounts","hasImage":false},"fields":{"sec_2695e652f6d8b2":{"extra":{"key":"sec_2695e652f6d8b2","section_id":"sec_2695e652f6d8b2","name":"Default","status":1,"cl_rule":"show","enableCl":false,"relations":[],"toggle":true,"title_tag":"h3","show_title":false,"showPrice":"default","form_id":4596,"form_rules":{"exclude_from_discount":false,"fee_label":"Fee","disp_hide_options_price":false,"disp_show_section_price":false,"disp_show_field_price":true,"layout_option":"standard","pric_use_as_fee":false,"process_fee_as":"woo_fee"},"layout_option":"standard"},"fields":[[{"type":"checkbox-group","required":true,"elementId":"wcpa-checkbox-group-1643471137938","label":"Account Options","description":"Year - Currency - Limit - Price","enablePrice":true,"priceOptions":"different_for_all","pricingType":"fixed","price":"100","name":"checkbox-group-1643471137938","min_options":"1","other_text":"Other","cl_rule":"show","col":6,"values":[{"label":"2022 USD Account - 12.000$ Credit","value":"usd-account-buy55","price":"900","pimage":"","pimage_id":"","pthumb":"","tempId":"aco_602","gt_translate_keys":["label"]},{"label":"2023 EUR Account - 8000$ Credit","value":"eur-account-buy55","price":"650","pimage":"","pimage_id":"","pthumb":"","tempId":"aco_603","gt_translate_keys":["label"]},{"label":"2023 USD Account - 6500$ Credit","value":"usd-2023-credit","price":"500","pimage":"","pimage_id":"","pthumb":"","tempId":"aco_604","gt_translate_keys":["label"]}],"relations":false,"active":true,"tooltip":"","layOut":"","isWeightTemplate":false,"error":false,"isTemplate":false,"checkUi":"","min_quantity":"1","quantity_decimal":false,"quantity_step":"1","quantity_label":"Quantity","repeater_field_label":"{field_label}","repeater_bind":"","gt_translate_keys":["label","description","tooltip","repeater_field_label","quantity_label"],"price_dependency":false,"cl_dependency":false,"value":""}],[{"type":"checkbox-group","elementId":"wcpa-checkbox-group-1702402170666","label":"Extra Services","enablePrice":true,"priceOptions":"different_for_all","pricingType":"fixed","price":"100","name":"checkbox-group-1702402170665","min_options":"1","other_text":"Other","cl_rule":"show","col":6,"values":[{"label":"Cloaking ( Crypto, IPTV, Gambling, Casino, Affiliate)","value":"blak-cat","price":"100","pimage":"","pimage_id":"","pthumb":"","tempId":"aco_263","gt_translate_keys":["label"]},{"label":"Ads Manager ","value":"campsi","price":"100","pimage":"","pimage_id":"","pthumb":"","tempId":"aco_264","gt_translate_keys":["label"]},{"label":"Premium Warranty","value":"premwar","selected":false,"tempId":"aco_19","price":"1500","gt_translate_keys":["label"]}],"relations":false,"active":true,"tooltip":"<a href=\"https:\/\/help.buyadsaccounts.net\/hc\/helpcenter\/articles\/1754560957-additional-options\" target=\"blank\">Read More<\/a>","layOut":"","isWeightTemplate":false,"error":false,"isTemplate":false,"checkUi":"","min_quantity":"1","quantity_decimal":false,"quantity_step":"1","quantity_label":"Quantity","repeater_field_label":"{field_label}","repeater_bind":"","gt_translate_keys":["label","tooltip","repeater_field_label","quantity_label"],"price_dependency":false,"cl_dependency":["wcpa-checkbox-group-1711017530961","wcpa-checkbox-group-1711017600957"],"value":""}],[{"type":"checkbox-group","required":true,"elementId":"wcpa-checkbox-group-1711017530961","label":"Cloaking - How many URLs?","description":"Price per URL","enablePrice":true,"priceOptions":"different_for_all","pricingType":"fixed","price":"100","name":"checkbox-group-1711017530960","min_options":"1","max_options":"1","other_text":"Other","enableCl":true,"cl_rule":"show","cl_val":"bharsd","col":6,"values":[{"label":"1 URL","value":"bgt","price":"0","pimage":"","pimage_id":"","pthumb":"","gt_translate_keys":["label"]},{"label":"2 URLs","value":"gkr","price":"100","pimage":"","pimage_id":"","pthumb":"","gt_translate_keys":["label"]},{"label":"3 URLs","value":"asff","price":"200","pimage":"","pimage_id":"","pthumb":"","gt_translate_keys":["label"]},{"label":"5 URLs","value":"bfe","price":"350","pimage":"","pimage_id":"","pthumb":"","gt_translate_keys":["label"]},{"label":"10 URLs","value":"dsa","price":"700","pimage":"","pimage_id":"","pthumb":"","gt_translate_keys":["label"]}],"relations":[{"operator":false,"rules":[{"operator":false,"rules":{"cl_field":"wcpa-checkbox-group-1702402170666","cl_relation":"is","cl_val":"bharsd"}}]}],"active":true,"tooltip":"","layOut":"","gt_translate_keys":["label","description","tooltip"],"price_dependency":false,"cl_dependency":false,"value":""}],[{"type":"checkbox-group","required":true,"elementId":"wcpa-checkbox-group-1711017600957","label":"Ads Manager - How many ADS?","description":"Price per AD","enablePrice":true,"priceOptions":"different_for_all","pricingType":"fixed","price":"100","name":"checkbox-group-1711017600956","min_options":"1","max_options":"1","other_text":"Other","enableCl":true,"cl_rule":"show","cl_val":"campsi","col":6,"values":[{"label":"1 Ad","value":"bgt","price":"0","pimage":"","pimage_id":"","pthumb":"","gt_translate_keys":["label"]},{"label":"2 Ads","value":"gkr","price":"100","pimage":"","pimage_id":"","pthumb":"","gt_translate_keys":["label"]},{"label":"3 Ads","value":"asff","price":"200","pimage":"","pimage_id":"","pthumb":"","gt_translate_keys":["label"]},{"label":"5 Ads","value":"bfe","price":"350","pimage":"","pimage_id":"","pthumb":"","gt_translate_keys":["label"]},{"label":"10 Ads","value":"dsa","price":"700","pimage":"","pimage_id":"","pthumb":"","gt_translate_keys":["label"]}],"relations":[{"operator":false,"rules":[{"operator":false,"rules":{"cl_field":"wcpa-checkbox-group-1702402170666","cl_relation":"is","cl_val":"campsi"}}]}],"active":true,"tooltip":"","layOut":"","error":false,"gt_translate_keys":["label","description","tooltip"],"price_dependency":false,"cl_dependency":false,"value":""}]]}},"config":{"price_override":"","enable_recaptcha":false,"bind_quantity":false,"quantity_bind_formula":false,"disp_summ_show_option_price":false,"disp_summ_show_product_price":false,"disp_summ_show_total_price":true,"disp_summ_show_fee":false,"disp_summ_show_discount":false,"summary_title":"","options_total_label":"Options Price","total_label":"Total","options_product_label":"Product Price","fee_label":"Fee","discount_label":"Discount","has_price":true,"has_quantity_formula":false},"mc_unit":1,"tax_rate":1,"tax_rate_real":1,"discount":{"percentage":0,"fixed":0},"design":{"conf":{"LabelPosition":"above","DescPosition":"above","UploadField":"custom_1","QuantityFieldStyle":"default"},"css":{"LeftLabelWidth":"120px"}},"formulas":[],"lookuptables":[],"clones":false,"cartKey":false}},"_links":{"self":[{"href":"https:\/\/buyadsaccounts.net\/cs\/wp-json\/wp\/v2\/product\/4595","targetHints":{"allow":["GET"]}}],"collection":[{"href":"https:\/\/buyadsaccounts.net\/cs\/wp-json\/wp\/v2\/product"}],"about":[{"href":"https:\/\/buyadsaccounts.net\/cs\/wp-json\/wp\/v2\/types\/product"}],"version-history":[{"count":1,"href":"https:\/\/buyadsaccounts.net\/cs\/wp-json\/wp\/v2\/product\/4595\/revisions"}],"predecessor-version":[{"id":9541,"href":"https:\/\/buyadsaccounts.net\/cs\/wp-json\/wp\/v2\/product\/4595\/revisions\/9541"}],"wp:featuredmedia":[{"embeddable":true,"href":"https:\/\/buyadsaccounts.net\/cs\/wp-json\/wp\/v2\/media\/4404"}],"wp:attachment":[{"href":"https:\/\/buyadsaccounts.net\/cs\/wp-json\/wp\/v2\/media?parent=4595"}],"wp:term":[{"taxonomy":"product_brand","embeddable":true,"href":"https:\/\/buyadsaccounts.net\/cs\/wp-json\/wp\/v2\/product_brand?post=4595"},{"taxonomy":"product_cat","embeddable":true,"href":"https:\/\/buyadsaccounts.net\/cs\/wp-json\/wp\/v2\/product_cat?post=4595"},{"taxonomy":"product_tag","embeddable":true,"href":"https:\/\/buyadsaccounts.net\/cs\/wp-json\/wp\/v2\/product_tag?post=4595"}],"curies":[{"name":"wp","href":"https:\/\/api.w.org\/{rel}","templated":true}]}}