{"id":3411,"date":"2022-09-01T10:39:12","date_gmt":"2022-09-01T08:39:12","guid":{"rendered":"https:\/\/rentaccounts.net\/?post_type=product&#038;p=3411"},"modified":"2026-02-01T17:25:32","modified_gmt":"2026-02-01T17:25:32","slug":"ucet-pro-reklamy-na-facebooku","status":"publish","type":"product","link":"https:\/\/buyadsaccounts.net\/cs\/gads\/ucet-pro-reklamy-na-facebooku\/","title":{"rendered":"Koupit \u00fa\u010det Facebook Ads"},"content":{"rendered":"<h2>V\u00fdhody n\u00e1kupu reklamn\u00edch \u00fa\u010dt\u016f na Facebooku<\/h2>\n<p>Chcete pos\u00edlit online prezentaci sv\u00e9 firmy a oslovit \u0161ir\u0161\u00ed publikum? Jedn\u00edm z \u00fa\u010dinn\u00fdch zp\u016fsob\u016f, jak toho dos\u00e1hnout, je vyu\u017eit\u00ed reklam na Facebooku. Vytvo\u0159en\u00ed a spr\u00e1va v\u00edce \u00fa\u010dt\u016f Facebook Ads v\u0161ak m\u016f\u017ee b\u00fdt \u010dasov\u011b n\u00e1ro\u010dn\u00e1 a n\u00e1ro\u010dn\u00e1. Pr\u00e1v\u011b v tomto p\u0159\u00edpad\u011b m\u016f\u017ee n\u00e1kup \u00fa\u010dt\u016f Facebook Ads zm\u011bnit va\u0161i marketingovou strategii. V tomto p\u0159\u00edsp\u011bvku na blogu se budeme zab\u00fdvat v\u00fdhodami n\u00e1kupu \u00fa\u010dt\u016f Facebook Ads a t\u00edm, jak v\u00e1m mohou pomoci dos\u00e1hnout va\u0161ich obchodn\u00edch c\u00edl\u016f.<\/p>\n<h3>1. V\u011bt\u0161\u00ed dosah a viditelnost<\/h3>\n<p>Kdy\u017e si koup\u00edte \u00fa\u010dty Facebook Ads, okam\u017eit\u011b z\u00edsk\u00e1te p\u0159\u00edstup k \u0161ir\u0161\u00ed s\u00edti potenci\u00e1ln\u00edch z\u00e1kazn\u00edk\u016f. D\u00edky v\u00edce \u00fa\u010dt\u016fm, kter\u00e9 m\u00e1te k dispozici, m\u016f\u017eete c\u00edlit na r\u016fzn\u00e9 demografick\u00e9 skupiny, z\u00e1jmy a lokality, \u010d\u00edm\u017e zajist\u00edte, \u017ee va\u0161e reklamy oslov\u00ed spr\u00e1vn\u00e9 publikum. Tento v\u011bt\u0161\u00ed dosah a viditelnost mohou v\u00fdrazn\u011b zv\u00fd\u0161it va\u0161e \u0161ance na z\u00edsk\u00e1n\u00ed nov\u00fdch z\u00e1kazn\u00edk\u016f a zv\u00fd\u0161en\u00ed prodeje.<\/p>\n<h3>2. N\u00e1kladov\u011b efektivn\u00ed reklama<\/h3>\n<p>Provozov\u00e1n\u00ed reklamn\u00edch kampan\u00ed na Facebooku m\u016f\u017ee b\u00fdt n\u00e1kladn\u00e9, zejm\u00e9na pokud se zam\u011b\u0159ujete na velk\u00e9 publikum. Zakoupen\u00edm \u00fa\u010dt\u016f Facebook Ads m\u016f\u017eete sv\u016fj reklamn\u00ed rozpo\u010det rozd\u011blit mezi v\u00edce \u00fa\u010dt\u016f, co\u017e v\u00e1m umo\u017en\u00ed oslovit v\u00edce lid\u00ed, ani\u017e byste p\u0159i\u0161li o pen\u00edze. Tento n\u00e1kladov\u011b efektivn\u00ed p\u0159\u00edstup v\u00e1m umo\u017en\u00ed maximalizovat n\u00e1vratnost investic a vyt\u011b\u017eit z va\u0161eho reklamn\u00edho rozpo\u010dtu maximum.<\/p>\n<h3>3. Snadn\u00e9 A\/B testov\u00e1n\u00ed<\/h3>\n<p>Jedn\u00edm z kl\u00ed\u010d\u016f k \u00fasp\u011b\u0161n\u00e9 reklam\u011b je testov\u00e1n\u00ed a optimalizace kampan\u00ed. Kdy\u017e si koup\u00edte \u00fa\u010dty Facebook Ads, m\u00e1te mo\u017enost efektivn\u011bji prov\u00e1d\u011bt A\/B testy. Vytvo\u0159en\u00edm v\u00edce \u00fa\u010dt\u016f m\u016f\u017eete sou\u010dasn\u011b testovat r\u016fzn\u00e9 kreativy reklam, nadpisy a mo\u017enosti c\u00edlen\u00ed. To v\u00e1m umo\u017en\u00ed shrom\u00e1\u017edit cenn\u00e9 \u00fadaje a poznatky, kter\u00e9 v\u00e1m pomohou vylep\u0161it va\u0161i reklamn\u00ed strategii pro dosa\u017een\u00ed lep\u0161\u00edch v\u00fdsledk\u016f.<\/p>\n<h3>4. Vylep\u0161en\u00e9 zabezpe\u010den\u00ed reklamn\u00edch \u00fa\u010dt\u016f<\/h3>\n<p>Bezpe\u010dnost je p\u0159i spr\u00e1v\u011b \u00fa\u010dt\u016f online reklamy nejvy\u0161\u0161\u00ed prioritou. Zakoupen\u00edm \u00fa\u010dt\u016f Facebook Ads m\u016f\u017eete minimalizovat riziko ohro\u017een\u00ed va\u0161eho hlavn\u00edho \u00fa\u010dtu. M\u00edt v\u00edce \u00fa\u010dt\u016f poskytuje dal\u0161\u00ed \u00farove\u0148 zabezpe\u010den\u00ed, proto\u017ee p\u0159\u00edpadn\u00e9 probl\u00e9my s jedn\u00edm \u00fa\u010dtem neovlivn\u00ed ostatn\u00ed. Tento klid v\u00e1m umo\u017en\u00ed soust\u0159edit se na veden\u00ed kampan\u00ed bez obav z mo\u017en\u00e9ho naru\u0161en\u00ed bezpe\u010dnosti.<\/p>\n<h3>5. \u00daspora \u010dasu a efektivita<\/h3>\n<p>Vytv\u00e1\u0159en\u00ed a spr\u00e1va v\u00edce \u00fa\u010dt\u016f Facebook Ads m\u016f\u017ee b\u00fdt \u010dasov\u011b n\u00e1ro\u010dn\u00e1 a zdrcuj\u00edc\u00ed. Zakoupen\u00edm \u00fa\u010dt\u016f Facebook Ads m\u016f\u017eete u\u0161et\u0159it drahocenn\u00fd \u010das a \u00fasil\u00ed. M\u00edsto toho, abyste za\u010d\u00ednali od nuly, m\u016f\u017eete vyu\u017e\u00edt existuj\u00edc\u00ed \u00fa\u010dty, kter\u00e9 jsou ji\u017e nastaven\u00e9 a p\u0159ipraven\u00e9 k pou\u017eit\u00ed. M\u016f\u017eete se tak soust\u0159edit na optimalizaci kampan\u00ed a dosa\u017een\u00ed marketingov\u00fdch c\u00edl\u016f bez starost\u00ed s vytv\u00e1\u0159en\u00edm a spr\u00e1vou \u00fa\u010dt\u016f.<\/p>\n<h3>Z\u00e1v\u011br<\/h3>\n<p>N\u00e1kup \u00fa\u010dt\u016f Facebook Ads m\u016f\u017ee b\u00fdt chytr\u00fdm krokem pro firmy, kter\u00e9 cht\u011bj\u00ed roz\u0161\u00ed\u0159it sv\u016fj dosah na internetu a maximalizovat sv\u00e9 reklamn\u00ed \u00fasil\u00ed. D\u00edky v\u011bt\u0161\u00edmu dosahu a viditelnosti, n\u00e1kladov\u011b efektivn\u00ed reklam\u011b, zjednodu\u0161en\u00e9mu A\/B testov\u00e1n\u00ed, zv\u00fd\u0161en\u00e9mu zabezpe\u010den\u00ed a v\u00fdhod\u00e1m \u00faspory \u010dasu m\u016f\u017ee n\u00e1kup \u00fa\u010dt\u016f Facebook Ads poskytnout va\u0161\u00ed firm\u011b konkuren\u010dn\u00ed v\u00fdhodu. Pro\u010d tedy \u010dekat? Za\u010dn\u011bte zkoumat dostupn\u00e9 mo\u017enosti a posu\u0148te svou reklamn\u00ed strategii na Facebooku do nov\u00fdch v\u00fd\u0161in!<\/p>\n<p>&nbsp;<\/p>","protected":false},"excerpt":{"rendered":"<p>Hled\u00e1te \u00fa\u010det Facebook Ads pro spu\u0161t\u011bn\u00ed kampan\u00ed na Facebooku? M\u016f\u017eeme v\u00e1m poskytnout pln\u011b ov\u011b\u0159en\u00fd \u00fa\u010det Facebook Ads s Business Managerem.<\/p>","protected":false},"featured_media":3412,"template":"","meta":{"_acf_changed":false,"_glsr_average":5,"_glsr_ranking":4.7058823529412,"_glsr_reviews":41},"product_brand":[],"product_cat":[162],"product_tag":[],"class_list":{"0":"post-3411","1":"product","2":"type-product","3":"status-publish","4":"has-post-thumbnail","6":"product_cat-facebook-ads-account","7":"wcpa_has_options","9":"first","10":"instock","11":"purchasable","12":"product-type-simple"},"acf":[],"yoast_head":"<!-- This site is optimized with the Yoast SEO Premium plugin v26.7 (Yoast SEO v27.4) - https:\/\/yoast.com\/product\/yoast-seo-premium-wordpress\/ -->\n<title>Buy Facebook Ads Accounts - Business Manager Verified<\/title>\n<meta name=\"description\" content=\"Buy Facebook Ads accounts with verified Business Manager. Premium accounts ready to publish campaigns instantly. Advertise on Facebook Ads with our accounts.\" \/>\n<meta name=\"robots\" content=\"index, follow, max-snippet:-1, max-image-preview:large, max-video-preview:-1\" \/>\n<link rel=\"canonical\" href=\"https:\/\/buyadsaccounts.net\/cs\/gads\/ucet-pro-reklamy-na-facebooku\/\" \/>\n<meta property=\"og:locale\" content=\"cs_CZ\" \/>\n<meta property=\"og:type\" content=\"article\" \/>\n<meta property=\"og:title\" content=\"Buy Facebook Ads Account\" \/>\n<meta property=\"og:description\" content=\"Buy Facebook Ads accounts with verified Business Manager. Premium accounts ready to publish campaigns instantly. Advertise on Facebook Ads with our accounts.\" \/>\n<meta property=\"og:url\" content=\"https:\/\/buyadsaccounts.net\/cs\/gads\/ucet-pro-reklamy-na-facebooku\/\" \/>\n<meta property=\"og:site_name\" content=\"BuyAdsAccounts\" \/>\n<meta property=\"article:modified_time\" content=\"2026-02-01T17:25:32+00:00\" \/>\n<meta property=\"og:image\" content=\"https:\/\/buyadsaccounts.net\/wp-content\/uploads\/2022\/09\/facebook-ads-accounts-marketplace.jpg\" \/>\n\t<meta property=\"og:image:width\" content=\"600\" \/>\n\t<meta property=\"og:image:height\" content=\"600\" \/>\n\t<meta property=\"og:image:type\" content=\"image\/jpeg\" \/>\n<meta name=\"twitter:card\" content=\"summary_large_image\" \/>\n<meta name=\"twitter:label1\" content=\"Odhadovan\u00e1 doba \u010dten\u00ed\" \/>\n\t<meta name=\"twitter:data1\" content=\"3 minuty\" \/>\n<script type=\"application\/ld+json\" class=\"yoast-schema-graph\">{\"@context\":\"https:\\\/\\\/schema.org\",\"@graph\":[{\"@type\":\"WebPage\",\"@id\":\"https:\\\/\\\/buyadsaccounts.net\\\/gads\\\/facebook-ads-account\\\/\",\"url\":\"https:\\\/\\\/buyadsaccounts.net\\\/gads\\\/facebook-ads-account\\\/\",\"name\":\"Buy Facebook Ads Accounts - Business Manager Verified\",\"isPartOf\":{\"@id\":\"https:\\\/\\\/buyadsaccounts.net\\\/#website\"},\"primaryImageOfPage\":{\"@id\":\"https:\\\/\\\/buyadsaccounts.net\\\/gads\\\/facebook-ads-account\\\/#primaryimage\"},\"image\":{\"@id\":\"https:\\\/\\\/buyadsaccounts.net\\\/gads\\\/facebook-ads-account\\\/#primaryimage\"},\"thumbnailUrl\":\"https:\\\/\\\/buyadsaccounts.net\\\/wp-content\\\/uploads\\\/2022\\\/09\\\/facebook-ads-accounts-marketplace.jpg\",\"datePublished\":\"2022-09-01T08:39:12+00:00\",\"dateModified\":\"2026-02-01T17:25:32+00:00\",\"description\":\"Buy Facebook Ads accounts with verified Business Manager. Premium accounts ready to publish campaigns instantly. Advertise on Facebook Ads with our accounts.\",\"breadcrumb\":{\"@id\":\"https:\\\/\\\/buyadsaccounts.net\\\/gads\\\/facebook-ads-account\\\/#breadcrumb\"},\"inLanguage\":\"cs\",\"potentialAction\":[{\"@type\":\"ReadAction\",\"target\":[\"https:\\\/\\\/buyadsaccounts.net\\\/gads\\\/facebook-ads-account\\\/\"]}]},{\"@type\":\"ImageObject\",\"inLanguage\":\"cs\",\"@id\":\"https:\\\/\\\/buyadsaccounts.net\\\/gads\\\/facebook-ads-account\\\/#primaryimage\",\"url\":\"https:\\\/\\\/buyadsaccounts.net\\\/wp-content\\\/uploads\\\/2022\\\/09\\\/facebook-ads-accounts-marketplace.jpg\",\"contentUrl\":\"https:\\\/\\\/buyadsaccounts.net\\\/wp-content\\\/uploads\\\/2022\\\/09\\\/facebook-ads-accounts-marketplace.jpg\",\"width\":600,\"height\":600},{\"@type\":\"BreadcrumbList\",\"@id\":\"https:\\\/\\\/buyadsaccounts.net\\\/gads\\\/facebook-ads-account\\\/#breadcrumb\",\"itemListElement\":[{\"@type\":\"ListItem\",\"position\":1,\"name\":\"Home\",\"item\":\"https:\\\/\\\/buyadsaccounts.net\\\/\"},{\"@type\":\"ListItem\",\"position\":2,\"name\":\"Shop\",\"item\":\"https:\\\/\\\/buyadsaccounts.net\\\/ar\\\/%d9%85%d8%aa%d8%ac%d8%b1\\\/\"},{\"@type\":\"ListItem\",\"position\":3,\"name\":\"Buy Facebook Ads Account\"}]},{\"@type\":\"WebSite\",\"@id\":\"https:\\\/\\\/buyadsaccounts.net\\\/#website\",\"url\":\"https:\\\/\\\/buyadsaccounts.net\\\/\",\"name\":\"BuyAdsAccounts\",\"description\":\"\",\"publisher\":{\"@id\":\"https:\\\/\\\/buyadsaccounts.net\\\/#organization\"},\"potentialAction\":[{\"@type\":\"SearchAction\",\"target\":{\"@type\":\"EntryPoint\",\"urlTemplate\":\"https:\\\/\\\/buyadsaccounts.net\\\/?s={search_term_string}\"},\"query-input\":{\"@type\":\"PropertyValueSpecification\",\"valueRequired\":true,\"valueName\":\"search_term_string\"}}],\"inLanguage\":\"cs\"},{\"@type\":\"Organization\",\"@id\":\"https:\\\/\\\/buyadsaccounts.net\\\/#organization\",\"name\":\"Buy Google Ads Accounts\",\"url\":\"https:\\\/\\\/buyadsaccounts.net\\\/\",\"logo\":{\"@type\":\"ImageObject\",\"inLanguage\":\"cs\",\"@id\":\"https:\\\/\\\/buyadsaccounts.net\\\/#\\\/schema\\\/logo\\\/image\\\/\",\"url\":\"https:\\\/\\\/buyadsaccounts.net\\\/wp-content\\\/uploads\\\/2024\\\/12\\\/buyads-fav.jpg\",\"contentUrl\":\"https:\\\/\\\/buyadsaccounts.net\\\/wp-content\\\/uploads\\\/2024\\\/12\\\/buyads-fav.jpg\",\"width\":512,\"height\":512,\"caption\":\"Buy Google Ads Accounts\"},\"image\":{\"@id\":\"https:\\\/\\\/buyadsaccounts.net\\\/#\\\/schema\\\/logo\\\/image\\\/\"}}]}<\/script>\n<!-- \/ Yoast SEO Premium plugin. -->","yoast_head_json":{"title":"Koupit reklamn\u00ed \u00fa\u010dty na Facebooku - Ov\u011b\u0159eno Business Managerem","description":"Koupit \u00fa\u010dty Facebook Ads s ov\u011b\u0159en\u00fdm Business Managerem. Pr\u00e9miov\u00e9 \u00fa\u010dty p\u0159ipraven\u00e9 k okam\u017eit\u00e9mu publikov\u00e1n\u00ed kampan\u00ed. Inzerujte na Facebook Ads s na\u0161imi \u00fa\u010dty.","robots":{"index":"index","follow":"follow","max-snippet":"max-snippet:-1","max-image-preview":"max-image-preview:large","max-video-preview":"max-video-preview:-1"},"canonical":"https:\/\/buyadsaccounts.net\/cs\/gads\/ucet-pro-reklamy-na-facebooku\/","og_locale":"cs_CZ","og_type":"article","og_title":"Buy Facebook Ads Account","og_description":"Buy Facebook Ads accounts with verified Business Manager. Premium accounts ready to publish campaigns instantly. Advertise on Facebook Ads with our accounts.","og_url":"https:\/\/buyadsaccounts.net\/cs\/gads\/ucet-pro-reklamy-na-facebooku\/","og_site_name":"BuyAdsAccounts","article_modified_time":"2026-02-01T17:25:32+00:00","og_image":[{"width":600,"height":600,"url":"https:\/\/buyadsaccounts.net\/wp-content\/uploads\/2022\/09\/facebook-ads-accounts-marketplace.jpg","type":"image\/jpeg"}],"twitter_card":"summary_large_image","twitter_misc":{"Odhadovan\u00e1 doba \u010dten\u00ed":"3 minuty"},"schema":{"@context":"https:\/\/schema.org","@graph":[{"@type":"WebPage","@id":"https:\/\/buyadsaccounts.net\/gads\/facebook-ads-account\/","url":"https:\/\/buyadsaccounts.net\/gads\/facebook-ads-account\/","name":"Koupit reklamn\u00ed \u00fa\u010dty na Facebooku - Ov\u011b\u0159eno Business Managerem","isPartOf":{"@id":"https:\/\/buyadsaccounts.net\/#website"},"primaryImageOfPage":{"@id":"https:\/\/buyadsaccounts.net\/gads\/facebook-ads-account\/#primaryimage"},"image":{"@id":"https:\/\/buyadsaccounts.net\/gads\/facebook-ads-account\/#primaryimage"},"thumbnailUrl":"https:\/\/buyadsaccounts.net\/wp-content\/uploads\/2022\/09\/facebook-ads-accounts-marketplace.jpg","datePublished":"2022-09-01T08:39:12+00:00","dateModified":"2026-02-01T17:25:32+00:00","description":"Koupit \u00fa\u010dty Facebook Ads s ov\u011b\u0159en\u00fdm Business Managerem. Pr\u00e9miov\u00e9 \u00fa\u010dty p\u0159ipraven\u00e9 k okam\u017eit\u00e9mu publikov\u00e1n\u00ed kampan\u00ed. Inzerujte na Facebook Ads s na\u0161imi \u00fa\u010dty.","breadcrumb":{"@id":"https:\/\/buyadsaccounts.net\/gads\/facebook-ads-account\/#breadcrumb"},"inLanguage":"cs","potentialAction":[{"@type":"ReadAction","target":["https:\/\/buyadsaccounts.net\/gads\/facebook-ads-account\/"]}]},{"@type":"ImageObject","inLanguage":"cs","@id":"https:\/\/buyadsaccounts.net\/gads\/facebook-ads-account\/#primaryimage","url":"https:\/\/buyadsaccounts.net\/wp-content\/uploads\/2022\/09\/facebook-ads-accounts-marketplace.jpg","contentUrl":"https:\/\/buyadsaccounts.net\/wp-content\/uploads\/2022\/09\/facebook-ads-accounts-marketplace.jpg","width":600,"height":600},{"@type":"BreadcrumbList","@id":"https:\/\/buyadsaccounts.net\/gads\/facebook-ads-account\/#breadcrumb","itemListElement":[{"@type":"ListItem","position":1,"name":"Home","item":"https:\/\/buyadsaccounts.net\/"},{"@type":"ListItem","position":2,"name":"Shop","item":"https:\/\/buyadsaccounts.net\/ar\/%d9%85%d8%aa%d8%ac%d8%b1\/"},{"@type":"ListItem","position":3,"name":"Buy Facebook Ads Account"}]},{"@type":"WebSite","@id":"https:\/\/buyadsaccounts.net\/#website","url":"https:\/\/buyadsaccounts.net\/","name":"BuyAdsAccounts","description":"","publisher":{"@id":"https:\/\/buyadsaccounts.net\/#organization"},"potentialAction":[{"@type":"SearchAction","target":{"@type":"EntryPoint","urlTemplate":"https:\/\/buyadsaccounts.net\/?s={search_term_string}"},"query-input":{"@type":"PropertyValueSpecification","valueRequired":true,"valueName":"search_term_string"}}],"inLanguage":"cs"},{"@type":"Organization","@id":"https:\/\/buyadsaccounts.net\/#organization","name":"Koupit \u00fa\u010dty Google Ads","url":"https:\/\/buyadsaccounts.net\/","logo":{"@type":"ImageObject","inLanguage":"cs","@id":"https:\/\/buyadsaccounts.net\/#\/schema\/logo\/image\/","url":"https:\/\/buyadsaccounts.net\/wp-content\/uploads\/2024\/12\/buyads-fav.jpg","contentUrl":"https:\/\/buyadsaccounts.net\/wp-content\/uploads\/2024\/12\/buyads-fav.jpg","width":512,"height":512,"caption":"Buy Google Ads Accounts"},"image":{"@id":"https:\/\/buyadsaccounts.net\/#\/schema\/logo\/image\/"}}]}},"wcpa_form_fields":{"wcpaData":{"product":{"product_price":0,"price_html":"<span class=\"woocommerce-Price-amount amount\"><bdi>0<span class=\"woocommerce-Price-currencySymbol\">&#36;<\/span><\/bdi><\/span>","original_product_price":0,"price_including_tax":0,"price_excluding_tax":0,"product_id":{"parent":3411,"variation":false},"is_variable":false,"stock_status":"instock","stock_quantity":null,"parent_sku":"","product_attributes":[],"custom_fields":[],"is_taxable":false,"product_name":"Buy Facebook Ads Account","hasImage":false},"fields":{"sec_9676e73d9751a8":{"extra":{"key":"sec_9676e73d9751a8","section_id":"sec_9676e73d9751a8","name":"Default","status":1,"cl_rule":"show","enableCl":false,"relations":[],"toggle":true,"title_tag":"h3","show_title":false,"showPrice":"default","form_id":4409,"form_rules":{"exclude_from_discount":false,"fee_label":"\u8d39\u7528","disp_hide_options_price":false,"disp_show_section_price":false,"disp_show_field_price":true,"layout_option":"standard","pric_use_as_fee":false,"process_fee_as":"woo_fee"},"layout_option":"standard"},"fields":[[{"type":"checkbox-group","required":true,"elementId":"wcpa-checkbox-group-1643471137938","label":"Account Options","enablePrice":true,"priceOptions":"different_for_all","pricingType":"fixed","price":"100","name":"checkbox-group-1643471137938","min_options":"1","other_text":"Other","cl_rule":"show","col":6,"values":[{"label":"2021 USD Account","value":"usd-account-buy1","price":"300","pimage":"","pimage_id":"","pthumb":"","gt_translate_keys":["label"]},{"label":"2022 EUR Account","value":"eur-account-buy1","price":"300","pimage":"","pimage_id":"","pthumb":"","gt_translate_keys":["label"]},{"label":"2023 GBP Account","value":"gbp-account-buy1","price":"200","pimage":"","pimage_id":"","pthumb":"","gt_translate_keys":["label"]}],"relations":false,"active":true,"tooltip":"","layOut":"inline","isWeightTemplate":false,"error":false,"isTemplate":false,"checkUi":"","min_quantity":"1","quantity_decimal":false,"quantity_step":"1","quantity_label":"Quantity","repeater_field_label":"{field_label}","repeater_bind":"","gt_translate_keys":["label","tooltip","repeater_field_label","quantity_label"],"price_dependency":false,"cl_dependency":false,"value":""}],[{"type":"checkbox-group","elementId":"wcpa-checkbox-group-1708272968133","label":"Extra Services","enablePrice":true,"priceOptions":"different_for_all","pricingType":"fixed","price":"100","name":"checkbox-group-1708272968132","min_options":"1","other_text":"Other","enableCl":false,"cl_rule":"show","cl_val":"addcc","col":6,"values":[{"label":"Credit Card","value":"addcc","price":"100","pimage":"","pimage_id":"","pthumb":"","tempId":"aco_3459","gt_translate_keys":["label"]},{"label":"Cloaking ( Crypto, IPTV, Gambling, Casino, Affiliate)","value":"blak-cat","price":"100","pimage":"","pimage_id":"","pthumb":"","tempId":"aco_3460","gt_translate_keys":["label"]},{"label":"Ads Manager","value":"ama02","price":"100","pimage":"","pimage_id":"","pthumb":"","tempId":"aco_3461","gt_translate_keys":["label"]},{"label":"Premium Proxy","value":"prexpxo","selected":false,"tempId":"aco_3543","price":"20","gt_translate_keys":["label"]},{"label":"Premium Warranty","value":"premwar","selected":false,"tempId":"aco_1207","price":"500","gt_translate_keys":["label"]}],"relations":[{"operator":false,"rules":[{"operator":false,"rules":{"cl_field":"wcpa-checkbox-group-1708272968133","cl_relation":"is","cl_val":"addcc"}}]}],"active":true,"tooltip":"<a href=\"https:\/\/help.buyadsaccounts.net\/hc\/helpcenter\/articles\/1754560957-additional-options\" target=\"blank\">Read More<\/a>","layOut":"","checkUi":"","error":false,"isWeightTemplate":false,"isTemplate":false,"min_quantity":"1","quantity_decimal":false,"quantity_step":"1","quantity_label":"Quantity","repeater_field_label":"{field_label}","repeater_bind":"","gt_translate_keys":["label","tooltip","repeater_field_label","quantity_label"],"price_dependency":false,"cl_dependency":["wcpa-checkbox-group-1711017426681","wcpa-checkbox-group-1711017486331","wcpa-number-1702422483197"],"value":""}],[{"type":"checkbox-group","required":true,"elementId":"wcpa-checkbox-group-1711017426681","label":"Cloaking - How many URLs?","description":"Price per URL","enablePrice":true,"priceOptions":"different_for_all","pricingType":"fixed","price":"100","name":"checkbox-group-1711017426680","min_options":"1","other_text":"Other","enableCl":true,"cl_rule":"show","cl_val":"black-cam","col":6,"values":[{"label":"1 URL","value":"gee","price":"0","pimage":"","pimage_id":"","pthumb":"","gt_translate_keys":["label"]},{"label":"2 URLs","value":"tws","price":"100","pimage":"","pimage_id":"","pthumb":"","gt_translate_keys":["label"]},{"label":"3 URLs","value":"gr4","price":"200","pimage":"","pimage_id":"","pthumb":"","gt_translate_keys":["label"]},{"label":"5 URLs","value":"bew","price":"350","pimage":"","pimage_id":"","pthumb":"","gt_translate_keys":["label"]},{"label":"10 URLs","value":"blg","price":"700","pimage":"","pimage_id":"","pthumb":"","gt_translate_keys":["label"]}],"relations":[{"operator":false,"rules":[{"operator":false,"rules":{"cl_field":"wcpa-checkbox-group-1708272968133","cl_relation":"is","cl_val":"black-cam"}}]}],"active":true,"tooltip":"","layOut":"","gt_translate_keys":["label","description","tooltip"],"price_dependency":false,"cl_dependency":false,"value":""}],[{"type":"checkbox-group","required":true,"elementId":"wcpa-checkbox-group-1711017486331","label":"Ads Manager - How many ADS?","description":"Price per AD","enablePrice":true,"priceOptions":"different_for_all","pricingType":"fixed","price":"100","name":"checkbox-group-1711017486330","min_options":"1","other_text":"Other","enableCl":true,"cl_rule":"show","cl_val":"ama02","col":6,"values":[{"label":"1 Ad","value":"gee","price":"0","pimage":"","pimage_id":"","pthumb":"","gt_translate_keys":["label"]},{"label":"2 Ads","value":"tws","price":"100","pimage":"","pimage_id":"","pthumb":"","gt_translate_keys":["label"]},{"label":"3 Ads","value":"gr4","price":"200","pimage":"","pimage_id":"","pthumb":"","gt_translate_keys":["label"]},{"label":"5 Ads","value":"bew","price":"350","pimage":"","pimage_id":"","pthumb":"","gt_translate_keys":["label"]},{"label":"10 Ads","value":"blg","price":"700","pimage":"","pimage_id":"","pthumb":"","gt_translate_keys":["label"]}],"relations":[{"operator":false,"rules":[{"operator":false,"rules":{"cl_field":"wcpa-checkbox-group-1708272968133","cl_relation":"is","cl_val":"ama02"}}]}],"active":true,"tooltip":"","layOut":"","gt_translate_keys":["label","description","tooltip"],"price_dependency":false,"cl_dependency":false,"value":""}],[{"type":"number","required":true,"elementId":"wcpa-number-1702422483197","label":"Add Funds to the account","description":"5% fee","enablePrice":true,"pricingType":"multiply","price":"1","min":"25","max":"50000","name":"number-1702422483197","enableCl":true,"cl_rule":"show","cl_val":"addcc","col":6,"relations":[{"operator":false,"rules":[{"operator":false,"rules":{"cl_field":"wcpa-checkbox-group-1708272968133","cl_relation":"is","cl_val":"addcc"}}]}],"active":true,"tooltip":"","error":false,"gt_translate_keys":["label","description","tooltip"],"price_dependency":false,"cl_dependency":false,"value":""}]]}},"config":{"price_override":"","enable_recaptcha":false,"bind_quantity":false,"quantity_bind_formula":false,"disp_summ_show_option_price":false,"disp_summ_show_product_price":false,"disp_summ_show_total_price":true,"disp_summ_show_fee":false,"disp_summ_show_discount":false,"summary_title":"","options_total_label":"\u671f\u6743\u4ef7\u683c","total_label":"\u603b\u8ba1","options_product_label":"\u4ea7\u54c1\u4ef7\u683c","fee_label":"\u8d39\u7528","discount_label":"\u6298\u6263","has_price":true,"has_quantity_formula":false},"mc_unit":1,"tax_rate":1,"tax_rate_real":1,"discount":{"percentage":0,"fixed":0},"design":{"conf":{"LabelPosition":"above","DescPosition":"above","UploadField":"custom_1","QuantityFieldStyle":"default"},"css":{"LeftLabelWidth":"120px"}},"formulas":[],"lookuptables":[],"clones":false,"cartKey":false}},"_links":{"self":[{"href":"https:\/\/buyadsaccounts.net\/cs\/wp-json\/wp\/v2\/product\/3411","targetHints":{"allow":["GET"]}}],"collection":[{"href":"https:\/\/buyadsaccounts.net\/cs\/wp-json\/wp\/v2\/product"}],"about":[{"href":"https:\/\/buyadsaccounts.net\/cs\/wp-json\/wp\/v2\/types\/product"}],"version-history":[{"count":1,"href":"https:\/\/buyadsaccounts.net\/cs\/wp-json\/wp\/v2\/product\/3411\/revisions"}],"predecessor-version":[{"id":9545,"href":"https:\/\/buyadsaccounts.net\/cs\/wp-json\/wp\/v2\/product\/3411\/revisions\/9545"}],"wp:featuredmedia":[{"embeddable":true,"href":"https:\/\/buyadsaccounts.net\/cs\/wp-json\/wp\/v2\/media\/3412"}],"wp:attachment":[{"href":"https:\/\/buyadsaccounts.net\/cs\/wp-json\/wp\/v2\/media?parent=3411"}],"wp:term":[{"taxonomy":"product_brand","embeddable":true,"href":"https:\/\/buyadsaccounts.net\/cs\/wp-json\/wp\/v2\/product_brand?post=3411"},{"taxonomy":"product_cat","embeddable":true,"href":"https:\/\/buyadsaccounts.net\/cs\/wp-json\/wp\/v2\/product_cat?post=3411"},{"taxonomy":"product_tag","embeddable":true,"href":"https:\/\/buyadsaccounts.net\/cs\/wp-json\/wp\/v2\/product_tag?post=3411"}],"curies":[{"name":"wp","href":"https:\/\/api.w.org\/{rel}","templated":true}]}}