{"id":324,"date":"2021-07-13T14:00:43","date_gmt":"2021-07-13T11:00:43","guid":{"rendered":"https:\/\/www.revohackers.net\/?post_type=product&#038;p=324"},"modified":"2026-02-04T18:16:26","modified_gmt":"2026-02-04T18:16:26","slug":"koupit-ucet-google-ads","status":"publish","type":"product","link":"https:\/\/buyadsaccounts.net\/cs\/gads\/koupit-ucet-google-ads\/","title":{"rendered":"Koupit \u00fa\u010dty Google Ads"},"content":{"rendered":"<p>Google Ads je jednou z nejobl\u00edben\u011bj\u0161\u00edch online reklamn\u00edch platforem, kter\u00e1 umo\u017e\u0148uje firm\u00e1m oslovit c\u00edlov\u00e9 publikum a zv\u00fd\u0161it n\u00e1v\u0161t\u011bvnost jejich webov\u00fdch str\u00e1nek. Pokud si chcete koupit \u00fa\u010dty Google Ads, je d\u016fle\u017eit\u00e9, abyste tak u\u010dinili bezpe\u010dn\u011b a efektivn\u011b. V tomto \u010dl\u00e1nku v\u00e1s provedeme procesem n\u00e1kupu \u00fa\u010dt\u016f Google Ads a poskytneme v\u00e1m n\u011bkolik tip\u016f, kter\u00e9 v\u00e1m zajist\u00ed bezprobl\u00e9mov\u00fd pr\u016fb\u011bh.<\/p>\n<h2>Pro\u010d si koupit \u00fa\u010dty Google Ads?<\/h2>\n<p>Ne\u017e se pono\u0159\u00edme do podrobnost\u00ed, uv\u011bdomme si, pro\u010d by si n\u011bkdo m\u011bl cht\u00edt koupit \u00fa\u010dty Google Ads. Existuje n\u011bkolik d\u016fvod\u016f, pro\u010d se firmy nebo jednotlivci mohou rozhodnout koupit st\u00e1vaj\u00edc\u00ed \u00fa\u010dty Google Ads:<\/p>\n<ul>\n<li>Okam\u017eit\u00fd p\u0159\u00edstup k ji\u017e existuj\u00edc\u00edmu \u00fa\u010dtu s dobrou pov\u011bst\u00ed.<\/li>\n<li>Mo\u017enost obej\u00edt \u00favodn\u00ed proces nastaven\u00ed a za\u010d\u00edt ihned spou\u0161t\u011bt reklamy.<\/li>\n<li>P\u0159\u00edle\u017eitost vyu\u017e\u00edt historick\u00e1 data a v\u00fdkonnost \u00fa\u010dtu.<\/li>\n<\/ul>\n<h3>D\u016fle\u017eit\u00e9 \u00favahy<\/h3>\n<p>P\u0159ed dokon\u010den\u00edm n\u00e1kupu je t\u0159eba m\u00edt na pam\u011bti n\u011bkolik d\u016fle\u017eit\u00fdch informac\u00ed:<\/p>\n<ul>\n<li>St\u00e1\u0159\u00ed \u00fa\u010dtu a aktivita: Zkontrolujte st\u00e1\u0159\u00ed \u00fa\u010dtu a \u00farove\u0148 jeho aktivity. Star\u0161\u00ed \u00fa\u010dty s konzistentn\u00ed histori\u00ed spou\u0161t\u011bn\u00ed reklam jsou obecn\u011b spolehliv\u011bj\u0161\u00ed.<\/li>\n<li>Reputace \u00fa\u010dtu: Hledejte \u00fa\u010dty s dobrou pov\u011bst\u00ed, proto\u017ee to m\u016f\u017ee pozitivn\u011b ovlivnit v\u00fdkonnost reklamy a sk\u00f3re kvality.<\/li>\n<li>Proces p\u0159evodu \u00fa\u010dtu: Pochopte proces p\u0159evodu vlastnictv\u00ed a p\u0159\u00edstupu k \u00fa\u010dtu. Ujist\u011bte se, \u017ee prod\u00e1vaj\u00edc\u00ed poskytl v\u0161echny pot\u0159ebn\u00e9 p\u0159ihla\u0161ovac\u00ed \u00fadaje a informace o \u00fa\u010dtu.<\/li>\n<li>Bezpe\u010dnost a ochrana: D\u00e1vejte si pozor na podvody nebo podvodn\u00e9 prodejce. Vyvarujte se sd\u00edlen\u00ed citliv\u00fdch informac\u00ed a pro transakce pou\u017e\u00edvejte bezpe\u010dn\u00e9 platebn\u00ed metody.<\/li>\n<\/ul>\n<h3>Kroky po n\u00e1kupu<\/h3>\n<p>Po zakoupen\u00ed \u00fa\u010dtu Google Ads je t\u0159eba prov\u00e9st n\u011bkolik krok\u016f, kter\u00e9 zajist\u00ed hladk\u00fd p\u0159echod:<\/p>\n<ol>\n<li>Zm\u011bna p\u0159ihla\u0161ovac\u00edch \u00fadaj\u016f: Zm\u011b\u0148te p\u0159ihla\u0161ovac\u00ed \u00fadaje \u00fa\u010dtu, abyste zachovali bezpe\u010dnost a zabr\u00e1nili neopr\u00e1vn\u011bn\u00e9mu p\u0159\u00edstupu.<\/li>\n<li>Zkontrolujte nastaven\u00ed \u00fa\u010dtu: P\u0159ekontrolujte nastaven\u00ed \u00fa\u010dtu, v\u010detn\u011b faktura\u010dn\u00edch \u00fadaj\u016f, mo\u017enost\u00ed c\u00edlen\u00ed a reklamn\u00edch kampan\u00ed, abyste je sladili se sv\u00fdmi obchodn\u00edmi c\u00edli.<\/li>\n<li>Optimalizace a testov\u00e1n\u00ed: V\u011bnujte \u010das optimalizaci reklam a testov\u00e1n\u00ed r\u016fzn\u00fdch strategi\u00ed, abyste maximalizovali n\u00e1vratnost investic.<\/li>\n<\/ol>\n<h3>Z\u00e1v\u011br<\/h3>\n<p>N\u00e1kup \u00fa\u010dt\u016f Google Ads m\u016f\u017ee b\u00fdt vhodnou volbou pro firmy, kter\u00e9 cht\u011bj\u00ed rychle nastartovat sv\u00e9 reklamn\u00ed kampan\u011b. Je v\u0161ak d\u016fle\u017eit\u00e9 p\u0159istupovat k tomuto procesu obez\u0159etn\u011b a vybrat si renomovan\u00fd zdroj. Dodr\u017een\u00edm tip\u016f a \u00favah uveden\u00fdch v tomto \u010dl\u00e1nku m\u016f\u017eete bezpe\u010dn\u011b a efektivn\u011b nakoupit \u00fa\u010dty Google Ads a za\u010d\u00edt p\u0159iv\u00e1d\u011bt c\u00edlenou n\u00e1v\u0161t\u011bvnost na sv\u00e9 webov\u00e9 str\u00e1nky.<\/p>\n<p>&nbsp;<\/p>","protected":false},"excerpt":{"rendered":"<p>Spus\u0165te sv\u00e9 kampan\u011b v s\u00edti Google Search &amp; Display Network (Google.com, YouTube, Google Play, Google Shopping a dal\u0161\u00ed) pomoc\u00ed na\u0161ich ov\u011b\u0159en\u00fdch \u00fa\u010dt\u016f Google Ads.<\/p>","protected":false},"featured_media":4404,"template":"","meta":{"_acf_changed":false,"_glsr_average":4.9,"_glsr_ranking":4.6666666666667,"_glsr_reviews":50},"product_brand":[],"product_cat":[15],"product_tag":[],"class_list":{"0":"post-324","1":"product","2":"type-product","3":"status-publish","4":"has-post-thumbnail","6":"product_cat-google-adwords-accounts","7":"wcpa_has_options","9":"first","10":"instock","11":"purchasable","12":"product-type-simple"},"acf":[],"yoast_head":"<!-- This site is optimized with the Yoast SEO Premium plugin v26.7 (Yoast SEO v27.4) - https:\/\/yoast.com\/product\/yoast-seo-premium-wordpress\/ -->\n<title>Buy Google Ads Accounts - Advertise on Google Ads<\/title>\n<meta name=\"description\" content=\"Buy Google Ads Accounts with VCC Included. Old and Aged accounts ready to publish campaigns instantly. Advertise on Google Ads with our accounts.\" \/>\n<meta name=\"robots\" content=\"index, follow, max-snippet:-1, max-image-preview:large, max-video-preview:-1\" \/>\n<link rel=\"canonical\" href=\"https:\/\/buyadsaccounts.net\/cs\/gads\/koupit-ucet-google-ads\/\" \/>\n<meta property=\"og:locale\" content=\"cs_CZ\" \/>\n<meta property=\"og:type\" content=\"article\" \/>\n<meta property=\"og:title\" content=\"Buy Google Ads Accounts\" \/>\n<meta property=\"og:description\" content=\"Buy Google Ads Accounts with VCC Included. Old and Aged accounts ready to publish campaigns instantly. Advertise on Google Ads with our accounts.\" \/>\n<meta property=\"og:url\" content=\"https:\/\/buyadsaccounts.net\/cs\/gads\/koupit-ucet-google-ads\/\" \/>\n<meta property=\"og:site_name\" content=\"BuyAdsAccounts\" \/>\n<meta property=\"article:modified_time\" content=\"2026-02-04T18:16:26+00:00\" \/>\n<meta property=\"og:image\" content=\"https:\/\/buyadsaccounts.net\/wp-content\/uploads\/2021\/07\/google-ads-accounts-logo.png\" \/>\n\t<meta property=\"og:image:width\" content=\"512\" \/>\n\t<meta property=\"og:image:height\" content=\"512\" \/>\n\t<meta property=\"og:image:type\" content=\"image\/png\" \/>\n<meta name=\"twitter:card\" content=\"summary_large_image\" \/>\n<meta name=\"twitter:label1\" content=\"Odhadovan\u00e1 doba \u010dten\u00ed\" \/>\n\t<meta name=\"twitter:data1\" content=\"2 minuty\" \/>\n<script type=\"application\/ld+json\" class=\"yoast-schema-graph\">{\"@context\":\"https:\\\/\\\/schema.org\",\"@graph\":[{\"@type\":\"WebPage\",\"@id\":\"https:\\\/\\\/buyadsaccounts.net\\\/gads\\\/buy-google-ads-account\\\/\",\"url\":\"https:\\\/\\\/buyadsaccounts.net\\\/gads\\\/buy-google-ads-account\\\/\",\"name\":\"Buy Google Ads Accounts - Advertise on Google Ads\",\"isPartOf\":{\"@id\":\"https:\\\/\\\/buyadsaccounts.net\\\/#website\"},\"primaryImageOfPage\":{\"@id\":\"https:\\\/\\\/buyadsaccounts.net\\\/gads\\\/buy-google-ads-account\\\/#primaryimage\"},\"image\":{\"@id\":\"https:\\\/\\\/buyadsaccounts.net\\\/gads\\\/buy-google-ads-account\\\/#primaryimage\"},\"thumbnailUrl\":\"https:\\\/\\\/buyadsaccounts.net\\\/wp-content\\\/uploads\\\/2021\\\/07\\\/google-ads-accounts-logo.png\",\"datePublished\":\"2021-07-13T11:00:43+00:00\",\"dateModified\":\"2026-02-04T18:16:26+00:00\",\"description\":\"Buy Google Ads Accounts with VCC Included. Old and Aged accounts ready to publish campaigns instantly. Advertise on Google Ads with our accounts.\",\"breadcrumb\":{\"@id\":\"https:\\\/\\\/buyadsaccounts.net\\\/gads\\\/buy-google-ads-account\\\/#breadcrumb\"},\"inLanguage\":\"cs\",\"potentialAction\":[{\"@type\":\"ReadAction\",\"target\":[\"https:\\\/\\\/buyadsaccounts.net\\\/gads\\\/buy-google-ads-account\\\/\"]}]},{\"@type\":\"ImageObject\",\"inLanguage\":\"cs\",\"@id\":\"https:\\\/\\\/buyadsaccounts.net\\\/gads\\\/buy-google-ads-account\\\/#primaryimage\",\"url\":\"https:\\\/\\\/buyadsaccounts.net\\\/wp-content\\\/uploads\\\/2021\\\/07\\\/google-ads-accounts-logo.png\",\"contentUrl\":\"https:\\\/\\\/buyadsaccounts.net\\\/wp-content\\\/uploads\\\/2021\\\/07\\\/google-ads-accounts-logo.png\",\"width\":512,\"height\":512},{\"@type\":\"BreadcrumbList\",\"@id\":\"https:\\\/\\\/buyadsaccounts.net\\\/gads\\\/buy-google-ads-account\\\/#breadcrumb\",\"itemListElement\":[{\"@type\":\"ListItem\",\"position\":1,\"name\":\"Home\",\"item\":\"https:\\\/\\\/buyadsaccounts.net\\\/\"},{\"@type\":\"ListItem\",\"position\":2,\"name\":\"Shop\",\"item\":\"https:\\\/\\\/buyadsaccounts.net\\\/ar\\\/%d9%85%d8%aa%d8%ac%d8%b1\\\/\"},{\"@type\":\"ListItem\",\"position\":3,\"name\":\"Buy Google Ads Accounts\"}]},{\"@type\":\"WebSite\",\"@id\":\"https:\\\/\\\/buyadsaccounts.net\\\/#website\",\"url\":\"https:\\\/\\\/buyadsaccounts.net\\\/\",\"name\":\"BuyAdsAccounts\",\"description\":\"\",\"publisher\":{\"@id\":\"https:\\\/\\\/buyadsaccounts.net\\\/#organization\"},\"potentialAction\":[{\"@type\":\"SearchAction\",\"target\":{\"@type\":\"EntryPoint\",\"urlTemplate\":\"https:\\\/\\\/buyadsaccounts.net\\\/?s={search_term_string}\"},\"query-input\":{\"@type\":\"PropertyValueSpecification\",\"valueRequired\":true,\"valueName\":\"search_term_string\"}}],\"inLanguage\":\"cs\"},{\"@type\":\"Organization\",\"@id\":\"https:\\\/\\\/buyadsaccounts.net\\\/#organization\",\"name\":\"Buy Google Ads Accounts\",\"url\":\"https:\\\/\\\/buyadsaccounts.net\\\/\",\"logo\":{\"@type\":\"ImageObject\",\"inLanguage\":\"cs\",\"@id\":\"https:\\\/\\\/buyadsaccounts.net\\\/#\\\/schema\\\/logo\\\/image\\\/\",\"url\":\"https:\\\/\\\/buyadsaccounts.net\\\/wp-content\\\/uploads\\\/2024\\\/12\\\/buyads-fav.jpg\",\"contentUrl\":\"https:\\\/\\\/buyadsaccounts.net\\\/wp-content\\\/uploads\\\/2024\\\/12\\\/buyads-fav.jpg\",\"width\":512,\"height\":512,\"caption\":\"Buy Google Ads Accounts\"},\"image\":{\"@id\":\"https:\\\/\\\/buyadsaccounts.net\\\/#\\\/schema\\\/logo\\\/image\\\/\"}}]}<\/script>\n<!-- \/ Yoast SEO Premium plugin. -->","yoast_head_json":{"title":"Koupit \u00fa\u010dty Google Ads - Reklama na Google Ads","description":"Koupit \u00fa\u010dty Google Ads s VCC v cen\u011b. Star\u0161\u00ed a star\u0161\u00ed \u00fa\u010dty p\u0159ipraven\u00e9 k okam\u017eit\u00e9mu publikov\u00e1n\u00ed kampan\u00ed. Inzerujte na Google Ads s na\u0161imi \u00fa\u010dty.","robots":{"index":"index","follow":"follow","max-snippet":"max-snippet:-1","max-image-preview":"max-image-preview:large","max-video-preview":"max-video-preview:-1"},"canonical":"https:\/\/buyadsaccounts.net\/cs\/gads\/koupit-ucet-google-ads\/","og_locale":"cs_CZ","og_type":"article","og_title":"Buy Google Ads Accounts","og_description":"Buy Google Ads Accounts with VCC Included. Old and Aged accounts ready to publish campaigns instantly. Advertise on Google Ads with our accounts.","og_url":"https:\/\/buyadsaccounts.net\/cs\/gads\/koupit-ucet-google-ads\/","og_site_name":"BuyAdsAccounts","article_modified_time":"2026-02-04T18:16:26+00:00","og_image":[{"width":512,"height":512,"url":"https:\/\/buyadsaccounts.net\/wp-content\/uploads\/2021\/07\/google-ads-accounts-logo.png","type":"image\/png"}],"twitter_card":"summary_large_image","twitter_misc":{"Odhadovan\u00e1 doba \u010dten\u00ed":"2 minuty"},"schema":{"@context":"https:\/\/schema.org","@graph":[{"@type":"WebPage","@id":"https:\/\/buyadsaccounts.net\/gads\/buy-google-ads-account\/","url":"https:\/\/buyadsaccounts.net\/gads\/buy-google-ads-account\/","name":"Koupit \u00fa\u010dty Google Ads - Reklama na Google Ads","isPartOf":{"@id":"https:\/\/buyadsaccounts.net\/#website"},"primaryImageOfPage":{"@id":"https:\/\/buyadsaccounts.net\/gads\/buy-google-ads-account\/#primaryimage"},"image":{"@id":"https:\/\/buyadsaccounts.net\/gads\/buy-google-ads-account\/#primaryimage"},"thumbnailUrl":"https:\/\/buyadsaccounts.net\/wp-content\/uploads\/2021\/07\/google-ads-accounts-logo.png","datePublished":"2021-07-13T11:00:43+00:00","dateModified":"2026-02-04T18:16:26+00:00","description":"Koupit \u00fa\u010dty Google Ads s VCC v cen\u011b. Star\u0161\u00ed a star\u0161\u00ed \u00fa\u010dty p\u0159ipraven\u00e9 k okam\u017eit\u00e9mu publikov\u00e1n\u00ed kampan\u00ed. Inzerujte na Google Ads s na\u0161imi \u00fa\u010dty.","breadcrumb":{"@id":"https:\/\/buyadsaccounts.net\/gads\/buy-google-ads-account\/#breadcrumb"},"inLanguage":"cs","potentialAction":[{"@type":"ReadAction","target":["https:\/\/buyadsaccounts.net\/gads\/buy-google-ads-account\/"]}]},{"@type":"ImageObject","inLanguage":"cs","@id":"https:\/\/buyadsaccounts.net\/gads\/buy-google-ads-account\/#primaryimage","url":"https:\/\/buyadsaccounts.net\/wp-content\/uploads\/2021\/07\/google-ads-accounts-logo.png","contentUrl":"https:\/\/buyadsaccounts.net\/wp-content\/uploads\/2021\/07\/google-ads-accounts-logo.png","width":512,"height":512},{"@type":"BreadcrumbList","@id":"https:\/\/buyadsaccounts.net\/gads\/buy-google-ads-account\/#breadcrumb","itemListElement":[{"@type":"ListItem","position":1,"name":"Home","item":"https:\/\/buyadsaccounts.net\/"},{"@type":"ListItem","position":2,"name":"Shop","item":"https:\/\/buyadsaccounts.net\/ar\/%d9%85%d8%aa%d8%ac%d8%b1\/"},{"@type":"ListItem","position":3,"name":"Buy Google Ads Accounts"}]},{"@type":"WebSite","@id":"https:\/\/buyadsaccounts.net\/#website","url":"https:\/\/buyadsaccounts.net\/","name":"BuyAdsAccounts","description":"","publisher":{"@id":"https:\/\/buyadsaccounts.net\/#organization"},"potentialAction":[{"@type":"SearchAction","target":{"@type":"EntryPoint","urlTemplate":"https:\/\/buyadsaccounts.net\/?s={search_term_string}"},"query-input":{"@type":"PropertyValueSpecification","valueRequired":true,"valueName":"search_term_string"}}],"inLanguage":"cs"},{"@type":"Organization","@id":"https:\/\/buyadsaccounts.net\/#organization","name":"Koupit \u00fa\u010dty Google Ads","url":"https:\/\/buyadsaccounts.net\/","logo":{"@type":"ImageObject","inLanguage":"cs","@id":"https:\/\/buyadsaccounts.net\/#\/schema\/logo\/image\/","url":"https:\/\/buyadsaccounts.net\/wp-content\/uploads\/2024\/12\/buyads-fav.jpg","contentUrl":"https:\/\/buyadsaccounts.net\/wp-content\/uploads\/2024\/12\/buyads-fav.jpg","width":512,"height":512,"caption":"Buy Google Ads Accounts"},"image":{"@id":"https:\/\/buyadsaccounts.net\/#\/schema\/logo\/image\/"}}]}},"wcpa_form_fields":{"wcpaData":{"product":{"product_price":0,"price_html":"<span class=\"woocommerce-Price-amount amount\"><bdi>0<span class=\"woocommerce-Price-currencySymbol\">&#36;<\/span><\/bdi><\/span>","original_product_price":0,"price_including_tax":0,"price_excluding_tax":0,"product_id":{"parent":324,"variation":false},"is_variable":false,"stock_status":"instock","stock_quantity":null,"parent_sku":"","product_attributes":[],"custom_fields":[],"is_taxable":false,"product_name":"Buy Google Ads Accounts","hasImage":false},"fields":{"sec_9691f2ea597962":{"extra":{"key":"sec_9691f2ea597962","section_id":"sec_9691f2ea597962","name":"Default","status":1,"cl_rule":"show","enableCl":false,"relations":[],"toggle":true,"title_tag":"h3","show_title":false,"showPrice":"default","form_id":2608,"form_rules":{"exclude_from_discount":false,"fee_label":"Fee","disp_hide_options_price":false,"disp_show_section_price":false,"disp_show_field_price":true,"layout_option":"standard","pric_use_as_fee":false,"process_fee_as":"woo_fee"},"layout_option":"standard"},"fields":[[{"type":"checkbox-group","required":true,"elementId":"wcpa-checkbox-group-1643471137938","label":"Account Options","enablePrice":true,"priceOptions":"different_for_all","pricingType":"fixed","price":"100","name":"checkbox-group-1643471137938","min_options":"1","other_text":"Other","cl_rule":"show","col":6,"values":[{"label":"2022 Account","value":"2022-acc","price":"250","pimage":"","pimage_id":"","pthumb":"","tempId":"aco_143","gt_translate_keys":["label"]},{"label":"2023 Account","value":"2023-acc","price":"200","pimage":"","pimage_id":"","pthumb":"","tempId":"aco_144","gt_translate_keys":["label"]},{"label":"2025 Account","value":"2025-acc","selected":false,"tempId":"aco_154","price":"150","gt_translate_keys":["label"]}],"relations":false,"active":true,"tooltip":"","layOut":"inline","isWeightTemplate":false,"error":false,"isTemplate":false,"checkUi":"","min_quantity":"1","quantity_decimal":false,"quantity_step":"1","quantity_label":"Quantity","repeater_field_label":"{field_label}","repeater_bind":"","max_options":"1","gt_translate_keys":["label","tooltip","repeater_field_label","quantity_label"],"price_dependency":false,"cl_dependency":false,"value":""}],[{"label":"Account Currency","active":true,"required":true,"elementId":"checkbox-group-5651526461","tooltip":"","name":"checkbox-group-5651526461","enablePrice":false,"relations":false,"repeater_bind":"","repeater_field_label":"{field_label}","quantity_label":"Quantity","quantity_step":"1","quantity_decimal":false,"min_quantity":"1","max_options":"1","min_options":"1","checkUi":"","layOut":"inline","other_text":"Other","values":[{"label":"USD","value":"usd-ac","price":"350","pimage":"","pimage_id":"","pthumb":"","tempId":"aco_143","gt_translate_keys":["label"]},{"label":"EUR","value":"eur-ac","price":"300","pimage":"","pimage_id":"","pthumb":"","tempId":"aco_144","gt_translate_keys":["label"]},{"label":"CAD","value":"cad-ac","selected":false,"tempId":"aco_154","price":"250","gt_translate_keys":["label"]},{"label":"BRL","value":"brl-ac","selected":false,"tempId":"aco_823","gt_translate_keys":["label"]},{"label":"JPY","value":"jpy-ac","selected":false,"tempId":"aco_914","gt_translate_keys":["label"]},{"label":"CNY","value":"cny-ac","selected":false,"tempId":"aco_1059","gt_translate_keys":["label"]}],"priceOptions":"different_for_all","pricingType":"fixed","isTemplate":false,"price":"100","isWeightTemplate":false,"cl_rule":"show","col":6,"type":"checkbox-group","error":false,"gt_translate_keys":["label","tooltip","repeater_field_label","quantity_label"],"price_dependency":false,"cl_dependency":false,"value":""}],[{"type":"checkbox-group","elementId":"wcpa-checkbox-group-1708272658776","label":"Extra Services","enablePrice":true,"priceOptions":"different_for_all","pricingType":"fixed","price":"100","name":"checkbox-group-1708272658775","min_options":"1","other_text":"Other","cl_rule":"show","col":6,"values":[{"label":"Credit Card","value":"add-credit-card","price":"100","pimage":"","pimage_id":"","pthumb":"","tempId":"aco_1403","gt_translate_keys":["label"]},{"label":"Cloaking (Crypto, IPTV, Gambling, Casino, Affiliate)","value":"blak-cat","price":"100","pimage":"","pimage_id":"","pthumb":"","tempId":"aco_1404","gt_translate_keys":["label"]},{"label":"Ads Manager","value":"camp-mana","price":"100","pimage":"","pimage_id":"","pthumb":"","tempId":"aco_1405","gt_translate_keys":["label"]},{"label":"Premium Proxy","value":"proxy-pre","selected":false,"tempId":"aco_1874","price":"20","gt_translate_keys":["label"]},{"label":"Premium Warranty","value":"premwar","selected":false,"tempId":"aco_19","price":"500","gt_translate_keys":["label"]}],"relations":false,"active":true,"tooltip":"<a href=\"https:\/\/help.buyadsaccounts.net\/hc\/helpcenter\/articles\/1754560957-additional-options\" target=\"blank\">Read More<\/a>","layOut":"","isWeightTemplate":false,"error":false,"isTemplate":false,"checkUi":"","min_quantity":"1","quantity_decimal":false,"quantity_step":"1","quantity_label":"Quantity","repeater_field_label":"{field_label}","repeater_bind":"","description":"","gt_translate_keys":["label","description","tooltip","repeater_field_label","quantity_label"],"price_dependency":false,"cl_dependency":["wcpa-checkbox-group-1710974191252","wcpa-checkbox-group-1711016843007","wcpa-number-1702422400728"],"value":""}],[{"type":"checkbox-group","required":true,"elementId":"wcpa-checkbox-group-1710974191252","label":"Cloaking - How many URLs?","description":"Price per URL","enablePrice":true,"priceOptions":"different_for_all","pricingType":"fixed","price":"100","name":"checkbox-group-1710974191251","min_options":"1","other_text":"Other","enableCl":true,"cl_rule":"show","cl_val":"blak-cat","col":6,"values":[{"label":"1 URL","value":"1adurl","price":"0","pimage":"","pimage_id":"","pthumb":"","gt_translate_keys":["label"]},{"label":"2 URLs","value":"2ads","price":"100","pimage":"","pimage_id":"","pthumb":"","gt_translate_keys":["label"]},{"label":"3 URLs","value":"3ads","price":"200","pimage":"","pimage_id":"","pthumb":"","gt_translate_keys":["label"]},{"label":"5 URLs","value":"5ads","price":"350","pimage":"","pimage_id":"","pthumb":"","gt_translate_keys":["label"]},{"label":"10 URLs","value":"10ads","price":"700","pimage":"","pimage_id":"","pthumb":"","gt_translate_keys":["label"]}],"relations":[{"operator":false,"rules":[{"operator":false,"rules":{"cl_field":"wcpa-checkbox-group-1708272658776","cl_relation":"is","cl_val":"blak-cat"}}]}],"active":true,"tooltip":"","layOut":"","gt_translate_keys":["label","description","tooltip"],"price_dependency":false,"cl_dependency":false,"value":""}],[{"type":"checkbox-group","required":true,"elementId":"wcpa-checkbox-group-1711016843007","label":"Ads Manager - How many ADS?","description":"Price per AD","enablePrice":true,"priceOptions":"different_for_all","pricingType":"fixed","price":"100","name":"checkbox-group-1711016843006","min_options":"1","other_text":"Other","enableCl":true,"cl_rule":"show","cl_val":"camp-mana","col":6,"values":[{"label":"1 Ad","value":"1adurl","price":"0","pimage":"","pimage_id":"","pthumb":"","gt_translate_keys":["label"]},{"label":"2 Ads","value":"2ads","price":"100","pimage":"","pimage_id":"","pthumb":"","gt_translate_keys":["label"]},{"label":"3 Ads","value":"3ads","price":"200","pimage":"","pimage_id":"","pthumb":"","gt_translate_keys":["label"]},{"label":"5 Ads","value":"5ads","price":"350","pimage":"","pimage_id":"","pthumb":"","gt_translate_keys":["label"]},{"label":"10 Ads","value":"10ads","price":"700","pimage":"","pimage_id":"","pthumb":"","gt_translate_keys":["label"]}],"relations":[{"operator":false,"rules":[{"operator":false,"rules":{"cl_field":"wcpa-checkbox-group-1708272658776","cl_relation":"is","cl_val":"camp-mana"}}]}],"active":true,"tooltip":"","layOut":"","gt_translate_keys":["label","description","tooltip"],"price_dependency":false,"cl_dependency":false,"value":""}],[{"type":"number","required":true,"elementId":"wcpa-number-1702422400728","label":"Add Funds to the account","description":"5% fee","enablePrice":true,"pricingType":"multiply","price":"1","min":"25","max":"50000","name":"number-1702422400728","enableCl":true,"cl_rule":"show","cl_val":"add-credit-card","col":"5","relations":[{"operator":false,"rules":[{"operator":false,"rules":{"cl_field":"wcpa-checkbox-group-1708272658776","cl_relation":"is","cl_val":"add-credit-card"}}]}],"active":true,"tooltip":"","error":false,"gt_translate_keys":["label","description","tooltip"],"price_dependency":false,"cl_dependency":false,"value":""}]]}},"config":{"price_override":"","enable_recaptcha":false,"bind_quantity":false,"quantity_bind_formula":false,"disp_summ_show_option_price":false,"disp_summ_show_product_price":false,"disp_summ_show_total_price":true,"disp_summ_show_fee":false,"disp_summ_show_discount":false,"summary_title":"","options_total_label":"Options Price","total_label":"Total","options_product_label":"Product Price","fee_label":"Fee","discount_label":"Discount","has_price":true,"has_quantity_formula":false},"mc_unit":1,"tax_rate":1,"tax_rate_real":1,"discount":{"percentage":0,"fixed":0},"design":{"conf":{"LabelPosition":"above","DescPosition":"above","UploadField":"custom_1","QuantityFieldStyle":"default"},"css":{"LeftLabelWidth":"120px"}},"formulas":[],"lookuptables":[],"clones":false,"cartKey":false}},"_links":{"self":[{"href":"https:\/\/buyadsaccounts.net\/cs\/wp-json\/wp\/v2\/product\/324","targetHints":{"allow":["GET"]}}],"collection":[{"href":"https:\/\/buyadsaccounts.net\/cs\/wp-json\/wp\/v2\/product"}],"about":[{"href":"https:\/\/buyadsaccounts.net\/cs\/wp-json\/wp\/v2\/types\/product"}],"version-history":[{"count":4,"href":"https:\/\/buyadsaccounts.net\/cs\/wp-json\/wp\/v2\/product\/324\/revisions"}],"predecessor-version":[{"id":9534,"href":"https:\/\/buyadsaccounts.net\/cs\/wp-json\/wp\/v2\/product\/324\/revisions\/9534"}],"wp:featuredmedia":[{"embeddable":true,"href":"https:\/\/buyadsaccounts.net\/cs\/wp-json\/wp\/v2\/media\/4404"}],"wp:attachment":[{"href":"https:\/\/buyadsaccounts.net\/cs\/wp-json\/wp\/v2\/media?parent=324"}],"wp:term":[{"taxonomy":"product_brand","embeddable":true,"href":"https:\/\/buyadsaccounts.net\/cs\/wp-json\/wp\/v2\/product_brand?post=324"},{"taxonomy":"product_cat","embeddable":true,"href":"https:\/\/buyadsaccounts.net\/cs\/wp-json\/wp\/v2\/product_cat?post=324"},{"taxonomy":"product_tag","embeddable":true,"href":"https:\/\/buyadsaccounts.net\/cs\/wp-json\/wp\/v2\/product_tag?post=324"}],"curies":[{"name":"wp","href":"https:\/\/api.w.org\/{rel}","templated":true}]}}